{"id":16277,"date":"2025-01-20T09:01:47","date_gmt":"2025-01-20T09:01:47","guid":{"rendered":"https:\/\/www.hydraulic-cylinders.net\/product\/arm-cylinderfor-kobelco-small-excavator-sk60-3-8\/"},"modified":"2025-01-20T09:01:49","modified_gmt":"2025-01-20T09:01:49","slug":"arm-cylinderfor-kobelco-small-excavator-sk60-3-8","status":"publish","type":"product","link":"https:\/\/www.hydraulic-cylinders.net\/cs\/produkt\/arm-cylinderfor-kobelco-small-excavator-sk60-3-8\/","title":{"rendered":"V\u00e1lec ramene pro mal\u00e9 rypadlo Kobelco SK60-3-8"},"content":{"rendered":"<h1>V\u00e1lec ramene pro mal\u00e9 rypadlo Kobelco SK60-3-8<\/h1>\n<h2>Zaveden\u00ed<\/h2>\n<p>V\u00e1lec ramene je speci\u00e1ln\u011b navr\u017een\u00fd hydraulick\u00fd v\u00e1lec, kter\u00fd poskytuje line\u00e1rn\u00ed pohyb a s\u00edlu rameni r\u016fzn\u00fdch stroj\u016f, jako jsou bagry, je\u0159\u00e1by a robotick\u00e1 ramena. Hraje kl\u00ed\u010dovou roli v hydraulick\u00fdch syst\u00e9mech, proto\u017ee umo\u017e\u0148uje efektivn\u00ed pohyb a ovl\u00e1d\u00e1n\u00ed p\u0159\u00edslu\u0161enstv\u00ed a p\u0159\u00edslu\u0161enstv\u00ed. Tyto v\u00e1lce nejen zaji\u0161\u0165uj\u00ed plynul\u00fd provoz, ale tak\u00e9 odol\u00e1vaj\u00ed t\u011b\u017ek\u00fdm z\u00e1t\u011b\u017e\u00edm, \u010d\u00edm\u017e zaji\u0161\u0165uj\u00ed vysokou \u00fa\u010dinnost a spolehlivost stroj\u016f za r\u016fzn\u00fdch pracovn\u00edch podm\u00ednek.<\/p>\n<p><img decoding=\"async\" src=\"https:\/\/www.hydraulic-cylinders.net\/wp-content\/uploads\/2025\/01\/songte-company-2.webp\"><\/p>\n<h2>Funkce<\/h2>\n<ul>\n<li>Efektivn\u00ed p\u0159enos s\u00edly: V\u00e1lec ramene zaji\u0161\u0165uje siln\u00fd line\u00e1rn\u00ed pohyb a s\u00edlu, co\u017e zaji\u0161\u0165uje vysok\u00fd v\u00fdkon ramene stroje.<\/li>\n<li>P\u0159esn\u00e9 ovl\u00e1d\u00e1n\u00ed: D\u00edky hydraulick\u00e9mu syst\u00e9mu umo\u017e\u0148uje v\u00e1lec ramene p\u0159esn\u00e9 ovl\u00e1d\u00e1n\u00ed pohybu, co\u017e zvy\u0161uje flexibilitu a p\u0159esnost operac\u00ed s p\u0159\u00edslu\u0161enstv\u00edm.<\/li>\n<li>Vysok\u00e1 odolnost: V\u00e1lce ramen se obvykle vyr\u00e1b\u011bj\u00ed z vysoce pevn\u00fdch materi\u00e1l\u016f, kter\u00e9 nab\u00edzej\u00ed vynikaj\u00edc\u00ed odolnost proti opot\u0159eben\u00ed a korozi, d\u00edky \u010demu\u017e jsou vhodn\u00e9 pro dlouhodob\u00e9 pou\u017e\u00edv\u00e1n\u00ed v n\u00e1ro\u010dn\u00fdch podm\u00ednk\u00e1ch.<\/li>\n<li>Multifunk\u010dn\u00ed p\u0159izp\u016fsobivost: Tyto v\u00e1lce nach\u00e1zej\u00ed \u0161irok\u00e9 uplatn\u011bn\u00ed v r\u016fzn\u00fdch stroj\u00edch, jako jsou bagry, je\u0159\u00e1by a robotick\u00e1 ramena, a p\u0159izp\u016fsobuj\u00ed se r\u016fzn\u00fdm pracovn\u00edm po\u017eadavk\u016fm.<\/li>\n<li>Snadn\u00e1 \u00fadr\u017eba: Konstrukce s ohledem na snadnou \u00fadr\u017ebu a v\u00fdm\u011bnu usnad\u0148uje pravideln\u00e9 kontroly a \u00fadr\u017ebu, \u010d\u00edm\u017e se zkracuj\u00ed prostoje za\u0159\u00edzen\u00ed.<\/li>\n<\/ul>\n<p><img decoding=\"async\" src=\"https:\/\/www.hydraulic-cylinders.net\/wp-content\/uploads\/2025\/01\/songte-oil-pipes-and-spare-parts.webp\"><\/p>\n<h2>Aplikace<\/h2>\n<p>Rameno v\u00e1lce nach\u00e1z\u00ed uplatn\u011bn\u00ed v r\u016fzn\u00fdch pr\u016fmyslov\u00fdch odv\u011btv\u00edch:<\/p>\n<ul>\n<li>Stavebn\u00ed in\u017een\u00fdrstv\u00ed: V\u00e1lec ramene, pou\u017e\u00edvan\u00fd v bagrech a je\u0159\u00e1bech, ovl\u00e1d\u00e1 pohyb lopat nebo v\u00fdlo\u017en\u00edk\u016f pro zemn\u00ed pr\u00e1ce, manipulaci s materi\u00e1lem a konstruk\u010dn\u00ed instalace.<\/li>\n<li>V\u00fdroba: V automatizovan\u00fdch v\u00fdrobn\u00edch link\u00e1ch v\u00e1lec ramene usnad\u0148uje pohyb robotick\u00fdch ramen pro mont\u00e1\u017en\u00ed, sva\u0159ovac\u00ed a manipula\u010dn\u00ed procesy, \u010d\u00edm\u017e zvy\u0161uje efektivitu a p\u0159esnost v\u00fdroby.<\/li>\n<li>Zem\u011bd\u011blsk\u00e9 stroje: U zem\u011bd\u011blsk\u00fdch stroj\u016f, jako jsou skl\u00edzec\u00ed a sec\u00ed stroje, \u0159\u00edd\u00ed v\u00e1lec ramene pohyb opera\u010dn\u00edch ramen pro \u00fakoly, jako je set\u00ed, hnojen\u00ed a sklize\u0148.<\/li>\n<li>T\u011b\u017eba: V t\u011b\u017eebn\u00edm za\u0159\u00edzen\u00ed \u0159\u00edd\u00ed v\u00e1lec ramene pohyb ramene t\u011b\u017eebn\u00edch stroj\u016f pro t\u011b\u017ebu a p\u0159epravu rud.<\/li>\n<li>Logistika a doprava: U vysokozdvi\u017en\u00fdch voz\u00edk\u016f a manipula\u010dn\u00edch robot\u016f ovl\u00e1d\u00e1 v\u00e1lec ramene zved\u00e1n\u00ed a pohyb vidlic, co\u017e umo\u017e\u0148uje manipulaci s materi\u00e1lem a jeho stohov\u00e1n\u00ed.<\/li>\n<\/ul>\n<h2>Konstruk\u010dn\u00ed aspekty a krit\u00e9ria v\u00fdb\u011bru<\/h2>\n<p>P\u0159i navrhov\u00e1n\u00ed v\u00e1lc\u016f ramen se zohled\u0148uje n\u011bkolik kl\u00ed\u010dov\u00fdch faktor\u016f:<\/p>\n<ul>\n<li>Nosnost: V\u00e1lce jsou navr\u017eeny tak, aby odolaly specifick\u00e9mu zat\u00ed\u017een\u00ed a sil\u00e1m, a zajistily tak bezpe\u010dn\u00fd a efektivn\u00ed provoz.<\/li>\n<li>T\u011bsnic\u00ed schopnost: K zabr\u00e1n\u011bn\u00ed \u00faniku a zaji\u0161t\u011bn\u00ed \u00fa\u010dinn\u00e9ho ut\u011bsn\u011bn\u00ed se pou\u017e\u00edvaj\u00ed r\u016fzn\u00e9 t\u011bsnic\u00ed prvky, jako jsou t\u011bsn\u011bn\u00ed p\u00edst\u016f a p\u00edstnic, vyroben\u00e9 z odoln\u00fdch materi\u00e1l\u016f, jako je polyuretan a nitrilov\u00e1 pry\u017e.<\/li>\n<li>Trvanlivost: T\u011bleso v\u00e1lce a z\u00e1vitov\u00e9 konce proch\u00e1zej\u00ed pe\u010dliv\u00fdm zpracov\u00e1n\u00edm pro zv\u00fd\u0161en\u00ed odolnosti proti opot\u0159eben\u00ed a zaji\u0161t\u011bn\u00ed dlouhodob\u00e9ho v\u00fdkonu.<\/li>\n<li>Bezpe\u010dnost: Sou\u010d\u00e1st\u00ed konstrukce jsou bezpe\u010dnostn\u00ed prvky, kter\u00e9 zabra\u0148uj\u00ed nehod\u00e1m a zaji\u0161\u0165uj\u00ed pohodu obsluhy i stroj\u016f.<\/li>\n<li>\u00dadr\u017eba: V konstrukci jsou zohledn\u011bny aspekty snadn\u00e9 \u00fadr\u017eby a oprav, co\u017e usnad\u0148uje pravideln\u00e9 kontroly a minimalizuje prostoje.<\/li>\n<\/ul>\n<p><img decoding=\"async\" src=\"https:\/\/www.hydraulic-cylinders.net\/wp-content\/uploads\/2025\/01\/songte-cylinder-head-with-all-kinds-excavator-models.webp\"><\/p>\n<h2>T\u011bsn\u011bn\u00ed a maz\u00e1n\u00ed<\/h2>\n<p>V\u00e1lec ramene vyu\u017e\u00edv\u00e1 r\u016fzn\u00e1 t\u011bsn\u011bn\u00ed, jako jsou p\u00edstn\u00ed t\u011bsn\u011bn\u00ed a t\u011bsn\u011bn\u00ed p\u00edstnice, vyroben\u00e1 z materi\u00e1l\u016f odoln\u00fdch proti opot\u0159eben\u00ed, jako je polyuretan a nitrilov\u00e1 pry\u017e. T\u011bleso v\u00e1lce a z\u00e1vitov\u00e9 konce proch\u00e1zej\u00ed jemn\u00fdm zpracov\u00e1n\u00edm pro zlep\u0161en\u00ed odolnosti proti opot\u0159eben\u00ed. Pravideln\u00e9 maz\u00e1n\u00ed vhodn\u00fdm mno\u017estv\u00edm hydraulick\u00e9ho oleje je nezbytn\u00e9 pro zaji\u0161t\u011bn\u00ed spr\u00e1vn\u00e9ho provozu a dlouh\u00e9 \u017eivotnosti v\u00e1lce.<\/p>\n<h2>Pravideln\u00e1 kontrola a preventivn\u00ed \u00fadr\u017eba<\/h2>\n<ul>\n<li>Pravideln\u011b kontrolujte v\u00e1lec, zda nevykazuje zn\u00e1mky net\u011bsnosti, po\u0161kozen\u00ed nebo abnorm\u00e1ln\u00edho opot\u0159eben\u00ed.<\/li>\n<li>Pro udr\u017een\u00ed optim\u00e1ln\u00edho v\u00fdkonu zkontrolujte a v p\u0159\u00edpad\u011b pot\u0159eby vym\u011b\u0148te t\u011bsn\u011bn\u00ed.<\/li>\n<li>Ensure proper lubrication by adhering to the manufacturer&#8217;s recommendations.<\/li>\n<li>Inspect and clean the cylinder&#8217;s exterior and components to prevent debris accumulation.<\/li>\n<li>Prov\u00e1d\u011bjte preventivn\u00ed \u00fadr\u017ebu, jako je utahov\u00e1n\u00ed \u0161roub\u016f a kontrola se\u0159\u00edzen\u00ed.<\/li>\n<\/ul>\n<h2>Pr\u016fvodce instalac\u00ed produktu<\/h2>\n<p>Pro spr\u00e1vnou instalaci v\u00e1lce ramene postupujte podle t\u011bchto krok\u016f:<\/p>\n<ol>\n<li>P\u0159ipravte si mont\u00e1\u017en\u00ed plochu a ujist\u011bte se, \u017ee je \u010dist\u00e1 a bez ne\u010distot.<\/li>\n<li>Pe\u010dliv\u011b um\u00edst\u011bte v\u00e1lec a zarovnejte jej s mont\u00e1\u017en\u00edmi body.<\/li>\n<li>Bezpe\u010dn\u011b upevn\u011bte v\u00e1lec pomoc\u00ed vhodn\u00fdch \u0161roub\u016f a zajist\u011bte spr\u00e1vn\u00fd utahovac\u00ed moment.<\/li>\n<li>P\u0159ipojte hydraulick\u00e9 potrub\u00ed k v\u00e1lci a zajist\u011bte jeho \u0159\u00e1dn\u00e9 ut\u011bsn\u011bn\u00ed.<\/li>\n<li>Prove\u010fte d\u016fkladnou kontrolu instalace, abyste ov\u011b\u0159ili spr\u00e1vn\u00e9 zarovn\u00e1n\u00ed a bezpe\u010dn\u00e9 p\u0159ipojen\u00ed.<\/li>\n<\/ol>\n<p><img decoding=\"async\" src=\"https:\/\/www.hydraulic-cylinders.net\/wp-content\/uploads\/2025\/01\/songte-bushings-with-all-kinds-of-excavator-models.webp\"><\/p>\n<h2>Bezpe\u010dnostn\u00ed aspekty a faktory prost\u0159ed\u00ed<\/h2>\n<p>P\u0159i pr\u00e1ci s v\u00e1lci ramen je nezbytn\u00e9 dodr\u017eovat bezpe\u010dnostn\u00ed opat\u0159en\u00ed, aby se p\u0159ede\u0161lo nehod\u00e1m a zajistila se pohoda obsluhy. Bezpe\u010dnostn\u00ed opat\u0159en\u00ed zahrnuj\u00ed odpov\u00eddaj\u00edc\u00ed \u0161kolen\u00ed, spr\u00e1vn\u00e9 pou\u017e\u00edv\u00e1n\u00ed osobn\u00edch ochrann\u00fdch prost\u0159edk\u016f a dodr\u017eov\u00e1n\u00ed bezpe\u010dnostn\u00edch pokyn\u016f b\u011bhem cel\u00e9ho provozu. Zohledn\u011bn\u00ed faktor\u016f prost\u0159ed\u00ed, jako je prevence \u00fanik\u016f kapalin a spr\u00e1vn\u00e1 likvidace hydraulick\u00fdch sou\u010d\u00e1st\u00ed, nav\u00edc pom\u00e1h\u00e1 minimalizovat dopad na \u017eivotn\u00ed prost\u0159ed\u00ed.<\/p>\n<h2>Odstra\u0148ov\u00e1n\u00ed probl\u00e9m\u016f a b\u011b\u017en\u00e9 probl\u00e9my<\/h2>\n<p>V p\u0159\u00edpad\u011b jak\u00fdchkoli probl\u00e9m\u016f s v\u00e1lcem ramene uv\u00e1d\u00edme n\u011bkolik tip\u016f pro \u0159e\u0161en\u00ed probl\u00e9m\u016f a b\u011b\u017en\u00fdch probl\u00e9m\u016f:<\/p>\n<ul>\n<li>Probl\u00e9m: Net\u011bsnost t\u011bsn\u011bn\u00ed v\u00e1lc\u016f.<br \/>\u0158e\u0161en\u00ed: Zkontrolujte a vym\u011b\u0148te po\u0161kozen\u00e1 t\u011bsn\u011bn\u00ed, abyste zastavili \u00fanik.<\/li>\n<li>Probl\u00e9m: Nadm\u011brn\u00fd hluk b\u011bhem provozu.<br \/>\u0158e\u0161en\u00ed: Zkontrolujte, zda nejsou uvoln\u011bn\u00e9 sou\u010d\u00e1sti nebo zda nejsou spr\u00e1vn\u011b zarovn\u00e1ny, a v p\u0159\u00edpad\u011b pot\u0159eby je ut\u00e1hn\u011bte nebo znovu zarovnejte.<\/li>\n<li>Probl\u00e9m: V\u00e1lec se zcela nevysouv\u00e1 ani nezasouv\u00e1.<br \/>\u0158e\u0161en\u00ed: Zkontrolujte, zda nejsou ucpan\u00e9 nebo po\u0161kozen\u00e9 \u010d\u00e1sti, a v p\u0159\u00edpad\u011b pot\u0159eby je o\u010dist\u011bte nebo vym\u011b\u0148te.<\/li>\n<li>Probl\u00e9m: Pomal\u00fd nebo nepravideln\u00fd pohyb v\u00e1lce.<br \/>\u0158e\u0161en\u00ed: Zkontrolujte hladinu a kvalitu hydraulick\u00e9 kapaliny a v p\u0159\u00edpad\u011b pot\u0159eby prove\u010fte \u00fadr\u017ebu nebo v\u00fdm\u011bnu kapaliny.<\/li>\n<\/ul>\n<p>Dodr\u017eov\u00e1n\u00edm t\u011bchto tip\u016f pro \u0159e\u0161en\u00ed probl\u00e9m\u016f a preventivn\u00edch opat\u0159en\u00ed mohou \u010dten\u00e1\u0159i efektivn\u011b diagnostikovat a \u0159e\u0161it probl\u00e9my a tak\u00e9 minimalizovat potenci\u00e1ln\u00ed komplikace.<\/p>\n<p><img decoding=\"async\" src=\"https:\/\/www.hydraulic-cylinders.net\/wp-content\/uploads\/2025\/01\/songte-chushion-collar.webp\"><\/p>\n<h2>O n\u00e1s<\/h2>\n<p>Jsme profesion\u00e1ln\u00ed v\u00fdrobce specializuj\u00edc\u00ed se na n\u00e1hradn\u00ed hydraulick\u00e9 v\u00e1lce. D\u00edky \u0161irok\u00e9 \u0161k\u00e1le produkt\u016f jsme se stali jedn\u00edm z p\u0159edn\u00edch v\u00fdrobc\u016f a velkoobchodn\u00edk\u016f na dom\u00e1c\u00edm i mezin\u00e1rodn\u00edm trhu. Dodr\u017eujeme princip excelence a neust\u00e1le zlep\u0161ujeme na\u0161e technick\u00e9 mo\u017enosti a efektivitu v\u00fdroby prost\u0159ednictv\u00edm sofistikovan\u00fdch v\u00fdrobn\u00edch d\u00edlen a strategi\u00ed pr\u016fmyslov\u00e9ho \u0159\u00edzen\u00ed. Zav\u00e1d\u011bn\u00edm pokro\u010dil\u00e9ho digit\u00e1ln\u00edho v\u00fdrobn\u00edho za\u0159\u00edzen\u00ed a profesion\u00e1ln\u00edch testovac\u00edch syst\u00e9m\u016f optimalizujeme na\u0161i v\u00fdrobn\u00ed platformu a vylep\u0161ujeme procesy kontroly kvality v\u00fdrobk\u016f, \u010d\u00edm\u017e prokazujeme siln\u00e9 inova\u010dn\u00ed schopnosti. Na\u0161\u00edm c\u00edlem je uspokojovat rozmanit\u00e9 pot\u0159eby z\u00e1kazn\u00edk\u016f s efektivitou, p\u0159esnost\u00ed a vysoce kvalitn\u00edmi produkty.<\/p>\n<p><img decoding=\"async\" src=\"https:\/\/www.hydraulic-cylinders.net\/wp-content\/uploads\/2025\/01\/songte-company-4.webp\"><br \/>\n<img decoding=\"async\" src=\"https:\/\/www.hydraulic-cylinders.net\/wp-content\/uploads\/2025\/01\/songte-company-3.webp\"><\/p>\n<p>Jako spole\u010dnost se py\u0161n\u00edme profesionalitou, mezin\u00e1rodn\u00edmi certifikacemi, slu\u017ebami na m\u00edru, modern\u00edm v\u00fdrobn\u00edm vybaven\u00edm a komplexn\u00ed poprodejn\u00ed podporou.<\/p>\n<p>Autor: lyl<\/p>","protected":false},"excerpt":{"rendered":"<p>Arm Cylinder for Kobelco Small Excavator SK60-3-8 Introduction The arm cylinder is a specially designed hydraulic cylinder that provides linear motion and power to the arm of various machinery such as excavators, cranes, and robotic arms. It plays a crucial role in hydraulic systems, enabling the efficient movement and control of attachments and accessories. These [&hellip;]<\/p>","protected":false},"featured_media":14779,"comment_status":"open","ping_status":"closed","template":"","meta":{"_et_pb_use_builder":"","_et_pb_old_content":"","_et_gb_content_width":""},"product_brand":[],"product_cat":[1497],"product_tag":[1498,1496],"class_list":{"0":"post-16277","1":"product","2":"type-product","3":"status-publish","4":"has-post-thumbnail","6":"product_cat-arm-cylinders","7":"product_tag-arm-cylinders","8":"product_tag-hydraulic-cylinders","10":"first","11":"instock","12":"shipping-taxable","13":"product-type-simple"},"amp_enabled":true,"_links":{"self":[{"href":"https:\/\/www.hydraulic-cylinders.net\/cs\/wp-json\/wp\/v2\/product\/16277","targetHints":{"allow":["GET"]}}],"collection":[{"href":"https:\/\/www.hydraulic-cylinders.net\/cs\/wp-json\/wp\/v2\/product"}],"about":[{"href":"https:\/\/www.hydraulic-cylinders.net\/cs\/wp-json\/wp\/v2\/types\/product"}],"replies":[{"embeddable":true,"href":"https:\/\/www.hydraulic-cylinders.net\/cs\/wp-json\/wp\/v2\/comments?post=16277"}],"wp:featuredmedia":[{"embeddable":true,"href":"https:\/\/www.hydraulic-cylinders.net\/cs\/wp-json\/wp\/v2\/media\/14779"}],"wp:attachment":[{"href":"https:\/\/www.hydraulic-cylinders.net\/cs\/wp-json\/wp\/v2\/media?parent=16277"}],"wp:term":[{"taxonomy":"product_brand","embeddable":true,"href":"https:\/\/www.hydraulic-cylinders.net\/cs\/wp-json\/wp\/v2\/product_brand?post=16277"},{"taxonomy":"product_cat","embeddable":true,"href":"https:\/\/www.hydraulic-cylinders.net\/cs\/wp-json\/wp\/v2\/product_cat?post=16277"},{"taxonomy":"product_tag","embeddable":true,"href":"https:\/\/www.hydraulic-cylinders.net\/cs\/wp-json\/wp\/v2\/product_tag?post=16277"}],"curies":[{"name":"wp","href":"https:\/\/api.w.org\/{rel}","templated":true}]}}