{"id":16291,"date":"2025-01-20T09:02:57","date_gmt":"2025-01-20T09:02:57","guid":{"rendered":"https:\/\/www.hydraulic-cylinders.net\/product\/arm-cylinderfor-kobelco-large-excavator-sk350-6-8-8e\/"},"modified":"2025-01-20T09:02:59","modified_gmt":"2025-01-20T09:02:59","slug":"arm-cylinderfor-kobelco-large-excavator-sk350-6-8-8e","status":"publish","type":"product","link":"https:\/\/www.hydraulic-cylinders.net\/cs\/produkt\/arm-cylinderfor-kobelco-large-excavator-sk350-6-8-8e\/","title":{"rendered":"V\u00e1lec ramene pro velk\u00e9 rypadlo Kobelco SK350-6-8-8e"},"content":{"rendered":"<p>V\u00e1lec ramene pro velk\u00e9 rypadlo Kobelco SK350-6-8-8e<\/p>\n<p>Zaveden\u00ed<br \/>\nHydraulick\u00fd v\u00e1lec ramene je speci\u00e1ln\u011b navr\u017een\u00fd hydraulick\u00fd v\u00e1lec, kter\u00fd se prim\u00e1rn\u011b pou\u017e\u00edv\u00e1 k zaji\u0161t\u011bn\u00ed line\u00e1rn\u00edho pohybu a v\u00fdkonu ramene r\u016fzn\u00fdch typ\u016f stroj\u016f, jako jsou bagry, je\u0159\u00e1by a robotick\u00e1 ramena. V\u00e1lec ramene hraje kl\u00ed\u010dovou roli v hydraulick\u00fdch syst\u00e9mech, proto\u017ee umo\u017e\u0148uje efektivn\u00ed pohyb a ovl\u00e1d\u00e1n\u00ed p\u0159ipojen\u00e9ho n\u00e1\u0159ad\u00ed nebo p\u0159\u00edslu\u0161enstv\u00ed. Tyto v\u00e1lce nejen\u017ee zaji\u0161\u0165uj\u00ed plynul\u00fd pohyb, ale tak\u00e9 dok\u00e1\u017e\u00ed odolat t\u011b\u017ek\u00fdm z\u00e1t\u011b\u017e\u00edm, co\u017e zaji\u0161\u0165uje efektivn\u00ed provoz a spolehlivost stroj\u016f za r\u016fzn\u00fdch provozn\u00edch podm\u00ednek.<\/p>\n<p>Definice a vysv\u011btlen\u00ed<br \/>\nHydraulick\u00fd v\u00e1lec ramene je typ hydraulick\u00e9ho v\u00e1lce, kter\u00fd je navr\u017een tak, aby poskytoval line\u00e1rn\u00ed pohyb a s\u00edlu rameni r\u016fzn\u00fdch typ\u016f stroj\u016f. Je nezbytnou sou\u010d\u00e1st\u00ed hydraulick\u00fdch syst\u00e9m\u016f, kter\u00e9 se pou\u017e\u00edvaj\u00ed hlavn\u011b ve stavebnictv\u00ed, v\u00fdrob\u011b, zem\u011bd\u011blstv\u00ed, t\u011b\u017eebn\u00edm pr\u016fmyslu a logistice. V\u00e1lec ramene je v\u00fdkonn\u00e9 a spolehliv\u00e9 za\u0159\u00edzen\u00ed, kter\u00e9 odol\u00e1 velk\u00e9mu zat\u00ed\u017een\u00ed a zaji\u0161\u0165uje efektivn\u00ed provoz v r\u016fzn\u00fdch n\u00e1ro\u010dn\u00fdch podm\u00ednk\u00e1ch.<\/p>\n<p>Funkce<br \/>\nHydraulick\u00fd v\u00e1lec ramene m\u00e1 n\u011bkolik vlastnost\u00ed, kter\u00e9 ho odli\u0161uj\u00ed od ostatn\u00edch hydraulick\u00fdch v\u00e1lc\u016f. Mezi hlavn\u00ed vlastnosti pat\u0159\u00ed:<\/p>\n<p>1. Vysoce \u00fa\u010dinn\u00fd p\u0159enos v\u00fdkonu: V\u00e1lec ramene poskytuje siln\u00fd line\u00e1rn\u00ed pohyb a s\u00edlu, co\u017e zaji\u0161\u0165uje vysokou \u00fa\u010dinnost p\u0159i provozu ramen stroj\u016f.<\/p>\n<p>2. P\u0159esn\u00e9 ovl\u00e1d\u00e1n\u00ed: Pomoc\u00ed hydraulick\u00e9ho syst\u00e9mu m\u016f\u017ee v\u00e1lec ramene dos\u00e1hnout p\u0159esn\u00e9ho ovl\u00e1d\u00e1n\u00ed pohybu, \u010d\u00edm\u017e se ovl\u00e1d\u00e1n\u00ed p\u0159ipojen\u00e9ho n\u00e1\u0159ad\u00ed stane flexibiln\u011bj\u0161\u00edm a p\u0159esn\u011bj\u0161\u00edm.<\/p>\n<p>3. Vysok\u00e1 odolnost: V\u00e1lec ramene je obvykle vyroben z vysoce pevn\u00fdch materi\u00e1l\u016f s dobrou odolnost\u00ed proti opot\u0159eben\u00ed a korozi, d\u00edky \u010demu\u017e je vhodn\u00fd pro dlouhodob\u00e9 pou\u017e\u00edv\u00e1n\u00ed v n\u00e1ro\u010dn\u00fdch podm\u00ednk\u00e1ch.<\/p>\n<p>4. Multifunk\u010dn\u00ed p\u0159izp\u016fsobivost: Tyto v\u00e1lce lze \u0161iroce pou\u017e\u00edvat v r\u016fzn\u00fdch typech stroj\u016f, jako jsou bagry, je\u0159\u00e1by a robotick\u00e1 ramena, a p\u0159izp\u016fsobit se r\u016fzn\u00fdm provozn\u00edm po\u017eadavk\u016fm.<\/p>\n<p>5. Snadn\u00e1 \u00fadr\u017eba: Konstrukce v\u00e1lce ramene je u\u017eivatelsky p\u0159\u00edv\u011btiv\u00e1, co\u017e usnad\u0148uje pravidelnou kontrolu a \u00fadr\u017ebu a zkracuje prostoje za\u0159\u00edzen\u00ed.<\/p>\n<p>V\u00fdrobn\u00ed kapacity<br \/>\nSpecializujeme se na v\u00fdrobu hydraulick\u00fdch v\u00e1lc\u016f pro ramena a m\u016f\u017eeme nab\u00eddnout produkt, kter\u00fd dok\u00e1\u017ee dokonale nahradit p\u016fvodn\u00ed hydraulick\u00fd v\u00e1lec. Na\u0161e produkty jsou vyrobeny z vysoce kvalitn\u00edch materi\u00e1l\u016f a jsou navr\u017eeny tak, aby byly vysoce odoln\u00e9 a spolehliv\u00e9. Na\u0161e produkty dok\u00e1\u017eeme p\u0159izp\u016fsobit specifick\u00fdm po\u017eadavk\u016fm na\u0161ich z\u00e1kazn\u00edk\u016f.<\/p>\n<p>Aplikace<br \/>\nV\u00e1lec s ramenem m\u00e1 r\u016fzn\u00e1 uplatn\u011bn\u00ed v r\u016fzn\u00fdch odv\u011btv\u00edch. Mezi b\u011b\u017en\u00e9 aplikace pat\u0159\u00ed:<\/p>\n<p>1. Konstrukce: U bagr\u016f a je\u0159\u00e1b\u016f se v\u00e1lec ramene pou\u017e\u00edv\u00e1 k ovl\u00e1d\u00e1n\u00ed pohybu l\u017e\u00edc nebo v\u00fdlo\u017en\u00edk\u016f, prov\u00e1d\u011bn\u00ed zemn\u00edch prac\u00ed, manipulace s materi\u00e1lem a mont\u00e1\u017ee konstrukc\u00ed.<\/p>\n<p>2. V\u00fdroba: V automatizovan\u00fdch mont\u00e1\u017en\u00edch link\u00e1ch se v\u00e1lec ramene pou\u017e\u00edv\u00e1 k \u0159\u00edzen\u00ed pohybu robotick\u00fdch ramen, prov\u00e1d\u011bn\u00ed mont\u00e1\u017en\u00edch, sva\u0159ovac\u00edch a manipula\u010dn\u00edch \u00fakol\u016f s materi\u00e1lem, \u010d\u00edm\u017e se zlep\u0161uje efektivita a p\u0159esnost v\u00fdroby.<\/p>\n<p>3. Zem\u011bd\u011blsk\u00e9 stroje: U zem\u011bd\u011blsk\u00fdch stroj\u016f, jako jsou skl\u00edzec\u00ed a sec\u00ed stroje, se v\u00e1lec ramene pou\u017e\u00edv\u00e1 k ovl\u00e1d\u00e1n\u00ed pohybu ovl\u00e1dac\u00edho ramene, kter\u00e9 prov\u00e1d\u00ed \u00fakoly, jako je set\u00ed, hnojen\u00ed a sklize\u0148.<\/p>\n<p>4. T\u011b\u017eba: V t\u011b\u017eebn\u00edch za\u0159\u00edzen\u00edch se v\u00e1lec ramene pou\u017e\u00edv\u00e1 k ovl\u00e1d\u00e1n\u00ed pohybu ramen t\u011b\u017eebn\u00edho za\u0159\u00edzen\u00ed a k prov\u00e1d\u011bn\u00ed \u00fakol\u016f, jako je t\u011b\u017eba a manipulace s materi\u00e1lem.<\/p>\n<p>5. Logistika a doprava: U vysokozdvi\u017en\u00fdch voz\u00edk\u016f a robot\u016f pro manipulaci s materi\u00e1lem se v\u00e1lec ramene pou\u017e\u00edv\u00e1 k ovl\u00e1d\u00e1n\u00ed zved\u00e1n\u00ed a pohybu vidlic, co\u017e usnad\u0148uje manipulaci s materi\u00e1lem a jeho stohov\u00e1n\u00ed.<\/p>\n<p>Konstruk\u010dn\u00ed aspekty a krit\u00e9ria v\u00fdb\u011bru<br \/>\nKonstrukce v\u00e1lce ramene mus\u00ed zohled\u0148ovat r\u016fzn\u00e9 faktory, v\u010detn\u011b nosnosti, t\u011bsn\u011bn\u00ed, trvanlivosti, bezpe\u010dnosti a snadn\u00e9 \u00fadr\u017eby. Mezi kl\u00ed\u010dov\u00e9 konstruk\u010dn\u00ed aspekty pat\u0159\u00ed:<\/p>\n<p>1. Nosnost: V\u00e1lec ramene mus\u00ed m\u00edt dostate\u010dnou nosnost, aby odolal s\u00edle a hmotnosti p\u0159ipojen\u00e9ho n\u00e1\u0159ad\u00ed nebo p\u0159\u00edslu\u0161enstv\u00ed.<\/p>\n<p>2. T\u011bsn\u011bn\u00ed: V\u00e1lec ramene mus\u00ed m\u00edt \u00fa\u010dinn\u00e9 t\u011bsn\u011bn\u00ed, aby se zabr\u00e1nilo \u00faniku hydraulick\u00e9ho oleje, kter\u00fd by mohl zp\u016fsobit po\u0161kozen\u00ed za\u0159\u00edzen\u00ed a vytvo\u0159it bezpe\u010dnostn\u00ed rizika.<\/p>\n<p>3. Trvanlivost: V\u00e1lec ramene mus\u00ed b\u00fdt vyroben z vysoce kvalitn\u00edch materi\u00e1l\u016f s dobrou odolnost\u00ed proti opot\u0159eben\u00ed a korozi, aby bylo zaji\u0161t\u011bno dlouhodob\u00e9 pou\u017e\u00edv\u00e1n\u00ed v n\u00e1ro\u010dn\u00fdch podm\u00ednk\u00e1ch.<\/p>\n<p>4. Bezpe\u010dnost: V\u00e1lec ramene mus\u00ed b\u00fdt navr\u017een s bezpe\u010dnostn\u00edmi prvky, aby se zabr\u00e1nilo nehod\u00e1m a zran\u011bn\u00edm b\u011bhem provozu.<\/p>\n<p>5. Snadn\u00e1 \u00fadr\u017eba: V\u00e1lec ramene mus\u00ed b\u00fdt navr\u017een pro snadnou \u00fadr\u017ebu a v\u00fdm\u011bnu d\u00edl\u016f, aby se zkr\u00e1tily prostoje za\u0159\u00edzen\u00ed.<\/p>\n<p>T\u011bsn\u011bn\u00ed a maz\u00e1n\u00ed<br \/>\nThe Arm Cylinder uses various sealing components such as piston seals and rod seals made of polyurethane and nitrile rubber to ensure effective sealing. The cylinder head and threaded end surface undergoes fine processing to improve wear resistance, and regular lubrication using hydraulic oil is necessary to maintain the cylinder&#8217;s smooth operation.<\/p>\n<p>Preventivn\u00ed \u00fadr\u017eba a \u0159e\u0161en\u00ed probl\u00e9m\u016f<br \/>\nPravideln\u00e1 kontrola a \u00fadr\u017eba v\u00e1lce ramene je z\u00e1sadn\u00ed pro zaji\u0161t\u011bn\u00ed jeho optim\u00e1ln\u00edho v\u00fdkonu a prodlou\u017een\u00ed jeho \u017eivotnosti. Mezi b\u011b\u017en\u00e9 probl\u00e9my pat\u0159\u00ed \u00fanik oleje, nedostate\u010dn\u00fd v\u00fdkon a n\u00edzk\u00e1 rychlost, kter\u00e9 lze vy\u0159e\u0161it v\u00fdm\u011bnou opot\u0159ebovan\u00fdch t\u011bsn\u011bn\u00ed, kontrolou hydraulick\u00e9ho syst\u00e9mu a \u010di\u0161t\u011bn\u00edm v\u00e1lce. Preventivn\u00ed \u00fadr\u017eba zahrnuje pravidelnou kontrolu, maz\u00e1n\u00ed a v\u00fdm\u011bnu opot\u0159ebovan\u00fdch sou\u010d\u00e1st\u00ed.<\/p>\n<p>Instala\u010dn\u00ed p\u0159\u00edru\u010dka<br \/>\n1. Vy\u010dist\u011bte mont\u00e1\u017en\u00ed povrch a ujist\u011bte se, \u017ee je rovn\u00fd a bez ne\u010distot.<\/p>\n<p>2. Zarovnejte v\u00e1lec ramene s mont\u00e1\u017en\u00ed plochou a vlo\u017ete mont\u00e1\u017en\u00ed \u0161rouby.<\/p>\n<p>3. Ut\u00e1hn\u011bte mont\u00e1\u017en\u00ed \u0161rouby na p\u0159edepsan\u00fd utahovac\u00ed moment a dodr\u017eujte p\u0159edepsan\u00fd postup utahov\u00e1n\u00ed.<\/p>\n<p>4. P\u0159ipojte hydraulick\u00e9 hadice k v\u00e1lci ramene a ujist\u011bte se, \u017ee jsou spr\u00e1vn\u011b vedeny a zaji\u0161t\u011bny.<\/p>\n<p>5. Otestujte spr\u00e1vnou funkci v\u00e1lce ramene, v\u010detn\u011b vysouv\u00e1n\u00ed a zasouv\u00e1n\u00ed, abyste se ujistili, \u017ee funguje spr\u00e1vn\u011b.<\/p>\n<p>Bezpe\u010dnostn\u00ed aspekty a faktory prost\u0159ed\u00ed<br \/>\nP\u0159i pou\u017e\u00edv\u00e1n\u00ed v\u00e1lce ramene je nezbytn\u00e9 dodr\u017eovat p\u0159\u00edslu\u0161n\u00e9 bezpe\u010dnostn\u00ed postupy, aby se p\u0159ede\u0161lo nehod\u00e1m a zran\u011bn\u00edm. Bezpe\u010dnostn\u00ed opat\u0159en\u00ed zahrnuj\u00ed no\u0161en\u00ed ochrann\u00fdch pom\u016fcek, zaji\u0161t\u011bn\u00ed spr\u00e1vn\u00e9 instalace a \u00fadr\u017eby a dodr\u017eov\u00e1n\u00ed p\u0159edepsan\u00fdch provozn\u00edch postup\u016f. Mezi faktory prost\u0159ed\u00ed pat\u0159\u00ed zaji\u0161t\u011bn\u00ed spr\u00e1vn\u00e9 likvidace hydraulick\u00e9ho oleje a dal\u0161\u00edch kontaminant\u016f a dodr\u017eov\u00e1n\u00ed m\u00edstn\u00edch p\u0159edpis\u016f a norem.<\/p>\n<p>Z\u00e1v\u011br<br \/>\nJsme profesion\u00e1ln\u00ed v\u00fdrobce hydraulick\u00fdch v\u00e1lc\u016f specializuj\u00edc\u00ed se na v\u00fdrobu v\u00e1lc\u016f pro ramena. Na\u0161e v\u00fdrobky jsou vysok\u00e9 kvality a lze je p\u0159izp\u016fsobit specifick\u00fdm po\u017eadavk\u016fm na\u0161ich z\u00e1kazn\u00edk\u016f. Zav\u00e1zali jsme se poskytovat na\u0161im z\u00e1kazn\u00edk\u016fm efektivn\u00ed, p\u0159esn\u00e9 a vysoce kvalitn\u00ed produkty a slu\u017eby. Na\u0161e spole\u010dnost je mezin\u00e1rodn\u011b certifikov\u00e1na, disponuje modern\u00edm v\u00fdrobn\u00edm za\u0159\u00edzen\u00edm, z\u00e1kaznick\u00fdm servisem a vynikaj\u00edc\u00ed poprodejn\u00ed podporou.<\/p>","protected":false},"excerpt":{"rendered":"<p>Arm Cylinder for Kobelco Large Excavator SK350-6-8-8e Introduction The Arm Cylinder is a specially designed hydraulic cylinder that is primarily used to provide linear motion and power to the arm of various types of machinery, such as excavators, cranes, and robotic arms. The Arm Cylinder plays a critical role in hydraulic systems, allowing attached tools [&hellip;]<\/p>","protected":false},"featured_media":14770,"comment_status":"open","ping_status":"closed","template":"","meta":{"_et_pb_use_builder":"","_et_pb_old_content":"","_et_gb_content_width":""},"product_brand":[],"product_cat":[1497],"product_tag":[1498,1496],"class_list":{"0":"post-16291","1":"product","2":"type-product","3":"status-publish","4":"has-post-thumbnail","6":"product_cat-arm-cylinders","7":"product_tag-arm-cylinders","8":"product_tag-hydraulic-cylinders","10":"first","11":"instock","12":"shipping-taxable","13":"product-type-simple"},"amp_enabled":true,"_links":{"self":[{"href":"https:\/\/www.hydraulic-cylinders.net\/cs\/wp-json\/wp\/v2\/product\/16291","targetHints":{"allow":["GET"]}}],"collection":[{"href":"https:\/\/www.hydraulic-cylinders.net\/cs\/wp-json\/wp\/v2\/product"}],"about":[{"href":"https:\/\/www.hydraulic-cylinders.net\/cs\/wp-json\/wp\/v2\/types\/product"}],"replies":[{"embeddable":true,"href":"https:\/\/www.hydraulic-cylinders.net\/cs\/wp-json\/wp\/v2\/comments?post=16291"}],"wp:featuredmedia":[{"embeddable":true,"href":"https:\/\/www.hydraulic-cylinders.net\/cs\/wp-json\/wp\/v2\/media\/14770"}],"wp:attachment":[{"href":"https:\/\/www.hydraulic-cylinders.net\/cs\/wp-json\/wp\/v2\/media?parent=16291"}],"wp:term":[{"taxonomy":"product_brand","embeddable":true,"href":"https:\/\/www.hydraulic-cylinders.net\/cs\/wp-json\/wp\/v2\/product_brand?post=16291"},{"taxonomy":"product_cat","embeddable":true,"href":"https:\/\/www.hydraulic-cylinders.net\/cs\/wp-json\/wp\/v2\/product_cat?post=16291"},{"taxonomy":"product_tag","embeddable":true,"href":"https:\/\/www.hydraulic-cylinders.net\/cs\/wp-json\/wp\/v2\/product_tag?post=16291"}],"curies":[{"name":"wp","href":"https:\/\/api.w.org\/{rel}","templated":true}]}}