{"id":16303,"date":"2025-01-20T09:03:58","date_gmt":"2025-01-20T09:03:58","guid":{"rendered":"https:\/\/www.hydraulic-cylinders.net\/product\/arm-cylinderfor-yugong-wy15-7\/"},"modified":"2025-01-20T09:04:00","modified_gmt":"2025-01-20T09:04:00","slug":"arm-cylinderfor-yugong-wy15-7","status":"publish","type":"product","link":"https:\/\/www.hydraulic-cylinders.net\/cs\/produkt\/arm-cylinderfor-yugong-wy15-7\/","title":{"rendered":"V\u00e1lec ramene pro Yugong WY15-7"},"content":{"rendered":"<p>V\u00e1lec ramene pro Yugong WY15-7<\/p>\n<p>V\u00e1lec ramene je specializovan\u00fd hydraulick\u00fd v\u00e1lec ur\u010den\u00fd k zaji\u0161t\u011bn\u00ed line\u00e1rn\u00edho pohybu a v\u00fdkonu ramen r\u016fzn\u00fdch typ\u016f stroj\u016f, jako jsou bagry, je\u0159\u00e1by a robotick\u00e1 ramena. Hraje kl\u00ed\u010dovou roli v hydraulick\u00fdch syst\u00e9mech, proto\u017ee umo\u017e\u0148uje efektivn\u00ed pohyb a ovl\u00e1d\u00e1n\u00ed p\u0159\u00eddavn\u00e9ho n\u00e1\u0159ad\u00ed nebo p\u0159\u00edslu\u0161enstv\u00ed. Tyto v\u00e1lce nejen dosahuj\u00ed plynul\u00e9ho pohybu, ale tak\u00e9 odol\u00e1vaj\u00ed t\u011b\u017ek\u00fdm z\u00e1t\u011b\u017e\u00edm, \u010d\u00edm\u017e zaji\u0161\u0165uj\u00ed efektivn\u00ed provoz a spolehlivost stroj\u016f v r\u016fzn\u00fdch pracovn\u00edch podm\u00ednk\u00e1ch.<\/p>\n<p><img decoding=\"async\" src=\"https:\/\/www.hydraulic-cylinders.net\/wp-content\/uploads\/2025\/01\/songte-company-2.webp\"><\/p>\n<p>Vlastnosti:<\/p>\n<p>1. Vysoce \u00fa\u010dinn\u00fd p\u0159evod: V\u00e1lec ramene poskytuje siln\u00fd line\u00e1rn\u00ed pohyb a s\u00edlu, co\u017e zaji\u0161\u0165uje vysokou \u00fa\u010dinnost mechanick\u00e9ho ramene p\u0159i r\u016fzn\u00fdch operac\u00edch.<\/p>\n<p>2. P\u0159esn\u00e9 ovl\u00e1d\u00e1n\u00ed: Prost\u0159ednictv\u00edm hydraulick\u00e9ho syst\u00e9mu m\u016f\u017ee v\u00e1lec ramene dos\u00e1hnout p\u0159esn\u00e9ho ovl\u00e1d\u00e1n\u00ed pohybu, co\u017e umo\u017e\u0148uje flexibiln\u011bj\u0161\u00ed a p\u0159esn\u011bj\u0161\u00ed ovl\u00e1d\u00e1n\u00ed dal\u0161\u00edch n\u00e1stroj\u016f.<\/p>\n<p>3. Vysok\u00e1 odolnost: V\u00e1lce ramen jsou obvykle vyrobeny z vysoce pevn\u00fdch materi\u00e1l\u016f s dobrou odolnost\u00ed proti opot\u0159eben\u00ed a korozi, vhodn\u00e9 pro dlouhodob\u00e9 pou\u017eit\u00ed v n\u00e1ro\u010dn\u00fdch podm\u00ednk\u00e1ch.<\/p>\n<p>4. V\u0161estrann\u00e1 p\u0159izp\u016fsobivost: Tyto v\u00e1lce lze \u0161iroce pou\u017e\u00edvat v r\u016fzn\u00fdch mechanick\u00fdch za\u0159\u00edzen\u00edch, jako jsou bagry, je\u0159\u00e1by a robotick\u00e1 ramena, a p\u0159izp\u016fsobit se r\u016fzn\u00fdm pracovn\u00edm po\u017eadavk\u016fm.<\/p>\n<p>5. Snadn\u00e1 \u00fadr\u017eba: Konstrukce zohled\u0148uje snadnou \u00fadr\u017ebu a v\u00fdm\u011bnu, co\u017e usnad\u0148uje pravideln\u00e9 kontroly a \u00fadr\u017ebu a zkracuje prostoje za\u0159\u00edzen\u00ed.<\/p>\n<p>Tento produkt dok\u00e1\u017eeme vyrobit a na\u0161e produkty dok\u00e1\u017e\u00ed tyto hydraulick\u00e9 v\u00e1lce dokonale nahradit.<\/p>\n<p><img decoding=\"async\" src=\"https:\/\/www.hydraulic-cylinders.net\/wp-content\/uploads\/2025\/01\/songte-oil-pipes-and-spare-parts.webp\"><\/p>\n<p>Aplikace:<\/p>\n<p>1. Stavebn\u00ed in\u017een\u00fdrstv\u00ed: U bagr\u016f a je\u0159\u00e1b\u016f se v\u00e1lec ramene pou\u017e\u00edv\u00e1 k ovl\u00e1d\u00e1n\u00ed pohybu r\u00fdpadla nebo v\u00fdlo\u017en\u00edku, prov\u00e1d\u011bn\u00ed zemn\u00edch prac\u00ed, manipulace s materi\u00e1lem a mont\u00e1\u017ee konstrukc\u00ed.<\/p>\n<p>2. V\u00fdroba: V automatizovan\u00fdch v\u00fdrobn\u00edch link\u00e1ch se v\u00e1lec ramene pou\u017e\u00edv\u00e1 k pohybu robotick\u00fdch ramen, prov\u00e1d\u011bn\u00ed mont\u00e1\u017en\u00edch, sva\u0159ovac\u00edch a manipula\u010dn\u00edch proces\u016f, \u010d\u00edm\u017e se zvy\u0161uje efektivita a p\u0159esnost v\u00fdroby.<\/p>\n<p>3. Zem\u011bd\u011blsk\u00e9 stroje: U zem\u011bd\u011blsk\u00fdch stroj\u016f, jako jsou skl\u00edzec\u00ed a sec\u00ed stroje, v\u00e1lec ramene ovl\u00e1d\u00e1 pohyb ovl\u00e1dac\u00edho ramene a prov\u00e1d\u00ed \u00fakoly, jako je set\u00ed, hnojen\u00ed a sklize\u0148.<\/p>\n<p>4. T\u011b\u017eba: V t\u011b\u017eebn\u00edm za\u0159\u00edzen\u00ed se v\u00e1lec ramene pou\u017e\u00edv\u00e1 k ovl\u00e1d\u00e1n\u00ed pohybu ramene t\u011b\u017eebn\u00edho za\u0159\u00edzen\u00ed, k prov\u00e1d\u011bn\u00ed t\u011b\u017eby a manipulace s rudou.<\/p>\n<p>5. Logistika a doprava: U vysokozdvi\u017en\u00fdch voz\u00edk\u016f a manipula\u010dn\u00edch robot\u016f se v\u00e1lec ramene pou\u017e\u00edv\u00e1 k ovl\u00e1d\u00e1n\u00ed zved\u00e1n\u00ed a pohybu n\u00e1kladn\u00ed vidlice, \u010d\u00edm\u017e se dosahuje manipulace s materi\u00e1lem a jeho stohov\u00e1n\u00ed.<\/p>\n<p>Konstruk\u010dn\u00ed aspekty a krit\u00e9ria v\u00fdb\u011bru:<\/p>\n<p>1. \u00danosnost: V\u00e1lce ramen by m\u011bly b\u00fdt vybr\u00e1ny na z\u00e1klad\u011b maxim\u00e1ln\u00ed nosnosti stroje.<\/p>\n<p>2. T\u011bsnic\u00ed v\u00fdkon: Pro zaji\u0161t\u011bn\u00ed dobr\u00e9ho t\u011bsnic\u00edho v\u00fdkonu by m\u011bly b\u00fdt pou\u017eity r\u016fzn\u00e9 t\u011bsnic\u00ed komponenty, jako jsou t\u011bsn\u011bn\u00ed p\u00edst\u016f a p\u00edstnic, a pro t\u011bsn\u011bn\u00ed by m\u011bly b\u00fdt zvoleny materi\u00e1ly odoln\u00e9 proti opot\u0159eben\u00ed, jako je polyuretan a nitrilov\u00e1 pry\u017e.<\/p>\n<p>3. Trvanlivost: T\u011bleso v\u00e1lce a z\u00e1vitov\u00e9 koncov\u00e9 plochy by m\u011bly b\u00fdt jemn\u011b opracov\u00e1ny, aby se zlep\u0161ila odolnost proti opot\u0159eben\u00ed.<\/p>\n<p>4. Bezpe\u010dnost: Aby se zabr\u00e1nilo nehod\u00e1m zp\u016fsoben\u00fdm p\u0159et\u00ed\u017een\u00edm nebo n\u00e1razem, m\u011bla by b\u00fdt instalov\u00e1na bezpe\u010dnostn\u00ed za\u0159\u00edzen\u00ed, jako jsou pojistn\u00e9 ventily a n\u00e1razn\u00edky.<\/p>\n<p>5. \u00dadr\u017eba: Konstrukce by m\u011bla zohled\u0148ovat snadnou \u00fadr\u017ebu a v\u00fdm\u011bnu a v\u00e1lec by m\u011bl b\u00fdt napln\u011bn odpov\u00eddaj\u00edc\u00edm mno\u017estv\u00edm hydraulick\u00e9ho oleje pro maz\u00e1n\u00ed podle pokyn\u016f v\u00fdrobce.<\/p>\n<p><img decoding=\"async\" src=\"https:\/\/www.hydraulic-cylinders.net\/wp-content\/uploads\/2025\/01\/songte-cylinder-head-with-all-kinds-excavator-models.webp\"><\/p>\n<p>Pravideln\u00e1 kontrola a preventivn\u00ed \u00fadr\u017eba:<\/p>\n<p>1. Pravideln\u011b kontrolujte t\u011bsnic\u00ed v\u00fdkon v\u00e1lce a v p\u0159\u00edpad\u011b pot\u0159eby v\u010das vym\u011b\u0148te t\u011bsnic\u00ed komponenty.<\/p>\n<p>2. Pravideln\u011b kontrolujte opot\u0159eben\u00ed t\u011blesa v\u00e1lce a p\u00edstn\u00ed ty\u010de a v p\u0159\u00edpad\u011b pot\u0159eby je vym\u011b\u0148te.<\/p>\n<p>3. Pravideln\u011b kontrolujte hladinu a kvalitu hydraulick\u00e9ho oleje a v p\u0159\u00edpad\u011b pot\u0159eby olej vym\u011b\u0148te nebo dopl\u0148te.<\/p>\n<p>4. Pravideln\u011b kontrolujte bezpe\u010dnostn\u00ed za\u0159\u00edzen\u00ed, abyste se ujistili, \u017ee spr\u00e1vn\u011b funguj\u00ed.<\/p>\n<p>5. Pravideln\u011b \u010dist\u011bte v\u00e1lec a okoln\u00ed prost\u0159ed\u00ed, abyste zabr\u00e1nili kontaminaci.<\/p>\n<p>Spr\u00e1vn\u00fd n\u00e1vod k instalaci:<\/p>\n<p>1. Vyberte vhodn\u00fd v\u00e1lec a odpov\u00eddaj\u00edc\u00ed p\u0159\u00edslu\u0161enstv\u00ed podle po\u017eadavk\u016f na zat\u00ed\u017een\u00ed stroje a instala\u010dn\u00edch podm\u00ednek.<\/p>\n<p>2. P\u0159ipojte v\u00e1lec k hydraulick\u00e9mu syst\u00e9mu podle pokyn\u016f v\u00fdrobce a ujist\u011bte se, \u017ee je potrub\u00ed spr\u00e1vn\u011b nainstalov\u00e1no.<\/p>\n<p>3. Nainstalujte v\u00e1lec a p\u0159\u00edslu\u0161enstv\u00ed podle pokyn\u016f v\u00fdrobce.<\/p>\n<p>4. P\u0159ed pou\u017eit\u00edm ov\u011b\u0159te, zda l\u00e1hev funguje spr\u00e1vn\u011b.<\/p>\n<p><img decoding=\"async\" src=\"https:\/\/www.hydraulic-cylinders.net\/wp-content\/uploads\/2025\/01\/songte-bushings-with-all-kinds-of-excavator-models.webp\"><\/p>\n<p>Bezpe\u010dnostn\u00ed aspekty a faktory prost\u0159ed\u00ed:<\/p>\n<p>1. P\u0159i pou\u017e\u00edv\u00e1n\u00ed v\u00e1lc\u016f s rameny je nezbytn\u00e1 bezpe\u010dnost a dodr\u017eov\u00e1n\u00ed bezpe\u010dnostn\u00edch pravidel je nezbytn\u00e9 k prevenci nehod.<\/p>\n<p>2. P\u0159i v\u00fdb\u011bru materi\u00e1l\u016f pro lahev je t\u0159eba zohlednit faktory prost\u0159ed\u00ed, jako je teplota, vlhkost a chemick\u00e1 eroze.<\/p>\n<p>Diagnostika z\u00e1vad a b\u011b\u017en\u00e9 probl\u00e9my:<\/p>\n<p>1. Net\u011bsnost v\u00e1lce: T\u011bsnic\u00ed komponenty jsou opot\u0159ebovan\u00e9 nebo po\u0161kozen\u00e9 nebo je po\u0161kozeno t\u011bleso v\u00e1lce.<\/p>\n<p>2. Nedostate\u010dn\u00e1 s\u00edla nebo pohyb: Nedostate\u010dn\u00fd hydraulick\u00fd tlak, po\u0161kozen\u00e1 p\u00edstn\u00ed ty\u010d nebo nedostate\u010dn\u00e9 maz\u00e1n\u00ed.<\/p>\n<p>3. Abnorm\u00e1ln\u00ed hluk: Uvoln\u011bn\u00e9 spojen\u00ed nebo po\u0161kozen\u00ed v\u00e1lce \u010di p\u0159\u00edslu\u0161enstv\u00ed, nedostate\u010dn\u00e9 maz\u00e1n\u00ed nebo po\u0161kozen\u00ed hydraulick\u00e9ho \u010derpadla.<\/p>\n<p>4. Pomal\u00fd pohyb: Nedostate\u010dn\u00fd hydraulick\u00fd tlak, ucpan\u00e9 potrub\u00ed nebo po\u0161kozen\u00e1 p\u00edstn\u00ed ty\u010d.<\/p>\n<p>5. Vibrace v\u00e1lce: Uvoln\u011bn\u00e9 spojen\u00ed nebo po\u0161kozen\u00ed v\u00e1lce \u010di p\u0159\u00edslu\u0161enstv\u00ed, p\u0159\u00edpadn\u011b nevyv\u00e1\u017een\u00e9 zat\u00ed\u017een\u00ed.<\/p>\n<p>Opat\u0159en\u00ed pro \u0159e\u0161en\u00ed a prevenci poruch:<\/p>\n<p>1. V\u010das vym\u011b\u0148te opot\u0159ebovan\u00e9 nebo po\u0161kozen\u00e9 t\u011bsnic\u00ed komponenty.<\/p>\n<p>2. Zkontrolujte a upravte hydraulick\u00fd tlak, abyste se ujistili, \u017ee spl\u0148uje po\u017eadavky.<\/p>\n<p>3. V\u010das vym\u011b\u0148te nebo opravte po\u0161kozen\u00e9 d\u00edly.<\/p>\n<p>4. Pravideln\u011b dopl\u0148ujte odpov\u00eddaj\u00edc\u00ed mno\u017estv\u00ed hydraulick\u00e9ho oleje podle pokyn\u016f v\u00fdrobce.<\/p>\n<p>5. Pravideln\u011b kontrolujte a udr\u017eujte v\u00e1lec a p\u0159\u00edslu\u0161enstv\u00ed, abyste p\u0159ede\u0161li potenci\u00e1ln\u00edm probl\u00e9m\u016fm.<\/p>\n<p>Jsme profesion\u00e1ln\u00ed v\u00fdrobce n\u00e1hradn\u00edch hydraulick\u00fdch v\u00e1lc\u016f se \u0161irokou \u0161k\u00e1lou produkt\u016f a stali jsme se jedn\u00edm z p\u0159edn\u00edch v\u00fdrobc\u016f a velkoobchodn\u00edch distributor\u016f hydraulick\u00fdch v\u00e1lc\u016f na dom\u00e1c\u00edm i mezin\u00e1rodn\u00edm trhu. V\u017edy se dr\u017e\u00edme principu vynikaj\u00edc\u00ed kvality, spol\u00e9h\u00e1me se na strategii \u0159\u00edzen\u00ed pr\u016fmyslov\u00e9 v\u00fdroby v r\u00e1mci zdokonalen\u00e9 v\u00fdrobn\u00ed d\u00edlny a neust\u00e1le zlep\u0161ujeme na\u0161i technologii a efektivitu v\u00fdroby. Zav\u00e1d\u011bn\u00edm \u0161pi\u010dkov\u00e9ho digit\u00e1ln\u00edho v\u00fdrobn\u00edho za\u0159\u00edzen\u00ed a profesion\u00e1ln\u00edch testovac\u00edch syst\u00e9m\u016f optimalizujeme v\u00fdrobn\u00ed platformu a zlep\u0161ujeme procesy kontroly kvality v\u00fdrobk\u016f s ohledem na siln\u00e9 inova\u010dn\u00ed schopnosti. Na\u0161\u00edm c\u00edlem je uspokojovat rozmanit\u00e9 pot\u0159eby z\u00e1kazn\u00edk\u016f s vyu\u017eit\u00edm princip\u016f vysok\u00e9 efektivity, p\u0159esnosti a vysok\u00e9 kvality.<\/p>\n<p>Od profesionality, mezin\u00e1rodn\u00ed certifikace, slu\u017eeb na m\u00edru, v\u00fdrobn\u00edho vybaven\u00ed, poprodejn\u00edho servisu atd., m\u016f\u017eeme poskytnout podrobn\u011bj\u0161\u00ed informace o na\u0161\u00ed spole\u010dnosti.<\/p>\n<p><img decoding=\"async\" src=\"https:\/\/www.hydraulic-cylinders.net\/wp-content\/uploads\/2025\/01\/songte-company-4.webp\"><br \/>\n<img decoding=\"async\" src=\"https:\/\/www.hydraulic-cylinders.net\/wp-content\/uploads\/2025\/01\/songte-company-3.webp\"><\/p>\n<p>Autor: lyl.<\/p>","protected":false},"excerpt":{"rendered":"<p>Arm Cylinder For Yugong WY15-7 Arm cylinder is a specialized hydraulic cylinder designed to provide linear motion and power to the arms of various types of machinery such as excavators, cranes, and robotic arms. It plays a crucial role in hydraulic systems, enabling the effective movement and control of additional tools or attachments. These cylinders [&hellip;]<\/p>","protected":false},"featured_media":14763,"comment_status":"open","ping_status":"closed","template":"","meta":{"_et_pb_use_builder":"","_et_pb_old_content":"","_et_gb_content_width":""},"product_brand":[],"product_cat":[1497],"product_tag":[1498,1496],"class_list":{"0":"post-16303","1":"product","2":"type-product","3":"status-publish","4":"has-post-thumbnail","6":"product_cat-arm-cylinders","7":"product_tag-arm-cylinders","8":"product_tag-hydraulic-cylinders","10":"first","11":"instock","12":"shipping-taxable","13":"product-type-simple"},"amp_enabled":true,"_links":{"self":[{"href":"https:\/\/www.hydraulic-cylinders.net\/cs\/wp-json\/wp\/v2\/product\/16303","targetHints":{"allow":["GET"]}}],"collection":[{"href":"https:\/\/www.hydraulic-cylinders.net\/cs\/wp-json\/wp\/v2\/product"}],"about":[{"href":"https:\/\/www.hydraulic-cylinders.net\/cs\/wp-json\/wp\/v2\/types\/product"}],"replies":[{"embeddable":true,"href":"https:\/\/www.hydraulic-cylinders.net\/cs\/wp-json\/wp\/v2\/comments?post=16303"}],"wp:featuredmedia":[{"embeddable":true,"href":"https:\/\/www.hydraulic-cylinders.net\/cs\/wp-json\/wp\/v2\/media\/14763"}],"wp:attachment":[{"href":"https:\/\/www.hydraulic-cylinders.net\/cs\/wp-json\/wp\/v2\/media?parent=16303"}],"wp:term":[{"taxonomy":"product_brand","embeddable":true,"href":"https:\/\/www.hydraulic-cylinders.net\/cs\/wp-json\/wp\/v2\/product_brand?post=16303"},{"taxonomy":"product_cat","embeddable":true,"href":"https:\/\/www.hydraulic-cylinders.net\/cs\/wp-json\/wp\/v2\/product_cat?post=16303"},{"taxonomy":"product_tag","embeddable":true,"href":"https:\/\/www.hydraulic-cylinders.net\/cs\/wp-json\/wp\/v2\/product_tag?post=16303"}],"curies":[{"name":"wp","href":"https:\/\/api.w.org\/{rel}","templated":true}]}}