{"id":16304,"date":"2025-01-20T09:04:02","date_gmt":"2025-01-20T09:04:02","guid":{"rendered":"https:\/\/www.hydraulic-cylinders.net\/product\/arm-cylinderfor-yugong-wy75-7-8\/"},"modified":"2025-01-20T09:04:04","modified_gmt":"2025-01-20T09:04:04","slug":"arm-cylinderfor-yugong-wy75-7-8","status":"publish","type":"product","link":"https:\/\/www.hydraulic-cylinders.net\/cs\/produkt\/arm-cylinderfor-yugong-wy75-7-8\/","title":{"rendered":"V\u00e1lec ramene pro Yugong WY75-7-8"},"content":{"rendered":"<h1>V\u00e1lec ramene pro Yugong WY75-7-8<\/h1>\n<h2>Zaveden\u00ed<\/h2>\n<p>Hydraulick\u00fd v\u00e1lec ramene pro Yugong WY75-7-8 je specializovan\u00fd hydraulick\u00fd v\u00e1lec ur\u010den\u00fd k zaji\u0161t\u011bn\u00ed line\u00e1rn\u00edho pohybu a v\u00fdkonu ramene r\u016fzn\u00fdch typ\u016f stroj\u016f, jako jsou bagry, je\u0159\u00e1by a robotick\u00e1 ramena. V\u00e1lec ramene hraje kl\u00ed\u010dovou roli v hydraulick\u00fdch syst\u00e9mech, proto\u017ee umo\u017e\u0148uje efektivn\u00ed pohyb a ovl\u00e1d\u00e1n\u00ed p\u0159\u00eddavn\u00fdch n\u00e1stroj\u016f nebo p\u0159\u00edslu\u0161enstv\u00ed. Tyto v\u00e1lce nejen\u017ee zaji\u0161\u0165uj\u00ed plynul\u00fd pohyb, ale tak\u00e9 odol\u00e1vaj\u00ed t\u011b\u017ek\u00fdm z\u00e1t\u011b\u017e\u00edm, \u010d\u00edm\u017e zaji\u0161\u0165uj\u00ed efektivn\u00ed provoz a spolehlivost stroj\u016f za r\u016fzn\u00fdch pracovn\u00edch podm\u00ednek.<\/p>\n<p><img decoding=\"async\" src=\"https:\/\/www.hydraulic-cylinders.net\/wp-content\/uploads\/2025\/01\/songte-company-2.webp\" alt=\"Obr\u00e1zek v\u00e1lce ramene\"><\/p>\n<h2>Funkce<\/h2>\n<ul>\n<li><strong>Vysoce \u00fa\u010dinn\u00fd p\u0159enos:<\/strong> V\u00e1lec ramene poskytuje siln\u00fd line\u00e1rn\u00ed pohyb a s\u00edlu, co\u017e zaji\u0161\u0165uje vysok\u00fd v\u00fdkon robotick\u00e9ho ramene v r\u016fzn\u00fdch operac\u00edch.<\/li>\n<li><strong>P\u0159esn\u00e9 ovl\u00e1d\u00e1n\u00ed:<\/strong> Prost\u0159ednictv\u00edm hydraulick\u00e9ho syst\u00e9mu umo\u017e\u0148uje v\u00e1lec ramene p\u0159esn\u00e9 ovl\u00e1d\u00e1n\u00ed pohybu, co\u017e umo\u017e\u0148uje flexibiln\u00ed a p\u0159esn\u00e9 ovl\u00e1d\u00e1n\u00ed p\u0159ipojen\u00e9ho n\u00e1\u0159ad\u00ed.<\/li>\n<li><strong>Trvanlivost:<\/strong> V\u00e1lce ramen se obvykle vyr\u00e1b\u011bj\u00ed z vysoce pevn\u00fdch materi\u00e1l\u016f, kter\u00e9 vykazuj\u00ed vynikaj\u00edc\u00ed odolnost proti opot\u0159eben\u00ed a korozi, d\u00edky \u010demu\u017e jsou vhodn\u00e9 pro dlouhodob\u00e9 pou\u017e\u00edv\u00e1n\u00ed v n\u00e1ro\u010dn\u00fdch podm\u00ednk\u00e1ch.<\/li>\n<li><strong>V\u0161estrann\u00e1 p\u0159izp\u016fsobivost:<\/strong> Tyto v\u00e1lce lze \u0161iroce pou\u017e\u00edt v r\u016fzn\u00fdch stroj\u00edch a za\u0159\u00edzen\u00edch, jako jsou bagry, je\u0159\u00e1by a robotick\u00e1 ramena, a spl\u0148uj\u00ed tak r\u016fzn\u00e9 pracovn\u00ed po\u017eadavky.<\/li>\n<li><strong>Snadn\u00e1 \u00fadr\u017eba:<\/strong> Konstrukce zohled\u0148uje snadnou \u00fadr\u017ebu a v\u00fdm\u011bnu, co\u017e usnad\u0148uje pravideln\u00e9 kontroly a \u00fadr\u017ebu a t\u00edm zkracuje prostoje za\u0159\u00edzen\u00ed.<\/li>\n<\/ul>\n<p><img decoding=\"async\" src=\"https:\/\/www.hydraulic-cylinders.net\/wp-content\/uploads\/2025\/01\/songte-oil-pipes-and-spare-parts.webp\" alt=\"N\u00e1hradn\u00ed d\u00edly pro v\u00e1lce ramene\"><\/p>\n<h2>Aplikace<\/h2>\n<p>V\u00e1lec ramene pro Yugong WY75-7-8 nach\u00e1z\u00ed uplatn\u011bn\u00ed v r\u016fzn\u00fdch pr\u016fmyslov\u00fdch odv\u011btv\u00edch:<\/p>\n<ul>\n<li><strong>Stavebn\u00ed in\u017een\u00fdrstv\u00ed:<\/strong> U bagr\u016f a je\u0159\u00e1b\u016f ovl\u00e1d\u00e1 v\u00e1lec ramene pohyb l\u017e\u00edce nebo v\u00fdlo\u017en\u00edku, co\u017e umo\u017e\u0148uje zemn\u00ed pr\u00e1ce, manipulaci s materi\u00e1lem a mont\u00e1\u017e konstrukc\u00ed.<\/li>\n<li><strong>V\u00fdrobn\u00ed:<\/strong> V automatizovan\u00fdch v\u00fdrobn\u00edch link\u00e1ch v\u00e1lec ramene usnad\u0148uje pohyb robotick\u00fdch ramen pro mont\u00e1\u017en\u00ed, sva\u0159ovac\u00ed a manipula\u010dn\u00ed procesy, \u010d\u00edm\u017e zvy\u0161uje produktivitu a p\u0159esnost.<\/li>\n<li><strong>Zem\u011bd\u011blsk\u00e9 stroje:<\/strong> V zem\u011bd\u011blsk\u00fdch stroj\u00edch, jako jsou skl\u00edzec\u00ed a sec\u00ed stroje, v\u00e1lec ramene ovl\u00e1d\u00e1 pohyb ovl\u00e1dac\u00edho ramene a prov\u00e1d\u00ed \u00fakoly, jako je set\u00ed, hnojen\u00ed a sklize\u0148.<\/li>\n<li><strong>Hornictv\u00ed:<\/strong> V t\u011b\u017eebn\u00edm za\u0159\u00edzen\u00ed \u0159\u00edd\u00ed v\u00e1lec ramene pohyb ramene t\u011b\u017eebn\u00edho stroje, co\u017e usnad\u0148uje t\u011b\u017ebu a p\u0159epravu rud.<\/li>\n<li><strong>Logistika a doprava:<\/strong> U vysokozdvi\u017en\u00fdch voz\u00edk\u016f a manipula\u010dn\u00edch robot\u016f ovl\u00e1d\u00e1 v\u00e1lec ramene zved\u00e1n\u00ed a pohyb vidlic, co\u017e umo\u017e\u0148uje p\u0159epravu a stohov\u00e1n\u00ed materi\u00e1l\u016f.<\/li>\n<\/ul>\n<h2>Konstruk\u010dn\u00ed aspekty a krit\u00e9ria v\u00fdb\u011bru<\/h2>\n<p>Pokud jde o konstrukci v\u00e1lce ramene pro Yugong WY75-7-8, je t\u0159eba vz\u00edt v \u00favahu n\u011bkolik kl\u00ed\u010dov\u00fdch faktor\u016f:<\/p>\n<ul>\n<li><strong>Nosnost:<\/strong> V\u00e1lec je navr\u017een tak, aby zvl\u00e1dl specifikovanou nosnost, a zajistil tak bezpe\u010dn\u00fd a efektivn\u00ed provoz.<\/li>\n<li><strong>T\u011bsn\u011bn\u00ed:<\/strong> Pou\u017e\u00edvaj\u00ed se r\u016fzn\u00e9 t\u011bsnic\u00ed komponenty, jako jsou t\u011bsn\u011bn\u00ed p\u00edst\u016f a p\u00edstnic, vyroben\u00e9 z materi\u00e1l\u016f odoln\u00fdch proti opot\u0159eben\u00ed, jako je polyuretan a nitrilov\u00e1 pry\u017e. T\u011bleso v\u00e1lce a z\u00e1vitov\u00e9 konce proch\u00e1zej\u00ed pe\u010dlivou povrchovou \u00fapravou pro zv\u00fd\u0161en\u00ed odolnosti proti opot\u0159eben\u00ed.<\/li>\n<li><strong>Trvanlivost:<\/strong> V\u00e1lec je vyroben z vysoce kvalitn\u00edch materi\u00e1l\u016f a v\u00fdrobn\u00edch proces\u016f, kter\u00e9 zaji\u0161\u0165uj\u00ed dlouhou \u017eivotnost a odolnost proti opot\u0159eben\u00ed.<\/li>\n<li><strong>Bezpe\u010dnost:<\/strong> Sou\u010d\u00e1st\u00ed konstrukce jsou bezpe\u010dnostn\u00ed prvky, kter\u00e9 zabra\u0148uj\u00ed nehod\u00e1m a zaji\u0161\u0165uj\u00ed ochranu obsluhy b\u011bhem provozu.<\/li>\n<li><strong>\u00dadr\u017eba:<\/strong> Konstrukce umo\u017e\u0148uje snadnou \u00fadr\u017ebu a v\u00fdm\u011bnu sou\u010d\u00e1st\u00ed, \u010d\u00edm\u017e se zkracuj\u00ed prostoje a zvy\u0161uje se celkov\u00e1 efektivita.<\/li>\n<\/ul>\n<p><img decoding=\"async\" src=\"https:\/\/www.hydraulic-cylinders.net\/wp-content\/uploads\/2025\/01\/songte-cylinder-head-with-all-kinds-excavator-models.webp\" alt=\"Obr\u00e1zek hlavy v\u00e1lc\u016f\"><\/p>\n<h2>T\u011bsn\u011bn\u00ed a maz\u00e1n\u00ed<\/h2>\n<p>V\u00e1lec ramene pro Yugong WY75-7-8 vyu\u017e\u00edv\u00e1 r\u016fzn\u00e9 t\u011bsnic\u00ed komponenty, jako jsou t\u011bsn\u011bn\u00ed p\u00edst\u016f a t\u011bsn\u011bn\u00ed p\u00edstnic, vyroben\u00e9 z materi\u00e1l\u016f odoln\u00fdch proti opot\u0159eben\u00ed, jako je polyuretan a nitrilov\u00e1 pry\u017e. T\u011bleso v\u00e1lce a z\u00e1vitov\u00e9 konce proch\u00e1zej\u00ed jemnou povrchovou \u00fapravou pro zv\u00fd\u0161en\u00ed odolnosti proti opot\u0159eben\u00ed. Pravideln\u00e9 maz\u00e1n\u00ed je nezbytn\u00e9 a pro zaji\u0161t\u011bn\u00ed spr\u00e1vn\u00e9ho maz\u00e1n\u00ed by m\u011blo b\u00fdt p\u0159id\u00e1no odpov\u00eddaj\u00edc\u00ed mno\u017estv\u00ed hydraulick\u00e9ho oleje.<\/p>\n<h2>Pravideln\u00e1 kontrola a preventivn\u00ed \u00fadr\u017eba<\/h2>\n<p>Pro zaji\u0161t\u011bn\u00ed optim\u00e1ln\u00edho v\u00fdkonu a dlouh\u00e9 \u017eivotnosti v\u00e1lce ramene pro Yugong WY75-7-8 je t\u0159eba prov\u00e1d\u011bt pravideln\u00e9 kontroly a preventivn\u00ed \u00fadr\u017ebu. Mezi doporu\u010den\u00e1 opat\u0159en\u00ed pat\u0159\u00ed:<\/p>\n<ul>\n<li>Kontrola p\u0159\u00edpadn\u00fdch zn\u00e1mek net\u011bsnosti nebo po\u0161kozen\u00ed t\u011bsn\u011bn\u00ed v\u00e1lce<\/li>\n<li>Kontrola ty\u010de, zda nevykazuje zn\u00e1mky opot\u0159eben\u00ed nebo koroze<\/li>\n<li>Ov\u011b\u0159en\u00ed t\u011bsnosti v\u0161ech spoj\u016f a upev\u0148ovac\u00edch prvk\u016f<\/li>\n<li>Sledov\u00e1n\u00ed hladiny a kvality hydraulick\u00e9ho oleje<\/li>\n<li>Prov\u00e1d\u011bn\u00ed pravideln\u00e9ho \u010di\u0161t\u011bn\u00ed a maz\u00e1n\u00ed v\u0161ech pohybliv\u00fdch \u010d\u00e1st\u00ed<\/li>\n<\/ul>\n<h2>Pr\u016fvodce instalac\u00ed produktu<\/h2>\n<p>Spr\u00e1vn\u00e1 instalace v\u00e1lce ramene pro Yugong WY75-7-8 je z\u00e1sadn\u00ed pro jeho optim\u00e1ln\u00ed v\u00fdkon a bezpe\u010dn\u00fd provoz. Postupujte podle t\u011bchto krok\u016f:<\/p>\n<ol>\n<li>Ujist\u011bte se, \u017ee je za\u0159\u00edzen\u00ed vypnut\u00e9 a \u017ee je uvoln\u011bn ve\u0161ker\u00fd hydraulick\u00fd tlak.<\/li>\n<li>Zkontrolujte v\u00e1lec a v\u0161echny jeho sou\u010d\u00e1sti, zda nejsou po\u0161kozen\u00e9 nebo vadn\u00e9.<\/li>\n<li>Zarovnejte v\u00e1lec s mont\u00e1\u017en\u00edmi body a upevn\u011bte jej pomoc\u00ed vhodn\u00fdch upev\u0148ovac\u00edch prvk\u016f.<\/li>\n<li>P\u0159ipojte hydraulick\u00e9 hadice nebo potrub\u00ed k v\u00e1lci a zajist\u011bte pevn\u00e9 a bezpe\u010dn\u00e9 uta\u017een\u00ed.<\/li>\n<li>P\u0159ed obnoven\u00edm b\u011b\u017en\u00e9ho provozu zkontrolujte p\u0159\u00edpadn\u00e9 net\u011bsnosti a prove\u010fte funk\u010dn\u00ed test.<\/li>\n<\/ol>\n<p><img decoding=\"async\" src=\"https:\/\/www.hydraulic-cylinders.net\/wp-content\/uploads\/2025\/01\/songte-bushings-with-all-kinds-of-excavator-models.webp\" alt=\"Obr\u00e1zek pouzder\"><\/p>\n<h2>Bezpe\u010dnostn\u00ed aspekty a faktory prost\u0159ed\u00ed<\/h2>\n<p>P\u0159i pr\u00e1ci s v\u00e1lcem Arm pro Yugong WY75-7-8 je dodr\u017eov\u00e1n\u00ed bezpe\u010dnostn\u00edch opat\u0159en\u00ed nanejv\u00fd\u0161 d\u016fle\u017eit\u00e9. Je t\u0159eba dodr\u017eovat bezpe\u010dnostn\u00ed opat\u0159en\u00ed, aby se p\u0159ede\u0161lo nehod\u00e1m a zajistila se pohoda obsluhy a kolemjdouc\u00edch. Je t\u0159eba zohlednit tak\u00e9 faktory prost\u0159ed\u00ed, jako je teplota a vlhkost, aby se p\u0159ede\u0161lo nep\u0159\u00edzniv\u00fdm vliv\u016fm na v\u00fdkon a \u017eivotnost v\u00e1lce.<\/p>\n<h2>Odstra\u0148ov\u00e1n\u00ed probl\u00e9m\u016f a b\u011b\u017en\u00e9 probl\u00e9my<\/h2>\n<p>P\u0159esto\u017ee je v\u00e1lec ramene pro Yugong WY75-7-8 navr\u017een pro spolehliv\u00fd v\u00fdkon, mohou se vyskytnout probl\u00e9my. Mezi b\u011b\u017en\u00e9 tipy a \u0159e\u0161en\u00ed probl\u00e9m\u016f pat\u0159\u00ed:<\/p>\n<ul>\n<li>Pokud dojde ke ztr\u00e1t\u011b v\u00fdkonu nebo pomal\u00e9mu pohybu, zkontrolujte hladinu a kvalitu hydraulick\u00e9 kapaliny a ujist\u011bte se, \u017ee spl\u0148uje specifikace v\u00fdrobce.<\/li>\n<li>Zkontrolujte v\u0161echny spoje, zda nedoch\u00e1z\u00ed k \u00fanik\u016fm, a v p\u0159\u00edpad\u011b pot\u0159eby je dot\u00e1hn\u011bte.<\/li>\n<li>Pokud je b\u011bhem provozu sly\u0161et nadm\u011brn\u00fd hluk, zkontrolujte, zda nejsou uvoln\u011bn\u00e9 nebo opot\u0159ebovan\u00e9 sou\u010d\u00e1sti, a v p\u0159\u00edpad\u011b pot\u0159eby je vym\u011b\u0148te.<\/li>\n<li>Pravideln\u011b \u010dist\u011bte a promaz\u00e1vejte v\u00e1lec, abyste zabr\u00e1nili jeho zasek\u00e1v\u00e1n\u00ed nebo nadm\u011brn\u00e9mu t\u0159en\u00ed.<\/li>\n<\/ul>\n<p><img decoding=\"async\" src=\"https:\/\/www.hydraulic-cylinders.net\/wp-content\/uploads\/2025\/01\/songte-chushion-collar.webp\" alt=\"Obr\u00e1zek obojku Chushion\"><\/p>\n<p>\u010cl\u00e1nek uspo\u0159\u00e1dejte logicky, pou\u017e\u00edvejte podnadpisy pro snadnou navigaci, za\u0159a\u010fte relevantn\u00ed obr\u00e1zky nebo grafy pro lep\u0161\u00ed pochopen\u00ed a zajist\u011bte, aby byl obsah jasn\u00fd, stru\u010dn\u00fd a vhodn\u00fd pro \u010dten\u00e1\u0159e s r\u016fznou \u00farovn\u00ed technick\u00fdch znalost\u00ed.<\/p>\n<h2>O n\u00e1s<\/h2>\n<p>Jsme profesion\u00e1ln\u00ed v\u00fdrobce n\u00e1hradn\u00edch hydraulick\u00fdch v\u00e1lc\u016f a nab\u00edz\u00edme \u0161irokou \u0161k\u00e1lu produkt\u016f. Stali jsme se jedn\u00edm z p\u0159edn\u00edch v\u00fdrobc\u016f a velkoobchodn\u00edch distributor\u016f hydraulick\u00fdch v\u00e1lc\u016f na dom\u00e1c\u00edm i mezin\u00e1rodn\u00edm trhu. V souladu s principy excelence neust\u00e1le zlep\u0161ujeme na\u0161e technologick\u00e9 mo\u017enosti a efektivitu v\u00fdroby a spol\u00e9h\u00e1me se na precizn\u011b \u0159\u00edzenou industrializovanou v\u00fdrobu v na\u0161\u00ed modern\u00ed v\u00fdrobn\u00ed d\u00edln\u011b. Zav\u00e1d\u011bn\u00edm \u0161pi\u010dkov\u00e9ho digit\u00e1ln\u00edho v\u00fdrobn\u00edho za\u0159\u00edzen\u00ed a profesion\u00e1ln\u00edch testovac\u00edch syst\u00e9m\u016f optimalizujeme na\u0161i v\u00fdrobn\u00ed platformu a zdokonalujeme procesy kontroly kvality na\u0161ich v\u00fdrobk\u016f, \u010d\u00edm\u017e prokazujeme siln\u00e9 inova\u010dn\u00ed schopnosti. Na\u0161\u00edm c\u00edlem je uspokojovat rozmanit\u00e9 pot\u0159eby z\u00e1kazn\u00edk\u016f s vyu\u017eit\u00edm princip\u016f vysok\u00e9 efektivity, p\u0159esnosti a vysok\u00e9 kvality.<\/p>\n<p><img","protected":false},"excerpt":{"rendered":"<p>Arm CylinderFor Yugong WY75-7-8 Introduction The Arm CylinderFor Yugong WY75-7-8 is a specialized hydraulic cylinder designed to provide linear motion and power for the arm of various types of machinery, such as excavators, cranes, and robotic arms. The arm cylinder plays a crucial role in hydraulic systems, enabling the efficient movement and control of additional [&hellip;]<\/p>","protected":false},"featured_media":14759,"comment_status":"open","ping_status":"closed","template":"","meta":{"_et_pb_use_builder":"","_et_pb_old_content":"","_et_gb_content_width":""},"product_brand":[],"product_cat":[1497],"product_tag":[1498,1496],"class_list":{"0":"post-16304","1":"product","2":"type-product","3":"status-publish","4":"has-post-thumbnail","6":"product_cat-arm-cylinders","7":"product_tag-arm-cylinders","8":"product_tag-hydraulic-cylinders","10":"first","11":"instock","12":"shipping-taxable","13":"product-type-simple"},"amp_enabled":true,"_links":{"self":[{"href":"https:\/\/www.hydraulic-cylinders.net\/cs\/wp-json\/wp\/v2\/product\/16304","targetHints":{"allow":["GET"]}}],"collection":[{"href":"https:\/\/www.hydraulic-cylinders.net\/cs\/wp-json\/wp\/v2\/product"}],"about":[{"href":"https:\/\/www.hydraulic-cylinders.net\/cs\/wp-json\/wp\/v2\/types\/product"}],"replies":[{"embeddable":true,"href":"https:\/\/www.hydraulic-cylinders.net\/cs\/wp-json\/wp\/v2\/comments?post=16304"}],"wp:featuredmedia":[{"embeddable":true,"href":"https:\/\/www.hydraulic-cylinders.net\/cs\/wp-json\/wp\/v2\/media\/14759"}],"wp:attachment":[{"href":"https:\/\/www.hydraulic-cylinders.net\/cs\/wp-json\/wp\/v2\/media?parent=16304"}],"wp:term":[{"taxonomy":"product_brand","embeddable":true,"href":"https:\/\/www.hydraulic-cylinders.net\/cs\/wp-json\/wp\/v2\/product_brand?post=16304"},{"taxonomy":"product_cat","embeddable":true,"href":"https:\/\/www.hydraulic-cylinders.net\/cs\/wp-json\/wp\/v2\/product_cat?post=16304"},{"taxonomy":"product_tag","embeddable":true,"href":"https:\/\/www.hydraulic-cylinders.net\/cs\/wp-json\/wp\/v2\/product_tag?post=16304"}],"curies":[{"name":"wp","href":"https:\/\/api.w.org\/{rel}","templated":true}]}}