{"id":16307,"date":"2025-01-20T09:04:16","date_gmt":"2025-01-20T09:04:16","guid":{"rendered":"https:\/\/www.hydraulic-cylinders.net\/product\/arm-cylinderfor-grand-cme65-9\/"},"modified":"2025-01-20T09:04:18","modified_gmt":"2025-01-20T09:04:18","slug":"arm-cylinderfor-grand-cme65-9","status":"publish","type":"product","link":"https:\/\/www.hydraulic-cylinders.net\/cs\/produkt\/arm-cylinderfor-grand-cme65-9\/","title":{"rendered":"V\u00e1lec ramene pro Grand CME65-9"},"content":{"rendered":"<p>V\u00e1lec ramene pro Grand CME65-9: Definice a vysv\u011btlen\u00ed<\/p>\n<p>Hydraulick\u00fd v\u00e1lec ramene je typ specializovan\u00e9ho hydraulick\u00e9ho v\u00e1lce, kter\u00fd se prim\u00e1rn\u011b pou\u017e\u00edv\u00e1 k zaji\u0161t\u011bn\u00ed line\u00e1rn\u00edho pohybu a v\u00fdkonu ramen r\u016fzn\u00fdch typ\u016f stroj\u016f, jako jsou bagry, je\u0159\u00e1by a mechanick\u00e1 ramena. V\u00e1lce ramen hraj\u00ed kl\u00ed\u010dovou roli v hydraulick\u00fdch syst\u00e9mech, proto\u017ee umo\u017e\u0148uj\u00ed efektivn\u00ed pohyb a ovl\u00e1d\u00e1n\u00ed dal\u0161\u00edho n\u00e1\u0159ad\u00ed nebo p\u0159\u00edslu\u0161enstv\u00ed. Tyto v\u00e1lce nejen umo\u017e\u0148uj\u00ed plynul\u00fd pohyb, ale tak\u00e9 odol\u00e1vaj\u00ed t\u011b\u017ek\u00fdm z\u00e1t\u011b\u017e\u00edm, \u010d\u00edm\u017e zaji\u0161\u0165uj\u00ed efektivn\u00ed provoz a spolehlivost stroj\u016f za r\u016fzn\u00fdch pracovn\u00edch podm\u00ednek.<\/p>\n<p>V\u00e1lce ramen jsou obvykle vyrobeny z vysoce pevn\u00fdch materi\u00e1l\u016f a maj\u00ed dobrou odolnost proti opot\u0159eben\u00ed a korozi, d\u00edky \u010demu\u017e jsou vhodn\u00e9 pro dlouhodob\u00e9 pou\u017e\u00edv\u00e1n\u00ed v n\u00e1ro\u010dn\u00fdch podm\u00ednk\u00e1ch. Jsou v\u0161estrann\u00e9 a lze je \u0161iroce pou\u017e\u00edvat v r\u016fzn\u00fdch typech stroj\u016f, kde se p\u0159izp\u016fsob\u00ed r\u016fzn\u00fdm pracovn\u00edm pot\u0159eb\u00e1m. Nav\u00edc jsou navr\u017eeny pro snadnou \u00fadr\u017ebu a v\u00fdm\u011bnu, co\u017e usnad\u0148uje pravidelnou kontrolu a \u00fadr\u017ebu a zkracuje prostoje za\u0159\u00edzen\u00ed.<\/p>\n<p>Vlastnosti v\u00e1lce ramene pro Grand CME65-9<\/p>\n<p>1. Vysoce \u00fa\u010dinn\u00fd p\u0159evod: V\u00e1lec ramene poskytuje siln\u00fd line\u00e1rn\u00ed pohyb a s\u00edlu, co\u017e zaji\u0161\u0165uje vysokou \u00fa\u010dinnost mechanick\u00fdch ramen v r\u016fzn\u00fdch operac\u00edch.<\/p>\n<p>2. P\u0159esn\u00e9 ovl\u00e1d\u00e1n\u00ed: Prost\u0159ednictv\u00edm hydraulick\u00e9ho syst\u00e9mu m\u016f\u017ee v\u00e1lec ramene dos\u00e1hnout p\u0159esn\u00e9ho ovl\u00e1d\u00e1n\u00ed pohybu, co\u017e umo\u017e\u0148uje flexibiln\u011bj\u0161\u00ed a p\u0159esn\u011bj\u0161\u00ed ovl\u00e1d\u00e1n\u00ed dal\u0161\u00edch n\u00e1stroj\u016f.<\/p>\n<p>3. Vysok\u00e1 odolnost: V\u00e1lce ramen jsou obvykle vyrobeny z vysoce pevn\u00fdch materi\u00e1l\u016f s dobrou odolnost\u00ed proti opot\u0159eben\u00ed a korozi, d\u00edky \u010demu\u017e jsou vhodn\u00e9 pro dlouhodob\u00e9 pou\u017eit\u00ed v n\u00e1ro\u010dn\u00fdch podm\u00ednk\u00e1ch.<\/p>\n<p>4. Multifunk\u010dn\u00ed p\u0159izp\u016fsobivost: Tyto v\u00e1lce lze \u0161iroce pou\u017e\u00edvat v r\u016fzn\u00fdch typech stroj\u016f, jako jsou bagry, je\u0159\u00e1by a mechanick\u00e1 ramena, a p\u0159izp\u016fsobit se tak r\u016fzn\u00fdm pracovn\u00edm pot\u0159eb\u00e1m.<\/p>\n<p>5. Snadn\u00e1 \u00fadr\u017eba: Konstrukce v\u00e1lc\u016f ramene zohled\u0148uje snadnou \u00fadr\u017ebu a v\u00fdm\u011bnu, co\u017e usnad\u0148uje pravidelnou kontrolu a \u00fadr\u017ebu a zkracuje prostoje za\u0159\u00edzen\u00ed.<\/p>\n<p>N\u00e1\u0161 v\u00e1lec ramene pro Grand CME65-9<\/p>\n<p>N\u00e1\u0161 produkt dok\u00e1\u017ee tyto hydraulick\u00e9 v\u00e1lce dokonale nahradit. Jsme profesion\u00e1ln\u00edm v\u00fdrobcem n\u00e1hradn\u00edch hydraulick\u00fdch v\u00e1lc\u016f s \u0161irokou \u0161k\u00e1lou produkt\u016f a st\u00e1v\u00e1me se jedn\u00edm z p\u0159edn\u00edch v\u00fdrobc\u016f a velkoobchodn\u00edch distributor\u016f hydraulick\u00fdch v\u00e1lc\u016f na dom\u00e1c\u00edm i zahrani\u010dn\u00edm trhu. V\u017edy se dr\u017e\u00edme principu vynikaj\u00edc\u00ed kvality, spol\u00e9h\u00e1me se na strategie \u0159\u00edzen\u00ed v\u00fdroby v industrializovan\u00fdch d\u00edln\u00e1ch a neust\u00e1le zlep\u0161ujeme technologie a efektivitu v\u00fdroby. Zav\u00e1d\u011bn\u00edm \u0161pi\u010dkov\u00e9ho digit\u00e1ln\u00edho v\u00fdrobn\u00edho za\u0159\u00edzen\u00ed a profesion\u00e1ln\u00edch testovac\u00edch syst\u00e9m\u016f neust\u00e1le optimalizujeme v\u00fdrobn\u00ed platformu, zlep\u0161ujeme proces kontroly kvality v\u00fdrobk\u016f a m\u00e1me siln\u00e9 inova\u010dn\u00ed schopnosti. Na\u0161\u00edm c\u00edlem je uspokojovat rozmanit\u00e9 pot\u0159eby z\u00e1kazn\u00edk\u016f s principy vysok\u00e9 efektivity, p\u0159esnosti a vysok\u00e9 kvality.<\/p>\n<p>Pou\u017eit\u00ed v\u00e1lce ramene pro Grand CME65-9<\/p>\n<p>1. Stavebn\u00ed in\u017een\u00fdrstv\u00ed: U bagr\u016f a je\u0159\u00e1b\u016f se v\u00e1lce ramen pou\u017e\u00edvaj\u00ed k ovl\u00e1d\u00e1n\u00ed pohybu l\u017e\u00edc nebo v\u00fdlo\u017en\u00edk\u016f pro zemn\u00ed pr\u00e1ce, manipulaci s materi\u00e1lem a mont\u00e1\u017e konstrukc\u00ed.<\/p>\n<p>2. Zpracovatelsk\u00fd pr\u016fmysl: V automatizovan\u00fdch v\u00fdrobn\u00edch link\u00e1ch se v\u00e1lce ramen pou\u017e\u00edvaj\u00ed pro pohyb mechanick\u00fdch ramen, jako je mont\u00e1\u017e, sva\u0159ov\u00e1n\u00ed a manipulace, ke zlep\u0161en\u00ed efektivity a p\u0159esnosti v\u00fdroby.<\/p>\n<p>3. Zem\u011bd\u011blsk\u00e9 stroje: U zem\u011bd\u011blsk\u00fdch stroj\u016f, jako jsou skl\u00edzec\u00ed a s\u00e1zec\u00ed stroje, ovl\u00e1daj\u00ed v\u00e1lce ramen pohyb opera\u010dn\u00edch ramen pro \u00fakoly, jako je set\u00ed, hnojen\u00ed a sklize\u0148.<\/p>\n<p>4. T\u011b\u017eba: V t\u011b\u017eebn\u00edch za\u0159\u00edzen\u00edch se v\u00e1lce ramen pou\u017e\u00edvaj\u00ed k ovl\u00e1d\u00e1n\u00ed pohybu ramen t\u011b\u017eebn\u00edho za\u0159\u00edzen\u00ed pro t\u011b\u017ebu a manipulaci s rudami.<\/p>\n<p>5. Logistika a doprava: U vysokozdvi\u017en\u00fdch voz\u00edk\u016f a manipula\u010dn\u00edch robot\u016f se v\u00e1lce ramen pou\u017e\u00edvaj\u00ed k ovl\u00e1d\u00e1n\u00ed zved\u00e1n\u00ed a pohybu vidlic, \u010d\u00edm\u017e se realizuje manipulace a stohov\u00e1n\u00ed materi\u00e1l\u016f.<\/p>\n<p>Konstruk\u010dn\u00ed aspekty a krit\u00e9ria v\u00fdb\u011bru pro v\u00e1lec ramene pro Grand CME65-9<\/p>\n<p>1. \u00danosnost: V\u00e1lec ramene mus\u00ed b\u00fdt schopen odolat zat\u00ed\u017een\u00ed, pro kter\u00e9 je navr\u017een, a zajistit tak bezpe\u010dn\u00fd a stabiln\u00ed provoz.<\/p>\n<p>2. T\u011bsnic\u00ed v\u00fdkon: V\u00e1lec ramene mus\u00ed m\u00edt dobr\u00fd t\u011bsnic\u00ed v\u00fdkon, aby se zabr\u00e1nilo \u00faniku kapaliny, sn\u00ed\u017eily se ztr\u00e1ty energie a zajistila se stabilita hydraulick\u00e9ho syst\u00e9mu.<\/p>\n<p>3. Trvanlivost: V\u00e1lec ramene mus\u00ed b\u00fdt odoln\u00fd a odoln\u00fd v\u016f\u010di opot\u0159eben\u00ed a korozi, co\u017e zaru\u010duje dlouhodob\u00e9 pou\u017e\u00edv\u00e1n\u00ed v n\u00e1ro\u010dn\u00fdch podm\u00ednk\u00e1ch.<\/p>\n<p>4. Bezpe\u010dnost: V\u00e1lec ramene mus\u00ed spl\u0148ovat bezpe\u010dnostn\u00ed normy a m\u00edt bezpe\u010dnostn\u00ed prvky, kter\u00e9 chr\u00e1n\u00ed osoby a stroje p\u0159ed \u00farazem b\u011bhem provozu.<\/p>\n<p>5. \u00dadr\u017eba: V\u00e1lec ramene mus\u00ed b\u00fdt navr\u017een pro snadnou \u00fadr\u017ebu a v\u00fdm\u011bnu, \u010d\u00edm\u017e se zkr\u00e1t\u00ed prostoje za\u0159\u00edzen\u00ed.<\/p>\n<p>T\u011bsn\u011bn\u00ed a maz\u00e1n\u00ed v\u00e1lce ramene pro Grand CME65-9<\/p>\n<p>V\u00e1lec ramene pou\u017e\u00edv\u00e1 r\u016fzn\u00e9 t\u011bsnic\u00ed komponenty, jako jsou t\u011bsn\u011bn\u00ed p\u00edstu a t\u011bsn\u011bn\u00ed p\u00edstnice, vyroben\u00e9 z materi\u00e1l\u016f odoln\u00fdch proti opot\u0159eben\u00ed, jako je polyuretan a nitrilov\u00e1 pry\u017e. T\u011bleso v\u00e1lce a povrch z\u00e1vitu jsou jemn\u011b opracov\u00e1ny pro zlep\u0161en\u00ed odolnosti proti opot\u0159eben\u00ed. Pravideln\u00e9 dopl\u0148ov\u00e1n\u00ed vhodn\u00e9ho hydraulick\u00e9ho oleje pro maz\u00e1n\u00ed je nezbytn\u00e9 pro udr\u017een\u00ed stability a trvanlivosti hydraulick\u00e9ho syst\u00e9mu.<\/p>\n<p>Pravideln\u00e1 kontrola a preventivn\u00ed \u00fadr\u017eba v\u00e1lce ramene pro Grand CME65-9<\/p>\n<p>1. Pravideln\u00e1 kontrola v\u00e1lce ramene, v\u010detn\u011b kontroly \u00fanik\u016f kapalin, opot\u0159eben\u00ed a po\u0161kozen\u00ed t\u011bsnic\u00edch sou\u010d\u00e1st\u00ed a dal\u0161\u00edch d\u00edl\u016f.<\/p>\n<p>2. Pravideln\u00e1 v\u00fdm\u011bna opot\u0159ebovan\u00fdch nebo po\u0161kozen\u00fdch d\u00edl\u016f pro zaji\u0161t\u011bn\u00ed norm\u00e1ln\u00edho provozu hydraulick\u00e9ho syst\u00e9mu.<\/p>\n<p>3. \u010ci\u0161t\u011bn\u00ed a \u00fadr\u017eba hydraulick\u00e9ho syst\u00e9mu, aby se zabr\u00e1nilo kontaminaci a dal\u0161\u00edm faktor\u016fm, kter\u00e9 ovliv\u0148uj\u00ed stabilitu a trvanlivost syst\u00e9mu.<\/p>\n<p>4. Pravideln\u00e9 maz\u00e1n\u00ed v\u00e1lce ramene pro udr\u017een\u00ed jeho v\u00fdkonu a zabr\u00e1n\u011bn\u00ed po\u0161kozen\u00ed.<\/p>\n<p>5. Pravideln\u00e1 kontrola a \u00fadr\u017eba ostatn\u00edch hydraulick\u00fdch sou\u010d\u00e1st\u00ed pro zaji\u0161t\u011bn\u00ed norm\u00e1ln\u00edho provozu hydraulick\u00e9ho syst\u00e9mu.<\/p>\n<p>Instala\u010dn\u00ed n\u00e1vod pro v\u00e1lcovou hlavici ramene pro Grand CME65-9<\/p>\n<p>1. Zajist\u011bte, aby m\u00edsto instalace a za\u0159\u00edzen\u00ed byly \u010dist\u00e9 a such\u00e9.<\/p>\n<p>2. P\u0159ed instalac\u00ed zkontrolujte v\u00e1lec ramene, zda nen\u00ed po\u0161kozen\u00fd nebo nevykazuje abnormality.<\/p>\n<p>3. Nainstalujte v\u00e1lec ramene podle pokyn\u016f v\u00fdrobce a dbejte p\u0159itom na spr\u00e1vnou mont\u00e1\u017en\u00ed polohu a utahovac\u00ed moment \u0161roub\u016f.<\/p>\n<p>4. P\u0159ipojte hydraulick\u00e9 potrub\u00ed podle sch\u00e9matu hydraulick\u00e9ho syst\u00e9mu a zajist\u011bte spr\u00e1vn\u00e9 p\u0159ipojen\u00ed a \u0159\u00e1dn\u00e9 ut\u011bsn\u011bn\u00ed.<\/p>\n<p>5. Po instalaci otestujte v\u00e1lec ramene, abyste se ujistili o jeho norm\u00e1ln\u00edm provozu.<\/p>\n<p>Bezpe\u010dnostn\u00ed aspekty a faktory prost\u0159ed\u00ed pro v\u00e1lce ramene pro Grand CME65-9<\/p>\n<p>Bezpe\u010dnost je p\u0159i pou\u017e\u00edv\u00e1n\u00ed hydraulick\u00e9ho za\u0159\u00edzen\u00ed prvo\u0159ad\u00e1. Obsluha a \u00fadr\u017eb\u00e1\u0159sk\u00fd person\u00e1l mus\u00ed b\u00fdt pro\u0161koleni v bezpe\u010dnostn\u00edch postupech a nosit vhodn\u00e9 ochrann\u00e9 prost\u0159edky. Pro zaji\u0161t\u011bn\u00ed stabiln\u00edho a trvanliv\u00e9ho provozu hydraulick\u00e9ho za\u0159\u00edzen\u00ed je nutn\u00e9 zohlednit tak\u00e9 faktory prost\u0159ed\u00ed, jako je teplota, vlhkost a pra\u0161nost.<\/p>\n<p>Diagnostika poruch, b\u011b\u017en\u00e9 probl\u00e9my a odstra\u0148ov\u00e1n\u00ed probl\u00e9m\u016f s v\u00e1lcem ramene pro Grand CME65-9<\/p>\n<p>Mezi b\u011b\u017en\u00e9 probl\u00e9my s v\u00e1lcem ramene pat\u0159\u00ed \u00fanik kapaliny, nedostate\u010dn\u00fd v\u00fdkon a abnorm\u00e1ln\u00ed hluk. \u0158e\u0161en\u00ed probl\u00e9m\u016f m\u016f\u017ee zahrnovat v\u00fdm\u011bnu po\u0161kozen\u00fdch t\u011bsn\u011bn\u00ed, kontrolu ucp\u00e1n\u00ed hydraulick\u00fdch potrub\u00ed a kontrolu a opravu po\u0161kozen\u00fdch sou\u010d\u00e1st\u00ed. Aby se p\u0159ede\u0161lo probl\u00e9m\u016fm, je nutn\u00e1 pravideln\u00e1 kontrola a \u00fadr\u017eba.<\/p>\n<p>O n\u00e1s<\/p>\n<p>Jsme profesion\u00e1ln\u00ed v\u00fdrobce n\u00e1hradn\u00edch hydraulick\u00fdch v\u00e1lc\u016f s odborn\u00fdmi znalostmi ve v\u00fdrob\u011b vysoce kvalitn\u00edch hydraulick\u00fdch v\u00e1lc\u016f, kter\u00e9 spl\u0148uj\u00ed mezin\u00e1rodn\u00ed standardy. Poskytujeme slu\u017eby na m\u00edru, abychom uspokojili rozmanit\u00e9 pot\u0159eby z\u00e1kazn\u00edk\u016f. Na\u0161e v\u00fdrobn\u00ed za\u0159\u00edzen\u00ed je modern\u00ed a spolehliv\u00e9, co\u017e zaji\u0161\u0165uje vysoce kvalitn\u00ed produkty a efektivn\u00ed v\u00fdrobu. Poskytujeme tak\u00e9 komplexn\u00ed poprodejn\u00ed servis, kter\u00fd \u0159e\u0161\u00ed ve\u0161ker\u00e9 probl\u00e9my, se kter\u00fdmi se z\u00e1kazn\u00edci mohou setkat.<\/p>","protected":false},"excerpt":{"rendered":"<p>Arm Cylinder for Grand CME65-9: Definition and Explanation Arm cylinder is a type of specialized hydraulic cylinder primarily used to provide linear motion and power to arms of various types of machinery, such as excavators, cranes, and mechanical arms. Arm cylinders play a key role in hydraulic systems, enabling the effective movement and control of [&hellip;]<\/p>","protected":false},"featured_media":14779,"comment_status":"open","ping_status":"closed","template":"","meta":{"_et_pb_use_builder":"","_et_pb_old_content":"","_et_gb_content_width":""},"product_brand":[],"product_cat":[1497],"product_tag":[1498,1496],"class_list":{"0":"post-16307","1":"product","2":"type-product","3":"status-publish","4":"has-post-thumbnail","6":"product_cat-arm-cylinders","7":"product_tag-arm-cylinders","8":"product_tag-hydraulic-cylinders","10":"first","11":"instock","12":"shipping-taxable","13":"product-type-simple"},"amp_enabled":true,"_links":{"self":[{"href":"https:\/\/www.hydraulic-cylinders.net\/cs\/wp-json\/wp\/v2\/product\/16307","targetHints":{"allow":["GET"]}}],"collection":[{"href":"https:\/\/www.hydraulic-cylinders.net\/cs\/wp-json\/wp\/v2\/product"}],"about":[{"href":"https:\/\/www.hydraulic-cylinders.net\/cs\/wp-json\/wp\/v2\/types\/product"}],"replies":[{"embeddable":true,"href":"https:\/\/www.hydraulic-cylinders.net\/cs\/wp-json\/wp\/v2\/comments?post=16307"}],"wp:featuredmedia":[{"embeddable":true,"href":"https:\/\/www.hydraulic-cylinders.net\/cs\/wp-json\/wp\/v2\/media\/14779"}],"wp:attachment":[{"href":"https:\/\/www.hydraulic-cylinders.net\/cs\/wp-json\/wp\/v2\/media?parent=16307"}],"wp:term":[{"taxonomy":"product_brand","embeddable":true,"href":"https:\/\/www.hydraulic-cylinders.net\/cs\/wp-json\/wp\/v2\/product_brand?post=16307"},{"taxonomy":"product_cat","embeddable":true,"href":"https:\/\/www.hydraulic-cylinders.net\/cs\/wp-json\/wp\/v2\/product_cat?post=16307"},{"taxonomy":"product_tag","embeddable":true,"href":"https:\/\/www.hydraulic-cylinders.net\/cs\/wp-json\/wp\/v2\/product_tag?post=16307"}],"curies":[{"name":"wp","href":"https:\/\/api.w.org\/{rel}","templated":true}]}}