{"id":16314,"date":"2025-01-20T09:04:51","date_gmt":"2025-01-20T09:04:51","guid":{"rendered":"https:\/\/www.hydraulic-cylinders.net\/product\/arm-cylinderfor-volvo-small-excavator-ec55b\/"},"modified":"2025-01-20T09:04:53","modified_gmt":"2025-01-20T09:04:53","slug":"arm-cylinderfor-volvo-small-excavator-ec55b","status":"publish","type":"product","link":"https:\/\/www.hydraulic-cylinders.net\/cs\/produkt\/arm-cylinderfor-volvo-small-excavator-ec55b\/","title":{"rendered":"V\u00e1lec ramene pro mal\u00e9 rypadlo Volvo EC55B"},"content":{"rendered":"<h1>V\u00e1lec ramene pro mal\u00e9 rypadlo Volvo EC55B<\/h1>\n<h2>Zaveden\u00ed<\/h2>\n<p>V\u00e1lec ramene je speci\u00e1ln\u011b navr\u017een\u00fd hydraulick\u00fd v\u00e1lec, kter\u00fd zaji\u0161\u0165uje line\u00e1rn\u00ed pohyb a s\u00edlu ramene r\u016fzn\u00fdch typ\u016f stroj\u016f, jako jsou bagry, je\u0159\u00e1by a robotick\u00e1 ramena. Hraje kl\u00ed\u010dovou roli v hydraulick\u00fdch syst\u00e9mech, proto\u017ee umo\u017e\u0148uje efektivn\u00ed pohyb a ovl\u00e1d\u00e1n\u00ed dal\u0161\u00edch n\u00e1stroj\u016f nebo p\u0159\u00edslu\u0161enstv\u00ed. Tyto v\u00e1lce nejen\u017ee zaji\u0161\u0165uj\u00ed plynul\u00fd pohyb, ale tak\u00e9 odol\u00e1vaj\u00ed t\u011b\u017ek\u00fdm z\u00e1t\u011b\u017e\u00edm, co\u017e zaji\u0161\u0165uje efektivn\u00ed provoz a spolehlivost v r\u016fzn\u00fdch pracovn\u00edch podm\u00ednk\u00e1ch.<\/p>\n<p><img decoding=\"async\" src=\"https:\/\/www.hydraulic-cylinders.net\/wp-content\/uploads\/2025\/01\/songte-company-2.webp\" alt=\"V\u00e1lec ramene\" \/><\/p>\n<h2>Funkce<\/h2>\n<ul>\n<li>Vysoce \u00fa\u010dinn\u00fd p\u0159evod: V\u00e1lec ramene poskytuje siln\u00fd line\u00e1rn\u00ed pohyb a s\u00edlu, co\u017e zaji\u0161\u0165uje vysok\u00fd v\u00fdkon b\u011bhem r\u016fzn\u00fdch operac\u00ed.<\/li>\n<li>P\u0159esn\u00e9 ovl\u00e1d\u00e1n\u00ed: D\u00edky hydraulick\u00e9mu syst\u00e9mu umo\u017e\u0148uje v\u00e1lec ramene p\u0159esn\u00e9 ovl\u00e1d\u00e1n\u00ed pohybu, \u010d\u00edm\u017e je ovl\u00e1d\u00e1n\u00ed p\u0159ipojen\u00e9ho n\u00e1\u0159ad\u00ed flexibiln\u011bj\u0161\u00ed a p\u0159esn\u011bj\u0161\u00ed.<\/li>\n<li>Trvanlivost: V\u00e1lce ramen jsou obvykle vyrobeny z vysoce pevn\u00fdch materi\u00e1l\u016f, kter\u00e9 nab\u00edzej\u00ed vynikaj\u00edc\u00ed odolnost proti opot\u0159eben\u00ed a korozi, d\u00edky \u010demu\u017e jsou vhodn\u00e9 pro dlouhodob\u00e9 pou\u017e\u00edv\u00e1n\u00ed v n\u00e1ro\u010dn\u00fdch podm\u00ednk\u00e1ch.<\/li>\n<li>Multifunk\u010dn\u00ed p\u0159izp\u016fsobivost: Tyto v\u00e1lce lze \u0161iroce pou\u017e\u00edt v r\u016fzn\u00fdch stroj\u00edch, jako jsou bagry, je\u0159\u00e1by a robotick\u00e1 ramena, a p\u0159izp\u016fsobit se tak r\u016fzn\u00fdm pracovn\u00edm po\u017eadavk\u016fm.<\/li>\n<li>Snadn\u00e1 \u00fadr\u017eba: Konstrukce v\u00e1lce ramene bere v \u00favahu snadnou \u00fadr\u017ebu a v\u00fdm\u011bnu, co\u017e usnad\u0148uje pravidelnou kontrolu a \u00fadr\u017ebu a zkracuje prostoje za\u0159\u00edzen\u00ed.<\/li>\n<\/ul>\n<p><img decoding=\"async\" src=\"https:\/\/www.hydraulic-cylinders.net\/wp-content\/uploads\/2025\/01\/songte-oil-pipes-and-spare-parts.webp\" alt=\"Hydraulick\u00fd v\u00e1lec\" \/><\/p>\n<h2>Aplikace<\/h2>\n<p>Rameno v\u00e1lce nach\u00e1z\u00ed uplatn\u011bn\u00ed v r\u016fzn\u00fdch pr\u016fmyslov\u00fdch odv\u011btv\u00edch:<\/p>\n<h3>1. Stavebn\u00ed in\u017een\u00fdrstv\u00ed<\/h3>\n<p>U bagr\u016f a je\u0159\u00e1b\u016f se v\u00e1lec ramene pou\u017e\u00edv\u00e1 k ovl\u00e1d\u00e1n\u00ed pohybu l\u017e\u00edc nebo v\u00fdlo\u017en\u00edk\u016f pro zemn\u00ed pr\u00e1ce, manipulaci s materi\u00e1lem a mont\u00e1\u017e konstrukc\u00ed.<\/p>\n<h3>2. V\u00fdroba<\/h3>\n<p>V automatizovan\u00fdch v\u00fdrobn\u00edch link\u00e1ch se v\u00e1lec ramene pou\u017e\u00edv\u00e1 pro pohyb robotick\u00fdch ramen, mont\u00e1\u017e, sva\u0159ov\u00e1n\u00ed a manipulaci s materi\u00e1lem, co\u017e zvy\u0161uje efektivitu a p\u0159esnost v\u00fdroby.<\/p>\n<h3>3. Zem\u011bd\u011blsk\u00e9 stroje<\/h3>\n<p>V zem\u011bd\u011blsk\u00fdch stroj\u00edch, jako jsou skl\u00edzec\u00ed a sec\u00ed stroje, \u0159\u00edd\u00ed v\u00e1lec ramene pohyb ovl\u00e1dac\u00edch ramen pro \u00fakoly, jako je set\u00ed, hnojen\u00ed a sklize\u0148.<\/p>\n<h3>4. T\u011b\u017eba<\/h3>\n<p>V t\u011b\u017eebn\u00edm za\u0159\u00edzen\u00ed \u0159\u00edd\u00ed v\u00e1lec ramene pohyb ramen t\u011b\u017eebn\u00edch stroj\u016f pro t\u011b\u017ebu a p\u0159epravu rudy.<\/p>\n<h3>5. Logistika a doprava<\/h3>\n<p>U vysokozdvi\u017en\u00fdch voz\u00edk\u016f a automatizovan\u00fdch manipula\u010dn\u00edch robot\u016f je v\u00e1lec ramene zodpov\u011bdn\u00fd za ovl\u00e1d\u00e1n\u00ed zved\u00e1n\u00ed a pohybu vidlic, co\u017e usnad\u0148uje manipulaci s materi\u00e1lem a stohov\u00e1n\u00ed.<\/p>\n<p><img decoding=\"async\" src=\"https:\/\/www.hydraulic-cylinders.net\/wp-content\/uploads\/2025\/01\/songte-cylinder-head-with-all-kinds-excavator-models.webp\" alt=\"Pou\u017eit\u00ed hydraulick\u00e9ho v\u00e1lce\" \/><\/p>\n<h2>Konstruk\u010dn\u00ed aspekty a krit\u00e9ria v\u00fdb\u011bru<\/h2>\n<p>Pokud jde o konstrukci a v\u00fdb\u011br v\u00e1lc\u016f ramene, je t\u0159eba zohlednit n\u011bkolik faktor\u016f:<\/p>\n<h3>1. \u00danosnost<\/h3>\n<p>V\u00e1lec ramene mus\u00ed b\u00fdt navr\u017een tak, aby zvl\u00e1dl specifick\u00e9 po\u017eadavky na zat\u00ed\u017een\u00ed strojn\u00edho za\u0159\u00edzen\u00ed, pro kter\u00e9 je ur\u010den, a aby byl zaji\u0161t\u011bn bezpe\u010dn\u00fd a efektivn\u00ed provoz.<\/p>\n<h3>2. T\u011bsn\u011bn\u00ed<\/h3>\n<p>V ramenov\u00fdch v\u00e1lc\u00edch se pou\u017e\u00edvaj\u00ed r\u016fzn\u00e9 t\u011bsnic\u00ed prvky, jako jsou t\u011bsn\u011bn\u00ed p\u00edst\u016f a t\u011bsn\u011bn\u00ed p\u00edstnic. Tato t\u011bsn\u011bn\u00ed jsou vyrobena z materi\u00e1l\u016f odoln\u00fdch proti opot\u0159eben\u00ed, jako je polyuretan a nitrilov\u00e1 pry\u017e, kter\u00e9 poskytuj\u00ed \u00fa\u010dinn\u00e9 ut\u011bsn\u011bn\u00ed, zabra\u0148uj\u00ed \u00fanik\u016fm a zaji\u0161\u0165uj\u00ed optim\u00e1ln\u00ed v\u00fdkon. T\u011bleso v\u00e1lce a z\u00e1vitov\u00e9 konce proch\u00e1zej\u00ed jemnou povrchovou \u00fapravou pro zv\u00fd\u0161en\u00ed odolnosti proti opot\u0159eben\u00ed.<\/p>\n<h3>3. Trvanlivost<\/h3>\n<p>V\u00e1lce ramen jsou vyrobeny z vysoce kvalitn\u00edch materi\u00e1l\u016f a proch\u00e1zej\u00ed p\u0159\u00edsn\u00fdmi testy, aby byla zaji\u0161t\u011bna odolnost a spolehlivost v n\u00e1ro\u010dn\u00fdch prost\u0159ed\u00edch.<\/p>\n<h3>4. Bezpe\u010dnost<\/h3>\n<p>V\u00e1lce s rameny jsou navr\u017eeny s bezpe\u010dnostn\u00edmi prvky, kter\u00e9 zabra\u0148uj\u00ed nehod\u00e1m a zaji\u0161\u0165uj\u00ed ochranu obsluhy a okoln\u00edho za\u0159\u00edzen\u00ed b\u011bhem provozu.<\/p>\n<h3>5. \u00dadr\u017eba<\/h3>\n<p>Pravideln\u00e1 \u00fadr\u017eba a v\u010dasn\u00e1 v\u00fdm\u011bna opot\u0159ebovan\u00fdch sou\u010d\u00e1st\u00ed jsou nezbytn\u00e9 pro optim\u00e1ln\u00ed fungov\u00e1n\u00ed v\u00e1lce ramene. Pro zaji\u0161t\u011bn\u00ed hladk\u00e9ho provozu je nezbytn\u00e9 spr\u00e1vn\u00e9 maz\u00e1n\u00ed hydraulick\u00fdm olejem.<\/p>\n<p><img decoding=\"async\" src=\"https:\/\/www.hydraulic-cylinders.net\/wp-content\/uploads\/2025\/01\/songte-chushion-collar.webp\" alt=\"Konstrukce hydraulick\u00e9ho v\u00e1lce\" \/><\/p>\n<h2>Pravideln\u00e1 kontrola a preventivn\u00ed \u00fadr\u017eba<\/h2>\n<p>Pravideln\u00e1 kontrola a preventivn\u00ed \u00fadr\u017eba jsou nezbytn\u00e9 pro dlouhodob\u00fd v\u00fdkon v\u00e1lce ramene:<\/p>\n<h3>1. Inspekce<\/h3>\n<p>Pravideln\u011b kontrolujte v\u00e1lec ramene, zda nevykazuje zn\u00e1mky opot\u0159eben\u00ed, net\u011bsnost\u00ed nebo po\u0161kozen\u00ed. Zkontrolujte v\u0161echna t\u011bsn\u011bn\u00ed, spoje a mont\u00e1\u017en\u00ed body, zda nevykazuj\u00ed n\u011bjak\u00e9 probl\u00e9my.<\/p>\n<h3>2. Maz\u00e1n\u00ed<\/h3>\n<p>Zajist\u011bte spr\u00e1vn\u00e9 maz\u00e1n\u00ed pravideln\u00fdm dopl\u0148ov\u00e1n\u00edm dostate\u010dn\u00e9ho mno\u017estv\u00ed hydraulick\u00e9ho oleje do v\u00e1lce. Dodr\u017eujte pokyny v\u00fdrobce ohledn\u011b spr\u00e1vn\u00e9ho typu a mno\u017estv\u00ed oleje.<\/p>\n<h3>3. V\u00fdm\u011bna<\/h3>\n<p>Opot\u0159ebovan\u00e9 nebo po\u0161kozen\u00e9 sou\u010d\u00e1sti ihned vym\u011b\u0148te, abyste p\u0159ede\u0161li dal\u0161\u00edmu po\u0161kozen\u00ed a zajistili optim\u00e1ln\u00ed v\u00fdkon. Doporu\u010den\u00e9 intervaly v\u00fdm\u011bny naleznete v pokynech v\u00fdrobce.<\/p>\n<h2>Pr\u016fvodce instalac\u00ed produktu<\/h2>\n<p>Spr\u00e1vn\u00e1 instalace v\u00e1lce ramene je kl\u00ed\u010dov\u00e1 pro jeho efektivn\u00ed provoz a dlouhou \u017eivotnost. Pro spr\u00e1vnou instalaci postupujte podle t\u011bchto krok\u016f:<\/p>\n<h3>1. P\u0159\u00edprava<\/h3>\n<p>Ujist\u011bte se, \u017ee m\u00e1te k dispozici ve\u0161ker\u00e9 pot\u0159ebn\u00e9 n\u00e1stroje a vybaven\u00ed. Projd\u011bte si instala\u010dn\u00ed pokyny a pokyny v\u00fdrobce.<\/p>\n<h3>2. Inspekce<\/h3>\n<p>P\u0159ed instalac\u00ed d\u016fkladn\u011b zkontrolujte v\u00e1lec ramene a v\u0161echny souvisej\u00edc\u00ed komponenty, abyste se ujistili, \u017ee jsou v dobr\u00e9m stavu a nepo\u0161kozen\u00e9.<\/p>\n<h3>3. Mont\u00e1\u017e<\/h3>\n<p>Dodr\u017eujte pokyny v\u00fdrobce pro bezpe\u010dnou mont\u00e1\u017e v\u00e1lce ramene do spr\u00e1vn\u00e9 polohy a zajist\u011bte jeho spr\u00e1vn\u00e9 zarovn\u00e1n\u00ed s ostatn\u00edmi sou\u010d\u00e1stmi.<\/p>\n<h3>4. P\u0159ipojen\u00ed<\/h3>\n<p>P\u0159ipojte hydraulick\u00e9 hadice a armatury k v\u00e1lci ramene dle dodan\u00fdch specifikac\u00ed a zajist\u011bte t\u011bsn\u00e9 spojen\u00ed, aby nedo\u0161lo k \u00fanik\u016fm.<\/p>\n<h3>5. Testov\u00e1n\u00ed<\/h3>\n<p>Po instalaci otestujte funk\u010dnost v\u00e1lce ramene spu\u0161t\u011bn\u00edm stroje. Zkontrolujte, zda se nevyskytuj\u00ed abnorm\u00e1ln\u00ed zvuky, net\u011bsnosti nebo nespr\u00e1vn\u00fd pohyb.<\/p>\n<p><img decoding=\"async\" src=\"https:\/\/www.hydraulic-cylinders.net\/wp-content\/uploads\/2025\/01\/songte-bushings-with-all-kinds-of-excavator-models.webp\" alt=\"Instala\u010dn\u00ed p\u0159\u00edru\u010dka\" \/><\/p>\n<h2>Bezpe\u010dnostn\u00ed aspekty a faktory prost\u0159ed\u00ed<\/h2>\n<p>P\u0159i pou\u017e\u00edv\u00e1n\u00ed v\u00e1lce s ramenem je nezbytn\u00e9 up\u0159ednostnit bezpe\u010dnostn\u00ed opat\u0159en\u00ed k ochran\u011b obsluhy a zaji\u0161t\u011bn\u00ed spr\u00e1vn\u00e9ho provozu. Zva\u017ete n\u00e1sleduj\u00edc\u00ed:<\/p>\n<p>1. Bezpe\u010dnostn\u00ed opat\u0159en\u00ed: Zav\u00e1d\u011bjte bezpe\u010dnostn\u00ed protokoly, jako je \u0161kolen\u00ed obsluhy, pou\u017e\u00edv\u00e1n\u00ed ochrann\u00fdch prost\u0159edk\u016f a dodr\u017eov\u00e1n\u00ed bezpe\u010dnostn\u00edch pokyn\u016f specifick\u00fdch pro dan\u00fd stroj.<\/p>\n<p>2. Faktory prost\u0159ed\u00ed: Zva\u017ete podm\u00ednky prost\u0159ed\u00ed, jako je teplota, vlhkost a vystaven\u00ed korozivn\u00edm l\u00e1tk\u00e1m, a p\u0159ijm\u011bte vhodn\u00e1 opat\u0159en\u00ed k ochran\u011b v\u00e1lce ramene p\u0159ed mo\u017en\u00fdm po\u0161kozen\u00edm.<\/p>\n<h2>Odstra\u0148ov\u00e1n\u00ed probl\u00e9m\u016f a b\u011b\u017en\u00e9 probl\u00e9my<\/h2>\n<p>Pochopen\u00ed potenci\u00e1ln\u00edch z\u00e1vad a probl\u00e9m\u016f, kter\u00e9 mohou nastat s v\u00e1lcem ramene, m\u016f\u017ee pomoci p\u0159i efektivn\u00ed diagnostice a \u0159e\u0161en\u00ed probl\u00e9m\u016f. Zde je n\u011bkolik b\u011b\u017en\u00fdch probl\u00e9m\u016f:<\/p>\n<h3>1. \u00danik<\/h3>\n<p>Pokud z v\u00e1lce ramene doch\u00e1z\u00ed k \u00faniku, zkontrolujte t\u011bsn\u011bn\u00ed, spoje a armatury, zda nejsou po\u0161kozen\u00e9 nebo nespr\u00e1vn\u011b nainstalovan\u00e9. Vym\u011b\u0148te vadn\u00e1 t\u011bsn\u011bn\u00ed nebo ut\u00e1hn\u011bte uvoln\u011bn\u00e9 spoje.<\/p>\n<h3>2. Pomal\u00fd nebo trhan\u00fd pohyb<\/h3>\n<p>Pokud se pohyb v\u00e1lce ramene pohybuje pomalu nebo trhan\u011b, zkontrolujte hydraulick\u00fd syst\u00e9m, zda nen\u00ed n\u00edzk\u00e1 hladina kapaliny nebo zda v n\u011bm nedo\u0161lo k ucp\u00e1n\u00ed. Zkontrolujte, zda hydraulick\u00e9 \u010derpadlo a ventily spr\u00e1vn\u011b funguj\u00ed.<\/p>\n<h3>3. Abnorm\u00e1ln\u00ed zvuky<\/h3>\n<p>Pokud se z v\u00e1lce ramene oz\u00fdvaj\u00ed neobvykl\u00e9 zvuky, m\u016f\u017ee to znamenat vnit\u0159n\u00ed opot\u0159eben\u00ed nebo po\u0161kozen\u00ed. Zkontrolujte v\u00e1lec, zda nevykazuje zn\u00e1mky opot\u0159eben\u00ed nebo uvoln\u011bn\u00fdch sou\u010d\u00e1st\u00ed, a probl\u00e9m podle toho vy\u0159e\u0161te.<\/p>\n<h3>4. Nepravideln\u00fd provoz<\/h3>\n<p>Pokud je provoz v\u00e1lce ramene nepravideln\u00fd nebo nep\u0159edv\u00eddateln\u00fd, zkontrolujte, zda nejsou \u0159\u00eddic\u00ed ventily a hydraulick\u00fd syst\u00e9m z\u00e1vady. Ujist\u011bte se, \u017ee je syst\u00e9m spr\u00e1vn\u011b kalibrov\u00e1n a v\u0161echny komponenty funguj\u00ed spr\u00e1vn\u011b.<\/p>\n<p><img decoding=\"async\" src=\"https:\/\/www.hydraulic-cylinders.net\/wp-content\/uploads\/2025\/01\/songte-chushion-collar.webp\" alt=\"Tipy pro \u0159e\u0161en\u00ed probl\u00e9m\u016f\" \/><\/p>\n<p>Dodr\u017eov\u00e1n\u00edm t\u011bchto tip\u016f pro \u0159e\u0161en\u00ed probl\u00e9m\u016f a zaveden\u00edm preventivn\u00edch opat\u0159en\u00ed m\u016f\u017eete efektivn\u011b diagnostikovat a \u0159e\u0161it probl\u00e9my, minimalizovat potenci\u00e1ln\u00ed probl\u00e9my a zajistit optim\u00e1ln\u00ed v\u00fdkon v\u00e1lce ramene.<\/p>\n<h2>O n\u00e1s<\/h2>\n<p>Jsme<\/p>","protected":false},"excerpt":{"rendered":"<p>Arm Cylinder For Volvo Small Excavator EC55B Introduction The Arm Cylinder is a specially designed hydraulic cylinder that provides linear motion and power to the arm of various types of machinery, such as excavators, cranes, and robotic arms. It plays a crucial role in hydraulic systems, allowing for efficient movement and control of additional tools [&hellip;]<\/p>","protected":false},"featured_media":14759,"comment_status":"open","ping_status":"closed","template":"","meta":{"_et_pb_use_builder":"","_et_pb_old_content":"","_et_gb_content_width":""},"product_brand":[],"product_cat":[1497],"product_tag":[1498,1496],"class_list":{"0":"post-16314","1":"product","2":"type-product","3":"status-publish","4":"has-post-thumbnail","6":"product_cat-arm-cylinders","7":"product_tag-arm-cylinders","8":"product_tag-hydraulic-cylinders","10":"first","11":"instock","12":"shipping-taxable","13":"product-type-simple"},"amp_enabled":true,"_links":{"self":[{"href":"https:\/\/www.hydraulic-cylinders.net\/cs\/wp-json\/wp\/v2\/product\/16314","targetHints":{"allow":["GET"]}}],"collection":[{"href":"https:\/\/www.hydraulic-cylinders.net\/cs\/wp-json\/wp\/v2\/product"}],"about":[{"href":"https:\/\/www.hydraulic-cylinders.net\/cs\/wp-json\/wp\/v2\/types\/product"}],"replies":[{"embeddable":true,"href":"https:\/\/www.hydraulic-cylinders.net\/cs\/wp-json\/wp\/v2\/comments?post=16314"}],"wp:featuredmedia":[{"embeddable":true,"href":"https:\/\/www.hydraulic-cylinders.net\/cs\/wp-json\/wp\/v2\/media\/14759"}],"wp:attachment":[{"href":"https:\/\/www.hydraulic-cylinders.net\/cs\/wp-json\/wp\/v2\/media?parent=16314"}],"wp:term":[{"taxonomy":"product_brand","embeddable":true,"href":"https:\/\/www.hydraulic-cylinders.net\/cs\/wp-json\/wp\/v2\/product_brand?post=16314"},{"taxonomy":"product_cat","embeddable":true,"href":"https:\/\/www.hydraulic-cylinders.net\/cs\/wp-json\/wp\/v2\/product_cat?post=16314"},{"taxonomy":"product_tag","embeddable":true,"href":"https:\/\/www.hydraulic-cylinders.net\/cs\/wp-json\/wp\/v2\/product_tag?post=16314"}],"curies":[{"name":"wp","href":"https:\/\/api.w.org\/{rel}","templated":true}]}}