{"id":16315,"date":"2025-01-20T09:04:55","date_gmt":"2025-01-20T09:04:55","guid":{"rendered":"https:\/\/www.hydraulic-cylinders.net\/product\/arm-cylinderfor-volvo-small-excavator-ec60c-80d\/"},"modified":"2025-01-20T09:04:57","modified_gmt":"2025-01-20T09:04:57","slug":"arm-cylinderfor-volvo-small-excavator-ec60c-80d","status":"publish","type":"product","link":"https:\/\/www.hydraulic-cylinders.net\/cs\/produkt\/arm-cylinderfor-volvo-small-excavator-ec60c-80d\/","title":{"rendered":"V\u00e1lec ramene pro mal\u00e9 rypadlo Volvo EC60C\/80D"},"content":{"rendered":"<p>V\u00e1lec ramene pro mal\u00e9 rypadlo Volvo EC60C\/80D<\/p>\n<p>Zaveden\u00ed:<br \/>\nHydraulick\u00fd v\u00e1lec ramene je specializovan\u00fd hydraulick\u00fd v\u00e1lec ur\u010den\u00fd k zaji\u0161t\u011bn\u00ed line\u00e1rn\u00edho pohybu a v\u00fdkonu pro ramena r\u016fzn\u00fdch stroj\u016f, jako jsou bagry, je\u0159\u00e1by a robotick\u00e1 ramena. V\u00e1lce ramen hraj\u00ed kl\u00ed\u010dovou roli v hydraulick\u00fdch syst\u00e9mech, proto\u017ee umo\u017e\u0148uj\u00ed efektivn\u00ed pohyb a ovl\u00e1d\u00e1n\u00ed dal\u0161\u00edch n\u00e1stroj\u016f nebo p\u0159\u00edslu\u0161enstv\u00ed. Tyto v\u00e1lce nejen\u017ee zaji\u0161\u0165uj\u00ed plynul\u00fd pohyb, ale tak\u00e9 odol\u00e1vaj\u00ed t\u011b\u017ek\u00fdm z\u00e1t\u011b\u017e\u00edm, \u010d\u00edm\u017e zaji\u0161\u0165uj\u00ed efektivn\u00ed provoz a spolehlivost stroj\u016f za r\u016fzn\u00fdch pracovn\u00edch podm\u00ednek.<\/p>\n<p>Definice a vysv\u011btlen\u00ed:<br \/>\nV\u00e1lce ramene, zn\u00e1m\u00e9 tak\u00e9 jako v\u00e1lce v\u00fdlo\u017en\u00edku, jsou hydraulick\u00e9 v\u00e1lce, kter\u00e9 generuj\u00ed s\u00edlu pro ovl\u00e1d\u00e1n\u00ed pohyb\u016f ramene stroje. Tyto v\u00e1lce jsou zodpov\u011bdn\u00e9 za zaji\u0161t\u011bn\u00ed pot\u0159ebn\u00e9 s\u00edly pro zved\u00e1n\u00ed, spou\u0161t\u011bn\u00ed nebo vysouv\u00e1n\u00ed ramene. V hydraulick\u00fdch syst\u00e9mech je v\u00e1lec ramene p\u0159ipojen k v\u00fdlo\u017en\u00edku nebo rameni a poskytuje pot\u0159ebnou s\u00edlu pro pohyb p\u0159\u00edslu\u0161enstv\u00ed. V\u00e1lec se skl\u00e1d\u00e1 z p\u00edstu, ty\u010de a v\u00e1lce, kter\u00e9 spole\u010dn\u011b p\u0159em\u011b\u0148uj\u00ed hydraulick\u00fd tlak na line\u00e1rn\u00ed pohyb. V\u00e1lec ramene je kl\u00ed\u010dov\u00fd pro plynul\u00fd chod stroje a zaji\u0161\u0165uje, aby se p\u0159\u00edslu\u0161enstv\u00ed mohlo pohybovat a fungovat efektivn\u011b.<\/p>\n<p><img decoding=\"async\" src=\"https:\/\/www.hydraulic-cylinders.net\/wp-content\/uploads\/2025\/01\/songte-company-2.webp\"><\/p>\n<p>Vlastnosti:<br \/>\n1. Efektivn\u00ed p\u0159enos v\u00fdkonu:<br \/>\nV\u00e1lec ramene zaji\u0161\u0165uje siln\u00fd line\u00e1rn\u00ed pohyb a s\u00edlu, co\u017e zaji\u0161\u0165uje efektivn\u00ed v\u00fdkon ramene stroje b\u011bhem provozu.<\/p>\n<p>2. P\u0159esn\u00e9 ovl\u00e1d\u00e1n\u00ed:<br \/>\nHydraulick\u00fd syst\u00e9m umo\u017e\u0148uje p\u0159esn\u00e9 ovl\u00e1d\u00e1n\u00ed pohybu v\u00e1lce ramene, co\u017e \u010din\u00ed operace s p\u0159\u00edslu\u0161enstv\u00edm flexibiln\u011bj\u0161\u00edmi a p\u0159esn\u011bj\u0161\u00edmi.<\/p>\n<p>3. Vysok\u00e1 odolnost:<br \/>\nV\u00e1lce ramen jsou obvykle vyrobeny z vysoce pevn\u00fdch materi\u00e1l\u016f, kter\u00e9 maj\u00ed vynikaj\u00edc\u00ed odolnost proti opot\u0159eben\u00ed a korozi, d\u00edky \u010demu\u017e jsou vhodn\u00e9 pro dlouhodob\u00e9 pou\u017e\u00edv\u00e1n\u00ed v n\u00e1ro\u010dn\u00fdch podm\u00ednk\u00e1ch.<\/p>\n<p>4. Multifunk\u010dn\u00ed p\u0159izp\u016fsobivost:<br \/>\nTyto v\u00e1lce lze \u0161iroce pou\u017e\u00edvat v r\u016fzn\u00fdch mechanick\u00fdch za\u0159\u00edzen\u00edch, jako jsou bagry, je\u0159\u00e1by a robotick\u00e1 ramena, a p\u0159izp\u016fsobit se tak r\u016fzn\u00fdm pracovn\u00edm po\u017eadavk\u016fm.<\/p>\n<p>5. Snadn\u00e1 \u00fadr\u017eba:<br \/>\nKonstrukce v\u00e1lce ramene zohled\u0148uje \u00fadr\u017ebu a v\u00fdm\u011bnu, co\u017e usnad\u0148uje pravidelnou kontrolu a \u00fadr\u017ebu a zkracuje prostoje za\u0159\u00edzen\u00ed.<\/p>\n<p>N\u00e1\u0161 produkt:<br \/>\nN\u00e1\u0161 produkt je perfektn\u00ed n\u00e1hradou za tyto hydraulick\u00e9 v\u00e1lce. Vyr\u00e1b\u00edme vysoce kvalitn\u00ed v\u00e1lce pro ramena, kter\u00e9 spl\u0148uj\u00ed pot\u0159eby r\u016fzn\u00fdch strojn\u00edch ramen. Na\u0161e produkty jsou vyrobeny z vysoce pevn\u00fdch materi\u00e1l\u016f a proch\u00e1zej\u00ed p\u0159\u00edsnou kontrolou kvality, abychom zajistili jejich trvanlivost a spolehlivost.<\/p>\n<p><img decoding=\"async\" src=\"https:\/\/www.hydraulic-cylinders.net\/wp-content\/uploads\/2025\/01\/songte-oil-pipes-and-spare-parts.webp\"><\/p>\n<p>Aplikace:<br \/>\nV\u00e1lce ramen se \u0161iroce pou\u017e\u00edvaj\u00ed v r\u016fzn\u00fdch pr\u016fmyslov\u00fdch odv\u011btv\u00edch, v\u010detn\u011b:<\/p>\n<p>1. Stavebn\u00ed in\u017een\u00fdrstv\u00ed:<br \/>\nU bagr\u016f a je\u0159\u00e1b\u016f ovl\u00e1daj\u00ed v\u00e1lce ramen pohyb l\u017e\u00edce nebo v\u00fdlo\u017en\u00edku pro zemn\u00ed pr\u00e1ce, manipulaci s materi\u00e1lem a mont\u00e1\u017e konstrukc\u00ed.<\/p>\n<p>2. Zpracovatelsk\u00fd pr\u016fmysl:<br \/>\nV automatizovan\u00fdch v\u00fdrobn\u00edch link\u00e1ch ovl\u00e1daj\u00ed v\u00e1lce ramen pohyb robotick\u00fdch ramen pro mont\u00e1\u017e, sva\u0159ov\u00e1n\u00ed a manipulaci s materi\u00e1lem, \u010d\u00edm\u017e zvy\u0161uj\u00ed efektivitu a p\u0159esnost v\u00fdroby.<\/p>\n<p>3. Zem\u011bd\u011blsk\u00e9 stroje:<br \/>\nV zem\u011bd\u011blsk\u00fdch stroj\u00edch, jako jsou skl\u00edzec\u00ed a sec\u00ed stroje, ovl\u00e1daj\u00ed v\u00e1lce ramen pohyb ovl\u00e1dac\u00edho ramene pro prov\u00e1d\u011bn\u00ed \u00fakol\u016f, jako je set\u00ed, hnojen\u00ed a sklize\u0148.<\/p>\n<p>4. T\u011b\u017eebn\u00ed pr\u016fmysl:<br \/>\nV t\u011b\u017eebn\u00edch za\u0159\u00edzen\u00edch ovl\u00e1daj\u00ed v\u00e1lce ramen pohyb ramen t\u011b\u017eebn\u00edho za\u0159\u00edzen\u00ed pro t\u011b\u017ebu a p\u0159epravu rudy.<\/p>\n<p>5. Logistika a doprava:<br \/>\nU vysokozdvi\u017en\u00fdch voz\u00edk\u016f a manipula\u010dn\u00edch robot\u016f ovl\u00e1daj\u00ed v\u00e1lce ramen zved\u00e1n\u00ed a pohyb n\u00e1kladu, \u010d\u00edm\u017e se zaji\u0161\u0165uje manipulace s materi\u00e1lem a jeho stohov\u00e1n\u00ed.<\/p>\n<p>Konstruk\u010dn\u00ed aspekty a krit\u00e9ria v\u00fdb\u011bru:<br \/>\nP\u0159i v\u00fdb\u011bru v\u00e1lc\u016f ramene je kl\u00ed\u010dov\u00fdch n\u011bkolik konstruk\u010dn\u00edch aspekt\u016f, mezi kter\u00e9 pat\u0159\u00ed:<\/p>\n<p>1. Nosnost:<br \/>\nV\u00e1lec mus\u00ed b\u00fdt schopen odolat o\u010dek\u00e1van\u00e9mu zat\u00ed\u017een\u00ed. Nosnost je ur\u010dena pr\u016fm\u011brem vrt\u00e1n\u00ed a p\u00edstnice v\u00e1lce, d\u00e9lkou zdvihu a provozn\u00edm tlakem.<\/p>\n<p>2. T\u011bsn\u011bn\u00ed:<br \/>\nV\u00e1lec mus\u00ed m\u00edt \u00fa\u010dinn\u00e9 t\u011bsn\u011bn\u00ed, aby se zabr\u00e1nilo \u00faniku kapaliny a udr\u017eel se hydraulick\u00fd tlak. T\u011bsnic\u00ed syst\u00e9m se skl\u00e1d\u00e1 z r\u016fzn\u00fdch typ\u016f t\u011bsn\u011bn\u00ed, jako jsou t\u011bsn\u011bn\u00ed p\u00edstu, t\u011bsn\u011bn\u00ed p\u00edstnice a st\u00edrac\u00ed t\u011bsn\u011bn\u00ed.<\/p>\n<p>3. Trvanlivost:<br \/>\nV\u00e1lec mus\u00ed b\u00fdt vyroben z odoln\u00fdch materi\u00e1l\u016f, kter\u00e9 odol\u00e1vaj\u00ed opot\u0159eben\u00ed a korozi. Mezi materi\u00e1ly b\u011b\u017en\u011b pou\u017e\u00edvan\u00e9 pro v\u00e1lce a ty\u010de lahv\u00ed pat\u0159\u00ed ocel, hlin\u00edk a chromovan\u00e1 nerezov\u00e1 ocel.<\/p>\n<p>4. Bezpe\u010dnost:<br \/>\nV\u00e1lec mus\u00ed b\u00fdt navr\u017een tak, aby se zabr\u00e1nilo nehod\u00e1m, jako je n\u00e1hl\u00e1 ztr\u00e1ta hydraulick\u00e9ho tlaku. Mezi bezpe\u010dnostn\u00ed prvky mohou pat\u0159it p\u0159etlakov\u00e9 ventily, bezpe\u010dnostn\u00ed p\u0159et\u00ed\u017een\u00ed a tla\u010d\u00edtka nouzov\u00e9ho zastaven\u00ed.<\/p>\n<p>5. \u00dadr\u017eba:<br \/>\nV\u00e1lec by m\u011bl b\u00fdt navr\u017een pro snadnou \u00fadr\u017ebu a opravy. Prvky, jako jsou snadno p\u0159\u00edstupn\u00e9 otvory, odn\u00edmateln\u00e9 koncovky a vym\u011bniteln\u00e1 t\u011bsn\u011bn\u00ed, mohou sn\u00ed\u017eit prostoje a n\u00e1klady na \u00fadr\u017ebu.<\/p>\n<p><img decoding=\"async\" src=\"https:\/\/www.hydraulic-cylinders.net\/wp-content\/uploads\/2025\/01\/songte-cylinder-head-with-all-kinds-excavator-models.webp\"><\/p>\n<p>T\u011bsn\u011bn\u00ed a maz\u00e1n\u00ed:<br \/>\nV\u00e1lce ramen vy\u017eaduj\u00ed pro zaji\u0161t\u011bn\u00ed sv\u00e9 dlouh\u00e9 \u017eivotnosti \u0159\u00e1dn\u00e9 ut\u011bsn\u011bn\u00ed a maz\u00e1n\u00ed. V\u00e1lec mus\u00ed b\u00fdt vybaven r\u016fzn\u00fdmi t\u011bsnic\u00edmi prvky, jako jsou t\u011bsn\u011bn\u00ed p\u00edstu a p\u00edstnice, aby se zabr\u00e1nilo \u00faniku oleje a udr\u017eel hydraulick\u00fd tlak. T\u011bsnic\u00ed materi\u00e1ly by m\u011bly b\u00fdt vyrobeny z materi\u00e1l\u016f odoln\u00fdch proti opot\u0159eben\u00ed, jako je polyuretan a nitrilov\u00e1 pry\u017e.<\/p>\n<p>V\u00e1lec a p\u00edstnice v\u00e1lce by m\u011bly b\u00fdt le\u0161t\u011bny, aby se zlep\u0161ila odolnost proti opot\u0159eben\u00ed a sn\u00ed\u017eilo t\u0159en\u00ed. Pou\u017eit\u00ed maziv, jako je hydraulick\u00fd olej, m\u016f\u017ee tak\u00e9 zlep\u0161it v\u00fdkon a prodlou\u017eit \u017eivotnost v\u00e1lce.<\/p>\n<p>\u00dadr\u017eba a odstra\u0148ov\u00e1n\u00ed probl\u00e9m\u016f:<br \/>\nPravideln\u00e1 \u00fadr\u017eba a preventivn\u00ed opat\u0159en\u00ed jsou z\u00e1sadn\u00ed pro zaji\u0161t\u011bn\u00ed spr\u00e1vn\u00e9 funkce v\u00e1lc\u016f ramene. Mezi tipy pro \u00fadr\u017ebu pat\u0159\u00ed kontrola \u00fanik\u016f kapalin, kontrola t\u011bsn\u011bn\u00ed, zda nejsou po\u0161kozen\u00e1 nebo opot\u0159ebovan\u00e1, a pravideln\u00e9 maz\u00e1n\u00ed v\u00e1lce a jeho sou\u010d\u00e1st\u00ed. V p\u0159\u00edpad\u011b jak\u00fdchkoli probl\u00e9m\u016f by m\u011bl proces odstra\u0148ov\u00e1n\u00ed probl\u00e9m\u016f dodr\u017eovat standardn\u00ed postupy a m\u011bl by b\u00fdt prov\u00e1d\u011bn kvalifikovan\u00fdm person\u00e1lem.<\/p>\n<p><img decoding=\"async\" src=\"https:\/\/www.hydraulic-cylinders.net\/wp-content\/uploads\/2025\/01\/songte-chushion-collar.webp\"><\/p>\n<p>Instala\u010dn\u00ed pr\u016fvodce:<br \/>\nPro spr\u00e1vnou instalaci v\u00e1lce ramene postupujte takto:<\/p>\n<p>1. Vy\u010dist\u011bte m\u00edsto instalace a ujist\u011bte se, \u017ee v\u0161echny sou\u010d\u00e1sti nejsou po\u0161kozen\u00e9 ani se na nich nenach\u00e1zej\u00ed \u017e\u00e1dn\u00e9 ne\u010distoty.<\/p>\n<p>2. P\u0159izp\u016fsobte v\u00e1lec rameni stroje podle specifikace v\u00fdrobce a bezpe\u010dn\u011b jej namontujte.<\/p>\n<p>3. P\u0159ipojte hydraulick\u00e9 hadice k vstupn\u00edmu a v\u00fdstupn\u00edmu otvoru v\u00e1lce a ujist\u011bte se, \u017ee jsou spr\u00e1vn\u011b uta\u017eeny.<\/p>\n<p>4. Napl\u0148te hydraulick\u00fd syst\u00e9m doporu\u010den\u00fdm hydraulick\u00fdm olejem a zkontrolujte p\u0159\u00edpadn\u00e9 net\u011bsnosti.<\/p>\n<p>5. Otestujte funkci v\u00e1lce a ujist\u011bte se, \u017ee funguje spr\u00e1vn\u011b.<\/p>\n<p>Bezpe\u010dnostn\u00ed aspekty a faktory prost\u0159ed\u00ed:<br \/>\nV\u00e1lce s rameny mohou p\u0159edstavovat bezpe\u010dnostn\u00ed riziko, pokud nejsou spr\u00e1vn\u011b nainstalov\u00e1ny nebo pou\u017e\u00edv\u00e1ny. M\u011bla by b\u00fdt p\u0159ijata vhodn\u00e1 bezpe\u010dnostn\u00ed opat\u0159en\u00ed, aby se zabr\u00e1nilo nehod\u00e1m, jako je n\u00e1hl\u00e1 ztr\u00e1ta tlaku nebo mechanick\u00e9 selh\u00e1n\u00ed. V\u00fdkon v\u00e1lce mohou ovlivnit i faktory prost\u0159ed\u00ed, jako je teplota, vlhkost a korozivn\u00ed l\u00e1tky, a m\u011bly by b\u00fdt br\u00e1ny v \u00favahu.<\/p>\n<p>Diagnostika z\u00e1vad a b\u011b\u017en\u00e9 probl\u00e9my:<br \/>\nMezi b\u011b\u017en\u00e9 probl\u00e9my s v\u00e1lci ramene pat\u0159\u00ed \u00faniky kapaliny, opot\u0159eben\u00ed t\u011bsn\u011bn\u00ed a po\u0161kozen\u00ed p\u00edstu nebo ty\u010de. Spr\u00e1vn\u00e1 diagnostika z\u00e1vad a \u0159e\u0161en\u00ed probl\u00e9m\u016f m\u016f\u017ee pomoci tyto probl\u00e9my identifikovat a vy\u0159e\u0161it a zabr\u00e1nit tak dal\u0161\u00edmu po\u0161kozen\u00ed v\u00e1lce nebo strojn\u00edho za\u0159\u00edzen\u00ed.<\/p>\n<p>Aby se p\u0159ede\u0161lo potenci\u00e1ln\u00edm probl\u00e9m\u016fm, mezi preventivn\u00ed opat\u0159en\u00ed pat\u0159\u00ed pravideln\u00e1 \u00fadr\u017eba, spr\u00e1vn\u00e1 instalace a dodr\u017eov\u00e1n\u00ed pokyn\u016f v\u00fdrobce pro pou\u017e\u00edv\u00e1n\u00ed a \u00fadr\u017ebu.<\/p>\n<p><img decoding=\"async\" src=\"https:\/\/www.hydraulic-cylinders.net\/wp-content\/uploads\/2025\/01\/songte-bushings-with-all-kinds-of-excavator-models.webp\"><\/p>\n<p>Z\u00e1v\u011br:<br \/>\nJsme profesion\u00e1ln\u00ed v\u00fdrobce hydraulick\u00fdch v\u00e1lc\u016f se \u0161irokou \u0161k\u00e1lou produkt\u016f a stali jsme se jedn\u00edm z p\u0159edn\u00edch v\u00fdrobc\u016f a velkoobchodn\u00edch distributor\u016f hydraulick\u00fdch v\u00e1lc\u016f po cel\u00e9m sv\u011bt\u011b. Zav\u00e1zali jsme se k poskytov\u00e1n\u00ed vysoce kvalitn\u00edch produkt\u016f a vyu\u017e\u00edv\u00e1me strategie industrializovan\u00e9ho \u0159\u00edzen\u00ed v\u00fdroby na\u0161ich jemn\u00fdch v\u00fdrobn\u00edch d\u00edlen ke zlep\u0161en\u00ed na\u0161ich technick\u00fdch schopnost\u00ed a efektivity v\u00fdroby. Zavedli jsme \u0161pi\u010dkov\u00e9 digit\u00e1ln\u00ed v\u00fdrobn\u00ed za\u0159\u00edzen\u00ed a profesion\u00e1ln\u00ed testovac\u00ed syst\u00e9my pro optimalizaci na\u0161\u00ed v\u00fdrobn\u00ed platformy, zlep\u0161en\u00ed proces\u016f kontroly kvality produkt\u016f a disponujeme siln\u00fdmi inovativn\u00edmi schopnostmi. Na\u0161\u00edm c\u00edlem je uspokojit rozmanit\u00e9 po\u017eadavky na\u0161ich z\u00e1kazn\u00edk\u016f efektivn\u00edmi, p\u0159esn\u00fdmi a vysoce kvalitn\u00edmi produkty.<\/p>\n<p>Jako profesion\u00e1ln\u00ed v\u00fdrobce jsme z\u00edskali r\u016fzn\u00e9 mezin\u00e1rodn\u00ed certifikace, poskytujeme slu\u017eby na m\u00edru a v\u00e1\u017e\u00edme si na\u0161eho v\u00fdrobn\u00edho za\u0159\u00edzen\u00ed a poprodejn\u00edch slu\u017eeb.<\/p>\n<p><img decoding=\"async\" src=\"https:\/\/www.hydraulic-cylinders.net\/wp-content\/uploads\/2025\/01\/songte-company-4.webp\"><\/p>\n<p><img decoding=\"async\" src=\"https:\/\/www.hydraulic-cylinders.net\/wp-content\/uploads\/2025\/01\/songte-company-3.webp\"><\/p>\n<p>Autor: lyl<\/p>","protected":false},"excerpt":{"rendered":"<p>Arm Cylinder for Volvo Small Excavator EC60C\/80D Introduction: The arm cylinder is a specialized hydraulic cylinder designed to provide linear motion and power for a variety of machinery arms, such as excavators, cranes, and robotic arms. Arm cylinders play a crucial role in hydraulic systems, allowing for effective movement and control of additional tools or [&hellip;]<\/p>","protected":false},"featured_media":14786,"comment_status":"open","ping_status":"closed","template":"","meta":{"_et_pb_use_builder":"","_et_pb_old_content":"","_et_gb_content_width":""},"product_brand":[],"product_cat":[1497],"product_tag":[1498,1496],"class_list":{"0":"post-16315","1":"product","2":"type-product","3":"status-publish","4":"has-post-thumbnail","6":"product_cat-arm-cylinders","7":"product_tag-arm-cylinders","8":"product_tag-hydraulic-cylinders","10":"first","11":"instock","12":"shipping-taxable","13":"product-type-simple"},"amp_enabled":true,"_links":{"self":[{"href":"https:\/\/www.hydraulic-cylinders.net\/cs\/wp-json\/wp\/v2\/product\/16315","targetHints":{"allow":["GET"]}}],"collection":[{"href":"https:\/\/www.hydraulic-cylinders.net\/cs\/wp-json\/wp\/v2\/product"}],"about":[{"href":"https:\/\/www.hydraulic-cylinders.net\/cs\/wp-json\/wp\/v2\/types\/product"}],"replies":[{"embeddable":true,"href":"https:\/\/www.hydraulic-cylinders.net\/cs\/wp-json\/wp\/v2\/comments?post=16315"}],"wp:featuredmedia":[{"embeddable":true,"href":"https:\/\/www.hydraulic-cylinders.net\/cs\/wp-json\/wp\/v2\/media\/14786"}],"wp:attachment":[{"href":"https:\/\/www.hydraulic-cylinders.net\/cs\/wp-json\/wp\/v2\/media?parent=16315"}],"wp:term":[{"taxonomy":"product_brand","embeddable":true,"href":"https:\/\/www.hydraulic-cylinders.net\/cs\/wp-json\/wp\/v2\/product_brand?post=16315"},{"taxonomy":"product_cat","embeddable":true,"href":"https:\/\/www.hydraulic-cylinders.net\/cs\/wp-json\/wp\/v2\/product_cat?post=16315"},{"taxonomy":"product_tag","embeddable":true,"href":"https:\/\/www.hydraulic-cylinders.net\/cs\/wp-json\/wp\/v2\/product_tag?post=16315"}],"curies":[{"name":"wp","href":"https:\/\/api.w.org\/{rel}","templated":true}]}}