{"id":16320,"date":"2025-01-20T09:05:31","date_gmt":"2025-01-20T09:05:31","guid":{"rendered":"https:\/\/www.hydraulic-cylinders.net\/product\/arm-cylinderfor-volvo-middle-excavator-ec220d\/"},"modified":"2025-01-20T09:05:33","modified_gmt":"2025-01-20T09:05:33","slug":"arm-cylinderfor-volvo-middle-excavator-ec220d","status":"publish","type":"product","link":"https:\/\/www.hydraulic-cylinders.net\/cs\/produkt\/arm-cylinderfor-volvo-middle-excavator-ec220d\/","title":{"rendered":"V\u00e1lec ramene pro st\u0159edn\u00ed bagr Volvo EC220D"},"content":{"rendered":"<h2>V\u00e1lec ramene pro st\u0159edn\u00ed bagr Volvo EC220D<\/h2>\n<h3>Definice a vysv\u011btlen\u00ed<\/h3>\n<p>Hydraulick\u00fd v\u00e1lec ramene je typ hydraulick\u00e9ho v\u00e1lce speci\u00e1ln\u011b navr\u017een\u00e9ho pro zaji\u0161t\u011bn\u00ed line\u00e1rn\u00edho pohybu a v\u00fdkonu ramen r\u016fzn\u00fdch stroj\u016f, jako jsou bagry, je\u0159\u00e1by a manipul\u00e1tory. V\u00e1lec ramene hraje kl\u00ed\u010dovou roli v hydraulick\u00fdch syst\u00e9mech, proto\u017ee umo\u017e\u0148uje efektivn\u00ed pohyb a ovl\u00e1d\u00e1n\u00ed dal\u0161\u00edho n\u00e1\u0159ad\u00ed nebo p\u0159\u00edslu\u0161enstv\u00ed. Tyto v\u00e1lce nejen\u017ee zaji\u0161\u0165uj\u00ed plynul\u00fd pohyb, ale tak\u00e9 odol\u00e1vaj\u00ed t\u011b\u017ek\u00fdm z\u00e1t\u011b\u017e\u00edm, \u010d\u00edm\u017e zaji\u0161\u0165uj\u00ed efektivn\u00ed provoz a spolehlivost stroj\u016f za r\u016fzn\u00fdch pracovn\u00edch podm\u00ednek.<\/p>\n<p><img decoding=\"async\" src=\"https:\/\/www.hydraulic-cylinders.net\/wp-content\/uploads\/2025\/01\/songte-company-2.webp\" alt=\"Obr\u00e1zek v\u00e1lce ramene\"><\/p>\n<h3>Funkce<\/h3>\n<ul>\n<li>Vysoce \u00fa\u010dinn\u00fd p\u0159evod: V\u00e1lec ramene zaji\u0161\u0165uje siln\u00fd line\u00e1rn\u00ed pohyb a s\u00edlu, co\u017e zaji\u0161\u0165uje vysokou \u00fa\u010dinnost manipul\u00e1toru b\u011bhem r\u016fzn\u00fdch operac\u00ed.<\/li>\n<li>P\u0159esn\u00e9 ovl\u00e1d\u00e1n\u00ed: D\u00edky hydraulick\u00fdm syst\u00e9m\u016fm m\u016f\u017ee v\u00e1lec ramene dos\u00e1hnout p\u0159esn\u00e9ho ovl\u00e1d\u00e1n\u00ed pohybu, co\u017e zvy\u0161uje flexibilitu a p\u0159esnost ovl\u00e1d\u00e1n\u00ed dal\u0161\u00edch n\u00e1stroj\u016f.<\/li>\n<li>Vysok\u00e1 odolnost: V\u00e1lce ramen jsou obvykle vyrobeny z vysoce pevn\u00fdch materi\u00e1l\u016f, maj\u00ed dobrou odolnost proti opot\u0159eben\u00ed a korozi a jsou vhodn\u00e9 pro dlouhodob\u00e9 pou\u017eit\u00ed v n\u00e1ro\u010dn\u00fdch podm\u00ednk\u00e1ch.<\/li>\n<li>Multifunk\u010dn\u00ed p\u0159izp\u016fsobivost: Tyto v\u00e1lce lze \u0161iroce pou\u017e\u00edvat v r\u016fzn\u00fdch mechanick\u00fdch za\u0159\u00edzen\u00edch, jako jsou bagry, je\u0159\u00e1by a manipul\u00e1tory, a p\u0159izp\u016fsobit se tak r\u016fzn\u00fdm pracovn\u00edm po\u017eadavk\u016fm.<\/li>\n<li>Snadn\u00e1 \u00fadr\u017eba: V\u00e1lce ramen jsou navr\u017eeny pro snadnou \u00fadr\u017ebu a v\u00fdm\u011bnu a usnad\u0148uj\u00ed pravideln\u00e9 kontroly a \u00fadr\u017ebu, \u010d\u00edm\u017e zkracuj\u00ed prostoje za\u0159\u00edzen\u00ed.<\/li>\n<\/ul>\n<p><img decoding=\"async\" src=\"https:\/\/www.hydraulic-cylinders.net\/wp-content\/uploads\/2025\/01\/songte-oil-pipes-and-spare-parts.webp\" alt=\"Obr\u00e1zek n\u00e1hradn\u00edch d\u00edl\u016f\"><\/p>\n<h3>Aplikace<\/h3>\n<p>V\u00e1lce ramen maj\u00ed r\u016fzn\u00e1 uplatn\u011bn\u00ed v r\u016fzn\u00fdch pr\u016fmyslov\u00fdch odv\u011btv\u00edch:<\/p>\n<ul>\n<li>Konstrukce: V\u00e1lce ramen se pou\u017e\u00edvaj\u00ed k ovl\u00e1d\u00e1n\u00ed pohybu l\u017e\u00edc bagru nebo je\u0159\u00e1bov\u00fdch v\u00fdlo\u017en\u00edk\u016f pro zemn\u00ed pr\u00e1ce, manipulaci s materi\u00e1lem a mont\u00e1\u017e konstrukc\u00ed.<\/li>\n<li>V\u00fdroba: V\u00e1lce ramen se pou\u017e\u00edvaj\u00ed k pohybu manipul\u00e1tor\u016f v automatizovan\u00fdch v\u00fdrobn\u00edch link\u00e1ch pro mont\u00e1\u017en\u00ed, sva\u0159ovac\u00ed a manipula\u010dn\u00ed procesy, \u010d\u00edm\u017e se zvy\u0161uje efektivita a p\u0159esnost v\u00fdroby.<\/li>\n<li>Zem\u011bd\u011blsk\u00e9 stroje: V\u00e1lce ramen ovl\u00e1daj\u00ed pohyb ovl\u00e1dac\u00edch ramen v zem\u011bd\u011blsk\u00fdch stroj\u00edch, jako jsou skl\u00edzec\u00ed a sec\u00ed stroje, a prov\u00e1d\u011bj\u00ed \u00fakoly, jako je s\u00e1zen\u00ed, hnojen\u00ed a sklize\u0148.<\/li>\n<li>T\u011b\u017eba: V\u00e1lce ramen se pou\u017e\u00edvaj\u00ed k ovl\u00e1d\u00e1n\u00ed pohybu ramen t\u011b\u017eebn\u00edho za\u0159\u00edzen\u00ed pro t\u011b\u017ebu a p\u0159epravu rud v d\u016fln\u00edch provozech.<\/li>\n<li>Logistika a doprava: V\u00e1lce ramen se pou\u017e\u00edvaj\u00ed k ovl\u00e1d\u00e1n\u00ed zved\u00e1n\u00ed a pohybu vidlic ve vysokozdvi\u017en\u00fdch voz\u00edkech a manipula\u010dn\u00edch robotech, \u010d\u00edm\u017e se dosahuje manipulace s materi\u00e1lem a jeho stohov\u00e1n\u00ed.<\/li>\n<\/ul>\n<h3>Konstruk\u010dn\u00ed aspekty a krit\u00e9ria v\u00fdb\u011bru<\/h3>\n<p>V\u00e1lce ramen jsou pe\u010dliv\u011b navr\u017eeny a vybr\u00e1ny na z\u00e1klad\u011b r\u016fzn\u00fdch faktor\u016f:<\/p>\n<ul>\n<li>Nosnost: V\u00e1lce ramen mus\u00ed m\u00edt dostate\u010dnou nosnost, aby unesly hmotnost stroje a dal\u0161\u00edho n\u00e1\u0159ad\u00ed nebo p\u0159\u00edslu\u0161enstv\u00ed.<\/li>\n<li>T\u011bsn\u011bn\u00ed: V\u00e1lce ramen se spol\u00e9haj\u00ed na r\u016fzn\u00e1 t\u011bsn\u011bn\u00ed, jako jsou t\u011bsn\u011bn\u00ed p\u00edst\u016f a t\u011bsn\u011bn\u00ed p\u00edstnic, aby se zabr\u00e1nilo \u00faniku oleje a udr\u017eel tlak, a t\u011bsn\u011bn\u00ed by m\u011bla b\u00fdt vyrobena z materi\u00e1l\u016f odoln\u00fdch proti opot\u0159eben\u00ed, jako je polyuretan a nitrilov\u00e1 pry\u017e.<\/li>\n<li>Trvanlivost: V\u00e1lce ramen jsou n\u00e1chyln\u00e9 k opot\u0159eben\u00ed a korozi, a proto by m\u011bly b\u00fdt vyrobeny z vysoce pevn\u00fdch materi\u00e1l\u016f a o\u0161et\u0159eny jemn\u00fdmi povrchy pro zlep\u0161en\u00ed jejich odolnosti proti opot\u0159eben\u00ed a korozi.<\/li>\n<li>Bezpe\u010dnost: V\u00e1lce ramen by m\u011bly b\u00fdt navr\u017eeny tak, aby zaji\u0161\u0165ovaly bezpe\u010dn\u00fd provoz, nap\u0159\u00edklad zabra\u0148uj\u00ed n\u00e1hl\u00fdm pohyb\u016fm nebo p\u0159et\u00ed\u017een\u00ed, a m\u011bly by b\u00fdt vybaveny bezpe\u010dnostn\u00edmi za\u0159\u00edzen\u00edmi, jako jsou p\u0159etlakov\u00e9 ventily a koncov\u00e9 sp\u00edna\u010de.<\/li>\n<li>\u00dadr\u017eba: V\u00e1lce ramen by m\u011bly b\u00fdt navr\u017eeny pro snadnou \u00fadr\u017ebu a opravy, jako je snadn\u00e1 demont\u00e1\u017e a v\u00fdm\u011bna d\u00edl\u016f, a m\u011bly by vy\u017eadovat pravidelnou v\u00fdm\u011bnu oleje a kontroly, aby byla zaji\u0161t\u011bna dlouhodob\u00e1 \u017eivotnost.<\/li>\n<\/ul>\n<p><img decoding=\"async\" src=\"https:\/\/www.hydraulic-cylinders.net\/wp-content\/uploads\/2025\/01\/songte-cylinder-head-with-all-kinds-excavator-models.webp\" alt=\"Obr\u00e1zek hlavy v\u00e1lc\u016f\"><\/p>\n<h3>T\u011bsn\u011bn\u00ed a maz\u00e1n\u00ed<\/h3>\n<p>V\u00e1lce ramen pou\u017e\u00edvaj\u00ed r\u016fzn\u00e1 t\u011bsn\u011bn\u00ed, jako jsou p\u00edstn\u00ed t\u011bsn\u011bn\u00ed a t\u011bsn\u011bn\u00ed p\u00edstnice, aby se zabr\u00e1nilo \u00faniku oleje a udr\u017eel tlak. T\u011bsn\u011bn\u00ed by m\u011bla b\u00fdt vyrobena z materi\u00e1l\u016f odoln\u00fdch proti opot\u0159eben\u00ed, jako je polyuretan a nitrilov\u00e1 pry\u017e. T\u011bleso v\u00e1lce a z\u00e1vitov\u00fd konec jsou jemn\u011b opracov\u00e1ny pro zlep\u0161en\u00ed jejich odolnosti proti opot\u0159eben\u00ed. Pro zaji\u0161t\u011bn\u00ed hladk\u00e9ho chodu v\u00e1lce ramene je nezbytn\u00e9 pravideln\u00e9 maz\u00e1n\u00ed hydraulick\u00fdm olejem.<\/p>\n<h3>\u00dadr\u017eba a odstra\u0148ov\u00e1n\u00ed probl\u00e9m\u016f<\/h3>\n<p>Pravideln\u00e1 kontrola a preventivn\u00ed \u00fadr\u017eba mohou pomoci p\u0159edej\u00edt selh\u00e1n\u00ed v\u00e1lce ramene. N\u00e1sleduje n\u011bkolik b\u011b\u017en\u00fdch probl\u00e9m\u016f a jejich \u0159e\u0161en\u00ed:<\/p>\n<ul>\n<li>\u00danik oleje: Zkontrolujte a vym\u011b\u0148te t\u011bsn\u011bn\u00ed a udr\u017eujte spr\u00e1vnou hladinu oleje.<\/li>\n<li>Pomal\u00fd pohyb: Zkontrolujte hladinu a viskozitu oleje a vy\u010dist\u011bte nebo vym\u011b\u0148te filtry.<\/li>\n<li>Hluk: Zkontrolujte, zda nejsou uvoln\u011bn\u00e9 spoje nebo po\u0161kozen\u00e9 d\u00edly, a v p\u0159\u00edpad\u011b pot\u0159eby je dot\u00e1hn\u011bte nebo vym\u011b\u0148te.<\/li>\n<li>P\u0159eh\u0159\u00e1t\u00ed: Zkontrolujte hladinu a viskozitu oleje a vy\u010dist\u011bte nebo vym\u011b\u0148te chladic\u00ed syst\u00e9m.<\/li>\n<\/ul>\n<p>Je d\u016fle\u017eit\u00e9 dodr\u017eovat pokyny v\u00fdrobce k \u00fadr\u017eb\u011b a v\u00e9st p\u0159esn\u00e9 z\u00e1znamy o \u00fadr\u017eb\u011b a oprav\u00e1ch.<\/p>\n<p><img decoding=\"async\" src=\"https:\/\/www.hydraulic-cylinders.net\/wp-content\/uploads\/2025\/01\/songte-chushion-collar.webp\" alt=\"Obr\u00e1zek obojku\"><\/p>\n<h3>Instala\u010dn\u00ed p\u0159\u00edru\u010dka<\/h3>\n<p>Spr\u00e1vn\u00e1 instalace v\u00e1lce ramene m\u016f\u017ee zajistit bezpe\u010dn\u00fd a efektivn\u00ed provoz. Postupujte podle t\u011bchto krok\u016f:<\/p>\n<ol>\n<li>P\u0159ipravte m\u00edsto instalace a ujist\u011bte se, \u017ee je rovn\u00e9 a stabiln\u00ed.<\/li>\n<li>P\u0159ipevn\u011bte v\u00e1lec k rameni nebo v\u00fdlo\u017en\u00edku stroje pomoc\u00ed vhodn\u00fdch konzol a \u0161roub\u016f.<\/li>\n<li>P\u0159ipojte hydraulick\u00e9 hadice a armatury dle pokyn\u016f v\u00fdrobce.<\/li>\n<li>Napl\u0148te hydraulick\u00fd syst\u00e9m doporu\u010den\u00fdm olejem a zkontrolujte t\u011bsnost.<\/li>\n<li>Prove\u010fte funk\u010dn\u00ed zkou\u0161ku a v p\u0159\u00edpad\u011b pot\u0159eby se\u0159i\u010fte hydraulick\u00fd syst\u00e9m.<\/li>\n<\/ol>\n<h3>O n\u00e1s<\/h3>\n<p>Jsme profesion\u00e1ln\u00ed v\u00fdrobce n\u00e1hradn\u00edch hydraulick\u00fdch v\u00e1lc\u016f se \u0161irokou \u0161k\u00e1lou produkt\u016f. Stali jsme se jedn\u00edm z p\u0159edn\u00edch v\u00fdrobc\u016f a velkoobchodn\u00edk\u016f s hydraulick\u00fdmi v\u00e1lci na dom\u00e1c\u00edm i mezin\u00e1rodn\u00edm trhu. V\u017edy dodr\u017eujeme princip vynikaj\u00edc\u00ed kvality, spol\u00e9h\u00e1me se na industrializovan\u00e9 strategie \u0159\u00edzen\u00ed v\u00fdroby v precizn\u00edch v\u00fdrobn\u00edch d\u00edln\u00e1ch a neust\u00e1le zlep\u0161ujeme technologie a efektivitu v\u00fdroby. Prost\u0159ednictv\u00edm zav\u00e1d\u011bn\u00ed \u0161pi\u010dkov\u00e9ho digit\u00e1ln\u00edho v\u00fdrobn\u00edho za\u0159\u00edzen\u00ed a profesion\u00e1ln\u00edch testovac\u00edch syst\u00e9m\u016f neust\u00e1le optimalizujeme v\u00fdrobn\u00ed platformu, zlep\u0161ujeme proces kontroly kvality v\u00fdrobk\u016f a m\u00e1me siln\u00e9 inova\u010dn\u00ed schopnosti. Na\u0161\u00edm c\u00edlem je uspokojovat rozmanit\u00e9 pot\u0159eby z\u00e1kazn\u00edk\u016f s vysokou \u00fa\u010dinnost\u00ed, p\u0159esnost\u00ed a vysoce kvalitn\u00edmi produkty.<\/p>\n<p>Nab\u00edz\u00edme slu\u017eby na m\u00edru, disponujeme mezin\u00e1rodn\u011b uzn\u00e1van\u00fdmi certifikacemi, modern\u00edm v\u00fdrobn\u00edm za\u0159\u00edzen\u00edm a vynikaj\u00edc\u00edm poprodejn\u00edm servisem. Zav\u00e1zali jsme se poskytovat z\u00e1kazn\u00edk\u016fm vysoce kvalitn\u00ed produkty a slu\u017eby.<\/p>\n<p><img decoding=\"async\" src=\"https:\/\/www.hydraulic-cylinders.net\/wp-content\/uploads\/2025\/01\/songte-company-4.webp\" alt=\"Image spole\u010dnosti\"><br \/>\n<img decoding=\"async\" src=\"https:\/\/www.hydraulic-cylinders.net\/wp-content\/uploads\/2025\/01\/songte-company-3.webp\" alt=\"Produk\u010dn\u00ed obr\u00e1zek\"><\/p>\n<p>Autor: lyl<\/p>","protected":false},"excerpt":{"rendered":"<p>Arm Cylinder For Volvo Middle Excavator EC220D Definition and Explanation Arm cylinder is a type of hydraulic cylinder specially designed to provide linear motion and power to the arms of various machinery such as excavators, cranes, and manipulators. The arm cylinder plays a key role in hydraulic systems, enabling the effective movement and control of [&hellip;]<\/p>","protected":false},"featured_media":14772,"comment_status":"open","ping_status":"closed","template":"","meta":{"_et_pb_use_builder":"","_et_pb_old_content":"","_et_gb_content_width":""},"product_brand":[],"product_cat":[1497],"product_tag":[1498,1496],"class_list":{"0":"post-16320","1":"product","2":"type-product","3":"status-publish","4":"has-post-thumbnail","6":"product_cat-arm-cylinders","7":"product_tag-arm-cylinders","8":"product_tag-hydraulic-cylinders","10":"first","11":"instock","12":"shipping-taxable","13":"product-type-simple"},"amp_enabled":true,"_links":{"self":[{"href":"https:\/\/www.hydraulic-cylinders.net\/cs\/wp-json\/wp\/v2\/product\/16320","targetHints":{"allow":["GET"]}}],"collection":[{"href":"https:\/\/www.hydraulic-cylinders.net\/cs\/wp-json\/wp\/v2\/product"}],"about":[{"href":"https:\/\/www.hydraulic-cylinders.net\/cs\/wp-json\/wp\/v2\/types\/product"}],"replies":[{"embeddable":true,"href":"https:\/\/www.hydraulic-cylinders.net\/cs\/wp-json\/wp\/v2\/comments?post=16320"}],"wp:featuredmedia":[{"embeddable":true,"href":"https:\/\/www.hydraulic-cylinders.net\/cs\/wp-json\/wp\/v2\/media\/14772"}],"wp:attachment":[{"href":"https:\/\/www.hydraulic-cylinders.net\/cs\/wp-json\/wp\/v2\/media?parent=16320"}],"wp:term":[{"taxonomy":"product_brand","embeddable":true,"href":"https:\/\/www.hydraulic-cylinders.net\/cs\/wp-json\/wp\/v2\/product_brand?post=16320"},{"taxonomy":"product_cat","embeddable":true,"href":"https:\/\/www.hydraulic-cylinders.net\/cs\/wp-json\/wp\/v2\/product_cat?post=16320"},{"taxonomy":"product_tag","embeddable":true,"href":"https:\/\/www.hydraulic-cylinders.net\/cs\/wp-json\/wp\/v2\/product_tag?post=16320"}],"curies":[{"name":"wp","href":"https:\/\/api.w.org\/{rel}","templated":true}]}}