{"id":16332,"date":"2025-01-20T09:06:35","date_gmt":"2025-01-20T09:06:35","guid":{"rendered":"https:\/\/www.hydraulic-cylinders.net\/product\/arm-cylinderfor-volvo-large-excavator-ec480d\/"},"modified":"2025-01-20T09:06:44","modified_gmt":"2025-01-20T09:06:44","slug":"arm-cylinderfor-volvo-large-excavator-ec480d","status":"publish","type":"product","link":"https:\/\/www.hydraulic-cylinders.net\/cs\/produkt\/arm-cylinderfor-volvo-large-excavator-ec480d\/","title":{"rendered":"V\u00e1lec ramene pro velk\u00e9 rypadlo Volvo EC480D"},"content":{"rendered":"<h1>V\u00e1lec ramene pro velk\u00e9 rypadlo Volvo EC480D<\/h1>\n<h2>Zaveden\u00ed<\/h2>\n<p>V\u00e1lec ramene je speci\u00e1ln\u011b navr\u017een\u00fd hydraulick\u00fd v\u00e1lec, kter\u00fd poskytuje line\u00e1rn\u00ed pohyb a s\u00edlu rameni r\u016fzn\u00fdch typ\u016f stroj\u016f, jako jsou bagry, je\u0159\u00e1by a robotick\u00e1 ramena. Hraje kl\u00ed\u010dovou roli v hydraulick\u00fdch syst\u00e9mech, proto\u017ee umo\u017e\u0148uje efektivn\u00ed pohyb a ovl\u00e1d\u00e1n\u00ed p\u0159\u00edslu\u0161enstv\u00ed nebo p\u0159\u00eddavn\u00fdch za\u0159\u00edzen\u00ed. Tyto v\u00e1lce nejen umo\u017e\u0148uj\u00ed plynul\u00fd pohyb, ale tak\u00e9 odol\u00e1vaj\u00ed t\u011b\u017ek\u00fdm z\u00e1t\u011b\u017e\u00edm, \u010d\u00edm\u017e zaji\u0161\u0165uj\u00ed efektivn\u00ed provoz a spolehlivost stroj\u016f za r\u016fzn\u00fdch pracovn\u00edch podm\u00ednek.<\/p>\n<p><img decoding=\"async\" src=\"https:\/\/www.hydraulic-cylinders.net\/wp-content\/uploads\/2025\/01\/songte-company-2.webp\"><\/p>\n<h2>Funkce<\/h2>\n<ul>\n<li><strong>Vysoce \u00fa\u010dinn\u00fd p\u0159enos:<\/strong> V\u00e1lec ramene poskytuje siln\u00fd line\u00e1rn\u00ed pohyb a s\u00edlu, co\u017e zaji\u0161\u0165uje vysok\u00fd v\u00fdkon robotick\u00e9ho ramene v r\u016fzn\u00fdch operac\u00edch.<\/li>\n<li><strong>P\u0159esn\u00e9 ovl\u00e1d\u00e1n\u00ed:<\/strong> D\u00edky hydraulick\u00e9mu syst\u00e9mu umo\u017e\u0148uje v\u00e1lec ramene p\u0159esn\u00e9 ovl\u00e1d\u00e1n\u00ed pohybu, \u010d\u00edm\u017e je ovl\u00e1d\u00e1n\u00ed p\u0159\u00edslu\u0161enstv\u00ed flexibiln\u011bj\u0161\u00ed a p\u0159esn\u011bj\u0161\u00ed.<\/li>\n<li><strong>Trvanlivost:<\/strong> V\u00e1lce ramen jsou obvykle vyrobeny z vysoce pevn\u00fdch materi\u00e1l\u016f, kter\u00e9 nab\u00edzej\u00ed vynikaj\u00edc\u00ed odolnost proti opot\u0159eben\u00ed a korozi, d\u00edky \u010demu\u017e jsou vhodn\u00e9 pro dlouhodob\u00e9 pou\u017e\u00edv\u00e1n\u00ed v n\u00e1ro\u010dn\u00fdch podm\u00ednk\u00e1ch.<\/li>\n<li><strong>Multifunk\u010dn\u00ed p\u0159izp\u016fsobivost:<\/strong> Tyto v\u00e1lce lze \u0161iroce pou\u017e\u00edvat v r\u016fzn\u00fdch stroj\u00edch, jako jsou bagry, je\u0159\u00e1by a robotick\u00e1 ramena, a p\u0159izp\u016fsobit se tak r\u016fzn\u00fdm pracovn\u00edm po\u017eadavk\u016fm.<\/li>\n<li><strong>Snadn\u00e1 \u00fadr\u017eba:<\/strong> V\u00e1lce ramen jsou navr\u017eeny pro snadnou \u00fadr\u017ebu a v\u00fdm\u011bnu a usnad\u0148uj\u00ed pravideln\u00e9 kontroly a \u00fadr\u017ebu, \u010d\u00edm\u017e zkracuj\u00ed prostoje za\u0159\u00edzen\u00ed.<\/li>\n<\/ul>\n<p><img decoding=\"async\" src=\"https:\/\/www.hydraulic-cylinders.net\/wp-content\/uploads\/2025\/01\/songte-oil-pipes-and-spare-parts.webp\"><\/p>\n<h2>Aplikace<\/h2>\n<p>V\u00e1lce ramen nach\u00e1zej\u00ed uplatn\u011bn\u00ed v r\u016fzn\u00fdch pr\u016fmyslov\u00fdch odv\u011btv\u00edch:<\/p>\n<ul>\n<li><strong>Stavebn\u00ed in\u017een\u00fdrstv\u00ed:<\/strong> U bagr\u016f a je\u0159\u00e1b\u016f ovl\u00e1daj\u00ed v\u00e1lce ramen pohyb l\u017e\u00edce nebo v\u00fdlo\u017en\u00edku pro zemn\u00ed pr\u00e1ce, manipulaci s materi\u00e1lem a mont\u00e1\u017e konstrukc\u00ed.<\/li>\n<li><strong>V\u00fdrobn\u00ed:<\/strong> V automatizovan\u00fdch v\u00fdrobn\u00edch link\u00e1ch umo\u017e\u0148uj\u00ed v\u00e1lce ramen pohyb robotick\u00fdch ramen pro mont\u00e1\u017en\u00ed, sva\u0159ovac\u00ed a manipula\u010dn\u00ed procesy, \u010d\u00edm\u017e zvy\u0161uj\u00ed efektivitu a p\u0159esnost v\u00fdroby.<\/li>\n<li><strong>Zem\u011bd\u011blsk\u00e9 stroje:<\/strong> V zem\u011bd\u011blsk\u00fdch stroj\u00edch, jako jsou skl\u00edzec\u00ed a sec\u00ed stroje, ovl\u00e1daj\u00ed v\u00e1lce ramen pohyb ovl\u00e1dac\u00edch ramen pro \u00fakoly, jako je set\u00ed, hnojen\u00ed a sklize\u0148.<\/li>\n<li><strong>Hornictv\u00ed:<\/strong> V t\u011b\u017eebn\u00edch za\u0159\u00edzen\u00edch se v\u00e1lce ramen pou\u017e\u00edvaj\u00ed k ovl\u00e1d\u00e1n\u00ed pohybu ramen t\u011b\u017eebn\u00edch stroj\u016f pro t\u011b\u017ebu a p\u0159epravu rudy.<\/li>\n<li><strong>Logistika a doprava:<\/strong> U vysokozdvi\u017en\u00fdch voz\u00edk\u016f a manipula\u010dn\u00edch robot\u016f ovl\u00e1daj\u00ed v\u00e1lce ramen zved\u00e1n\u00ed a pohyb vidlic, co\u017e umo\u017e\u0148uje manipulaci s materi\u00e1lem a jeho stohov\u00e1n\u00ed.<\/li>\n<\/ul>\n<h2>Konstruk\u010dn\u00ed aspekty a krit\u00e9ria v\u00fdb\u011bru<\/h2>\n<ul>\n<li><strong>Nosnost:<\/strong> Diskutujte o \u00fanosnosti v\u00e1lce a jej\u00edm v\u00fdznamu pro zaji\u0161t\u011bn\u00ed bezpe\u010dn\u00e9ho a efektivn\u00edho provozu.<\/li>\n<li><strong>T\u011bsn\u011bn\u00ed a maz\u00e1n\u00ed:<\/strong> Popi\u0161te pou\u017eit\u00ed r\u016fzn\u00fdch t\u011bsnic\u00edch komponent\u016f, jako jsou t\u011bsn\u011bn\u00ed p\u00edst\u016f a p\u00edstnic, vyroben\u00fdch z materi\u00e1l\u016f odoln\u00fdch proti opot\u0159eben\u00ed, jako je polyuretan a nitrilov\u00e1 pry\u017e. Zd\u016frazn\u011bte pot\u0159ebu pravideln\u00e9ho maz\u00e1n\u00ed vhodn\u00fdm hydraulick\u00fdm olejem.<\/li>\n<li><strong>Trvanlivost:<\/strong> Vysv\u011btlete jemnou povrchovou \u00fapravu t\u011bles v\u00e1lc\u016f a z\u00e1vitov\u00fdch konc\u016f pro zlep\u0161en\u00ed odolnosti proti opot\u0159eben\u00ed. Zd\u016frazn\u011bte celkovou trvanlivost ramenov\u00e9ho v\u00e1lce.<\/li>\n<li><strong>Bezpe\u010dnost a \u00fadr\u017eba:<\/strong> Prodiskutujte bezpe\u010dnostn\u00ed aspekty a snadnou \u00fadr\u017ebu, v\u010detn\u011b pravideln\u00fdch kontrol a preventivn\u00edch opat\u0159en\u00ed k minimalizaci potenci\u00e1ln\u00edch probl\u00e9m\u016f.<\/li>\n<\/ul>\n<p><img decoding=\"async\" src=\"https:\/\/www.hydraulic-cylinders.net\/wp-content\/uploads\/2025\/01\/songte-cylinder-head-with-all-kinds-excavator-models.webp\"><\/p>\n<h2>Odstra\u0148ov\u00e1n\u00ed probl\u00e9m\u016f a b\u011b\u017en\u00e9 probl\u00e9my<\/h2>\n<p>\u0158e\u0161te b\u011b\u017en\u00e9 probl\u00e9my a poskytn\u011bte tipy a \u0159e\u0161en\u00ed probl\u00e9m\u016f, kter\u00e9 \u010dten\u00e1\u0159\u016fm pomohou efektivn\u011b diagnostikovat a \u0159e\u0161it probl\u00e9my. Nab\u00eddn\u011bte preventivn\u00ed opat\u0159en\u00ed k minimalizaci potenci\u00e1ln\u00edch probl\u00e9m\u016f.<\/p>\n<p><img decoding=\"async\" src=\"https:\/\/www.hydraulic-cylinders.net\/wp-content\/uploads\/2025\/01\/songte-chushion-collar.webp\"><\/p>\n<h2>Instala\u010dn\u00ed p\u0159\u00edru\u010dka<\/h2>\n<p>Poskytn\u011bte komplexn\u00ed n\u00e1vod pro spr\u00e1vnou instalaci v\u00e1lce ramene, kter\u00fd zajist\u00ed jeho spr\u00e1vnou funkci a bezpe\u010dnost.<\/p>\n<p><img decoding=\"async\" src=\"https:\/\/www.hydraulic-cylinders.net\/wp-content\/uploads\/2025\/01\/songte-bushings-with-all-kinds-of-excavator-models.webp\"><\/p>\n<h2>Bezpe\u010dnostn\u00ed aspekty a faktory prost\u0159ed\u00ed<\/h2>\n<p>Diskutujte o d\u016fle\u017eitosti zav\u00e1d\u011bn\u00ed bezpe\u010dnostn\u00edch opat\u0159en\u00ed p\u0159i pou\u017e\u00edv\u00e1n\u00ed hydraulick\u00fdch v\u00e1lc\u016f a zva\u017ete dopad jejich provozu na \u017eivotn\u00ed prost\u0159ed\u00ed.<\/p>\n<h2>O na\u0161\u00ed spole\u010dnosti<\/h2>\n<p>Jsme profesion\u00e1ln\u00ed v\u00fdrobce n\u00e1hradn\u00edch hydraulick\u00fdch v\u00e1lc\u016f a nab\u00edz\u00edme \u0161irokou \u0161k\u00e1lu produkt\u016f. Stali jsme se jedn\u00edm z p\u0159edn\u00edch v\u00fdrobc\u016f a velkoobchodn\u00edk\u016f s hydraulick\u00fdmi v\u00e1lci na dom\u00e1c\u00edm i mezin\u00e1rodn\u00edm trhu. \u0158\u00edd\u00edme se z\u00e1sadou vynikaj\u00edc\u00ed kvality a neust\u00e1le zlep\u0161ujeme na\u0161i technologickou \u00farove\u0148 a efektivitu v\u00fdroby. D\u00edky nejmodern\u011bj\u0161\u00edmu digit\u00e1ln\u00edmu v\u00fdrobn\u00edmu za\u0159\u00edzen\u00ed a profesion\u00e1ln\u00edm testovac\u00edm syst\u00e9m\u016fm optimalizujeme na\u0161i v\u00fdrobn\u00ed platformu a vylep\u0161ujeme procesy kontroly kvality v\u00fdrobk\u016f, \u010d\u00edm\u017e prokazujeme siln\u00e9 inovativn\u00ed schopnosti. Na\u0161\u00edm c\u00edlem je uspokojovat rozmanit\u00e9 pot\u0159eby z\u00e1kazn\u00edk\u016f s efektivitou, p\u0159esnost\u00ed a vysoce kvalitn\u00edmi produkty.<\/p>\n<p><img decoding=\"async\" src=\"https:\/\/www.hydraulic-cylinders.net\/wp-content\/uploads\/2025\/01\/songte-company-4.webp\"><br \/>\n<img decoding=\"async\" src=\"https:\/\/www.hydraulic-cylinders.net\/wp-content\/uploads\/2025\/01\/songte-company-3.webp\"><\/p>\n<p>Autor: lyl.<\/p>","protected":false},"excerpt":{"rendered":"<p>Arm Cylinder For Volvo Large Excavator EC480D Introduction The arm cylinder is a specially designed hydraulic cylinder that provides linear motion and power to the arm of various types of machinery, such as excavators, cranes, and robotic arms. It plays a crucial role in hydraulic systems, allowing for the efficient movement and control of attachments [&hellip;]<\/p>","protected":false},"featured_media":14766,"comment_status":"open","ping_status":"closed","template":"","meta":{"_et_pb_use_builder":"","_et_pb_old_content":"","_et_gb_content_width":""},"product_brand":[],"product_cat":[1497],"product_tag":[1498,1496],"class_list":{"0":"post-16332","1":"product","2":"type-product","3":"status-publish","4":"has-post-thumbnail","6":"product_cat-arm-cylinders","7":"product_tag-arm-cylinders","8":"product_tag-hydraulic-cylinders","10":"first","11":"instock","12":"shipping-taxable","13":"product-type-simple"},"amp_enabled":true,"_links":{"self":[{"href":"https:\/\/www.hydraulic-cylinders.net\/cs\/wp-json\/wp\/v2\/product\/16332","targetHints":{"allow":["GET"]}}],"collection":[{"href":"https:\/\/www.hydraulic-cylinders.net\/cs\/wp-json\/wp\/v2\/product"}],"about":[{"href":"https:\/\/www.hydraulic-cylinders.net\/cs\/wp-json\/wp\/v2\/types\/product"}],"replies":[{"embeddable":true,"href":"https:\/\/www.hydraulic-cylinders.net\/cs\/wp-json\/wp\/v2\/comments?post=16332"}],"wp:featuredmedia":[{"embeddable":true,"href":"https:\/\/www.hydraulic-cylinders.net\/cs\/wp-json\/wp\/v2\/media\/14766"}],"wp:attachment":[{"href":"https:\/\/www.hydraulic-cylinders.net\/cs\/wp-json\/wp\/v2\/media?parent=16332"}],"wp:term":[{"taxonomy":"product_brand","embeddable":true,"href":"https:\/\/www.hydraulic-cylinders.net\/cs\/wp-json\/wp\/v2\/product_brand?post=16332"},{"taxonomy":"product_cat","embeddable":true,"href":"https:\/\/www.hydraulic-cylinders.net\/cs\/wp-json\/wp\/v2\/product_cat?post=16332"},{"taxonomy":"product_tag","embeddable":true,"href":"https:\/\/www.hydraulic-cylinders.net\/cs\/wp-json\/wp\/v2\/product_tag?post=16332"}],"curies":[{"name":"wp","href":"https:\/\/api.w.org\/{rel}","templated":true}]}}