{"id":16340,"date":"2025-01-20T09:07:18","date_gmt":"2025-01-20T09:07:18","guid":{"rendered":"https:\/\/www.hydraulic-cylinders.net\/product\/arm-cylinderfor-volvo-large-excavator-ec700c\/"},"modified":"2025-01-20T09:07:21","modified_gmt":"2025-01-20T09:07:21","slug":"arm-cylinderfor-volvo-large-excavator-ec700c","status":"publish","type":"product","link":"https:\/\/www.hydraulic-cylinders.net\/cs\/produkt\/arm-cylinderfor-volvo-large-excavator-ec700c\/","title":{"rendered":"V\u00e1lec ramene pro velk\u00e9 rypadlo Volvo EC700C"},"content":{"rendered":"<h1>V\u00e1lec ramene pro velk\u00e9 rypadlo Volvo EC700C<\/h1>\n<h2>Zaveden\u00ed<\/h2>\n<p>V\u00e1lec ramene je speci\u00e1ln\u011b navr\u017een\u00fd hydraulick\u00fd v\u00e1lec, kter\u00fd zaji\u0161\u0165uje line\u00e1rn\u00ed pohyb a s\u00edlu ramene r\u016fzn\u00fdch typ\u016f stroj\u016f, jako jsou bagry, je\u0159\u00e1by a robotick\u00e1 ramena. Hraje kl\u00ed\u010dovou roli v hydraulick\u00fdch syst\u00e9mech, proto\u017ee umo\u017e\u0148uje efektivn\u00ed pohyb a ovl\u00e1d\u00e1n\u00ed dal\u0161\u00edho n\u00e1\u0159ad\u00ed nebo p\u0159\u00edslu\u0161enstv\u00ed. Tyto v\u00e1lce nejen zaji\u0161\u0165uj\u00ed plynul\u00fd pohyb, ale tak\u00e9 dok\u00e1\u017e\u00ed odolat t\u011b\u017ek\u00fdm z\u00e1t\u011b\u017e\u00edm, co\u017e zaji\u0161\u0165uje vysok\u00fd v\u00fdkon a spolehlivost stroje v r\u016fzn\u00fdch provozn\u00edch podm\u00ednk\u00e1ch.<\/p>\n<p><img decoding=\"async\" src=\"https:\/\/www.hydraulic-cylinders.net\/wp-content\/uploads\/2025\/01\/songte-company-2.webp\"><\/p>\n<h2>Funkce<\/h2>\n<ul>\n<li><strong>Vysoce \u00fa\u010dinn\u00fd p\u0159enos:<\/strong> V\u00e1lec ramene poskytuje siln\u00fd line\u00e1rn\u00ed pohyb a s\u00edlu, co\u017e zaji\u0161\u0165uje vysok\u00fd v\u00fdkon mechanick\u00e9ho ramene v r\u016fzn\u00fdch operac\u00edch.<\/li>\n<li><strong>P\u0159esn\u00e9 ovl\u00e1d\u00e1n\u00ed:<\/strong> D\u00edky hydraulick\u00e9mu syst\u00e9mu umo\u017e\u0148uje v\u00e1lec ramene p\u0159esn\u00e9 ovl\u00e1d\u00e1n\u00ed pohybu, \u010d\u00edm\u017e je ovl\u00e1d\u00e1n\u00ed p\u0159ipojen\u00e9ho n\u00e1\u0159ad\u00ed flexibiln\u011bj\u0161\u00ed a p\u0159esn\u011bj\u0161\u00ed.<\/li>\n<li><strong>Trvanlivost:<\/strong> V\u00e1lec ramene se obvykle vyr\u00e1b\u00ed z vysoce pevn\u00fdch materi\u00e1l\u016f, kter\u00e9 nab\u00edzej\u00ed vynikaj\u00edc\u00ed odolnost proti opot\u0159eben\u00ed a korozi, tak\u017ee je vhodn\u00fd pro dlouhodob\u00e9 pou\u017e\u00edv\u00e1n\u00ed v n\u00e1ro\u010dn\u00fdch podm\u00ednk\u00e1ch.<\/li>\n<li><strong>Multifunk\u010dn\u00ed p\u0159izp\u016fsobivost:<\/strong> Tyto v\u00e1lce lze \u0161iroce pou\u017e\u00edt v r\u016fzn\u00fdch typech stroj\u016f, jako jsou bagry, je\u0159\u00e1by a robotick\u00e1 ramena, aby spl\u0148ovaly r\u016fzn\u00e9 pracovn\u00ed po\u017eadavky.<\/li>\n<li><strong>Snadn\u00e1 \u00fadr\u017eba:<\/strong> V\u00e1lec ramene, navr\u017een\u00fd s ohledem na snadnou \u00fadr\u017ebu a v\u00fdm\u011bnu, usnad\u0148uje pravideln\u00e9 kontroly a \u00fadr\u017ebu, \u010d\u00edm\u017e zkracuje prostoje za\u0159\u00edzen\u00ed.<\/li>\n<\/ul>\n<p><img decoding=\"async\" src=\"https:\/\/www.hydraulic-cylinders.net\/wp-content\/uploads\/2025\/01\/songte-oil-pipes-and-spare-parts.webp\"><\/p>\n<h2>Aplikace<\/h2>\n<p>Rameno v\u00e1lce nach\u00e1z\u00ed uplatn\u011bn\u00ed v r\u016fzn\u00fdch pr\u016fmyslov\u00fdch odv\u011btv\u00edch:<\/p>\n<ul>\n<li><strong>Stavebn\u00ed in\u017een\u00fdrstv\u00ed:<\/strong> U bagr\u016f a je\u0159\u00e1b\u016f ovl\u00e1d\u00e1 v\u00e1lec ramene pohyb l\u017e\u00edc nebo v\u00fdlo\u017en\u00edk\u016f pro zemn\u00ed pr\u00e1ce, manipulaci s materi\u00e1lem a mont\u00e1\u017e konstrukc\u00ed.<\/li>\n<li><strong>Zpracovatelsk\u00fd pr\u016fmysl:<\/strong> V automatizovan\u00fdch v\u00fdrobn\u00edch link\u00e1ch umo\u017e\u0148uje v\u00e1lec ramene pohyb robotick\u00fdch ramen pro mont\u00e1\u017en\u00ed, sva\u0159ovac\u00ed a manipula\u010dn\u00ed procesy, \u010d\u00edm\u017e zvy\u0161uje efektivitu a p\u0159esnost v\u00fdroby.<\/li>\n<li><strong>Zem\u011bd\u011blsk\u00e9 stroje:<\/strong> V zem\u011bd\u011blsk\u00fdch stroj\u00edch, jako jsou skl\u00edzec\u00ed a sec\u00ed stroje, \u0159\u00edd\u00ed v\u00e1lec ramene pohyb ovl\u00e1dac\u00edch ramen pro \u00fakoly, jako je set\u00ed, hnojen\u00ed a sklize\u0148.<\/li>\n<li><strong>Hornictv\u00ed:<\/strong> V t\u011b\u017eebn\u00edm za\u0159\u00edzen\u00ed \u0159\u00edd\u00ed v\u00e1lec ramene pohyb ramen t\u011b\u017eebn\u00edch stroj\u016f pro t\u011b\u017ebu a p\u0159epravu rudy.<\/li>\n<li><strong>Logistika a doprava:<\/strong> U vysokozdvi\u017en\u00fdch voz\u00edk\u016f a manipula\u010dn\u00edch robot\u016f \u0159\u00edd\u00ed v\u00e1lec ramene zved\u00e1n\u00ed a pohyb vidlic, co\u017e umo\u017e\u0148uje manipulaci a stohov\u00e1n\u00ed materi\u00e1l\u016f.<\/li>\n<\/ul>\n<h2>Konstruk\u010dn\u00ed aspekty a krit\u00e9ria v\u00fdb\u011bru<\/h2>\n<ul>\n<li><strong>Nosnost:<\/strong> Schopnost v\u00e1lce ramene odol\u00e1vat zat\u00ed\u017een\u00ed je kl\u00ed\u010dov\u00fdm konstruk\u010dn\u00edm hlediskem, kter\u00e9 zaji\u0161\u0165uje, \u017ee bezpe\u010dn\u011b zvl\u00e1dne zam\u00fd\u0161len\u00e9 pracovn\u00ed zat\u00ed\u017een\u00ed.<\/li>\n<li><strong>T\u011bsn\u011bn\u00ed:<\/strong> K zabr\u00e1n\u011bn\u00ed \u00faniku kapaliny a udr\u017een\u00ed hydraulick\u00e9 \u00fa\u010dinnosti se pou\u017e\u00edvaj\u00ed r\u016fzn\u00e9 t\u011bsnic\u00ed komponenty, jako jsou t\u011bsn\u011bn\u00ed p\u00edst\u016f a p\u00edstnic. Tato t\u011bsn\u011bn\u00ed jsou vyrobena z materi\u00e1l\u016f odoln\u00fdch proti opot\u0159eben\u00ed, jako je polyuretan a nitrilov\u00e1 pry\u017e.<\/li>\n<li><strong>Trvanlivost:<\/strong> T\u011bleso v\u00e1lce a z\u00e1vitov\u00e9 konce proch\u00e1zej\u00ed p\u0159esn\u00fdm o\u0161et\u0159en\u00edm pro zv\u00fd\u0161en\u00ed odolnosti proti opot\u0159eben\u00ed a del\u0161\u00ed \u017eivotnosti.<\/li>\n<li><strong>Bezpe\u010dnost:<\/strong> Sou\u010d\u00e1st\u00ed konstrukce jsou bezpe\u010dnostn\u00ed prvky a opat\u0159en\u00ed, kter\u00e9 zaji\u0161\u0165uj\u00ed bezpe\u010dn\u00fd provoz v\u00e1lce ramene.<\/li>\n<li><strong>\u00dadr\u017eba:<\/strong> Konstrukce zohled\u0148uje snadnou \u00fadr\u017ebu a v\u00fdm\u011bnu, co\u017e umo\u017e\u0148uje pohodlnou kontrolu a zkracuje prostoje.<\/li>\n<\/ul>\n<p><img decoding=\"async\" src=\"https:\/\/www.hydraulic-cylinders.net\/wp-content\/uploads\/2025\/01\/songte-cylinder-head-with-all-kinds-excavator-models.webp\"><\/p>\n<h2>T\u011bsn\u011bn\u00ed a maz\u00e1n\u00ed<\/h2>\n<p>V\u00e1lec s ramenem vyu\u017e\u00edv\u00e1 r\u016fzn\u00e9 t\u011bsnic\u00ed komponenty, jako jsou t\u011bsn\u011bn\u00ed p\u00edst\u016f a p\u00edstnic, vyroben\u00e9 z materi\u00e1l\u016f odoln\u00fdch proti opot\u0159eben\u00ed, jako je polyuretan a nitrilov\u00e1 pry\u017e. T\u011bleso v\u00e1lce a z\u00e1vitov\u00e9 konce proch\u00e1zej\u00ed jemn\u00fdm o\u0161et\u0159en\u00edm pro zlep\u0161en\u00ed odolnosti proti opot\u0159eben\u00ed. Pravideln\u00e9 maz\u00e1n\u00ed vhodn\u00fdm mno\u017estv\u00edm hydraulick\u00e9ho oleje je nezbytn\u00e9 pro zaji\u0161t\u011bn\u00ed spr\u00e1vn\u00e9ho maz\u00e1n\u00ed pohybliv\u00fdch \u010d\u00e1st\u00ed.<\/p>\n<h2>Pravideln\u00e1 kontrola a preventivn\u00ed \u00fadr\u017eba<\/h2>\n<ul>\n<li>Pravideln\u011b kontrolujte v\u00e1lec ramene, zda nevykazuje zn\u00e1mky opot\u0159eben\u00ed, net\u011bsnosti nebo po\u0161kozen\u00ed.<\/li>\n<li>Zkontrolujte a v p\u0159\u00edpad\u011b pot\u0159eby vym\u011b\u0148te t\u011bsn\u011bn\u00ed.<\/li>\n<li>Sledujte hladinu a kvalitu hydraulick\u00e9 kapaliny.<\/li>\n<li>Ujist\u011bte se, \u017ee v\u0161echna p\u0159ipojen\u00ed a armatury jsou bezpe\u010dn\u00e9.<\/li>\n<li>Udr\u017eujte v\u00e1lec a okoln\u00ed sou\u010d\u00e1sti \u010dist\u00e9, abyste zabr\u00e1nili kontaminaci.<\/li>\n<\/ul>\n<h2>Pr\u016fvodce instalac\u00ed produktu<\/h2>\n<p>Spr\u00e1vn\u00e1 instalace v\u00e1lce ramene je z\u00e1sadn\u00ed pro optim\u00e1ln\u00ed v\u00fdkon a bezpe\u010dnost. Postupujte podle t\u011bchto krok\u016f:<\/p>\n<ol>\n<li>P\u0159ipravte si mont\u00e1\u017en\u00ed plochu a ujist\u011bte se, \u017ee je \u010dist\u00e1 a bez ne\u010distot.<\/li>\n<li>Zarovnejte v\u00e1lec ramene s mont\u00e1\u017en\u00edmi body a zajist\u011bte jej vhodn\u00fdmi \u0161rouby a spojovac\u00edm materi\u00e1lem.<\/li>\n<li>P\u0159ipojte hydraulick\u00e9 hadice nebo potrub\u00ed a zajist\u011bte \u0159\u00e1dn\u00e9 ut\u011bsn\u011bn\u00ed a pevn\u00e9 spojen\u00ed.<\/li>\n<li>Zkontrolujte, zda jsou v\u0161echna p\u0159ipojen\u00ed bezpe\u010dn\u00e1 a zda nedoch\u00e1z\u00ed k \u00fanik\u016fm.<\/li>\n<li>Otestujte funkci v\u00e1lce ramene, abyste zajistili plynul\u00fd a p\u0159esn\u00fd pohyb.<\/li>\n<\/ol>\n<p><img decoding=\"async\" src=\"https:\/\/www.hydraulic-cylinders.net\/wp-content\/uploads\/2025\/01\/songte-bushings-with-all-kinds-of-excavator-models.webp\"><\/p>\n<h2>Bezpe\u010dnostn\u00ed aspekty a faktory prost\u0159ed\u00ed<\/h2>\n<p>P\u0159i pou\u017e\u00edv\u00e1n\u00ed v\u00e1lce s ramenem je d\u016fle\u017eit\u00e9 zav\u00e9st vhodn\u00e1 bezpe\u010dnostn\u00ed opat\u0159en\u00ed, aby se zabr\u00e1nilo nehod\u00e1m a byla zaji\u0161t\u011bna bezpe\u010dnost obsluhy. Bezpe\u010dnostn\u00ed opat\u0159en\u00ed by m\u011bla b\u00fdt dodr\u017eov\u00e1na v souladu s konkr\u00e9tn\u00ed aplikac\u00ed a pr\u016fmyslov\u00fdmi normami.<\/p>\n<h2>Diagnostika z\u00e1vad a b\u011b\u017en\u00e9 probl\u00e9my<\/h2>\n<p>Mezi b\u011b\u017en\u00e9 z\u00e1vady a probl\u00e9my, kter\u00e9 mohou nastat s v\u00e1lcem ramene, pat\u0159\u00ed:<\/p>\n<ul>\n<li>\u00danik kapaliny z t\u011bsn\u011bn\u00ed nebo spoj\u016f.<\/li>\n<li>Nerovnom\u011brn\u00fd nebo trhav\u00fd pohyb pa\u017ee.<\/li>\n<li>Nadm\u011brn\u00fd hluk b\u011bhem provozu.<\/li>\n<li>Nedostate\u010dn\u00e1 s\u00edla nebo v\u00fdkon v pohybu pa\u017ee.<\/li>\n<li>Nepravideln\u00fd nebo nevyzpytateln\u00fd provoz p\u0159ipojen\u00e9ho n\u00e1\u0159ad\u00ed.<\/li>\n<\/ul>\n<p>Pro \u0159e\u0161en\u00ed t\u011bchto probl\u00e9m\u016f zva\u017ete n\u00e1sleduj\u00edc\u00ed:<\/p>\n<ul>\n<li>Zkontrolujte a vym\u011b\u0148te opot\u0159ebovan\u00e1 nebo po\u0161kozen\u00e1 t\u011bsn\u011bn\u00ed.<\/li>\n<li>Zkontrolujte uvoln\u011bn\u00e9 nebo po\u0161kozen\u00e9 spoje a v p\u0159\u00edpad\u011b pot\u0159eby je ut\u00e1hn\u011bte nebo vym\u011b\u0148te.<\/li>\n<li>Zajist\u011bte spr\u00e1vn\u00e9 maz\u00e1n\u00ed pohybliv\u00fdch \u010d\u00e1st\u00ed.<\/li>\n<li>Zkontrolujte tlak a hladinu kapaliny v hydraulick\u00e9m syst\u00e9mu.<\/li>\n<li>V p\u0159\u00edpad\u011b pot\u0159eby si p\u0159e\u010dt\u011bte pokyny v\u00fdrobce nebo vyhledejte odbornou pomoc.<\/li>\n<\/ul>\n<p><img decoding=\"async\" src=\"https:\/\/www.hydraulic-cylinders.net\/wp-content\/uploads\/2025\/01\/songte-chushion-collar.webp\"><\/p>\n<p>Je d\u016fle\u017eit\u00e9 \u010dl\u00e1nek logicky uspo\u0159\u00e1dat, pou\u017e\u00edvat podnadpisy pro snadnou navigaci a za\u010dle\u0148ovat relevantn\u00ed obr\u00e1zky nebo grafy pro lep\u0161\u00ed pochopen\u00ed. Obsah by m\u011bl b\u00fdt jasn\u00fd, stru\u010dn\u00fd a vhodn\u00fd pro \u010dten\u00e1\u0159e s r\u016fznou \u00farovn\u00ed technick\u00fdch znalost\u00ed.<\/p>\n<h2>O na\u0161\u00ed spole\u010dnosti<\/h2>\n<p>Jsme profesion\u00e1ln\u00ed v\u00fdrobce n\u00e1hradn\u00edch hydraulick\u00fdch v\u00e1lc\u016f. D\u00edky \u0161irok\u00e9 \u0161k\u00e1le produkt\u016f jsme se stali jedn\u00edm z p\u0159edn\u00edch v\u00fdrobc\u016f a velkoobchodn\u00edk\u016f s hydraulick\u00fdmi v\u00e1lci na dom\u00e1c\u00edm i mezin\u00e1rodn\u00edm trhu. V souladu s principem excelence neust\u00e1le zlep\u0161ujeme na\u0161i technickou odbornost a efektivitu v\u00fdroby prost\u0159ednictv\u00edm vylad\u011bn\u00fdch v\u00fdrobn\u00edch proces\u016f. Zav\u00e1d\u011bn\u00edm pokro\u010dil\u00fdch digit\u00e1ln\u00edch v\u00fdrobn\u00edch za\u0159\u00edzen\u00ed a profesion\u00e1ln\u00edch testovac\u00edch syst\u00e9m\u016f optimalizujeme na\u0161i v\u00fdrobn\u00ed platformu a zlep\u0161ujeme procesy kontroly kvality v\u00fdrobk\u016f. Jsme odhodl\u00e1ni uspokojovat rozmanit\u00e9 pot\u0159eby na\u0161ich z\u00e1kazn\u00edk\u016f s vysokou efektivitou, p\u0159esnost\u00ed a kvalitou.<\/p>\n<p><img decoding=\"async\" src=\"https:\/\/www.hydraulic-cylinders.net\/wp-content\/uploads\/2025\/01\/songte-company-4.webp\"><br \/>\n<img decoding=\"async\" src=\"https:\/\/www.hydraulic-cylinders.net\/wp-content\/uploads\/2025\/01\/songte-company-3.webp\"><\/p>\n<p>Na\u0161e spole\u010dnost je zn\u00e1m\u00e1 pro:<\/p>\n<ul>\n<li>Profesionalita a odbornost v oboru.<\/li>\n<li>Mezin\u00e1rodn\u00ed certifikace a shoda s oborov\u00fdmi standardy.<\/li>\n<li>Slu\u017eby p\u0159izp\u016fsoben\u00ed dle specifick\u00fdch po\u017eadavk\u016f.<\/li>\n<li>Nejmodern\u011bj\u0161\u00ed v\u00fdrobn\u00ed za\u0159\u00edzen\u00ed a vybaven\u00ed.<\/li>\n<li>Komplexn\u00ed poprodejn\u00ed servis a podpora.<\/li>\n<\/ul>\n<p>Autor: lyl<\/p>","protected":false},"excerpt":{"rendered":"<p>Arm Cylinder For Volvo Large Excavator EC700C Introduction The Arm Cylinder is a specially designed hydraulic cylinder that provides linear motion and power to the arm of various types of machinery such as excavators, cranes, and robotic arms. It plays a crucial role in hydraulic systems, enabling the efficient movement and control of additional tools [&hellip;]<\/p>","protected":false},"featured_media":14772,"comment_status":"open","ping_status":"closed","template":"","meta":{"_et_pb_use_builder":"","_et_pb_old_content":"","_et_gb_content_width":""},"product_brand":[],"product_cat":[1497],"product_tag":[1498,1496],"class_list":{"0":"post-16340","1":"product","2":"type-product","3":"status-publish","4":"has-post-thumbnail","6":"product_cat-arm-cylinders","7":"product_tag-arm-cylinders","8":"product_tag-hydraulic-cylinders","10":"first","11":"instock","12":"shipping-taxable","13":"product-type-simple"},"amp_enabled":true,"_links":{"self":[{"href":"https:\/\/www.hydraulic-cylinders.net\/cs\/wp-json\/wp\/v2\/product\/16340","targetHints":{"allow":["GET"]}}],"collection":[{"href":"https:\/\/www.hydraulic-cylinders.net\/cs\/wp-json\/wp\/v2\/product"}],"about":[{"href":"https:\/\/www.hydraulic-cylinders.net\/cs\/wp-json\/wp\/v2\/types\/product"}],"replies":[{"embeddable":true,"href":"https:\/\/www.hydraulic-cylinders.net\/cs\/wp-json\/wp\/v2\/comments?post=16340"}],"wp:featuredmedia":[{"embeddable":true,"href":"https:\/\/www.hydraulic-cylinders.net\/cs\/wp-json\/wp\/v2\/media\/14772"}],"wp:attachment":[{"href":"https:\/\/www.hydraulic-cylinders.net\/cs\/wp-json\/wp\/v2\/media?parent=16340"}],"wp:term":[{"taxonomy":"product_brand","embeddable":true,"href":"https:\/\/www.hydraulic-cylinders.net\/cs\/wp-json\/wp\/v2\/product_brand?post=16340"},{"taxonomy":"product_cat","embeddable":true,"href":"https:\/\/www.hydraulic-cylinders.net\/cs\/wp-json\/wp\/v2\/product_cat?post=16340"},{"taxonomy":"product_tag","embeddable":true,"href":"https:\/\/www.hydraulic-cylinders.net\/cs\/wp-json\/wp\/v2\/product_tag?post=16340"}],"curies":[{"name":"wp","href":"https:\/\/api.w.org\/{rel}","templated":true}]}}