{"id":16362,"date":"2025-01-20T09:09:10","date_gmt":"2025-01-20T09:09:10","guid":{"rendered":"https:\/\/www.hydraulic-cylinders.net\/product\/arm-cylinderfor-sany-middle-excavator-sy245cq\/"},"modified":"2025-01-20T09:09:11","modified_gmt":"2025-01-20T09:09:11","slug":"arm-cylinderfor-sany-middle-excavator-sy245cq","status":"publish","type":"product","link":"https:\/\/www.hydraulic-cylinders.net\/cs\/produkt\/arm-cylinderfor-sany-middle-excavator-sy245cq\/","title":{"rendered":"V\u00e1lec ramene pro Sany Middle Excavator SY245CQ"},"content":{"rendered":"<p>V\u00e1lec ramene pro Sany Middle Excavator SY245CQ: Definice a vysv\u011btlen\u00ed<\/p>\n<p>Hydraulick\u00fd v\u00e1lec ramene je specializovan\u00fd hydraulick\u00fd v\u00e1lec ur\u010den\u00fd k zaji\u0161t\u011bn\u00ed line\u00e1rn\u00edho pohybu a v\u00fdkonu ramen r\u016fzn\u00fdch stroj\u016f, jako jsou bagry, je\u0159\u00e1by a mechanick\u00e1 ramena. V\u00e1lce ramen hraj\u00ed kl\u00ed\u010dovou roli v hydraulick\u00fdch syst\u00e9mech, proto\u017ee umo\u017e\u0148uj\u00ed efektivn\u00ed pohyb a ovl\u00e1d\u00e1n\u00ed p\u0159\u00eddavn\u00e9ho n\u00e1\u0159ad\u00ed nebo p\u0159\u00edslu\u0161enstv\u00ed. Tyto v\u00e1lce nejen\u017ee zaji\u0161\u0165uj\u00ed plynul\u00fd pohyb, ale tak\u00e9 sn\u00e1\u0161ej\u00ed t\u011b\u017ek\u00e1 zat\u00ed\u017een\u00ed, \u010d\u00edm\u017e zaji\u0161\u0165uj\u00ed efektivn\u00ed provoz a spolehlivost stroj\u016f za r\u016fzn\u00fdch pracovn\u00edch podm\u00ednek.<\/p>\n<p>V\u00e1lec ramene: Kl\u00ed\u010dov\u00e9 vlastnosti<\/p>\n<p>1. Vysoce \u00fa\u010dinn\u00fd p\u0159evod: V\u00e1lce ramene poskytuj\u00ed siln\u00fd line\u00e1rn\u00ed pohyb a s\u00edlu, co\u017e zaji\u0161\u0165uje vysok\u00fd v\u00fdkon mechanick\u00e9ho ramene v r\u016fzn\u00fdch operac\u00edch.<\/p>\n<p>2. P\u0159esn\u00e9 ovl\u00e1d\u00e1n\u00ed: Prost\u0159ednictv\u00edm hydraulick\u00e9ho syst\u00e9mu mohou v\u00e1lce ramen dos\u00e1hnout p\u0159esn\u00e9ho ovl\u00e1d\u00e1n\u00ed pohybu, co\u017e umo\u017e\u0148uje flexibiln\u011bj\u0161\u00ed a p\u0159esn\u011bj\u0161\u00ed ovl\u00e1d\u00e1n\u00ed dal\u0161\u00edch n\u00e1stroj\u016f.<\/p>\n<p>3. Vysok\u00e1 odolnost: V\u00e1lce ramen jsou obvykle vyrobeny z vysoce pevn\u00fdch materi\u00e1l\u016f s dobrou odolnost\u00ed proti opot\u0159eben\u00ed a korozi, vhodn\u00e9 pro dlouhodob\u00e9 pou\u017eit\u00ed v n\u00e1ro\u010dn\u00fdch podm\u00ednk\u00e1ch.<\/p>\n<p>4. V\u0161estrann\u00e1 p\u0159izp\u016fsobivost: Tyto v\u00e1lce lze \u0161iroce pou\u017e\u00edvat v r\u016fzn\u00fdch mechanick\u00fdch za\u0159\u00edzen\u00edch, jako jsou bagry, je\u0159\u00e1by a mechanick\u00e1 ramena, aby se p\u0159izp\u016fsobily r\u016fzn\u00fdm pracovn\u00edm pot\u0159eb\u00e1m.<\/p>\n<p>5. Snadn\u00e1 \u00fadr\u017eba: Konstrukce zohled\u0148uje snadnou \u00fadr\u017ebu a v\u00fdm\u011bnu, co\u017e usnad\u0148uje pravideln\u00e9 kontroly a \u00fadr\u017ebu a zkracuje prostoje za\u0159\u00edzen\u00ed.<\/p>\n<p>V\u00e1lec ramene: Pou\u017eit\u00ed<\/p>\n<p>1. Stavebn\u00ed in\u017een\u00fdrstv\u00ed: U bagr\u016f a je\u0159\u00e1b\u016f se v\u00e1lce ramen pou\u017e\u00edvaj\u00ed k ovl\u00e1d\u00e1n\u00ed pohybu l\u017e\u00edc nebo v\u00fdlo\u017en\u00edk\u016f, k prov\u00e1d\u011bn\u00ed zemn\u00edch prac\u00ed, manipulace s materi\u00e1lem a mont\u00e1\u017ee konstrukc\u00ed.<\/p>\n<p>2. V\u00fdroba: V automatizovan\u00fdch v\u00fdrobn\u00edch link\u00e1ch se v\u00e1lce ramen pou\u017e\u00edvaj\u00ed k pohybu mechanick\u00fdch ramen, k prov\u00e1d\u011bn\u00ed mont\u00e1\u017en\u00edch, sva\u0159ovac\u00edch a manipula\u010dn\u00edch proces\u016f, \u010d\u00edm\u017e se zvy\u0161uje efektivita a p\u0159esnost v\u00fdroby.<\/p>\n<p>3. Zem\u011bd\u011blsk\u00e9 stroje: V zem\u011bd\u011blsk\u00fdch stroj\u00edch, jako jsou skl\u00edzec\u00ed a sec\u00ed stroje, ovl\u00e1daj\u00ed v\u00e1lce ramen pohyb ovl\u00e1dac\u00edho ramene a prov\u00e1d\u011bj\u00ed \u00fakoly, jako je set\u00ed, hnojen\u00ed a sklize\u0148.<\/p>\n<p>4. T\u011b\u017eba: V t\u011b\u017eebn\u00edch za\u0159\u00edzen\u00edch se v\u00e1lce ramen pou\u017e\u00edvaj\u00ed k ovl\u00e1d\u00e1n\u00ed pohybu ramen t\u011b\u017eebn\u00edho za\u0159\u00edzen\u00ed, k prov\u00e1d\u011bn\u00ed t\u011b\u017eby a p\u0159epravy rudy.<\/p>\n<p>5. Logistika a doprava: U vysokozdvi\u017en\u00fdch voz\u00edk\u016f a manipula\u010dn\u00edch robot\u016f se v\u00e1lce ramen pou\u017e\u00edvaj\u00ed k ovl\u00e1d\u00e1n\u00ed zved\u00e1n\u00ed a pohybu vidlic, \u010d\u00edm\u017e se dosahuje manipulace s materi\u00e1lem a jeho stohov\u00e1n\u00ed.<\/p>\n<p>Rameno v\u00e1lce: Konstruk\u010dn\u00ed aspekty a krit\u00e9ria v\u00fdb\u011bru<\/p>\n<p>1. Nosnost: V\u00e1lce ramen mus\u00ed b\u00fdt schopny odolat zat\u00ed\u017een\u00ed generovan\u00e9mu b\u011bhem provozu a zajistit tak bezpe\u010dn\u00fd a stabiln\u00ed provoz strojn\u00edho za\u0159\u00edzen\u00ed.<\/p>\n<p>2. T\u011bsnic\u00ed v\u00fdkon: V\u00e1lce ramen vy\u017eaduj\u00ed dobr\u00fd t\u011bsnic\u00ed v\u00fdkon, aby se zabr\u00e1nilo \u00faniku oleje a udr\u017eel hydraulick\u00fd tlak.<\/p>\n<p>3. Trvanlivost: V\u00e1lce ramen mus\u00ed b\u00fdt vyrobeny z materi\u00e1l\u016f se silnou odolnost\u00ed proti opot\u0159eben\u00ed a korozi, co\u017e zaji\u0161\u0165uje dlouhodobou stabilitu b\u011bhem provozu.<\/p>\n<p>4. Bezpe\u010dnost: Konstrukce mus\u00ed zohled\u0148ovat bezpe\u010dnostn\u00ed opat\u0159en\u00ed k prevenci nehod b\u011bhem provozu a zaji\u0161t\u011bn\u00ed bezpe\u010dnosti obsluhy a stroj\u016f.<\/p>\n<p>5. \u00dadr\u017eba: Konstrukce mus\u00ed zohled\u0148ovat snadnou \u00fadr\u017ebu a v\u00fdm\u011bnu, \u010d\u00edm\u017e se sn\u00ed\u017e\u00ed prostoje za\u0159\u00edzen\u00ed a n\u00e1klady na \u00fadr\u017ebu.<\/p>\n<p>V\u00e1lec ramene: T\u011bsn\u011bn\u00ed a maz\u00e1n\u00ed<\/p>\n<p>V\u00e1lce s rameny pou\u017e\u00edvaj\u00ed r\u016fzn\u00e9 t\u011bsnic\u00ed prvky, jako jsou t\u011bsn\u011bn\u00ed p\u00edst\u016f, t\u011bsn\u011bn\u00ed p\u00edstnic atd. T\u011bsnic\u00ed prvky jsou vyrobeny z materi\u00e1l\u016f odoln\u00fdch proti opot\u0159eben\u00ed, jako je polyuretan a nitrilov\u00e1 pry\u017e. T\u011bleso v\u00e1lce a z\u00e1vitov\u00fd konec jsou jemn\u011b o\u0161et\u0159eny pro zlep\u0161en\u00ed odolnosti proti opot\u0159eben\u00ed. Pro udr\u017een\u00ed maz\u00e1n\u00ed v\u00e1lce je nutn\u00e9 pravideln\u00e9 maz\u00e1n\u00ed vhodn\u00fdm mno\u017estv\u00edm hydraulick\u00e9ho oleje.<\/p>\n<p>V\u00e1lec ramene: \u00dadr\u017eba a odstra\u0148ov\u00e1n\u00ed probl\u00e9m\u016f<\/p>\n<p>Pravideln\u00e1 \u00fadr\u017eba a preventivn\u00ed opat\u0159en\u00ed jsou nezbytn\u00e9 pro zaji\u0161t\u011bn\u00ed efektivn\u00edho a spolehliv\u00e9ho provozu v\u00e1lc\u016f ramen. Doporu\u010duje se pravideln\u011b kontrolovat v\u00e1lec, kontrolovat hladinu a kvalitu hydraulick\u00e9ho oleje a v\u010das vym\u011b\u0148ovat po\u0161kozen\u00e9 t\u011bsnic\u00ed komponenty. V p\u0159\u00edpad\u011b poruchy, jako je \u00fanik oleje nebo abnorm\u00e1ln\u00ed hluk, je t\u0159eba neprodlen\u011b diagnostikovat p\u0159\u00ed\u010dinu. Mo\u017en\u00e1 \u0159e\u0161en\u00ed zahrnuj\u00ed v\u00fdm\u011bnu nebo opravu po\u0161kozen\u00fdch d\u00edl\u016f, se\u0159\u00edzen\u00ed hydraulick\u00e9ho tlaku atd.<\/p>\n<p>V\u00e1lec ramene: Instala\u010dn\u00ed n\u00e1vod<\/p>\n<p>1. Vyberte vhodn\u00fd v\u00e1lec ramene pro dan\u00fd stroj podle specifikac\u00ed a po\u017eadavk\u016f.<\/p>\n<p>2. Vy\u010dist\u011bte instala\u010dn\u00ed povrch a ujist\u011bte se, \u017ee je rovn\u00fd, hladk\u00fd a bez ne\u010distot.<\/p>\n<p>3. Nainstalujte v\u00e1lec do mont\u00e1\u017en\u00edho otvoru pomoc\u00ed vhodn\u00fdch spojovac\u00edch prvk\u016f a t\u011bsn\u011bn\u00ed.<\/p>\n<p>4. P\u0159ipojte hydraulickou hadici k vstupn\u00edmu a v\u00fdstupn\u00edmu otvoru v\u00e1lce podle sch\u00e9matu hydraulick\u00e9ho syst\u00e9mu.<\/p>\n<p>5. Prove\u010fte tlakovou zkou\u0161ku a zkou\u0161ku t\u011bsnosti, abyste zajistili spr\u00e1vnou instalaci a provoz lahve.<\/p>\n<p>Hydraulick\u00fd v\u00e1lec Songte: O n\u00e1s<\/p>\n<p>Spole\u010dnost Songte Hydraulic Cylinder je profesion\u00e1ln\u00ed v\u00fdrobce n\u00e1hradn\u00edch hydraulick\u00fdch v\u00e1lc\u016f se \u0161irokou \u0161k\u00e1lou produkt\u016f a stala se jedn\u00edm z p\u0159edn\u00edch v\u00fdrobc\u016f a velkoobchodn\u00edch distributor\u016f hydraulick\u00fdch v\u00e1lc\u016f na dom\u00e1c\u00edm i mezin\u00e1rodn\u00edm trhu. V\u017edy dodr\u017eujeme princip vynikaj\u00edc\u00ed kvality a spol\u00e9h\u00e1me se na kvalitn\u00ed v\u00fdrobn\u00ed d\u00edlny a strategie \u0159\u00edzen\u00ed pr\u016fmyslov\u00e9 v\u00fdroby, abychom neust\u00e1le zlep\u0161ovali na\u0161i technologickou \u00farove\u0148 a efektivitu v\u00fdroby. Zav\u00e1d\u011bn\u00edm pokro\u010dil\u00e9ho digit\u00e1ln\u00edho v\u00fdrobn\u00edho za\u0159\u00edzen\u00ed a profesion\u00e1ln\u00edch testovac\u00edch syst\u00e9m\u016f optimalizujeme na\u0161i v\u00fdrobn\u00ed platformu a zlep\u0161ujeme procesy kontroly kvality na\u0161ich v\u00fdrobk\u016f se siln\u00fdmi inova\u010dn\u00edmi schopnostmi. Na\u0161\u00edm c\u00edlem je uspokojovat rozmanit\u00e9 pot\u0159eby z\u00e1kazn\u00edk\u016f s vysokou efektivitou, p\u0159esnost\u00ed a principy vysok\u00e9 kvality.<\/p>\n<p>Hydraulick\u00fd v\u00e1lec Songte: P\u0159edstaven\u00ed spole\u010dnosti<\/p>\n<p>1. Profesionalita: N\u00e1\u0161 t\u00fdm se skl\u00e1d\u00e1 ze zku\u0161en\u00fdch in\u017een\u00fdr\u016f, technik\u016f a obchodn\u00edch z\u00e1stupc\u016f s rozs\u00e1hl\u00fdmi znalostmi a odborn\u00fdmi znalostmi v hydraulick\u00e9m pr\u016fmyslu.<\/p>\n<p>2. Mezin\u00e1rodn\u00ed certifikace: Na\u0161e v\u00fdrobky z\u00edskaly certifikaci ISO9001-2015, certifikaci CE a dal\u0161\u00ed mezin\u00e1rodn\u00ed certifikace, kter\u00e9 zaru\u010duj\u00ed kvalitu a bezpe\u010dnost na\u0161ich v\u00fdrobk\u016f.<\/p>\n<p>3. Slu\u017eby p\u0159izp\u016fsoben\u00ed: Poskytujeme slu\u017eby na m\u00edru dle specifick\u00fdch pot\u0159eb z\u00e1kazn\u00edk\u016f a nab\u00edz\u00edme \u0159e\u0161en\u00ed, kter\u00e1 spl\u0148uj\u00ed jejich po\u017eadavky.<\/p>\n<p>4. V\u00fdrobn\u00ed za\u0159\u00edzen\u00ed: Disponujeme pokro\u010dil\u00fdm digit\u00e1ln\u00edm v\u00fdrobn\u00edm za\u0159\u00edzen\u00edm, v\u010detn\u011b CNC stroj\u016f, sv\u00e1\u0159ec\u00edch robot\u016f atd., kter\u00e9 zaji\u0161\u0165uje vysoce kvalitn\u00ed v\u00fdrobu a efektivn\u00ed dod\u00e1vky.<\/p>\n<p>5. Poprodejn\u00ed servis: Poskytujeme komplexn\u00ed poprodejn\u00ed servis, v\u010detn\u011b z\u00e1ruky na produkt, technick\u00e9 podpory a \u00fadr\u017eby, \u010d\u00edm\u017e zaji\u0161\u0165ujeme spokojenost na\u0161ich z\u00e1kazn\u00edk\u016f.<\/p>\n<p>Z\u00e1v\u011brem lze \u0159\u00edci, \u017ee spole\u010dnost Songte Hydraulic Cylinder je spolehliv\u00fd a profesion\u00e1ln\u00ed v\u00fdrobce hydraulick\u00fdch v\u00e1lc\u016f, kter\u00fd poskytuje vysoce kvalitn\u00ed produkty, slu\u017eby na m\u00edru a komplexn\u00ed poprodejn\u00ed servis. V\u017edy dodr\u017eujeme princip vynikaj\u00edc\u00ed kvality a neust\u00e1l\u00fdch inovac\u00ed a sna\u017e\u00edme se uspokojit rozmanit\u00e9 pot\u0159eby z\u00e1kazn\u00edk\u016f a st\u00e1t se l\u00eddrem v hydraulick\u00e9m pr\u016fmyslu.<\/p>\n<p>Autor: lyl.<\/p>","protected":false},"excerpt":{"rendered":"<p>Arm Cylinder for Sany Middle Excavator SY245CQ: Definition and Explanation Arm cylinder is a specialized hydraulic cylinder, designed to provide linear motion and power to the arms of various machines, such as excavators, cranes, and mechanical arms. Arm cylinders play a key role in hydraulic systems, enabling the efficient movement and control of additional tools [&hellip;]<\/p>","protected":false},"featured_media":14766,"comment_status":"open","ping_status":"closed","template":"","meta":{"_et_pb_use_builder":"","_et_pb_old_content":"","_et_gb_content_width":""},"product_brand":[],"product_cat":[1497],"product_tag":[1498,1496],"class_list":{"0":"post-16362","1":"product","2":"type-product","3":"status-publish","4":"has-post-thumbnail","6":"product_cat-arm-cylinders","7":"product_tag-arm-cylinders","8":"product_tag-hydraulic-cylinders","10":"first","11":"instock","12":"shipping-taxable","13":"product-type-simple"},"amp_enabled":true,"_links":{"self":[{"href":"https:\/\/www.hydraulic-cylinders.net\/cs\/wp-json\/wp\/v2\/product\/16362","targetHints":{"allow":["GET"]}}],"collection":[{"href":"https:\/\/www.hydraulic-cylinders.net\/cs\/wp-json\/wp\/v2\/product"}],"about":[{"href":"https:\/\/www.hydraulic-cylinders.net\/cs\/wp-json\/wp\/v2\/types\/product"}],"replies":[{"embeddable":true,"href":"https:\/\/www.hydraulic-cylinders.net\/cs\/wp-json\/wp\/v2\/comments?post=16362"}],"wp:featuredmedia":[{"embeddable":true,"href":"https:\/\/www.hydraulic-cylinders.net\/cs\/wp-json\/wp\/v2\/media\/14766"}],"wp:attachment":[{"href":"https:\/\/www.hydraulic-cylinders.net\/cs\/wp-json\/wp\/v2\/media?parent=16362"}],"wp:term":[{"taxonomy":"product_brand","embeddable":true,"href":"https:\/\/www.hydraulic-cylinders.net\/cs\/wp-json\/wp\/v2\/product_brand?post=16362"},{"taxonomy":"product_cat","embeddable":true,"href":"https:\/\/www.hydraulic-cylinders.net\/cs\/wp-json\/wp\/v2\/product_cat?post=16362"},{"taxonomy":"product_tag","embeddable":true,"href":"https:\/\/www.hydraulic-cylinders.net\/cs\/wp-json\/wp\/v2\/product_tag?post=16362"}],"curies":[{"name":"wp","href":"https:\/\/api.w.org\/{rel}","templated":true}]}}