{"id":16367,"date":"2025-01-20T09:09:36","date_gmt":"2025-01-20T09:09:36","guid":{"rendered":"https:\/\/www.hydraulic-cylinders.net\/product\/arm-cylinderfor-sany-middle-excavator-sy265cq\/"},"modified":"2025-01-20T09:09:38","modified_gmt":"2025-01-20T09:09:38","slug":"arm-cylinderfor-sany-middle-excavator-sy265cq","status":"publish","type":"product","link":"https:\/\/www.hydraulic-cylinders.net\/cs\/produkt\/arm-cylinderfor-sany-middle-excavator-sy265cq\/","title":{"rendered":"V\u00e1lec ramene pro Sany Middle Excavator SY265CQ"},"content":{"rendered":"<h2>V\u00e1lec ramene pro Sany Middle Excavator SY265CQ<\/h2>\n<h3>Zaveden\u00ed<\/h3>\n<p>Hydraulick\u00fd v\u00e1lec ramene je specializovan\u00fd hydraulick\u00fd v\u00e1lec ur\u010den\u00fd k zaji\u0161t\u011bn\u00ed line\u00e1rn\u00edho pohybu a v\u00fdkonu r\u016fzn\u00fdch strojn\u00edch ramen, jako jsou bagry, je\u0159\u00e1by a mechanick\u00e1 ramena. Hraje kl\u00ed\u010dovou roli v hydraulick\u00e9m syst\u00e9mu, proto\u017ee umo\u017e\u0148uje efektivn\u00ed pohyb a ovl\u00e1d\u00e1n\u00ed p\u0159\u00edslu\u0161enstv\u00ed. Tyto v\u00e1lce nejen\u017ee zaji\u0161\u0165uj\u00ed plynul\u00fd pohyb, ale tak\u00e9 odol\u00e1vaj\u00ed t\u011b\u017ek\u00fdm z\u00e1t\u011b\u017e\u00edm, \u010d\u00edm\u017e zaji\u0161\u0165uj\u00ed efektivn\u00ed provoz a spolehlivost stroj\u016f za r\u016fzn\u00fdch provozn\u00edch podm\u00ednek.<\/p>\n<p><img decoding=\"async\" src=\"https:\/\/www.hydraulic-cylinders.net\/wp-content\/uploads\/2025\/01\/songte-company-2.webp\" alt=\"Obr\u00e1zek v\u00e1lce ramene\"><\/p>\n<h3>Funkce<\/h3>\n<ul>\n<li>Efektivn\u00ed p\u0159enos s\u00edly: V\u00e1lec ramene poskytuje siln\u00fd line\u00e1rn\u00ed pohyb a s\u00edlu, co\u017e zaji\u0161\u0165uje vysokou \u00fa\u010dinnost mechanick\u00fdch ramen v r\u016fzn\u00fdch operac\u00edch.<\/li>\n<li>P\u0159esn\u00e9 ovl\u00e1d\u00e1n\u00ed: V\u00e1lec ramene umo\u017e\u0148uje p\u0159esn\u00e9 ovl\u00e1d\u00e1n\u00ed pohybu pomoc\u00ed hydraulick\u00e9ho syst\u00e9mu, \u010d\u00edm\u017e je ovl\u00e1d\u00e1n\u00ed p\u0159\u00edslu\u0161enstv\u00ed flexibiln\u011bj\u0161\u00ed a p\u0159esn\u011bj\u0161\u00ed.<\/li>\n<li>Vysok\u00e1 odolnost: Tyto v\u00e1lce jsou obvykle vyrobeny z vysoce pevn\u00fdch materi\u00e1l\u016f s dobrou odolnost\u00ed proti opot\u0159eben\u00ed a korozi, vhodn\u00e9 pro dlouhodob\u00e9 pou\u017eit\u00ed v n\u00e1ro\u010dn\u00fdch podm\u00ednk\u00e1ch.<\/li>\n<li>Multifunk\u010dn\u00ed p\u0159izp\u016fsobivost: Tyto v\u00e1lce jsou \u0161iroce pou\u017eiteln\u00e9 pro r\u016fzn\u00e1 mechanick\u00e1 za\u0159\u00edzen\u00ed, jako jsou bagry, je\u0159\u00e1by a mechanick\u00e1 ramena, a p\u0159izp\u016fsobuj\u00ed se r\u016fzn\u00fdm pracovn\u00edm po\u017eadavk\u016fm.<\/li>\n<li>Snadn\u00e1 \u00fadr\u017eba: Konstrukce zohled\u0148uje snadnou \u00fadr\u017ebu a v\u00fdm\u011bnu, co\u017e usnad\u0148uje pravideln\u00e9 kontroly a \u00fadr\u017ebu a zkracuje prostoje za\u0159\u00edzen\u00ed.<\/li>\n<\/ul>\n<p>Tento produkt dok\u00e1\u017eeme vyrobit a na\u0161e produkty dok\u00e1\u017e\u00ed tyto hydraulick\u00e9 v\u00e1lce dokonale nahradit.<\/p>\n<p><img decoding=\"async\" src=\"https:\/\/www.hydraulic-cylinders.net\/wp-content\/uploads\/2025\/01\/songte-oil-pipes-and-spare-parts.webp\" alt=\"Obr\u00e1zek v\u00fdm\u011bny v\u00e1lce ramene\"><\/p>\n<h3>Aplikace<\/h3>\n<p>V\u00e1lec s ramenem se \u0161iroce pou\u017e\u00edv\u00e1 v r\u016fzn\u00fdch pr\u016fmyslov\u00fdch odv\u011btv\u00edch, v\u010detn\u011b:<\/p>\n<ul>\n<li>Stavebn\u00ed in\u017een\u00fdrstv\u00ed: U bagr\u016f a je\u0159\u00e1b\u016f ovl\u00e1d\u00e1 v\u00e1lec ramene pohyb l\u017e\u00edce nebo v\u00fdlo\u017en\u00edku pro zemn\u00ed pr\u00e1ce, manipulaci s materi\u00e1lem a instalaci konstrukc\u00ed.<\/li>\n<li>V\u00fdroba: V automatizovan\u00fdch v\u00fdrobn\u00edch link\u00e1ch \u0159\u00edd\u00ed v\u00e1lec ramen pohyb mechanick\u00fdch ramen pro mont\u00e1\u017en\u00ed, sva\u0159ovac\u00ed a manipula\u010dn\u00ed procesy, \u010d\u00edm\u017e se zvy\u0161uje efektivita a p\u0159esnost v\u00fdroby.<\/li>\n<li>Zem\u011bd\u011blsk\u00e9 stroje: U zem\u011bd\u011blsk\u00fdch stroj\u016f, jako jsou skl\u00edzec\u00ed a s\u00e1zec\u00ed stroje, \u0159\u00edd\u00ed v\u00e1lec ramene pohyb ovl\u00e1dac\u00edch ramen pro prov\u00e1d\u011bn\u00ed \u00fakol\u016f, jako je set\u00ed, hnojen\u00ed a sklize\u0148.<\/li>\n<li>T\u011b\u017eba: V t\u011b\u017eebn\u00edm za\u0159\u00edzen\u00ed \u0159\u00edd\u00ed v\u00e1lec ramene pohyb ramen t\u011b\u017eebn\u00edho za\u0159\u00edzen\u00ed pro t\u011b\u017ebu a manipulaci s rudou.<\/li>\n<li>Logistika a doprava: U vysokozdvi\u017en\u00fdch voz\u00edk\u016f a manipula\u010dn\u00edch robot\u016f \u0159\u00edd\u00ed v\u00e1lec ramene zved\u00e1n\u00ed a pohyb ramen vidlice pro manipulaci s materi\u00e1lem a jeho stohov\u00e1n\u00ed.<\/li>\n<\/ul>\n<h3>Konstruk\u010dn\u00ed aspekty a krit\u00e9ria v\u00fdb\u011bru<\/h3>\n<p>Z konstruk\u010dn\u00edho hlediska je t\u0159eba u v\u00e1lce ramene zv\u00e1\u017eit jeho \u00fanosnost, t\u011bsn\u011bn\u00ed, trvanlivost, bezpe\u010dnost a \u00fadr\u017ebu.<\/p>\n<ul>\n<li>Nosnost: V\u00e1lec ramene mus\u00ed m\u00edt dostate\u010dnou nosnost, aby byla zaji\u0161t\u011bna bezpe\u010dnost mechanick\u00e9ho provozu.<\/li>\n<li>T\u011bsn\u011bn\u00ed: V\u00e1lec ramene by m\u011bl pou\u017e\u00edvat r\u016fzn\u00e1 t\u011bsn\u011bn\u00ed, jako jsou t\u011bsn\u011bn\u00ed p\u00edstu, t\u011bsn\u011bn\u00ed p\u00edstnice atd., a pro zaji\u0161t\u011bn\u00ed dobr\u00e9ho t\u011bsn\u011bn\u00ed by m\u011bl b\u00fdt pou\u017eit materi\u00e1l odoln\u00fd proti opot\u0159eben\u00ed, jako je polyuretan a nitrilov\u00e1 pry\u017e.<\/li>\n<li>Trvanlivost: T\u011bleso v\u00e1lce a z\u00e1vitov\u00fd konec by m\u011bly b\u00fdt jemn\u011b opracov\u00e1ny, aby se zlep\u0161ila odolnost proti opot\u0159eben\u00ed.<\/li>\n<li>Bezpe\u010dnost: V\u00e1lec s ramenem by m\u011bl spl\u0148ovat r\u016fzn\u00e9 bezpe\u010dnostn\u00ed po\u017eadavky, jako je proveden\u00ed odoln\u00e9 proti roztr\u017een\u00ed, ochrana proti korozi a p\u0159\u00edsn\u00e1 kontrola kvality.<\/li>\n<li>\u00dadr\u017eba: V\u00e1lec ramene by m\u011bl b\u00fdt navr\u017een pro snadnou \u00fadr\u017ebu a v\u00fdm\u011bnu a proces \u00fadr\u017eby by m\u011bl b\u00fdt jednoduch\u00fd a pohodln\u00fd.<\/li>\n<\/ul>\n<p><img decoding=\"async\" src=\"https:\/\/www.hydraulic-cylinders.net\/wp-content\/uploads\/2025\/01\/songte-cylinder-head-with-all-kinds-excavator-models.webp\" alt=\"Obr\u00e1zek n\u00e1vrhu v\u00e1lce ramene\"><\/p>\n<h3>T\u011bsn\u011bn\u00ed a maz\u00e1n\u00ed<\/h3>\n<p>V\u00e1lec s ramenem pou\u017e\u00edv\u00e1 r\u016fzn\u00e1 t\u011bsn\u011bn\u00ed, jako jsou p\u00edstn\u00ed t\u011bsn\u011bn\u00ed, t\u011bsn\u011bn\u00ed p\u00edstnice a vol\u00ed materi\u00e1ly odoln\u00e9 proti opot\u0159eben\u00ed, jako je polyuretan a nitrilov\u00e1 pry\u017e, pro zaji\u0161t\u011bn\u00ed dobr\u00e9ho t\u011bsnic\u00edho v\u00fdkonu. T\u011bleso v\u00e1lce a z\u00e1vitov\u00fd konec proch\u00e1zej\u00ed jemn\u00fdm opracov\u00e1n\u00edm pro zlep\u0161en\u00ed odolnosti proti opot\u0159eben\u00ed. Pravideln\u011b dopl\u0148ujte odpov\u00eddaj\u00edc\u00ed mno\u017estv\u00ed hydraulick\u00e9ho oleje pro maz\u00e1n\u00ed.<\/p>\n<h3>Inspek\u010dn\u00ed a preventivn\u00ed \u00fadr\u017ebov\u00e1 opat\u0159en\u00ed<\/h3>\n<p>Pro zaji\u0161t\u011bn\u00ed efektivn\u00edho a bezpe\u010dn\u00e9ho provozu v\u00e1lce ramene je nutn\u00e9 jej pravideln\u011b kontrolovat a udr\u017eovat. Lze p\u0159ijmout n\u00e1sleduj\u00edc\u00ed opat\u0159en\u00ed:<\/p>\n<ul>\n<li>Zkontrolujte a vym\u011b\u0148te po\u0161kozen\u00e1 t\u011bsn\u011bn\u00ed a t\u011bsnic\u00ed krou\u017eky.<\/li>\n<li>Zkontrolujte t\u011bleso v\u00e1lce, zda nen\u00ed deformovan\u00e9 nebo opot\u0159ebovan\u00e9.<\/li>\n<li>Zkontrolujte z\u00e1vitov\u00fd konec, zda nen\u00ed po\u0161kozen\u00fd nebo korozivzdorn\u00fd.<\/li>\n<li>Pravideln\u011b dopl\u0148ujte odpov\u00eddaj\u00edc\u00ed mno\u017estv\u00ed hydraulick\u00e9ho oleje pro maz\u00e1n\u00ed.<\/li>\n<li>Zkontrolujte spr\u00e1vnou funkci pojistn\u00e9ho ventilu.<\/li>\n<\/ul>\n<p><img decoding=\"async\" src=\"https:\/\/www.hydraulic-cylinders.net\/wp-content\/uploads\/2025\/01\/songte-chushion-collar.webp\" alt=\"Obr\u00e1zek kontroly v\u00e1lce ramene\"><\/p>\n<h3>Instala\u010dn\u00ed p\u0159\u00edru\u010dka<\/h3>\n<ol>\n<li>Ujist\u011bte se, \u017ee v\u00e1lec ramene je \u010dist\u00fd a bez ciz\u00edch p\u0159edm\u011bt\u016f.<\/li>\n<li>Zarovnejte z\u00e1vitov\u00fd konec v\u00e1lce s otvorem na rameni stroje.<\/li>\n<li>K uta\u017een\u00ed z\u00e1vitov\u00e9ho konce pou\u017eijte kl\u00ed\u010d.<\/li>\n<li>P\u0159ipojte hydraulick\u00e9 potrub\u00ed a armatury.<\/li>\n<li>Pro maz\u00e1n\u00ed dopl\u0148te odpov\u00eddaj\u00edc\u00ed mno\u017estv\u00ed hydraulick\u00e9ho oleje.<\/li>\n<\/ol>\n<p><img decoding=\"async\" src=\"https:\/\/www.hydraulic-cylinders.net\/wp-content\/uploads\/2025\/01\/songte-bushings-with-all-kinds-of-excavator-models.webp\" alt=\"Obr\u00e1zek instalace v\u00e1lce ramene\"><\/p>\n<h3>Bezpe\u010dnostn\u00ed a environment\u00e1ln\u00ed aspekty<\/h3>\n<p>P\u0159i provozu v\u00e1lce s ramenem jsou nezbytn\u00e1 bezpe\u010dnostn\u00ed opat\u0159en\u00ed. Je nutn\u00e9 dodr\u017eovat pokyny, pracovat striktn\u011b v souladu s p\u0159edpisy a nosit vhodn\u00e9 ochrann\u00e9 prost\u0159edky. P\u0159i likvidaci v\u00e1lce s ramenem je t\u0159eba db\u00e1t tak\u00e9 na ochranu \u017eivotn\u00edho prost\u0159ed\u00ed.<\/p>\n<h3>Odstra\u0148ov\u00e1n\u00ed probl\u00e9m\u016f a b\u011b\u017en\u00e9 probl\u00e9my<\/h3>\n<ul>\n<li>Porucha v\u00e1lce: Zkontrolujte t\u011bleso v\u00e1lce, zda nedoch\u00e1z\u00ed k deformaci nebo \u00faniku hydraulick\u00e9ho oleje.<\/li>\n<li>Porucha t\u011bsn\u011bn\u00ed: Zkontrolujte t\u011bsn\u011bn\u00ed p\u00edstu a p\u00edstnice, zda nejsou opot\u0159ebovan\u00e1 nebo po\u0161kozen\u00e1.<\/li>\n<li>Zaseknut\u00fd p\u00edst: Zkontrolujte hydraulick\u00fd syst\u00e9m, zda nen\u00ed ucpan\u00fd nebo zda nen\u00ed v n\u011bm nespr\u00e1vn\u00e1 viskozita oleje.<\/li>\n<li>Abnorm\u00e1ln\u00ed hluk: Zkontrolujte, zda nen\u00ed t\u011bleso v\u00e1lce nebo z\u00e1vitov\u00fd konec deformovan\u00fd nebo po\u0161kozen\u00fd.<\/li>\n<\/ul>\n<p>V p\u0159\u00edpad\u011b pot\u0159eby \u0159e\u0161en\u00ed probl\u00e9m\u016f se doporu\u010duje kontaktovat profesion\u00e1ln\u00edho technika. Abyste p\u0159ede\u0161li potenci\u00e1ln\u00edm probl\u00e9m\u016fm, je nezbytn\u00e1 pravideln\u00e1 \u00fadr\u017eba.<\/p>\n<p><img decoding=\"async\" src=\"https:\/\/www.hydraulic-cylinders.net\/wp-content\/uploads\/2025\/01\/songte-chushion-collar.webp\" alt=\"Obr\u00e1zek pro odstra\u0148ov\u00e1n\u00ed probl\u00e9m\u016f s v\u00e1lcem ramene\"><\/p>\n<h3>O na\u0161\u00ed spole\u010dnosti<\/h3>\n<p>Jsme profesion\u00e1ln\u00ed v\u00fdrobce n\u00e1hradn\u00edch hydraulick\u00fdch v\u00e1lc\u016f se \u0161irokou \u0161k\u00e1lou produkt\u016f a stali jsme se jedn\u00edm z p\u0159edn\u00edch v\u00fdrobc\u016f a velkoobchodn\u00edch distributor\u016f hydraulick\u00fdch v\u00e1lc\u016f na dom\u00e1c\u00edm i mezin\u00e1rodn\u00edm trhu. V\u017edy se dr\u017e\u00edme z\u00e1sad vynikaj\u00edc\u00ed kvality, v na\u0161ich precizn\u00edch v\u00fdrobn\u00edch d\u00edln\u00e1ch se spol\u00e9h\u00e1me na industrializovan\u00e9 strategie \u0159\u00edzen\u00ed v\u00fdroby a neust\u00e1le zlep\u0161ujeme na\u0161i technickou \u00farove\u0148 a efektivitu v\u00fdroby. Prost\u0159ednictv\u00edm zav\u00e1d\u011bn\u00ed \u0161pi\u010dkov\u00e9ho digit\u00e1ln\u00edho v\u00fdrobn\u00edho za\u0159\u00edzen\u00ed a profesion\u00e1ln\u00edch testovac\u00edch syst\u00e9m\u016f optimalizujeme v\u00fdrobn\u00ed platformu a zlep\u0161ujeme proces kontroly kvality v\u00fdrobk\u016f. Disponujeme siln\u00fdmi inova\u010dn\u00edmi schopnostmi. Na\u0161\u00edm c\u00edlem je uspokojovat rozmanit\u00e9 pot\u0159eby z\u00e1kazn\u00edk\u016f s vysokou efektivitou, p\u0159esnost\u00ed a principy vysok\u00e9 kvality.<\/p>\n<p><img decoding=\"async\" src=\"https:\/\/www.hydraulic-cylinders.net\/wp-content\/uploads\/2025\/01\/songte-company-4.webp\" alt=\"Obr\u00e1zek \u00favodu spole\u010dnosti\"><\/p>\n<h3>Profesionalita, mezin\u00e1rodn\u00ed certifikace, p\u0159izp\u016fsoben\u00ed, v\u00fdrobn\u00ed za\u0159\u00edzen\u00ed a poprodejn\u00ed servis<\/h3>\n<p>Jsme hrd\u00ed na na\u0161i profesionalitu a vysoce kvalitn\u00ed produkty. Na\u0161e produkty pro\u0161ly mezin\u00e1rodn\u00edmi certifikacemi, jako jsou ISO9001 a CE. Poskytujeme tak\u00e9 slu\u017eby na m\u00edru dle pot\u0159eb z\u00e1kazn\u00edka. Disponujeme modern\u00edm v\u00fdrobn\u00edm vybaven\u00edm, v\u010detn\u011b CNC obr\u00e1b\u011bc\u00edch center, automatick\u00fdch sv\u00e1\u0159e\u010dek a testovac\u00edch za\u0159\u00edzen\u00ed. Poskytujeme komplexn\u00ed poprodejn\u00ed servis, v\u010detn\u011b technick\u00e9 podpory, \u00fadr\u017eby a oprav.<\/p>\n<p><img decoding=\"async\" src=\"https:\/\/www.hydraulic-cylinders.net\/wp-content\/uploads\/2025\/01\/songte-company-3.webp\" alt=\"Obr\u00e1zek s informacemi o spole\u010dnosti\"><\/p>\n<p>Autor: lyl.<\/p>","protected":false},"excerpt":{"rendered":"<p>Arm Cylinder For Sany Middle Excavator SY265CQ Introduction The Arm Cylinder is a specialized hydraulic cylinder designed to provide linear motion and power to various machinery arms such as excavators, cranes, and mechanical arms. It plays a crucial role in the hydraulic system, enabling the effective movement and control of attachments or accessories. These cylinders [&hellip;]<\/p>","protected":false},"featured_media":14779,"comment_status":"open","ping_status":"closed","template":"","meta":{"_et_pb_use_builder":"","_et_pb_old_content":"","_et_gb_content_width":""},"product_brand":[],"product_cat":[1497],"product_tag":[1498,1496],"class_list":{"0":"post-16367","1":"product","2":"type-product","3":"status-publish","4":"has-post-thumbnail","6":"product_cat-arm-cylinders","7":"product_tag-arm-cylinders","8":"product_tag-hydraulic-cylinders","10":"first","11":"instock","12":"shipping-taxable","13":"product-type-simple"},"amp_enabled":true,"_links":{"self":[{"href":"https:\/\/www.hydraulic-cylinders.net\/cs\/wp-json\/wp\/v2\/product\/16367","targetHints":{"allow":["GET"]}}],"collection":[{"href":"https:\/\/www.hydraulic-cylinders.net\/cs\/wp-json\/wp\/v2\/product"}],"about":[{"href":"https:\/\/www.hydraulic-cylinders.net\/cs\/wp-json\/wp\/v2\/types\/product"}],"replies":[{"embeddable":true,"href":"https:\/\/www.hydraulic-cylinders.net\/cs\/wp-json\/wp\/v2\/comments?post=16367"}],"wp:featuredmedia":[{"embeddable":true,"href":"https:\/\/www.hydraulic-cylinders.net\/cs\/wp-json\/wp\/v2\/media\/14779"}],"wp:attachment":[{"href":"https:\/\/www.hydraulic-cylinders.net\/cs\/wp-json\/wp\/v2\/media?parent=16367"}],"wp:term":[{"taxonomy":"product_brand","embeddable":true,"href":"https:\/\/www.hydraulic-cylinders.net\/cs\/wp-json\/wp\/v2\/product_brand?post=16367"},{"taxonomy":"product_cat","embeddable":true,"href":"https:\/\/www.hydraulic-cylinders.net\/cs\/wp-json\/wp\/v2\/product_cat?post=16367"},{"taxonomy":"product_tag","embeddable":true,"href":"https:\/\/www.hydraulic-cylinders.net\/cs\/wp-json\/wp\/v2\/product_tag?post=16367"}],"curies":[{"name":"wp","href":"https:\/\/api.w.org\/{rel}","templated":true}]}}