{"id":16380,"date":"2025-01-20T09:10:43","date_gmt":"2025-01-20T09:10:43","guid":{"rendered":"https:\/\/www.hydraulic-cylinders.net\/product\/arm-cylinderfor-sany-large-excavator-sy365\/"},"modified":"2025-01-20T09:10:45","modified_gmt":"2025-01-20T09:10:45","slug":"arm-cylinderfor-sany-large-excavator-sy365","status":"publish","type":"product","link":"https:\/\/www.hydraulic-cylinders.net\/cs\/produkt\/arm-cylinderfor-sany-large-excavator-sy365\/","title":{"rendered":"V\u00e1lec ramene pro velk\u00e9 bagry Sany SY365"},"content":{"rendered":"<p>V\u00e1lec ramene pro velk\u00e9 rypadlo Sany SY365 \u2013 v\u0161e, co pot\u0159ebujete v\u011bd\u011bt<\/p>\n<h2>Zaveden\u00ed<\/h2>\n<h3>Definice produktu<\/h3>\n<p>Hydraulick\u00fd v\u00e1lec ramene je speci\u00e1ln\u011b navr\u017een\u00fd hydraulick\u00fd v\u00e1lec pou\u017e\u00edvan\u00fd p\u0159edev\u0161\u00edm k zaji\u0161t\u011bn\u00ed line\u00e1rn\u00edho pohybu a v\u00fdkonu ramen r\u016fzn\u00fdch typ\u016f stroj\u016f, jako jsou bagry, je\u0159\u00e1by a robotick\u00e1 ramena. V\u00e1lce ramen hraj\u00ed kl\u00ed\u010dovou roli v hydraulick\u00fdch syst\u00e9mech, proto\u017ee umo\u017e\u0148uj\u00ed efektivn\u00ed pohyb a ovl\u00e1d\u00e1n\u00ed dal\u0161\u00edch n\u00e1stroj\u016f nebo p\u0159\u00edslu\u0161enstv\u00ed. Tyto v\u00e1lce nejen zaji\u0161\u0165uj\u00ed plynul\u00fd pohyb, ale tak\u00e9 odol\u00e1vaj\u00ed t\u011b\u017ek\u00fdm z\u00e1t\u011b\u017e\u00edm, \u010d\u00edm\u017e zaji\u0161\u0165uj\u00ed efektivn\u00ed provoz a spolehlivost stroj\u016f v r\u016fzn\u00fdch pracovn\u00edch podm\u00ednk\u00e1ch. <\/p>\n<p><img decoding=\"async\" src=\"https:\/\/www.hydraulic-cylinders.net\/wp-content\/uploads\/2025\/01\/songte-company-2.webp\"><\/p>\n<h3>Vlastnosti produktu<\/h3>\n<p>V\u00e1lec ramene pro velk\u00e9 rypadlo Sany SY365 m\u00e1 n\u00e1sleduj\u00edc\u00ed vlastnosti:<\/p>\n<ul>\n<li><strong>Vysoce \u00fa\u010dinn\u00fd pohon:<\/strong> V\u00e1lce ramene poskytuj\u00ed siln\u00fd line\u00e1rn\u00ed pohyb a s\u00edlu, co\u017e zaji\u0161\u0165uje vysoce v\u00fdkonn\u00fd provoz mechanick\u00e9ho ramene v r\u016fzn\u00fdch operac\u00edch.<\/li>\n<li><strong>P\u0159esn\u00e9 ovl\u00e1d\u00e1n\u00ed:<\/strong> V\u00e1lce ramen mohou dos\u00e1hnout p\u0159esn\u00e9ho \u0159\u00edzen\u00ed pohybu pomoc\u00ed hydraulick\u00fdch syst\u00e9m\u016f, co\u017e zvy\u0161uje flexibilitu a p\u0159esnost ovl\u00e1d\u00e1n\u00ed dal\u0161\u00edch n\u00e1stroj\u016f.<\/li>\n<li><strong>Odoln\u00fd:<\/strong> V\u00e1lce ramen jsou obvykle vyrobeny z vysoce pevn\u00fdch materi\u00e1l\u016f s dobrou odolnost\u00ed proti opot\u0159eben\u00ed a korozi, d\u00edky \u010demu\u017e jsou vhodn\u00e9 pro dlouhodob\u00e9 pou\u017e\u00edv\u00e1n\u00ed v n\u00e1ro\u010dn\u00fdch podm\u00ednk\u00e1ch.<\/li>\n<li><strong>Multifunk\u010dn\u00ed p\u0159izp\u016fsobivost:<\/strong> Tyto v\u00e1lce lze \u0161iroce pou\u017e\u00edt v r\u016fzn\u00fdch mechanick\u00fdch za\u0159\u00edzen\u00edch, jako jsou bagry, je\u0159\u00e1by a robotick\u00e1 ramena, a p\u0159izp\u016fsobit se tak r\u016fzn\u00fdm po\u017eadavk\u016fm na pr\u00e1ci.<\/li>\n<li><strong>Snadn\u00e1 \u00fadr\u017eba:<\/strong> Konstrukce zohled\u0148uje snadnou \u00fadr\u017ebu a v\u00fdm\u011bnu, co\u017e usnad\u0148uje pravideln\u00e9 kontroly a \u00fadr\u017ebu a zkracuje prostoje za\u0159\u00edzen\u00ed.<\/li>\n<\/ul>\n<p>Tento produkt dok\u00e1\u017eeme vyrobit a dokonale nahrad\u00ed tyto hydraulick\u00e9 v\u00e1lce.<\/p>\n<p><img decoding=\"async\" src=\"https:\/\/www.hydraulic-cylinders.net\/wp-content\/uploads\/2025\/01\/songte-oil-pipes-and-spare-parts.webp\"><\/p>\n<h3>Aplikace produkt\u016f<\/h3>\n<p>V\u00e1lec ramene pro velk\u00e9 rypadlo Sany SY365 lze pou\u017e\u00edt v r\u016fzn\u00fdch odv\u011btv\u00edch a sc\u00e9n\u00e1\u0159\u00edch:<\/p>\n<h4>Konstrukce<\/h4>\n<p>U bagr\u016f a je\u0159\u00e1b\u016f ovl\u00e1daj\u00ed v\u00e1lce ramene pohyb l\u017e\u00edce nebo v\u00fdlo\u017en\u00edku, co\u017e umo\u017e\u0148uje zemn\u00ed pr\u00e1ce, manipulaci s materi\u00e1lem a mont\u00e1\u017e konstrukc\u00ed.<\/p>\n<h4>V\u00fdrobn\u00ed<\/h4>\n<p>V automatizovan\u00fdch v\u00fdrobn\u00edch link\u00e1ch ovl\u00e1daj\u00ed v\u00e1lce ramen pohyb robotick\u00fdch ramen, prov\u00e1d\u011bj\u00ed mont\u00e1\u017en\u00ed, sva\u0159ovac\u00ed a manipula\u010dn\u00ed \u00fakony, \u010d\u00edm\u017e zvy\u0161uj\u00ed efektivitu a p\u0159esnost.<\/p>\n<h4>Zem\u011bd\u011blsk\u00e9 stroje<\/h4>\n<p>V zem\u011bd\u011blsk\u00fdch stroj\u00edch, jako jsou skl\u00edzec\u00ed a s\u00e1zec\u00ed stroje, ovl\u00e1daj\u00ed v\u00e1lce ramen pohyb ovl\u00e1dac\u00edch ramen a prov\u00e1d\u011bj\u00ed \u00fakoly, jako je set\u00ed, hnojen\u00ed a sklize\u0148.<\/p>\n<h4>Hornictv\u00ed<\/h4>\n<p>V t\u011b\u017eebn\u00edch za\u0159\u00edzen\u00edch ovl\u00e1daj\u00ed v\u00e1lce ramen pohyb ramen t\u011b\u017eebn\u00edho za\u0159\u00edzen\u00ed, \u010d\u00edm\u017e se prov\u00e1d\u00ed t\u011b\u017eba a p\u0159eprava nerost\u016f.<\/p>\n<h4>Logistika a doprava<\/h4>\n<p>U vysokozdvi\u017en\u00fdch voz\u00edk\u016f a manipula\u010dn\u00edch robot\u016f ovl\u00e1daj\u00ed v\u00e1lce ramen zved\u00e1n\u00ed a pohyb n\u00e1kladu, \u010d\u00edm\u017e se zaji\u0161\u0165uje manipulace s materi\u00e1lem a jeho stohov\u00e1n\u00ed.<\/p>\n<h3>\u00davahy o n\u00e1vrhu produktu a standardy v\u00fdb\u011bru<\/h3>\n<p>Z konstruk\u010dn\u00edch hledisek mus\u00ed m\u00edt v\u00e1lec ramene pro velk\u00e9 rypadlo Sany SY365 n\u00e1sleduj\u00edc\u00ed vlastnosti:<\/p>\n<ul>\n<li><strong>Nosnost:<\/strong> V\u00e1lec ramene mus\u00ed m\u00edt dostate\u010dnou pevnost, aby unesl hmotnost za\u0159\u00edzen\u00ed a zat\u00ed\u017een\u00ed, kter\u00e9 nese.<\/li>\n<li><strong>T\u011bsn\u011bn\u00ed:<\/strong> K zaji\u0161t\u011bn\u00ed t\u011bsnic\u00edho \u00fa\u010dinku v\u00e1lce, zabr\u00e1n\u011bn\u00ed \u00faniku hydraulick\u00e9ho oleje a zaji\u0161t\u011bn\u00ed \u017eivotnosti v\u00e1lce se pou\u017e\u00edvaj\u00ed r\u016fzn\u00e9 t\u011bsnic\u00ed prvky, jako jsou t\u011bsn\u011bn\u00ed p\u00edstu, t\u011bsn\u011bn\u00ed p\u00edstnice atd.<\/li>\n<li><strong>Trvanlivost:<\/strong> V\u00e1lec mus\u00ed b\u00fdt vyroben z vysoce kvalitn\u00edch materi\u00e1l\u016f, aby byla zaji\u0161t\u011bna jeho trvanlivost, odolnost v\u016f\u010di vysok\u00e9mu tlaku a teplot\u011b a odolnost proti od\u011bru a korozi.<\/li>\n<li><strong>Bezpe\u010dnost:<\/strong> V\u00e1lec mus\u00ed fungovat bezpe\u010dn\u011b, aby se zabr\u00e1nilo vzniku poruch a nehod a aby byla zaji\u0161t\u011bna bezpe\u010dnost za\u0159\u00edzen\u00ed a person\u00e1lu.<\/li>\n<li><strong>\u00dadr\u017eba:<\/strong> V\u00e1lec mus\u00ed b\u00fdt snadno udr\u017eovateln\u00fd a opravovateln\u00fd, aby se sn\u00ed\u017eily prostoje za\u0159\u00edzen\u00ed, n\u00e1klady na \u00fadr\u017ebu a zajistil se dlouhodob\u00fd provoz za\u0159\u00edzen\u00ed.<\/li>\n<\/ul>\n<p><img decoding=\"async\" src=\"https:\/\/www.hydraulic-cylinders.net\/wp-content\/uploads\/2025\/01\/songte-cylinder-head-with-all-kinds-excavator-models.webp\"><\/p>\n<h3>T\u011bsn\u011bn\u00ed a maz\u00e1n\u00ed produktu<\/h3>\n<p>K zaji\u0161t\u011bn\u00ed t\u011bsnic\u00edho \u00fa\u010dinku v\u00e1lce, zabr\u00e1n\u011bn\u00ed \u00faniku hydraulick\u00e9ho oleje a zaji\u0161t\u011bn\u00ed \u017eivotnosti v\u00e1lce se pou\u017e\u00edvaj\u00ed r\u016fzn\u00e9 t\u011bsnic\u00ed prvky, jako jsou t\u011bsn\u011bn\u00ed p\u00edstu, t\u011bsn\u011bn\u00ed p\u00edstnice atd. T\u011bsnic\u00ed prvky jsou vyrobeny z materi\u00e1l\u016f odoln\u00fdch proti opot\u0159eben\u00ed, jako je polyuretan a nitrilov\u00e1 pry\u017e. <\/p>\n<p>T\u011bleso v\u00e1lce a z\u00e1vitov\u00fd \u010deln\u00ed povrch proch\u00e1zej\u00ed p\u0159esn\u00fdm zpracov\u00e1n\u00edm, co\u017e zlep\u0161uje jejich odolnost proti opot\u0159eben\u00ed. Pravideln\u00e9 maz\u00e1n\u00ed vhodn\u00fdm mno\u017estv\u00edm hydraulick\u00e9ho oleje je nezbytn\u00e9 pro zaji\u0161t\u011bn\u00ed plynul\u00e9ho provozu a prodlou\u017een\u00ed \u017eivotnosti v\u00e1lce.<\/p>\n<h3>Pravideln\u00e1 kontrola a preventivn\u00ed \u00fadr\u017eba<\/h3>\n<p>V\u00e1lec ramene pro velk\u00e9 rypadlo Sany SY365 mus\u00ed podl\u00e9hat pravideln\u00fdm kontrol\u00e1m a preventivn\u00ed \u00fadr\u017eb\u011b, v\u010detn\u011b:<\/p>\n<ul>\n<li>Pravideln\u00e1 kontrola a v\u00fdm\u011bna t\u011bsnic\u00edch prvk\u016f.<\/li>\n<li>Pravideln\u00e1 kontrola a v\u00fdm\u011bna p\u00edstn\u00edch ty\u010d\u00ed a v\u00e1lc\u016f.<\/li>\n<li>Pravideln\u00e1 kontrola a v\u00fdm\u011bna hydraulick\u00e9ho oleje.<\/li>\n<li>Pravideln\u00e1 v\u00fdm\u011bna po\u0161kozen\u00fdch sou\u010d\u00e1st\u00ed, jako jsou matice, \u0161rouby atd.<\/li>\n<li>Pravideln\u00e9 utahov\u00e1n\u00ed v\u0161ech spoj\u016f a upev\u0148ovac\u00edch prvk\u016f.<\/li>\n<\/ul>\n<h3>Pr\u016fvodce instalac\u00ed produktu<\/h3>\n<p>Instalace v\u00e1lce ramene pro velk\u00e9 rypadlo Sany SY365 vy\u017eaduje odborn\u00e9 dovednosti a techniky. Postupujte pros\u00edm podle n\u00e1sleduj\u00edc\u00edch krok\u016f:<\/p>\n<ol>\n<li>Star\u00fd v\u00e1lec ze stroje opatrn\u011b a bezpe\u010dn\u011b vyjm\u011bte.<\/li>\n<li>O\u010dist\u011bte mont\u00e1\u017en\u00ed povrch a ujist\u011bte se, \u017ee je hladk\u00fd a bez rzi a ne\u010distot.<\/li>\n<li>Nainstalujte nov\u00fd v\u00e1lec ramene a ut\u00e1hn\u011bte \u0161rouby podle pokyn\u016f v\u00fdrobce.<\/li>\n<li>P\u0159ipojte hydraulick\u00e9 hadice a zkontrolujte, zda nedoch\u00e1z\u00ed k \u00fanik\u016fm.<\/li>\n<li>P\u0159ed pou\u017eit\u00edm v\u00e1lce ramene na stroji vyzkou\u0161ejte jeho funkci.<\/li>\n<\/ol>\n<p><img decoding=\"async\" src=\"https:\/\/www.hydraulic-cylinders.net\/wp-content\/uploads\/2025\/01\/songte-bushings-with-all-kinds-of-excavator-models.webp\"><\/p>\n<h3>Aspekty bezpe\u010dnosti produkt\u016f a faktory prost\u0159ed\u00ed<\/h3>\n<p>P\u0159i obsluze v\u00e1lce s ramenem dodr\u017eujte striktn\u011b bezpe\u010dnostn\u00ed p\u0159edpisy a pokyny. V p\u0159\u00edpad\u011b pot\u0159eby pou\u017e\u00edvejte ochrann\u00e9 pom\u016fcky, jako jsou rukavice, ochrann\u00e9 br\u00fdle a helma. Nep\u0159ekra\u010dujte maxim\u00e1ln\u00ed nosnost v\u00e1lce a vyvarujte se p\u0159et\u00ed\u017een\u00ed nebo n\u00e1hl\u00fdch n\u00e1raz\u016f.<\/p>\n<p>V\u00e1lec ramene pro velk\u00e9 rypadlo Sany SY365 je ekologick\u00fd produkt vyroben\u00fd z recyklovateln\u00fdch materi\u00e1l\u016f a navr\u017een\u00fd pro efektivn\u00ed a energeticky \u00fasporn\u00fd provoz. Spl\u0148uje mezin\u00e1rodn\u00ed environment\u00e1ln\u00ed p\u0159edpisy a normy.<\/p>\n<h3>Diagnostika z\u00e1vad produktu a b\u011b\u017en\u00e9 probl\u00e9my<\/h3>\n<p>Mezi b\u011b\u017en\u00e9 z\u00e1vady a probl\u00e9my s v\u00e1lcem ramene pro velk\u00e9 rypadlo Sany SY365 pat\u0159\u00ed:<\/p>\n<ul>\n<li>\u00danik oleje<\/li>\n<li>Hluk b\u011bhem provozu<\/li>\n<li>Pomal\u00fd pohyb nebo \u017e\u00e1dn\u00fd pohyb<\/li>\n<li>Nadm\u011brn\u00e9 vibrace<\/li>\n<li>Nedostate\u010dn\u00fd v\u00fdkon nebo s\u00edla<\/li>\n<\/ul>\n<h3>Tipy a \u0159e\u0161en\u00ed pro \u0159e\u0161en\u00ed chyb<\/h3>\n<p>Pokud naraz\u00edte na probl\u00e9my s v\u00e1lcem ramene, \u0159i\u010fte se pros\u00edm n\u00e1sleduj\u00edc\u00edmi tipy:<\/p>\n<ul>\n<li>Zkontrolujte hydraulick\u00fd syst\u00e9m, zda nedoch\u00e1z\u00ed k \u00faniku oleje nebo ucp\u00e1n\u00ed, a v p\u0159\u00edpad\u011b pot\u0159eby hydraulick\u00fd olej vym\u011b\u0148te.<\/li>\n<li>Zkontrolujte t\u011bsnic\u00ed prvky, zda nejsou po\u0161kozen\u00e9 nebo opot\u0159ebovan\u00e9, a v p\u0159\u00edpad\u011b pot\u0159eby je vym\u011b\u0148te.<\/li>\n<li>Zkontrolujte p\u00edstn\u00ed ty\u010d a v\u00e1lec, zda nejsou po\u0161kozen\u00e9, a v p\u0159\u00edpad\u011b pot\u0159eby je vym\u011b\u0148te.<\/li>\n<li>Zkontrolujte hydraulick\u00e9 hadice a spoje, zda nedoch\u00e1z\u00ed k \u00fanik\u016fm, a v p\u0159\u00edpad\u011b pot\u0159eby je opravte nebo vym\u011b\u0148te.<\/li>\n<li>Zkontrolujte upev\u0148ovac\u00ed prvky a v p\u0159\u00edpad\u011b pot\u0159eby je dot\u00e1hn\u011bte.<\/li>\n<\/ul>\n<h3>O spole\u010dnosti<\/h3>\n<p>Jsme profesion\u00e1ln\u00ed v\u00fdrobce n\u00e1hradn\u00edch hydraulick\u00fdch v\u00e1lc\u016f, specializuj\u00edc\u00ed se na \u0161irokou \u0161k\u00e1lu produkt\u016f a st\u00e1vaj\u00edc\u00ed se jedn\u00edm z p\u0159edn\u00edch v\u00fdrobc\u016f a velkoobchodn\u00edch distributor\u016f hydraulick\u00fdch v\u00e1lc\u016f na dom\u00e1c\u00edm i mezin\u00e1rodn\u00edm trhu. V\u017edy dodr\u017eujeme princip excelence v kvalit\u011b, spol\u00e9h\u00e1me se na strategii \u0159\u00edzen\u00ed pr\u016fmyslov\u00e9 v\u00fdroby v jemn\u00fdch v\u00fdrobn\u00edch d\u00edln\u00e1ch a neust\u00e1le zlep\u0161ujeme technologickou \u00farove\u0148 a efektivitu v\u00fdroby. Zav\u00e1d\u011bn\u00edm \u0161pi\u010dkov\u00e9ho digit\u00e1ln\u00edho v\u00fdrobn\u00edho za\u0159\u00edzen\u00ed a profesion\u00e1ln\u00edch testovac\u00edch syst\u00e9m\u016f neust\u00e1le optimalizujeme v\u00fdrobn\u00ed platformu, zlep\u0161ujeme proces kontroly kvality v\u00fdrobk\u016f a m\u00e1me siln\u00e9 inova\u010dn\u00ed schopnosti. Na\u0161\u00edm c\u00edlem je uspokojovat rozmanit\u00e9 pot\u0159eby z\u00e1kazn\u00edk\u016f na z\u00e1klad\u011b princip\u016f efektivity, p\u0159esnosti a vysok\u00e9 kvality.<\/p>\n<p><img decoding=\"async\" src=\"https:\/\/www.hydraulic-cylinders.net\/wp-content\/uploads\/2025\/01\/songte-company-4.webp\"><br \/>\n<img decoding=\"async\" src=\"https:\/\/www.hydraulic-cylinders.net\/wp-content\/uploads\/2025\/01\/songte-company-3.webp\"><\/p>\n<h3>Na\u0161e slu\u017eby<\/h3>\n<ul>\n<li><strong>Profesionalita:<\/strong> M\u00e1me t\u00fdm zku\u0161en\u00fdch in\u017een\u00fdr\u016f a technik\u016f, kte\u0159\u00ed dok\u00e1\u017e\u00ed poskytnout profesion\u00e1ln\u00ed a komplexn\u00ed podporu.<\/li>\n<li><strong>Mezin\u00e1rodn\u00ed certifikace:<\/strong> Na\u0161e v\u00fdrobky spl\u0148uj\u00ed mezin\u00e1rodn\u00ed normy a certifikace, jako jsou ISO9001, CE a ROHS.<\/li>\n<li><strong>P\u0159izp\u016fsoben\u00ed:<\/strong> Nab\u00edz\u00edme slu\u017eby na m\u00edru dle po\u017eadavk\u016f z\u00e1kazn\u00edk\u016f, v\u010detn\u011b velikosti, materi\u00e1l\u016f a dal\u0161\u00edch specifikac\u00ed.<\/li>\n<li><strong>V\u00fdrobn\u00ed za\u0159\u00edzen\u00ed:<\/strong> Disponujeme modern\u00edm vybaven\u00edm, jako jsou CNC soustruhy, fr\u00e9zky a brusky, kter\u00e9 zaji\u0161\u0165uj\u00ed p\u0159esnou a efektivn\u00ed v\u00fdrobu.<\/li>\n<li><strong>Poprodejn\u00ed servis:<\/strong> Poskytujeme vysoce kvalitn\u00ed poprodejn\u00ed servis, v\u010detn\u011b technick\u00e9 podpory, z\u00e1ruky na produkty a oprav.<\/li>\n<\/ul>\n<h3>Z\u00e1v\u011br<\/h3>\n<p>Z\u00e1v\u011brem lze \u0159\u00edci, \u017ee v\u00e1lec ramene pro velk\u00e9 rypadlo Sany SY365 je kl\u00ed\u010dovou sou\u010d\u00e1st\u00ed hydraulick\u00fdch syst\u00e9m\u016f, kter\u00e9 poskytuj\u00ed line\u00e1rn\u00ed pohyb a v\u00fdkon mechanick\u00e9mu rameni, co\u017e umo\u017e\u0148uje r\u016fzn\u00e9 operace v r\u016fzn\u00fdch odv\u011btv\u00edch a sc\u00e9n\u00e1\u0159\u00edch. D\u00edky sv\u00fdm vlastnostem, jako je vysok\u00e1 \u00fa\u010dinnost, p\u0159esn\u00e9 ovl\u00e1d\u00e1n\u00ed, odolnost, multifunk\u010dn\u00ed p\u0159izp\u016fsobivost a snadn\u00e1 \u00fadr\u017eba, se stal nezbytn\u00fdm produktem ve stroj\u00edrenstv\u00ed. Jako profesion\u00e1ln\u00ed v\u00fdrobce n\u00e1hradn\u00edch hydraulick\u00fdch v\u00e1lc\u016f v\u017edy usilujeme o dokonalost a poskytujeme vysoce kvalitn\u00ed produkty a slu\u017eby, abychom uspokojili rozmanit\u00e9 pot\u0159eby na\u0161ich z\u00e1kazn\u00edk\u016f. <\/p>\n<p><em>Autor: lyl<\/em><\/p>","protected":false},"excerpt":{"rendered":"<p>Arm Cylinder for Sany Large Excavator SY365 &#8211; All You Need to Know Introduction Product Definition An arm cylinder is a specially designed hydraulic cylinder used primarily to provide linear motion and power to various types of machinery&#8217;s arm, such as excavators, cranes, and robotic arms. Arm cylinders play a critical role in hydraulic systems, [&hellip;]<\/p>","protected":false},"featured_media":14772,"comment_status":"open","ping_status":"closed","template":"","meta":{"_et_pb_use_builder":"","_et_pb_old_content":"","_et_gb_content_width":""},"product_brand":[],"product_cat":[1497],"product_tag":[1498,1496],"class_list":{"0":"post-16380","1":"product","2":"type-product","3":"status-publish","4":"has-post-thumbnail","6":"product_cat-arm-cylinders","7":"product_tag-arm-cylinders","8":"product_tag-hydraulic-cylinders","10":"first","11":"instock","12":"shipping-taxable","13":"product-type-simple"},"amp_enabled":true,"_links":{"self":[{"href":"https:\/\/www.hydraulic-cylinders.net\/cs\/wp-json\/wp\/v2\/product\/16380","targetHints":{"allow":["GET"]}}],"collection":[{"href":"https:\/\/www.hydraulic-cylinders.net\/cs\/wp-json\/wp\/v2\/product"}],"about":[{"href":"https:\/\/www.hydraulic-cylinders.net\/cs\/wp-json\/wp\/v2\/types\/product"}],"replies":[{"embeddable":true,"href":"https:\/\/www.hydraulic-cylinders.net\/cs\/wp-json\/wp\/v2\/comments?post=16380"}],"wp:featuredmedia":[{"embeddable":true,"href":"https:\/\/www.hydraulic-cylinders.net\/cs\/wp-json\/wp\/v2\/media\/14772"}],"wp:attachment":[{"href":"https:\/\/www.hydraulic-cylinders.net\/cs\/wp-json\/wp\/v2\/media?parent=16380"}],"wp:term":[{"taxonomy":"product_brand","embeddable":true,"href":"https:\/\/www.hydraulic-cylinders.net\/cs\/wp-json\/wp\/v2\/product_brand?post=16380"},{"taxonomy":"product_cat","embeddable":true,"href":"https:\/\/www.hydraulic-cylinders.net\/cs\/wp-json\/wp\/v2\/product_cat?post=16380"},{"taxonomy":"product_tag","embeddable":true,"href":"https:\/\/www.hydraulic-cylinders.net\/cs\/wp-json\/wp\/v2\/product_tag?post=16380"}],"curies":[{"name":"wp","href":"https:\/\/api.w.org\/{rel}","templated":true}]}}