{"id":16385,"date":"2025-01-20T09:11:13","date_gmt":"2025-01-20T09:11:13","guid":{"rendered":"https:\/\/www.hydraulic-cylinders.net\/product\/arm-cylinderfor-sany-large-excavator-sy365h-9\/"},"modified":"2025-01-20T09:11:15","modified_gmt":"2025-01-20T09:11:15","slug":"arm-cylinderfor-sany-large-excavator-sy365h-9","status":"publish","type":"product","link":"https:\/\/www.hydraulic-cylinders.net\/cs\/produkt\/arm-cylinderfor-sany-large-excavator-sy365h-9\/","title":{"rendered":"V\u00e1lec ramene pro velk\u00e9 bagry Sany SY365H-9"},"content":{"rendered":"<p>V\u00e1lec ramene pro velk\u00e9 rypadlo Sany SY365H-9: Definice a vysv\u011btlen\u00ed<\/p>\n<h2>Zaveden\u00ed<\/h2>\n<h3>Co je to v\u00e1lec ramene?<\/h3>\n<p>Hydraulick\u00fd v\u00e1lec ramene je specializovan\u00fd hydraulick\u00fd v\u00e1lec, kter\u00fd se prim\u00e1rn\u011b pou\u017e\u00edv\u00e1 k zaji\u0161t\u011bn\u00ed line\u00e1rn\u00edho pohybu a v\u00fdkonu ramene r\u016fzn\u00fdch typ\u016f stroj\u016f, jako jsou bagry, je\u0159\u00e1by a mechanick\u00e1 ramena. V\u00e1lec ramene hraje kl\u00ed\u010dovou roli v hydraulick\u00e9m syst\u00e9mu, proto\u017ee umo\u017e\u0148uje efektivn\u00ed pohyb a ovl\u00e1d\u00e1n\u00ed dal\u0161\u00edho n\u00e1\u0159ad\u00ed nebo p\u0159\u00edslu\u0161enstv\u00ed. Tyto v\u00e1lce nejen dosahuj\u00ed plynul\u00e9ho pohybu, ale tak\u00e9 odol\u00e1vaj\u00ed t\u011b\u017ek\u00fdm z\u00e1t\u011b\u017e\u00edm, \u010d\u00edm\u017e zaji\u0161\u0165uj\u00ed efektivn\u00ed provoz a spolehlivost stroj\u016f za r\u016fzn\u00fdch provozn\u00edch podm\u00ednek.<\/p>\n<p><img decoding=\"async\" src=\"https:\/\/www.hydraulic-cylinders.net\/wp-content\/uploads\/2025\/01\/songte-company-2.webp\" alt=\"V\u00e1lec ramene\"><\/p>\n<h3>Kl\u00ed\u010dov\u00e9 vlastnosti v\u00e1lce ramene<\/h3>\n<li>\n<h4>Vysoce \u00fa\u010dinn\u00fd p\u0159enos:<\/h4>\n<p> V\u00e1lec ramene poskytuje siln\u00fd line\u00e1rn\u00ed pohyb a s\u00edlu, co\u017e zaji\u0161\u0165uje vysoce efektivn\u00ed v\u00fdkon mechanick\u00e9ho ramene v r\u016fzn\u00fdch operac\u00edch.<\/li>\n<li>\n<h4>P\u0159esn\u00e9 ovl\u00e1d\u00e1n\u00ed:<\/h4>\n<p> D\u00edky hydraulick\u00e9mu syst\u00e9mu m\u016f\u017ee v\u00e1lec ramene dos\u00e1hnout p\u0159esn\u00e9ho \u0159\u00edzen\u00ed pohybu, co\u017e zvy\u0161uje flexibilitu a p\u0159esnost ovl\u00e1d\u00e1n\u00ed dal\u0161\u00edch n\u00e1stroj\u016f.<\/li>\n<li>\n<h4>Siln\u00e1 trvanlivost:<\/h4>\n<p> V\u00e1lce ramen jsou obvykle vyrobeny z vysoce pevn\u00fdch materi\u00e1l\u016f, maj\u00ed dobrou odolnost proti opot\u0159eben\u00ed a korozi a jsou vhodn\u00e9 pro dlouhodob\u00e9 pou\u017e\u00edv\u00e1n\u00ed v n\u00e1ro\u010dn\u00fdch podm\u00ednk\u00e1ch.<\/li>\n<li>\n<h4>Multifunk\u010dn\u00ed p\u0159izp\u016fsobivost:<\/h4>\n<p> Tyto v\u00e1lce lze \u0161iroce pou\u017e\u00edvat v r\u016fzn\u00fdch mechanick\u00fdch za\u0159\u00edzen\u00edch, jako jsou bagry, je\u0159\u00e1by a mechanick\u00e1 ramena, aby se p\u0159izp\u016fsobily r\u016fzn\u00fdm po\u017eadavk\u016fm na pr\u00e1ci.<\/li>\n<li>\n<h4>Snadn\u00e1 \u00fadr\u017eba:<\/h4>\n<p> Konstrukce zohled\u0148uje snadnou \u00fadr\u017ebu a v\u00fdm\u011bnu, co\u017e usnad\u0148uje pravideln\u00e9 kontroly a \u00fadr\u017ebu a zkracuje prostoje za\u0159\u00edzen\u00ed.<\/li>\n<p><img decoding=\"async\" src=\"https:\/\/www.hydraulic-cylinders.net\/wp-content\/uploads\/2025\/01\/songte-oil-pipes-and-spare-parts.webp\" alt=\"D\u00edly v\u00e1lce ramene\"><\/p>\n<h3>Sc\u00e9n\u00e1\u0159e pou\u017eit\u00ed ramenov\u00e9ho v\u00e1lce<\/h3>\n<li>\n<h4>Stavebn\u00ed in\u017een\u00fdrstv\u00ed:<\/h4>\n<p> U bagr\u016f a je\u0159\u00e1b\u016f se v\u00e1lec ramene pou\u017e\u00edv\u00e1 k ovl\u00e1d\u00e1n\u00ed pohybu l\u017e\u00edce nebo v\u00fdlo\u017en\u00edku pro zemn\u00ed pr\u00e1ce, manipulaci s materi\u00e1lem a mont\u00e1\u017e konstrukc\u00ed.<\/li>\n<li>\n<h4>Zpracovatelsk\u00fd pr\u016fmysl:<\/h4>\n<p> V automatizovan\u00fdch v\u00fdrobn\u00edch link\u00e1ch se v\u00e1lec ramene pou\u017e\u00edv\u00e1 pro pohyb mechanick\u00fdch ramen, jako je mont\u00e1\u017e, sva\u0159ov\u00e1n\u00ed a manipulace, za \u00fa\u010delem zlep\u0161en\u00ed efektivity a p\u0159esnosti v\u00fdroby.<\/li>\n<li>\n<h4>Zem\u011bd\u011blsk\u00e9 stroje:<\/h4>\n<p> V zem\u011bd\u011blsk\u00fdch stroj\u00edch, jako jsou skl\u00edzec\u00ed a sec\u00ed stroje, v\u00e1lec ramene ovl\u00e1d\u00e1 pohyb ovl\u00e1dac\u00edho ramene pro prov\u00e1d\u011bn\u00ed \u00fakol\u016f, jako je set\u00ed, hnojen\u00ed a sklize\u0148.<\/li>\n<li>\n<h4>T\u011b\u017eebn\u00ed pr\u016fmysl:<\/h4>\n<p> V t\u011b\u017eebn\u00edch za\u0159\u00edzen\u00edch se v\u00e1lec ramene pou\u017e\u00edv\u00e1 k ovl\u00e1d\u00e1n\u00ed pohybu ramene t\u011b\u017eebn\u00edho za\u0159\u00edzen\u00ed pro t\u011b\u017ebu a manipulaci s materi\u00e1lem.<\/li>\n<li>\n<h4>Logistika a doprava:<\/h4>\n<p> U vysokozdvi\u017en\u00fdch voz\u00edk\u016f a transportn\u00edch robot\u016f se v\u00e1lec ramene pou\u017e\u00edv\u00e1 k ovl\u00e1d\u00e1n\u00ed zved\u00e1n\u00ed a pohybu vidlic, \u010d\u00edm\u017e se realizuje manipulace s materi\u00e1lem a jeho stohov\u00e1n\u00ed.<\/li>\n<h2>\u00davahy o n\u00e1vrhu a standardy v\u00fdb\u011bru<\/h2>\n<h3>\u00danosnost<\/h3>\n<p>Nosnost v\u00e1lce je ur\u010dena pr\u016fm\u011brem p\u00edstn\u00ed ty\u010de, zdvihem v\u00e1lce a tlakem hydraulick\u00e9ho syst\u00e9mu. Pro zaji\u0161t\u011bn\u00ed stabiln\u00edho a spolehliv\u00e9ho v\u00fdkonu je nutn\u00e9 zvolit vhodnou nosnost v\u00e1lce podle skute\u010dn\u00fdch pot\u0159eb za\u0159\u00edzen\u00ed.<\/p>\n<h3>T\u011bsnic\u00ed v\u00fdkon<\/h3>\n<p>T\u011bsnic\u00ed v\u00fdkon je kl\u00ed\u010dov\u00fdm faktorem ovliv\u0148uj\u00edc\u00edm \u017eivotnost a provozn\u00ed \u00fa\u010dinnost v\u00e1lce. Je nutn\u00e9 pou\u017e\u00edvat r\u016fzn\u00e9 t\u011bsnic\u00ed komponenty, jako jsou t\u011bsn\u011bn\u00ed p\u00edst\u016f a p\u00edstnic vyroben\u00fdch z materi\u00e1l\u016f odoln\u00fdch proti opot\u0159eben\u00ed, jako je polyuretan a nitrilov\u00e1 pry\u017e. Krom\u011b toho je t\u011bleso v\u00e1lce a povrch z\u00e1vitu jemn\u011b opracov\u00e1ny pro zlep\u0161en\u00ed odolnosti proti opot\u0159eben\u00ed.<\/p>\n<h3>Trvanlivost a bezpe\u010dnost<\/h3>\n<p>Trvanlivost a bezpe\u010dnost v\u00e1lce jsou z\u00e1sadn\u00edmi faktory ovliv\u0148uj\u00edc\u00edmi provoz za\u0159\u00edzen\u00ed a bezpe\u010dnost person\u00e1lu. Je nutn\u00e9 vybrat v\u00e1lce vyroben\u00e9 z vysoce pevn\u00fdch materi\u00e1l\u016f, se spolehlivou konstrukc\u00ed a vynikaj\u00edc\u00ed technologi\u00ed sva\u0159ov\u00e1n\u00ed. Z\u00e1rove\u0148 by m\u011bl v\u00e1lce proj\u00edt p\u0159\u00edsn\u00fdmi testy, aby byla zaji\u0161t\u011bna spolehliv\u00e1 kvalita a stabiln\u00ed v\u00fdkon.<\/p>\n<h3>\u00dadr\u017eba a opravy<\/h3>\n<p>\u00dadr\u017eba v\u00e1lce je nezbytn\u00fdm opat\u0159en\u00edm pro zaji\u0161t\u011bn\u00ed jeho \u017eivotnosti. Je nutn\u00e9 pravideln\u011b dopl\u0148ovat hydraulick\u00fd olej vhodn\u00e9ho modelu a viskozity a pravideln\u011b vym\u011b\u0148ovat hydraulick\u00fd olej a t\u011bsnic\u00ed prvky. D\u00e1le je nutn\u00e9 zajistit \u010distotu hydraulick\u00e9ho syst\u00e9mu a zabr\u00e1nit vniknut\u00ed ne\u010distot.<\/p>\n<p><img decoding=\"async\" src=\"https:\/\/www.hydraulic-cylinders.net\/wp-content\/uploads\/2025\/01\/songte-cylinder-head-with-all-kinds-excavator-models.webp\" alt=\"Hlava v\u00e1lc\u016f\"><\/p>\n<h2>T\u011bsn\u011bn\u00ed a maz\u00e1n\u00ed v\u00e1lce ramene<\/h2>\n<p>Pro zaji\u0161t\u011bn\u00ed spolehliv\u00e9ho ut\u011bsn\u011bn\u00ed a maz\u00e1n\u00ed v\u00e1lce ramene je nutn\u00e9 pou\u017e\u00edt r\u016fzn\u00e9 t\u011bsnic\u00ed komponenty vyroben\u00e9 z materi\u00e1l\u016f odoln\u00fdch proti opot\u0159eben\u00ed, jako jsou t\u011bsn\u011bn\u00ed p\u00edst\u016f, t\u011bsn\u011bn\u00ed p\u00edstnic atd. T\u011bleso v\u00e1lce a povrch z\u00e1vitu proch\u00e1zej\u00ed jemn\u00fdm opracov\u00e1n\u00edm a povrchovou \u00fapravou pro zv\u00fd\u0161en\u00ed odolnosti proti opot\u0159eben\u00ed.<\/p>\n<p>Mezit\u00edm by p\u0159\u00edslu\u0161n\u00ed oper\u00e1to\u0159i m\u011bli pravideln\u011b dopl\u0148ovat vhodn\u00fd hydraulick\u00fd olej, pravideln\u011b vym\u011b\u0148ovat hydraulick\u00fd olej a t\u011bsnic\u00ed komponenty a db\u00e1t na \u010distotu hydraulick\u00e9ho syst\u00e9mu.<\/p>\n<h2>Pravideln\u00e1 kontrola a preventivn\u00ed \u00fadr\u017eba<\/h2>\n<h3>Pravideln\u00e1 kontrola<\/h3>\n<p>Je nutn\u00e9 pravideln\u011b kontrolovat v\u00e1lec, zda nen\u00ed opot\u0159ebovan\u00fd, po\u0161kozen\u00fd, deformovan\u00fd a nevykazuje dal\u0161\u00ed probl\u00e9my. Na z\u00e1klad\u011b v\u00fdsledk\u016f kontroly se rozhodn\u011bte, zda v\u00e1lec opravit nebo vym\u011bnit.<\/p>\n<h3>Preventivn\u00ed \u00fadr\u017ebov\u00e1 opat\u0159en\u00ed<\/h3>\n<p>Je nutn\u00e9 pravideln\u011b dopl\u0148ovat vhodn\u00fd hydraulick\u00fd olej, pravideln\u011b vym\u011b\u0148ovat hydraulick\u00fd olej a t\u011bsnic\u00ed komponenty a db\u00e1t na \u010distotu hydraulick\u00e9ho syst\u00e9mu. Krom\u011b toho je nutn\u00e9 zajistit spr\u00e1vnou instalaci a provoz v\u00e1lce a zabr\u00e1nit p\u0159et\u00ed\u017een\u00ed a po\u0161kozen\u00ed n\u00e1razem.<\/p>\n<p><img decoding=\"async\" src=\"https:\/\/www.hydraulic-cylinders.net\/wp-content\/uploads\/2025\/01\/songte-chushion-collar.webp\" alt=\"Pol\u0161t\u00e1\u0159ov\u00fd l\u00edmec\"><\/p>\n<h2>Pokyny k instalaci v\u00e1lce ramene<\/h2>\n<h3>P\u0159\u00edprava<\/h3>\n<p>P\u0159ed instalac\u00ed je nutn\u00e9 zkontrolovat, zda v\u00e1lec spl\u0148uje po\u017eadavky na pou\u017eit\u00ed, zda jsou upev\u0148ovac\u00ed prvky kompletn\u00ed a spolehliv\u00e9 a zda je spr\u00e1vn\u00e1 mont\u00e1\u017en\u00ed poloha a sm\u011br.<\/p>\n<h3>Instalace<\/h3>\n<p>P\u0159i mont\u00e1\u017ei v\u00e1lce je nutn\u00e9 zarovnat st\u0159edovou osu p\u00edstnice se st\u0159edovou osou pohybliv\u00e9 \u010d\u00e1sti, aby se p\u00edstnice mohla plynule pohybovat bez odchylek. B\u011bhem mont\u00e1\u017ee je tak\u00e9 nutn\u00e9 zajistit dostate\u010dn\u00e9 maz\u00e1n\u00ed.<\/p>\n<h3>Uveden\u00ed do provozu<\/h3>\n<p>Po instalaci je nutn\u00e9 zkontrolovat, zda je provoz v\u00e1lce norm\u00e1ln\u00ed, zda nedoch\u00e1z\u00ed k \u00fanik\u016fm nebo abnorm\u00e1ln\u00edmu hluku a zda je tlumic\u00ed \u00fa\u010dinek spolehliv\u00fd.<\/p>\n<h2>Bezpe\u010dnostn\u00ed aspekty a faktory prost\u0159ed\u00ed<\/h2>\n<p>P\u0159i pou\u017e\u00edv\u00e1n\u00ed v\u00e1lce s ramenem je nutn\u00e9 db\u00e1t na bezpe\u010dnost person\u00e1lu a za\u0159\u00edzen\u00ed a p\u0159ijmout odpov\u00eddaj\u00edc\u00ed opat\u0159en\u00ed k prevenci nehod. Nap\u0159\u00edklad je nutn\u00e9 zabr\u00e1nit p\u0159et\u00ed\u017een\u00ed a po\u0161kozen\u00ed n\u00e1razem, zajistit spr\u00e1vnou instalaci a provoz v\u00e1lce a pravideln\u011b kontrolovat a udr\u017eovat v\u00e1lec.<\/p>\n<p>Pokud jde o faktory prost\u0159ed\u00ed, je nutn\u00e9 pou\u017e\u00edvat vhodn\u00fd hydraulick\u00fd olej, zajistit \u010distotu hydraulick\u00e9ho syst\u00e9mu a zabr\u00e1nit vniknut\u00ed ne\u010distot, kter\u00e9 by mohly zp\u016fsobit zne\u010di\u0161t\u011bn\u00ed \u017eivotn\u00edho prost\u0159ed\u00ed.<\/p>\n<h2>Odstra\u0148ov\u00e1n\u00ed probl\u00e9m\u016f a b\u011b\u017en\u00e9 probl\u00e9my<\/h2>\n<h3>Tipy a \u0159e\u0161en\u00ed probl\u00e9m\u016f<\/h3>\n<p>Pokud dojde k poru\u0161e v\u00e1lce ramene, je nutn\u00e9 zjistit p\u0159\u00ed\u010dinu probl\u00e9mu pomoc\u00ed \u0159e\u0161en\u00ed probl\u00e9m\u016f a p\u0159ijmout odpov\u00eddaj\u00edc\u00ed opat\u0159en\u00ed k jeho vy\u0159e\u0161en\u00ed. Nap\u0159\u00edklad pokud se vyskytne probl\u00e9m s net\u011bsnost\u00ed, je nutn\u00e9 zjistit, zda je probl\u00e9m zp\u016fsoben po\u0161kozen\u00fdm t\u011bsn\u011bn\u00edm nebo po\u0161kozen\u00fdm t\u011blesem v\u00e1lce, a pot\u00e9 vym\u011bnit nebo opravit problematick\u00fd d\u00edl.<\/p>\n<h3>Preventivn\u00ed opat\u0159en\u00ed<\/h3>\n<p>Pro sn\u00ed\u017een\u00ed potenci\u00e1ln\u00edch probl\u00e9m\u016f je nutn\u00e9 zajistit pravidelnou \u00fadr\u017ebu a kontrolu v\u00e1lce, vyhnout se p\u0159et\u00ed\u017een\u00ed a po\u0161kozen\u00ed n\u00e1razem a zajistit spr\u00e1vnou instalaci a provoz v\u00e1lce.<\/p>\n<p><img decoding=\"async\" src=\"https:\/\/www.hydraulic-cylinders.net\/wp-content\/uploads\/2025\/01\/songte-bushings-with-all-kinds-of-excavator-models.webp\" alt=\"Pouzdra\"><\/p>\n<h2>O na\u0161\u00ed spole\u010dnosti<\/h2>\n<p>Jsme profesion\u00e1ln\u00ed v\u00fdrobce alternativn\u00edch hydraulick\u00fdch v\u00e1lc\u016f se \u0161irokou \u0161k\u00e1lou produkt\u016f a stali jsme se jedn\u00edm z p\u0159edn\u00edch v\u00fdrobc\u016f a velkoobchodn\u00edch distributor\u016f hydraulick\u00fdch v\u00e1lc\u016f v tuzemsku i v zahrani\u010d\u00ed. V\u017edy se dr\u017e\u00edme principu excelence, spol\u00e9h\u00e1me na strategii industrializovan\u00e9ho \u0159\u00edzen\u00ed v\u00fdroby v r\u00e1mci rafinovan\u00e9 v\u00fdrobn\u00ed d\u00edlny a neust\u00e1le zlep\u0161ujeme na\u0161i technologickou \u00farove\u0148 a efektivitu v\u00fdroby.<\/p>\n<p>Zav\u00e1d\u011bn\u00edm pokro\u010dil\u00e9ho digit\u00e1ln\u00edho v\u00fdrobn\u00edho za\u0159\u00edzen\u00ed a profesion\u00e1ln\u00edch testovac\u00edch syst\u00e9m\u016f neust\u00e1le optimalizujeme v\u00fdrobn\u00ed platformu, zlep\u0161ujeme proces kontroly kvality a m\u00e1me silnou inova\u010dn\u00ed schopnost. Na\u0161\u00edm c\u00edlem je uspokojovat rozmanit\u00e9 pot\u0159eby z\u00e1kazn\u00edk\u016f s vysokou efektivitou, p\u0159esnost\u00ed a vysokou kvalitou.<\/p>\n<h3>Profesionalita<\/h3>\n<p>M\u00e1me profesion\u00e1ln\u00ed technick\u00fd t\u00fdm a modern\u00ed v\u00fdrobn\u00ed za\u0159\u00edzen\u00ed, abychom zajistili vynikaj\u00edc\u00ed kvalitu na\u0161ich produkt\u016f.<\/p>\n<h3>Mezin\u00e1rodn\u00ed certifikace<\/h3>\n<p>Na\u0161e v\u00fdrobky pro\u0161ly r\u016fzn\u00fdmi mezin\u00e1rodn\u00edmi certifikacemi, jako jsou CE, ISO9001 atd.<\/p>\n<h3>Slu\u017eby p\u0159izp\u016fsoben\u00ed<\/h3>\n<p>Poskytujeme slu\u017eby p\u0159izp\u016fsoben\u00ed, abychom splnili r\u016fzn\u00e9 pot\u0159eby z\u00e1kazn\u00edk\u016f.<\/p>\n<h3>V\u00fdrobn\u00ed za\u0159\u00edzen\u00ed<\/h3>\n<p>Disponujeme pokro\u010dil\u00fdm digit\u00e1ln\u00edm v\u00fdrobn\u00edm za\u0159\u00edzen\u00edm, jako jsou CNC obr\u00e1b\u011bc\u00ed stroje, automatizovan\u00e9 mont\u00e1\u017en\u00ed linky atd., abychom zajistili vysokou efektivitu a p\u0159esnost na\u0161ich produkt\u016f.<\/p>\n<h3>Poprodejn\u00ed servis<\/h3>\n<p>Poskytujeme komplexn\u00ed poprodejn\u00ed servis a technickou podporu, abychom zajistili spokojenost z\u00e1kazn\u00edk\u016f.<\/p>\n<p><img decoding=\"async\" src=\"https:\/\/www.hydraulic-cylinders.net\/wp-content\/uploads\/2025\/01\/songte-company-4.webp\" alt=\"Spole\u010dnost\"><\/p>\n<p><img decoding=\"async\" src=\"https:\/\/www.hydraulic-cylinders.net\/wp-content\/uploads\/2025\/01\/songte-company-3.webp\" alt=\"Spole\u010dnost\"><\/p>\n<p>Autor: lyl.<\/p>","protected":false},"excerpt":{"rendered":"<p>Arm Cylinder for Sany Large Excavator SY365H-9: Definition and Explanation Introduction What is Arm Cylinder? Arm cylinder is a specialized hydraulic cylinder that is primarily used to provide linear motion and power to the arm of various types of machinery such as excavators, cranes, and mechanical arms. The arm cylinder plays a crucial role in [&hellip;]<\/p>","protected":false},"featured_media":14786,"comment_status":"open","ping_status":"closed","template":"","meta":{"_et_pb_use_builder":"","_et_pb_old_content":"","_et_gb_content_width":""},"product_brand":[],"product_cat":[1497],"product_tag":[1498,1496],"class_list":{"0":"post-16385","1":"product","2":"type-product","3":"status-publish","4":"has-post-thumbnail","6":"product_cat-arm-cylinders","7":"product_tag-arm-cylinders","8":"product_tag-hydraulic-cylinders","10":"first","11":"instock","12":"shipping-taxable","13":"product-type-simple"},"amp_enabled":true,"_links":{"self":[{"href":"https:\/\/www.hydraulic-cylinders.net\/cs\/wp-json\/wp\/v2\/product\/16385","targetHints":{"allow":["GET"]}}],"collection":[{"href":"https:\/\/www.hydraulic-cylinders.net\/cs\/wp-json\/wp\/v2\/product"}],"about":[{"href":"https:\/\/www.hydraulic-cylinders.net\/cs\/wp-json\/wp\/v2\/types\/product"}],"replies":[{"embeddable":true,"href":"https:\/\/www.hydraulic-cylinders.net\/cs\/wp-json\/wp\/v2\/comments?post=16385"}],"wp:featuredmedia":[{"embeddable":true,"href":"https:\/\/www.hydraulic-cylinders.net\/cs\/wp-json\/wp\/v2\/media\/14786"}],"wp:attachment":[{"href":"https:\/\/www.hydraulic-cylinders.net\/cs\/wp-json\/wp\/v2\/media?parent=16385"}],"wp:term":[{"taxonomy":"product_brand","embeddable":true,"href":"https:\/\/www.hydraulic-cylinders.net\/cs\/wp-json\/wp\/v2\/product_brand?post=16385"},{"taxonomy":"product_cat","embeddable":true,"href":"https:\/\/www.hydraulic-cylinders.net\/cs\/wp-json\/wp\/v2\/product_cat?post=16385"},{"taxonomy":"product_tag","embeddable":true,"href":"https:\/\/www.hydraulic-cylinders.net\/cs\/wp-json\/wp\/v2\/product_tag?post=16385"}],"curies":[{"name":"wp","href":"https:\/\/api.w.org\/{rel}","templated":true}]}}