{"id":16386,"date":"2025-01-20T09:11:17","date_gmt":"2025-01-20T09:11:17","guid":{"rendered":"https:\/\/www.hydraulic-cylinders.net\/product\/arm-cylinderfor-sany-large-excavator-sy485h-9\/"},"modified":"2025-01-20T09:11:19","modified_gmt":"2025-01-20T09:11:19","slug":"arm-cylinderfor-sany-large-excavator-sy485h-9","status":"publish","type":"product","link":"https:\/\/www.hydraulic-cylinders.net\/cs\/produkt\/arm-cylinderfor-sany-large-excavator-sy485h-9\/","title":{"rendered":"V\u00e1lec ramene pro velk\u00e9 bagry Sany SY485H-9"},"content":{"rendered":"<h1>V\u00e1lec ramene pro velk\u00e9 bagry Sany SY485H-9<\/h1>\n<h2>Zaveden\u00ed<\/h2>\n<h3>Definice ramenov\u00e9ho v\u00e1lce<\/h3>\n<p>Hydraulick\u00fd v\u00e1lec ramene je speci\u00e1ln\u011b navr\u017een\u00fd hydraulick\u00fd v\u00e1lec pou\u017e\u00edvan\u00fd p\u0159edev\u0161\u00edm k zaji\u0161t\u011bn\u00ed line\u00e1rn\u00edho pohybu a v\u00fdkonu ramen r\u016fzn\u00fdch typ\u016f stroj\u016f, jako jsou bagry, je\u0159\u00e1by a robotick\u00e1 ramena. V\u00e1lce ramen hraj\u00ed kl\u00ed\u010dovou roli v hydraulick\u00fdch syst\u00e9mech, proto\u017ee umo\u017e\u0148uj\u00ed efektivn\u00ed pohyb a ovl\u00e1d\u00e1n\u00ed dal\u0161\u00edho n\u00e1\u0159ad\u00ed nebo p\u0159\u00edslu\u0161enstv\u00ed. Tyto v\u00e1lce nejen\u017ee zaji\u0161\u0165uj\u00ed plynul\u00fd pohyb, ale tak\u00e9 odol\u00e1vaj\u00ed t\u011b\u017ek\u00fdm z\u00e1t\u011b\u017e\u00edm, co\u017e zaji\u0161\u0165uje efektivn\u00ed provoz a spolehlivost stroj\u016f v r\u016fzn\u00fdch provozn\u00edch podm\u00ednk\u00e1ch.<\/p>\n<p><img decoding=\"async\" src=\"https:\/\/www.hydraulic-cylinders.net\/wp-content\/uploads\/2025\/01\/songte-company-2.webp\"><\/p>\n<h3>Vlastnosti v\u00e1lce ramene<\/h3>\n<ul>\n<li><strong>Efektivn\u00ed p\u0159enos v\u00fdkonu:<\/strong> V\u00e1lce ramene mohou poskytovat siln\u00fd line\u00e1rn\u00ed pohyb a s\u00edlu, co\u017e zaji\u0161\u0165uje vysoce efektivn\u00ed v\u00fdkon robotick\u00e9ho ramene v r\u016fzn\u00fdch operac\u00edch.<\/li>\n<li><strong>P\u0159esn\u00e9 ovl\u00e1d\u00e1n\u00ed:<\/strong> D\u00edky hydraulick\u00e9mu syst\u00e9mu mohou v\u00e1lce ramen dos\u00e1hnout p\u0159esn\u00e9ho \u0159\u00edzen\u00ed pohybu, co\u017e zvy\u0161uje flexibilitu a p\u0159esnost ovl\u00e1d\u00e1n\u00ed dal\u0161\u00edch n\u00e1stroj\u016f.<\/li>\n<li><strong>Siln\u00e1 trvanlivost:<\/strong> V\u00e1lce ramen jsou obvykle vyrobeny z vysoce pevn\u00fdch materi\u00e1l\u016f a maj\u00ed dobrou odolnost proti opot\u0159eben\u00ed a korozi, d\u00edky \u010demu\u017e jsou vhodn\u00e9 pro dlouhodob\u00e9 pou\u017e\u00edv\u00e1n\u00ed v n\u00e1ro\u010dn\u00fdch podm\u00ednk\u00e1ch.<\/li>\n<li><strong>Multifunk\u010dn\u00ed p\u0159izp\u016fsobivost:<\/strong> Tyto v\u00e1lce lze \u0161iroce pou\u017e\u00edvat v r\u016fzn\u00fdch typech stroj\u016f, jako jsou bagry, je\u0159\u00e1by a robotick\u00e1 ramena, a p\u0159izp\u016fsobit se tak r\u016fzn\u00fdm pracovn\u00edm pot\u0159eb\u00e1m.<\/li>\n<li><strong>Snadn\u00e1 \u00fadr\u017eba:<\/strong> Konstrukce zohled\u0148uje snadnou \u00fadr\u017ebu a v\u00fdm\u011bnu, co\u017e usnad\u0148uje pravideln\u00e9 kontroly a \u00fadr\u017ebu a zkracuje prostoje za\u0159\u00edzen\u00ed.<\/li>\n<\/ul>\n<p>Tento produkt tak\u00e9 m\u016f\u017eeme vyrobit a n\u00e1\u0161 produkt dok\u00e1\u017ee tyto hydraulick\u00e9 v\u00e1lce dokonale nahradit.<\/p>\n<p><img decoding=\"async\" src=\"https:\/\/www.hydraulic-cylinders.net\/wp-content\/uploads\/2025\/01\/songte-oil-pipes-and-spare-parts.webp\"><\/p>\n<h2>Aplikace ramenov\u00e9ho v\u00e1lce<\/h2>\n<p>V\u00e1lce ramen maj\u00ed v\u0161estrann\u00e9 uplatn\u011bn\u00ed v r\u016fzn\u00fdch pr\u016fmyslov\u00fdch odv\u011btv\u00edch:<\/p>\n<ul>\n<li><strong>Stavebn\u00ed in\u017een\u00fdrstv\u00ed:<\/strong> U bagr\u016f a je\u0159\u00e1b\u016f se v\u00e1lce ramen pou\u017e\u00edvaj\u00ed k ovl\u00e1d\u00e1n\u00ed pohybu l\u017e\u00edc nebo v\u00fdlo\u017en\u00edk\u016f, k prov\u00e1d\u011bn\u00ed zemn\u00edch prac\u00ed, manipulace s materi\u00e1lem a mont\u00e1\u017ee konstrukc\u00ed.<\/li>\n<li><strong>Zpracovatelsk\u00fd pr\u016fmysl:<\/strong> V automatizovan\u00fdch v\u00fdrobn\u00edch link\u00e1ch se v\u00e1lce ramen pou\u017e\u00edvaj\u00ed k pohybu robotick\u00fdch ramen, prov\u00e1d\u011bn\u00ed mont\u00e1\u017en\u00edch, sva\u0159ovac\u00edch a manipula\u010dn\u00edch proces\u016f, \u010d\u00edm\u017e se zvy\u0161uje efektivita a p\u0159esnost v\u00fdroby.<\/li>\n<li><strong>Zem\u011bd\u011blsk\u00e9 stroje:<\/strong> V zem\u011bd\u011blsk\u00fdch stroj\u00edch, jako jsou skl\u00edzec\u00ed a s\u00e1zec\u00ed stroje, ovl\u00e1daj\u00ed v\u00e1lce ramen pohyb ovl\u00e1dac\u00edch ramen, kter\u00e9 prov\u00e1d\u011bj\u00ed set\u00ed, hnojen\u00ed a sklize\u0148.<\/li>\n<li><strong>T\u011b\u017eebn\u00ed pr\u016fmysl:<\/strong> V t\u011b\u017eebn\u00edch za\u0159\u00edzen\u00edch se v\u00e1lce ramen pou\u017e\u00edvaj\u00ed k ovl\u00e1d\u00e1n\u00ed pohybu ramene t\u011b\u017eebn\u00edho za\u0159\u00edzen\u00ed, k prov\u00e1d\u011bn\u00ed t\u011b\u017eby a p\u0159epravy rud.<\/li>\n<li><strong>Logistika a doprava:<\/strong> U vysokozdvi\u017en\u00fdch voz\u00edk\u016f a manipula\u010dn\u00edch robot\u016f se v\u00e1lce ramen pou\u017e\u00edvaj\u00ed k ovl\u00e1d\u00e1n\u00ed zved\u00e1n\u00ed a pohybu vidlic, \u010d\u00edm\u017e se dosahuje manipulace s materi\u00e1lem a jeho stohov\u00e1n\u00ed.<\/li>\n<\/ul>\n<h2>\u00davahy o n\u00e1vrhu a standardy v\u00fdb\u011bru<\/h2>\n<h3>Nosnost<\/h3>\n<p>Nosnost je kl\u00ed\u010dov\u00fdm faktorem, kter\u00fd je t\u0159eba zv\u00e1\u017eit p\u0159i n\u00e1vrhu v\u00e1lc\u016f ramene. V\u00e1lec mus\u00ed b\u00fdt schopen odolat zat\u00ed\u017een\u00ed stroje, ke kter\u00e9mu je p\u0159ipojen, a dodate\u010dn\u00e9mu zat\u00ed\u017een\u00ed n\u00e1stroj\u016f nebo p\u0159\u00edslu\u0161enstv\u00ed.<\/p>\n<h3>T\u011bsn\u011bn\u00ed<\/h3>\n<p>T\u011bsn\u011bn\u00ed v\u00e1lc\u016f ramene hraje z\u00e1sadn\u00ed roli v celkov\u00e9m v\u00fdkonu hydraulick\u00e9ho syst\u00e9mu. V\u00fdb\u011br vhodn\u00fdch t\u011bsn\u011bn\u00ed, jako jsou t\u011bsn\u011bn\u00ed p\u00edstu a p\u00edstnice, je nezbytn\u00fd pro zabr\u00e1n\u011bn\u00ed \u00faniku oleje a zaji\u0161t\u011bn\u00ed plynul\u00e9ho chodu v\u00e1lce.<\/p>\n<h3>Trvanlivost<\/h3>\n<p>Trvanlivost v\u00e1lc\u016f ramene je z\u00e1sadn\u00edm faktorem, kter\u00fd je t\u0159eba zv\u00e1\u017eit v n\u00e1ro\u010dn\u00fdch provozn\u00edch podm\u00ednk\u00e1ch. V\u00e1lec by m\u011bl b\u00fdt vyroben z vysoce kvalitn\u00edch materi\u00e1l\u016f s vhodnou povrchovou \u00fapravou pro zlep\u0161en\u00ed odolnosti proti opot\u0159eben\u00ed a korozi.<\/p>\n<h3>Bezpe\u010dnost<\/h3>\n<p>Bezpe\u010dnost v\u00e1lc\u016f ramen by m\u011bla b\u00fdt zaru\u010dena ji\u017e v procesu n\u00e1vrhu, aby se p\u0159ede\u0161lo nehod\u00e1m b\u011bhem provozu. V\u00e1lec by m\u011bl b\u00fdt navr\u017een s bezpe\u010dnostn\u00edmi prvky, jako jsou pojistn\u00e9 ventily, bezpe\u010dnostn\u00ed z\u00e1mky a nouzov\u00e9 zastaven\u00ed, aby byl zaji\u0161t\u011bn bezpe\u010dn\u00fd provoz.<\/p>\n<h3>\u00dadr\u017eba<\/h3>\n<p>Konstrukce v\u00e1lc\u016f ramene by m\u011bla zohled\u0148ovat snadnou \u00fadr\u017ebu a v\u00fdm\u011bnu d\u00edl\u016f. Pl\u00e1novan\u00e1 \u00fadr\u017eba a v\u010dasn\u00e1 v\u00fdm\u011bna opot\u0159ebovan\u00fdch d\u00edl\u016f m\u016f\u017ee minimalizovat prostoje a prodlou\u017eit \u017eivotnost v\u00e1lce.<\/p>\n<p><img decoding=\"async\" src=\"https:\/\/www.hydraulic-cylinders.net\/wp-content\/uploads\/2025\/01\/songte-cylinder-head-with-all-kinds-excavator-models.webp\"><\/p>\n<h2>T\u011bsn\u011bn\u00ed a maz\u00e1n\u00ed<\/h2>\n<p>V ramenov\u00fdch v\u00e1lc\u00edch se pou\u017e\u00edvaj\u00ed r\u016fzn\u00e9 t\u011bsnic\u00ed prvky, jako jsou t\u011bsn\u011bn\u00ed p\u00edst\u016f a t\u011bsn\u011bn\u00ed p\u00edstnic, aby se zabr\u00e1nilo \u00faniku oleje a zajistil se hladk\u00fd chod. V\u00fdb\u011br vhodn\u00fdch t\u011bsnic\u00edch materi\u00e1l\u016f, jako je polyuretan a nitrilov\u00e1 pry\u017e, m\u016f\u017ee zv\u00fd\u0161it odolnost v\u00e1lce proti opot\u0159eben\u00ed, zat\u00edmco jemn\u00e9 zpracov\u00e1n\u00ed t\u011blesa v\u00e1lce a z\u00e1vitov\u00e9ho konce m\u016f\u017ee zlep\u0161it odolnost v\u00e1lce proti opot\u0159eben\u00ed.<\/p>\n<p>Maz\u00e1n\u00ed je tak\u00e9 z\u00e1sadn\u00ed pro v\u00fdkon v\u00e1lc\u016f ramene. Pravideln\u00e9 p\u0159id\u00e1v\u00e1n\u00ed vhodn\u00e9ho hydraulick\u00e9ho oleje do v\u00e1lce m\u016f\u017ee zlep\u0161it t\u011bsnic\u00ed v\u00fdkon, sn\u00ed\u017eit t\u0159en\u00ed a zabr\u00e1nit opot\u0159eben\u00ed v\u00e1lce.<\/p>\n<h2>\u00dadr\u017eba a bezpe\u010dnostn\u00ed opat\u0159en\u00ed<\/h2>\n<p>Pravideln\u00e9 kontroly a preventivn\u00ed \u00fadr\u017eba jsou nezbytn\u00e9 pro zaji\u0161t\u011bn\u00ed dobr\u00e9ho v\u00fdkonu v\u00e1lc\u016f ramene. Zde je n\u011bkolik opat\u0159en\u00ed \u00fadr\u017eby:<\/p>\n<ul>\n<li>Pravideln\u011b kontrolujte hladinu a kvalitu oleje a v\u010das olej dopl\u0148te nebo vym\u011b\u0148te.<\/li>\n<li>Pravideln\u011b kontrolujte t\u011bsnic\u00ed v\u00fdkon v\u00e1lce a v\u010das vym\u011b\u0148ujte opot\u0159ebovan\u00e1 t\u011bsn\u011bn\u00ed.<\/li>\n<li>Pravideln\u011b \u010dist\u011bte povrch v\u00e1lce, abyste zabr\u00e1nili vniknut\u00ed prachu a ne\u010distot do v\u00e1lce.<\/li>\n<li>Pravideln\u011b kontrolujte upev\u0148ovac\u00ed \u0161rouby a matice a v p\u0159\u00edpad\u011b pot\u0159eby je dot\u00e1hn\u011bte.<\/li>\n<\/ul>\n<p>Preventivn\u00ed opat\u0159en\u00ed:<\/p>\n<ul>\n<li>Zabra\u0148te p\u0159et\u00ed\u017een\u00ed v\u00e1lce, abyste zabr\u00e1nili jeho po\u0161kozen\u00ed.<\/li>\n<li>Zabra\u0148te n\u00e1razu vn\u011bj\u0161\u00edch sil na v\u00e1lec, aby nedo\u0161lo k jeho deformaci nebo po\u0161kozen\u00ed.<\/li>\n<li>Chra\u0148te v\u00e1lec p\u0159ed korozivn\u00edm prost\u0159ed\u00edm, abyste zabr\u00e1nili korozi.<\/li>\n<\/ul>\n<p><img decoding=\"async\" src=\"https:\/\/www.hydraulic-cylinders.net\/wp-content\/uploads\/2025\/01\/songte-chushion-collar.webp\"><\/p>\n<h2>Instala\u010dn\u00ed p\u0159\u00edru\u010dka<\/h2>\n<p>Instalace v\u00e1lc\u016f ramene by m\u011bla prob\u00edhat podle n\u00e1sleduj\u00edc\u00edch krok\u016f:<\/p>\n<ol>\n<li>Vyberte vhodn\u00fd v\u00e1lec ramene podle po\u017eadavk\u016f stroje a zvolte vhodnou mont\u00e1\u017en\u00ed polohu.<\/li>\n<li>Zkontrolujte rovinnost a \u010distotu instala\u010dn\u00edho povrchu stroje a v\u00e1lce a odstra\u0148te ve\u0161ker\u00e9 ne\u010distoty nebo olejov\u00e9 skvrny.<\/li>\n<li>Namontujte v\u00e1lec podle mont\u00e1\u017en\u00edch pokyn\u016f a v\u011bnujte pozornost sm\u011bru hlavy v\u00e1lce a p\u00edstn\u00ed ty\u010de.<\/li>\n<li>P\u0159ipojte hydraulick\u00e9 potrub\u00ed a armatury podle sch\u00e9matu hydraulick\u00e9ho zapojen\u00ed a ut\u00e1hn\u011bte \u0161rouby.<\/li>\n<li>Zkontrolujte instalaci v\u00e1lce a potrub\u00ed, zda nedoch\u00e1z\u00ed k \u00fanik\u016fm, a otestujte funkci v\u00e1lce.<\/li>\n<\/ol>\n<p><img decoding=\"async\" src=\"https:\/\/www.hydraulic-cylinders.net\/wp-content\/uploads\/2025\/01\/songte-bushings-with-all-kinds-of-excavator-models.webp\"><\/p>\n<h2>Bezpe\u010dnostn\u00ed a environment\u00e1ln\u00ed aspekty<\/h2>\n<p>Bezpe\u010dnost v\u00e1lc\u016f ramen je z\u00e1sadn\u00ed pro prevenci nehod b\u011bhem provozu. U\u017eivatel\u00e9 by m\u011bli dodr\u017eovat bezpe\u010dnostn\u00ed pokyny a spr\u00e1vn\u011b obsluhovat stroj, aby se p\u0159ede\u0161lo nebezpe\u010d\u00ed.<\/p>\n<p>P\u0159i pou\u017e\u00edv\u00e1n\u00ed a \u00fadr\u017eb\u011b v\u00e1lc\u016f ramen je t\u0159eba db\u00e1t tak\u00e9 na ochranu \u017eivotn\u00edho prost\u0159ed\u00ed. Pravideln\u00e1 \u00fadr\u017eba a v\u00fdm\u011bna opot\u0159ebovan\u00fdch d\u00edl\u016f m\u016f\u017ee sn\u00ed\u017eit \u00fanik oleje a zabr\u00e1nit zne\u010di\u0161t\u011bn\u00ed \u017eivotn\u00edho prost\u0159ed\u00ed.<\/p>\n<h2>Odstra\u0148ov\u00e1n\u00ed probl\u00e9m\u016f a b\u011b\u017en\u00e9 probl\u00e9my<\/h2>\n<p>Mezi b\u011b\u017en\u00e9 probl\u00e9my s v\u00e1lci ramene pat\u0159\u00ed \u00fanik oleje, nedostate\u010dn\u00fd v\u00fdkon a abnorm\u00e1ln\u00ed hluk. Zde je n\u011bkolik tip\u016f pro diagnostiku a \u0159e\u0161en\u00ed probl\u00e9m\u016f:<\/p>\n<ul>\n<li>Pokud doch\u00e1z\u00ed k \u00faniku oleje, zkontrolujte t\u011bsn\u011bn\u00ed a v p\u0159\u00edpad\u011b pot\u0159eby je vym\u011b\u0148te.<\/li>\n<li>Pokud je v\u00fdkon nedostate\u010dn\u00fd, zkontrolujte, zda nen\u00ed v\u00e1lec p\u0159et\u00ed\u017een\u00fd nebo zda nen\u00ed hydraulick\u00fd okruh zablokovan\u00fd.<\/li>\n<li>Pokud se objev\u00ed abnorm\u00e1ln\u00ed hluk, zkontrolujte v\u00e1lec a hydraulick\u00fd okruh, zda nejsou po\u0161kozen\u00e9 nebo zda nejsou uvoln\u011bn\u00e9 d\u00edly.<\/li>\n<\/ul>\n<p>Aby se p\u0159ede\u0161lo potenci\u00e1ln\u00edm probl\u00e9m\u016fm, u\u017eivatel\u00e9 by m\u011bli dodr\u017eovat v\u00fd\u0161e uveden\u00e1 opat\u0159en\u00ed a bezpe\u010dnostn\u00ed opat\u0159en\u00ed \u00fadr\u017eby a v p\u0159\u00edpad\u011b v\u00fdskytu probl\u00e9m\u016f neprodlen\u011b je \u0159e\u0161it.<\/p>\n<p><img decoding=\"async\" src=\"https:\/\/www.hydraulic-cylinders.net\/wp-content\/uploads\/2025\/01\/songte-company-4.webp\"><br \/>\n<img decoding=\"async\" src=\"https:\/\/www.hydraulic-cylinders.net\/wp-content\/uploads\/2025\/01\/songte-company-3.webp\"><\/p>\n<h2>O n\u00e1s<\/h2>\n<p>Jsme profesion\u00e1ln\u00ed v\u00fdrobce n\u00e1hradn\u00edch hydraulick\u00fdch v\u00e1lc\u016f s \u0161irokou \u0161k\u00e1lou produkt\u016f a stali jsme se jedn\u00edm z p\u0159edn\u00edch v\u00fdrobc\u016f a velkoobchodn\u00edch distributor\u016f hydraulick\u00fdch v\u00e1lc\u016f v tuzemsku i v zahrani\u010d\u00ed. V\u017edy dodr\u017eujeme princip vynikaj\u00edc\u00ed kvality, spol\u00e9h\u00e1me se na industrializovan\u00e9 strategie \u0159\u00edzen\u00ed v\u00fdroby v sofistikovan\u00fdch v\u00fdrobn\u00edch d\u00edln\u00e1ch a neust\u00e1le zlep\u0161ujeme na\u0161i technologii a efektivitu v\u00fdroby. Zav\u00e1d\u011bn\u00edm \u0161pi\u010dkov\u00e9ho digit\u00e1ln\u00edho v\u00fdrobn\u00edho za\u0159\u00edzen\u00ed a profesion\u00e1ln\u00edch testovac\u00edch syst\u00e9m\u016f optimalizujeme v\u00fdrobn\u00ed platformu, zlep\u0161ujeme proces kontroly kvality v\u00fdrobk\u016f a m\u00e1me siln\u00e9 inova\u010dn\u00ed schopnosti. Na\u0161\u00edm c\u00edlem je uspokojovat rozmanit\u00e9 pot\u0159eby z\u00e1kazn\u00edk\u016f s vysokou efektivitou, p\u0159esnost\u00ed a principy vysok\u00e9 kvality.<\/p>\n<h3>Profesionalita<\/h3>\n<p>N\u00e1\u0161 t\u00fdm se skl\u00e1d\u00e1 ze zku\u0161en\u00fdch profesion\u00e1l\u016f, kte\u0159\u00ed v oboru hydraulick\u00fdch v\u00e1lc\u016f p\u016fsob\u00ed ji\u017e mnoho let. M\u00e1me hlubok\u00e9 znalosti trhu s hydraulick\u00fdmi v\u00e1lci a pot\u0159eb z\u00e1kazn\u00edk\u016f a dok\u00e1\u017eeme jim poskytnout profesion\u00e1ln\u00ed a efektivn\u00ed slu\u017eby.<\/p>\n<h3>Mezin\u00e1rodn\u00ed certifikace<\/h3>\n<p>Na\u0161e hydraulick\u00e9 v\u00e1lce pro\u0161ly mezin\u00e1rodn\u00ed certifikac\u00ed, v\u010detn\u011b CE, SGS a ISO9001, co\u017e zaji\u0161\u0165uje vysokou kvalitu na\u0161ich v\u00fdrobk\u016f a bezpe\u010dnost u\u017eivatel\u016f.<\/p>\n<h3>Slu\u017eby p\u0159izp\u016fsoben\u00ed<\/h3>\n<p>M\u016f\u017eeme dodat hydraulick\u00e9 v\u00e1lce na m\u00edru dle po\u017eadavk\u016f z\u00e1kazn\u00edk\u016f, v\u010detn\u011b velikosti, materi\u00e1lu a povrchov\u00e9 \u00fapravy, abychom splnili rozmanit\u00e9 pot\u0159eby z\u00e1kazn\u00edk\u016f.<\/p>\n<h3>Pokro\u010dil\u00e9 v\u00fdrobn\u00ed za\u0159\u00edzen\u00ed<\/h3>\n<p>Zavedli jsme modern\u00ed v\u00fdrobn\u00ed za\u0159\u00edzen\u00ed, jako jsou CNC obr\u00e1b\u011bc\u00ed centra, abychom zlep\u0161ili p\u0159esnost a efektivitu na\u0161\u00ed v\u00fdroby a zajistili vysokou kvalitu na\u0161ich produkt\u016f.<\/p>\n<h3>Poprodejn\u00ed servis<\/h3>\n<p>N\u00e1\u0161 t\u00fdm poprodejn\u00edch slu\u017eeb m\u016f\u017ee z\u00e1kazn\u00edk\u016fm poskytnout profesion\u00e1ln\u00ed a v\u010dasnou technickou podporu a pomoc, aby byl zaji\u0161t\u011bn bezprobl\u00e9mov\u00fd provoz hydraulick\u00fdch v\u00e1lc\u016f.<\/p>\n<h4>Autor: lyl<\/h4>","protected":false},"excerpt":{"rendered":"<p>Arm Cylinder For Sany Large Excavator SY485H-9 Introduction Definition of Arm Cylinder An arm cylinder is a specially designed hydraulic cylinder used primarily to provide linear motion and power to the arms of various types of machinery, such as excavators, cranes, and robotic arms. Arm cylinders play a crucial role in hydraulic systems, allowing additional [&hellip;]<\/p>","protected":false},"featured_media":14783,"comment_status":"open","ping_status":"closed","template":"","meta":{"_et_pb_use_builder":"","_et_pb_old_content":"","_et_gb_content_width":""},"product_brand":[],"product_cat":[1497],"product_tag":[1498,1496],"class_list":{"0":"post-16386","1":"product","2":"type-product","3":"status-publish","4":"has-post-thumbnail","6":"product_cat-arm-cylinders","7":"product_tag-arm-cylinders","8":"product_tag-hydraulic-cylinders","10":"first","11":"instock","12":"shipping-taxable","13":"product-type-simple"},"amp_enabled":true,"_links":{"self":[{"href":"https:\/\/www.hydraulic-cylinders.net\/cs\/wp-json\/wp\/v2\/product\/16386","targetHints":{"allow":["GET"]}}],"collection":[{"href":"https:\/\/www.hydraulic-cylinders.net\/cs\/wp-json\/wp\/v2\/product"}],"about":[{"href":"https:\/\/www.hydraulic-cylinders.net\/cs\/wp-json\/wp\/v2\/types\/product"}],"replies":[{"embeddable":true,"href":"https:\/\/www.hydraulic-cylinders.net\/cs\/wp-json\/wp\/v2\/comments?post=16386"}],"wp:featuredmedia":[{"embeddable":true,"href":"https:\/\/www.hydraulic-cylinders.net\/cs\/wp-json\/wp\/v2\/media\/14783"}],"wp:attachment":[{"href":"https:\/\/www.hydraulic-cylinders.net\/cs\/wp-json\/wp\/v2\/media?parent=16386"}],"wp:term":[{"taxonomy":"product_brand","embeddable":true,"href":"https:\/\/www.hydraulic-cylinders.net\/cs\/wp-json\/wp\/v2\/product_brand?post=16386"},{"taxonomy":"product_cat","embeddable":true,"href":"https:\/\/www.hydraulic-cylinders.net\/cs\/wp-json\/wp\/v2\/product_cat?post=16386"},{"taxonomy":"product_tag","embeddable":true,"href":"https:\/\/www.hydraulic-cylinders.net\/cs\/wp-json\/wp\/v2\/product_tag?post=16386"}],"curies":[{"name":"wp","href":"https:\/\/api.w.org\/{rel}","templated":true}]}}