{"id":16387,"date":"2025-01-20T09:11:21","date_gmt":"2025-01-20T09:11:21","guid":{"rendered":"https:\/\/www.hydraulic-cylinders.net\/product\/arm-cylinderfor-xcmg-small-excavator-xe15\/"},"modified":"2025-01-20T09:11:23","modified_gmt":"2025-01-20T09:11:23","slug":"arm-cylinderfor-xcmg-small-excavator-xe15","status":"publish","type":"product","link":"https:\/\/www.hydraulic-cylinders.net\/cs\/produkt\/arm-cylinderfor-xcmg-small-excavator-xe15\/","title":{"rendered":"V\u00e1lec ramene pro mal\u00e9 rypadlo XCMG XE15"},"content":{"rendered":"<p>V\u00e1lec ramene pro mal\u00e9 rypadlo XCMG XE15 <\/p>\n<p>Zaveden\u00ed:<br \/>\nHydraulick\u00fd v\u00e1lec ramene je speci\u00e1ln\u011b navr\u017een\u00fd hydraulick\u00fd v\u00e1lec, kter\u00fd zaji\u0161\u0165uje line\u00e1rn\u00ed pohyb a v\u00fdkon pro r\u016fzn\u00e9 typy strojn\u00edch ramen, jako jsou bagry, je\u0159\u00e1by a mechanick\u00e1 ramena. V\u00e1lec ramene hraje kl\u00ed\u010dovou roli v hydraulick\u00e9m syst\u00e9mu, proto\u017ee umo\u017e\u0148uje efektivn\u00ed pohyb a ovl\u00e1d\u00e1n\u00ed p\u0159\u00edslu\u0161enstv\u00ed a p\u0159\u00edslu\u0161enstv\u00ed. Tyto v\u00e1lce nejen zaji\u0161\u0165uj\u00ed plynul\u00fd pohyb, ale tak\u00e9 sn\u00e1\u0161ej\u00ed t\u011b\u017ek\u00e1 zat\u00ed\u017een\u00ed, \u010d\u00edm\u017e zaji\u0161\u0165uj\u00ed efektivn\u00ed provoz a spolehlivost stroj\u016f za r\u016fzn\u00fdch pracovn\u00edch podm\u00ednek.<\/p>\n<p><img decoding=\"async\" src=\"https:\/\/www.hydraulic-cylinders.net\/wp-content\/uploads\/2025\/01\/songte-company-2.webp\"><\/p>\n<p>Definice a vysv\u011btlen\u00ed:<br \/>\nHydraulick\u00e9 v\u00e1lce ramen jsou speci\u00e1ln\u011b navr\u017een\u00e9 pro zaji\u0161t\u011bn\u00ed line\u00e1rn\u00edho pohybu a v\u00fdkonu ramen stroj\u016f. Tyto v\u00e1lce jsou kl\u00ed\u010dov\u00fdmi sou\u010d\u00e1stmi hydraulick\u00fdch syst\u00e9m\u016f, kter\u00e9 umo\u017e\u0148uj\u00ed efektivn\u00ed pohyb a ovl\u00e1d\u00e1n\u00ed p\u0159\u00edslu\u0161enstv\u00ed a p\u0159\u00edslu\u0161enstv\u00ed. V\u00e1lce ramen jsou vyrobeny z vysoce pevn\u00fdch materi\u00e1l\u016f s vynikaj\u00edc\u00edmi vlastnostmi odoln\u00fdmi proti opot\u0159eben\u00ed a korozi, d\u00edky \u010demu\u017e jsou vhodn\u00e9 pro pou\u017eit\u00ed v n\u00e1ro\u010dn\u00fdch podm\u00ednk\u00e1ch. Jsou navr\u017eeny pro snadnou \u00fadr\u017ebu a v\u00fdm\u011bnu, \u010d\u00edm\u017e se zkracuj\u00ed prostoje za\u0159\u00edzen\u00ed a zaji\u0161\u0165uje se vysok\u00e1 \u00fa\u010dinnost.<\/p>\n<p>Kl\u00ed\u010dov\u00e9 vlastnosti:<br \/>\n1. Vysoce \u00fa\u010dinn\u00fd p\u0159evod: V\u00e1lce ramen zaji\u0161\u0165uj\u00ed siln\u00fd line\u00e1rn\u00ed pohyb a s\u00edlu, co\u017e zaji\u0161\u0165uje vysokou \u00fa\u010dinnost ramen stroj\u016f v r\u016fzn\u00fdch operac\u00edch.<br \/>\n2. P\u0159esn\u00e9 ovl\u00e1d\u00e1n\u00ed: Prost\u0159ednictv\u00edm hydraulick\u00e9ho syst\u00e9mu mohou v\u00e1lce ramen dos\u00e1hnout p\u0159esn\u00e9ho ovl\u00e1d\u00e1n\u00ed pohybu, \u010d\u00edm\u017e se ovl\u00e1d\u00e1n\u00ed p\u0159\u00edslu\u0161enstv\u00ed stane flexibiln\u011bj\u0161\u00edm a p\u0159esn\u011bj\u0161\u00edm.<br \/>\n3. Vysok\u00e1 odolnost: V\u00e1lce ramen jsou obvykle vyrobeny z vysoce pevn\u00fdch materi\u00e1l\u016f, kter\u00e9 maj\u00ed dobrou odolnost proti opot\u0159eben\u00ed a korozi, vhodn\u00e9 pro dlouhodob\u00e9 pou\u017e\u00edv\u00e1n\u00ed v n\u00e1ro\u010dn\u00fdch podm\u00ednk\u00e1ch.<br \/>\n4. V\u0161estrannost: Tyto v\u00e1lce lze \u0161iroce pou\u017e\u00edvat v r\u016fzn\u00fdch strojn\u00edch za\u0159\u00edzen\u00edch, jako jsou bagry, je\u0159\u00e1by a mechanick\u00e1 ramena, a p\u0159izp\u016fsobit se r\u016fzn\u00fdm pracovn\u00edm po\u017eadavk\u016fm.<br \/>\n5. Snadn\u00e1 \u00fadr\u017eba: Konstrukce zohled\u0148uje snadnou \u00fadr\u017ebu a v\u00fdm\u011bnu, co\u017e usnad\u0148uje pravideln\u00e9 kontroly a \u00fadr\u017ebu a zkracuje prostoje za\u0159\u00edzen\u00ed.<\/p>\n<p><img decoding=\"async\" src=\"https:\/\/www.hydraulic-cylinders.net\/wp-content\/uploads\/2025\/01\/songte-oil-pipes-and-spare-parts.webp\"><\/p>\n<p>Aplikace:<br \/>\nV\u00e1lce ramen se \u0161iroce pou\u017e\u00edvaj\u00ed v r\u016fzn\u00fdch odv\u011btv\u00edch, jako je stavebnictv\u00ed, v\u00fdroba, zem\u011bd\u011blstv\u00ed, t\u011b\u017eba, logistika a doprava.<br \/>\n\u2013 Stavebn\u00ed in\u017een\u00fdrstv\u00ed: V\u00e1lce ramen se pou\u017e\u00edvaj\u00ed k ovl\u00e1d\u00e1n\u00ed pohybu l\u017e\u00edc nebo v\u00fdlo\u017en\u00edk\u016f v bagrech a je\u0159\u00e1bech, k prov\u00e1d\u011bn\u00ed zemn\u00edch prac\u00ed, manipulace s materi\u00e1lem a mont\u00e1\u017ee konstrukc\u00ed.<br \/>\n\u2013 V\u00fdroba: V\u00e1lce ramen se pou\u017e\u00edvaj\u00ed k \u0159\u00edzen\u00ed pohybu mechanick\u00fdch ramen v automatizovan\u00fdch v\u00fdrobn\u00edch link\u00e1ch, k prov\u00e1d\u011bn\u00ed mont\u00e1\u017en\u00edch, sva\u0159ovac\u00edch a manipula\u010dn\u00edch proces\u016f, \u010d\u00edm\u017e se zvy\u0161uje efektivita a p\u0159esnost v\u00fdroby.<br \/>\n\u2013 Zem\u011bd\u011blsk\u00e9 stroje: V\u00e1lce ramen ovl\u00e1daj\u00ed pohyb ovl\u00e1dac\u00edch ramen v zem\u011bd\u011blsk\u00fdch stroj\u00edch, jako jsou skl\u00edzec\u00ed a sec\u00ed stroje, a prov\u00e1d\u011bj\u00ed \u00fakoly, jako je s\u00e1zen\u00ed, hnojen\u00ed a sklize\u0148.<br \/>\n\u2013 T\u011b\u017eba: V\u00e1lce ramen se pou\u017e\u00edvaj\u00ed k ovl\u00e1d\u00e1n\u00ed pohybu ramen t\u011b\u017eebn\u00edho za\u0159\u00edzen\u00ed, kter\u00e9 prov\u00e1d\u00ed t\u011b\u017ebu a p\u0159epravu rud.<br \/>\n\u2013 Logistika a doprava: V\u00e1lce ramen se pou\u017e\u00edvaj\u00ed k ovl\u00e1d\u00e1n\u00ed zved\u00e1n\u00ed a pohybu vysokozdvi\u017en\u00fdch voz\u00edk\u016f a manipula\u010dn\u00edch robot\u016f, \u010d\u00edm\u017e se dosahuje manipulace s materi\u00e1lem a jeho stohov\u00e1n\u00ed.<\/p>\n<p>Konstruk\u010dn\u00ed aspekty a krit\u00e9ria v\u00fdb\u011bru:<br \/>\n\u2013 Nosnost: Nosnost v\u00e1lce ramene by m\u011bla b\u00fdt schopna un\u00e9st maxim\u00e1ln\u00ed zat\u00ed\u017een\u00ed pot\u0159ebn\u00e9 p\u0159i provozu.<br \/>\n\u2013 T\u011bsnic\u00ed v\u00fdkon: V\u00e1lce ramen vy\u017eaduj\u00ed dobr\u00fd t\u011bsnic\u00ed v\u00fdkon, aby se zabr\u00e1nilo \u00faniku hydraulick\u00e9ho oleje a kontaminaci, aby se chr\u00e1nily vnit\u0159n\u00ed sou\u010d\u00e1sti p\u0159ed po\u0161kozen\u00edm a zajistila se dlouh\u00e1 \u017eivotnost.<br \/>\n\u2013 Trvanlivost: V\u00e1lce s rameny vy\u017eaduj\u00ed vysokou odolnost, aby odolaly n\u00e1ro\u010dn\u00e9mu prost\u0159ed\u00ed a vysok\u00e9mu zat\u00ed\u017een\u00ed. Vysoce pevn\u00e9 materi\u00e1ly, p\u0159esn\u00e9 zpracov\u00e1n\u00ed a pe\u010dliv\u00e1 \u00fadr\u017eba mohou zv\u00fd\u0161it trvanlivost v\u00e1lce.<br \/>\n\u2013 Bezpe\u010dnost: V\u00e1lce ramen mus\u00ed b\u00fdt navr\u017eeny s bezpe\u010dnostn\u00edmi prvky, jako jsou p\u0159etlakov\u00e9 ventily, tlumi\u010de n\u00e1raz\u016f a za\u0159\u00edzen\u00ed pro nouzov\u00e9 zastaven\u00ed, aby byly chr\u00e1n\u011bny za\u0159\u00edzen\u00ed a obsluha p\u0159ed nehodami.<br \/>\n\u2013 \u00dadr\u017eba: V\u00e1lce ramen by m\u011bly b\u00fdt navr\u017eeny pro snadnou \u00fadr\u017ebu a opravy, co\u017e by umo\u017e\u0148ovalo pravideln\u00e9 kontroly, v\u010dasnou \u00fadr\u017ebu a v\u00fdm\u011bny.<\/p>\n<p><img decoding=\"async\" src=\"https:\/\/www.hydraulic-cylinders.net\/wp-content\/uploads\/2025\/01\/songte-cylinder-head-with-all-kinds-excavator-models.webp\"><\/p>\n<p>T\u011bsn\u011bn\u00ed a maz\u00e1n\u00ed:<br \/>\nV\u00e1lce ramen vy\u017eaduj\u00ed r\u016fzn\u00e9 t\u011bsnic\u00ed komponenty, jako jsou t\u011bsn\u011bn\u00ed p\u00edst\u016f, t\u011bsn\u011bn\u00ed p\u00edstnic a st\u00edrac\u00ed t\u011bsn\u011bn\u00ed, vyroben\u00e9 z materi\u00e1l\u016f odoln\u00fdch proti opot\u0159eben\u00ed, jako je polyuretan, nitrilov\u00e1 pry\u017e nebo jin\u00e9 materi\u00e1ly, aby byl zaji\u0161t\u011bn dobr\u00fd t\u011bsnic\u00ed v\u00fdkon. Hlava v\u00e1lce a povrch z\u00e1vitu jsou pe\u010dliv\u011b o\u0161et\u0159eny pro zv\u00fd\u0161en\u00ed odolnosti proti opot\u0159eben\u00ed. Pravideln\u00e9 maz\u00e1n\u00ed hydraulick\u00fdm olejem je nezbytn\u00e9 pro zaji\u0161t\u011bn\u00ed plynul\u00e9ho provozu a sn\u00ed\u017een\u00ed opot\u0159eben\u00ed.<\/p>\n<p>\u00dadr\u017eba a preventivn\u00ed opat\u0159en\u00ed:<br \/>\n\u2013 Pravideln\u00e1 kontrola: V\u00e1lce ramen by m\u011bly b\u00fdt pravideln\u011b kontrolov\u00e1ny, aby se odhalilo jak\u00e9koli po\u0161kozen\u00ed, koroze nebo net\u011bsnosti, a m\u011bla by b\u00fdt prov\u00e1d\u011bna v\u010dasn\u00e1 \u00fadr\u017eba a opravy.<br \/>\n\u2013 \u010ci\u0161t\u011bn\u00ed: Povrch v\u00e1lce by m\u011bl b\u00fdt udr\u017eov\u00e1n \u010dist\u00fd a bez ne\u010distot nebo \u00falomk\u016f, aby se zabr\u00e1nilo kontaminaci vnit\u0159n\u00edch \u010d\u00e1st\u00ed.<br \/>\n\u2013 Maz\u00e1n\u00ed: Pravideln\u00e9 maz\u00e1n\u00ed vhodn\u00fdm hydraulick\u00fdm olejem m\u016f\u017ee zabr\u00e1nit opot\u0159eben\u00ed a zajistit hladk\u00fd provoz.<br \/>\n\u2013 V\u00fdm\u011bna t\u011bsnic\u00edch sou\u010d\u00e1st\u00ed: Opot\u0159ebovan\u00e9 t\u011bsnic\u00ed sou\u010d\u00e1sti by m\u011bly b\u00fdt pravideln\u011b vym\u011b\u0148ov\u00e1ny, aby byla zaji\u0161t\u011bna dobr\u00e1 t\u011bsnic\u00ed schopnost.<br \/>\n\u2013 Bezpe\u010dnostn\u00ed opat\u0159en\u00ed: Bezpe\u010dnostn\u00ed za\u0159\u00edzen\u00ed, jako jsou p\u0159etlakov\u00e9 ventily a tlumi\u010de n\u00e1raz\u016f, by m\u011bla b\u00fdt pravideln\u011b kontrolov\u00e1na, aby se zajistila jejich spr\u00e1vn\u00e1 funkce.<\/p>\n<p><img decoding=\"async\" src=\"https:\/\/www.hydraulic-cylinders.net\/wp-content\/uploads\/2025\/01\/songte-chushion-collar.webp\"><\/p>\n<p>Instala\u010dn\u00ed pr\u016fvodce:<br \/>\n\u2013 Bezpe\u010dnostn\u00ed opat\u0159en\u00ed: P\u0159ed instalac\u00ed se ujist\u011bte, \u017ee je za\u0159\u00edzen\u00ed vypnuto a \u017ee jsou p\u0159ijata v\u0161echna bezpe\u010dnostn\u00ed opat\u0159en\u00ed, aby se p\u0159ede\u0161lo nehod\u00e1m.<br \/>\n\u2013 Mont\u00e1\u017en\u00ed poloha: Ujist\u011bte se, \u017ee je v\u00e1lec ramene nainstalov\u00e1n ve spr\u00e1vn\u00e9 poloze podle specifikac\u00ed za\u0159\u00edzen\u00ed.<br \/>\n\u2013 Utahovac\u00ed moment: Z\u00e1vit \u0161roubu by m\u011bl b\u00fdt uta\u017een po\u017eadovan\u00fdm momentem, aby bylo zaji\u0161t\u011bno pevn\u00e9 upevn\u011bn\u00ed v\u00e1lce.<br \/>\n\u2013 Maz\u00e1n\u00ed: P\u0159ed instalac\u00ed nama\u017ete v\u00e1lec a t\u011bsnic\u00ed sou\u010d\u00e1sti hydraulick\u00fdm olejem.<\/p>\n<p>Bezpe\u010dnostn\u00ed a environment\u00e1ln\u00ed aspekty:<br \/>\n\u2013 Bezpe\u010dnostn\u00ed opat\u0159en\u00ed: Obsluha by m\u011bla absolvovat odpov\u00eddaj\u00edc\u00ed \u0161kolen\u00ed o pou\u017e\u00edv\u00e1n\u00ed za\u0159\u00edzen\u00ed a m\u011bla by dodr\u017eovat v\u0161echny bezpe\u010dnostn\u00ed pokyny, aby se p\u0159ede\u0161lo nehod\u00e1m.<br \/>\n\u2013 Ochrana \u017eivotn\u00edho prost\u0159ed\u00ed: Pou\u017eit\u00fd hydraulick\u00fd olej a opot\u0159ebovan\u00e9 t\u011bsnic\u00ed komponenty by m\u011bly b\u00fdt \u0159\u00e1dn\u011b zlikvidov\u00e1ny, aby se zabr\u00e1nilo zne\u010di\u0161t\u011bn\u00ed \u017eivotn\u00edho prost\u0159ed\u00ed.<\/p>\n<p>\u0158e\u0161en\u00ed probl\u00e9m\u016f a b\u011b\u017en\u00e9 probl\u00e9my:<br \/>\n\u2013 B\u011b\u017en\u00e9 probl\u00e9my: Mezi b\u011b\u017en\u00e9 probl\u00e9my s v\u00e1lci ramene pat\u0159\u00ed \u00fanik oleje, abnorm\u00e1ln\u00ed hluk, nedostate\u010dn\u00fd v\u00fdkon a pomal\u00fd pohyb.<br \/>\n\u2013 \u0158e\u0161en\u00ed probl\u00e9m\u016f: \u0158e\u0161en\u00ed probl\u00e9m\u016f m\u016f\u017ee zahrnovat kontrolu t\u011bsnic\u00edch sou\u010d\u00e1st\u00ed, hladiny hydraulick\u00e9ho oleje a tlaku, zji\u0161t\u011bn\u00ed opot\u0159eben\u00ed nebo po\u0161kozen\u00ed sou\u010d\u00e1st\u00ed a se\u0159\u00edzen\u00ed uta\u017een\u00ed z\u00e1vitu.<br \/>\n\u2013 Preventivn\u00ed opat\u0159en\u00ed: Pravideln\u00e1 kontrola, \u00fadr\u017eba a v\u00fdm\u011bna mohou sn\u00ed\u017eit potenci\u00e1ln\u00ed probl\u00e9my a zajistit dlouhou \u017eivotnost.<\/p>\n<p><img decoding=\"async\" src=\"https:\/\/www.hydraulic-cylinders.net\/wp-content\/uploads\/2025\/01\/songte-bushings-with-all-kinds-of-excavator-models.webp\"><\/p>\n<p>P\u0159edstaven\u00ed spole\u010dnosti:<br \/>\nJsme profesion\u00e1ln\u00ed v\u00fdrobce n\u00e1hradn\u00edch hydraulick\u00fdch v\u00e1lc\u016f se \u0161irokou \u0161k\u00e1lou produkt\u016f a stali jsme se jedn\u00edm z p\u0159edn\u00edch v\u00fdrobc\u016f a velkoobchodn\u00edch distributor\u016f hydraulick\u00fdch v\u00e1lc\u016f na dom\u00e1c\u00edm i mezin\u00e1rodn\u00edm trhu. V\u017edy se dr\u017e\u00edme z\u00e1sady vynikaj\u00edc\u00ed kvality, spol\u00e9h\u00e1me se na strategii \u0159\u00edzen\u00ed pr\u016fmyslov\u00e9 v\u00fdroby v r\u00e1mci jemn\u00e9 v\u00fdrobn\u00ed d\u00edlny a neust\u00e1le zlep\u0161ujeme technickou \u00farove\u0148 a efektivitu v\u00fdroby. Zav\u00e1d\u011bn\u00edm \u0161pi\u010dkov\u00e9ho digit\u00e1ln\u00edho v\u00fdrobn\u00edho za\u0159\u00edzen\u00ed a profesion\u00e1ln\u00edch testovac\u00edch syst\u00e9m\u016f neust\u00e1le optimalizujeme v\u00fdrobn\u00ed platformu, zlep\u0161ujeme proces kontroly kvality v\u00fdrobk\u016f a m\u00e1me siln\u00e9 inova\u010dn\u00ed schopnosti. Na\u0161\u00edm c\u00edlem je uspokojovat rozmanit\u00e9 pot\u0159eby z\u00e1kazn\u00edk\u016f efektivn\u00edmi, p\u0159esn\u00fdmi a vysoce kvalitn\u00edmi produkty.<\/p>\n<p>\u2013 Profesionalita: N\u00e1\u0161 technick\u00fd t\u00fdm m\u00e1 rozs\u00e1hl\u00e9 zku\u0161enosti s n\u00e1vrhem a v\u00fdrobou hydraulick\u00fdch v\u00e1lc\u016f. Poskytujeme profesion\u00e1ln\u00ed a na m\u00edru \u0161it\u00e9 slu\u017eby, kter\u00e9 spl\u0148uj\u00ed specifick\u00e9 pot\u0159eby z\u00e1kazn\u00edk\u016f.<br \/>\n\u2013 Mezin\u00e1rodn\u00ed certifikace: Na\u0161e produkty z\u00edskaly mezin\u00e1rodn\u00ed certifikace, jako jsou ISO9001, CE a SGS, co\u017e zaji\u0161\u0165uje, \u017ee kvalita na\u0161ich produkt\u016f a slu\u017eeb spl\u0148uje mezin\u00e1rodn\u00ed standardy.<br \/>\n\u2013 Slu\u017eby na m\u00edru: Poskytujeme slu\u017eby na m\u00edru dle specifikac\u00ed z\u00e1kazn\u00edk\u016f, materi\u00e1l\u016f, barev, balen\u00ed a dal\u0161\u00edch po\u017eadavk\u016f, abychom splnili jejich individu\u00e1ln\u00ed pot\u0159eby.<br \/>\n\u2013 V\u00fdrobn\u00ed za\u0159\u00edzen\u00ed: Disponujeme modern\u00edm v\u00fdrobn\u00edm za\u0159\u00edzen\u00edm, jako jsou CNC obr\u00e1b\u011bc\u00ed centra, automatick\u00e9 sv\u00e1\u0159e\u010dky a hydraulick\u00e9 zku\u0161ebn\u00ed stroje, abychom zajistili kvalitu v\u00fdrobk\u016f.<br \/>\n\u2013 Poprodejn\u00ed servis: Na v\u0161echny produkty poskytujeme jednoletou z\u00e1ruku a nab\u00edz\u00edme v\u010dasn\u00e9 a komplexn\u00ed poprodejn\u00ed slu\u017eby, abychom efektivn\u011b \u0159e\u0161ili probl\u00e9my z\u00e1kazn\u00edk\u016f.<\/p>\n<p><img decoding=\"async\" src=\"https:\/\/www.hydraulic-cylinders.net\/wp-content\/uploads\/2025\/01\/songte-company-4.webp\"><br \/>\n<img decoding=\"async\" src=\"https:\/\/www.hydraulic-cylinders.net\/wp-content\/uploads\/2025\/01\/songte-company-3.webp\"><\/p>\n<p>Autor: lyl<\/p>","protected":false},"excerpt":{"rendered":"<p>Arm Cylinder for XCMG Small Excavator XE15 Introduction: Arm cylinder is a specially designed hydraulic cylinder that provides linear motion and power for various types of machinery arms, such as excavators, cranes, and mechanical arms. The arm cylinder plays a crucial role in the hydraulic system, enabling attachments and accessories to move and be controlled [&hellip;]<\/p>","protected":false},"featured_media":14779,"comment_status":"open","ping_status":"closed","template":"","meta":{"_et_pb_use_builder":"","_et_pb_old_content":"","_et_gb_content_width":""},"product_brand":[],"product_cat":[1497],"product_tag":[1498,1496],"class_list":{"0":"post-16387","1":"product","2":"type-product","3":"status-publish","4":"has-post-thumbnail","6":"product_cat-arm-cylinders","7":"product_tag-arm-cylinders","8":"product_tag-hydraulic-cylinders","10":"first","11":"instock","12":"shipping-taxable","13":"product-type-simple"},"amp_enabled":true,"_links":{"self":[{"href":"https:\/\/www.hydraulic-cylinders.net\/cs\/wp-json\/wp\/v2\/product\/16387","targetHints":{"allow":["GET"]}}],"collection":[{"href":"https:\/\/www.hydraulic-cylinders.net\/cs\/wp-json\/wp\/v2\/product"}],"about":[{"href":"https:\/\/www.hydraulic-cylinders.net\/cs\/wp-json\/wp\/v2\/types\/product"}],"replies":[{"embeddable":true,"href":"https:\/\/www.hydraulic-cylinders.net\/cs\/wp-json\/wp\/v2\/comments?post=16387"}],"wp:featuredmedia":[{"embeddable":true,"href":"https:\/\/www.hydraulic-cylinders.net\/cs\/wp-json\/wp\/v2\/media\/14779"}],"wp:attachment":[{"href":"https:\/\/www.hydraulic-cylinders.net\/cs\/wp-json\/wp\/v2\/media?parent=16387"}],"wp:term":[{"taxonomy":"product_brand","embeddable":true,"href":"https:\/\/www.hydraulic-cylinders.net\/cs\/wp-json\/wp\/v2\/product_brand?post=16387"},{"taxonomy":"product_cat","embeddable":true,"href":"https:\/\/www.hydraulic-cylinders.net\/cs\/wp-json\/wp\/v2\/product_cat?post=16387"},{"taxonomy":"product_tag","embeddable":true,"href":"https:\/\/www.hydraulic-cylinders.net\/cs\/wp-json\/wp\/v2\/product_tag?post=16387"}],"curies":[{"name":"wp","href":"https:\/\/api.w.org\/{rel}","templated":true}]}}