{"id":16389,"date":"2025-01-20T09:11:35","date_gmt":"2025-01-20T09:11:35","guid":{"rendered":"https:\/\/www.hydraulic-cylinders.net\/product\/arm-cylinderfor-xcmg-small-excavator-xe75\/"},"modified":"2025-01-20T09:11:37","modified_gmt":"2025-01-20T09:11:37","slug":"arm-cylinderfor-xcmg-small-excavator-xe75","status":"publish","type":"product","link":"https:\/\/www.hydraulic-cylinders.net\/cs\/produkt\/arm-cylinderfor-xcmg-small-excavator-xe75\/","title":{"rendered":"V\u00e1lec ramene pro mal\u00e9 rypadlo XCMG XE75"},"content":{"rendered":"<p>V\u00e1lec ramene pro mal\u00e9 rypadlo XCMG XE75: Definice a vysv\u011btlen\u00ed<\/p>\n<p>Hydraulick\u00fd v\u00e1lec ramene je specializovan\u00fd hydraulick\u00fd v\u00e1lec, kter\u00fd zaji\u0161\u0165uje line\u00e1rn\u00ed pohyb a s\u00edlu ramene r\u016fzn\u00fdch typ\u016f stroj\u016f, jako jsou bagry, je\u0159\u00e1by a robotick\u00e1 ramena. Hraje kl\u00ed\u010dovou roli v hydraulick\u00e9m syst\u00e9mu, proto\u017ee umo\u017e\u0148uje efektivn\u00ed pohyb a ovl\u00e1d\u00e1n\u00ed dal\u0161\u00edch n\u00e1stroj\u016f nebo p\u0159\u00edslu\u0161enstv\u00ed. Tyto v\u00e1lce nejen zaji\u0161\u0165uj\u00ed plynul\u00fd pohyb, ale tak\u00e9 odol\u00e1vaj\u00ed t\u011b\u017ek\u00fdm z\u00e1t\u011b\u017e\u00edm, \u010d\u00edm\u017e zaji\u0161\u0165uj\u00ed efektivn\u00ed provoz a spolehlivost stroj\u016f v r\u016fzn\u00fdch pracovn\u00edch podm\u00ednk\u00e1ch.<\/p>\n<p>V\u00e1lec ramene: Vlastnosti<\/p>\n<p>\u2013 Vysoce \u00fa\u010dinn\u00fd pohon: V\u00e1lce ramene poskytuj\u00ed siln\u00fd line\u00e1rn\u00ed pohyb a s\u00edlu, kter\u00e9 zaji\u0161\u0165uj\u00ed vysoce v\u00fdkonn\u00fd provoz robotick\u00e9ho ramene v r\u016fzn\u00fdch aplikac\u00edch.<br \/>\n\u2013 P\u0159esn\u00e9 ovl\u00e1d\u00e1n\u00ed: D\u00edky hydraulick\u00e9mu syst\u00e9mu mohou v\u00e1lce ramen dos\u00e1hnout p\u0159esn\u00e9ho ovl\u00e1d\u00e1n\u00ed pohybu, co\u017e zvy\u0161uje flexibilitu a p\u0159esnost ovl\u00e1d\u00e1n\u00ed dal\u0161\u00edch n\u00e1stroj\u016f.<br \/>\n\u2013 Vysok\u00e1 odolnost: V\u00e1lce ramen jsou obvykle vyrobeny z vysoce pevn\u00fdch materi\u00e1l\u016f, kter\u00e9 poskytuj\u00ed dobrou odolnost proti opot\u0159eben\u00ed a korozi, d\u00edky \u010demu\u017e jsou vhodn\u00e9 pro dlouhodob\u00e9 pou\u017e\u00edv\u00e1n\u00ed v n\u00e1ro\u010dn\u00fdch podm\u00ednk\u00e1ch.<br \/>\n\u2013 Multifunk\u010dn\u00ed p\u0159izp\u016fsobivost: Tyto v\u00e1lce lze \u0161iroce pou\u017e\u00edvat v r\u016fzn\u00fdch mechanick\u00fdch za\u0159\u00edzen\u00edch, jako jsou bagry, je\u0159\u00e1by a robotick\u00e1 ramena, pro p\u0159izp\u016fsoben\u00ed se r\u016fzn\u00fdm pracovn\u00edm pot\u0159eb\u00e1m.<br \/>\n\u2013 Snadn\u00e1 \u00fadr\u017eba: Konstrukce je navr\u017eena tak, aby se dala snadno udr\u017eovat a vym\u011b\u0148ovat, co\u017e usnad\u0148uje pravideln\u00e9 kontroly a \u00fadr\u017ebu a zkracuje prostoje za\u0159\u00edzen\u00ed.<\/p>\n<p>Tento produkt dok\u00e1\u017eeme vyrobit a dokonale nahrad\u00ed tyto hydraulick\u00e9 v\u00e1lce.<\/p>\n<p>V\u00e1lec ramene: Pou\u017eit\u00ed<\/p>\n<p>\u2013 Stavebn\u00ed in\u017een\u00fdrstv\u00ed: V\u00e1lce ramen se pou\u017e\u00edvaj\u00ed k ovl\u00e1d\u00e1n\u00ed pohybu l\u017e\u00edc nebo v\u00fdlo\u017en\u00edk\u016f v bagrech a je\u0159\u00e1bech, k prov\u00e1d\u011bn\u00ed zemn\u00edch prac\u00ed, manipulace s materi\u00e1lem a mont\u00e1\u017ee konstrukc\u00ed.<br \/>\n\u2013 V\u00fdroba: V automatizovan\u00fdch v\u00fdrobn\u00edch link\u00e1ch se v\u00e1lce ramen pou\u017e\u00edvaj\u00ed k pohybu robotick\u00fdch ramen, prov\u00e1d\u011bn\u00ed mont\u00e1\u017en\u00edch, sva\u0159ovac\u00edch a manipula\u010dn\u00edch proces\u016f za \u00fa\u010delem zlep\u0161en\u00ed efektivity a p\u0159esnosti v\u00fdroby.<br \/>\n\u2013 Zem\u011bd\u011blsk\u00e9 stroje: U zem\u011bd\u011blsk\u00fdch stroj\u016f, jako jsou skl\u00edzec\u00ed a sec\u00ed stroje, ovl\u00e1daj\u00ed v\u00e1lce ramen pohyb ovl\u00e1dac\u00edch ramen, kter\u00e9 prov\u00e1d\u011bj\u00ed set\u00ed, hnojen\u00ed a sklize\u0148.<br \/>\n\u2013 T\u011b\u017eba: V t\u011b\u017eebn\u00edch za\u0159\u00edzen\u00edch se v\u00e1lce ramen pou\u017e\u00edvaj\u00ed k ovl\u00e1d\u00e1n\u00ed pohybu ramen t\u011b\u017eebn\u00edho za\u0159\u00edzen\u00ed, k prov\u00e1d\u011bn\u00ed t\u011b\u017eby a p\u0159epravy rudy.<br \/>\n\u2013 Logistika a doprava: U vysokozdvi\u017en\u00fdch voz\u00edk\u016f a manipula\u010dn\u00edch robot\u016f se v\u00e1lce ramen pou\u017e\u00edvaj\u00ed k ovl\u00e1d\u00e1n\u00ed zved\u00e1n\u00ed a pohybu vidlic, \u010d\u00edm\u017e se realizuje manipulace a stohov\u00e1n\u00ed materi\u00e1l\u016f.<\/p>\n<p>Konstruk\u010dn\u00ed aspekty a krit\u00e9ria v\u00fdb\u011bru<\/p>\n<p>\u2013 \u00danosnost: V\u00e1lce ramen mus\u00ed b\u00fdt navr\u017eeny tak, aby odolaly maxim\u00e1ln\u00edmu zat\u00ed\u017een\u00ed strojn\u00edho za\u0159\u00edzen\u00ed, ve kter\u00e9m jsou instalov\u00e1ny, a zajistily tak bezpe\u010dn\u00fd a spolehliv\u00fd provoz.<br \/>\n\u2013 T\u011bsn\u011bn\u00ed: K zaji\u0161t\u011bn\u00ed ut\u011bsn\u011bn\u00ed v\u00e1lce se pou\u017e\u00edvaj\u00ed r\u016fzn\u00e9 t\u011bsnic\u00ed komponenty, jako jsou t\u011bsn\u011bn\u00ed p\u00edst\u016f a p\u00edstnic, p\u0159i\u010dem\u017e polyuretan a nitrilov\u00e1 pry\u017e jsou b\u011b\u017en\u011b pou\u017e\u00edvan\u00e9 materi\u00e1ly odoln\u00e9 proti opot\u0159eben\u00ed.<br \/>\n\u2013 Trvanlivost: T\u011bleso v\u00e1lce a z\u00e1vitov\u00fd konec jsou jemn\u011b opracov\u00e1ny pro zv\u00fd\u0161en\u00ed odolnosti proti opot\u0159eben\u00ed a korozi.<br \/>\n\u2013 Bezpe\u010dnost: V\u00e1lce ramen mus\u00ed b\u00fdt navr\u017eeny s bezpe\u010dnostn\u00edmi prvky, aby se zabr\u00e1nilo nehod\u00e1m, jako je p\u0159et\u00ed\u017een\u00ed, praskl\u00e9 potrub\u00ed a \u00fanik oleje.<br \/>\n\u2013 \u00dadr\u017eba: Snadn\u00e1 \u00fadr\u017eba a v\u00fdm\u011bna mohou zkr\u00e1tit dobu prostoj\u016f za\u0159\u00edzen\u00ed.<\/p>\n<p>T\u011bsn\u011bn\u00ed a maz\u00e1n\u00ed v\u00e1lce ramene<\/p>\n<p>K zaji\u0161t\u011bn\u00ed ut\u011bsn\u011bn\u00ed v\u00e1lce se pou\u017e\u00edvaj\u00ed r\u016fzn\u00e1 t\u011bsn\u011bn\u00ed, jako jsou p\u00edstn\u00ed t\u011bsn\u011bn\u00ed a t\u011bsn\u011bn\u00ed p\u00edstnice. Polyuretan a nitrilov\u00e1 pry\u017e jsou b\u011b\u017en\u00e9 materi\u00e1ly odoln\u00e9 proti opot\u0159eben\u00ed pou\u017e\u00edvan\u00e9 pro t\u011bsn\u011bn\u00ed. T\u011bleso v\u00e1lce a z\u00e1vitov\u00fd konec jsou jemn\u011b opracov\u00e1ny pro zv\u00fd\u0161en\u00ed odolnosti proti opot\u0159eben\u00ed a korozi. Pro zaji\u0161t\u011bn\u00ed efektivn\u00edho provozu v\u00e1lce je nutn\u00e9 pravideln\u00e9 maz\u00e1n\u00ed.<\/p>\n<p>Preventivn\u00ed \u00fadr\u017eba a \u0159e\u0161en\u00ed probl\u00e9m\u016f<\/p>\n<p>Pravideln\u00e1 kontrola a preventivn\u00ed \u00fadr\u017eba v\u00e1lc\u016f ramen je nezbytn\u00e1 pro minimalizaci nepl\u00e1novan\u00fdch prostoj\u016f za\u0159\u00edzen\u00ed. V p\u0159\u00edpad\u011b probl\u00e9m\u016f v\u00e1m mohou pomoci n\u00e1sleduj\u00edc\u00ed tipy diagnostikovat a vy\u0159e\u0161it probl\u00e9my:<\/p>\n<p>\u2013 Zkontrolujte, zda nedoch\u00e1z\u00ed k \u00fanik\u016fm nebo po\u0161kozen\u00ed t\u011blesa v\u00e1lce, p\u00edstn\u00ed ty\u010de a t\u011bsnic\u00edch sou\u010d\u00e1st\u00ed.<br \/>\n\u2013 Zkontrolujte hladinu a kvalitu hydraulick\u00e9 kapaliny, abyste se ujistili, \u017ee spl\u0148uje stanoven\u00e9 po\u017eadavky.<br \/>\n\u2013 Zkontrolujte hydraulick\u00fd syst\u00e9m, zda nen\u00ed zjevn\u011b po\u0161kozen, a co nejd\u0159\u00edve vym\u011b\u0148te v\u0161echny po\u0161kozen\u00e9 d\u00edly.<\/p>\n<p>Pr\u016fvodce spr\u00e1vnou instalac\u00ed<\/p>\n<p>\u2013 Zkontrolujte kompatibilitu v\u00e1lce se strojem a ujist\u011bte se, \u017ee spl\u0148uje technick\u00e9 po\u017eadavky.<br \/>\n\u2013 Zkontrolujte \u010distotu hydraulick\u00e9ho syst\u00e9mu a ujist\u011bte se, \u017ee neobsahuje \u017e\u00e1dn\u00e9 ne\u010distoty nebo \u010d\u00e1stice, kter\u00e9 by mohly po\u0161kodit v\u00e1lec a jeho sou\u010d\u00e1sti.<br \/>\n\u2013 Nainstalujte v\u00e1lec a ujist\u011bte se, \u017ee je zarovn\u00e1n s mont\u00e1\u017en\u00edm dr\u017e\u00e1kem a \u017ee \u0161rouby jsou bezpe\u010dn\u011b uta\u017eeny.<\/p>\n<p>Bezpe\u010dnostn\u00ed aspekty a faktory prost\u0159ed\u00ed<\/p>\n<p>Bezpe\u010dnost je p\u0159i instalaci a provozu v\u00e1lc\u016f ramene kl\u00ed\u010dov\u00fdm hlediskem. Je d\u016fle\u017eit\u00e9 dodr\u017eovat p\u0159\u00edslu\u0161n\u00e9 bezpe\u010dnostn\u00ed p\u0159edpisy a pokyny, aby se p\u0159ede\u0161lo nehod\u00e1m, jako je p\u0159et\u00ed\u017een\u00ed, prasknut\u00ed potrub\u00ed a \u00fanik oleje. V\u00e1lce ramene mus\u00ed b\u00fdt navr\u017eeny s ohledem na faktory prost\u0159ed\u00ed, jako je teplota, vlhkost a odolnost proti korozi, aby byl zaji\u0161t\u011bn spolehliv\u00fd provoz za r\u016fzn\u00fdch podm\u00ednek.<\/p>\n<p>Z\u00e1v\u011brem lze \u0159\u00edci, \u017ee jsme profesion\u00e1ln\u00edm v\u00fdrobcem n\u00e1hradn\u00edch hydraulick\u00fdch v\u00e1lc\u016f s \u0161irokou \u0161k\u00e1lou produkt\u016f a st\u00e1v\u00e1me se jedn\u00edm z p\u0159edn\u00edch v\u00fdrobc\u016f a velkoobchodn\u00edch distributor\u016f hydraulick\u00fdch v\u00e1lc\u016f na dom\u00e1c\u00edm i mezin\u00e1rodn\u00edm trhu. V\u017edy se dr\u017e\u00edme z\u00e1sad vynikaj\u00edc\u00ed kvality, spol\u00e9h\u00e1me na strategii \u0159\u00edzen\u00ed pr\u016fmyslov\u00e9 v\u00fdroby v r\u00e1mci zdokonalen\u00e9 v\u00fdrobn\u00ed d\u00edlny a neust\u00e1le zlep\u0161ujeme technickou \u00farove\u0148 a efektivitu v\u00fdroby. Na\u0161\u00edm c\u00edlem je uspokojovat rozmanit\u00e9 pot\u0159eby z\u00e1kazn\u00edk\u016f s vysokou efektivitou, p\u0159esnost\u00ed a principy vysok\u00e9 kvality. Nab\u00edz\u00edme profesion\u00e1ln\u00ed a mezin\u00e1rodn\u00ed certifikaci, slu\u017eby na m\u00edru, modern\u00ed v\u00fdrobn\u00ed za\u0159\u00edzen\u00ed a komplexn\u00ed poprodejn\u00ed servis.<\/p>","protected":false},"excerpt":{"rendered":"<p>Arm Cylinder for XCMG Small Excavator XE75: Definition and Explanation Arm cylinder is a specialized hydraulic cylinder that provides linear motion and power to the arm of various types of machinery, such as excavators, cranes, and robotic arms. It plays a critical role in the hydraulic system, enabling the efficient movement and control of additional [&hellip;]<\/p>","protected":false},"featured_media":14774,"comment_status":"open","ping_status":"closed","template":"","meta":{"_et_pb_use_builder":"","_et_pb_old_content":"","_et_gb_content_width":""},"product_brand":[],"product_cat":[1497],"product_tag":[1498,1496],"class_list":{"0":"post-16389","1":"product","2":"type-product","3":"status-publish","4":"has-post-thumbnail","6":"product_cat-arm-cylinders","7":"product_tag-arm-cylinders","8":"product_tag-hydraulic-cylinders","10":"first","11":"instock","12":"shipping-taxable","13":"product-type-simple"},"amp_enabled":true,"_links":{"self":[{"href":"https:\/\/www.hydraulic-cylinders.net\/cs\/wp-json\/wp\/v2\/product\/16389","targetHints":{"allow":["GET"]}}],"collection":[{"href":"https:\/\/www.hydraulic-cylinders.net\/cs\/wp-json\/wp\/v2\/product"}],"about":[{"href":"https:\/\/www.hydraulic-cylinders.net\/cs\/wp-json\/wp\/v2\/types\/product"}],"replies":[{"embeddable":true,"href":"https:\/\/www.hydraulic-cylinders.net\/cs\/wp-json\/wp\/v2\/comments?post=16389"}],"wp:featuredmedia":[{"embeddable":true,"href":"https:\/\/www.hydraulic-cylinders.net\/cs\/wp-json\/wp\/v2\/media\/14774"}],"wp:attachment":[{"href":"https:\/\/www.hydraulic-cylinders.net\/cs\/wp-json\/wp\/v2\/media?parent=16389"}],"wp:term":[{"taxonomy":"product_brand","embeddable":true,"href":"https:\/\/www.hydraulic-cylinders.net\/cs\/wp-json\/wp\/v2\/product_brand?post=16389"},{"taxonomy":"product_cat","embeddable":true,"href":"https:\/\/www.hydraulic-cylinders.net\/cs\/wp-json\/wp\/v2\/product_cat?post=16389"},{"taxonomy":"product_tag","embeddable":true,"href":"https:\/\/www.hydraulic-cylinders.net\/cs\/wp-json\/wp\/v2\/product_tag?post=16389"}],"curies":[{"name":"wp","href":"https:\/\/api.w.org\/{rel}","templated":true}]}}