{"id":16391,"date":"2025-01-20T09:11:44","date_gmt":"2025-01-20T09:11:44","guid":{"rendered":"https:\/\/www.hydraulic-cylinders.net\/product\/arm-cylinderfor-xcmg-small-excavator-xe150d\/"},"modified":"2025-01-20T09:11:46","modified_gmt":"2025-01-20T09:11:46","slug":"arm-cylinderfor-xcmg-small-excavator-xe150d","status":"publish","type":"product","link":"https:\/\/www.hydraulic-cylinders.net\/cs\/produkt\/arm-cylinderfor-xcmg-small-excavator-xe150d\/","title":{"rendered":"V\u00e1lec ramene pro mal\u00e9 rypadlo XCMG XE150D"},"content":{"rendered":"<p><html><\/p>\n<h1>V\u00e1lec ramene pro mal\u00e9 rypadlo XCMG XE150D<\/h1>\n<h2>Zaveden\u00ed<\/h2>\n<p>V\u00e1lec ramene je speci\u00e1ln\u011b navr\u017een\u00fd hydraulick\u00fd v\u00e1lec, kter\u00fd poskytuje line\u00e1rn\u00ed pohyb a s\u00edlu rameni r\u016fzn\u00fdch typ\u016f stroj\u016f, jako jsou bagry, je\u0159\u00e1by a robotick\u00e1 ramena. Hraje kl\u00ed\u010dovou roli v hydraulick\u00fdch syst\u00e9mech, proto\u017ee umo\u017e\u0148uje efektivn\u00ed pohyb a ovl\u00e1d\u00e1n\u00ed p\u0159\u00edslu\u0161enstv\u00ed nebo p\u0159\u00eddavn\u00fdch za\u0159\u00edzen\u00ed. Tyto v\u00e1lce nejen umo\u017e\u0148uj\u00ed plynul\u00fd pohyb, ale tak\u00e9 odol\u00e1vaj\u00ed t\u011b\u017ek\u00fdm z\u00e1t\u011b\u017e\u00edm, \u010d\u00edm\u017e zaji\u0161\u0165uj\u00ed efektivn\u00ed provoz a spolehlivost stroj\u016f za r\u016fzn\u00fdch pracovn\u00edch podm\u00ednek.<\/p>\n<p>  <img decoding=\"async\" src=\"https:\/\/www.hydraulic-cylinders.net\/wp-content\/uploads\/2025\/01\/songte-company-2.webp\" alt=\"Obr\u00e1zek v\u00e1lce ramene\"><\/p>\n<h2>Funkce<\/h2>\n<ul>\n<li><strong>Vysoce \u00fa\u010dinn\u00fd p\u0159enos:<\/strong> V\u00e1lec ramene poskytuje siln\u00fd line\u00e1rn\u00ed pohyb a s\u00edlu, co\u017e zaji\u0161\u0165uje vysok\u00fd v\u00fdkon mechanick\u00e9ho ramene v r\u016fzn\u00fdch operac\u00edch.<\/li>\n<li><strong>P\u0159esn\u00e9 ovl\u00e1d\u00e1n\u00ed:<\/strong> D\u00edky hydraulick\u00e9mu syst\u00e9mu umo\u017e\u0148uje v\u00e1lec ramene p\u0159esn\u00e9 ovl\u00e1d\u00e1n\u00ed pohybu, \u010d\u00edm\u017e je ovl\u00e1d\u00e1n\u00ed p\u0159ipojen\u00e9ho n\u00e1\u0159ad\u00ed flexibiln\u011bj\u0161\u00ed a p\u0159esn\u011bj\u0161\u00ed.<\/li>\n<li><strong>Trvanlivost:<\/strong> V\u00e1lce ramen jsou obvykle vyrobeny z vysoce pevn\u00fdch materi\u00e1l\u016f s vynikaj\u00edc\u00ed odolnost\u00ed proti opot\u0159eben\u00ed a korozi, vhodn\u00fdch pro dlouhodob\u00e9 pou\u017e\u00edv\u00e1n\u00ed v n\u00e1ro\u010dn\u00fdch podm\u00ednk\u00e1ch.<\/li>\n<li><strong>Multifunk\u010dn\u00ed p\u0159izp\u016fsobivost:<\/strong> Tyto v\u00e1lce lze \u0161iroce pou\u017e\u00edt v r\u016fzn\u00fdch strojn\u00edch za\u0159\u00edzen\u00edch, jako jsou bagry, je\u0159\u00e1by a robotick\u00e1 ramena, a p\u0159izp\u016fsobit se tak r\u016fzn\u00fdm pracovn\u00edm po\u017eadavk\u016fm.<\/li>\n<li><strong>Snadn\u00e1 \u00fadr\u017eba:<\/strong> Konstrukce zohled\u0148uje snadnou \u00fadr\u017ebu a v\u00fdm\u011bnu, co\u017e usnad\u0148uje pravideln\u00e9 kontroly a servis a zkracuje prostoje za\u0159\u00edzen\u00ed.<\/li>\n<\/ul>\n<p>  <img decoding=\"async\" src=\"https:\/\/www.hydraulic-cylinders.net\/wp-content\/uploads\/2025\/01\/songte-oil-pipes-and-spare-parts.webp\" alt=\"Obr\u00e1zek n\u00e1hradn\u00edch d\u00edl\u016f v\u00e1lce ramene\"><\/p>\n<h2>Aplikace<\/h2>\n<ul>\n<li><strong>Stavebn\u00ed in\u017een\u00fdrstv\u00ed:<\/strong> U bagr\u016f a je\u0159\u00e1b\u016f se v\u00e1lce ramen pou\u017e\u00edvaj\u00ed k ovl\u00e1d\u00e1n\u00ed pohybu l\u017eic nebo v\u00fdlo\u017en\u00edk\u016f pro zemn\u00ed pr\u00e1ce, manipulaci s materi\u00e1lem a mont\u00e1\u017e konstrukc\u00ed.<\/li>\n<li><strong>Zpracovatelsk\u00fd pr\u016fmysl:<\/strong> V automatizovan\u00fdch v\u00fdrobn\u00edch link\u00e1ch se v\u00e1lce ramen pou\u017e\u00edvaj\u00ed k pohybu robotick\u00fdch ramen v procesech, jako je mont\u00e1\u017e, sva\u0159ov\u00e1n\u00ed a manipulace s materi\u00e1lem, co\u017e zvy\u0161uje efektivitu a p\u0159esnost v\u00fdroby.<\/li>\n<li><strong>Zem\u011bd\u011blsk\u00e9 stroje:<\/strong> V zem\u011bd\u011blsk\u00fdch stroj\u00edch, jako jsou skl\u00edzec\u00ed a sec\u00ed stroje, ovl\u00e1daj\u00ed v\u00e1lce ramen pohyb ovl\u00e1dac\u00edch ramen pro \u00fakoly, jako je set\u00ed, hnojen\u00ed a sklize\u0148.<\/li>\n<li><strong>T\u011b\u017eebn\u00ed pr\u016fmysl:<\/strong> V t\u011b\u017eebn\u00edch za\u0159\u00edzen\u00edch se v\u00e1lce ramen pou\u017e\u00edvaj\u00ed k ovl\u00e1d\u00e1n\u00ed pohybu ramen t\u011b\u017eebn\u00edho za\u0159\u00edzen\u00ed pro t\u011b\u017ebu a p\u0159epravu rudy.<\/li>\n<li><strong>Logistika a doprava:<\/strong> U vysokozdvi\u017en\u00fdch voz\u00edk\u016f a manipula\u010dn\u00edch robot\u016f ovl\u00e1daj\u00ed v\u00e1lce ramen zved\u00e1n\u00ed a pohyb vidlic, co\u017e umo\u017e\u0148uje manipulaci s materi\u00e1lem a jeho stohov\u00e1n\u00ed.<\/li>\n<\/ul>\n<h2>Konstruk\u010dn\u00ed aspekty a krit\u00e9ria v\u00fdb\u011bru<\/h2>\n<p>  <img decoding=\"async\" src=\"https:\/\/www.hydraulic-cylinders.net\/wp-content\/uploads\/2025\/01\/songte-cylinder-head-with-all-kinds-excavator-models.webp\" alt=\"Obr\u00e1zek n\u00e1vrhu v\u00e1lce ramene\"><\/p>\n<ul>\n<li><strong>Nosnost:<\/strong> Diskutujte o nosnosti v\u00e1lce ramene a jej\u00edm v\u00fdznamu p\u0159i v\u00fdb\u011bru spr\u00e1vn\u00e9ho v\u00e1lce pro konkr\u00e9tn\u00ed aplikace.<\/li>\n<li><strong>T\u011bsn\u011bn\u00ed:<\/strong> Vysv\u011btlete pou\u017eit\u00ed r\u016fzn\u00fdch t\u011bsn\u011bn\u00ed, jako jsou p\u00edstn\u00ed a p\u00edstn\u00ed t\u011bsn\u011bn\u00ed, vyroben\u00fdch z materi\u00e1l\u016f odoln\u00fdch proti opot\u0159eben\u00ed, jako je polyuretan a nitrilov\u00e1 pry\u017e. Zd\u016frazn\u011bte d\u016fle\u017eitost jemn\u011b opracovan\u00e9ho t\u011blesa v\u00e1lce a z\u00e1vitov\u00fdch koncov\u00fdch ploch pro zv\u00fd\u0161en\u00ed odolnosti proti opot\u0159eben\u00ed. Zm\u00edn\u011bte pot\u0159ebu pravideln\u00e9ho maz\u00e1n\u00ed hydraulick\u00fdm olejem.<\/li>\n<li><strong>Trvanlivost:<\/strong> Diskutujte o trvanlivosti v\u00e1lc\u016f ramen s ohledem na jejich konstruk\u010dn\u00ed materi\u00e1ly, povrchov\u00e9 \u00fapravy a odolnost proti korozi.<\/li>\n<li><strong>Bezpe\u010dnost:<\/strong> Zd\u016frazn\u011bte bezpe\u010dnostn\u00ed aspekty konstrukce v\u00e1lc\u016f ramene, jako je zaji\u0161t\u011bn\u00ed spr\u00e1vn\u00fdch zamykac\u00edch mechanism\u016f a bezpe\u010dnostn\u00edch prvk\u016f pro prevenci nehod.<\/li>\n<li><strong>\u00dadr\u017eba:<\/strong> Diskutujte o d\u016fle\u017eitosti pravideln\u00fdch kontrol a preventivn\u00ed \u00fadr\u017eby pro zaji\u0161t\u011bn\u00ed dlouh\u00e9 \u017eivotnosti a optim\u00e1ln\u00edho v\u00fdkonu v\u00e1lc\u016f ramene.<\/li>\n<\/ul>\n<h2>Instala\u010dn\u00ed p\u0159\u00edru\u010dka<\/h2>\n<p>  <img decoding=\"async\" src=\"https:\/\/www.hydraulic-cylinders.net\/wp-content\/uploads\/2025\/01\/songte-bushings-with-all-kinds-of-excavator-models.webp\" alt=\"Obr\u00e1zek instalace v\u00e1lce ramene\"><\/p>\n<p>Poskytn\u011bte podrobn\u00fd n\u00e1vod pro spr\u00e1vnou instalaci v\u00e1lce ramene, v\u010detn\u011b podrobn\u00fdch pokyn\u016f, pot\u0159ebn\u00e9ho n\u00e1\u0159ad\u00ed a bezpe\u010dnostn\u00edch opat\u0159en\u00ed. Zd\u016frazn\u011bte d\u016fle\u017eitost dodr\u017eov\u00e1n\u00ed pokyn\u016f v\u00fdrobce.<\/p>\n<h2>Bezpe\u010dnostn\u00ed aspekty a faktory prost\u0159ed\u00ed<\/h2>\n<p>Diskutujte o d\u016fle\u017eitosti bezpe\u010dnostn\u00edch opat\u0159en\u00ed p\u0159i pou\u017e\u00edv\u00e1n\u00ed tlakov\u00fdch lahv\u00ed s ramenem a o tom, jak p\u0159isp\u00edvaj\u00ed k bezpe\u010dn\u00e9mu pracovn\u00edmu prost\u0159ed\u00ed. Zd\u016frazn\u011bte pot\u0159ebu \u0159\u00e1dn\u00e9ho \u0161kolen\u00ed, dodr\u017eov\u00e1n\u00ed bezpe\u010dnostn\u00edch protokol\u016f a pou\u017e\u00edv\u00e1n\u00ed osobn\u00edch ochrann\u00fdch prost\u0159edk\u016f.<\/p>\n<h2>Odstra\u0148ov\u00e1n\u00ed probl\u00e9m\u016f a b\u011b\u017en\u00e9 probl\u00e9my<\/h2>\n<ul>\n<li><strong>Diagnostika poruch:<\/strong> Identifikujte b\u011b\u017en\u00e9 probl\u00e9my, kter\u00e9 mohou nastat s v\u00e1lci ramen, a vysv\u011btlete, jak je efektivn\u011b diagnostikovat.<\/li>\n<li><strong>\u0158e\u0161en\u00ed probl\u00e9m\u016f:<\/strong> Poskytn\u011bte tipy a \u0159e\u0161en\u00ed pro odstra\u0148ov\u00e1n\u00ed a vy\u0159e\u0161en\u00ed zji\u0161t\u011bn\u00fdch probl\u00e9m\u016f, v\u010detn\u011b preventivn\u00edch opat\u0159en\u00ed k minimalizaci potenci\u00e1ln\u00edch probl\u00e9m\u016f.<\/li>\n<\/ul>\n<p>  <img decoding=\"async\" src=\"https:\/\/www.hydraulic-cylinders.net\/wp-content\/uploads\/2025\/01\/songte-chushion-collar.webp\" alt=\"Obr\u00e1zek pro odstra\u0148ov\u00e1n\u00ed probl\u00e9m\u016f s v\u00e1lcem ramene\"><\/p>\n<p>Nezapome\u0148te \u010dl\u00e1nek uspo\u0159\u00e1dat logicky a pro snadnou navigaci pou\u017eijte podnadpisy. Pro lep\u0161\u00ed pochopen\u00ed a zaji\u0161t\u011bn\u00ed jasn\u00e9ho, \u200b\u200bstru\u010dn\u00e9ho a vhodn\u00e9ho obsahu pro \u010dten\u00e1\u0159e s r\u016fznou \u00farovn\u00ed technick\u00fdch znalost\u00ed dopl\u0148te relevantn\u00ed obr\u00e1zky nebo grafy.<\/p>\n<h2>O n\u00e1s<\/h2>\n<p>  <img decoding=\"async\" src=\"https:\/\/www.hydraulic-cylinders.net\/wp-content\/uploads\/2025\/01\/songte-company-4.webp\" alt=\"Image spole\u010dnosti\"><br \/>\n  <img decoding=\"async\" src=\"https:\/\/www.hydraulic-cylinders.net\/wp-content\/uploads\/2025\/01\/songte-company-3.webp\" alt=\"Image spole\u010dnosti\"><\/p>\n<p>Jsme profesion\u00e1ln\u00ed v\u00fdrobce n\u00e1hradn\u00edch hydraulick\u00fdch v\u00e1lc\u016f s \u0161irokou \u0161k\u00e1lou produkt\u016f. Stali jsme se jedn\u00edm z p\u0159edn\u00edch v\u00fdrobc\u016f a velkoobchodn\u00edch distributor\u016f hydraulick\u00fdch v\u00e1lc\u016f na dom\u00e1c\u00edm i mezin\u00e1rodn\u00edm trhu. V\u017edy se dr\u017e\u00edme principu vynikaj\u00edc\u00ed kvality a neust\u00e1le zlep\u0161ujeme na\u0161e technologick\u00e9 mo\u017enosti a efektivitu v\u00fdroby prost\u0159ednictv\u00edm zdokonalen\u00fdch v\u00fdrobn\u00edch d\u00edlen a industrializovan\u00fdch strategi\u00ed \u0159\u00edzen\u00ed v\u00fdroby. Zav\u00e1d\u011bn\u00edm \u0161pi\u010dkov\u00e9ho digit\u00e1ln\u00edho v\u00fdrobn\u00edho za\u0159\u00edzen\u00ed a profesion\u00e1ln\u00edch testovac\u00edch syst\u00e9m\u016f optimalizujeme na\u0161i v\u00fdrobn\u00ed platformu a zlep\u0161ujeme procesy kontroly kvality v\u00fdrobk\u016f, \u010d\u00edm\u017e prokazujeme siln\u00e9 inova\u010dn\u00ed schopnosti. Na\u0161\u00edm c\u00edlem je uspokojovat rozmanit\u00e9 pot\u0159eby z\u00e1kazn\u00edk\u016f s principy efektivity, p\u0159esnosti a vysok\u00e9 kvality.<\/p>\n<p>Od profesionality, mezin\u00e1rodn\u00edch certifikac\u00ed, slu\u017eeb na m\u00edru, v\u00fdrobn\u00edho vybaven\u00ed a\u017e po poprodejn\u00ed slu\u017eby, poskytujeme komplexn\u00ed \u00favod do na\u0161\u00ed spole\u010dnosti.<\/p>\n<p><em>Autor: lyl<\/em><\/p>\n<p><\/html><\/p>","protected":false},"excerpt":{"rendered":"<p>Arm Cylinder For XCMG Small Excavator XE150D Introduction Arm Cylinder is a specially designed hydraulic cylinder that provides linear motion and power to the arm of various types of machinery, such as excavators, cranes, and robotic arms. It plays a crucial role in hydraulic systems, allowing for efficient movement and control of attachments or accessories. [&hellip;]<\/p>","protected":false},"featured_media":14770,"comment_status":"open","ping_status":"closed","template":"","meta":{"_et_pb_use_builder":"","_et_pb_old_content":"","_et_gb_content_width":""},"product_brand":[],"product_cat":[1497],"product_tag":[1498,1496],"class_list":{"0":"post-16391","1":"product","2":"type-product","3":"status-publish","4":"has-post-thumbnail","6":"product_cat-arm-cylinders","7":"product_tag-arm-cylinders","8":"product_tag-hydraulic-cylinders","10":"first","11":"instock","12":"shipping-taxable","13":"product-type-simple"},"amp_enabled":true,"_links":{"self":[{"href":"https:\/\/www.hydraulic-cylinders.net\/cs\/wp-json\/wp\/v2\/product\/16391","targetHints":{"allow":["GET"]}}],"collection":[{"href":"https:\/\/www.hydraulic-cylinders.net\/cs\/wp-json\/wp\/v2\/product"}],"about":[{"href":"https:\/\/www.hydraulic-cylinders.net\/cs\/wp-json\/wp\/v2\/types\/product"}],"replies":[{"embeddable":true,"href":"https:\/\/www.hydraulic-cylinders.net\/cs\/wp-json\/wp\/v2\/comments?post=16391"}],"wp:featuredmedia":[{"embeddable":true,"href":"https:\/\/www.hydraulic-cylinders.net\/cs\/wp-json\/wp\/v2\/media\/14770"}],"wp:attachment":[{"href":"https:\/\/www.hydraulic-cylinders.net\/cs\/wp-json\/wp\/v2\/media?parent=16391"}],"wp:term":[{"taxonomy":"product_brand","embeddable":true,"href":"https:\/\/www.hydraulic-cylinders.net\/cs\/wp-json\/wp\/v2\/product_brand?post=16391"},{"taxonomy":"product_cat","embeddable":true,"href":"https:\/\/www.hydraulic-cylinders.net\/cs\/wp-json\/wp\/v2\/product_cat?post=16391"},{"taxonomy":"product_tag","embeddable":true,"href":"https:\/\/www.hydraulic-cylinders.net\/cs\/wp-json\/wp\/v2\/product_tag?post=16391"}],"curies":[{"name":"wp","href":"https:\/\/api.w.org\/{rel}","templated":true}]}}