{"id":16395,"date":"2025-01-20T09:12:07","date_gmt":"2025-01-20T09:12:07","guid":{"rendered":"https:\/\/www.hydraulic-cylinders.net\/product\/arm-cylinderfor-xcmg-small-excavator-xe135b\/"},"modified":"2025-01-20T09:12:09","modified_gmt":"2025-01-20T09:12:09","slug":"arm-cylinderfor-xcmg-small-excavator-xe135b","status":"publish","type":"product","link":"https:\/\/www.hydraulic-cylinders.net\/cs\/produkt\/arm-cylinderfor-xcmg-small-excavator-xe135b\/","title":{"rendered":"V\u00e1lec ramene pro mal\u00e9 rypadlo XCMG XE135B"},"content":{"rendered":"<h1>V\u00e1lec ramene pro mal\u00e9 rypadlo XCMG XE135B<\/h1>\n<h2>Zaveden\u00ed<\/h2>\n<p>Hydraulick\u00fd v\u00e1lec ramene, zn\u00e1m\u00fd tak\u00e9 jako hydraulick\u00fd v\u00e1lec, je specializovan\u00e1 sou\u010d\u00e1st ur\u010den\u00e1 k zaji\u0161t\u011bn\u00ed line\u00e1rn\u00edho pohybu a v\u00fdkonu ramene r\u016fzn\u00fdch typ\u016f stroj\u016f, jako jsou bagry, je\u0159\u00e1by a robotick\u00e1 ramena. Hraje kl\u00ed\u010dovou roli v hydraulick\u00fdch syst\u00e9mech, proto\u017ee umo\u017e\u0148uje efektivn\u00ed pohyb a ovl\u00e1d\u00e1n\u00ed dal\u0161\u00edch n\u00e1stroj\u016f nebo p\u0159\u00edslu\u0161enstv\u00ed. Tyto v\u00e1lce nejen zaji\u0161\u0165uj\u00ed plynul\u00fd pohyb, ale tak\u00e9 dok\u00e1\u017e\u00ed odolat t\u011b\u017ek\u00fdm z\u00e1t\u011b\u017e\u00edm, co\u017e zaji\u0161\u0165uje vysokou provozn\u00ed \u00fa\u010dinnost a spolehlivost v r\u016fzn\u00fdch pracovn\u00edch podm\u00ednk\u00e1ch.<\/p>\n<h3>Definice a vysv\u011btlen\u00ed<\/h3>\n<p>V\u00e1lec ramene je z\u00e1kladn\u00ed hydraulickou sou\u010d\u00e1st\u00ed, kter\u00e1 umo\u017e\u0148uje line\u00e1rn\u00ed pohyb ramene ve stroj\u00edch. Je zodpov\u011bdn\u00fd za dod\u00e1vku energie a ovl\u00e1d\u00e1n\u00ed ramene, co\u017e umo\u017e\u0148uje p\u0159esn\u00e9 operace a efektivn\u00ed v\u00fdkon. Tyto v\u00e1lce jsou navr\u017eeny tak, aby odolaly vysok\u00e9mu tlaku a zat\u00ed\u017een\u00ed, a proto jsou vhodn\u00e9 pro n\u00e1ro\u010dn\u00e9 aplikace. Jsou vyrobeny z vysoce pevn\u00fdch materi\u00e1l\u016f, aby byla zaji\u0161t\u011bna trvanlivost, odolnost proti opot\u0159eben\u00ed a korozi. D\u00edky sv\u00e9 v\u0161estrannosti a p\u0159izp\u016fsobivosti mohou b\u00fdt v\u00e1lce ramen \u0161iroce pou\u017e\u00edv\u00e1ny v r\u016fzn\u00fdch stroj\u00edch, v\u010detn\u011b bagr\u016f, je\u0159\u00e1b\u016f a robotick\u00fdch ramen, aby spl\u0148ovaly r\u016fzn\u00e9 pracovn\u00ed po\u017eadavky. Konstrukce t\u011bchto v\u00e1lc\u016f tak\u00e9 zohled\u0148uje snadnou \u00fadr\u017ebu a v\u00fdm\u011bnu, co\u017e sni\u017euje prostoje za\u0159\u00edzen\u00ed.<\/p>\n<p><img decoding=\"async\" src=\"https:\/\/www.hydraulic-cylinders.net\/wp-content\/uploads\/2025\/01\/songte-company-2.webp\" alt=\"Obr\u00e1zek v\u00e1lce ramene\"><\/p>\n<h2>Funkce<\/h2>\n<ul>\n<li><strong>Vysoce \u00fa\u010dinn\u00fd p\u0159enos:<\/strong> V\u00e1lec ramene zaji\u0161\u0165uje siln\u00fd line\u00e1rn\u00ed pohyb a s\u00edlu, co\u017e zaji\u0161\u0165uje vysokou \u00fa\u010dinnost a v\u00fdkon ramene stroje.<\/li>\n<li><strong>P\u0159esn\u00e9 ovl\u00e1d\u00e1n\u00ed:<\/strong> D\u00edky hydraulick\u00e9mu syst\u00e9mu umo\u017e\u0148uje v\u00e1lec ramene p\u0159esn\u00e9 ovl\u00e1d\u00e1n\u00ed pohybu, \u010d\u00edm\u017e je ovl\u00e1d\u00e1n\u00ed p\u0159ipojen\u00e9ho n\u00e1\u0159ad\u00ed flexibiln\u011bj\u0161\u00ed a p\u0159esn\u011bj\u0161\u00ed.<\/li>\n<li><strong>Siln\u00e1 trvanlivost:<\/strong> V\u00e1lce ramen jsou obvykle vyrobeny z vysoce pevn\u00fdch materi\u00e1l\u016f, kter\u00e9 nab\u00edzej\u00ed vynikaj\u00edc\u00ed odolnost proti opot\u0159eben\u00ed a korozi a jsou vhodn\u00e9 pro dlouhodob\u00e9 pou\u017e\u00edv\u00e1n\u00ed v n\u00e1ro\u010dn\u00fdch podm\u00ednk\u00e1ch.<\/li>\n<li><strong>Multifunk\u010dn\u00ed p\u0159izp\u016fsobivost:<\/strong> Tyto v\u00e1lce lze \u0161iroce pou\u017e\u00edvat v r\u016fzn\u00fdch stroj\u00edch, jako jsou bagry, je\u0159\u00e1by a robotick\u00e1 ramena, aby vyhov\u011bly r\u016fzn\u00fdm pracovn\u00edm po\u017eadavk\u016fm.<\/li>\n<li><strong>Snadn\u00e1 \u00fadr\u017eba:<\/strong> Konstrukce v\u00e1lc\u016f ramene zohled\u0148uje snadnou \u00fadr\u017ebu a v\u00fdm\u011bnu, co\u017e usnad\u0148uje pravidelnou kontrolu a \u00fadr\u017ebu a zkracuje prostoje za\u0159\u00edzen\u00ed.<\/li>\n<\/ul>\n<p><img decoding=\"async\" src=\"https:\/\/www.hydraulic-cylinders.net\/wp-content\/uploads\/2025\/01\/songte-oil-pipes-and-spare-parts.webp\" alt=\"Obr\u00e1zek n\u00e1hradn\u00edch d\u00edl\u016f v\u00e1lce ramene\"><\/p>\n<h2>Aplikace<\/h2>\n<p>Rameno v\u00e1lce nach\u00e1z\u00ed uplatn\u011bn\u00ed v r\u016fzn\u00fdch odv\u011btv\u00edch:<\/p>\n<ul>\n<li><strong>Stavebn\u00ed in\u017een\u00fdrstv\u00ed:<\/strong> U bagr\u016f a je\u0159\u00e1b\u016f ovl\u00e1d\u00e1 v\u00e1lec ramene pohyb l\u017e\u00edce nebo v\u00fdlo\u017en\u00edku pro zemn\u00ed pr\u00e1ce, manipulaci s materi\u00e1lem a mont\u00e1\u017e konstrukc\u00ed.<\/li>\n<li><strong>V\u00fdrobn\u00ed:<\/strong> V automatizovan\u00fdch v\u00fdrobn\u00edch link\u00e1ch v\u00e1lec ramene usnad\u0148uje pohyb robotick\u00fdch ramen pro mont\u00e1\u017en\u00ed, sva\u0159ovac\u00ed a manipula\u010dn\u00ed procesy, \u010d\u00edm\u017e zvy\u0161uje efektivitu a p\u0159esnost v\u00fdroby.<\/li>\n<li><strong>Zem\u011bd\u011blsk\u00e9 stroje:<\/strong> V zem\u011bd\u011blsk\u00fdch stroj\u00edch, jako jsou skl\u00edzec\u00ed a sec\u00ed stroje, ovl\u00e1d\u00e1 v\u00e1lec ramene pohyb ovl\u00e1dac\u00edho ramene pro \u00fakoly, jako je set\u00ed, hnojen\u00ed a sklize\u0148.<\/li>\n<li><strong>Hornictv\u00ed:<\/strong> V t\u011b\u017eebn\u00edm za\u0159\u00edzen\u00ed \u0159\u00edd\u00ed v\u00e1lec ramene pohyb ramene pro t\u011b\u017ebu a p\u0159epravu rud.<\/li>\n<li><strong>Logistika a doprava:<\/strong> U vysokozdvi\u017en\u00fdch voz\u00edk\u016f a manipula\u010dn\u00edch robot\u016f ovl\u00e1d\u00e1 v\u00e1lec ramene zved\u00e1n\u00ed a pohyb vidlic, co\u017e umo\u017e\u0148uje manipulaci s materi\u00e1lem a jeho stohov\u00e1n\u00ed.<\/li>\n<\/ul>\n<h2>Konstruk\u010dn\u00ed aspekty a krit\u00e9ria v\u00fdb\u011bru<\/h2>\n<p>P\u0159i navrhov\u00e1n\u00ed a v\u00fdb\u011bru v\u00e1lc\u016f ramen je t\u0159eba zv\u00e1\u017eit n\u011bkolik faktor\u016f:<\/p>\n<ul>\n<li><strong>Nosnost:<\/strong> V\u00e1lec ramene by m\u011bl b\u00fdt schopen zvl\u00e1dnout zam\u00fd\u0161len\u00e9 zat\u00ed\u017een\u00ed a tlaky, aby byl zaji\u0161t\u011bn bezpe\u010dn\u00fd a efektivn\u00ed provoz.<\/li>\n<li><strong>T\u011bsn\u011bn\u00ed:<\/strong> Pro zaji\u0161t\u011bn\u00ed \u00fa\u010dinn\u00e9ho ut\u011bsn\u011bn\u00ed, zabr\u00e1n\u011bn\u00ed \u00faniku a udr\u017een\u00ed optim\u00e1ln\u00edho v\u00fdkonu by se m\u011bly pou\u017e\u00edvat r\u016fzn\u00e9 t\u011bsnic\u00ed prvky, jako jsou t\u011bsn\u011bn\u00ed p\u00edst\u016f a p\u00edstnic. Tato t\u011bsn\u011bn\u00ed jsou \u010dasto vyrobena z odoln\u00fdch materi\u00e1l\u016f, jako je polyuretan a nitrilov\u00e1 pry\u017e.<\/li>\n<li><strong>Trvanlivost:<\/strong> V\u00e1lec ramene by m\u011bl b\u00fdt vyroben z vysoce kvalitn\u00edch materi\u00e1l\u016f, aby byla zaji\u0161t\u011bna trvanlivost a odolnost proti opot\u0159eben\u00ed a korozi. Hlava v\u00e1lce a z\u00e1vitov\u00e9 konce proch\u00e1zej\u00ed jemn\u00fdm opracov\u00e1n\u00edm pro zv\u00fd\u0161en\u00ed odolnosti proti opot\u0159eben\u00ed.<\/li>\n<li><strong>Bezpe\u010dnost:<\/strong> Do konstrukce v\u00e1lce ramene by m\u011bly b\u00fdt za\u010dlen\u011bny bezpe\u010dnostn\u00ed aspekty, aby se p\u0159ede\u0161lo nehod\u00e1m a byla zaji\u0161t\u011bna ochrana obsluhy b\u011bhem provozu.<\/li>\n<li><strong>\u00dadr\u017eba:<\/strong> Konstrukce v\u00e1lce ramene by m\u011bla umo\u017e\u0148ovat snadnou \u00fadr\u017ebu a servis, co\u017e by v p\u0159\u00edpad\u011b pot\u0159eby umo\u017enilo rychl\u00e9 kontroly a v\u00fdm\u011bny.<\/li>\n<\/ul>\n<p><img decoding=\"async\" src=\"https:\/\/www.hydraulic-cylinders.net\/wp-content\/uploads\/2025\/01\/songte-cylinder-head-with-all-kinds-excavator-models.webp\" alt=\"Obr\u00e1zek hlavy v\u00e1lc\u016f\"><\/p>\n<h2>T\u011bsn\u011bn\u00ed a maz\u00e1n\u00ed<\/h2>\n<p>V\u00e1lce ramen vyu\u017e\u00edvaj\u00ed r\u016fzn\u00e9 t\u011bsnic\u00ed komponenty pro zaji\u0161t\u011bn\u00ed optim\u00e1ln\u00edho v\u00fdkonu:<\/p>\n<ul>\n<li>T\u011bsn\u011bn\u00ed p\u00edstu, t\u011bsn\u011bn\u00ed p\u00edstnice a dal\u0161\u00ed typy t\u011bsn\u011bn\u00ed se pou\u017e\u00edvaj\u00ed k zaji\u0161t\u011bn\u00ed \u00fa\u010dinn\u00e9ho ut\u011bsn\u011bn\u00ed a zabr\u00e1n\u011bn\u00ed \u00faniku.<\/li>\n<li>Tato t\u011bsn\u011bn\u00ed jsou vyrobena z materi\u00e1l\u016f odoln\u00fdch proti opot\u0159eben\u00ed, jako je polyuretan a nitrilov\u00e1 pry\u017e.<\/li>\n<li>T\u011bleso v\u00e1lce a z\u00e1vitov\u00e9 konce proch\u00e1zej\u00ed jemn\u00fdm opracov\u00e1n\u00edm pro zv\u00fd\u0161en\u00ed odolnosti proti opot\u0159eben\u00ed.<\/li>\n<li>Pravideln\u00e9 maz\u00e1n\u00ed vhodn\u00fdm mno\u017estv\u00edm hydraulick\u00e9ho oleje pom\u00e1h\u00e1 udr\u017eovat hladk\u00fd chod a prodlu\u017euje \u017eivotnost v\u00e1lce ramene.<\/li>\n<\/ul>\n<h2>Pravideln\u00e1 kontrola a preventivn\u00ed \u00fadr\u017eba<\/h2>\n<p>Pro zaji\u0161t\u011bn\u00ed spr\u00e1vn\u00e9 funkce a dlouh\u00e9 \u017eivotnosti v\u00e1lce ramene je t\u0159eba prov\u00e1d\u011bt pravideln\u00e9 kontroly a preventivn\u00ed \u00fadr\u017ebu:<\/p>\n<ul>\n<li>Zkontrolujte t\u011bsnic\u00ed komponenty, zda nejsou opot\u0159ebovan\u00e9 nebo po\u0161kozen\u00e9, a v p\u0159\u00edpad\u011b pot\u0159eby je vym\u011b\u0148te.<\/li>\n<li>B\u011bhem provozu zkontrolujte, zda se neobjevuj\u00ed zn\u00e1mky net\u011bsnosti nebo abnorm\u00e1ln\u00edho hluku.<\/li>\n<li>Udr\u017eujte v\u00e1lec \u010dist\u00fd a bez ne\u010distot nebo \u00falomk\u016f, kter\u00e9 by mohly ovlivnit jeho v\u00fdkon.<\/li>\n<li>Sledujte hydraulick\u00fd syst\u00e9m, zda m\u00e1 spr\u00e1vn\u00fd tlak a hladinu kapalin.<\/li>\n<li>Dodr\u017eujte doporu\u010den\u00fd pl\u00e1n \u00fadr\u017eby a pokyny v\u00fdrobce.<\/li>\n<\/ul>\n<h2>Pr\u016fvodce instalac\u00ed produktu<\/h2>\n<p>Spr\u00e1vn\u00e1 instalace v\u00e1lce ramene je kl\u00ed\u010dov\u00e1 pro jeho optim\u00e1ln\u00ed v\u00fdkon:<\/p>\n<ul>\n<li>Ujist\u011bte se, \u017ee mont\u00e1\u017en\u00ed povrch je \u010dist\u00fd a bez jak\u00fdchkoli ne\u010distot.<\/li>\n<li>Zarovnejte v\u00e1lec s mont\u00e1\u017en\u00edmi otvory a pevn\u011b jej upevn\u011bte pomoc\u00ed vhodn\u00fdch \u0161roub\u016f nebo spojovac\u00edch prvk\u016f.<\/li>\n<li>Zkontrolujte, zda jsou v\u0161echna hydraulick\u00e1 p\u0159ipojen\u00ed spr\u00e1vn\u011b nainstalov\u00e1na a uta\u017eena.<\/li>\n<li>Po instalaci zkontrolujte p\u0159\u00edpadn\u00e9 net\u011bsnosti a prove\u010fte pot\u0159ebn\u00e1 se\u0159\u00edzen\u00ed.<\/li>\n<li>Konkr\u00e9tn\u00ed podrobnosti a bezpe\u010dnostn\u00ed opat\u0159en\u00ed naleznete v pokynech k instalaci od v\u00fdrobce.<\/li>\n<\/ul>\n<p><img decoding=\"async\" src=\"https:\/\/www.hydraulic-cylinders.net\/wp-content\/uploads\/2025\/01\/songte-bushings-with-all-kinds-of-excavator-models.webp\" alt=\"Obr\u00e1zek pouzder\"><\/p>\n<h2>Bezpe\u010dnostn\u00ed aspekty a faktory prost\u0159ed\u00ed<\/h2>\n<p>P\u0159i pou\u017e\u00edv\u00e1n\u00ed v\u00e1lc\u016f s rameny jsou bezpe\u010dnostn\u00ed opat\u0159en\u00ed nanejv\u00fd\u0161 d\u016fle\u017eit\u00e1 pro prevenci nehod a zaji\u0161t\u011bn\u00ed bezpe\u010dn\u00e9ho pracovn\u00edho prost\u0159ed\u00ed:<\/p>\n<ul>\n<li>Zajist\u011bte \u0159\u00e1dn\u00e9 \u0161kolen\u00ed a kvalifikaci obsluhy pro bezpe\u010dnou manipulaci se stroji a v\u00e1lci ramen.<\/li>\n<li>Dodr\u017eujte v\u0161echny bezpe\u010dnostn\u00ed pokyny a p\u0159edpisy stanoven\u00e9 v\u00fdrobcem a p\u0159\u00edslu\u0161n\u00fdmi org\u00e1ny.<\/li>\n<li>Pravideln\u011b kontrolujte v\u00e1lec ramene, zda nevykazuje zn\u00e1mky po\u0161kozen\u00ed nebo poruchy, kter\u00e9 by mohly ohrozit bezpe\u010dnost.<\/li>\n<li>P\u0159i pr\u00e1ci v nebezpe\u010dn\u00fdch nebo n\u00e1ro\u010dn\u00fdch podm\u00ednk\u00e1ch prost\u0159ed\u00ed dodr\u017eujte vhodn\u00e1 opat\u0159en\u00ed.<\/li>\n<\/ul>\n<h2>Diagnostika z\u00e1vad a b\u011b\u017en\u00e9 probl\u00e9my<\/h2>\n<p>N\u00e1sleduje n\u011bkolik mo\u017en\u00fdch z\u00e1vad a b\u011b\u017en\u00fdch probl\u00e9m\u016f, kter\u00e9 mohou nastat u v\u00e1lc\u016f ramen:<\/p>\n<ul>\n<li>\u00danik z t\u011bsn\u011bn\u00ed nebo spoj\u016f<\/li>\n<li>Nadm\u011brn\u00fd hluk b\u011bhem provozu<\/li>\n<li>Pomal\u00fd nebo nerovnom\u011brn\u00fd pohyb pa\u017ee<\/li>\n<li>Nedostate\u010dn\u00e1 s\u00edla nebo v\u00fdkon<\/li>\n<li>Nekonzistentn\u00ed nebo nepravideln\u00fd provoz<\/li>\n<\/ul>\n<p>P\u0159i \u0159e\u0161en\u00ed t\u011bchto probl\u00e9m\u016f zva\u017ete n\u00e1sleduj\u00edc\u00ed tipy a \u0159e\u0161en\u00ed:<\/p>\n<ul>\n<li>Zkontrolujte a vym\u011b\u0148te opot\u0159ebovan\u00e1 nebo po\u0161kozen\u00e1 t\u011bsn\u011bn\u00ed nebo spoje.<\/li>\n<li>Zkontrolujte hladinu a kvalitu hydraulick\u00e9 kapaliny, v p\u0159\u00edpad\u011b pot\u0159eby ji vym\u011b\u0148te.<\/li>\n<li>Zajist\u011bte spr\u00e1vn\u00e9 nastaven\u00ed tlaku a v p\u0159\u00edpad\u011b pot\u0159eby jej upravte.<\/li>\n<li>Vy\u010dist\u011bte v\u00e1lec a odstra\u0148te ve\u0161ker\u00e9 ne\u010distoty nebo ucp\u00e1n\u00ed, kter\u00e9 by mohly ovlivnit jeho v\u00fdkon.<\/li>\n<li>V p\u0159\u00edpad\u011b pot\u0159eby si p\u0159e\u010dt\u011bte n\u00e1vod k \u0159e\u0161en\u00ed probl\u00e9m\u016f od v\u00fdrobce nebo vyhledejte odbornou pomoc.<br \/>","protected":false},"excerpt":{"rendered":"<p>Arm Cylinder For XCMG Small Excavator XE135B Introduction The arm cylinder, also known as a hydraulic cylinder, is a specialized component designed to provide linear motion and power to the arm of various types of machinery, such as excavators, cranes, and robotic arms. It plays a crucial role in hydraulic systems, allowing for the efficient [&hellip;]<\/p>","protected":false},"featured_media":14786,"comment_status":"open","ping_status":"closed","template":"","meta":{"_et_pb_use_builder":"","_et_pb_old_content":"","_et_gb_content_width":""},"product_brand":[],"product_cat":[1497],"product_tag":[1498,1496],"class_list":{"0":"post-16395","1":"product","2":"type-product","3":"status-publish","4":"has-post-thumbnail","6":"product_cat-arm-cylinders","7":"product_tag-arm-cylinders","8":"product_tag-hydraulic-cylinders","10":"first","11":"instock","12":"shipping-taxable","13":"product-type-simple"},"amp_enabled":true,"_links":{"self":[{"href":"https:\/\/www.hydraulic-cylinders.net\/cs\/wp-json\/wp\/v2\/product\/16395","targetHints":{"allow":["GET"]}}],"collection":[{"href":"https:\/\/www.hydraulic-cylinders.net\/cs\/wp-json\/wp\/v2\/product"}],"about":[{"href":"https:\/\/www.hydraulic-cylinders.net\/cs\/wp-json\/wp\/v2\/types\/product"}],"replies":[{"embeddable":true,"href":"https:\/\/www.hydraulic-cylinders.net\/cs\/wp-json\/wp\/v2\/comments?post=16395"}],"wp:featuredmedia":[{"embeddable":true,"href":"https:\/\/www.hydraulic-cylinders.net\/cs\/wp-json\/wp\/v2\/media\/14786"}],"wp:attachment":[{"href":"https:\/\/www.hydraulic-cylinders.net\/cs\/wp-json\/wp\/v2\/media?parent=16395"}],"wp:term":[{"taxonomy":"product_brand","embeddable":true,"href":"https:\/\/www.hydraulic-cylinders.net\/cs\/wp-json\/wp\/v2\/product_brand?post=16395"},{"taxonomy":"product_cat","embeddable":true,"href":"https:\/\/www.hydraulic-cylinders.net\/cs\/wp-json\/wp\/v2\/product_cat?post=16395"},{"taxonomy":"product_tag","embeddable":true,"href":"https:\/\/www.hydraulic-cylinders.net\/cs\/wp-json\/wp\/v2\/product_tag?post=16395"}],"curies":[{"name":"wp","href":"https:\/\/api.w.org\/{rel}","templated":true}]}}