{"id":16396,"date":"2025-01-20T09:12:11","date_gmt":"2025-01-20T09:12:11","guid":{"rendered":"https:\/\/www.hydraulic-cylinders.net\/product\/arm-cylinderfor-xcmg-middle-excavator-xe200c\/"},"modified":"2025-01-20T09:12:13","modified_gmt":"2025-01-20T09:12:13","slug":"arm-cylinderfor-xcmg-middle-excavator-xe200c","status":"publish","type":"product","link":"https:\/\/www.hydraulic-cylinders.net\/cs\/produkt\/arm-cylinderfor-xcmg-middle-excavator-xe200c\/","title":{"rendered":"V\u00e1lec ramene pro st\u0159edn\u00ed bagr XCMG XE200C"},"content":{"rendered":"<h2>V\u00e1lec ramene pro st\u0159edn\u00ed bagr XCMG XE200C<\/h2>\n<h3>Zaveden\u00ed<\/h3>\n<p>V\u00e1lec ramene je speci\u00e1ln\u011b navr\u017een\u00fd hydraulick\u00fd v\u00e1lec, kter\u00fd se v\u011bt\u0161inou pou\u017e\u00edv\u00e1 k zaji\u0161t\u011bn\u00ed line\u00e1rn\u00edho pohybu a v\u00fdkonu ramene r\u016fzn\u00fdch typ\u016f stroj\u016f, jako jsou bagry, je\u0159\u00e1by a robotick\u00e1 ramena. V\u00e1lec ramene hraje kl\u00ed\u010dovou roli v hydraulick\u00fdch syst\u00e9mech, proto\u017ee umo\u017e\u0148uje efektivn\u00ed pohyb a ovl\u00e1d\u00e1n\u00ed p\u0159\u00edslu\u0161enstv\u00ed. Tyto v\u00e1lce nejen zaji\u0161\u0165uj\u00ed plynul\u00fd pohyb, ale tak\u00e9 odol\u00e1vaj\u00ed t\u011b\u017ek\u00fdm z\u00e1t\u011b\u017e\u00edm, \u010d\u00edm\u017e zaji\u0161\u0165uj\u00ed efektivn\u00ed provoz a spolehlivost stroj\u016f za r\u016fzn\u00fdch pracovn\u00edch podm\u00ednek.<\/p>\n<p><img decoding=\"async\" src=\"https:\/\/www.hydraulic-cylinders.net\/wp-content\/uploads\/2025\/01\/songte-company-2.webp\" alt=\"obr\u00e1zek v\u00e1lce ramene\"><\/p>\n<h3>Funkce<\/h3>\n<ul>\n<li>Vysoce \u00fa\u010dinn\u00fd p\u0159evod: V\u00e1lec ramene poskytuje siln\u00fd line\u00e1rn\u00ed pohyb a s\u00edlu, co\u017e zaji\u0161\u0165uje vysokou \u00fa\u010dinnost robotick\u00e9ho ramene b\u011bhem r\u016fzn\u00fdch operac\u00ed.<\/li>\n<li>P\u0159esn\u00e9 ovl\u00e1d\u00e1n\u00ed: D\u00edky hydraulick\u00e9mu syst\u00e9mu m\u016f\u017ee v\u00e1lec ramene dos\u00e1hnout p\u0159esn\u00e9ho ovl\u00e1d\u00e1n\u00ed pohybu, co\u017e zvy\u0161uje flexibilitu a p\u0159esnost ovl\u00e1d\u00e1n\u00ed p\u0159ipojen\u00fdch n\u00e1stroj\u016f.<\/li>\n<li>Vysok\u00e1 odolnost: V\u00e1lec ramene je obvykle vyroben z vysoce pevn\u00fdch materi\u00e1l\u016f s dobrou odolnost\u00ed proti opot\u0159eben\u00ed a korozi, vhodn\u00fdch pro dlouhodob\u00e9 pou\u017eit\u00ed v n\u00e1ro\u010dn\u00fdch podm\u00ednk\u00e1ch.<\/li>\n<li>Multifunk\u010dn\u00ed p\u0159izp\u016fsobivost: Tyto v\u00e1lce lze \u0161iroce pou\u017e\u00edvat v r\u016fzn\u00fdch typech stroj\u016f, jako jsou bagry, je\u0159\u00e1by a robotick\u00e1 ramena, aby spl\u0148ovaly r\u016fzn\u00e9 pracovn\u00ed pot\u0159eby.<\/li>\n<li>Snadn\u00e1 \u00fadr\u017eba: Konstrukce zohled\u0148uje snadnou \u00fadr\u017ebu a v\u00fdm\u011bnu, d\u00edky \u010demu\u017e jsou pravideln\u00e9 kontroly a \u00fadr\u017eba pohodln\u011bj\u0161\u00ed a t\u00edm se zkracuj\u00ed prostoje za\u0159\u00edzen\u00ed.<\/li>\n<\/ul>\n<p><img decoding=\"async\" src=\"https:\/\/www.hydraulic-cylinders.net\/wp-content\/uploads\/2025\/01\/songte-oil-pipes-and-spare-parts.webp\" alt=\"obr\u00e1zek n\u00e1hradn\u00edch d\u00edl\u016f\"><\/p>\n<h3>Aplikace<\/h3>\n<p>V\u00e1lec ramene se \u0161iroce pou\u017e\u00edv\u00e1 v r\u016fzn\u00fdch pr\u016fmyslov\u00fdch odv\u011btv\u00edch:<\/p>\n<ul>\n<li>Stavebn\u00ed in\u017een\u00fdrstv\u00ed: U bagr\u016f a je\u0159\u00e1b\u016f ovl\u00e1d\u00e1 v\u00e1lec ramene pohyb l\u017e\u00edce nebo v\u00fdlo\u017en\u00edku pro zemn\u00ed pr\u00e1ce, manipulaci s materi\u00e1lem a mont\u00e1\u017e konstrukc\u00ed.<\/li>\n<li>V\u00fdroba: V automatizovan\u00fdch v\u00fdrobn\u00edch link\u00e1ch \u0159\u00edd\u00ed v\u00e1lec ramene pohyb robotick\u00e9ho ramene p\u0159i mont\u00e1\u017ei, sva\u0159ov\u00e1n\u00ed a manipulaci s materi\u00e1lem, \u010d\u00edm\u017e se zlep\u0161uje efektivita a p\u0159esnost v\u00fdroby.<\/li>\n<li>Zem\u011bd\u011blsk\u00e9 stroje: U zem\u011bd\u011blsk\u00fdch stroj\u016f, jako jsou skl\u00edzec\u00ed a s\u00e1zec\u00ed stroje, v\u00e1lec ramene ovl\u00e1d\u00e1 pohyb ovl\u00e1dac\u00edho ramene a prov\u00e1d\u00ed \u00fakoly, jako je set\u00ed, hnojen\u00ed a sklize\u0148.<\/li>\n<li>T\u011b\u017eba: V t\u011b\u017eebn\u00edm za\u0159\u00edzen\u00ed \u0159\u00edd\u00ed v\u00e1lec ramene pohyb ramene t\u011b\u017eebn\u00edho za\u0159\u00edzen\u00ed pro t\u011b\u017ebu rud a manipulaci s materi\u00e1lem.<\/li>\n<li>Logistika a doprava: U vysokozdvi\u017en\u00fdch voz\u00edk\u016f a manipula\u010dn\u00edch robot\u016f ovl\u00e1d\u00e1 v\u00e1lec ramene zved\u00e1n\u00ed a pohyb vidlice, \u010d\u00edm\u017e se zaji\u0161\u0165uje manipulace s materi\u00e1lem a jeho stohov\u00e1n\u00ed.<\/li>\n<\/ul>\n<h3>Konstruk\u010dn\u00ed aspekty a krit\u00e9ria v\u00fdb\u011bru<\/h3>\n<p>Konstrukce v\u00e1lce ramene mus\u00ed zohled\u0148ovat n\u00e1sleduj\u00edc\u00ed:<\/p>\n<ul>\n<li>Nosnost: V\u00e1lec ramene by m\u011bl m\u00edt dostate\u010dnou nosnost, aby unesl hmotnost p\u0159ipojen\u00e9ho n\u00e1\u0159ad\u00ed a p\u0159\u00edslu\u0161enstv\u00ed.<\/li>\n<li>T\u011bsn\u011bn\u00ed: Pro zaji\u0161t\u011bn\u00ed t\u011bsnic\u00edho v\u00fdkonu v\u00e1lce by se m\u011bly pou\u017e\u00edvat r\u016fzn\u00e9 typy t\u011bsn\u011bn\u00ed, jako jsou p\u00edstn\u00ed t\u011bsn\u011bn\u00ed a t\u011bsn\u011bn\u00ed p\u00edstnice.<\/li>\n<li>Trvanlivost: Sou\u010d\u00e1sti v\u00e1lce ramene by m\u011bly b\u00fdt vyrobeny z vysoce kvalitn\u00edch materi\u00e1l\u016f s dobrou odolnost\u00ed proti opot\u0159eben\u00ed a korozi, aby bylo zaji\u0161t\u011bno dlouhodob\u00e9 pou\u017e\u00edv\u00e1n\u00ed v n\u00e1ro\u010dn\u00fdch podm\u00ednk\u00e1ch.<\/li>\n<li>Bezpe\u010dnost: V\u00e1lec ramene by m\u011bl b\u00fdt vybaven bezpe\u010dnostn\u00edmi prvky, jako jsou p\u0159etlakov\u00e9 ventily a tla\u010d\u00edtka nouzov\u00e9ho zastaven\u00ed, aby byl zaji\u0161t\u011bn bezpe\u010dn\u00fd provoz.<\/li>\n<li>\u00dadr\u017eba: Konstrukce v\u00e1lce ramene by m\u011bla b\u00fdt snadno udr\u017eovateln\u00e1 a opravovateln\u00e1, co\u017e by sni\u017eovalo prostoje za\u0159\u00edzen\u00ed a n\u00e1klady na \u00fadr\u017ebu.<\/li>\n<\/ul>\n<p><img decoding=\"async\" src=\"https:\/\/www.hydraulic-cylinders.net\/wp-content\/uploads\/2025\/01\/songte-cylinder-head-with-all-kinds-excavator-models.webp\" alt=\"obr\u00e1zek hlavy v\u00e1lc\u016f\"><\/p>\n<h3>T\u011bsn\u011bn\u00ed a maz\u00e1n\u00ed<\/h3>\n<p>V\u00e1lec ramene pou\u017e\u00edv\u00e1 r\u016fzn\u00e9 typy t\u011bsn\u011bn\u00ed, jako jsou p\u00edstn\u00ed t\u011bsn\u011bn\u00ed a t\u011bsn\u011bn\u00ed p\u00edstnice, vyroben\u00e9 z materi\u00e1l\u016f odoln\u00fdch proti opot\u0159eben\u00ed, jako je polyuretan a nitrilov\u00e1 pry\u017e, aby byl zaji\u0161t\u011bn t\u011bsnic\u00ed v\u00fdkon. T\u011bleso v\u00e1lce a povrch z\u00e1vitu jsou p\u0159esn\u011b opracov\u00e1ny pro zlep\u0161en\u00ed odolnosti proti opot\u0159eben\u00ed. Pro zaji\u0161t\u011bn\u00ed spr\u00e1vn\u00e9ho provozu je nutn\u00e9 pravideln\u00e9 maz\u00e1n\u00ed vhodn\u00fdm mno\u017estv\u00edm hydraulick\u00e9ho oleje.<\/p>\n<p><img decoding=\"async\" src=\"https:\/\/www.hydraulic-cylinders.net\/wp-content\/uploads\/2025\/01\/songte-chushion-collar.webp\" alt=\"obr\u00e1zek obojku\"><\/p>\n<h3>\u00dadr\u017eba a odstra\u0148ov\u00e1n\u00ed probl\u00e9m\u016f<\/h3>\n<p>Pravideln\u00e1 kontrola a preventivn\u00ed \u00fadr\u017eba mohou pomoci p\u0159edej\u00edt potenci\u00e1ln\u00edm probl\u00e9m\u016fm s v\u00e1lcem ramene. Mezi b\u011b\u017en\u00e9 probl\u00e9my pat\u0159\u00ed net\u011bsnost, nedostate\u010dn\u00fd tlak a abnorm\u00e1ln\u00ed hluk. Pokud se tyto probl\u00e9my vyskytnou, m\u011bly by b\u00fdt k identifikaci p\u0159\u00ed\u010diny pou\u017eity vhodn\u00e9 techniky odstra\u0148ov\u00e1n\u00ed probl\u00e9m\u016f. M\u011bly by b\u00fdt poskytnuty tipy a \u0159e\u0161en\u00ed pro odstra\u0148ov\u00e1n\u00ed probl\u00e9m\u016f a prevenci, kter\u00e9 \u010dten\u00e1\u0159\u016fm pomohou efektivn\u011b diagnostikovat a \u0159e\u0161it probl\u00e9my.<\/p>\n<h3>Instala\u010dn\u00ed p\u0159\u00edru\u010dka<\/h3>\n<p>Spr\u00e1vn\u00e1 instalace je z\u00e1sadn\u00ed pro zaji\u0161t\u011bn\u00ed spr\u00e1vn\u00e9ho provozu a dlouh\u00e9 \u017eivotnosti v\u00e1lce ramene. Pro zaji\u0161t\u011bn\u00ed spr\u00e1vn\u00e9 instalace je t\u0159eba krok za krokem dodr\u017eovat instala\u010dn\u00ed n\u00e1vod.<\/p>\n<p><img decoding=\"async\" src=\"https:\/\/www.hydraulic-cylinders.net\/wp-content\/uploads\/2025\/01\/songte-bushings-with-all-kinds-of-excavator-models.webp\" alt=\"obr\u00e1zek pouzder\"><\/p>\n<h3>O n\u00e1s<\/h3>\n<p>Jsme profesion\u00e1ln\u00ed v\u00fdrobce n\u00e1hradn\u00edch hydraulick\u00fdch v\u00e1lc\u016f se \u0161irokou \u0161k\u00e1lou produkt\u016f a stali jsme se jedn\u00edm z p\u0159edn\u00edch v\u00fdrobc\u016f a velkoobchodn\u00edch distributor\u016f hydraulick\u00fdch v\u00e1lc\u016f na dom\u00e1c\u00edm i mezin\u00e1rodn\u00edm trhu. V\u017edy se dr\u017e\u00edme principu vynikaj\u00edc\u00ed kvality a spol\u00e9h\u00e1me se na strategii industrializovan\u00e9ho \u0159\u00edzen\u00ed v\u00fdroby v r\u00e1mci zdokonalen\u00e9 v\u00fdrobn\u00ed d\u00edlny, abychom neust\u00e1le zlep\u0161ovali na\u0161i technickou \u00farove\u0148 a efektivitu v\u00fdroby. Zav\u00e1d\u011bn\u00edm \u0161pi\u010dkov\u00e9ho digit\u00e1ln\u00edho v\u00fdrobn\u00edho za\u0159\u00edzen\u00ed a profesion\u00e1ln\u00edch testovac\u00edch syst\u00e9m\u016f neust\u00e1le optimalizujeme v\u00fdrobn\u00ed platformu, zlep\u0161ujeme proces kontroly kvality v\u00fdrobk\u016f a m\u00e1me siln\u00e9 inova\u010dn\u00ed schopnosti. Na\u0161\u00edm c\u00edlem je uspokojovat rozmanit\u00e9 pot\u0159eby z\u00e1kazn\u00edk\u016f s principy efektivity, p\u0159esnosti a vysok\u00e9 kvality.<\/p>\n<p><img decoding=\"async\" src=\"https:\/\/www.hydraulic-cylinders.net\/wp-content\/uploads\/2025\/01\/songte-company-4.webp\" alt=\"image spole\u010dnosti\"><\/p>\n<ul>\n<li>Profesionalita: M\u00e1me profesion\u00e1ln\u00ed t\u00fdm a modern\u00ed vybaven\u00ed, abychom z\u00e1kazn\u00edk\u016fm poskytovali vysoce kvalitn\u00ed produkty a slu\u017eby.<\/li>\n<li>Mezin\u00e1rodn\u00ed certifikace: Na\u0161e v\u00fdrobky pro\u0161ly r\u016fzn\u00fdmi mezin\u00e1rodn\u00edmi certifikacemi a spl\u0148uj\u00ed mezin\u00e1rodn\u00ed standardy.<\/li>\n<li>Slu\u017eby p\u0159izp\u016fsoben\u00ed: M\u016f\u017eeme poskytovat slu\u017eby na m\u00edru dle pot\u0159eb z\u00e1kazn\u00edk\u016f, abychom splnili jejich specifick\u00e9 po\u017eadavky.<\/li>\n<li>V\u00fdrobn\u00ed za\u0159\u00edzen\u00ed: M\u00e1me pokro\u010dil\u00e9 digit\u00e1ln\u00ed v\u00fdrobn\u00ed za\u0159\u00edzen\u00ed a profesion\u00e1ln\u00ed testovac\u00ed syst\u00e9my, abychom zajistili kvalitu v\u00fdrobk\u016f.<\/li>\n<li>Poprodejn\u00ed servis: Poskytujeme komplexn\u00ed poprodejn\u00ed servis, abychom zajistili dlouhodob\u00fd a stabiln\u00ed provoz na\u0161ich produkt\u016f.<\/li>\n<\/ul>\n<p>Autor: lyl<\/p>","protected":false},"excerpt":{"rendered":"<p>Arm Cylinder For XCMG Middle Excavator XE200C Introduction The arm cylinder is a specifically designed hydraulic cylinder that is mostly used to provide linear motion and power to the arm of various types of machinery such as excavators, cranes, and robotic arms. The arm cylinder plays a crucial role in hydraulic systems, allowing attachments or [&hellip;]<\/p>","protected":false},"featured_media":14783,"comment_status":"open","ping_status":"closed","template":"","meta":{"_et_pb_use_builder":"","_et_pb_old_content":"","_et_gb_content_width":""},"product_brand":[],"product_cat":[1497],"product_tag":[1498,1496],"class_list":{"0":"post-16396","1":"product","2":"type-product","3":"status-publish","4":"has-post-thumbnail","6":"product_cat-arm-cylinders","7":"product_tag-arm-cylinders","8":"product_tag-hydraulic-cylinders","10":"first","11":"instock","12":"shipping-taxable","13":"product-type-simple"},"amp_enabled":true,"_links":{"self":[{"href":"https:\/\/www.hydraulic-cylinders.net\/cs\/wp-json\/wp\/v2\/product\/16396","targetHints":{"allow":["GET"]}}],"collection":[{"href":"https:\/\/www.hydraulic-cylinders.net\/cs\/wp-json\/wp\/v2\/product"}],"about":[{"href":"https:\/\/www.hydraulic-cylinders.net\/cs\/wp-json\/wp\/v2\/types\/product"}],"replies":[{"embeddable":true,"href":"https:\/\/www.hydraulic-cylinders.net\/cs\/wp-json\/wp\/v2\/comments?post=16396"}],"wp:featuredmedia":[{"embeddable":true,"href":"https:\/\/www.hydraulic-cylinders.net\/cs\/wp-json\/wp\/v2\/media\/14783"}],"wp:attachment":[{"href":"https:\/\/www.hydraulic-cylinders.net\/cs\/wp-json\/wp\/v2\/media?parent=16396"}],"wp:term":[{"taxonomy":"product_brand","embeddable":true,"href":"https:\/\/www.hydraulic-cylinders.net\/cs\/wp-json\/wp\/v2\/product_brand?post=16396"},{"taxonomy":"product_cat","embeddable":true,"href":"https:\/\/www.hydraulic-cylinders.net\/cs\/wp-json\/wp\/v2\/product_cat?post=16396"},{"taxonomy":"product_tag","embeddable":true,"href":"https:\/\/www.hydraulic-cylinders.net\/cs\/wp-json\/wp\/v2\/product_tag?post=16396"}],"curies":[{"name":"wp","href":"https:\/\/api.w.org\/{rel}","templated":true}]}}