{"id":16398,"date":"2025-01-20T09:12:19","date_gmt":"2025-01-20T09:12:19","guid":{"rendered":"https:\/\/www.hydraulic-cylinders.net\/product\/arm-cylinderfor-xcmg-middle-excavator-xe225ca\/"},"modified":"2025-01-20T09:12:21","modified_gmt":"2025-01-20T09:12:21","slug":"arm-cylinderfor-xcmg-middle-excavator-xe225ca","status":"publish","type":"product","link":"https:\/\/www.hydraulic-cylinders.net\/cs\/produkt\/arm-cylinderfor-xcmg-middle-excavator-xe225ca\/","title":{"rendered":"V\u00e1lec ramene pro st\u0159edn\u00ed bagr XCMG XE225CA"},"content":{"rendered":"<h1>V\u00e1lec ramene pro st\u0159edn\u00ed bagr XCMG XE225CA<\/h1>\n<h2>Definice produktu<\/h2>\n<p>V\u00e1lec ramene je speci\u00e1ln\u011b navr\u017een\u00fd hydraulick\u00fd v\u00e1lec, kter\u00fd zaji\u0161\u0165uje line\u00e1rn\u00ed pohyb a s\u00edlu ramene r\u016fzn\u00fdch stroj\u016f, jako jsou bagry, je\u0159\u00e1by a mechanick\u00e1 ramena. Hraje kl\u00ed\u010dovou roli v hydraulick\u00fdch syst\u00e9mech, proto\u017ee umo\u017e\u0148uje efektivn\u00ed pohyb a ovl\u00e1d\u00e1n\u00ed p\u0159\u00edslu\u0161enstv\u00ed nebo p\u0159\u00eddavn\u00fdch za\u0159\u00edzen\u00ed. Tyto v\u00e1lce nejen umo\u017e\u0148uj\u00ed plynul\u00fd pohyb, ale tak\u00e9 odol\u00e1vaj\u00ed t\u011b\u017ek\u00fdm z\u00e1t\u011b\u017e\u00edm, \u010d\u00edm\u017e zaji\u0161\u0165uj\u00ed efektivn\u00ed provoz a spolehlivost stroj\u016f za r\u016fzn\u00fdch pracovn\u00edch podm\u00ednek.<\/p>\n<p><img decoding=\"async\" src=\"https:\/\/www.hydraulic-cylinders.net\/wp-content\/uploads\/2025\/01\/songte-company-2.webp\"><\/p>\n<h2>Vlastnosti produktu<\/h2>\n<ul>\n<li>Vysoce \u00fa\u010dinn\u00fd p\u0159evod: V\u00e1lec ramene poskytuje siln\u00fd line\u00e1rn\u00ed pohyb a s\u00edlu, co\u017e zaji\u0161\u0165uje vysok\u00fd v\u00fdkon mechanick\u00e9ho ramene v r\u016fzn\u00fdch operac\u00edch.<\/li>\n<li>P\u0159esn\u00e9 ovl\u00e1d\u00e1n\u00ed: D\u00edky hydraulick\u00e9mu syst\u00e9mu umo\u017e\u0148uje v\u00e1lec ramene p\u0159esn\u00e9 ovl\u00e1d\u00e1n\u00ed pohybu, \u010d\u00edm\u017e je ovl\u00e1d\u00e1n\u00ed p\u0159ipojen\u00e9ho n\u00e1\u0159ad\u00ed flexibiln\u011bj\u0161\u00ed a p\u0159esn\u011bj\u0161\u00ed.<\/li>\n<li>Vysok\u00e1 odolnost: V\u00e1lce ramen jsou obvykle vyrobeny z vysoce pevn\u00fdch materi\u00e1l\u016f, kter\u00e9 nab\u00edzej\u00ed vynikaj\u00edc\u00ed odolnost proti opot\u0159eben\u00ed a korozi, d\u00edky \u010demu\u017e jsou vhodn\u00e9 pro dlouhodob\u00e9 pou\u017e\u00edv\u00e1n\u00ed v n\u00e1ro\u010dn\u00fdch podm\u00ednk\u00e1ch.<\/li>\n<li>Multifunk\u010dn\u00ed p\u0159izp\u016fsobivost: Tyto v\u00e1lce lze \u0161iroce pou\u017e\u00edvat v r\u016fzn\u00fdch strojn\u00edch za\u0159\u00edzen\u00edch, jako jsou bagry, je\u0159\u00e1by a mechanick\u00e1 ramena, a p\u0159izp\u016fsobit se tak r\u016fzn\u00fdm po\u017eadavk\u016fm na pr\u00e1ci.<\/li>\n<li>Snadn\u00e1 \u00fadr\u017eba: V\u00e1lce jsou navr\u017eeny pro snadnou \u00fadr\u017ebu a v\u00fdm\u011bnu a umo\u017e\u0148uj\u00ed pohodln\u00e9 pravideln\u00e9 kontroly a \u00fadr\u017ebu, \u010d\u00edm\u017e se zkracuj\u00ed prostoje za\u0159\u00edzen\u00ed.<\/li>\n<\/ul>\n<p><img decoding=\"async\" src=\"https:\/\/www.hydraulic-cylinders.net\/wp-content\/uploads\/2025\/01\/songte-oil-pipes-and-spare-parts.webp\"><\/p>\n<h2>Aplikace<\/h2>\n<p>V\u00e1lce ramen nach\u00e1zej\u00ed uplatn\u011bn\u00ed v r\u016fzn\u00fdch pr\u016fmyslov\u00fdch odv\u011btv\u00edch:<\/p>\n<ul>\n<li>Stavebn\u00ed in\u017een\u00fdrstv\u00ed: U bagr\u016f a je\u0159\u00e1b\u016f ovl\u00e1daj\u00ed v\u00e1lce ramen pohyb l\u017e\u00edce nebo v\u00fdlo\u017en\u00edku pro zemn\u00ed pr\u00e1ce, manipulaci s materi\u00e1lem a instalaci konstrukc\u00ed.<\/li>\n<li>Zpracovatelsk\u00fd pr\u016fmysl: V automatizovan\u00fdch v\u00fdrobn\u00edch link\u00e1ch usnad\u0148uj\u00ed v\u00e1lce ramen pohyb mechanick\u00fdch ramen pro mont\u00e1\u017e, sva\u0159ov\u00e1n\u00ed a manipulaci s materi\u00e1lem, \u010d\u00edm\u017e zvy\u0161uj\u00ed efektivitu a p\u0159esnost v\u00fdroby.<\/li>\n<li>Zem\u011bd\u011blsk\u00e9 stroje: V zem\u011bd\u011blsk\u00fdch stroj\u00edch, jako jsou skl\u00edzec\u00ed a sec\u00ed stroje, ovl\u00e1daj\u00ed v\u00e1lce ramen pohyb ovl\u00e1dac\u00edch ramen pro \u00fakoly, jako je set\u00ed, hnojen\u00ed a sklize\u0148.<\/li>\n<li>T\u011b\u017eba: V t\u011b\u017eebn\u00edch za\u0159\u00edzen\u00edch ovl\u00e1daj\u00ed v\u00e1lce ramen pohyb ramen t\u011b\u017eebn\u00edch stroj\u016f pro t\u011b\u017ebu a p\u0159epravu rudy.<\/li>\n<li>Logistika a doprava: U vysokozdvi\u017en\u00fdch voz\u00edk\u016f a manipula\u010dn\u00edch robot\u016f ovl\u00e1daj\u00ed v\u00e1lce ramen zved\u00e1n\u00ed a pohyb vidlic, co\u017e umo\u017e\u0148uje manipulaci s materi\u00e1lem a jeho stohov\u00e1n\u00ed.<\/li>\n<\/ul>\n<h2>Konstruk\u010dn\u00ed aspekty a krit\u00e9ria v\u00fdb\u011bru<\/h2>\n<p>Pokud jde o konstruk\u010dn\u00ed aspekty a krit\u00e9ria v\u00fdb\u011bru pro v\u00e1lce s ramenem, je t\u0159eba vz\u00edt v \u00favahu n\u011bkolik kl\u00ed\u010dov\u00fdch faktor\u016f:<\/p>\n<ul>\n<li>Nosnost: V\u00e1lec ramene by m\u011bl b\u00fdt navr\u017een tak, aby vydr\u017eel stanovenou nosnost, aby byl zaji\u0161t\u011bn bezpe\u010dn\u00fd a spolehliv\u00fd provoz.<\/li>\n<li>T\u011bsnic\u00ed schopnost: Pro zaji\u0161t\u011bn\u00ed \u00fa\u010dinn\u00e9ho ut\u011bsn\u011bn\u00ed by m\u011bly b\u00fdt zvoleny r\u016fzn\u00e9 t\u011bsnic\u00ed prvky, jako jsou t\u011bsn\u011bn\u00ed p\u00edst\u016f a p\u00edstnic, vyroben\u00e9 z materi\u00e1l\u016f odoln\u00fdch proti opot\u0159eben\u00ed, jako je polyuretan a nitrilov\u00e1 pry\u017e.<\/li>\n<li>Trvanlivost: T\u011bleso v\u00e1lce a z\u00e1vitov\u00e9 koncov\u00e9 plochy by m\u011bly b\u00fdt precizn\u011b o\u0161et\u0159eny, aby se zv\u00fd\u0161ila odolnost proti opot\u0159eben\u00ed a prodlou\u017eila \u017eivotnost.<\/li>\n<li>Bezpe\u010dnost: Konstruk\u010dn\u00ed prvky by m\u011bly up\u0159ednost\u0148ovat bezpe\u010dnost s ohledem na faktory, jako jsou p\u0159etlakov\u00e9 ventily a bezpe\u010dnostn\u00ed z\u00e1mky, aby se zabr\u00e1nilo nehod\u00e1m.<\/li>\n<li>\u00dadr\u017eba: V\u00e1lce ramen by m\u011bly b\u00fdt navr\u017eeny pro snadnou \u00fadr\u017ebu a opravy, co\u017e by umo\u017e\u0148ovalo rychl\u00e9 kontroly a v\u00fdm\u011bnu sou\u010d\u00e1st\u00ed.<\/li>\n<\/ul>\n<p><img decoding=\"async\" src=\"https:\/\/www.hydraulic-cylinders.net\/wp-content\/uploads\/2025\/01\/songte-cylinder-head-with-all-kinds-excavator-models.webp\"><\/p>\n<h2>T\u011bsn\u011bn\u00ed a maz\u00e1n\u00ed<\/h2>\n<p>V\u00e1lce ramen vyu\u017e\u00edvaj\u00ed r\u016fzn\u00e9 t\u011bsnic\u00ed komponenty, jako jsou t\u011bsn\u011bn\u00ed p\u00edst\u016f a p\u00edstnic, vyroben\u00e9 z materi\u00e1l\u016f odoln\u00fdch proti opot\u0159eben\u00ed, jako je polyuretan a nitrilov\u00e1 pry\u017e. T\u011bleso v\u00e1lce a z\u00e1vitov\u00e9 koncov\u00e9 plochy jsou jemn\u011b o\u0161et\u0159eny pro zv\u00fd\u0161en\u00ed odolnosti proti opot\u0159eben\u00ed. Pro zaji\u0161t\u011bn\u00ed hladk\u00e9ho provozu je nezbytn\u00e9 pravideln\u00e9 maz\u00e1n\u00ed vhodn\u00fdm mno\u017estv\u00edm hydraulick\u00e9ho oleje.<\/p>\n<h2>Pravideln\u00e1 kontrola a preventivn\u00ed \u00fadr\u017eba<\/h2>\n<p>Pravideln\u00e1 kontrola je nezbytn\u00e1 pro zaji\u0161t\u011bn\u00ed optim\u00e1ln\u00edho v\u00fdkonu a dlouh\u00e9 \u017eivotnosti v\u00e1lc\u016f ramen. Mezi preventivn\u00ed opat\u0159en\u00ed \u00fadr\u017eby pat\u0159\u00ed:<\/p>\n<ul>\n<li>Kontrola \u00faniku oleje a zaji\u0161t\u011bn\u00ed spr\u00e1vn\u00e9ho ut\u011bsn\u011bn\u00ed.<\/li>\n<li>Kontrola t\u011blesa v\u00e1lce a koncov\u00fdch povrch\u016f, zda nevykazuj\u00ed zn\u00e1mky opot\u0159eben\u00ed nebo po\u0161kozen\u00ed.<\/li>\n<li>Ov\u011b\u0159en\u00ed funk\u010dnosti pojistn\u00fdch ventil\u016f a z\u00e1mk\u016f.<\/li>\n<li>Sledov\u00e1n\u00ed a udr\u017eov\u00e1n\u00ed spr\u00e1vn\u00e9 hladiny a kvality hydraulick\u00e9ho oleje.<\/li>\n<li>Dodr\u017eov\u00e1n\u00ed pokyn\u016f v\u00fdrobce ohledn\u011b interval\u016f a postup\u016f \u00fadr\u017eby.<\/li>\n<\/ul>\n<h2>Pr\u016fvodce instalac\u00ed produktu<\/h2>\n<p>Spr\u00e1vn\u00e1 instalace v\u00e1lce ramene je kl\u00ed\u010dov\u00e1 pro jeho v\u00fdkon a bezpe\u010dnost. Zde je n\u011bkolik d\u016fle\u017eit\u00fdch krok\u016f instalace:<\/p>\n<ul>\n<li>Ujist\u011bte se, \u017ee v\u0161echny sou\u010d\u00e1sti jsou \u010dist\u00e9 a bez jak\u00fdchkoli ne\u010distot nebo kontaminant\u016f.<\/li>\n<li>Pro spr\u00e1vn\u00e9 um\u00edst\u011bn\u00ed a vyrovn\u00e1n\u00ed v\u00e1lce dodr\u017eujte pokyny v\u00fdrobce.<\/li>\n<li>Bezpe\u010dn\u011b upevn\u011bte v\u0161echna spojen\u00ed, jako jsou \u0161rouby a hydraulick\u00e9 hadice.<\/li>\n<li>Spr\u00e1vn\u011b se\u0159i\u010fte zdvih v\u00e1lce a koncov\u00e9 sp\u00edna\u010de, pokud jsou k dispozici.<\/li>\n<li>P\u0159ed uveden\u00edm stroje do provozu prove\u010fte komplexn\u00ed funk\u010dn\u00ed zkou\u0161ku.<\/li>\n<\/ul>\n<p><img decoding=\"async\" src=\"https:\/\/www.hydraulic-cylinders.net\/wp-content\/uploads\/2025\/01\/songte-bushings-with-all-kinds-of-excavator-models.webp\"><\/p>\n<h2>Bezpe\u010dnostn\u00ed aspekty a faktory prost\u0159ed\u00ed<\/h2>\n<p>P\u0159i pou\u017e\u00edv\u00e1n\u00ed v\u00e1lc\u016f ramen jsou bezpe\u010dnostn\u00ed opat\u0159en\u00ed nanejv\u00fd\u0161 d\u016fle\u017eit\u00e1. Pro prevenci nehod a zaji\u0161t\u011bn\u00ed pohody person\u00e1lu je nezbytn\u00e9 \u0159\u00e1dn\u00e9 \u0161kolen\u00ed a dodr\u017eov\u00e1n\u00ed bezpe\u010dnostn\u00edch protokol\u016f. Zohledn\u011bn\u00ed faktor\u016f prost\u0159ed\u00ed, jako je spr\u00e1vn\u00e1 likvidace hydraulick\u00e9ho oleje a dodr\u017eov\u00e1n\u00ed p\u0159edpis\u016f, nav\u00edc pom\u00e1h\u00e1 minimalizovat dopad na \u017eivotn\u00ed prost\u0159ed\u00ed.<\/p>\n<h2>Diagnostika z\u00e1vad a b\u011b\u017en\u00e9 probl\u00e9my<\/h2>\n<p>Mezi b\u011b\u017en\u00e9 probl\u00e9my, kter\u00e9 se mohou vyskytnout u v\u00e1lc\u016f ramen, pat\u0159\u00ed \u00fanik oleje, nedostate\u010dn\u00fd nebo nerovnom\u011brn\u00fd pohyb a abnorm\u00e1ln\u00ed zvuky. Tyto z\u00e1vady lze diagnostikovat pozorov\u00e1n\u00edm p\u0159\u00edznak\u016f a proveden\u00edm d\u016fkladn\u00fdch kontrol. Rychl\u00e9 odstra\u0148ov\u00e1n\u00ed probl\u00e9m\u016f a techniky jejich \u0159e\u0161en\u00ed mohou pomoci tyto probl\u00e9my efektivn\u011b \u0159e\u0161it. Zaveden\u00ed preventivn\u00edch opat\u0159en\u00ed m\u016f\u017ee d\u00e1le sn\u00ed\u017eit potenci\u00e1ln\u00ed probl\u00e9my.<\/p>\n<p><img decoding=\"async\" src=\"https:\/\/www.hydraulic-cylinders.net\/wp-content\/uploads\/2025\/01\/songte-chushion-collar.webp\"><\/p>\n<p>Autor: lyl<\/p>\n<h2>O na\u0161\u00ed spole\u010dnosti<\/h2>\n<p>Jsme profesion\u00e1ln\u00ed v\u00fdrobce n\u00e1hradn\u00edch hydraulick\u00fdch v\u00e1lc\u016f a nab\u00edz\u00edme \u0161irokou \u0161k\u00e1lu produkt\u016f. Stali jsme se jedn\u00edm z p\u0159edn\u00edch v\u00fdrobc\u016f a velkoobchodn\u00edch distributor\u016f hydraulick\u00fdch v\u00e1lc\u016f na dom\u00e1c\u00edm i mezin\u00e1rodn\u00edm trhu. \u0158\u00edd\u00edme se z\u00e1sadou vynikaj\u00edc\u00ed kvality a neust\u00e1le zlep\u0161ujeme na\u0161e technologick\u00e9 znalosti a efektivitu v\u00fdroby. D\u00edky nejmodern\u011bj\u0161\u00edmu digit\u00e1ln\u00edmu v\u00fdrobn\u00edmu za\u0159\u00edzen\u00ed a profesion\u00e1ln\u00edm testovac\u00edm syst\u00e9m\u016fm optimalizujeme na\u0161i v\u00fdrobn\u00ed platformu, vylep\u0161ujeme procesy kontroly kvality v\u00fdrobk\u016f a prokazujeme siln\u00e9 inova\u010dn\u00ed schopnosti. Na\u0161\u00edm c\u00edlem je uspokojovat rozmanit\u00e9 pot\u0159eby z\u00e1kazn\u00edk\u016f s vysokou \u00fa\u010dinnost\u00ed, p\u0159esnost\u00ed a vysoce kvalitn\u00edmi produkty.<\/p>\n<p><img decoding=\"async\" src=\"https:\/\/www.hydraulic-cylinders.net\/wp-content\/uploads\/2025\/01\/songte-company-4.webp\"><br \/>\n<img decoding=\"async\" src=\"https:\/\/www.hydraulic-cylinders.net\/wp-content\/uploads\/2025\/01\/songte-company-3.webp\"><\/p>","protected":false},"excerpt":{"rendered":"<p>Arm Cylinder For XCMG Middle Excavator XE225CA Product Definition The arm cylinder is a specially designed hydraulic cylinder that provides linear motion and power to the arm of various machinery, such as excavators, cranes, and mechanical arms. It plays a crucial role in hydraulic systems, allowing for efficient movement and control of attachments or accessories. [&hellip;]<\/p>","protected":false},"featured_media":14777,"comment_status":"open","ping_status":"closed","template":"","meta":{"_et_pb_use_builder":"","_et_pb_old_content":"","_et_gb_content_width":""},"product_brand":[],"product_cat":[1497],"product_tag":[1498,1496],"class_list":{"0":"post-16398","1":"product","2":"type-product","3":"status-publish","4":"has-post-thumbnail","6":"product_cat-arm-cylinders","7":"product_tag-arm-cylinders","8":"product_tag-hydraulic-cylinders","10":"first","11":"instock","12":"shipping-taxable","13":"product-type-simple"},"amp_enabled":true,"_links":{"self":[{"href":"https:\/\/www.hydraulic-cylinders.net\/cs\/wp-json\/wp\/v2\/product\/16398","targetHints":{"allow":["GET"]}}],"collection":[{"href":"https:\/\/www.hydraulic-cylinders.net\/cs\/wp-json\/wp\/v2\/product"}],"about":[{"href":"https:\/\/www.hydraulic-cylinders.net\/cs\/wp-json\/wp\/v2\/types\/product"}],"replies":[{"embeddable":true,"href":"https:\/\/www.hydraulic-cylinders.net\/cs\/wp-json\/wp\/v2\/comments?post=16398"}],"wp:featuredmedia":[{"embeddable":true,"href":"https:\/\/www.hydraulic-cylinders.net\/cs\/wp-json\/wp\/v2\/media\/14777"}],"wp:attachment":[{"href":"https:\/\/www.hydraulic-cylinders.net\/cs\/wp-json\/wp\/v2\/media?parent=16398"}],"wp:term":[{"taxonomy":"product_brand","embeddable":true,"href":"https:\/\/www.hydraulic-cylinders.net\/cs\/wp-json\/wp\/v2\/product_brand?post=16398"},{"taxonomy":"product_cat","embeddable":true,"href":"https:\/\/www.hydraulic-cylinders.net\/cs\/wp-json\/wp\/v2\/product_cat?post=16398"},{"taxonomy":"product_tag","embeddable":true,"href":"https:\/\/www.hydraulic-cylinders.net\/cs\/wp-json\/wp\/v2\/product_tag?post=16398"}],"curies":[{"name":"wp","href":"https:\/\/api.w.org\/{rel}","templated":true}]}}