{"id":16399,"date":"2025-01-20T09:12:23","date_gmt":"2025-01-20T09:12:23","guid":{"rendered":"https:\/\/www.hydraulic-cylinders.net\/product\/arm-cylinderfor-xcmg-middle-excavator-xe240\/"},"modified":"2025-01-20T09:12:25","modified_gmt":"2025-01-20T09:12:25","slug":"arm-cylinderfor-xcmg-middle-excavator-xe240","status":"publish","type":"product","link":"https:\/\/www.hydraulic-cylinders.net\/cs\/produkt\/arm-cylinderfor-xcmg-middle-excavator-xe240\/","title":{"rendered":"V\u00e1lec ramene pro st\u0159edn\u00ed bagr XCMG XE240"},"content":{"rendered":"<h1>V\u00e1lec ramene pro st\u0159edn\u00ed bagr XCMG XE240<\/h1>\n<h2>Zaveden\u00ed<\/h2>\n<p>Hydraulick\u00fd v\u00e1lec ramene je specializovan\u00fd hydraulick\u00fd v\u00e1lec ur\u010den\u00fd k zaji\u0161t\u011bn\u00ed line\u00e1rn\u00edho pohybu a v\u00fdkonu ramene r\u016fzn\u00fdch stroj\u016f, jako jsou bagry, je\u0159\u00e1by a mechanick\u00e1 ramena. Hraje kl\u00ed\u010dovou roli v hydraulick\u00fdch syst\u00e9mech, proto\u017ee umo\u017e\u0148uje efektivn\u00ed pohyb a ovl\u00e1d\u00e1n\u00ed p\u0159\u00eddavn\u00e9ho n\u00e1\u0159ad\u00ed nebo p\u0159\u00edslu\u0161enstv\u00ed. Tyto v\u00e1lce nejen umo\u017e\u0148uj\u00ed plynul\u00fd pohyb, ale tak\u00e9 odol\u00e1vaj\u00ed t\u011b\u017ek\u00fdm z\u00e1t\u011b\u017e\u00edm, \u010d\u00edm\u017e zaji\u0161\u0165uj\u00ed efektivn\u00ed provoz a spolehlivost stroj\u016f v r\u016fzn\u00fdch pracovn\u00edch podm\u00ednk\u00e1ch.<\/p>\n<p><img decoding=\"async\" src=\"https:\/\/www.hydraulic-cylinders.net\/wp-content\/uploads\/2025\/01\/songte-company-2.webp\"><\/p>\n<h2>Funkce<\/h2>\n<ul>\n<li><strong>Vysoce \u00fa\u010dinn\u00fd p\u0159enos:<\/strong> V\u00e1lec ramene poskytuje siln\u00fd line\u00e1rn\u00ed pohyb a s\u00edlu, co\u017e zaji\u0161\u0165uje vysok\u00fd v\u00fdkon mechanick\u00e9ho ramene v r\u016fzn\u00fdch operac\u00edch.<\/li>\n<li><strong>P\u0159esn\u00e9 ovl\u00e1d\u00e1n\u00ed:<\/strong> D\u00edky hydraulick\u00e9mu syst\u00e9mu umo\u017e\u0148uje v\u00e1lec ramene p\u0159esn\u00e9 ovl\u00e1d\u00e1n\u00ed pohybu, \u010d\u00edm\u017e je ovl\u00e1d\u00e1n\u00ed p\u0159ipojen\u00e9ho n\u00e1\u0159ad\u00ed flexibiln\u011bj\u0161\u00ed a p\u0159esn\u011bj\u0161\u00ed.<\/li>\n<li><strong>Trvanlivost:<\/strong> V\u00e1lec ramene je obvykle vyroben z vysoce pevn\u00fdch materi\u00e1l\u016f, kter\u00e9 nab\u00edzej\u00ed vynikaj\u00edc\u00ed odolnost proti opot\u0159eben\u00ed a korozi, tak\u017ee je vhodn\u00fd pro dlouhodob\u00e9 pou\u017e\u00edv\u00e1n\u00ed v n\u00e1ro\u010dn\u00fdch podm\u00ednk\u00e1ch.<\/li>\n<li><strong>Multifunk\u010dn\u00ed p\u0159izp\u016fsobivost:<\/strong> Tyto v\u00e1lce lze \u0161iroce pou\u017e\u00edt v r\u016fzn\u00fdch strojn\u00edch za\u0159\u00edzen\u00edch, jako jsou bagry, je\u0159\u00e1by a mechanick\u00e1 ramena, a p\u0159izp\u016fsobit se tak r\u016fzn\u00fdm pracovn\u00edm po\u017eadavk\u016fm.<\/li>\n<li><strong>Snadn\u00e1 \u00fadr\u017eba:<\/strong> Konstrukce v\u00e1lce ramene bere v \u00favahu snadnou \u00fadr\u017ebu a v\u00fdm\u011bnu, co\u017e usnad\u0148uje pravideln\u00e9 kontroly a \u00fadr\u017ebu a zkracuje prostoje za\u0159\u00edzen\u00ed.<\/li>\n<\/ul>\n<p><img decoding=\"async\" src=\"https:\/\/www.hydraulic-cylinders.net\/wp-content\/uploads\/2025\/01\/songte-oil-pipes-and-spare-parts.webp\"><\/p>\n<h2>Aplikace<\/h2>\n<p>Rameno v\u00e1lce nach\u00e1z\u00ed uplatn\u011bn\u00ed v r\u016fzn\u00fdch odv\u011btv\u00edch:<\/p>\n<ul>\n<li><strong>Stavebn\u00ed in\u017een\u00fdrstv\u00ed:<\/strong> U bagr\u016f a je\u0159\u00e1b\u016f ovl\u00e1d\u00e1 v\u00e1lec ramene pohyb l\u017e\u00edce nebo v\u00fdlo\u017en\u00edku, co\u017e umo\u017e\u0148uje zemn\u00ed pr\u00e1ce, manipulaci s materi\u00e1lem a mont\u00e1\u017e konstrukc\u00ed.<\/li>\n<li><strong>V\u00fdrobn\u00ed:<\/strong> V automatizovan\u00fdch v\u00fdrobn\u00edch link\u00e1ch se v\u00e1lec ramene pou\u017e\u00edv\u00e1 k pohybu mechanick\u00fdch ramen, co\u017e usnad\u0148uje mont\u00e1\u017en\u00ed, sva\u0159ovac\u00ed a manipula\u010dn\u00ed procesy, a t\u00edm zlep\u0161uje efektivitu a p\u0159esnost v\u00fdroby.<\/li>\n<li><strong>Zem\u011bd\u011blsk\u00e9 stroje:<\/strong> V zem\u011bd\u011blsk\u00fdch stroj\u00edch, jako jsou skl\u00edzec\u00ed a sec\u00ed stroje, \u0159\u00edd\u00ed v\u00e1lec ramene pohyb ovl\u00e1dac\u00edho ramene a prov\u00e1d\u00ed \u00fakoly, jako je set\u00ed, hnojen\u00ed a sklize\u0148.<\/li>\n<li><strong>Hornictv\u00ed:<\/strong> V t\u011b\u017eebn\u00edm za\u0159\u00edzen\u00ed je v\u00e1lec ramene zodpov\u011bdn\u00fd za \u0159\u00edzen\u00ed pohybu ramene t\u011b\u017eebn\u00edch stroj\u016f, co\u017e usnad\u0148uje t\u011b\u017ebu a p\u0159epravu rudy.<\/li>\n<li><strong>Logistika a doprava:<\/strong> U vysokozdvi\u017en\u00fdch voz\u00edk\u016f a manipula\u010dn\u00edch robot\u016f \u0159\u00edd\u00ed v\u00e1lec ramene zved\u00e1n\u00ed a pohyb vidlic, co\u017e umo\u017e\u0148uje manipulaci s materi\u00e1lem a jeho stohov\u00e1n\u00ed.<\/li>\n<\/ul>\n<h2>Konstruk\u010dn\u00ed aspekty a krit\u00e9ria v\u00fdb\u011bru<\/h2>\n<p>Pokud jde o konstrukci v\u00e1lce s ramenem, je kl\u00ed\u010dov\u00fdch n\u011bkolik faktor\u016f a krit\u00e9ri\u00ed v\u00fdb\u011bru:<\/p>\n<ul>\n<li><strong>Nosnost:<\/strong> V\u00e1lec ramene by m\u011bl b\u00fdt navr\u017een tak, aby odolal o\u010dek\u00e1van\u00e9mu zat\u00ed\u017een\u00ed a sil\u00e1m, kter\u00fdm bude vystaven b\u011bhem jeho pou\u017eit\u00ed.<\/li>\n<li><strong>T\u011bsn\u011bn\u00ed:<\/strong> Pro zaji\u0161t\u011bn\u00ed \u00fa\u010dinn\u00e9ho ut\u011bsn\u011bn\u00ed se pou\u017e\u00edvaj\u00ed r\u016fzn\u00e9 t\u011bsnic\u00ed prvky, jako jsou t\u011bsn\u011bn\u00ed p\u00edst\u016f a p\u00edstnic. Tato t\u011bsn\u011bn\u00ed jsou vyrobena z materi\u00e1l\u016f odoln\u00fdch proti opot\u0159eben\u00ed, jako je polyuretan a nitrilov\u00e1 pry\u017e.<\/li>\n<li><strong>Trvanlivost:<\/strong> T\u011blo a z\u00e1vitov\u00e9 konce v\u00e1lce ramene proch\u00e1zej\u00ed pe\u010dliv\u00fdm zpracov\u00e1n\u00edm pro zv\u00fd\u0161en\u00ed odolnosti proti opot\u0159eben\u00ed a zaji\u0161t\u011bn\u00ed dlouh\u00e9 \u017eivotnosti.<\/li>\n<li><strong>Bezpe\u010dnost:<\/strong> B\u011bhem procesu n\u00e1vrhu se zohled\u0148uj\u00ed bezpe\u010dnostn\u00ed aspekty, aby se p\u0159ede\u0161lo potenci\u00e1ln\u00edm nebezpe\u010d\u00edm a zajistila se pohoda obsluhy.<\/li>\n<li><strong>\u00dadr\u017eba:<\/strong> V\u00e1lec ramene je navr\u017een pro snadnou \u00fadr\u017ebu a v\u00fdm\u011bnu, co\u017e usnad\u0148uje pravideln\u00e9 kontroly a zkracuje dobu \u00fadr\u017eby.<\/li>\n<\/ul>\n<p><img decoding=\"async\" src=\"https:\/\/www.hydraulic-cylinders.net\/wp-content\/uploads\/2025\/01\/songte-cylinder-head-with-all-kinds-excavator-models.webp\"><\/p>\n<h2>T\u011bsn\u011bn\u00ed a maz\u00e1n\u00ed<\/h2>\n<p>V\u00e1lec ramene obsahuje r\u016fzn\u00e9 t\u011bsnic\u00ed komponenty, jako jsou t\u011bsn\u011bn\u00ed p\u00edst\u016f a p\u00edstnic, kter\u00e9 jsou vyrobeny z odoln\u00fdch materi\u00e1l\u016f, jako je polyuretan a nitrilov\u00e1 pry\u017e. T\u011bleso v\u00e1lce a z\u00e1vitov\u00e9 konce jsou jemn\u011b opracov\u00e1ny pro zlep\u0161en\u00ed odolnosti proti opot\u0159eben\u00ed. Pro zaji\u0161t\u011bn\u00ed hladk\u00e9ho provozu je nezbytn\u00e9 pravideln\u00e9 maz\u00e1n\u00ed vhodn\u00fdm mno\u017estv\u00edm hydraulick\u00e9ho oleje.<\/p>\n<h2>Pravideln\u00e1 kontrola a preventivn\u00ed \u00fadr\u017eba<\/h2>\n<p>Pravideln\u00e9 kontroly a preventivn\u00ed \u00fadr\u017eba jsou nezbytn\u00e9 pro optim\u00e1ln\u00ed v\u00fdkon a dlouhou \u017eivotnost v\u00e1lce ramene:<\/p>\n<ul>\n<li>Zkontrolujte t\u011bsn\u011bn\u00ed, zda nevykazuj\u00ed zn\u00e1mky opot\u0159eben\u00ed nebo po\u0161kozen\u00ed, a v p\u0159\u00edpad\u011b pot\u0159eby je vym\u011b\u0148te.<\/li>\n<li>Zkontrolujte p\u0159\u00edpadn\u00e9 \u00faniky a neprodlen\u011b je odstra\u0148te.<\/li>\n<li>Sledujte stav t\u011blesa v\u00e1lce a z\u00e1vitov\u00fdch konc\u016f a v p\u0159\u00edpad\u011b pot\u0159eby je opravte nebo vym\u011b\u0148te.<\/li>\n<li>Zajist\u011bte spr\u00e1vn\u00e9 maz\u00e1n\u00ed pravideln\u00fdm dopl\u0148ov\u00e1n\u00edm doporu\u010den\u00e9ho mno\u017estv\u00ed hydraulick\u00e9ho oleje.<\/li>\n<\/ul>\n<h2>Pr\u016fvodce instalac\u00ed produktu<\/h2>\n<p>Pro spr\u00e1vnou instalaci v\u00e1lce ramene postupujte podle t\u011bchto krok\u016f:<\/p>\n<ol>\n<li>Ujist\u011bte se, \u017ee hydraulick\u00fd syst\u00e9m bagru je bez tlaku.<\/li>\n<li>Um\u00edst\u011bte v\u00e1lec ramene na p\u0159\u00edslu\u0161n\u00e9 m\u00edsto a zarovnejte mont\u00e1\u017en\u00ed body.<\/li>\n<li>Bezpe\u010dn\u011b p\u0159ipevn\u011bte v\u00e1lec uta\u017een\u00edm \u0161roub\u016f nebo vrut\u016f.<\/li>\n<li>Zkontrolujte spr\u00e1vn\u00e9 vyrovn\u00e1n\u00ed a plynul\u00fd pohyb v\u00e1lce.<\/li>\n<li>Znovu natlakujte hydraulick\u00fd syst\u00e9m a otestujte funk\u010dnost v\u00e1lce ramene.<\/li>\n<\/ol>\n<p><img decoding=\"async\" src=\"https:\/\/www.hydraulic-cylinders.net\/wp-content\/uploads\/2025\/01\/songte-bushings-with-all-kinds-of-excavator-models.webp\"><\/p>\n<h2>Bezpe\u010dnostn\u00ed aspekty a faktory prost\u0159ed\u00ed<\/h2>\n<p>P\u0159i pou\u017e\u00edv\u00e1n\u00ed v\u00e1lce s ramenem je z\u00e1sadn\u00ed up\u0159ednostnit bezpe\u010dnostn\u00ed opat\u0159en\u00ed, aby se p\u0159ede\u0161lo nehod\u00e1m a zajistilo bezpe\u010dn\u00e9 pracovn\u00ed prost\u0159ed\u00ed. Zaveden\u00ed spr\u00e1vn\u00fdch bezpe\u010dnostn\u00edch protokol\u016f a vybaven\u00ed je nezbytn\u00e9 pro minimalizaci rizik a zaji\u0161t\u011bn\u00ed pohody obsluhy.<\/p>\n<h2>Odstra\u0148ov\u00e1n\u00ed probl\u00e9m\u016f a b\u011b\u017en\u00e9 probl\u00e9my<\/h2>\n<p>Zde jsou n\u011bkter\u00e9 b\u011b\u017en\u00e9 probl\u00e9my a tipy pro odstra\u0148ov\u00e1n\u00ed probl\u00e9m\u016f s v\u00e1lcem ramene:<\/p>\n<ul>\n<li><strong>Probl\u00e9m:<\/strong> Net\u011bsnost kolem v\u00e1lce.<br \/>\n    <br \/><strong>\u0158e\u0161en\u00ed:<\/strong> Zkontrolujte t\u011bsn\u011bn\u00ed a v p\u0159\u00edpad\u011b pot\u0159eby je vym\u011b\u0148te. Zajist\u011bte spr\u00e1vn\u00e9 maz\u00e1n\u00ed a ut\u00e1hn\u011bte v\u0161echna uvoln\u011bn\u00e1 spojen\u00ed.<\/li>\n<li><strong>Probl\u00e9m:<\/strong> Abnorm\u00e1ln\u00ed hluk b\u011bhem provozu v\u00e1lce.<br \/>\n    <br \/><strong>\u0158e\u0161en\u00ed:<\/strong> Zkontrolujte, zda nejsou uvoln\u011bn\u00e9 nebo po\u0161kozen\u00e9 sou\u010d\u00e1sti. V p\u0159\u00edpad\u011b pot\u0159eby opravte nebo vym\u011b\u0148te.<\/li>\n<li><strong>Probl\u00e9m:<\/strong> Pomal\u00fd nebo nerovnom\u011brn\u00fd pohyb v\u00e1lce.<br \/>\n    <br \/><strong>\u0158e\u0161en\u00ed:<\/strong> Zkontrolujte, zda nen\u00ed hydraulick\u00fd syst\u00e9m dostate\u010dn\u011b promaz\u00e1n nebo zda v n\u011bm nejsou ucpan\u00e9 \u010d\u00e1sti. Zajist\u011bte \u0159\u00e1dnou \u00fadr\u017ebu a p\u0159\u00edpadn\u00e9 probl\u00e9my neprodlen\u011b \u0159e\u0161te.<\/li>\n<\/ul>\n<p><img decoding=\"async\" src=\"https:\/\/www.hydraulic-cylinders.net\/wp-content\/uploads\/2025\/01\/songte-chushion-collar.webp\"><\/p>\n<p>Nezapome\u0148te \u010dl\u00e1nek uspo\u0159\u00e1dat logicky a pro snadnou navigaci pou\u017eijte podnadpisy. Pro lep\u0161\u00ed pochopen\u00ed za\u0159a\u010fte relevantn\u00ed obr\u00e1zky nebo grafy. Ujist\u011bte se, \u017ee obsah je jasn\u00fd, stru\u010dn\u00fd a vhodn\u00fd pro \u010dten\u00e1\u0159e s r\u016fznou \u00farovn\u00ed technick\u00fdch znalost\u00ed.<\/p>\n<h2>O n\u00e1s<\/h2>\n<p>Jsme profesion\u00e1ln\u00ed v\u00fdrobce n\u00e1hradn\u00edch hydraulick\u00fdch v\u00e1lc\u016f a nab\u00edz\u00edme \u0161irokou \u0161k\u00e1lu produkt\u016f. Stali jsme se jedn\u00edm z p\u0159edn\u00edch v\u00fdrobc\u016f a velkoobchodn\u00edk\u016f s hydraulick\u00fdmi v\u00e1lci na dom\u00e1c\u00edm i mezin\u00e1rodn\u00edm trhu. S d\u016frazem na excelenci se v na\u0161\u00ed sofistikovan\u00e9 v\u00fdrobn\u00ed d\u00edln\u011b spol\u00e9h\u00e1me na strategie \u0159\u00edzen\u00ed pr\u016fmyslov\u00e9 v\u00fdroby, abychom neust\u00e1le zlep\u0161ovali na\u0161e technick\u00e9 mo\u017enosti a efektivitu v\u00fdroby.<\/p>\n<p>Zaveden\u00edm \u0161pi\u010dkov\u00e9ho digit\u00e1ln\u00edho v\u00fdrobn\u00edho za\u0159\u00edzen\u00ed a profesion\u00e1ln\u00edch testovac\u00edch syst\u00e9m\u016f optimalizujeme na\u0161i v\u00fdrobn\u00ed platformu a vylep\u0161ujeme procesy kontroly kvality na\u0161ich v\u00fdrobk\u016f. Disponujeme siln\u00fdmi inova\u010dn\u00edmi schopnostmi. Na\u0161\u00edm c\u00edlem je uspokojovat rozmanit\u00e9 pot\u0159eby z\u00e1kazn\u00edk\u016f s ohledem na efektivitu, p\u0159esnost a vysokou kvalitu.<\/p>\n<p><img decoding=\"async\" src=\"https:\/\/www.hydraulic-cylinders.net\/wp-content\/uploads\/2025\/01\/songte-company-4.webp\"><br \/>\n<img decoding=\"async\" src=\"https:\/\/www.hydraulic-cylinders.net\/wp-content\/uploads\/2025\/01\/songte-company-3.webp\"><\/p>\n<p>Pro v\u00edce informac\u00ed o na\u0161\u00ed spole\u010dnosti nav\u0161tivte pros\u00edm na\u0161e webov\u00e9 str\u00e1nky. Nab\u00edz\u00edme profesion\u00e1ln\u00ed znalosti, mezin\u00e1rodn\u00ed certifikace, slu\u017eby na m\u00edru, modern\u00ed v\u00fdrobn\u00ed za\u0159\u00edzen\u00ed a komplexn\u00ed poprodejn\u00ed servis.<\/p>\n<p>Autor: lyl<\/p>","protected":false},"excerpt":{"rendered":"<p>Arm Cylinder For XCMG Middle Excavator XE240 Introduction The Arm Cylinder is a specialized hydraulic cylinder designed to provide linear motion and power for the arm of various machinery, such as excavators, cranes, and mechanical arms. It plays a crucial role in hydraulic systems, allowing for the efficient movement and control of additional tools or [&hellip;]<\/p>","protected":false},"featured_media":14774,"comment_status":"open","ping_status":"closed","template":"","meta":{"_et_pb_use_builder":"","_et_pb_old_content":"","_et_gb_content_width":""},"product_brand":[],"product_cat":[1497],"product_tag":[1498,1496],"class_list":{"0":"post-16399","1":"product","2":"type-product","3":"status-publish","4":"has-post-thumbnail","6":"product_cat-arm-cylinders","7":"product_tag-arm-cylinders","8":"product_tag-hydraulic-cylinders","10":"first","11":"instock","12":"shipping-taxable","13":"product-type-simple"},"amp_enabled":true,"_links":{"self":[{"href":"https:\/\/www.hydraulic-cylinders.net\/cs\/wp-json\/wp\/v2\/product\/16399","targetHints":{"allow":["GET"]}}],"collection":[{"href":"https:\/\/www.hydraulic-cylinders.net\/cs\/wp-json\/wp\/v2\/product"}],"about":[{"href":"https:\/\/www.hydraulic-cylinders.net\/cs\/wp-json\/wp\/v2\/types\/product"}],"replies":[{"embeddable":true,"href":"https:\/\/www.hydraulic-cylinders.net\/cs\/wp-json\/wp\/v2\/comments?post=16399"}],"wp:featuredmedia":[{"embeddable":true,"href":"https:\/\/www.hydraulic-cylinders.net\/cs\/wp-json\/wp\/v2\/media\/14774"}],"wp:attachment":[{"href":"https:\/\/www.hydraulic-cylinders.net\/cs\/wp-json\/wp\/v2\/media?parent=16399"}],"wp:term":[{"taxonomy":"product_brand","embeddable":true,"href":"https:\/\/www.hydraulic-cylinders.net\/cs\/wp-json\/wp\/v2\/product_brand?post=16399"},{"taxonomy":"product_cat","embeddable":true,"href":"https:\/\/www.hydraulic-cylinders.net\/cs\/wp-json\/wp\/v2\/product_cat?post=16399"},{"taxonomy":"product_tag","embeddable":true,"href":"https:\/\/www.hydraulic-cylinders.net\/cs\/wp-json\/wp\/v2\/product_tag?post=16399"}],"curies":[{"name":"wp","href":"https:\/\/api.w.org\/{rel}","templated":true}]}}