{"id":16402,"date":"2025-01-20T09:12:41","date_gmt":"2025-01-20T09:12:41","guid":{"rendered":"https:\/\/www.hydraulic-cylinders.net\/product\/arm-cylinderfor-xcmg-middle-excavator-xe215cll\/"},"modified":"2025-01-20T09:12:42","modified_gmt":"2025-01-20T09:12:42","slug":"arm-cylinderfor-xcmg-middle-excavator-xe215cll","status":"publish","type":"product","link":"https:\/\/www.hydraulic-cylinders.net\/cs\/produkt\/arm-cylinderfor-xcmg-middle-excavator-xe215cll\/","title":{"rendered":"V\u00e1lec ramene pro st\u0159edn\u00ed bagr XCMG XE215CLL"},"content":{"rendered":"<h1>V\u00e1lec ramene pro st\u0159edn\u00ed bagr XCMG XE215CLL<\/h1>\n<h2>Definice a vysv\u011btlen\u00ed<\/h2>\n<p>V\u00e1lec ramene je speci\u00e1ln\u011b navr\u017een\u00fd hydraulick\u00fd v\u00e1lec, kter\u00fd poskytuje line\u00e1rn\u00ed pohyb a s\u00edlu rameni r\u016fzn\u00fdch stroj\u016f, jako jsou bagry, je\u0159\u00e1by a manipul\u00e1tory. Hraje kl\u00ed\u010dovou roli v hydraulick\u00fdch syst\u00e9mech, proto\u017ee umo\u017e\u0148uje efektivn\u00ed pohyb a ovl\u00e1d\u00e1n\u00ed dal\u0161\u00edho n\u00e1\u0159ad\u00ed nebo p\u0159\u00edslu\u0161enstv\u00ed. Tyto v\u00e1lce nejen umo\u017e\u0148uj\u00ed plynul\u00fd pohyb, ale tak\u00e9 odol\u00e1vaj\u00ed t\u011b\u017ek\u00fdm z\u00e1t\u011b\u017e\u00edm, \u010d\u00edm\u017e zaji\u0161\u0165uj\u00ed efektivn\u00ed provoz a spolehlivost stroj\u016f v r\u016fzn\u00fdch pracovn\u00edch podm\u00ednk\u00e1ch.<\/p>\n<p><img decoding=\"async\" src=\"https:\/\/www.hydraulic-cylinders.net\/wp-content\/uploads\/2025\/01\/songte-company-2.webp\" alt=\"Obr\u00e1zek v\u00e1lce ramene\"><\/p>\n<h2>Funkce<\/h2>\n<ul>\n<li>Vysoce \u00fa\u010dinn\u00fd p\u0159evod: V\u00e1lec ramene poskytuje siln\u00fd line\u00e1rn\u00ed pohyb a s\u00edlu, co\u017e zaji\u0161\u0165uje vysok\u00fd v\u00fdkon mechanick\u00e9ho ramene v r\u016fzn\u00fdch operac\u00edch.<\/li>\n<li>P\u0159esn\u00e9 ovl\u00e1d\u00e1n\u00ed: D\u00edky hydraulick\u00e9mu syst\u00e9mu umo\u017e\u0148uje v\u00e1lec ramene p\u0159esn\u00e9 ovl\u00e1d\u00e1n\u00ed pohybu, \u010d\u00edm\u017e je ovl\u00e1d\u00e1n\u00ed dal\u0161\u00edch n\u00e1stroj\u016f flexibiln\u011bj\u0161\u00ed a p\u0159esn\u011bj\u0161\u00ed.<\/li>\n<li>Vysok\u00e1 odolnost: V\u00e1lce ramen se obvykle vyr\u00e1b\u011bj\u00ed z vysoce pevn\u00fdch materi\u00e1l\u016f, kter\u00e9 nab\u00edzej\u00ed vynikaj\u00edc\u00ed odolnost proti opot\u0159eben\u00ed a korozi, d\u00edky \u010demu\u017e jsou vhodn\u00e9 pro dlouhodob\u00e9 pou\u017e\u00edv\u00e1n\u00ed v n\u00e1ro\u010dn\u00fdch podm\u00ednk\u00e1ch.<\/li>\n<li>Multifunk\u010dn\u00ed p\u0159izp\u016fsobivost: Tyto v\u00e1lce lze \u0161iroce pou\u017e\u00edt v r\u016fzn\u00fdch typech stroj\u016f, jako jsou bagry, je\u0159\u00e1by a manipul\u00e1tory, aby vyhov\u011bly r\u016fzn\u00fdm po\u017eadavk\u016fm na pr\u00e1ci.<\/li>\n<li>Snadn\u00e1 \u00fadr\u017eba: Konstrukce zohled\u0148uje snadnou \u00fadr\u017ebu a v\u00fdm\u011bnu, co\u017e usnad\u0148uje pravideln\u00e9 kontroly a \u00fadr\u017ebu a zkracuje prostoje za\u0159\u00edzen\u00ed.<\/li>\n<\/ul>\n<p><img decoding=\"async\" src=\"https:\/\/www.hydraulic-cylinders.net\/wp-content\/uploads\/2025\/01\/songte-oil-pipes-and-spare-parts.webp\" alt=\"Obr\u00e1zek produktu\"><\/p>\n<h2>Aplikace<\/h2>\n<ul>\n<li>Stavebn\u00ed in\u017een\u00fdrstv\u00ed: U bagr\u016f a je\u0159\u00e1b\u016f ovl\u00e1d\u00e1 v\u00e1lec ramene pohyb l\u017e\u00edce nebo v\u00fdlo\u017en\u00edku pro zemn\u00ed pr\u00e1ce, manipulaci s materi\u00e1lem a mont\u00e1\u017e konstrukc\u00ed.<\/li>\n<li>Zpracovatelsk\u00fd pr\u016fmysl: V automatizovan\u00fdch v\u00fdrobn\u00edch link\u00e1ch v\u00e1lec ramene usnad\u0148uje pohyb mechanick\u00fdch ramen pro mont\u00e1\u017en\u00ed, sva\u0159ovac\u00ed a manipula\u010dn\u00ed procesy, \u010d\u00edm\u017e zvy\u0161uje efektivitu a p\u0159esnost v\u00fdroby.<\/li>\n<li>Zem\u011bd\u011blsk\u00e9 stroje: U zem\u011bd\u011blsk\u00fdch stroj\u016f, jako jsou skl\u00edzec\u00ed a sec\u00ed stroje, \u0159\u00edd\u00ed v\u00e1lec ramene pohyb ovl\u00e1dac\u00edch ramen pro \u00fakoly, jako je s\u00e1zen\u00ed, hnojen\u00ed a sklize\u0148.<\/li>\n<li>T\u011b\u017eba: V t\u011b\u017eebn\u00edch za\u0159\u00edzen\u00edch \u0159\u00edd\u00ed v\u00e1lec ramene pohyb ramene pro t\u011b\u017ebu a manipulaci s materi\u00e1lem.<\/li>\n<li>Logistika a doprava: U vysokozdvi\u017en\u00fdch voz\u00edk\u016f a manipula\u010dn\u00edch robot\u016f ovl\u00e1d\u00e1 v\u00e1lec ramene zved\u00e1n\u00ed a pohyb vidlic, co\u017e umo\u017e\u0148uje manipulaci s materi\u00e1lem a jeho stohov\u00e1n\u00ed.<\/li>\n<\/ul>\n<h2>Konstruk\u010dn\u00ed aspekty a krit\u00e9ria v\u00fdb\u011bru<\/h2>\n<ul>\n<li>\u00danosnost: V\u00e1lec ramene by m\u011bl b\u00fdt navr\u017een tak, aby vydr\u017eel po\u017eadovanou nosnost pro specifick\u00e9 aplikace.<\/li>\n<li>T\u011bsn\u011bn\u00ed: M\u011bly by se pou\u017e\u00edt r\u016fzn\u00e9 t\u011bsnic\u00ed komponenty, jako jsou t\u011bsn\u011bn\u00ed p\u00edst\u016f a p\u00edstnic. Tato t\u011bsn\u011bn\u00ed jsou vyrobena z materi\u00e1l\u016f odoln\u00fdch proti opot\u0159eben\u00ed, jako je polyuretan a nitrilov\u00e1 pry\u017e.<\/li>\n<li>Trvanlivost: T\u011bleso v\u00e1lce a z\u00e1vitov\u00e9 konce by m\u011bly b\u00fdt jemn\u011b opracov\u00e1ny, aby se zlep\u0161ila odolnost proti opot\u0159eben\u00ed.<\/li>\n<li>Bezpe\u010dnost: Konstrukce by m\u011bla zajistit bezpe\u010dnost v\u00e1lce ramene b\u011bhem provozu s ohledem na faktory, jako je regulace tlaku a mechanismy nouzov\u00e9ho zastaven\u00ed.<\/li>\n<li>\u00dadr\u017eba: Je t\u0159eba zv\u00e1\u017eit snadn\u00fd p\u0159\u00edstup pro pravidelnou kontrolu a \u00fadr\u017ebu, co\u017e sni\u017euje pot\u0159ebu del\u0161\u00edch prostoj\u016f.<\/li>\n<\/ul>\n<p><img decoding=\"async\" src=\"https:\/\/www.hydraulic-cylinders.net\/wp-content\/uploads\/2025\/01\/songte-cylinder-head-with-all-kinds-excavator-models.webp\" alt=\"Obr\u00e1zek produktu\"><\/p>\n<h2>T\u011bsn\u011bn\u00ed a maz\u00e1n\u00ed<\/h2>\n<p>V\u00e1lec ramene vyu\u017e\u00edv\u00e1 r\u016fzn\u00e9 t\u011bsnic\u00ed komponenty, jako jsou t\u011bsn\u011bn\u00ed p\u00edstu a t\u011bsn\u011bn\u00ed p\u00edstnice, kter\u00e9 jsou vyrobeny z materi\u00e1l\u016f odoln\u00fdch proti opot\u0159eben\u00ed, jako je polyuretan a nitrilov\u00e1 pry\u017e. T\u011bleso v\u00e1lce a z\u00e1vitov\u00e9 konce proch\u00e1zej\u00ed jemn\u00fdm opracov\u00e1n\u00edm pro zlep\u0161en\u00ed odolnosti proti opot\u0159eben\u00ed. Pro zaji\u0161t\u011bn\u00ed hladk\u00e9ho chodu je nutn\u00e9 v\u00e1lec pravideln\u011b mazat vhodn\u00fdm mno\u017estv\u00edm hydraulick\u00e9ho oleje.<\/p>\n<h2>Pravideln\u00e1 kontrola a preventivn\u00ed \u00fadr\u017eba<\/h2>\n<ul>\n<li>Zkontrolujte v\u00e1lec ramene, zda nevykazuje zn\u00e1mky net\u011bsnosti, po\u0161kozen\u00ed nebo abnorm\u00e1ln\u00edho hluku.<\/li>\n<li>Pravideln\u011b kontrolujte hladinu a kvalitu hydraulick\u00e9ho oleje.<\/li>\n<li>Zkontrolujte a vy\u010dist\u011bte t\u011bsnic\u00ed sou\u010d\u00e1sti a v p\u0159\u00edpad\u011b pot\u0159eby je nama\u017ete.<\/li>\n<li>Sledujte v\u00fdkon regula\u010dn\u00edch ventil\u016f a tlakom\u011br\u016f.<\/li>\n<li>Dodr\u017eujte doporu\u010den\u00fd pl\u00e1n \u00fadr\u017eby a pokyny v\u00fdrobce.<\/li>\n<\/ul>\n<h2>Pr\u016fvodce instalac\u00ed produktu<\/h2>\n<p>Spr\u00e1vn\u00e1 instalace v\u00e1lce ramene je kl\u00ed\u010dov\u00e1 pro jeho optim\u00e1ln\u00ed v\u00fdkon. Postupujte podle t\u011bchto krok\u016f:<\/p>\n<ol>\n<li>Ujist\u011bte se, \u017ee je bagr nebo stroj vypnut\u00fd a ve\u0161ker\u00fd hydraulick\u00fd tlak je uvoln\u011bn.<\/li>\n<li>Odpojte v\u0161echny hydraulick\u00e9 hadice nebo armatury od star\u00e9ho v\u00e1lce.<\/li>\n<li>Starou l\u00e1hev opatrn\u011b vyjm\u011bte pomoc\u00ed vhodn\u00e9ho n\u00e1\u0159ad\u00ed a podp\u016frn\u00e9ho vybaven\u00ed.<\/li>\n<li>Nainstalujte nov\u00fd v\u00e1lec ramene, zarovnejte mont\u00e1\u017en\u00ed body a ujist\u011bte se, \u017ee spr\u00e1vn\u011b usazen\u00e9.<\/li>\n<li>\u0160rouby bezpe\u010dn\u011b ut\u00e1hn\u011bte, ale nep\u0159etahujte je.<\/li>\n<li>Znovu p\u0159ipojte hydraulick\u00e9 hadice a armatury a zajist\u011bte spr\u00e1vn\u00e9 spojen\u00ed a t\u011bsn\u00e9 ut\u011bsn\u011bn\u00ed.<\/li>\n<\/ol>\n<p><img decoding=\"async\" src=\"https:\/\/www.hydraulic-cylinders.net\/wp-content\/uploads\/2025\/01\/songte-bushings-with-all-kinds-of-excavator-models.webp\" alt=\"Obr\u00e1zek produktu\"><\/p>\n<h2>Bezpe\u010dnostn\u00ed aspekty a faktory prost\u0159ed\u00ed<\/h2>\n<p>P\u0159i pou\u017e\u00edv\u00e1n\u00ed v\u00e1lc\u016f s ramenem je nezbytn\u00e9 up\u0159ednostnit bezpe\u010dnostn\u00ed opat\u0159en\u00ed, aby se p\u0159ede\u0161lo nehod\u00e1m a zajistila se pohoda obsluhy. Bezpe\u010dnostn\u00ed opat\u0159en\u00ed zahrnuj\u00ed \u0159\u00e1dn\u00e9 \u0161kolen\u00ed, dodr\u017eov\u00e1n\u00ed provozn\u00edch pokyn\u016f a pou\u017e\u00edv\u00e1n\u00ed osobn\u00edch ochrann\u00fdch prost\u0159edk\u016f. Krom\u011b toho m\u016f\u017ee zohledn\u011bn\u00ed faktor\u016f prost\u0159ed\u00ed, jako je teplota a vystaven\u00ed korozivn\u00edm l\u00e1tk\u00e1m, pomoci udr\u017eet \u017eivotnost a v\u00fdkon v\u00e1lce s ramenem.<\/p>\n<h2>Odstra\u0148ov\u00e1n\u00ed probl\u00e9m\u016f a b\u011b\u017en\u00e9 probl\u00e9my<\/h2>\n<p>Mezi b\u011b\u017en\u00e9 probl\u00e9my, kter\u00e9 se mohou vyskytnout s v\u00e1lci ramen, pat\u0159\u00ed net\u011bsnost, sn\u00ed\u017een\u00fd v\u00fdkon a abnorm\u00e1ln\u00ed hluk. Tipy a \u0159e\u0161en\u00ed probl\u00e9m\u016f mohou zahrnovat:<\/p>\n<ul>\n<li>Zkontrolujte a dot\u00e1hn\u011bte v\u0161echny uvoln\u011bn\u00e9 spoje nebo spoje.<\/li>\n<li>Zkontrolujte a vym\u011b\u0148te po\u0161kozen\u00e1 t\u011bsn\u011bn\u00ed nebo sou\u010d\u00e1sti.<\/li>\n<li>Zajist\u011bte spr\u00e1vnou hladinu a kvalitu hydraulick\u00e9ho oleje.<\/li>\n<li>Pro konkr\u00e9tn\u00ed probl\u00e9my se pod\u00edvejte do n\u00e1vodu k \u0159e\u0161en\u00ed probl\u00e9m\u016f od v\u00fdrobce.<\/li>\n<\/ul>\n<p><img decoding=\"async\" src=\"https:\/\/www.hydraulic-cylinders.net\/wp-content\/uploads\/2025\/01\/songte-chushion-collar.webp\" alt=\"Obr\u00e1zek produktu\"><\/p>\n<p>Logick\u00fdm uspo\u0159\u00e1d\u00e1n\u00edm \u010dl\u00e1nku s podnadpisy, za\u010dlen\u011bn\u00edm relevantn\u00edch obr\u00e1zk\u016f nebo graf\u016f pro lep\u0161\u00ed pochopen\u00ed a zaji\u0161t\u011bn\u00edm jasn\u00e9ho a stru\u010dn\u00e9ho obsahu si tento komplexn\u00ed pr\u016fvodce klade za c\u00edl oslovit \u010dten\u00e1\u0159e s r\u016fznou \u00farovn\u00ed technick\u00fdch znalost\u00ed.<\/p>\n<h2>O n\u00e1s<\/h2>\n<p>We are a professional manufacturer of replacement hydraulic cylinders, offering a wide range of products. We have become one of the leading hydraulic cylinder manufacturers and wholesale distributors in domestic and international markets. Upholding the principle of excellence, we continuously improve our technical capabilities and production efficiency by relying on refined manufacturing workshops and industrial production management strategies. Through the introduction of high-end digital manufacturing equipment and professional testing systems, we optimize our manufacturing platform and improve product quality control processes, showcasing strong innovation capabilities. Our goal is to meet customer&#8217;s diverse needs with principles of efficiency, precision, and high quality.<\/p>\n<p><img decoding=\"async\" src=\"https:\/\/www.hydraulic-cylinders.net\/wp-content\/uploads\/2025\/01\/songte-company-4.webp\" alt=\"Image spole\u010dnosti\"><br \/>\n<img decoding=\"async\" src=\"https:\/\/www.hydraulic-cylinders.net\/wp-content\/uploads\/2025\/01\/songte-company-3.webp\" alt=\"Image spole\u010dnosti\"><\/p>\n<p><em>Autor: lyl<\/em><\/p>","protected":false},"excerpt":{"rendered":"<p>Arm Cylinder For XCMG Middle Excavator XE215CLL Definition and Explanation An arm cylinder is a specially designed hydraulic cylinder that provides linear motion and power to the arm of various machinery, such as excavators, cranes, and manipulators. It plays a crucial role in hydraulic systems, allowing for the efficient movement and control of additional tools [&hellip;]<\/p>","protected":false},"featured_media":14766,"comment_status":"open","ping_status":"closed","template":"","meta":{"_et_pb_use_builder":"","_et_pb_old_content":"","_et_gb_content_width":""},"product_brand":[],"product_cat":[1497],"product_tag":[1498,1496],"class_list":{"0":"post-16402","1":"product","2":"type-product","3":"status-publish","4":"has-post-thumbnail","6":"product_cat-arm-cylinders","7":"product_tag-arm-cylinders","8":"product_tag-hydraulic-cylinders","10":"first","11":"instock","12":"shipping-taxable","13":"product-type-simple"},"amp_enabled":true,"_links":{"self":[{"href":"https:\/\/www.hydraulic-cylinders.net\/cs\/wp-json\/wp\/v2\/product\/16402","targetHints":{"allow":["GET"]}}],"collection":[{"href":"https:\/\/www.hydraulic-cylinders.net\/cs\/wp-json\/wp\/v2\/product"}],"about":[{"href":"https:\/\/www.hydraulic-cylinders.net\/cs\/wp-json\/wp\/v2\/types\/product"}],"replies":[{"embeddable":true,"href":"https:\/\/www.hydraulic-cylinders.net\/cs\/wp-json\/wp\/v2\/comments?post=16402"}],"wp:featuredmedia":[{"embeddable":true,"href":"https:\/\/www.hydraulic-cylinders.net\/cs\/wp-json\/wp\/v2\/media\/14766"}],"wp:attachment":[{"href":"https:\/\/www.hydraulic-cylinders.net\/cs\/wp-json\/wp\/v2\/media?parent=16402"}],"wp:term":[{"taxonomy":"product_brand","embeddable":true,"href":"https:\/\/www.hydraulic-cylinders.net\/cs\/wp-json\/wp\/v2\/product_brand?post=16402"},{"taxonomy":"product_cat","embeddable":true,"href":"https:\/\/www.hydraulic-cylinders.net\/cs\/wp-json\/wp\/v2\/product_cat?post=16402"},{"taxonomy":"product_tag","embeddable":true,"href":"https:\/\/www.hydraulic-cylinders.net\/cs\/wp-json\/wp\/v2\/product_tag?post=16402"}],"curies":[{"name":"wp","href":"https:\/\/api.w.org\/{rel}","templated":true}]}}