{"id":16411,"date":"2025-01-20T09:13:23","date_gmt":"2025-01-20T09:13:23","guid":{"rendered":"https:\/\/www.hydraulic-cylinders.net\/product\/arm-cylinderfor-xcmg-large-excavator-xe500m\/"},"modified":"2025-01-20T09:13:25","modified_gmt":"2025-01-20T09:13:25","slug":"arm-cylinderfor-xcmg-large-excavator-xe500m","status":"publish","type":"product","link":"https:\/\/www.hydraulic-cylinders.net\/cs\/produkt\/arm-cylinderfor-xcmg-large-excavator-xe500m\/","title":{"rendered":"V\u00e1lec ramene pro velk\u00e9 rypadlo XCMG XE500M"},"content":{"rendered":"<p>V\u00e1lec ramene pro velk\u00e9 rypadlo XCMG XE500M<\/p>\n<p>Zaveden\u00ed:<br \/>\nHydraulick\u00fd v\u00e1lec ramene je speci\u00e1ln\u011b navr\u017een\u00fd hydraulick\u00fd v\u00e1lec, kter\u00fd poskytuje line\u00e1rn\u00ed pohyb a s\u00edlu rameni r\u016fzn\u00fdch typ\u016f stroj\u016f, jako jsou bagry, je\u0159\u00e1by a robotick\u00e1 ramena. V\u00e1lce ramen hraj\u00ed kl\u00ed\u010dovou roli v hydraulick\u00fdch syst\u00e9mech, proto\u017ee umo\u017e\u0148uj\u00ed efektivn\u00ed pohyb a ovl\u00e1d\u00e1n\u00ed p\u0159\u00eddavn\u00fdch n\u00e1stroj\u016f nebo p\u0159\u00edslu\u0161enstv\u00ed. Tyto v\u00e1lce nejen zaji\u0161\u0165uj\u00ed plynul\u00fd pohyb, ale tak\u00e9 odol\u00e1vaj\u00ed t\u011b\u017ek\u00fdm z\u00e1t\u011b\u017e\u00edm, \u010d\u00edm\u017e zaji\u0161\u0165uj\u00ed efektivn\u00ed provoz a spolehlivost stroj\u016f za r\u016fzn\u00fdch pracovn\u00edch podm\u00ednek.<\/p>\n<p><img decoding=\"async\" src=\"https:\/\/www.hydraulic-cylinders.net\/wp-content\/uploads\/2025\/01\/songte-company-2.webp\"><\/p>\n<p>Vlastnosti:<br \/>\n1. Efektivn\u00ed p\u0159enos s\u00edly: V\u00e1lec ramene zaji\u0161\u0165uje siln\u00fd line\u00e1rn\u00ed pohyb a s\u00edlu, co\u017e zaji\u0161\u0165uje vysok\u00fd v\u00fdkon robotick\u00e9ho ramene v r\u016fzn\u00fdch operac\u00edch.<br \/>\n2. P\u0159esn\u00e9 ovl\u00e1d\u00e1n\u00ed: D\u00edky hydraulick\u00e9mu syst\u00e9mu m\u016f\u017ee v\u00e1lec ramene dos\u00e1hnout p\u0159esn\u00e9ho ovl\u00e1d\u00e1n\u00ed pohybu, \u010d\u00edm\u017e je ovl\u00e1d\u00e1n\u00ed p\u0159\u00eddavn\u00fdch n\u00e1stroj\u016f flexibiln\u011bj\u0161\u00ed a p\u0159esn\u011bj\u0161\u00ed.<br \/>\n3. Vysok\u00e1 odolnost: V\u00e1lce ramen jsou obvykle vyrobeny z vysoce pevn\u00fdch materi\u00e1l\u016f, maj\u00ed dobrou odolnost proti opot\u0159eben\u00ed a korozi a jsou vhodn\u00e9 pro dlouhodob\u00e9 pou\u017e\u00edv\u00e1n\u00ed v n\u00e1ro\u010dn\u00fdch podm\u00ednk\u00e1ch.<br \/>\n4. Multifunk\u010dn\u00ed p\u0159izp\u016fsobivost: Tyto v\u00e1lce lze \u0161iroce pou\u017e\u00edvat v r\u016fzn\u00fdch mechanick\u00fdch za\u0159\u00edzen\u00edch, jako jsou bagry, je\u0159\u00e1by a robotick\u00e1 ramena, a p\u0159izp\u016fsobit se r\u016fzn\u00fdm pracovn\u00edm po\u017eadavk\u016fm.<br \/>\n5. Snadn\u00e1 \u00fadr\u017eba: Konstrukce v\u00e1lc\u016f ramene zohled\u0148uje snadnou \u00fadr\u017ebu a v\u00fdm\u011bnu, co\u017e usnad\u0148uje pravidelnou kontrolu a \u00fadr\u017ebu a zkracuje prostoje za\u0159\u00edzen\u00ed.<\/p>\n<p><img decoding=\"async\" src=\"https:\/\/www.hydraulic-cylinders.net\/wp-content\/uploads\/2025\/01\/songte-oil-pipes-and-spare-parts.webp\"><\/p>\n<p>Aplikace:<br \/>\n1. Stavebn\u00ed in\u017een\u00fdrstv\u00ed: V\u00e1lce ramen se pou\u017e\u00edvaj\u00ed k ovl\u00e1d\u00e1n\u00ed pohybu r\u00fdpadla nebo v\u00fdlo\u017en\u00edku v bagrech a je\u0159\u00e1bech, pro zemn\u00ed pr\u00e1ce, manipulaci s materi\u00e1lem a mont\u00e1\u017e konstrukc\u00ed.<br \/>\n2. V\u00fdroba: V automatizovan\u00fdch v\u00fdrobn\u00edch link\u00e1ch se v\u00e1lce ramen pou\u017e\u00edvaj\u00ed pro pohyb robotick\u00fdch ramen, pro mont\u00e1\u017en\u00ed, sva\u0159ovac\u00ed a manipula\u010dn\u00ed procesy, \u010d\u00edm\u017e se zlep\u0161uje efektivita a p\u0159esnost v\u00fdroby.<br \/>\n3. Zem\u011bd\u011blsk\u00e9 stroje: U zem\u011bd\u011blsk\u00fdch stroj\u016f, jako jsou skl\u00edzec\u00ed a s\u00e1zec\u00ed stroje, ovl\u00e1daj\u00ed v\u00e1lce ramen pohyb ovl\u00e1dac\u00edch ramen a prov\u00e1d\u011bj\u00ed \u00fakoly, jako je set\u00ed, hnojen\u00ed a sklize\u0148.<br \/>\n4. T\u011b\u017eba: V t\u011b\u017eebn\u00edch za\u0159\u00edzen\u00edch se v\u00e1lce ramen pou\u017e\u00edvaj\u00ed k ovl\u00e1d\u00e1n\u00ed pohybu ramen t\u011b\u017eebn\u00edch za\u0159\u00edzen\u00ed, pro t\u011b\u017ebu a manipulaci s materi\u00e1lem.<br \/>\n5. Logistika a doprava: U vysokozdvi\u017en\u00fdch voz\u00edk\u016f a manipula\u010dn\u00edch robot\u016f se v\u00e1lce ramen pou\u017e\u00edvaj\u00ed k ovl\u00e1d\u00e1n\u00ed zved\u00e1n\u00ed a pohybu vidlic, pro manipulaci s materi\u00e1lem a stohov\u00e1n\u00ed.<\/p>\n<p>Konstruk\u010dn\u00ed aspekty a krit\u00e9ria v\u00fdb\u011bru:<br \/>\n1. Nosnost: V\u00e1lce ramen jsou navr\u017eeny tak, aby odolaly vysok\u00e9mu zat\u00ed\u017een\u00ed a poskytovaly spolehliv\u00fd p\u0159enos s\u00edly.<br \/>\n2. T\u011bsn\u011bn\u00ed: Pro zaji\u0161t\u011bn\u00ed t\u011bsnic\u00edho v\u00fdkonu v\u00e1lce se pou\u017e\u00edvaj\u00ed r\u016fzn\u00e9 t\u011bsnic\u00ed prvky, jako jsou t\u011bsn\u011bn\u00ed p\u00edstu a t\u011bsn\u011bn\u00ed p\u00edstnice, a pro t\u011bsnic\u00ed prvky se vol\u00ed polyuretanov\u00e9 nebo nitrilov\u00e9 pry\u017eov\u00e9 materi\u00e1ly s vysokou odolnost\u00ed proti opot\u0159eben\u00ed.<br \/>\n3. Trvanlivost: T\u011bleso v\u00e1lce a z\u00e1vitov\u00fd konec jsou p\u0159esn\u011b opracov\u00e1ny pro zlep\u0161en\u00ed odolnosti proti opot\u0159eben\u00ed, korozi a prodlou\u017een\u00ed \u017eivotnosti.<br \/>\n4. Bezpe\u010dnost: V\u00e1lce ramen jsou vybaveny pojistn\u00fdmi ventily, kter\u00e9 zabra\u0148uj\u00ed p\u0159et\u00ed\u017een\u00ed a zaji\u0161\u0165uj\u00ed bezpe\u010dn\u00fd provoz.<br \/>\n5. \u00dadr\u017eba: V\u00e1lce ramen jsou navr\u017eeny tak, aby se snadno udr\u017eovaly a vym\u011b\u0148ovaly, co\u017e sni\u017euje dobu a n\u00e1klady na \u00fadr\u017ebu.<\/p>\n<p><img decoding=\"async\" src=\"https:\/\/www.hydraulic-cylinders.net\/wp-content\/uploads\/2025\/01\/songte-cylinder-head-with-all-kinds-excavator-models.webp\"><\/p>\n<p>T\u011bsn\u011bn\u00ed a maz\u00e1n\u00ed:<br \/>\nV\u00e1lce ramen pou\u017e\u00edvaj\u00ed r\u016fzn\u00e9 t\u011bsnic\u00ed prvky, jako jsou t\u011bsn\u011bn\u00ed p\u00edstu, t\u011bsn\u011bn\u00ed p\u00edstnice a st\u011bra\u010de, aby se zabr\u00e1nilo \u00faniku hydraulick\u00e9ho oleje a zajistil se hladk\u00fd chod v\u00e1lce. Jako materi\u00e1l pro t\u011bsnic\u00ed prvky je zvolen polyuretan nebo nitrilov\u00e1 pry\u017e s vysokou odolnost\u00ed proti opot\u0159eben\u00ed. T\u011bleso v\u00e1lce a z\u00e1vitov\u00fd \u010deln\u00ed povrch jsou p\u0159esn\u011b opracov\u00e1ny pro zlep\u0161en\u00ed odolnosti proti opot\u0159eben\u00ed a korozi. Pro zaji\u0161t\u011bn\u00ed maz\u00e1n\u00ed v\u00e1lce je nutn\u00e9 pravideln\u011b p\u0159id\u00e1vat odpov\u00eddaj\u00edc\u00ed mno\u017estv\u00ed hydraulick\u00e9ho oleje.<\/p>\n<p>Pravideln\u00e1 kontrola a preventivn\u00ed \u00fadr\u017eba:<br \/>\n1. Pravideln\u00e1 kontrola: Doporu\u010duje se pravideln\u011b kontrolovat v\u00e1lec, zda nevykazuje zn\u00e1mky opot\u0159eben\u00ed nebo po\u0161kozen\u00ed, jako jsou \u0161kr\u00e1bance, praskliny nebo \u00fanik oleje.<br \/>\n2. Preventivn\u00ed \u00fadr\u017eba: Doporu\u010duje se pravideln\u011b vym\u011b\u0148ovat t\u011bsnic\u00ed prvky a hydraulick\u00fd olej, aby se zajistila t\u011bsnic\u00ed a mazac\u00ed v\u00fdkon v\u00e1lce.<\/p>\n<p><img decoding=\"async\" src=\"https:\/\/www.hydraulic-cylinders.net\/wp-content\/uploads\/2025\/01\/songte-chushion-collar.webp\"><\/p>\n<p>Pokyny k instalaci produktu:<br \/>\n1. P\u0159ed instalac\u00ed si pe\u010dliv\u011b p\u0159e\u010dt\u011bte instala\u010dn\u00ed pokyny.<br \/>\n2. Nainstalujte v\u00e1lec ve spr\u00e1vn\u00e9m sm\u011bru a orientaci.<br \/>\n3. Ujist\u011bte se, \u017ee jsou v\u0161echna spojen\u00ed \u0159\u00e1dn\u011b uta\u017een\u00e1 a ut\u011bsn\u011bn\u00e1.<br \/>\n4. Ov\u011b\u0159te, zda nedoch\u00e1z\u00ed k \u017e\u00e1dn\u00e9mu ru\u0161en\u00ed mezi lahv\u00ed a ostatn\u00edm za\u0159\u00edzen\u00edm.<br \/>\n5. Po instalaci otestujte v\u00e1lec, abyste zajistili jeho spr\u00e1vnou funkci.<\/p>\n<p>Bezpe\u010dnostn\u00ed aspekty a faktory prost\u0159ed\u00ed:<br \/>\n1. Bezpe\u010dnostn\u00ed opat\u0159en\u00ed jsou d\u016fle\u017eit\u00e1 p\u0159i pou\u017e\u00edv\u00e1n\u00ed v\u00e1lc\u016f ramen, proto\u017ee se jedn\u00e1 o t\u011b\u017ek\u00e9 stroje a vysokotlak\u00e9 hydraulick\u00e9 syst\u00e9my. Pracovn\u00edk\u016fm by m\u011blo b\u00fdt poskytnuto \u0159\u00e1dn\u00e9 \u0161kolen\u00ed a bezpe\u010dnostn\u00ed vybaven\u00ed.<br \/>\n2. V\u00e1lce s rameny by m\u011bly b\u00fdt pou\u017e\u00edv\u00e1ny a skladov\u00e1ny ve vhodn\u00e9m prost\u0159ed\u00ed, aby nebyly vystaveny vysok\u00fdm teplot\u00e1m, vlhkosti nebo korozivn\u00edm l\u00e1tk\u00e1m.<\/p>\n<p>\u0158e\u0161en\u00ed probl\u00e9m\u016f a b\u011b\u017en\u00e9 probl\u00e9my:<br \/>\n1. \u00danik oleje: Zkontrolujte t\u011bsnic\u00ed prvky a olejov\u00fd kan\u00e1l, zda nejsou po\u0161kozen\u00e9 nebo ucpan\u00e9. Vym\u011b\u0148te po\u0161kozen\u00e9 nebo opot\u0159ebovan\u00e9 t\u011bsnic\u00ed prvky a vy\u010dist\u011bte olejov\u00fd kan\u00e1l.<br \/>\n2. Pomal\u00fd nebo nestabiln\u00ed pohyb: Zkontrolujte hydraulick\u00fd syst\u00e9m, zda nen\u00ed dostate\u010dn\u00fd p\u0159\u00edvod oleje nebo tlak oleje, nebo zda nen\u00ed ucpan\u00fd olejov\u00fd kan\u00e1l. V p\u0159\u00edpad\u011b pot\u0159eby opravte nebo vym\u011b\u0148te hydraulick\u00e9 \u010derpadlo \u010di ventil.<br \/>\n3. Abnorm\u00e1ln\u00ed hluk: Zkontrolujte v\u00e1lec, zda nen\u00ed po\u0161kozen\u00fd nebo opot\u0159ebovan\u00fd, nebo zda se v hydraulick\u00e9m syst\u00e9mu nenach\u00e1z\u00ed vzduch. Vym\u011b\u0148te po\u0161kozen\u00e9 nebo opot\u0159ebovan\u00e9 d\u00edly a odvzdu\u0161n\u011bte hydraulick\u00fd syst\u00e9m.<\/p>\n<p>V\u00fdroba produkt\u016f:<br \/>\nJsme profesion\u00e1ln\u00ed v\u00fdrobce n\u00e1hradn\u00edch hydraulick\u00fdch v\u00e1lc\u016f s \u0161irokou \u0161k\u00e1lou produkt\u016f. Stali jsme se jedn\u00edm z p\u0159edn\u00edch v\u00fdrobc\u016f a velkoobchodn\u00edch distributor\u016f hydraulick\u00fdch v\u00e1lc\u016f na dom\u00e1c\u00edm i mezin\u00e1rodn\u00edm trhu. V\u017edy se dr\u017e\u00edme z\u00e1sady vynikaj\u00edc\u00ed kvality a neust\u00e1le zlep\u0161ujeme na\u0161i technologii a efektivitu v\u00fdroby. Zav\u00e1d\u011bn\u00edm \u0161pi\u010dkov\u00e9ho digit\u00e1ln\u00edho v\u00fdrobn\u00edho za\u0159\u00edzen\u00ed a profesion\u00e1ln\u00edch testovac\u00edch syst\u00e9m\u016f optimalizujeme na\u0161i v\u00fdrobn\u00ed platformu a vylep\u0161ujeme proces kontroly kvality na\u0161ich v\u00fdrobk\u016f se siln\u00fdmi inova\u010dn\u00edmi schopnostmi. Na\u0161\u00edm c\u00edlem je uspokojovat rozmanit\u00e9 pot\u0159eby z\u00e1kazn\u00edk\u016f s vysokou efektivitou, p\u0159esnost\u00ed a vysoce kvalitn\u00edmi produkty.<\/p>\n<p><img decoding=\"async\" src=\"https:\/\/www.hydraulic-cylinders.net\/wp-content\/uploads\/2025\/01\/songte-company-4.webp\"><br \/>\n<img decoding=\"async\" src=\"https:\/\/www.hydraulic-cylinders.net\/wp-content\/uploads\/2025\/01\/songte-company-3.webp\"><\/p>\n<p>P\u0159edstaven\u00ed spole\u010dnosti:<br \/>\n1. Profesionalita: M\u00e1me profesion\u00e1ln\u00ed t\u00fdm s bohat\u00fdmi zku\u0161enostmi v oboru hydraulick\u00fdch v\u00e1lc\u016f, abychom z\u00e1kazn\u00edk\u016fm poskytli slu\u017eby na m\u00edru.<br \/>\n2. Mezin\u00e1rodn\u00ed certifikace: Na\u0161e v\u00fdrobky z\u00edskaly certifikaci ISO 9001:2015 a jsou vyv\u00e1\u017eeny do mnoha zem\u00ed a region\u016f po cel\u00e9m sv\u011bt\u011b.<br \/>\n3. Slu\u017eby na m\u00edru: Hydraulick\u00e9 v\u00e1lce m\u016f\u017eeme p\u0159izp\u016fsobit specifick\u00fdm po\u017eadavk\u016fm z\u00e1kazn\u00edk\u016f a poskytnout jim \u0161irokou \u0161k\u00e1lu mo\u017enost\u00ed.<br \/>\n4. V\u00fdrobn\u00ed za\u0159\u00edzen\u00ed: Disponujeme modern\u00edm v\u00fdrobn\u00edm za\u0159\u00edzen\u00edm, v\u010detn\u011b CNC obr\u00e1b\u011bc\u00edch stroj\u016f, automatick\u00fdch sv\u00e1\u0159e\u010dek a automatick\u00fdch lakovac\u00edch linek, abychom zajistili efektivn\u00ed a vysoce kvalitn\u00ed v\u00fdrobu.<br \/>\n5. Poprodejn\u00ed slu\u017eby: M\u00e1me profesion\u00e1ln\u00ed t\u00fdm poprodejn\u00edch slu\u017eeb, kter\u00fd z\u00e1kazn\u00edk\u016fm poskytuje v\u010dasn\u00e9 a efektivn\u00ed slu\u017eby, v\u010detn\u011b technick\u00e9 podpory, instala\u010dn\u00edch pokyn\u016f a \u00fadr\u017eby.<\/p>\n<p>Autor: lyl<\/p>","protected":false},"excerpt":{"rendered":"<p>Arm Cylinder for XCMG Large Excavator XE500M Introduction: Arm cylinder is a specially designed hydraulic cylinder that provides linear motion and power to the arm of various types of machinery such as excavators, cranes, and robotic arms. Arm cylinders play a crucial role in hydraulic systems, allowing attachment tools or accessories to move and be [&hellip;]<\/p>","protected":false},"featured_media":14770,"comment_status":"open","ping_status":"closed","template":"","meta":{"_et_pb_use_builder":"","_et_pb_old_content":"","_et_gb_content_width":""},"product_brand":[],"product_cat":[1497],"product_tag":[1498,1496],"class_list":{"0":"post-16411","1":"product","2":"type-product","3":"status-publish","4":"has-post-thumbnail","6":"product_cat-arm-cylinders","7":"product_tag-arm-cylinders","8":"product_tag-hydraulic-cylinders","10":"first","11":"instock","12":"shipping-taxable","13":"product-type-simple"},"amp_enabled":true,"_links":{"self":[{"href":"https:\/\/www.hydraulic-cylinders.net\/cs\/wp-json\/wp\/v2\/product\/16411","targetHints":{"allow":["GET"]}}],"collection":[{"href":"https:\/\/www.hydraulic-cylinders.net\/cs\/wp-json\/wp\/v2\/product"}],"about":[{"href":"https:\/\/www.hydraulic-cylinders.net\/cs\/wp-json\/wp\/v2\/types\/product"}],"replies":[{"embeddable":true,"href":"https:\/\/www.hydraulic-cylinders.net\/cs\/wp-json\/wp\/v2\/comments?post=16411"}],"wp:featuredmedia":[{"embeddable":true,"href":"https:\/\/www.hydraulic-cylinders.net\/cs\/wp-json\/wp\/v2\/media\/14770"}],"wp:attachment":[{"href":"https:\/\/www.hydraulic-cylinders.net\/cs\/wp-json\/wp\/v2\/media?parent=16411"}],"wp:term":[{"taxonomy":"product_brand","embeddable":true,"href":"https:\/\/www.hydraulic-cylinders.net\/cs\/wp-json\/wp\/v2\/product_brand?post=16411"},{"taxonomy":"product_cat","embeddable":true,"href":"https:\/\/www.hydraulic-cylinders.net\/cs\/wp-json\/wp\/v2\/product_cat?post=16411"},{"taxonomy":"product_tag","embeddable":true,"href":"https:\/\/www.hydraulic-cylinders.net\/cs\/wp-json\/wp\/v2\/product_tag?post=16411"}],"curies":[{"name":"wp","href":"https:\/\/api.w.org\/{rel}","templated":true}]}}