{"id":16412,"date":"2025-01-20T09:13:27","date_gmt":"2025-01-20T09:13:27","guid":{"rendered":"https:\/\/www.hydraulic-cylinders.net\/product\/arm-cylinderfor-xcmg-large-excavator-xe700c\/"},"modified":"2025-01-20T09:13:29","modified_gmt":"2025-01-20T09:13:29","slug":"arm-cylinderfor-xcmg-large-excavator-xe700c","status":"publish","type":"product","link":"https:\/\/www.hydraulic-cylinders.net\/cs\/produkt\/arm-cylinderfor-xcmg-large-excavator-xe700c\/","title":{"rendered":"V\u00e1lec ramene pro velk\u00e9 rypadlo XCMG XE700C"},"content":{"rendered":"<p>V\u00e1lec ramene pro velk\u00e9 rypadlo XCMG XE700C<\/p>\n<p>V\u00e1lec ramene je typ speci\u00e1ln\u011b navr\u017een\u00e9ho hydraulick\u00e9ho v\u00e1lce, kter\u00fd se pou\u017e\u00edv\u00e1 hlavn\u011b k zaji\u0161t\u011bn\u00ed line\u00e1rn\u00edho pohybu a v\u00fdkonu ramen r\u016fzn\u00fdch typ\u016f stroj\u016f, jako jsou bagry, je\u0159\u00e1by a mechanick\u00e1 ramena. V\u00e1lec ramene hraje kl\u00ed\u010dovou roli v hydraulick\u00fdch syst\u00e9mech, proto\u017ee umo\u017e\u0148uje efektivn\u00ed pohyb a ovl\u00e1d\u00e1n\u00ed p\u0159ipojen\u00e9ho n\u00e1\u0159ad\u00ed nebo p\u0159\u00edslu\u0161enstv\u00ed. Tyto v\u00e1lce nejen umo\u017e\u0148uj\u00ed plynul\u00fd pohyb, ale tak\u00e9 odol\u00e1vaj\u00ed t\u011b\u017ek\u00fdm z\u00e1t\u011b\u017e\u00edm, \u010d\u00edm\u017e zaji\u0161\u0165uj\u00ed efektivn\u00ed provoz a spolehlivost stroj\u016f za r\u016fzn\u00fdch pracovn\u00edch podm\u00ednek.<\/p>\n<p><img decoding=\"async\" src=\"https:\/\/www.hydraulic-cylinders.net\/wp-content\/uploads\/2025\/01\/songte-company-2.webp\"><\/p>\n<p>Vlastnosti v\u00e1lce ramene:<br \/>\n\u2013 Vysoce \u00fa\u010dinn\u00fd p\u0159evod: V\u00e1lec ramene poskytuje siln\u00fd line\u00e1rn\u00ed pohyb a s\u00edlu, co\u017e zaji\u0161\u0165uje vysokou \u00fa\u010dinnost mechanick\u00e9ho ramene p\u0159i r\u016fzn\u00fdch operac\u00edch.<br \/>\n\u2013 P\u0159esn\u00e9 ovl\u00e1d\u00e1n\u00ed: D\u00edky hydraulick\u00e9mu syst\u00e9mu m\u016f\u017ee v\u00e1lec ramene dos\u00e1hnout p\u0159esn\u00e9ho ovl\u00e1d\u00e1n\u00ed pohybu, \u010d\u00edm\u017e se ovl\u00e1d\u00e1n\u00ed p\u0159ipojen\u00e9ho n\u00e1\u0159ad\u00ed stane flexibiln\u011bj\u0161\u00edm a p\u0159esn\u011bj\u0161\u00edm.<br \/>\n\u2013 Vysok\u00e1 odolnost: V\u00e1lce ramen jsou obvykle vyrobeny z vysoce pevn\u00fdch materi\u00e1l\u016f a maj\u00ed dobrou odolnost proti opot\u0159eben\u00ed a korozi, jsou vhodn\u00e9 pro dlouhodob\u00e9 pou\u017e\u00edv\u00e1n\u00ed v n\u00e1ro\u010dn\u00fdch podm\u00ednk\u00e1ch.<br \/>\n\u2013 Multifunk\u010dn\u00ed p\u0159izp\u016fsobivost: Tyto v\u00e1lce lze \u0161iroce pou\u017e\u00edvat v r\u016fzn\u00fdch typech stroj\u016f, jako jsou bagry, je\u0159\u00e1by a mechanick\u00e1 ramena, a p\u0159izp\u016fsobit se tak r\u016fzn\u00fdm pracovn\u00edm po\u017eadavk\u016fm.<br \/>\n\u2013 Snadn\u00e1 \u00fadr\u017eba: Konstrukce zohled\u0148uje snadnou \u00fadr\u017ebu a v\u00fdm\u011bnu, co\u017e usnad\u0148uje pravideln\u00e9 kontroly a \u00fadr\u017ebu a zkracuje prostoje za\u0159\u00edzen\u00ed.<\/p>\n<p>Na\u0161e produkty dok\u00e1\u017e\u00ed tyto hydraulick\u00e9 v\u00e1lce dokonale nahradit.<\/p>\n<p><img decoding=\"async\" src=\"https:\/\/www.hydraulic-cylinders.net\/wp-content\/uploads\/2025\/01\/songte-oil-pipes-and-spare-parts.webp\"><\/p>\n<p>Aplikace:<br \/>\n\u2013 Stavebn\u00ed in\u017een\u00fdrstv\u00ed: V\u00e1lce ramen se pou\u017e\u00edvaj\u00ed v bagrech a je\u0159\u00e1bech k ovl\u00e1d\u00e1n\u00ed pohybu l\u017e\u00edce nebo v\u00fdlo\u017en\u00edku, pro zemn\u00ed pr\u00e1ce, manipulaci s materi\u00e1lem a mont\u00e1\u017e konstrukc\u00ed.<br \/>\n\u2013 V\u00fdroba: V automatizovan\u00fdch v\u00fdrobn\u00edch link\u00e1ch ovl\u00e1daj\u00ed v\u00e1lce ramen pohyb mechanick\u00fdch ramen pro mont\u00e1\u017e, sva\u0159ov\u00e1n\u00ed a manipulaci, \u010d\u00edm\u017e zvy\u0161uj\u00ed efektivitu a p\u0159esnost v\u00fdroby.<br \/>\n\u2013 Zem\u011bd\u011blsk\u00e9 stroje: U zem\u011bd\u011blsk\u00fdch stroj\u016f, jako jsou skl\u00edzec\u00ed a s\u00e1zec\u00ed stroje, ovl\u00e1daj\u00ed v\u00e1lce ramen pohyb ovl\u00e1dac\u00edch ramen a prov\u00e1d\u011bj\u00ed \u00fakoly, jako je s\u00e1zen\u00ed, hnojen\u00ed a sklize\u0148.<br \/>\n\u2013 T\u011b\u017eba: V t\u011b\u017eebn\u00edch za\u0159\u00edzen\u00edch se v\u00e1lce ramen pou\u017e\u00edvaj\u00ed k ovl\u00e1d\u00e1n\u00ed pohybu ramene t\u011b\u017eebn\u00edho za\u0159\u00edzen\u00ed pro t\u011b\u017ebu a manipulaci s rudou.<br \/>\n\u2013 Logistika a doprava: U vysokozdvi\u017en\u00fdch voz\u00edk\u016f a manipula\u010dn\u00edch robot\u016f se v\u00e1lce ramen pou\u017e\u00edvaj\u00ed k ovl\u00e1d\u00e1n\u00ed zved\u00e1n\u00ed a pohybu vidlic, \u010d\u00edm\u017e se realizuje manipulace a stohov\u00e1n\u00ed materi\u00e1l\u016f.<\/p>\n<p>\u00davahy o n\u00e1vrhu a standardy v\u00fdb\u011bru:<br \/>\n\u2013 \u00danosnost: V\u00e1lec ramene mus\u00ed b\u00fdt schopen odolat maxim\u00e1ln\u00ed \u00fanosnosti stroje.<br \/>\n\u2013 T\u011bsnivost: M\u011bly by se pou\u017e\u00edvat r\u016fzn\u00e9 t\u011bsnic\u00ed prvky, jako jsou t\u011bsnic\u00ed krou\u017eky p\u00edst\u016f a p\u00edstnic, a t\u011bsn\u011bn\u00ed by m\u011bla b\u00fdt vyrobena z materi\u00e1l\u016f odoln\u00fdch proti opot\u0159eben\u00ed, jako je polyuretan a nitrilov\u00e1 pry\u017e.<br \/>\n\u2013 Trvanlivost: T\u011bleso v\u00e1lce a povrch z\u00e1vitov\u00e9ho konce by m\u011bly b\u00fdt jemn\u011b opracov\u00e1ny, aby se zlep\u0161ila odolnost proti opot\u0159eben\u00ed.<br \/>\n\u2013 Bezpe\u010dnost: V\u00e1lec ramene by m\u011bl b\u00fdt navr\u017een s bezpe\u010dnostn\u00edm faktorem, aby se zabr\u00e1nilo nehod\u00e1m zp\u016fsoben\u00fdm nadm\u011brn\u00fdm zat\u00ed\u017een\u00edm.<br \/>\n\u2013 \u00dadr\u017eba: Konstrukce by m\u011bla zohled\u0148ovat snadnou \u00fadr\u017ebu a v\u00fdm\u011bnu, co\u017e by m\u011blo usnadnit pravideln\u00e9 kontroly a \u00fadr\u017ebu.<\/p>\n<p><img decoding=\"async\" src=\"https:\/\/www.hydraulic-cylinders.net\/wp-content\/uploads\/2025\/01\/songte-cylinder-head-with-all-kinds-excavator-models.webp\"><\/p>\n<p>T\u011bsn\u011bn\u00ed a maz\u00e1n\u00ed:<br \/>\n\u2013 M\u011bly by se pou\u017e\u00edvat r\u016fzn\u00e9 t\u011bsnic\u00ed prvky, jako jsou t\u011bsnic\u00ed krou\u017eky p\u00edst\u016f a p\u00edstnic, a t\u011bsn\u011bn\u00ed by m\u011bla b\u00fdt vyrobena z materi\u00e1l\u016f odoln\u00fdch proti opot\u0159eben\u00ed, jako je polyuretan a nitrilov\u00e1 pry\u017e.<br \/>\n\u2013 T\u011bleso v\u00e1lce a povrch z\u00e1vitov\u00e9ho konce by m\u011bly b\u00fdt jemn\u011b opracov\u00e1ny, aby se zlep\u0161ila odolnost proti opot\u0159eben\u00ed.<br \/>\n\u2013 Pro maz\u00e1n\u00ed je t\u0159eba pravideln\u011b dopl\u0148ovat odpov\u00eddaj\u00edc\u00ed mno\u017estv\u00ed hydraulick\u00e9ho oleje.<\/p>\n<p>Pravideln\u00e1 kontrola a preventivn\u00ed \u00fadr\u017eba:<br \/>\n\u2013 Pravideln\u011b kontrolujte v\u00e1lec ramene, zda nevykazuje zn\u00e1mky opot\u0159eben\u00ed nebo po\u0161kozen\u00ed, a v\u010das vym\u011b\u0148te opot\u0159ebovan\u00e9 nebo po\u0161kozen\u00e9 d\u00edly.<br \/>\n\u2013 Pravideln\u011b kontrolujte hydraulick\u00fd olej, zda neobsahuje ne\u010distoty, a v\u010das jej vym\u011b\u0148te.<br \/>\n\u2013 Pravideln\u011b kontrolujte t\u011bsnic\u00ed prvky a v p\u0159\u00edpad\u011b po\u0161kozen\u00ed nebo opot\u0159eben\u00ed je v\u010das vym\u011b\u0148te.<\/p>\n<p>Pr\u016fvodce spr\u00e1vnou instalac\u00ed produktu:<br \/>\n\u2013 P\u0159ed instalac\u00ed o\u010dist\u011bte mont\u00e1\u017en\u00ed plochu stroje a z\u00e1vitovou koncovou plochu ramene v\u00e1lce.<br \/>\n\u2013 Naneste vrstvu maziva na z\u00e1vitov\u00fd konec v\u00e1lce ramene a nainstalujte jej na stroj.<br \/>\n\u2013 Ut\u00e1hn\u011bte spojovac\u00ed \u0161rouby p\u0159edepsan\u00fdm utahovac\u00edm momentem.<\/p>\n<p><img decoding=\"async\" src=\"https:\/\/www.hydraulic-cylinders.net\/wp-content\/uploads\/2025\/01\/songte-bushings-with-all-kinds-of-excavator-models.webp\"><\/p>\n<p>Bezpe\u010dnostn\u00ed aspekty a faktory prost\u0159ed\u00ed:<br \/>\n\u2013 B\u011bhem instalace, provozu a \u00fadr\u017eby v\u00e1lce ramene by m\u011bla b\u00fdt p\u0159ijata bezpe\u010dnostn\u00ed opat\u0159en\u00ed.<br \/>\n\u2013 Pou\u017eit\u00fd hydraulick\u00fd olej by m\u011bl b\u00fdt \u0161etrn\u00fd k \u017eivotn\u00edmu prost\u0159ed\u00ed a po pou\u017eit\u00ed \u0159\u00e1dn\u011b zlikvidov\u00e1n.<\/p>\n<p>Diagnostika z\u00e1vad a b\u011b\u017en\u00e9 probl\u00e9my:<br \/>\n\u2013 Nedostate\u010dn\u00e9 nebo nadm\u011brn\u00e9 maz\u00e1n\u00ed m\u016f\u017ee zp\u016fsobit abnorm\u00e1ln\u00ed hluk nebo nedostate\u010dn\u00fd v\u00fdkon.<br \/>\n\u2013 Po\u0161kozen\u00ed t\u011bsnic\u00edch sou\u010d\u00e1st\u00ed m\u016f\u017ee zp\u016fsobit \u00fanik hydraulick\u00e9ho oleje.<br \/>\n\u2013 Mechanick\u00e9 opot\u0159eben\u00ed nebo po\u0161kozen\u00ed m\u016f\u017ee zp\u016fsobit nedostate\u010dn\u00fd v\u00fdkon nebo nestabiln\u00ed pohyb.<\/p>\n<p>Tipy pro \u0159e\u0161en\u00ed chyb:<br \/>\n\u2013 Zkontrolujte a upravte mno\u017estv\u00ed hydraulick\u00e9ho oleje.<br \/>\n\u2013 Vym\u011b\u0148te po\u0161kozen\u00e9 t\u011bsnic\u00ed sou\u010d\u00e1sti.<br \/>\n\u2013 Vym\u011b\u0148te opot\u0159ebovan\u00e9 nebo po\u0161kozen\u00e9 d\u00edly.<\/p>\n<p><img decoding=\"async\" src=\"https:\/\/www.hydraulic-cylinders.net\/wp-content\/uploads\/2025\/01\/songte-chushion-collar.webp\"><\/p>\n<p>Jsme profesion\u00e1ln\u00ed v\u00fdrobce n\u00e1hradn\u00edch hydraulick\u00fdch v\u00e1lc\u016f s \u0161irokou \u0161k\u00e1lou produkt\u016f. Stali jsme se jedn\u00edm z p\u0159edn\u00edch v\u00fdrobc\u016f a velkoobchodn\u00edch distributor\u016f hydraulick\u00fdch v\u00e1lc\u016f na dom\u00e1c\u00edm i mezin\u00e1rodn\u00edm trhu. V\u017edy dodr\u017eujeme princip vynikaj\u00edc\u00ed kvality, spol\u00e9h\u00e1me se na strategii industrializovan\u00e9ho \u0159\u00edzen\u00ed v\u00fdroby v r\u00e1mci zdokonalen\u00e9 v\u00fdrobn\u00ed d\u00edlny a neust\u00e1le zlep\u0161ujeme na\u0161i technickou \u00farove\u0148 a efektivitu v\u00fdroby. Zav\u00e1d\u011bn\u00edm \u0161pi\u010dkov\u00e9ho digit\u00e1ln\u00edho v\u00fdrobn\u00edho za\u0159\u00edzen\u00ed a profesion\u00e1ln\u00edch testovac\u00edch syst\u00e9m\u016f neust\u00e1le optimalizujeme v\u00fdrobn\u00ed platformu, zlep\u0161ujeme proces kontroly kvality v\u00fdrobk\u016f a m\u00e1me siln\u00e9 inova\u010dn\u00ed schopnosti. Na\u0161\u00edm c\u00edlem je uspokojovat rozmanit\u00e9 pot\u0159eby z\u00e1kazn\u00edk\u016f s principy efektivity, p\u0159esnosti a vysok\u00e9 kvality.<\/p>\n<p>Nab\u00edz\u00edme profesion\u00e1ln\u00ed slu\u017eby, mezin\u00e1rodn\u00ed certifikace, slu\u017eby na m\u00edru, v\u00fdrobn\u00ed za\u0159\u00edzen\u00ed a poprodejn\u00ed servis.<\/p>\n<p><img decoding=\"async\" src=\"https:\/\/www.hydraulic-cylinders.net\/wp-content\/uploads\/2025\/01\/songte-company-4.webp\"><br \/>\n<img decoding=\"async\" src=\"https:\/\/www.hydraulic-cylinders.net\/wp-content\/uploads\/2025\/01\/songte-company-3.webp\"><br \/>\nAutor: lyl.<\/p>","protected":false},"excerpt":{"rendered":"<p>Arm Cylinder for XCMG Large Excavator XE700C Arm cylinder is a type of specially designed hydraulic cylinder that is mainly used to provide linear motion and power to the arms of various types of machinery, such as excavators, cranes, and mechanical arms. The arm cylinder plays a critical role in hydraulic systems, enabling the effective [&hellip;]<\/p>","protected":false},"featured_media":14766,"comment_status":"open","ping_status":"closed","template":"","meta":{"_et_pb_use_builder":"","_et_pb_old_content":"","_et_gb_content_width":""},"product_brand":[],"product_cat":[1497],"product_tag":[1498,1496],"class_list":{"0":"post-16412","1":"product","2":"type-product","3":"status-publish","4":"has-post-thumbnail","6":"product_cat-arm-cylinders","7":"product_tag-arm-cylinders","8":"product_tag-hydraulic-cylinders","10":"first","11":"instock","12":"shipping-taxable","13":"product-type-simple"},"amp_enabled":true,"_links":{"self":[{"href":"https:\/\/www.hydraulic-cylinders.net\/cs\/wp-json\/wp\/v2\/product\/16412","targetHints":{"allow":["GET"]}}],"collection":[{"href":"https:\/\/www.hydraulic-cylinders.net\/cs\/wp-json\/wp\/v2\/product"}],"about":[{"href":"https:\/\/www.hydraulic-cylinders.net\/cs\/wp-json\/wp\/v2\/types\/product"}],"replies":[{"embeddable":true,"href":"https:\/\/www.hydraulic-cylinders.net\/cs\/wp-json\/wp\/v2\/comments?post=16412"}],"wp:featuredmedia":[{"embeddable":true,"href":"https:\/\/www.hydraulic-cylinders.net\/cs\/wp-json\/wp\/v2\/media\/14766"}],"wp:attachment":[{"href":"https:\/\/www.hydraulic-cylinders.net\/cs\/wp-json\/wp\/v2\/media?parent=16412"}],"wp:term":[{"taxonomy":"product_brand","embeddable":true,"href":"https:\/\/www.hydraulic-cylinders.net\/cs\/wp-json\/wp\/v2\/product_brand?post=16412"},{"taxonomy":"product_cat","embeddable":true,"href":"https:\/\/www.hydraulic-cylinders.net\/cs\/wp-json\/wp\/v2\/product_cat?post=16412"},{"taxonomy":"product_tag","embeddable":true,"href":"https:\/\/www.hydraulic-cylinders.net\/cs\/wp-json\/wp\/v2\/product_tag?post=16412"}],"curies":[{"name":"wp","href":"https:\/\/api.w.org\/{rel}","templated":true}]}}