{"id":16414,"date":"2025-01-20T09:13:41","date_gmt":"2025-01-20T09:13:41","guid":{"rendered":"https:\/\/www.hydraulic-cylinders.net\/product\/arm-cylinderfor-xcmg-large-excavator-xe490ck\/"},"modified":"2025-01-20T09:13:43","modified_gmt":"2025-01-20T09:13:43","slug":"arm-cylinderfor-xcmg-large-excavator-xe490ck","status":"publish","type":"product","link":"https:\/\/www.hydraulic-cylinders.net\/cs\/produkt\/arm-cylinderfor-xcmg-large-excavator-xe490ck\/","title":{"rendered":"V\u00e1lec ramene pro velk\u00e9 rypadlo XCMG XE490CK"},"content":{"rendered":"<h1>V\u00e1lec ramene pro velk\u00e9 rypadlo XCMG XE490CK<\/h1>\n<h2>Definice produktu<\/h2>\n<p>V\u00e1lec ramene je speci\u00e1ln\u011b navr\u017een\u00fd hydraulick\u00fd v\u00e1lec, kter\u00fd zaji\u0161\u0165uje line\u00e1rn\u00ed pohyb a s\u00edlu ramene r\u016fzn\u00fdch stroj\u016f, jako jsou bagry, je\u0159\u00e1by a mechanick\u00e1 ramena. Hraje kl\u00ed\u010dovou roli v hydraulick\u00fdch syst\u00e9mech, proto\u017ee umo\u017e\u0148uje efektivn\u00ed pohyb a ovl\u00e1d\u00e1n\u00ed dal\u0161\u00edho n\u00e1\u0159ad\u00ed nebo p\u0159\u00edslu\u0161enstv\u00ed. Tyto v\u00e1lce nejen umo\u017e\u0148uj\u00ed plynul\u00fd pohyb, ale tak\u00e9 odol\u00e1vaj\u00ed t\u011b\u017ek\u00fdm z\u00e1t\u011b\u017e\u00edm, \u010d\u00edm\u017e zaji\u0161\u0165uj\u00ed efektivn\u00ed provoz a spolehlivost stroj\u016f za r\u016fzn\u00fdch pracovn\u00edch podm\u00ednek.<\/p>\n<p><img decoding=\"async\" src=\"https:\/\/www.hydraulic-cylinders.net\/wp-content\/uploads\/2025\/01\/songte-company-2.webp\"><\/p>\n<h2>Vlastnosti produktu<\/h2>\n<ul>\n<li><strong>Vysoce \u00fa\u010dinn\u00fd p\u0159enos:<\/strong> V\u00e1lec ramene poskytuje siln\u00fd line\u00e1rn\u00ed pohyb a s\u00edlu, co\u017e zaji\u0161\u0165uje vysok\u00fd v\u00fdkon mechanick\u00e9ho ramene v r\u016fzn\u00fdch operac\u00edch.<\/li>\n<li><strong>P\u0159esn\u00e9 ovl\u00e1d\u00e1n\u00ed:<\/strong> D\u00edky hydraulick\u00e9mu syst\u00e9mu dosahuje v\u00e1lec ramene p\u0159esn\u00e9ho \u0159\u00edzen\u00ed pohybu, co\u017e umo\u017e\u0148uje flexibiln\u011bj\u0161\u00ed a p\u0159esn\u011bj\u0161\u00ed ovl\u00e1d\u00e1n\u00ed p\u0159ipojen\u00e9ho n\u00e1\u0159ad\u00ed.<\/li>\n<li><strong>Trvanlivost:<\/strong> V\u00e1lce ramen jsou obvykle vyrobeny z vysoce pevn\u00fdch materi\u00e1l\u016f, kter\u00e9 poskytuj\u00ed vynikaj\u00edc\u00ed odolnost proti opot\u0159eben\u00ed a korozi, d\u00edky \u010demu\u017e jsou vhodn\u00e9 pro dlouhodob\u00e9 pou\u017e\u00edv\u00e1n\u00ed v n\u00e1ro\u010dn\u00fdch podm\u00ednk\u00e1ch.<\/li>\n<li><strong>Multifunk\u010dn\u00ed p\u0159izp\u016fsobivost:<\/strong> Tyto v\u00e1lce lze \u0161iroce pou\u017e\u00edvat v r\u016fzn\u00fdch stroj\u00edch, jako jsou bagry, je\u0159\u00e1by a mechanick\u00e1 ramena, a p\u0159izp\u016fsobit se tak r\u016fzn\u00fdm pracovn\u00edm po\u017eadavk\u016fm.<\/li>\n<li><strong>Snadn\u00e1 \u00fadr\u017eba:<\/strong> V\u00e1lce ramen, navr\u017een\u00e9 pro snadnou \u00fadr\u017ebu a v\u00fdm\u011bnu, usnad\u0148uj\u00ed pravideln\u00e9 kontroly a \u00fadr\u017ebu, \u010d\u00edm\u017e zkracuj\u00ed prostoje za\u0159\u00edzen\u00ed.<\/li>\n<\/ul>\n<p><img decoding=\"async\" src=\"https:\/\/www.hydraulic-cylinders.net\/wp-content\/uploads\/2025\/01\/songte-oil-pipes-and-spare-parts.webp\"><\/p>\n<h2>Sc\u00e9n\u00e1\u0159e aplikac\u00ed<\/h2>\n<p>V\u00e1lce ramen nach\u00e1zej\u00ed uplatn\u011bn\u00ed v r\u016fzn\u00fdch pr\u016fmyslov\u00fdch odv\u011btv\u00edch:<\/p>\n<h3>1. Stavebn\u00ed in\u017een\u00fdrstv\u00ed<\/h3>\n<p>U bagr\u016f a je\u0159\u00e1b\u016f ovl\u00e1daj\u00ed v\u00e1lce ramen pohyb l\u017eic nebo v\u00fdlo\u017en\u00edk\u016f, co\u017e usnad\u0148uje zemn\u00ed pr\u00e1ce, manipulaci s materi\u00e1lem a mont\u00e1\u017e konstrukc\u00ed.<\/p>\n<h3>2. V\u00fdroba<\/h3>\n<p>V automatizovan\u00fdch v\u00fdrobn\u00edch link\u00e1ch umo\u017e\u0148uj\u00ed v\u00e1lce ramen pohyb mechanick\u00fdch ramen, co\u017e podporuje procesy, jako je mont\u00e1\u017e, sva\u0159ov\u00e1n\u00ed a manipulace s materi\u00e1lem, a t\u00edm zlep\u0161uje efektivitu a p\u0159esnost v\u00fdroby.<\/p>\n<h3>3. Zem\u011bd\u011blsk\u00e9 stroje<\/h3>\n<p>V zem\u011bd\u011blsk\u00fdch stroj\u00edch, jako jsou skl\u00edzec\u00ed a sec\u00ed stroje, ovl\u00e1daj\u00ed v\u00e1lce ramen pohyb ovl\u00e1dac\u00edch ramen a prov\u00e1d\u011bj\u00ed \u00fakoly, jako je set\u00ed, hnojen\u00ed a sklize\u0148.<\/p>\n<h3>4. T\u011b\u017eba<\/h3>\n<p>V t\u011b\u017eebn\u00edch za\u0159\u00edzen\u00edch reguluj\u00ed v\u00e1lce ramen t\u011b\u017eebn\u00edch za\u0159\u00edzen\u00ed pohyb ramen, co\u017e usnad\u0148uje t\u011b\u017ebu a p\u0159epravu rudy.<\/p>\n<h3>5. Logistika a doprava<\/h3>\n<p>U vysokozdvi\u017en\u00fdch voz\u00edk\u016f a manipula\u010dn\u00edch robot\u016f ovl\u00e1daj\u00ed v\u00e1lce ramen zved\u00e1n\u00ed a pohyb vidlic, co\u017e umo\u017e\u0148uje manipulaci s materi\u00e1lem a jeho stohov\u00e1n\u00ed.<\/p>\n<p><img decoding=\"async\" src=\"https:\/\/www.hydraulic-cylinders.net\/wp-content\/uploads\/2025\/01\/songte-cylinder-head-with-all-kinds-excavator-models.webp\"><\/p>\n<h2>Konstruk\u010dn\u00ed aspekty a krit\u00e9ria v\u00fdb\u011bru<\/h2>\n<p>P\u0159i navrhov\u00e1n\u00ed v\u00e1lc\u016f ramen je t\u0159eba vz\u00edt v \u00favahu n\u011bkolik faktor\u016f a krit\u00e9ri\u00ed v\u00fdb\u011bru:<\/p>\n<h3>1. Nosnost<\/h3>\n<p>V\u00e1lce ramen by m\u011bly b\u00fdt navr\u017eeny tak, aby odolaly specifick\u00fdm po\u017eadavk\u016fm na zat\u00ed\u017een\u00ed stroj\u016f, ve kter\u00fdch se pou\u017e\u00edvaj\u00ed, aby byl zaji\u0161t\u011bn bezpe\u010dn\u00fd a efektivn\u00ed provoz.<\/p>\n<h3>2. T\u011bsn\u011bn\u00ed<\/h3>\n<p>M\u011bly by se pou\u017e\u00edvat r\u016fzn\u00e9 t\u011bsnic\u00ed komponenty, jako jsou t\u011bsn\u011bn\u00ed p\u00edst\u016f a p\u00edstnic. Tato t\u011bsn\u011bn\u00ed jsou obvykle vyrobena z materi\u00e1l\u016f odoln\u00fdch proti opot\u0159eben\u00ed, jako je polyuretan a nitrilov\u00e1 pry\u017e. T\u011bleso v\u00e1lce a z\u00e1vitov\u00e9 konce by nav\u00edc m\u011bly b\u00fdt jemn\u011b povrchov\u011b upraveny pro zv\u00fd\u0161en\u00ed odolnosti proti opot\u0159eben\u00ed. Pro spr\u00e1vn\u00e9 ut\u011bsn\u011bn\u00ed a maz\u00e1n\u00ed je nezbytn\u00e9 pravideln\u00e9 maz\u00e1n\u00ed vhodn\u00fdm hydraulick\u00fdm olejem.<\/p>\n<p><img decoding=\"async\" src=\"https:\/\/www.hydraulic-cylinders.net\/wp-content\/uploads\/2025\/01\/songte-chushion-collar.webp\"><\/p>\n<h3>3. Trvanlivost<\/h3>\n<p>V\u00e1lce ramen by m\u011bly b\u00fdt vyrobeny z materi\u00e1l\u016f s vysokou odolnost\u00ed a odolnost\u00ed proti korozi, aby odolaly n\u00e1ro\u010dn\u00fdm provozn\u00edm podm\u00ednk\u00e1m.<\/p>\n<h3>4. Bezpe\u010dnost<\/h3>\n<p>Konstrukce v\u00e1lc\u016f ramen s bezpe\u010dnostn\u00edmi prvky, jako jsou p\u0159etlakov\u00e9 ventily a tla\u010d\u00edtka nouzov\u00e9ho zastaven\u00ed, zaji\u0161\u0165uje ochranu obsluhy i stroj\u016f.<\/p>\n<h3>5. Udr\u017eovatelnost<\/h3>\n<p>Mezi aspekty snadn\u00e9 \u00fadr\u017eby a oprav pat\u0159\u00ed p\u0159\u00edstupn\u00e9 komponenty, p\u0159ehledn\u00e1 dokumentace a dostupnost n\u00e1hradn\u00edch d\u00edl\u016f, aby se minimalizovaly prostoje b\u011bhem b\u011b\u017en\u00fdch kontrol a oprav.<\/p>\n<h2>Pravideln\u00e1 kontrola a preventivn\u00ed \u00fadr\u017eba<\/h2>\n<p>Pro zaji\u0161t\u011bn\u00ed optim\u00e1ln\u00edho v\u00fdkonu a dlouh\u00e9 \u017eivotnosti v\u00e1lc\u016f ramen je t\u0159eba dodr\u017eovat n\u00e1sleduj\u00edc\u00ed preventivn\u00ed opat\u0159en\u00ed:<\/p>\n<ul>\n<li>Pravideln\u011b kontrolujte v\u00e1lec, zda nevykazuje zn\u00e1mky po\u0161kozen\u00ed, net\u011bsnosti nebo abnorm\u00e1ln\u00edho opot\u0159eben\u00ed.<\/li>\n<li>Zkontrolujte a v p\u0159\u00edpad\u011b pot\u0159eby vym\u011b\u0148te opot\u0159ebovan\u00e1 t\u011bsn\u011bn\u00ed a dal\u0161\u00ed sou\u010d\u00e1sti.<\/li>\n<li>Zajist\u011bte spr\u00e1vn\u00e9 maz\u00e1n\u00ed doporu\u010den\u00fdm hydraulick\u00fdm olejem.<\/li>\n<li>Kontrolujte a udr\u017eujte souvisej\u00edc\u00ed hydraulick\u00e1 potrub\u00ed a spoje.<\/li>\n<li>Dodr\u017eujte pokyny v\u00fdrobce ohledn\u011b \u00fadr\u017eby a servisn\u00edch interval\u016f.<\/li>\n<\/ul>\n<h2>Pr\u016fvodce instalac\u00ed produktu<\/h2>\n<p>Spr\u00e1vn\u00e1 instalace v\u00e1lc\u016f ramen je z\u00e1sadn\u00ed pro jejich v\u00fdkon a bezpe\u010dnost. Postupujte podle t\u011bchto krok\u016f:<\/p>\n<ol>\n<li>Ujist\u011bte se, \u017ee je stroj vypnut\u00fd a ve\u0161ker\u00fd hydraulick\u00fd tlak je uvoln\u011bn.<\/li>\n<li>Opatrn\u011b um\u00edst\u011bte v\u00e1lec ramene na ur\u010den\u00e9 m\u00edsto pro mont\u00e1\u017e.<\/li>\n<li>Securely connect the cylinder&#8217;s hydraulic hoses to the appropriate fittings.<\/li>\n<li>Zkontrolujte p\u0159\u00edpadn\u00e9 net\u011bsnosti a ujist\u011bte se, \u017ee jsou v\u0161echna spojen\u00ed t\u011bsn\u00e1.<\/li>\n<li>Otestujte funkci v\u00e1lce ramene, abyste se ujistili o jeho spr\u00e1vn\u00e9 funkci.<\/li>\n<\/ol>\n<p><img decoding=\"async\" src=\"https:\/\/www.hydraulic-cylinders.net\/wp-content\/uploads\/2025\/01\/songte-bushings-with-all-kinds-of-excavator-models.webp\"><\/p>\n<h2>Bezpe\u010dnostn\u00ed aspekty a faktory prost\u0159ed\u00ed<\/h2>\n<p>P\u0159i pr\u00e1ci s v\u00e1lci ramen je nezbytn\u00e9 up\u0159ednostnit bezpe\u010dnostn\u00ed opat\u0159en\u00ed. M\u011bla by b\u00fdt p\u0159ijata bezpe\u010dnostn\u00ed opat\u0159en\u00ed k ochran\u011b obsluhy, za\u0159\u00edzen\u00ed a \u017eivotn\u00edho prost\u0159ed\u00ed. Dodr\u017eov\u00e1n\u00ed bezpe\u010dnostn\u00edch pokyn\u016f a protokol\u016f je z\u00e1sadn\u00ed pro prevenci nehod a udr\u017een\u00ed bezpe\u010dn\u00e9ho pracovn\u00edho prost\u0159ed\u00ed.<\/p>\n<h2>Odstra\u0148ov\u00e1n\u00ed probl\u00e9m\u016f a b\u011b\u017en\u00e9 probl\u00e9my<\/h2>\n<p>V\u00e1lce ramen se mohou pot\u00fdkat s r\u016fzn\u00fdmi z\u00e1vadami nebo probl\u00e9my. Zde jsou n\u011bkter\u00e9 b\u011b\u017en\u00e9 probl\u00e9my a jejich mo\u017en\u00e1 \u0159e\u0161en\u00ed:<\/p>\n<ul>\n<li><strong>\u00danik:<\/strong> Zkontrolujte a vym\u011b\u0148te po\u0161kozen\u00e1 t\u011bsn\u011bn\u00ed nebo spoje. Zajist\u011bte spr\u00e1vn\u00e9 uta\u017een\u00ed a maz\u00e1n\u00ed.<\/li>\n<li><strong>Pomal\u00e1 nebo ne\u00fapln\u00e1 operace:<\/strong> Zkontrolujte hydraulick\u00fd syst\u00e9m, zda nen\u00ed ucpan\u00fd nebo zda v n\u011bm nen\u00ed n\u00edzk\u00e1 hladina kapaliny. Vy\u010dist\u011bte nebo vym\u011b\u0148te ucpan\u00e9 filtry.<\/li>\n<li><strong>Nadm\u011brn\u00fd hluk nebo vibrace:<\/strong> Zkontrolujte uvoln\u011bn\u00e9 spoje nebo po\u0161kozen\u00e9 sou\u010d\u00e1sti. V p\u0159\u00edpad\u011b pot\u0159eby ut\u00e1hn\u011bte nebo vym\u011b\u0148te.<\/li>\n<\/ul>\n<p>Pravideln\u00e1 \u00fadr\u017eba, rychl\u00e9 odstra\u0148ov\u00e1n\u00ed probl\u00e9m\u016f a jejich \u0159e\u0161en\u00ed v\u010das mohou pomoci minimalizovat prostoje a zajistit optim\u00e1ln\u00ed v\u00fdkon v\u00e1lc\u016f ramene.<\/p>\n<p><img decoding=\"async\" src=\"https:\/\/www.hydraulic-cylinders.net\/wp-content\/uploads\/2025\/01\/songte-chushion-collar.webp\"><\/p>\n<h2>O n\u00e1s<\/h2>\n<p>We are a professional manufacturer of replacement hydraulic cylinders, offering a wide range of products. We have become one of the leading manufacturers and wholesale distributors of hydraulic cylinders in both domestic and international markets. Our commitment to excellence in quality is backed by our industry-standard manufacturing workshop, implementing efficient production management strategies to continuously improve our technological capabilities and production efficiency. Our advanced digital manufacturing equipment and professional testing systems enable us to optimize our manufacturing platform and enhance product quality control processes, ensuring our strong ability to innovate. We aim to meet our customers&#8217; diverse needs with principles of efficiency, precision, and high quality.<\/p>\n<p><img decoding=\"async\" src=\"https:\/\/www.hydraulic-cylinders.net\/wp-content\/uploads\/2025\/01\/songte-company-4.webp\"><br \/>\n<img decoding=\"async\" src=\"https:\/\/www.hydraulic-cylinders.net\/wp-content\/uploads\/2025\/01\/songte-company-3.webp\"><\/p>\n<p><em>Autor: lyl<\/em><\/p>","protected":false},"excerpt":{"rendered":"<p>Arm Cylinder For XCMG Large Excavator XE490CK Product Definition An arm cylinder is a specially designed hydraulic cylinder that provides linear motion and power to the arm of various machinery, such as excavators, cranes, and mechanical arms. It plays a crucial role in hydraulic systems, allowing for efficient movement and control of additional tools or [&hellip;]<\/p>","protected":false},"featured_media":14759,"comment_status":"open","ping_status":"closed","template":"","meta":{"_et_pb_use_builder":"","_et_pb_old_content":"","_et_gb_content_width":""},"product_brand":[],"product_cat":[1497],"product_tag":[1498,1496],"class_list":{"0":"post-16414","1":"product","2":"type-product","3":"status-publish","4":"has-post-thumbnail","6":"product_cat-arm-cylinders","7":"product_tag-arm-cylinders","8":"product_tag-hydraulic-cylinders","10":"first","11":"instock","12":"shipping-taxable","13":"product-type-simple"},"amp_enabled":true,"_links":{"self":[{"href":"https:\/\/www.hydraulic-cylinders.net\/cs\/wp-json\/wp\/v2\/product\/16414","targetHints":{"allow":["GET"]}}],"collection":[{"href":"https:\/\/www.hydraulic-cylinders.net\/cs\/wp-json\/wp\/v2\/product"}],"about":[{"href":"https:\/\/www.hydraulic-cylinders.net\/cs\/wp-json\/wp\/v2\/types\/product"}],"replies":[{"embeddable":true,"href":"https:\/\/www.hydraulic-cylinders.net\/cs\/wp-json\/wp\/v2\/comments?post=16414"}],"wp:featuredmedia":[{"embeddable":true,"href":"https:\/\/www.hydraulic-cylinders.net\/cs\/wp-json\/wp\/v2\/media\/14759"}],"wp:attachment":[{"href":"https:\/\/www.hydraulic-cylinders.net\/cs\/wp-json\/wp\/v2\/media?parent=16414"}],"wp:term":[{"taxonomy":"product_brand","embeddable":true,"href":"https:\/\/www.hydraulic-cylinders.net\/cs\/wp-json\/wp\/v2\/product_brand?post=16414"},{"taxonomy":"product_cat","embeddable":true,"href":"https:\/\/www.hydraulic-cylinders.net\/cs\/wp-json\/wp\/v2\/product_cat?post=16414"},{"taxonomy":"product_tag","embeddable":true,"href":"https:\/\/www.hydraulic-cylinders.net\/cs\/wp-json\/wp\/v2\/product_tag?post=16414"}],"curies":[{"name":"wp","href":"https:\/\/api.w.org\/{rel}","templated":true}]}}