{"id":16421,"date":"2025-01-20T09:14:09","date_gmt":"2025-01-20T09:14:09","guid":{"rendered":"https:\/\/www.hydraulic-cylinders.net\/product\/arm-cylinderfor-zoomlion-small-excavator-ze85e\/"},"modified":"2025-01-20T09:14:11","modified_gmt":"2025-01-20T09:14:11","slug":"arm-cylinderfor-zoomlion-small-excavator-ze85e","status":"publish","type":"product","link":"https:\/\/www.hydraulic-cylinders.net\/cs\/produkt\/arm-cylinderfor-zoomlion-small-excavator-ze85e\/","title":{"rendered":"V\u00e1lec ramene pro mal\u00e9 rypadlo Zoomlion ZE85E"},"content":{"rendered":"<p>V\u00e1lec ramene pro mal\u00e9 rypadlo Zoomlion ZE85E<\/p>\n<p>Zaveden\u00ed<\/p>\n<p>Hydraulick\u00fd v\u00e1lec ramene je specializovan\u00fd hydraulick\u00fd v\u00e1lec pou\u017e\u00edvan\u00fd k zaji\u0161t\u011bn\u00ed line\u00e1rn\u00edho pohybu a s\u00edly ramene r\u016fzn\u00fdch stroj\u016f, jako jsou bagry, je\u0159\u00e1by a mechanick\u00e1 ramena. V\u00e1lec ramene hraje kl\u00ed\u010dovou roli v hydraulick\u00e9m syst\u00e9mu, proto\u017ee umo\u017e\u0148uje efektivn\u00ed pohyb a ovl\u00e1d\u00e1n\u00ed p\u0159\u00edslu\u0161enstv\u00ed. Tyto v\u00e1lce nejen zaji\u0161\u0165uj\u00ed plynul\u00fd pohyb, ale tak\u00e9 sn\u00e1\u0161ej\u00ed t\u011b\u017ek\u00e1 zat\u00ed\u017een\u00ed, aby zajistily efektivn\u00ed provoz a spolehlivost stroj\u016f v r\u016fzn\u00fdch pracovn\u00edch podm\u00ednk\u00e1ch.<\/p>\n<p><img decoding=\"async\" src=\"https:\/\/www.hydraulic-cylinders.net\/wp-content\/uploads\/2025\/01\/songte-company-2.webp\"><\/p>\n<p>Definice a vysv\u011btlen\u00ed<\/p>\n<p>V\u00e1lec ramene je hydraulick\u00fd v\u00e1lec pou\u017e\u00edvan\u00fd k zaji\u0161t\u011bn\u00ed line\u00e1rn\u00edho pohybu a s\u00edly ramene r\u016fzn\u00fdch stroj\u016f. Je kl\u00ed\u010dovou sou\u010d\u00e1st\u00ed hydraulick\u00e9ho syst\u00e9mu a hraje kl\u00ed\u010dovou roli v zaji\u0161t\u011bn\u00ed efektivn\u00edho pohybu a ovl\u00e1d\u00e1n\u00ed p\u0159\u00edslu\u0161enstv\u00ed nebo p\u0159\u00eddavn\u00fdch za\u0159\u00edzen\u00ed. V\u00e1lec ramene je navr\u017een tak, aby poskytoval plynul\u00fd pohyb, un\u00e1\u0161el t\u011b\u017ek\u00e9 n\u00e1klady a zaji\u0161\u0165oval spolehlivost a \u00fa\u010dinnost stroj\u016f v r\u016fzn\u00fdch pracovn\u00edch podm\u00ednk\u00e1ch.<\/p>\n<p>Funkce<\/p>\n<p>V\u00e1lec ramene m\u00e1 n\u00e1sleduj\u00edc\u00ed vlastnosti:<\/p>\n<h2>1. Vysoce \u00fa\u010dinn\u00fd p\u0159enos:<\/h2>\n<p> V\u00e1lec ramene zaji\u0161\u0165uje siln\u00fd line\u00e1rn\u00ed pohyb a s\u00edlu, co\u017e zaji\u0161\u0165uje vysokou \u00fa\u010dinnost ramene stroje p\u0159i r\u016fzn\u00fdch operac\u00edch.<\/p>\n<h2>2. P\u0159esn\u00e9 ovl\u00e1d\u00e1n\u00ed:<\/h2>\n<p> D\u00edky hydraulick\u00e9mu syst\u00e9mu m\u016f\u017ee v\u00e1lec ramene dos\u00e1hnout p\u0159esn\u00e9ho ovl\u00e1d\u00e1n\u00ed pohybu, co\u017e zvy\u0161uje flexibilitu a p\u0159esnost ovl\u00e1d\u00e1n\u00ed p\u0159\u00edslu\u0161enstv\u00ed.<\/p>\n<h2>3. Siln\u00e1 trvanlivost:<\/h2>\n<p> V\u00e1lec ramene je obvykle vyroben z vysoce pevn\u00fdch materi\u00e1l\u016f s dobrou odolnost\u00ed proti opot\u0159eben\u00ed a korozi, vhodn\u00fdch pro dlouhodob\u00e9 pou\u017eit\u00ed v n\u00e1ro\u010dn\u00fdch podm\u00ednk\u00e1ch.<\/p>\n<h2>4. Multifunk\u010dn\u00ed p\u0159izp\u016fsobivost:<\/h2>\n<p> Tyto v\u00e1lce lze \u0161iroce pou\u017e\u00edvat v r\u016fzn\u00fdch mechanick\u00fdch za\u0159\u00edzen\u00edch, jako jsou bagry, je\u0159\u00e1by a mechanick\u00e1 ramena, aby se p\u0159izp\u016fsobily r\u016fzn\u00fdm pracovn\u00edm pot\u0159eb\u00e1m.<\/p>\n<h2>5. Snadn\u00e1 \u00fadr\u017eba:<\/h2>\n<p> Konstrukce zohled\u0148uje snadnou \u00fadr\u017ebu a v\u00fdm\u011bnu, co\u017e usnad\u0148uje pravideln\u00e9 kontroly a \u00fadr\u017ebu a zkracuje prostoje za\u0159\u00edzen\u00ed.<\/p>\n<p>Tento produkt dok\u00e1\u017eeme vyrobit a n\u00e1\u0161 produkt dok\u00e1\u017ee dokonale nahradit tyto hydraulick\u00e9 v\u00e1lce.<\/p>\n<p><img decoding=\"async\" src=\"https:\/\/www.hydraulic-cylinders.net\/wp-content\/uploads\/2025\/01\/songte-oil-pipes-and-spare-parts.webp\"><\/p>\n<p>Aplikace<\/p>\n<p>V\u00e1lec ramene se pou\u017e\u00edv\u00e1 v r\u016fzn\u00fdch aplikac\u00edch, jako nap\u0159\u00edklad:<\/p>\n<h2>1. Stavebn\u00ed in\u017een\u00fdrstv\u00ed:<\/h2>\n<p> U bagr\u016f a je\u0159\u00e1b\u016f ovl\u00e1d\u00e1 v\u00e1lec ramene pohyb l\u017e\u00edce nebo v\u00fdlo\u017en\u00edku, prov\u00e1d\u00ed zemn\u00ed pr\u00e1ce, manipulaci s materi\u00e1lem a mont\u00e1\u017e konstrukc\u00ed.<\/p>\n<h2>2. V\u00fdroba:<\/h2>\n<p> V automatizovan\u00fdch v\u00fdrobn\u00edch link\u00e1ch se v\u00e1lec ramene pou\u017e\u00edv\u00e1 pro pohyb mechanick\u00fdch ramen, mont\u00e1\u017e, sva\u0159ov\u00e1n\u00ed a manipulaci, co\u017e zvy\u0161uje efektivitu a p\u0159esnost v\u00fdroby.<\/p>\n<h2>3. Zem\u011bd\u011blsk\u00e9 stroje:<\/h2>\n<p> V zem\u011bd\u011blsk\u00fdch stroj\u00edch, jako jsou skl\u00edzec\u00ed a s\u00e1zec\u00ed stroje, v\u00e1lec ramene ovl\u00e1d\u00e1 pohyb ovl\u00e1dac\u00edho ramene a prov\u00e1d\u00ed \u00fakoly, jako je s\u00e1zen\u00ed, hnojen\u00ed a sklize\u0148.<\/p>\n<h2>4. T\u011b\u017eba:<\/h2>\n<p> V t\u011b\u017eebn\u00edm za\u0159\u00edzen\u00ed se v\u00e1lec ramene pou\u017e\u00edv\u00e1 k ovl\u00e1d\u00e1n\u00ed pohybu ramene t\u011b\u017eebn\u00edho za\u0159\u00edzen\u00ed, k prov\u00e1d\u011bn\u00ed t\u011b\u017eby a p\u0159epravy rud.<\/p>\n<h2>5. Logistika a doprava:<\/h2>\n<p> U vysokozdvi\u017en\u00fdch voz\u00edk\u016f a manipula\u010dn\u00edch robot\u016f se v\u00e1lec ramene pou\u017e\u00edv\u00e1 k ovl\u00e1d\u00e1n\u00ed zved\u00e1n\u00ed a pohybu vidlic, \u010d\u00edm\u017e se realizuje manipulace a stohov\u00e1n\u00ed materi\u00e1l\u016f.<\/p>\n<p>Konstruk\u010dn\u00ed aspekty a krit\u00e9ria v\u00fdb\u011bru<\/p>\n<p>Z konstruk\u010dn\u00edch hledisek by m\u011bl m\u00edt v\u00e1lec ramene n\u00e1sleduj\u00edc\u00ed vlastnosti:<\/p>\n<h2>1. \u00danosnost:<\/h2>\n<p> V\u00e1lec ramene by m\u011bl m\u00edt dostate\u010dnou nosnost, aby odolal zat\u00ed\u017een\u00ed a zajistil stabilitu a bezpe\u010dnost stroje b\u011bhem provozu.<\/p>\n<h2>2. T\u011bsn\u011bn\u00ed:<\/h2>\n<p> V\u00e1lec ramene by m\u011bl m\u00edt spolehliv\u00e9 t\u011bsn\u011bn\u00ed, aby se zabr\u00e1nilo \u00faniku oleje a zajistil se efektivn\u00ed provoz hydraulick\u00e9ho syst\u00e9mu.<\/p>\n<h2>3. Trvanlivost:<\/h2>\n<p> V\u00e1lec ramene by m\u011bl b\u00fdt vyroben z vysoce pevn\u00fdch materi\u00e1l\u016f a m\u011bl by m\u00edt dobrou odolnost proti opot\u0159eben\u00ed a korozi, aby bylo zaji\u0161t\u011bno dlouhodob\u00e9 pou\u017e\u00edv\u00e1n\u00ed v n\u00e1ro\u010dn\u00fdch podm\u00ednk\u00e1ch.<\/p>\n<h2>4. Bezpe\u010dnost:<\/h2>\n<p> V\u00e1lec ramene by m\u011bl m\u00edt bezpe\u010dnostn\u00ed ochrann\u00e1 opat\u0159en\u00ed, aby se zabr\u00e1nilo nehod\u00e1m nebo po\u0161kozen\u00ed b\u011bhem provozu.<\/p>\n<h2>5. \u00dadr\u017eba:<\/h2>\n<p> V\u00e1lec ramene by m\u011bl b\u00fdt navr\u017een pro snadnou \u00fadr\u017ebu a v\u00fdm\u011bnu, aby se zkr\u00e1tily prostoje za\u0159\u00edzen\u00ed.<\/p>\n<p><img decoding=\"async\" src=\"https:\/\/www.hydraulic-cylinders.net\/wp-content\/uploads\/2025\/01\/songte-cylinder-head-with-all-kinds-excavator-models.webp\"><\/p>\n<p>T\u011bsn\u011bn\u00ed a maz\u00e1n\u00ed<\/p>\n<p>Pro zaji\u0161t\u011bn\u00ed efektivn\u00edho provozu hydraulick\u00e9ho syst\u00e9mu by m\u011bl v\u00e1lec ramene pou\u017e\u00edvat r\u016fzn\u00e9 t\u011bsnic\u00ed prvky, jako jsou t\u011bsn\u011bn\u00ed p\u00edstu, t\u011bsn\u011bn\u00ed p\u00edstnice atd. T\u011bsnic\u00ed prvky by m\u011bly b\u00fdt vyrobeny z materi\u00e1l\u016f odoln\u00fdch proti opot\u0159eben\u00ed, jako je polyuretan a nitrilov\u00e1 pry\u017e. T\u011bleso v\u00e1lce a povrch z\u00e1vitu by m\u011bly b\u00fdt zu\u0161lecht\u011bny pro zlep\u0161en\u00ed odolnosti proti opot\u0159eben\u00ed. Maz\u00e1n\u00ed je tak\u00e9 d\u016fle\u017eit\u00e9 pro v\u00e1lec ramene a pravideln\u011b by se m\u011blo dopl\u0148ovat odpov\u00eddaj\u00edc\u00ed mno\u017estv\u00ed hydraulick\u00e9ho oleje, aby se zajistilo maz\u00e1n\u00ed a sn\u00ed\u017eilo opot\u0159eben\u00ed.<\/p>\n<p>\u00dadr\u017eba a preventivn\u00ed opat\u0159en\u00ed<\/p>\n<p>Pravideln\u00e1 kontrola a \u00fadr\u017eba jsou nezbytn\u00e9 pro zaji\u0161t\u011bn\u00ed efektivn\u00edho provozu v\u00e1lce ramene. Preventivn\u00ed opat\u0159en\u00ed, jako je pravideln\u00e9 \u010di\u0161t\u011bn\u00ed, kontrola \u00fanik\u016f oleje a v\u00fdm\u011bna opot\u0159ebovan\u00fdch d\u00edl\u016f, mohou minimalizovat neo\u010dek\u00e1van\u00e9 prostoje a sn\u00ed\u017eit n\u00e1klady na \u00fadr\u017ebu.<\/p>\n<p>Spr\u00e1vn\u00e9 pokyny k instalaci<\/p>\n<p>The arm cylinder should be installed in accordance with the manufacturer&#8217;s instructions. The installation process should be carried out by professionals with relevant knowledge and experience. The installation steps include checking the installation dimensions, connecting the hydraulic pipelines, and debugging the motion control system.<\/p>\n<p><img decoding=\"async\" src=\"https:\/\/www.hydraulic-cylinders.net\/wp-content\/uploads\/2025\/01\/songte-bushings-with-all-kinds-of-excavator-models.webp\"><\/p>\n<p>Bezpe\u010dnostn\u00ed aspekty a faktory prost\u0159ed\u00ed<\/p>\n<p>Bezpe\u010dnost je p\u0159i provozu v\u00e1lce s ramenem d\u016fle\u017eit\u00e1. M\u011bla by b\u00fdt p\u0159ijata vhodn\u00e1 bezpe\u010dnostn\u00ed opat\u0159en\u00ed k prevenci nehod a v\u00e1lce s ramenem by m\u011bly b\u00fdt pravideln\u011b kontrolov\u00e1ny z hlediska potenci\u00e1ln\u00edch bezpe\u010dnostn\u00edch rizik. Pro zaji\u0161t\u011bn\u00ed efektivn\u00edho provozu v\u00e1lce s ramenem by m\u011bly b\u00fdt zohledn\u011bny tak\u00e9 faktory prost\u0159ed\u00ed, jako je teplota, vlhkost a pracovn\u00ed podm\u00ednky.<\/p>\n<p>Odstra\u0148ov\u00e1n\u00ed probl\u00e9m\u016f a b\u011b\u017en\u00e9 probl\u00e9my<\/p>\n<p>Mezi b\u011b\u017en\u00e9 probl\u00e9my s v\u00e1lcem ramene pat\u0159\u00ed \u00fanik oleje, abnorm\u00e1ln\u00ed hluk a nestabiln\u00ed provoz. Probl\u00e9my lze odstranit kontrolou hydraulick\u00e9ho syst\u00e9mu, t\u011bsnic\u00edch sou\u010d\u00e1st\u00ed a dal\u0161\u00edch \u010d\u00e1st\u00ed v\u00e1lce ramene. \u0158e\u0161en\u00ed m\u016f\u017ee zahrnovat v\u00fdm\u011bnu po\u0161kozen\u00fdch d\u00edl\u016f, dopln\u011bn\u00ed hydraulick\u00e9ho oleje nebo se\u0159\u00edzen\u00ed syst\u00e9mu \u0159\u00edzen\u00ed pohybu.<\/p>\n<p><img decoding=\"async\" src=\"https:\/\/www.hydraulic-cylinders.net\/wp-content\/uploads\/2025\/01\/songte-chushion-collar.webp\"><\/p>\n<p>Z\u00e1v\u011br<\/p>\n<p>We are a professional manufacturer of replacement hydraulic cylinders, with a wide range of products. We have become one of the leading hydraulic cylinder manufacturers and wholesale distributors in the domestic and international markets. We always adhere to the principle of excellent quality, relying on a fine manufacturing workshop&#8217;s industrialized production management strategy to continuously improve our technology level and production efficiency. Through the introduction of high-end digital manufacturing equipment and professional testing systems, we continuously optimize our manufacturing platform, improve our product quality control process, and have strong innovation capabilities. Our goal is to meet customers&#8217; diversified needs with high efficiency, precision, and high-quality principles.<\/p>\n<p>Z hlediska profesionality, mezin\u00e1rodn\u00ed certifikace, slu\u017eeb na m\u00edru, v\u00fdrobn\u00edho za\u0159\u00edzen\u00ed a poprodejn\u00edho servisu se sna\u017e\u00edme poskytovat z\u00e1kazn\u00edk\u016fm hydraulick\u00e9 v\u00e1lce a slu\u017eby nejvy\u0161\u0161\u00ed kvality. <\/p>\n<p><img decoding=\"async\" src=\"https:\/\/www.hydraulic-cylinders.net\/wp-content\/uploads\/2025\/01\/songte-company-4.webp\"><\/p>\n<p><img decoding=\"async\" src=\"https:\/\/www.hydraulic-cylinders.net\/wp-content\/uploads\/2025\/01\/songte-company-3.webp\"><\/p>\n<p>Autor: lyl<\/p>","protected":false},"excerpt":{"rendered":"<p>Arm Cylinder For Zoomlion Small Excavator ZE85E Introduction Arm cylinder is a specialized hydraulic cylinder used to provide linear motion and force to the arm of various machinery, such as excavators, cranes, and mechanical arms. The arm cylinder plays a critical role in the hydraulic system, allowing attachments or accessories to move and be controlled [&hellip;]<\/p>","protected":false},"featured_media":14770,"comment_status":"open","ping_status":"closed","template":"","meta":{"_et_pb_use_builder":"","_et_pb_old_content":"","_et_gb_content_width":""},"product_brand":[],"product_cat":[1497],"product_tag":[1498,1496],"class_list":{"0":"post-16421","1":"product","2":"type-product","3":"status-publish","4":"has-post-thumbnail","6":"product_cat-arm-cylinders","7":"product_tag-arm-cylinders","8":"product_tag-hydraulic-cylinders","10":"first","11":"instock","12":"shipping-taxable","13":"product-type-simple"},"amp_enabled":true,"_links":{"self":[{"href":"https:\/\/www.hydraulic-cylinders.net\/cs\/wp-json\/wp\/v2\/product\/16421","targetHints":{"allow":["GET"]}}],"collection":[{"href":"https:\/\/www.hydraulic-cylinders.net\/cs\/wp-json\/wp\/v2\/product"}],"about":[{"href":"https:\/\/www.hydraulic-cylinders.net\/cs\/wp-json\/wp\/v2\/types\/product"}],"replies":[{"embeddable":true,"href":"https:\/\/www.hydraulic-cylinders.net\/cs\/wp-json\/wp\/v2\/comments?post=16421"}],"wp:featuredmedia":[{"embeddable":true,"href":"https:\/\/www.hydraulic-cylinders.net\/cs\/wp-json\/wp\/v2\/media\/14770"}],"wp:attachment":[{"href":"https:\/\/www.hydraulic-cylinders.net\/cs\/wp-json\/wp\/v2\/media?parent=16421"}],"wp:term":[{"taxonomy":"product_brand","embeddable":true,"href":"https:\/\/www.hydraulic-cylinders.net\/cs\/wp-json\/wp\/v2\/product_brand?post=16421"},{"taxonomy":"product_cat","embeddable":true,"href":"https:\/\/www.hydraulic-cylinders.net\/cs\/wp-json\/wp\/v2\/product_cat?post=16421"},{"taxonomy":"product_tag","embeddable":true,"href":"https:\/\/www.hydraulic-cylinders.net\/cs\/wp-json\/wp\/v2\/product_tag?post=16421"}],"curies":[{"name":"wp","href":"https:\/\/api.w.org\/{rel}","templated":true}]}}