{"id":16422,"date":"2025-01-20T09:14:12","date_gmt":"2025-01-20T09:14:12","guid":{"rendered":"https:\/\/www.hydraulic-cylinders.net\/product\/arm-cylinderfor-zoomlion-small-excavator-ze150\/"},"modified":"2025-01-20T09:14:14","modified_gmt":"2025-01-20T09:14:14","slug":"arm-cylinderfor-zoomlion-small-excavator-ze150","status":"publish","type":"product","link":"https:\/\/www.hydraulic-cylinders.net\/cs\/produkt\/arm-cylinderfor-zoomlion-small-excavator-ze150\/","title":{"rendered":"V\u00e1lec ramene pro mal\u00e9 rypadlo Zoomlion ZE150"},"content":{"rendered":"<h1>V\u00e1lec ramene pro mal\u00e9 rypadlo Zoomlion ZE150<\/h1>\n<h2>Zaveden\u00ed<\/h2>\n<h3>Definov\u00e1n\u00ed v\u00e1lce ramene pro mal\u00e9 rypadlo Zoomlion ZE150<\/h3>\n<p>V\u00e1lec ramene je speci\u00e1ln\u011b navr\u017een\u00fd hydraulick\u00fd v\u00e1lec, kter\u00fd se prim\u00e1rn\u011b pou\u017e\u00edv\u00e1 k zaji\u0161t\u011bn\u00ed line\u00e1rn\u00edho pohybu a v\u00fdkonu ramen r\u016fzn\u00fdch typ\u016f stroj\u016f, jako jsou bagry, je\u0159\u00e1by a mechanick\u00e1 ramena. V\u00e1lec ramene hraje kl\u00ed\u010dovou roli v hydraulick\u00e9m syst\u00e9mu, proto\u017ee umo\u017e\u0148uje efektivn\u00ed pohyb a ovl\u00e1d\u00e1n\u00ed dal\u0161\u00edho n\u00e1\u0159ad\u00ed nebo p\u0159\u00edslu\u0161enstv\u00ed. Tyto v\u00e1lce nejen zaji\u0161\u0165uj\u00ed plynul\u00fd pohyb, ale tak\u00e9 odol\u00e1vaj\u00ed t\u011b\u017ek\u00fdm z\u00e1t\u011b\u017e\u00edm, \u010d\u00edm\u017e zaji\u0161\u0165uj\u00ed efektivn\u00ed provoz a spolehlivost stroj\u016f za r\u016fzn\u00fdch provozn\u00edch podm\u00ednek.<\/p>\n<p><img decoding=\"async\" src=\"https:\/\/www.hydraulic-cylinders.net\/wp-content\/uploads\/2025\/01\/songte-company-2.webp\" alt=\"Obr\u00e1zek v\u00e1lce ramene\"><\/p>\n<h3>Vlastnosti v\u00e1lce ramene pro mal\u00e9 rypadlo Zoomlion ZE150<\/h3>\n<ul>\n<li>Vysoce \u00fa\u010dinn\u00fd p\u0159evod: V\u00e1lec ramene poskytuje siln\u00fd line\u00e1rn\u00ed pohyb a s\u00edlu, co\u017e zaji\u0161\u0165uje vysoce \u00fa\u010dinn\u00fd v\u00fdkon mechanick\u00e9ho ramene v r\u016fzn\u00fdch operac\u00edch.<\/li>\n<li>P\u0159esn\u00e9 ovl\u00e1d\u00e1n\u00ed: D\u00edky hydraulick\u00e9mu syst\u00e9mu m\u016f\u017ee v\u00e1lec ramene dos\u00e1hnout p\u0159esn\u00e9ho ovl\u00e1d\u00e1n\u00ed pohybu, co\u017e umo\u017e\u0148uje flexibiln\u011bj\u0161\u00ed a p\u0159esn\u011bj\u0161\u00ed ovl\u00e1d\u00e1n\u00ed dal\u0161\u00edch n\u00e1stroj\u016f.<\/li>\n<li>Vysok\u00e1 odolnost: V\u00e1lce ramen jsou obvykle vyrobeny z vysoce pevn\u00fdch materi\u00e1l\u016f a maj\u00ed dobrou odolnost proti opot\u0159eben\u00ed a korozi, d\u00edky \u010demu\u017e jsou vhodn\u00e9 pro dlouhodob\u00e9 pou\u017eit\u00ed v n\u00e1ro\u010dn\u00fdch podm\u00ednk\u00e1ch.<\/li>\n<li>Multifunk\u010dn\u00ed p\u0159izp\u016fsobivost: Tyto v\u00e1lce lze \u0161iroce pou\u017e\u00edvat v r\u016fzn\u00fdch typech stroj\u016f, jako jsou bagry, je\u0159\u00e1by a mechanick\u00e1 ramena, a p\u0159izp\u016fsobit se r\u016fzn\u00fdm pracovn\u00edm po\u017eadavk\u016fm.<\/li>\n<li>Snadn\u00e1 \u00fadr\u017eba: Konstrukce zohled\u0148uje snadnou \u00fadr\u017ebu a v\u00fdm\u011bnu, d\u00edky \u010demu\u017e jsou pl\u00e1novan\u00e9 kontroly a \u00fadr\u017eba pohodln\u011bj\u0161\u00ed a zkracuj\u00ed se prostoje za\u0159\u00edzen\u00ed.<\/li>\n<\/ul>\n<p>Krom\u011b toho m\u016f\u017eeme tento produkt vyrobit a na\u0161e produkty dok\u00e1\u017e\u00ed tyto hydraulick\u00e9 v\u00e1lce dokonale nahradit.<\/p>\n<p><img decoding=\"async\" src=\"https:\/\/www.hydraulic-cylinders.net\/wp-content\/uploads\/2025\/01\/songte-oil-pipes-and-spare-parts.webp\" alt=\"Obr\u00e1zek n\u00e1hradn\u00edho produktu\"><\/p>\n<h3>Pou\u017eit\u00ed v\u00e1lce ramene pro mal\u00e9 rypadlo Zoomlion ZE150<\/h3>\n<p>V\u00e1lec ramene m\u00e1 rozmanit\u00e9 vyu\u017eit\u00ed, nap\u0159\u00edklad v:<\/p>\n<ul>\n<li>Stavebn\u00ed in\u017een\u00fdrstv\u00ed: U bagr\u016f a je\u0159\u00e1b\u016f se v\u00e1lec ramene pou\u017e\u00edv\u00e1 k ovl\u00e1d\u00e1n\u00ed pohybu l\u017e\u00edce nebo v\u00fdlo\u017en\u00edku, k prov\u00e1d\u011bn\u00ed zemn\u00edch prac\u00ed, manipulace s materi\u00e1lem a mont\u00e1\u017ee konstrukc\u00ed.<\/li>\n<li>Zpracovatelsk\u00fd pr\u016fmysl: V automatizovan\u00fdch v\u00fdrobn\u00edch link\u00e1ch se v\u00e1lec ramene pou\u017e\u00edv\u00e1 k pohybu mechanick\u00fdch ramen, prov\u00e1d\u011bn\u00ed mont\u00e1\u017en\u00edch, sva\u0159ovac\u00edch a manipula\u010dn\u00edch proces\u016f, \u010d\u00edm\u017e se zvy\u0161uje efektivita a p\u0159esnost v\u00fdroby.<\/li>\n<li>Zem\u011bd\u011blsk\u00e9 stroje: U zem\u011bd\u011blsk\u00fdch stroj\u016f, jako jsou skl\u00edzec\u00ed a sec\u00ed stroje, v\u00e1lec ramene ovl\u00e1d\u00e1 pohyb ovl\u00e1dac\u00edho ramene a prov\u00e1d\u00ed \u00fakoly, jako je set\u00ed, hnojen\u00ed a sklize\u0148.<\/li>\n<li>T\u011b\u017eba: V t\u011b\u017eebn\u00edm za\u0159\u00edzen\u00ed se v\u00e1lec ramene pou\u017e\u00edv\u00e1 k ovl\u00e1d\u00e1n\u00ed pohybu ramene t\u011b\u017eebn\u00edho za\u0159\u00edzen\u00ed, k prov\u00e1d\u011bn\u00ed t\u011b\u017eby a p\u0159epravy rudy.<\/li>\n<li>Logistika a doprava: U vysokozdvi\u017en\u00fdch voz\u00edk\u016f a manipula\u010dn\u00edch robot\u016f se v\u00e1lec ramene pou\u017e\u00edv\u00e1 k ovl\u00e1d\u00e1n\u00ed zved\u00e1n\u00ed a pohybu vidlice, \u010d\u00edm\u017e se realizuje manipulace s materi\u00e1lem a jeho stohov\u00e1n\u00ed.<\/li>\n<\/ul>\n<h2>Konstruk\u010dn\u00ed aspekty a krit\u00e9ria v\u00fdb\u011bru<\/h2>\n<h3>Nosnost<\/h3>\n<p>Nosnost v\u00e1lce ramene je kl\u00ed\u010dov\u00fdm faktorem, proto\u017ee ur\u010duje maxim\u00e1ln\u00ed hmotnost, kterou v\u00e1lec unese bez poruchy. Nosnost je ur\u010dena typem stroje a povahou operace.<\/p>\n<h3>T\u011bsn\u011bn\u00ed<\/h3>\n<p>T\u011bsn\u011bn\u00ed je z\u00e1sadn\u00edm faktorem pro zaji\u0161t\u011bn\u00ed \u00fa\u010dinnosti a trvanlivosti v\u00e1lce ramene. T\u011bsn\u011bn\u00ed p\u00edstu a t\u011bsn\u011bn\u00ed p\u00edstnice jsou dva hlavn\u00ed t\u011bsnic\u00ed prvky, kter\u00e9 zabra\u0148uj\u00ed \u00faniku kapaliny a kontaminaci.<\/p>\n<h3>Trvanlivost<\/h3>\n<p>Trvanlivost v\u00e1lce ramene je d\u00e1na kvalitou materi\u00e1l\u016f pou\u017eit\u00fdch p\u0159i jeho v\u00fdrob\u011b. Up\u0159ednost\u0148uj\u00ed se vysoce pevn\u00e9 materi\u00e1ly s dobrou odolnost\u00ed proti opot\u0159eben\u00ed a korozi.<\/p>\n<h3>Bezpe\u010dnost<\/h3>\n<p>Bezpe\u010dnost v\u00e1lce ramene je d\u016fle\u017eit\u00fdm faktorem, proto\u017ee zabra\u0148uje nehod\u00e1m a mo\u017en\u00e9mu po\u0161kozen\u00ed strojn\u00edho za\u0159\u00edzen\u00ed. Sou\u010d\u00e1st\u00ed konstrukce mus\u00ed b\u00fdt bezpe\u010dnostn\u00ed prvky, jako jsou p\u0159etlakov\u00e9 ventily a tlumic\u00ed syst\u00e9my.<\/p>\n<h3>\u00dadr\u017eba<\/h3>\n<p>Snadn\u00e1 \u00fadr\u017eba a opravy jsou dal\u0161\u00edm kritick\u00fdm faktorem, proto\u017ee zkracuj\u00ed prostoje a zvy\u0161uj\u00ed produktivitu. Konstrukce mus\u00ed zajistit snadn\u00fd p\u0159\u00edstup ke komponent\u016fm v\u00e1lce a pou\u017eit\u00ed standardn\u00edch d\u00edl\u016f a armatur.<\/p>\n<p><img decoding=\"async\" src=\"https:\/\/www.hydraulic-cylinders.net\/wp-content\/uploads\/2025\/01\/songte-cylinder-head-with-all-kinds-excavator-models.webp\" alt=\"Obr\u00e1zek hlavy v\u00e1lc\u016f\"><\/p>\n<h2>T\u011bsn\u011bn\u00ed a maz\u00e1n\u00ed<\/h2>\n<p>V\u00e1lec ramene pou\u017e\u00edv\u00e1 r\u016fzn\u00e1 t\u011bsn\u011bn\u00ed, jako jsou t\u011bsn\u011bn\u00ed p\u00edstu, t\u011bsn\u011bn\u00ed p\u00edstnice a st\u00edrac\u00ed t\u011bsn\u011bn\u00ed, aby se zabr\u00e1nilo \u00faniku kapaliny a kontaminaci. T\u011bsn\u011bn\u00ed jsou vyrobena z materi\u00e1l\u016f odoln\u00fdch proti opot\u0159eben\u00ed, jako je polyuretan a nitrilov\u00e1 pry\u017e, aby byla odoln\u00e1 proti opot\u0159eben\u00ed. Hlava v\u00e1lce a z\u00e1vitov\u00e9 konce jsou jemn\u011b opracov\u00e1ny pro zv\u00fd\u0161en\u00ed odolnosti proti opot\u0159eben\u00ed. Pravideln\u00e9 dopl\u0148ov\u00e1n\u00ed hydraulick\u00e9ho oleje je nezbytn\u00e9 pro maz\u00e1n\u00ed v\u00e1lce a zaji\u0161t\u011bn\u00ed plynul\u00e9ho chodu.<\/p>\n<h2>\u00dadr\u017eba a preventivn\u00ed opat\u0159en\u00ed<\/h2>\n<p>Pravideln\u00e1 kontrola a \u00fadr\u017eba jsou nezbytn\u00e9 pro zaji\u0161t\u011bn\u00ed efektivn\u00edho provozu a dlouh\u00e9 \u017eivotnosti v\u00e1lce ramene. M\u011bla by b\u00fdt p\u0159ijata n\u00e1sleduj\u00edc\u00ed opat\u0159en\u00ed:<\/p>\n<ul>\n<li>Pravideln\u011b kontrolujte, zda nedoch\u00e1z\u00ed k \u00fanik\u016fm nebo po\u0161kozen\u00ed t\u011blesa v\u00e1lce a t\u011bsn\u011bn\u00ed.<\/li>\n<li>Pravideln\u011b promaz\u00e1vejte v\u00e1lec hydraulick\u00fdm olejem.<\/li>\n<li>V\u010das vym\u011b\u0148te opot\u0159ebovan\u00e1 nebo po\u0161kozen\u00e1 t\u011bsn\u011bn\u00ed.<\/li>\n<li>Zajist\u011bte spr\u00e1vnou instalaci v\u00e1lce a souvisej\u00edc\u00edch sou\u010d\u00e1st\u00ed.<\/li>\n<li>Zajist\u011bte spr\u00e1vn\u00e9 usazen\u00ed v\u00e1lce a p\u00edstn\u00ed ty\u010de.<\/li>\n<\/ul>\n<p><img decoding=\"async\" src=\"https:\/\/www.hydraulic-cylinders.net\/wp-content\/uploads\/2025\/01\/songte-chushion-collar.webp\" alt=\"Obr\u00e1zek pol\u0161t\u00e1\u0159ov\u00e9ho l\u00edmce\"><\/p>\n<h2>Instala\u010dn\u00ed p\u0159\u00edru\u010dka<\/h2>\n<p>P\u0159i instalaci v\u00e1lce ramene je t\u0159eba dodr\u017eet n\u00e1sleduj\u00edc\u00ed kroky:<\/p>\n<ol>\n<li>Zkontrolujte v\u00e1lec a souvisej\u00edc\u00ed sou\u010d\u00e1sti, zda nejsou po\u0161kozen\u00e9 nebo opot\u0159ebovan\u00e9.<\/li>\n<li>O\u010dist\u011bte mont\u00e1\u017en\u00ed plochy v\u00e1lce a strojn\u00edho za\u0159\u00edzen\u00ed.<\/li>\n<li>Nainstalujte v\u00e1lec pomoc\u00ed vhodn\u00fdch mont\u00e1\u017en\u00edch konzol a p\u0159\u00edslu\u0161enstv\u00ed.<\/li>\n<li>Zajist\u011bte spr\u00e1vn\u00e9 usazen\u00ed v\u00e1lce a p\u00edstn\u00ed ty\u010de.<\/li>\n<li>P\u0159ipojte hydraulick\u00e9 hadice a armatury a zajist\u011bte spr\u00e1vn\u00fd utahovac\u00ed moment.<\/li>\n<li>Zkontrolujte spr\u00e1vnou funkci v\u00e1lce.<\/li>\n<\/ol>\n<p><img decoding=\"async\" src=\"https:\/\/www.hydraulic-cylinders.net\/wp-content\/uploads\/2025\/01\/songte-bushings-with-all-kinds-of-excavator-models.webp\" alt=\"Obr\u00e1zek pouzder\"><\/p>\n<h2>Bezpe\u010dnostn\u00ed aspekty a faktory prost\u0159ed\u00ed<\/h2>\n<p>Bezpe\u010dnost je p\u0159i pou\u017e\u00edv\u00e1n\u00ed v\u00e1lce s ramenem kl\u00ed\u010dov\u00fdm hlediskem, proto\u017ee se jedn\u00e1 o t\u011b\u017ek\u00e9 stroje a potenci\u00e1ln\u00ed nebezpe\u010d\u00ed. M\u011blo by b\u00fdt zaji\u0161t\u011bno \u0159\u00e1dn\u00e9 \u0161kolen\u00ed a instrukt\u00e1\u017e o bezpe\u010dn\u00e9m provozu stroj\u016f a v\u00e1lce. V\u00fdkon a \u017eivotnost v\u00e1lce mohou ovlivnit i faktory prost\u0159ed\u00ed, jako je teplota a vlhkost.<\/p>\n<h2>Odstra\u0148ov\u00e1n\u00ed probl\u00e9m\u016f a b\u011b\u017en\u00e9 probl\u00e9my<\/h2>\n<p>N\u00e1sleduje n\u011bkolik b\u011b\u017en\u00fdch probl\u00e9m\u016f a tipy pro jejich \u0159e\u0161en\u00ed:<\/p>\n<ul>\n<li>\u00danik kapaliny: Zkontrolujte, zda nejsou po\u0161kozen\u00e1 t\u011bsn\u011bn\u00ed nebo uvoln\u011bn\u00e9 spoje, a v p\u0159\u00edpad\u011b pot\u0159eby je vym\u011b\u0148te nebo dot\u00e1hn\u011bte.<\/li>\n<li>\u0160patn\u00fd v\u00fdkon: Zkontrolujte, zda nejsou sou\u010d\u00e1sti v\u00e1lce po\u0161kozen\u00e9 nebo opot\u0159ebovan\u00e9, a v p\u0159\u00edpad\u011b pot\u0159eby je vym\u011b\u0148te.<\/li>\n<li>Hluk: Zkontrolujte, zda nejsou uvoln\u011bn\u00e9 spoje nebo opot\u0159ebovan\u00e9 sou\u010d\u00e1sti, a v p\u0159\u00edpad\u011b pot\u0159eby je ut\u00e1hn\u011bte nebo vym\u011b\u0148te.<\/li>\n<\/ul>\n<p><img decoding=\"async\" src=\"https:\/\/www.hydraulic-cylinders.net\/wp-content\/uploads\/2025\/01\/songte-company-4.webp\" alt=\"Image spole\u010dnosti\"><\/p>\n<h2>O n\u00e1s<\/h2>\n<p>Jsme profesion\u00e1ln\u00ed v\u00fdrobce n\u00e1hradn\u00edch hydraulick\u00fdch v\u00e1lc\u016f s \u0161irokou \u0161k\u00e1lou produkt\u016f. Stali jsme se jedn\u00edm z p\u0159edn\u00edch v\u00fdrobc\u016f a velkoobchodn\u00edch distributor\u016f hydraulick\u00fdch v\u00e1lc\u016f na dom\u00e1c\u00edm i mezin\u00e1rodn\u00edm trhu. V\u017edy se dr\u017e\u00edme principu excelence a spol\u00e9h\u00e1me se na industrializovan\u00e9 strategie \u0159\u00edzen\u00ed v\u00fdroby v jemn\u00fdch v\u00fdrobn\u00edch d\u00edln\u00e1ch, abychom neust\u00e1le zlep\u0161ovali na\u0161i technologii a efektivitu v\u00fdroby. Zav\u00e1d\u011bn\u00edm \u0161pi\u010dkov\u00e9ho digit\u00e1ln\u00edho v\u00fdrobn\u00edho za\u0159\u00edzen\u00ed a profesion\u00e1ln\u00edch detek\u010dn\u00edch syst\u00e9m\u016f neust\u00e1le optimalizujeme na\u0161i v\u00fdrobn\u00ed platformu a zlep\u0161ujeme proces kontroly kvality na\u0161ich v\u00fdrobk\u016f, p\u0159i\u010dem\u017e disponujeme siln\u00fdmi inova\u010dn\u00edmi schopnostmi. Na\u0161\u00edm c\u00edlem je uspokojovat rozmanit\u00e9 pot\u0159eby z\u00e1kazn\u00edk\u016f s vysokou \u00fa\u010dinnost\u00ed, p\u0159esnost\u00ed a vysoce kvalitn\u00edmi produkty.<\/p>\n<h3>Profesionalita<\/h3>\n<p>M\u00e1me profesion\u00e1ln\u00ed t\u00fdm s rozs\u00e1hl\u00fdmi zku\u0161enostmi v oboru a odborn\u00fdmi znalostmi v oblasti n\u00e1vrhu, v\u00fdroby a \u00fadr\u017eby hydraulick\u00fdch v\u00e1lc\u016f, co\u017e zaji\u0161\u0165uje, \u017ee na\u0161im z\u00e1kazn\u00edk\u016fm poskytujeme komplexn\u00ed a vysoce kvalitn\u00ed slu\u017eby.<\/p>\n<h3>Mezin\u00e1rodn\u00ed certifikace<\/h3>\n<p>Na\u0161e v\u00fdrobky pro\u0161ly mezin\u00e1rodn\u00ed certifikac\u00ed, jako je ISO9001 a CE, co\u017e zaji\u0161\u0165uje, \u017ee na\u0161e v\u00fdrobky spl\u0148uj\u00ed mezin\u00e1rodn\u00ed standardy kvality.<\/p>\n<h3>Slu\u017eby p\u0159izp\u016fsoben\u00ed<\/h3>\n<p>Poskytujeme slu\u017eby na m\u00edru, abychom splnili rozmanit\u00e9 pot\u0159eby na\u0161ich z\u00e1kazn\u00edk\u016f, v\u010detn\u011b zak\u00e1zkov\u00fdch typ\u016f, velikost\u00ed a specifikac\u00ed v\u00e1lc\u016f, abychom zajistili, \u017ee na\u0161e produkty spl\u0148uj\u00ed jejich specifick\u00e9 po\u017eadavky.<\/p>\n<p><img decoding=\"async\" src=\"https:\/\/www.hydraulic-cylinders.net\/wp-content\/uploads\/2025\/01\/songte-company-3.webp\" alt=\"Obr\u00e1zek produkce spole\u010dnosti\"><\/p>\n<h3>V\u00fdrobn\u00ed za\u0159\u00edzen\u00ed<\/h3>\n<p>Pou\u017e\u00edv\u00e1me \u0161pi\u010dkov\u00e9 digit\u00e1ln\u00ed v\u00fdrobn\u00ed za\u0159\u00edzen\u00ed, jako jsou CNC obr\u00e1b\u011bc\u00ed centra, abychom zajistili p\u0159esnost a kvalitu na\u0161ich v\u00fdrobk\u016f.<\/p>\n<h3>Poprodejn\u00ed servis<\/h3>\n<p>Poskytujeme komplexn\u00ed poprodejn\u00ed servis, abychom zajistili spokojenost na\u0161ich z\u00e1kazn\u00edk\u016f s na\u0161imi produkty a slu\u017ebami. Poskytujeme technickou podporu a poradenstv\u00ed v oblasti \u00fadr\u017eby a oprav produkt\u016f a na na\u0161e produkty nab\u00edz\u00edme z\u00e1ruku.<\/p>\n<p>Autor: lyl<\/p>","protected":false},"excerpt":{"rendered":"<p>Arm Cylinder for Zoomlion Small Excavator ZE150 Introduction Defining Arm Cylinder for Zoomlion Small Excavator ZE150 The arm cylinder is a specially designed hydraulic cylinder that is primarily used to provide linear motion and power to the arms of various types of machinery, such as excavators, cranes, and mechanical arms. The arm cylinder plays a [&hellip;]<\/p>","protected":false},"featured_media":14766,"comment_status":"open","ping_status":"closed","template":"","meta":{"_et_pb_use_builder":"","_et_pb_old_content":"","_et_gb_content_width":""},"product_brand":[],"product_cat":[1497],"product_tag":[1498,1496],"class_list":{"0":"post-16422","1":"product","2":"type-product","3":"status-publish","4":"has-post-thumbnail","6":"product_cat-arm-cylinders","7":"product_tag-arm-cylinders","8":"product_tag-hydraulic-cylinders","10":"first","11":"instock","12":"shipping-taxable","13":"product-type-simple"},"amp_enabled":true,"_links":{"self":[{"href":"https:\/\/www.hydraulic-cylinders.net\/cs\/wp-json\/wp\/v2\/product\/16422","targetHints":{"allow":["GET"]}}],"collection":[{"href":"https:\/\/www.hydraulic-cylinders.net\/cs\/wp-json\/wp\/v2\/product"}],"about":[{"href":"https:\/\/www.hydraulic-cylinders.net\/cs\/wp-json\/wp\/v2\/types\/product"}],"replies":[{"embeddable":true,"href":"https:\/\/www.hydraulic-cylinders.net\/cs\/wp-json\/wp\/v2\/comments?post=16422"}],"wp:featuredmedia":[{"embeddable":true,"href":"https:\/\/www.hydraulic-cylinders.net\/cs\/wp-json\/wp\/v2\/media\/14766"}],"wp:attachment":[{"href":"https:\/\/www.hydraulic-cylinders.net\/cs\/wp-json\/wp\/v2\/media?parent=16422"}],"wp:term":[{"taxonomy":"product_brand","embeddable":true,"href":"https:\/\/www.hydraulic-cylinders.net\/cs\/wp-json\/wp\/v2\/product_brand?post=16422"},{"taxonomy":"product_cat","embeddable":true,"href":"https:\/\/www.hydraulic-cylinders.net\/cs\/wp-json\/wp\/v2\/product_cat?post=16422"},{"taxonomy":"product_tag","embeddable":true,"href":"https:\/\/www.hydraulic-cylinders.net\/cs\/wp-json\/wp\/v2\/product_tag?post=16422"}],"curies":[{"name":"wp","href":"https:\/\/api.w.org\/{rel}","templated":true}]}}