{"id":16424,"date":"2025-01-20T09:14:29","date_gmt":"2025-01-20T09:14:29","guid":{"rendered":"https:\/\/www.hydraulic-cylinders.net\/product\/arm-cylinderfor-zoomlion-middle-excavator-ze205e\/"},"modified":"2025-01-20T09:14:31","modified_gmt":"2025-01-20T09:14:31","slug":"arm-cylinderfor-zoomlion-middle-excavator-ze205e","status":"publish","type":"product","link":"https:\/\/www.hydraulic-cylinders.net\/cs\/produkt\/arm-cylinderfor-zoomlion-middle-excavator-ze205e\/","title":{"rendered":"V\u00e1lec ramene pro st\u0159edov\u00fd bagr Zoomlion ZE205E"},"content":{"rendered":"<h2>V\u00e1lec ramene pro st\u0159edov\u00fd bagr Zoomlion ZE205E<\/h2>\n<p>V\u00e1lec ramene je speci\u00e1ln\u011b navr\u017een\u00fd hydraulick\u00fd v\u00e1lec, kter\u00fd zaji\u0161\u0165uje line\u00e1rn\u00ed pohyb a s\u00edlu ramene r\u016fzn\u00fdch stroj\u016f, jako jsou bagry, je\u0159\u00e1by a robotick\u00e1 ramena. Hraje kl\u00ed\u010dovou roli v hydraulick\u00fdch syst\u00e9mech, proto\u017ee umo\u017e\u0148uje efektivn\u00ed pohyb a ovl\u00e1d\u00e1n\u00ed p\u0159\u00edslu\u0161enstv\u00ed nebo p\u0159\u00eddavn\u00fdch za\u0159\u00edzen\u00ed. Tyto v\u00e1lce nejen umo\u017e\u0148uj\u00ed plynul\u00fd pohyb, ale tak\u00e9 odol\u00e1vaj\u00ed t\u011b\u017ek\u00fdm z\u00e1t\u011b\u017e\u00edm, \u010d\u00edm\u017e zaji\u0161\u0165uj\u00ed efektivn\u00ed provoz a spolehlivost stroj\u016f za r\u016fzn\u00fdch pracovn\u00edch podm\u00ednek.<\/p>\n<p><img decoding=\"async\" src=\"https:\/\/www.hydraulic-cylinders.net\/wp-content\/uploads\/2025\/01\/songte-company-2.webp\"><\/p>\n<h3>Vlastnosti v\u00e1lce ramene<\/h3>\n<ol>\n<li>Vysoce \u00fa\u010dinn\u00fd p\u0159enos v\u00fdkonu: V\u00e1lec ramene poskytuje siln\u00fd line\u00e1rn\u00ed pohyb a s\u00edlu, co\u017e zaji\u0161\u0165uje vysoce v\u00fdkonn\u00e9 schopnosti robotick\u00e9ho ramene v r\u016fzn\u00fdch operac\u00edch.<\/li>\n<li>P\u0159esn\u00e9 ovl\u00e1d\u00e1n\u00ed: D\u00edky hydraulick\u00e9mu syst\u00e9mu umo\u017e\u0148uje v\u00e1lec ramene p\u0159esn\u00e9 ovl\u00e1d\u00e1n\u00ed pohybu, \u010d\u00edm\u017e je ovl\u00e1d\u00e1n\u00ed p\u0159\u00edslu\u0161enstv\u00ed flexibiln\u011bj\u0161\u00ed a p\u0159esn\u011bj\u0161\u00ed.<\/li>\n<li>Vysok\u00e1 odolnost: V\u00e1lce ramen jsou obvykle vyrobeny z vysoce pevn\u00fdch materi\u00e1l\u016f, kter\u00e9 nab\u00edzej\u00ed vynikaj\u00edc\u00ed odolnost proti opot\u0159eben\u00ed a korozi, a jsou vhodn\u00e9 pro dlouhodob\u00e9 pou\u017e\u00edv\u00e1n\u00ed v n\u00e1ro\u010dn\u00fdch podm\u00ednk\u00e1ch.<\/li>\n<li>Multifunk\u010dn\u00ed p\u0159izp\u016fsobivost: Tyto v\u00e1lce lze \u0161iroce pou\u017e\u00edvat v r\u016fzn\u00fdch stroj\u00edch, jako jsou bagry, je\u0159\u00e1by a robotick\u00e1 ramena, a p\u0159izp\u016fsobit se tak r\u016fzn\u00fdm po\u017eadavk\u016fm na pr\u00e1ci.<\/li>\n<li>Snadn\u00e1 \u00fadr\u017eba: Konstrukce zohled\u0148uje snadnou \u00fadr\u017ebu a v\u00fdm\u011bnu, co\u017e usnad\u0148uje pravideln\u00e9 kontroly a servis a zkracuje prostoje za\u0159\u00edzen\u00ed.<\/li>\n<\/ol>\n<p><img decoding=\"async\" src=\"https:\/\/www.hydraulic-cylinders.net\/wp-content\/uploads\/2025\/01\/songte-oil-pipes-and-spare-parts.webp\"><\/p>\n<h3>Aplikace ramenov\u00e9ho v\u00e1lce<\/h3>\n<p>Rameno v\u00e1lce nach\u00e1z\u00ed uplatn\u011bn\u00ed v r\u016fzn\u00fdch oblastech:<\/p>\n<ol>\n<li>Stavebn\u00ed in\u017een\u00fdrstv\u00ed: U bagr\u016f a je\u0159\u00e1b\u016f ovl\u00e1d\u00e1 v\u00e1lec ramene pohyb l\u017e\u00edce nebo v\u00fdlo\u017en\u00edku pro zemn\u00ed pr\u00e1ce, manipulaci s materi\u00e1lem a mont\u00e1\u017e konstrukc\u00ed.<\/li>\n<li>Zpracovatelsk\u00fd pr\u016fmysl: V automatizovan\u00fdch v\u00fdrobn\u00edch link\u00e1ch v\u00e1lec ramene usnad\u0148uje pohyb robotick\u00fdch ramen pro mont\u00e1\u017e, sva\u0159ov\u00e1n\u00ed a manipulaci s materi\u00e1lem, \u010d\u00edm\u017e zvy\u0161uje efektivitu a p\u0159esnost v\u00fdroby.<\/li>\n<li>Zem\u011bd\u011blsk\u00e9 stroje: U zem\u011bd\u011blsk\u00fdch stroj\u016f, jako jsou skl\u00edzec\u00ed a sec\u00ed stroje, \u0159\u00edd\u00ed v\u00e1lec ramene pohyb ovl\u00e1dac\u00edch ramen pro \u00fakoly, jako je set\u00ed, hnojen\u00ed a sklize\u0148.<\/li>\n<li>T\u011b\u017eba: V t\u011b\u017eebn\u00edm za\u0159\u00edzen\u00ed \u0159\u00edd\u00ed v\u00e1lec ramene pohyb ramene pro t\u011b\u017ebu a p\u0159epravu rudy.<\/li>\n<li>Logistika a doprava: U vysokozdvi\u017en\u00fdch voz\u00edk\u016f a manipula\u010dn\u00edch robot\u016f ovl\u00e1d\u00e1 v\u00e1lec ramene zved\u00e1n\u00ed a pohyb vidlic, co\u017e umo\u017e\u0148uje manipulaci s materi\u00e1lem a jeho stohov\u00e1n\u00ed.<\/li>\n<\/ol>\n<h3>Konstruk\u010dn\u00ed aspekty a krit\u00e9ria v\u00fdb\u011bru<\/h3>\n<p>P\u0159i navrhov\u00e1n\u00ed a v\u00fdb\u011bru v\u00e1lc\u016f ramen je t\u0159eba zv\u00e1\u017eit r\u016fzn\u00e9 faktory:<\/p>\n<ol>\n<li>\u00danosnost: V\u00e1lec by m\u011bl b\u00fdt schopen odolat o\u010dek\u00e1van\u00e9mu zat\u00ed\u017een\u00ed bez selh\u00e1n\u00ed.<\/li>\n<li>T\u011bsn\u011bn\u00ed: Pro zaji\u0161t\u011bn\u00ed spr\u00e1vn\u00e9ho ut\u011bsn\u011bn\u00ed a zabr\u00e1n\u011bn\u00ed \u00faniku by m\u011bly b\u00fdt pou\u017eity r\u016fzn\u00e9 t\u011bsnic\u00ed prvky, jako jsou t\u011bsn\u011bn\u00ed p\u00edst\u016f a p\u00edstnic.<\/li>\n<li>Trvanlivost: T\u011bleso v\u00e1lce a z\u00e1vitov\u00e9 konce by m\u011bly b\u00fdt jemn\u011b opracov\u00e1ny, aby se zlep\u0161ila odolnost proti opot\u0159eben\u00ed.<\/li>\n<li>Bezpe\u010dnost: Aby se zabr\u00e1nilo p\u0159et\u00ed\u017een\u00ed a byla zaji\u0161t\u011bna bezpe\u010dnost obsluhy, m\u011bly by b\u00fdt zabudov\u00e1ny bezpe\u010dnostn\u00ed prvky, jako jsou p\u0159etlakov\u00e9 ventily.<\/li>\n<li>\u00dadr\u017eba: Je t\u0159eba zv\u00e1\u017eit snadn\u00fd p\u0159\u00edstup pro \u00fadr\u017ebu a pravideln\u00e9 maz\u00e1n\u00ed, co\u017e zkr\u00e1t\u00ed prostoje a prodlou\u017e\u00ed \u017eivotnost v\u00e1lce.<\/li>\n<\/ol>\n<p><img decoding=\"async\" src=\"https:\/\/www.hydraulic-cylinders.net\/wp-content\/uploads\/2025\/01\/songte-cylinder-head-with-all-kinds-excavator-models.webp\"><\/p>\n<h3>T\u011bsn\u011bn\u00ed a maz\u00e1n\u00ed<\/h3>\n<p>V\u00e1lec ramene vyu\u017e\u00edv\u00e1 r\u016fzn\u00e1 t\u011bsn\u011bn\u00ed, jako jsou p\u00edstn\u00ed a p\u00edstn\u00ed t\u011bsn\u011bn\u00ed, vyroben\u00e1 z materi\u00e1l\u016f odoln\u00fdch proti opot\u0159eben\u00ed, jako je polyuretan a nitrilov\u00e1 pry\u017e. T\u011bleso v\u00e1lce a z\u00e1vitov\u00e9 konce proch\u00e1zej\u00ed pe\u010dliv\u00fdm o\u0161et\u0159en\u00edm pro zv\u00fd\u0161en\u00ed odolnosti proti opot\u0159eben\u00ed. Pravideln\u00e9 maz\u00e1n\u00ed vhodn\u00fdm hydraulick\u00fdm olejem je nezbytn\u00e9 pro zaji\u0161t\u011bn\u00ed plynul\u00e9ho chodu a sn\u00ed\u017een\u00ed t\u0159en\u00ed.<\/p>\n<h3>Pravideln\u00e1 kontrola a preventivn\u00ed \u00fadr\u017eba<\/h3>\n<p>Pro udr\u017een\u00ed optim\u00e1ln\u00edho v\u00fdkonu jsou nezbytn\u00e9 pravideln\u00e9 kontroly a preventivn\u00ed \u00fadr\u017eba:<\/p>\n<ol>\n<li>Zkontrolujte t\u011bsn\u011bn\u00ed a vym\u011b\u0148te je, pokud jsou opot\u0159ebovan\u00e1 nebo po\u0161kozen\u00e1.<\/li>\n<li>Zkontrolujte t\u011bsnost a p\u0159\u00edpadn\u00e9 net\u011bsnosti neprodlen\u011b opravte.<\/li>\n<li>Zkontrolujte t\u011bleso v\u00e1lce, zda nevykazuje zn\u00e1mky opot\u0159eben\u00ed nebo koroze.<\/li>\n<li>Zajist\u011bte spr\u00e1vn\u00e9 maz\u00e1n\u00ed v\u0161ech pohybliv\u00fdch \u010d\u00e1st\u00ed.<\/li>\n<li>Ut\u00e1hn\u011bte v\u0161echna uvoln\u011bn\u00e1 spojen\u00ed.<\/li>\n<\/ol>\n<h3>Pr\u016fvodce instalac\u00ed produktu<\/h3>\n<p>Spr\u00e1vn\u00e1 instalace je kl\u00ed\u010dov\u00e1 pro v\u00fdkon a dlouhou \u017eivotnost v\u00e1lce ramene. Postupujte podle t\u011bchto krok\u016f:<\/p>\n<ol>\n<li>Ujist\u011bte se, \u017ee mont\u00e1\u017en\u00ed povrch je \u010dist\u00fd a bez ne\u010distot.<\/li>\n<li>Zarovnejte v\u00e1lec s mont\u00e1\u017en\u00edmi otvory a zajist\u011bte jej vhodn\u00fdmi \u0161rouby.<\/li>\n<li>P\u0159ipojte hydraulick\u00e9 hadice nebo potrub\u00ed k otvor\u016fm v\u00e1lce.<\/li>\n<li>Zkontrolujte p\u0159\u00edpadn\u00e9 net\u011bsnosti a v p\u0159\u00edpad\u011b pot\u0159eby dot\u00e1hn\u011bte spoje.<\/li>\n<li>Otestujte funkci v\u00e1lce, abyste se ujistili o jeho spr\u00e1vn\u00e9 funkci.<\/li>\n<\/ol>\n<p><img decoding=\"async\" src=\"https:\/\/www.hydraulic-cylinders.net\/wp-content\/uploads\/2025\/01\/songte-bushings-with-all-kinds-of-excavator-models.webp\"><\/p>\n<h3>Bezpe\u010dnostn\u00ed aspekty a faktory prost\u0159ed\u00ed<\/h3>\n<p>P\u0159i pou\u017e\u00edv\u00e1n\u00ed v\u00e1lce ramene je dodr\u017eov\u00e1n\u00ed bezpe\u010dnostn\u00edch opat\u0159en\u00ed z\u00e1sadn\u00ed pro prevenci nehod a zaji\u0161t\u011bn\u00ed pohody obsluhy. Pro zm\u00edrn\u011bn\u00ed rizik je nezbytn\u00e9 \u0159\u00e1dn\u00e9 \u0161kolen\u00ed a dodr\u017eov\u00e1n\u00ed bezpe\u010dnostn\u00edch pokyn\u016f. K udr\u017eiteln\u00e9mu a zodpov\u011bdn\u00e9mu provozu nav\u00edc p\u0159isp\u00edv\u00e1 zohledn\u011bn\u00ed faktor\u016f prost\u0159ed\u00ed a dodr\u017eov\u00e1n\u00ed p\u0159\u00edslu\u0161n\u00fdch p\u0159edpis\u016f.<\/p>\n<h3>Diagnostika z\u00e1vad a b\u011b\u017en\u00e9 probl\u00e9my<\/h3>\n<p>Mezi b\u011b\u017en\u00e9 probl\u00e9my, kter\u00e9 mohou nastat s v\u00e1lci ramen, pat\u0159\u00ed:<\/p>\n<ol>\n<li>Net\u011bsnost: Zkontrolujte t\u011bsn\u011bn\u00ed a spoje, zda nedoch\u00e1z\u00ed k net\u011bsnostem, a opot\u0159ebovan\u00e1 t\u011bsn\u011bn\u00ed vym\u011b\u0148te.<\/li>\n<li>Pomal\u00fd nebo trhan\u00fd pohyb: Zkontrolujte hladinu hydraulick\u00e9 kapaliny, zda nedo\u0161lo k ucp\u00e1n\u00ed a zajist\u011bte spr\u00e1vn\u00e9 maz\u00e1n\u00ed.<\/li>\n<li>Ztr\u00e1ta v\u00fdkonu: Zkontrolujte hydraulick\u00fd tlak, ventily a ujist\u011bte se, \u017ee je v\u00e1lec spr\u00e1vn\u011b p\u0159ipojen.<\/li>\n<\/ol>\n<p>Pro \u0159e\u0161en\u00ed t\u011bchto probl\u00e9m\u016f zva\u017ete n\u00e1sleduj\u00edc\u00ed kroky:<\/p>\n<ol>\n<li>Konkr\u00e9tn\u00ed postupy pro \u0159e\u0161en\u00ed probl\u00e9m\u016f naleznete v dokumentaci v\u00fdrobce.<\/li>\n<li>Zkontrolujte v\u0161echny p\u0159\u00edslu\u0161n\u00e9 komponenty, zda nejsou po\u0161kozen\u00e9 nebo vadn\u00e9.<\/li>\n<li>Prove\u010fte testy a m\u011b\u0159en\u00ed, abyste zjistili p\u0159\u00ed\u010dinu probl\u00e9mu.<\/li>\n<li>V p\u0159\u00edpad\u011b pot\u0159eby se pora\u010fte s odborn\u00edky na hydrauliku nebo vyhledejte odbornou pomoc.<\/li>\n<li>Implementujte vhodn\u00e1 \u0159e\u0161en\u00ed k vy\u0159e\u0161en\u00ed probl\u00e9mu a prevenci jeho budouc\u00edho v\u00fdskytu.<\/li>\n<\/ol>\n<p><img decoding=\"async\" src=\"https:\/\/www.hydraulic-cylinders.net\/wp-content\/uploads\/2025\/01\/songte-chushion-collar.webp\"><\/p>\n<p>Nezapome\u0148te \u010dl\u00e1nek uspo\u0159\u00e1dat logicky a pro snadnou navigaci pou\u017eijte podnadpisy. Pro lep\u0161\u00ed pochopen\u00ed za\u0159a\u010fte relevantn\u00ed obr\u00e1zky nebo grafy. Ujist\u011bte se, \u017ee obsah je jasn\u00fd, stru\u010dn\u00fd a vhodn\u00fd pro \u010dten\u00e1\u0159e s r\u016fznou \u00farovn\u00ed technick\u00fdch znalost\u00ed.<\/p>\n<p>Autor: lyl<\/p>\n<hr>\n<h2>O na\u0161\u00ed spole\u010dnosti<\/h2>\n<p>Jsme profesion\u00e1ln\u00ed v\u00fdrobce n\u00e1hradn\u00edch hydraulick\u00fdch v\u00e1lc\u016f a nab\u00edz\u00edme \u0161irokou \u0161k\u00e1lu produkt\u016f. Stali jsme se jedn\u00edm z p\u0159edn\u00edch v\u00fdrobc\u016f a velkoobchodn\u00edk\u016f s hydraulick\u00fdmi v\u00e1lci na dom\u00e1c\u00edm i mezin\u00e1rodn\u00edm trhu. \u0158\u00edd\u00edme se principem excelence a neust\u00e1le zlep\u0161ujeme na\u0161i technickou odbornost a efektivitu v\u00fdroby prost\u0159ednictv\u00edm precizn\u00edch v\u00fdrobn\u00edch d\u00edlen a strategi\u00ed \u0159\u00edzen\u00ed pr\u016fmyslov\u00e9 v\u00fdroby. Zav\u00e1d\u011bn\u00edm pokro\u010dil\u00fdch digit\u00e1ln\u00edch v\u00fdrobn\u00edch za\u0159\u00edzen\u00ed a profesion\u00e1ln\u00edch testovac\u00edch syst\u00e9m\u016f optimalizujeme na\u0161i v\u00fdrobn\u00ed platformu a vylep\u0161ujeme procesy kontroly kvality v\u00fdrobk\u016f, \u010d\u00edm\u017e prokazujeme siln\u00e9 inova\u010dn\u00ed schopnosti. Na\u0161\u00edm c\u00edlem je uspokojovat rozmanit\u00e9 po\u017eadavky z\u00e1kazn\u00edk\u016f s efektivitou, p\u0159esnost\u00ed a vysoce kvalitn\u00edmi produkty.<\/p>\n<p><img decoding=\"async\" src=\"https:\/\/www.hydraulic-cylinders.net\/wp-content\/uploads\/2025\/01\/songte-company-4.webp\"><br \/>\n<img decoding=\"async\" src=\"https:\/\/www.hydraulic-cylinders.net\/wp-content\/uploads\/2025\/01\/songte-company-3.webp\"><\/p>\n<p>Na\u0161e spole\u010dnost vynik\u00e1 v oboru d\u00edky n\u00e1sleduj\u00edc\u00edm aspekt\u016fm:<\/p>\n<ol>\n<li>Profesionalita: M\u00e1me t\u00fdm odborn\u00edk\u016f s rozs\u00e1hl\u00fdmi znalostmi a zku\u0161enostmi ve v\u00fdrob\u011b a konstrukci hydraulick\u00fdch v\u00e1lc\u016f.<\/li>\n<li>Mezin\u00e1rodn\u00ed certifikace: Na\u0161e v\u00fdrobky spl\u0148uj\u00ed mezin\u00e1rodn\u00ed standardy kvality a bezpe\u010dnosti, co\u017e zaru\u010duje spolehlivost a spokojenost z\u00e1kazn\u00edk\u016f.<\/li>\n<li>Slu\u017eby p\u0159izp\u016fsoben\u00ed: Nab\u00edz\u00edme \u0159e\u0161en\u00ed \u0161it\u00e1 na m\u00edru, kter\u00e1 spl\u0148uj\u00ed specifick\u00e9 po\u017eadavky z\u00e1kazn\u00edk\u016f, a nab\u00edz\u00edme flexibilitu a vynikaj\u00edc\u00ed z\u00e1kaznick\u00fd servis.<\/li>\n<li>Pokro\u010dil\u00e9 v\u00fdrobn\u00ed vybaven\u00ed: Vyu\u017e\u00edv\u00e1me nejmodern\u011bj\u0161\u00ed v\u00fdrobn\u00ed za\u0159\u00edzen\u00ed, abychom zajistili p\u0159esnost a efektivitu na\u0161ich v\u00fdrobn\u00edch proces\u016f.<\/li>\n<li>Poprodejn\u00ed servis: Nab\u00edz\u00edme komplexn\u00ed poprodejn\u00ed podporu, v\u010detn\u011b technick\u00e9 pomoci, pokyn\u016f k \u00fadr\u017eb\u011b a v\u010dasn\u00e9 reakce na dotazy z\u00e1kazn\u00edk\u016f.<\/li>","protected":false},"excerpt":{"rendered":"<p>Arm Cylinder For Zoomlion Middle Excavator ZE205E Arm Cylinder is a specially designed hydraulic cylinder that provides linear motion and power for the arm of various machinery, such as excavators, cranes, and robotic arms. It plays a crucial role in hydraulic systems, allowing for efficient movement and control of attachments or accessories. These cylinders not [&hellip;]<\/p>","protected":false},"featured_media":14759,"comment_status":"open","ping_status":"closed","template":"","meta":{"_et_pb_use_builder":"","_et_pb_old_content":"","_et_gb_content_width":""},"product_brand":[],"product_cat":[1497],"product_tag":[1498,1496],"class_list":{"0":"post-16424","1":"product","2":"type-product","3":"status-publish","4":"has-post-thumbnail","6":"product_cat-arm-cylinders","7":"product_tag-arm-cylinders","8":"product_tag-hydraulic-cylinders","10":"first","11":"instock","12":"shipping-taxable","13":"product-type-simple"},"amp_enabled":true,"_links":{"self":[{"href":"https:\/\/www.hydraulic-cylinders.net\/cs\/wp-json\/wp\/v2\/product\/16424","targetHints":{"allow":["GET"]}}],"collection":[{"href":"https:\/\/www.hydraulic-cylinders.net\/cs\/wp-json\/wp\/v2\/product"}],"about":[{"href":"https:\/\/www.hydraulic-cylinders.net\/cs\/wp-json\/wp\/v2\/types\/product"}],"replies":[{"embeddable":true,"href":"https:\/\/www.hydraulic-cylinders.net\/cs\/wp-json\/wp\/v2\/comments?post=16424"}],"wp:featuredmedia":[{"embeddable":true,"href":"https:\/\/www.hydraulic-cylinders.net\/cs\/wp-json\/wp\/v2\/media\/14759"}],"wp:attachment":[{"href":"https:\/\/www.hydraulic-cylinders.net\/cs\/wp-json\/wp\/v2\/media?parent=16424"}],"wp:term":[{"taxonomy":"product_brand","embeddable":true,"href":"https:\/\/www.hydraulic-cylinders.net\/cs\/wp-json\/wp\/v2\/product_brand?post=16424"},{"taxonomy":"product_cat","embeddable":true,"href":"https:\/\/www.hydraulic-cylinders.net\/cs\/wp-json\/wp\/v2\/product_cat?post=16424"},{"taxonomy":"product_tag","embeddable":true,"href":"https:\/\/www.hydraulic-cylinders.net\/cs\/wp-json\/wp\/v2\/product_tag?post=16424"}],"curies":[{"name":"wp","href":"https:\/\/api.w.org\/{rel}","templated":true}]}}