{"id":16426,"date":"2025-01-20T09:14:42","date_gmt":"2025-01-20T09:14:42","guid":{"rendered":"https:\/\/www.hydraulic-cylinders.net\/product\/arm-cylinderfor-zoomlion-middle-excavator-ze220elc\/"},"modified":"2025-01-20T09:14:44","modified_gmt":"2025-01-20T09:14:44","slug":"arm-cylinderfor-zoomlion-middle-excavator-ze220elc","status":"publish","type":"product","link":"https:\/\/www.hydraulic-cylinders.net\/cs\/produkt\/arm-cylinderfor-zoomlion-middle-excavator-ze220elc\/","title":{"rendered":"V\u00e1lec ramene pro st\u0159edov\u00fd bagr Zoomlion ZE220ELC"},"content":{"rendered":"<p>V\u00e1lec ramene pro st\u0159edov\u00fd bagr Zoomlion ZE220ELC<\/p>\n<p>Zaveden\u00ed<\/p>\n<p>V\u00e1lec ramene je specializovan\u00fd hydraulick\u00fd v\u00e1lec ur\u010den\u00fd k zaji\u0161t\u011bn\u00ed line\u00e1rn\u00edho pohybu a v\u00fdkonu r\u016fzn\u00fdch typ\u016f stroj\u016f, jako jsou bagry, je\u0159\u00e1by a mechanick\u00e1 ramena. Tento v\u00e1lec hraje kl\u00ed\u010dovou roli v hydraulick\u00e9m syst\u00e9mu, proto\u017ee umo\u017e\u0148uje efektivn\u00ed pohyb a ovl\u00e1d\u00e1n\u00ed dal\u0161\u00edho n\u00e1\u0159ad\u00ed nebo p\u0159\u00edslu\u0161enstv\u00ed. Tyto v\u00e1lce nejen dosahuj\u00ed plynul\u00e9ho pohybu, ale tak\u00e9 odol\u00e1vaj\u00ed t\u011b\u017ek\u00fdm z\u00e1t\u011b\u017e\u00edm, \u010d\u00edm\u017e zaji\u0161\u0165uj\u00ed efektivn\u00ed provoz a spolehlivost stroj\u016f za r\u016fzn\u00fdch provozn\u00edch podm\u00ednek.<\/p>\n<p><img decoding=\"async\" src=\"https:\/\/www.hydraulic-cylinders.net\/wp-content\/uploads\/2025\/01\/songte-company-2.webp\"><\/p>\n<p>Definice a vysv\u011btlen\u00ed<\/p>\n<p>Hydraulick\u00e9 v\u00e1lce ramen jsou hydraulick\u00e9 v\u00e1lce, kter\u00e9 poskytuj\u00ed siln\u00fd line\u00e1rn\u00ed pohyb a s\u00edlu, \u010d\u00edm\u017e zaji\u0161\u0165uj\u00ed vysokou \u00fa\u010dinnost ramen stroj\u016f v r\u016fzn\u00fdch operac\u00edch. Tyto v\u00e1lce dok\u00e1\u017e\u00ed efektivn\u011b \u0159\u00eddit pohyb p\u0159\u00eddavn\u00e9ho n\u00e1stroje hydraulick\u00fdm syst\u00e9mem, co\u017e \u010din\u00ed operaci flexibiln\u00ed a p\u0159esnou. V\u00e1lce ramen jsou obvykle vyrobeny z vysoce pevn\u00fdch materi\u00e1l\u016f, kter\u00e9 nab\u00edzej\u00ed vynikaj\u00edc\u00ed odolnost proti opot\u0159eben\u00ed a korozi, d\u00edky \u010demu\u017e jsou vhodn\u00e9 pro dlouhodob\u00e9 pou\u017e\u00edv\u00e1n\u00ed v n\u00e1ro\u010dn\u00fdch podm\u00ednk\u00e1ch. Tyto v\u00e1lce jsou multifunk\u010dn\u00ed a p\u0159izp\u016fsobiv\u00e9 a lze je \u0161iroce pou\u017e\u00edvat v r\u016fzn\u00fdch mechanick\u00fdch za\u0159\u00edzen\u00edch, jako jsou bagry, je\u0159\u00e1by a mechanick\u00e1 ramena. Konstrukce t\u011bchto v\u00e1lc\u016f je nav\u00edc zohledn\u011bna s ohledem na snadnou \u00fadr\u017ebu a v\u00fdm\u011bnu, co\u017e usnad\u0148uje pravideln\u00e9 kontroly a \u00fadr\u017ebu a zkracuje prostoje za\u0159\u00edzen\u00ed.<\/p>\n<p>Funkce<\/p>\n<p>V\u00e1lce ramen maj\u00ed n\u011bkolik vlastnost\u00ed, kter\u00e9 je odli\u0161uj\u00ed. Zde je n\u011bkolik p\u0159\u00edklad\u016f:<\/p>\n<p>1. Vysoce \u00fa\u010dinn\u00fd p\u0159evod: V\u00e1lce ramen zaji\u0161\u0165uj\u00ed siln\u00fd line\u00e1rn\u00ed pohyb a s\u00edlu, co\u017e zaji\u0161\u0165uje vysoce \u00fa\u010dinn\u00fd v\u00fdkon ramen stroje v r\u016fzn\u00fdch operac\u00edch.<\/p>\n<p>2. P\u0159esn\u00e9 ovl\u00e1d\u00e1n\u00ed: V\u00e1lce ramene dok\u00e1\u017e\u00ed dos\u00e1hnout p\u0159esn\u00e9ho ovl\u00e1d\u00e1n\u00ed pohybu prost\u0159ednictv\u00edm hydraulick\u00e9ho syst\u00e9mu, \u010d\u00edm\u017e se ovl\u00e1d\u00e1n\u00ed p\u0159\u00eddavn\u00e9ho n\u00e1stroje stane flexibiln\u011bj\u0161\u00edm a p\u0159esn\u011bj\u0161\u00edm.<\/p>\n<p>3. Odoln\u00e9: V\u00e1lce ramen jsou obvykle vyrobeny z vysoce pevn\u00fdch materi\u00e1l\u016f, kter\u00e9 nab\u00edzej\u00ed vynikaj\u00edc\u00ed odolnost proti opot\u0159eben\u00ed a korozi, d\u00edky \u010demu\u017e jsou vhodn\u00e9 pro dlouhodob\u00e9 pou\u017e\u00edv\u00e1n\u00ed v n\u00e1ro\u010dn\u00fdch podm\u00ednk\u00e1ch.<\/p>\n<p>4. Multifunk\u010dn\u00ed p\u0159izp\u016fsobivost: Tyto v\u00e1lce lze \u0161iroce pou\u017e\u00edvat v r\u016fzn\u00fdch mechanick\u00fdch za\u0159\u00edzen\u00edch, jako jsou bagry, je\u0159\u00e1by a mechanick\u00e1 ramena, a p\u0159izp\u016fsobit se r\u016fzn\u00fdm pracovn\u00edm po\u017eadavk\u016fm.<\/p>\n<p>5. Snadn\u00e1 \u00fadr\u017eba: Konstrukce t\u011bchto v\u00e1lc\u016f je navr\u017eena pro snadnou \u00fadr\u017ebu a v\u00fdm\u011bnu, co\u017e usnad\u0148uje pravideln\u00e9 kontroly a \u00fadr\u017ebu a zkracuje prostoje za\u0159\u00edzen\u00ed.<\/p>\n<p><img decoding=\"async\" src=\"https:\/\/www.hydraulic-cylinders.net\/wp-content\/uploads\/2025\/01\/songte-oil-pipes-and-spare-parts.webp\"><\/p>\n<p>Dostupnost produktu<\/p>\n<p>Tento produkt dok\u00e1\u017eeme vyrobit a n\u00e1\u0161 produkt dok\u00e1\u017ee dokonale nahradit tyto hydraulick\u00e9 v\u00e1lce.<\/p>\n<p>Aplikace<\/p>\n<p>V\u00e1lce s rameny maj\u00ed r\u016fzn\u00e1 uplatn\u011bn\u00ed v r\u016fzn\u00fdch odv\u011btv\u00edch. Zde je n\u011bkolik p\u0159\u00edklad\u016f:<\/p>\n<p>1. Konstrukce: U bagr\u016f a je\u0159\u00e1b\u016f ovl\u00e1daj\u00ed v\u00e1lce ramene pohyb l\u017e\u00edce nebo v\u00fdlo\u017en\u00edku, prov\u00e1d\u011bj\u00ed zemn\u00ed pr\u00e1ce, manipulaci s materi\u00e1lem a mont\u00e1\u017e konstrukc\u00ed.<\/p>\n<p>2. V\u00fdroba: V automatizovan\u00fdch v\u00fdrobn\u00edch link\u00e1ch ovl\u00e1daj\u00ed v\u00e1lce ramen pohyb mechanick\u00fdch ramen, prov\u00e1d\u011bj\u00ed mont\u00e1\u017en\u00ed, sva\u0159ovac\u00ed a manipula\u010dn\u00ed procesy, \u010d\u00edm\u017e zvy\u0161uj\u00ed efektivitu a p\u0159esnost v\u00fdroby.<\/p>\n<p>3. Zem\u011bd\u011blsk\u00e9 stroje: U zem\u011bd\u011blsk\u00fdch stroj\u016f, jako jsou skl\u00edzec\u00ed a sec\u00ed stroje, ovl\u00e1daj\u00ed v\u00e1lce ramen pohyb ovl\u00e1dac\u00edho ramene a prov\u00e1d\u011bj\u00ed \u00fakoly, jako je set\u00ed, hnojen\u00ed a sklize\u0148.<\/p>\n<p>4. T\u011b\u017eba: V t\u011b\u017eebn\u00edch za\u0159\u00edzen\u00edch ovl\u00e1daj\u00ed v\u00e1lce ramen pohyb ramen t\u011b\u017eebn\u00edho za\u0159\u00edzen\u00ed, prov\u00e1d\u011bj\u00ed t\u011b\u017ebu a manipulaci s rudou.<\/p>\n<p>5. Logistika a doprava: U vysokozdvi\u017en\u00fdch voz\u00edk\u016f a manipula\u010dn\u00edch robot\u016f ovl\u00e1daj\u00ed v\u00e1lce ramen zved\u00e1n\u00ed a pohyb n\u00e1kladu, \u010d\u00edm\u017e se zaji\u0161\u0165uje manipulace a stohov\u00e1n\u00ed materi\u00e1l\u016f.<\/p>\n<p>Konstruk\u010dn\u00ed aspekty a krit\u00e9ria v\u00fdb\u011bru<\/p>\n<p>\u00davahy o designu<\/p>\n<p>1. \u00danosnost: V\u00e1lce ramen mus\u00ed b\u00fdt navr\u017eeny tak, aby zvl\u00e1dly maxim\u00e1ln\u00ed nosnost stroje.<\/p>\n<p>2. T\u011bsn\u011bn\u00ed a maz\u00e1n\u00ed: V\u00e1lce ramen vy\u017eaduj\u00ed r\u016fzn\u00e1 t\u011bsn\u011bn\u00ed, jako jsou t\u011bsn\u011bn\u00ed p\u00edst\u016f a t\u011bsn\u011bn\u00ed p\u00edstnic, vyroben\u00e1 z materi\u00e1l\u016f, jako je polyuretan a nitrilov\u00e1 pry\u017e, a pravideln\u00e9 maz\u00e1n\u00ed, aby byla zaji\u0161t\u011bna jejich \u017eivotnost.<\/p>\n<p>3. Trvanlivost: V\u00e1lce ramen mus\u00ed odol\u00e1vat n\u00e1ro\u010dn\u00e9mu prost\u0159ed\u00ed a b\u00fdt vyrobeny z materi\u00e1l\u016f, kter\u00e9 nab\u00edzej\u00ed vynikaj\u00edc\u00ed odolnost proti opot\u0159eben\u00ed a korozi.<\/p>\n<p>4. Bezpe\u010dnost: V\u00e1lce ramen mus\u00ed b\u00fdt navr\u017eeny tak, aby byla zaji\u0161t\u011bna bezpe\u010dnost obsluhy a strojn\u00edho za\u0159\u00edzen\u00ed.<\/p>\n<p>5. \u00dadr\u017eba: V\u00e1lce ramen by m\u011bly b\u00fdt navr\u017eeny tak, aby umo\u017e\u0148ovaly snadnou \u00fadr\u017ebu a v\u00fdm\u011bnu.<\/p>\n<p><img decoding=\"async\" src=\"https:\/\/www.hydraulic-cylinders.net\/wp-content\/uploads\/2025\/01\/songte-cylinder-head-with-all-kinds-excavator-models.webp\"><\/p>\n<p>Krit\u00e9ria v\u00fdb\u011bru<\/p>\n<p>1. Nosnost: Nosnost v\u00e1lce mus\u00ed odpov\u00eddat maxim\u00e1ln\u00ed nosnosti stroje.<\/p>\n<p>2. D\u00e9lka zdvihu: D\u00e9lka zdvihu v\u00e1lce mus\u00ed odpov\u00eddat po\u017eadovan\u00e9mu pohybu ramene stroje.<\/p>\n<p>3. Provozn\u00ed tlak: Provozn\u00ed tlak v\u00e1lce mus\u00ed odpov\u00eddat tlaku hydraulick\u00e9ho syst\u00e9mu stroje.<\/p>\n<p>4. Zp\u016fsob mont\u00e1\u017ee: Zp\u016fsob mont\u00e1\u017ee v\u00e1lce mus\u00ed odpov\u00eddat zp\u016fsobu mont\u00e1\u017ee strojn\u00edho za\u0159\u00edzen\u00ed.<\/p>\n<p>5. Velikost: Velikost v\u00e1lce mus\u00ed odpov\u00eddat dostupn\u00e9mu prostoru ve strojn\u00edm za\u0159\u00edzen\u00ed.<\/p>\n<p>T\u011bsn\u011bn\u00ed a maz\u00e1n\u00ed<\/p>\n<p>V\u00e1lce ramen vy\u017eaduj\u00ed r\u016fzn\u00e1 t\u011bsn\u011bn\u00ed, jako jsou p\u00edstn\u00ed t\u011bsn\u011bn\u00ed a t\u011bsn\u011bn\u00ed p\u00edstnice, vyroben\u00e1 z materi\u00e1l\u016f, jako je polyuretan a nitrilov\u00fd kau\u010duk, aby byla zaji\u0161t\u011bna jejich \u017eivotnost. Hlava v\u00e1lce a z\u00e1vitov\u00fd konec mus\u00ed proj\u00edt jemn\u00fdm procesem \u00fapravy, aby se zlep\u0161ila odolnost proti opot\u0159eben\u00ed. Pro zaji\u0161t\u011bn\u00ed hladk\u00e9ho chodu v\u00e1lce je tak\u00e9 nezbytn\u00e9 pravideln\u00e9 maz\u00e1n\u00ed vhodn\u00fdm mno\u017estv\u00edm hydraulick\u00e9ho oleje.<\/p>\n<p>\u00dadr\u017eba a preventivn\u00ed opat\u0159en\u00ed<\/p>\n<p>Pro zachov\u00e1n\u00ed spr\u00e1vn\u00e9ho provozu a dlouh\u00e9 \u017eivotnosti v\u00e1lce ramene jsou nutn\u00e9 pravideln\u00e9 kontroly a \u00fadr\u017eba. Zde je n\u011bkolik preventivn\u00edch opat\u0159en\u00ed pro \u00fadr\u017ebu v\u00e1lc\u016f ramene:<\/p>\n<p>1. Pravideln\u011b kontrolujte a vym\u011b\u0148ujte opot\u0159ebovan\u00e1 t\u011bsn\u011bn\u00ed.<\/p>\n<p>2. Udr\u017eujte v\u00e1lec \u010dist\u00fd a bez ne\u010distot a \u00falomk\u016f.<\/p>\n<p>3. Pravideln\u011b kontrolujte a vym\u011b\u0148ujte po\u0161kozen\u00e9 d\u00edly.<\/p>\n<p>4. Pou\u017e\u00edvejte spr\u00e1vn\u00fd hydraulick\u00fd olej a ujist\u011bte se, \u017ee je hladina oleje dostate\u010dn\u00e1.<\/p>\n<p>5. Dodr\u017eujte pokyny v\u00fdrobce pro \u00fadr\u017ebu.<\/p>\n<p>Instala\u010dn\u00ed p\u0159\u00edru\u010dka<\/p>\n<p>Zde je podrobn\u00fd n\u00e1vod k instalaci v\u00e1lce ramene:<\/p>\n<p>1. P\u0159ed instalac\u00ed zkontrolujte v\u00e1lec, zda nen\u00ed po\u0161kozen\u00fd nebo zda nevykazuje vady.<\/p>\n<p>2. Ujist\u011bte se, \u017ee zp\u016fsob mont\u00e1\u017ee v\u00e1lce odpov\u00edd\u00e1 zp\u016fsobu mont\u00e1\u017ee strojn\u00edho za\u0159\u00edzen\u00ed.<\/p>\n<p>3. Um\u00edst\u011bte v\u00e1lec do spr\u00e1vn\u00e9 polohy a zajist\u011bte jej \u0161rouby.<\/p>\n<p>4. P\u0159ipojte hydraulick\u00e9 hadice k v\u00e1lci.<\/p>\n<p>5. P\u0159ed pou\u017eit\u00edm se ujist\u011bte, \u017ee je v\u00e1lec \u0159\u00e1dn\u011b promaz\u00e1n.<\/p>\n<p><img decoding=\"async\" src=\"https:\/\/www.hydraulic-cylinders.net\/wp-content\/uploads\/2025\/01\/songte-bushings-with-all-kinds-of-excavator-models.webp\"><\/p>\n<p>Bezpe\u010dnostn\u00ed aspekty a faktory prost\u0159ed\u00ed<\/p>\n<p>Bezpe\u010dnost je p\u0159i pr\u00e1ci s v\u00e1lci ramene kl\u00ed\u010dov\u00fdm hlediskem. Zde je n\u011bkolik bezpe\u010dnostn\u00edch opat\u0159en\u00ed:<\/p>\n<p>1. Dodr\u017eujte pokyny v\u00fdrobce pro instalaci a provoz.<\/p>\n<p>2. P\u0159ed prac\u00ed na v\u00e1lci ramene se ujist\u011bte, \u017ee je stroj vypnut\u00fd a izolovan\u00fd.<\/p>\n<p>3. P\u0159i pr\u00e1ci na lahvi pou\u017e\u00edvejte vhodn\u00e9 osobn\u00ed ochrann\u00e9 prost\u0159edky.<\/p>\n<p>4. Pravideln\u011b kontrolujte v\u00e1lec, zda nevykazuje zn\u00e1mky po\u0161kozen\u00ed nebo poruchy.<\/p>\n<p>5. P\u0159ed zah\u00e1jen\u00edm jak\u00e9koli pr\u00e1ce na v\u00e1lci se ujist\u011bte, \u017ee je strojn\u00ed za\u0159\u00edzen\u00ed stabiln\u00ed a bezpe\u010dn\u00e9.<\/p>\n<p>V\u00fdkon a \u017eivotnost ramenov\u00e9ho v\u00e1lce mohou ovlivnit tak\u00e9 faktory prost\u0159ed\u00ed, jako je teplota, vlhkost a koroze. Spr\u00e1vn\u00e1 \u00fadr\u017eba a skladov\u00e1n\u00ed mohou zabr\u00e1nit po\u0161kozen\u00ed v\u00e1lce t\u011bmito faktory.<\/p>\n<p>Diagnostika poruch, b\u011b\u017en\u00e9 probl\u00e9my a \u0159e\u0161en\u00ed probl\u00e9m\u016f<\/p>\n<p>Mezi b\u011b\u017en\u00e9 probl\u00e9my s v\u00e1lci ramen pat\u0159\u00ed net\u011bsnost, nedostate\u010dn\u00fd nebo p\u0159eru\u0161ovan\u00fd pohyb a nadm\u011brn\u00e9 opot\u0159eben\u00ed. Zde je n\u011bkolik tip\u016f pro \u0159e\u0161en\u00ed probl\u00e9m\u016f:<\/p>\n<p>1. Net\u011bsnost: Zkontrolujte t\u011bsn\u011bn\u00ed a v p\u0159\u00edpad\u011b pot\u0159eby je vym\u011b\u0148te.<\/p>\n<p>2. Nedostate\u010dn\u00fd nebo p\u0159eru\u0161ovan\u00fd pohyb: Zkontrolujte hydraulick\u00e9 potrub\u00ed a hydraulick\u00fd syst\u00e9m, zda nejsou ucpan\u00e9 nebo po\u0161kozen\u00e9.<\/p>\n<p>3. Nadm\u011brn\u00e9 opot\u0159eben\u00ed: Zkontrolujte opot\u0159eben\u00ed v\u00e1lce a vym\u011b\u0148te opot\u0159ebovan\u00e9 sou\u010d\u00e1sti.<\/p>\n<p>Preventivn\u00ed opat\u0159en\u00ed<\/p>\n<p>Abyste p\u0159ede\u0161li b\u011b\u017en\u00fdm probl\u00e9m\u016fm s v\u00e1lci ramen, zde je n\u011bkolik preventivn\u00edch opat\u0159en\u00ed:<\/p>\n<p>1. Pravideln\u011b kontrolujte a udr\u017eujte v\u00e1lec.<\/p>\n<p>2. Pou\u017e\u00edvejte spr\u00e1vn\u00fd hydraulick\u00fd olej a ujist\u011bte se, \u017ee je hladina oleje dostate\u010dn\u00e1.<\/p>\n<p>3. Dodr\u017eujte pokyny v\u00fdrobce pro instalaci a provoz.<\/p>\n<p>4. V\u00e1lec skladujte v such\u00e9m a \u010dist\u00e9m prost\u0159ed\u00ed.<\/p>\n<p>Z\u00e1v\u011br<\/p>\n<p>Jsme profesion\u00e1ln\u00ed v\u00fdrobce n\u00e1hradn\u00edch hydraulick\u00fdch v\u00e1lc\u016f s r\u016fzn\u00fdmi produkty a stali jsme se jedn\u00edm z p\u0159edn\u00edch v\u00fdrobc\u016f a velkoobchodn\u00edch distributor\u016f hydraulick\u00fdch v\u00e1lc\u016f na dom\u00e1c\u00edm i mezin\u00e1rodn\u00edm trhu. \u0158\u00edd\u00edme se z\u00e1sadami vynikaj\u00edc\u00ed kvality a neust\u00e1le zlep\u0161ujeme na\u0161e v\u00fdrobn\u00ed techniky a efektivitu v\u00fdroby. Na\u0161\u00edm c\u00edlem je uspokojovat rozmanit\u00e9 pot\u0159eby z\u00e1kazn\u00edk\u016f s vyu\u017eit\u00edm princip\u016f vysok\u00e9 \u00fa\u010dinnosti, p\u0159esnosti a kvality.<\/p>\n<p>Sna\u017e\u00edme se b\u00fdt profesion\u00e1ln\u00ed, mimo jin\u00e9 poskytujeme mezin\u00e1rodn\u00ed certifikaci, slu\u017eby na m\u00edru, v\u00fdrobn\u00ed za\u0159\u00edzen\u00ed a poprodejn\u00ed servis. <\/p>\n<p><img decoding=\"async\" src=\"https:\/\/www.hydraulic-cylinders.net\/wp-content\/uploads\/2025\/01\/songte-company-4.webp\"> <img decoding=\"async\" src=\"https:\/\/www.hydraulic-cylinders.net\/wp-content\/uploads\/2025\/01\/songte-company-3.webp\"><\/p>\n<p>Autor: lyl.<\/p>","protected":false},"excerpt":{"rendered":"<p>Arm Cylinder For Zoomlion Middle Excavator ZE220ELC Introduction The arm cylinder is a specialized hydraulic cylinder designed to provide linear movement and power to various types of machinery, such as excavators, cranes, and mechanical arms. This cylinder plays a crucial role in the hydraulic system, enabling the effective movement and control of additional tools or [&hellip;]<\/p>","protected":false},"featured_media":14783,"comment_status":"open","ping_status":"closed","template":"","meta":{"_et_pb_use_builder":"","_et_pb_old_content":"","_et_gb_content_width":""},"product_brand":[],"product_cat":[1497],"product_tag":[1498,1496],"class_list":{"0":"post-16426","1":"product","2":"type-product","3":"status-publish","4":"has-post-thumbnail","6":"product_cat-arm-cylinders","7":"product_tag-arm-cylinders","8":"product_tag-hydraulic-cylinders","10":"first","11":"instock","12":"shipping-taxable","13":"product-type-simple"},"amp_enabled":true,"_links":{"self":[{"href":"https:\/\/www.hydraulic-cylinders.net\/cs\/wp-json\/wp\/v2\/product\/16426","targetHints":{"allow":["GET"]}}],"collection":[{"href":"https:\/\/www.hydraulic-cylinders.net\/cs\/wp-json\/wp\/v2\/product"}],"about":[{"href":"https:\/\/www.hydraulic-cylinders.net\/cs\/wp-json\/wp\/v2\/types\/product"}],"replies":[{"embeddable":true,"href":"https:\/\/www.hydraulic-cylinders.net\/cs\/wp-json\/wp\/v2\/comments?post=16426"}],"wp:featuredmedia":[{"embeddable":true,"href":"https:\/\/www.hydraulic-cylinders.net\/cs\/wp-json\/wp\/v2\/media\/14783"}],"wp:attachment":[{"href":"https:\/\/www.hydraulic-cylinders.net\/cs\/wp-json\/wp\/v2\/media?parent=16426"}],"wp:term":[{"taxonomy":"product_brand","embeddable":true,"href":"https:\/\/www.hydraulic-cylinders.net\/cs\/wp-json\/wp\/v2\/product_brand?post=16426"},{"taxonomy":"product_cat","embeddable":true,"href":"https:\/\/www.hydraulic-cylinders.net\/cs\/wp-json\/wp\/v2\/product_cat?post=16426"},{"taxonomy":"product_tag","embeddable":true,"href":"https:\/\/www.hydraulic-cylinders.net\/cs\/wp-json\/wp\/v2\/product_tag?post=16426"}],"curies":[{"name":"wp","href":"https:\/\/api.w.org\/{rel}","templated":true}]}}