{"id":16429,"date":"2025-01-20T09:14:56","date_gmt":"2025-01-20T09:14:56","guid":{"rendered":"https:\/\/www.hydraulic-cylinders.net\/product\/arm-cylinderfor-zoomlion-middle-excavator-ze210elc\/"},"modified":"2025-01-20T09:14:57","modified_gmt":"2025-01-20T09:14:57","slug":"arm-cylinderfor-zoomlion-middle-excavator-ze210elc","status":"publish","type":"product","link":"https:\/\/www.hydraulic-cylinders.net\/cs\/produkt\/arm-cylinderfor-zoomlion-middle-excavator-ze210elc\/","title":{"rendered":"V\u00e1lec ramene pro st\u0159edov\u00fd bagr Zoomlion ZE210ELC"},"content":{"rendered":"<h1>V\u00e1lec ramene pro st\u0159edov\u00fd bagr Zoomlion ZE210ELC<\/h1>\n<h2>Zaveden\u00ed<\/h2>\n<p>V\u00e1lec ramene je speci\u00e1ln\u011b navr\u017een\u00fd hydraulick\u00fd v\u00e1lec, kter\u00fd zaji\u0161\u0165uje line\u00e1rn\u00ed pohyb a s\u00edlu ramene r\u016fzn\u00fdch stroj\u016f, jako jsou bagry, je\u0159\u00e1by a mechanick\u00e1 ramena. Hraje kl\u00ed\u010dovou roli v hydraulick\u00fdch syst\u00e9mech, proto\u017ee umo\u017e\u0148uje efektivn\u00ed pohyb a ovl\u00e1d\u00e1n\u00ed dal\u0161\u00edho n\u00e1\u0159ad\u00ed nebo p\u0159\u00edslu\u0161enstv\u00ed. Tyto v\u00e1lce nejen zaji\u0161\u0165uj\u00ed plynul\u00fd pohyb, ale tak\u00e9 odol\u00e1vaj\u00ed t\u011b\u017ek\u00fdm z\u00e1t\u011b\u017e\u00edm, \u010d\u00edm\u017e zaji\u0161\u0165uj\u00ed efektivn\u00ed provoz a spolehlivost stroj\u016f za r\u016fzn\u00fdch pracovn\u00edch podm\u00ednek.<\/p>\n<p><img decoding=\"async\" src=\"https:\/\/www.hydraulic-cylinders.net\/wp-content\/uploads\/2025\/01\/songte-company-2.webp\" alt=\"Obr\u00e1zek v\u00e1lce ramene\"><\/p>\n<h2>Funkce<\/h2>\n<ul>\n<li><strong>Vysoce \u00fa\u010dinn\u00fd p\u0159enos:<\/strong> V\u00e1lec ramene poskytuje siln\u00fd line\u00e1rn\u00ed pohyb a s\u00edlu, co\u017e zaji\u0161\u0165uje vysoce v\u00fdkonn\u00fd provoz mechanick\u00e9ho ramene v r\u016fzn\u00fdch operac\u00edch.<\/li>\n<li><strong>P\u0159esn\u00e9 ovl\u00e1d\u00e1n\u00ed:<\/strong> D\u00edky hydraulick\u00e9mu syst\u00e9mu umo\u017e\u0148uje v\u00e1lec ramene p\u0159esn\u00e9 ovl\u00e1d\u00e1n\u00ed pohybu, \u010d\u00edm\u017e je ovl\u00e1d\u00e1n\u00ed p\u0159ipojen\u00e9ho n\u00e1\u0159ad\u00ed flexibiln\u011bj\u0161\u00ed a p\u0159esn\u011bj\u0161\u00ed.<\/li>\n<li><strong>Trvanlivost:<\/strong> V\u00e1lec ramene je obvykle vyroben z vysoce pevn\u00fdch materi\u00e1l\u016f, kter\u00e9 nab\u00edzej\u00ed vynikaj\u00edc\u00ed odolnost proti opot\u0159eben\u00ed a korozi, a jsou vhodn\u00e9 pro dlouhodob\u00e9 pou\u017e\u00edv\u00e1n\u00ed v n\u00e1ro\u010dn\u00fdch podm\u00ednk\u00e1ch.<\/li>\n<li><strong>V\u0161estrannost:<\/strong> Tyto v\u00e1lce lze \u0161iroce pou\u017e\u00edt v r\u016fzn\u00fdch strojn\u00edch za\u0159\u00edzen\u00edch, jako jsou bagry, je\u0159\u00e1by a mechanick\u00e1 ramena, a p\u0159izp\u016fsobit se tak r\u016fzn\u00fdm pracovn\u00edm po\u017eadavk\u016fm.<\/li>\n<li><strong>Snadn\u00e1 \u00fadr\u017eba:<\/strong> V\u00e1lce ramen, navr\u017een\u00e9 s ohledem na snadnou \u00fadr\u017ebu a v\u00fdm\u011bnu, usnad\u0148uj\u00ed pravideln\u00e9 kontroly a \u00fadr\u017ebu, \u010d\u00edm\u017e zkracuj\u00ed prostoje za\u0159\u00edzen\u00ed.<\/li>\n<\/ul>\n<p><img decoding=\"async\" src=\"https:\/\/www.hydraulic-cylinders.net\/wp-content\/uploads\/2025\/01\/songte-oil-pipes-and-spare-parts.webp\" alt=\"Obr\u00e1zek d\u00edl\u016f v\u00e1lce ramene\"><\/p>\n<h2>Aplikace<\/h2>\n<p>Rameno v\u00e1lce nach\u00e1z\u00ed uplatn\u011bn\u00ed v r\u016fzn\u00fdch pr\u016fmyslov\u00fdch odv\u011btv\u00edch:<\/p>\n<ol>\n<li><strong>Stavebn\u00ed in\u017een\u00fdrstv\u00ed:<\/strong> U bagr\u016f a je\u0159\u00e1b\u016f ovl\u00e1d\u00e1 v\u00e1lec ramene pohyb l\u017e\u00edce nebo v\u00fdlo\u017en\u00edku, co\u017e umo\u017e\u0148uje zemn\u00ed pr\u00e1ce, manipulaci s materi\u00e1lem a mont\u00e1\u017e konstrukc\u00ed.<\/li>\n<li><strong>V\u00fdrobn\u00ed:<\/strong> V automatizovan\u00fdch v\u00fdrobn\u00edch link\u00e1ch se v\u00e1lec ramene pou\u017e\u00edv\u00e1 k pohybu mechanick\u00fdch ramen, co\u017e usnad\u0148uje procesy, jako je mont\u00e1\u017e, sva\u0159ov\u00e1n\u00ed a manipulace, a zvy\u0161uje efektivitu a p\u0159esnost v\u00fdroby.<\/li>\n<li><strong>Zem\u011bd\u011blsk\u00e9 stroje:<\/strong> V zem\u011bd\u011blsk\u00fdch stroj\u00edch, jako jsou skl\u00edzec\u00ed a sec\u00ed stroje, v\u00e1lec ramene ovl\u00e1d\u00e1 pohyb ovl\u00e1dac\u00edch ramen a prov\u00e1d\u00ed \u00fakoly, jako je set\u00ed, hnojen\u00ed a sklize\u0148.<\/li>\n<li><strong>Hornictv\u00ed:<\/strong> V t\u011b\u017eebn\u00edm za\u0159\u00edzen\u00ed \u0159\u00edd\u00ed v\u00e1lec ramene pohyb ramene pro t\u011b\u017ebu a p\u0159epravu miner\u00e1l\u016f.<\/li>\n<li><strong>Logistika a doprava:<\/strong> U vysokozdvi\u017en\u00fdch voz\u00edk\u016f a manipula\u010dn\u00edch robot\u016f ovl\u00e1d\u00e1 v\u00e1lec ramene zved\u00e1n\u00ed a pohyb vidlic, co\u017e umo\u017e\u0148uje manipulaci s materi\u00e1lem a jeho stohov\u00e1n\u00ed.<\/li>\n<\/ol>\n<h2>Konstruk\u010dn\u00ed aspekty a krit\u00e9ria v\u00fdb\u011bru<\/h2>\n<ul>\n<li><strong>Nosnost:<\/strong> Schopnost v\u00e1lce ramene odolat zam\u00fd\u0161len\u00e9mu zat\u00ed\u017een\u00ed je kl\u00ed\u010dov\u00fdm konstruk\u010dn\u00edm hlediskem.<\/li>\n<li><strong>T\u011bsn\u011bn\u00ed:<\/strong> Ve v\u00e1lci ramene se pou\u017e\u00edvaj\u00ed r\u016fzn\u00e9 t\u011bsnic\u00ed komponenty, jako jsou t\u011bsn\u011bn\u00ed p\u00edst\u016f a t\u011bsn\u011bn\u00ed p\u00edstnic. Tato t\u011bsn\u011bn\u00ed jsou vyrobena z materi\u00e1l\u016f odoln\u00fdch proti opot\u0159eben\u00ed, jako je polyuretan a nitrilov\u00e1 pry\u017e, aby bylo zaji\u0161t\u011bno \u00fa\u010dinn\u00e9 ut\u011bsn\u011bn\u00ed.<\/li>\n<li><strong>Trvanlivost:<\/strong> T\u011bleso v\u00e1lce a z\u00e1vitov\u00e9 konce proch\u00e1zej\u00ed pe\u010dliv\u00fdm o\u0161et\u0159en\u00edm pro zv\u00fd\u0161en\u00ed jejich odolnosti proti opot\u0159eben\u00ed.<\/li>\n<li><strong>Bezpe\u010dnost:<\/strong> B\u011bhem procesu n\u00e1vrhu jsou zohledn\u011bna bezpe\u010dnostn\u00ed opat\u0159en\u00ed, aby byl zaji\u0161t\u011bn bezpe\u010dn\u00fd provoz v\u00e1lce ramene.<\/li>\n<li><strong>\u00dadr\u017eba:<\/strong> Pravideln\u00e9 maz\u00e1n\u00ed hydraulick\u00fdm olejem a spr\u00e1vn\u00e1 \u00fadr\u017eba jsou nezbytn\u00e9 pro bezprobl\u00e9mov\u00fd chod v\u00e1lce ramene.<\/li>\n<\/ul>\n<p><img decoding=\"async\" src=\"https:\/\/www.hydraulic-cylinders.net\/wp-content\/uploads\/2025\/01\/songte-cylinder-head-with-all-kinds-excavator-models.webp\" alt=\"Obr\u00e1zek hlavy v\u00e1lc\u016f ramene\"><\/p>\n<h2>Pravideln\u00e1 kontrola a preventivn\u00ed \u00fadr\u017eba<\/h2>\n<ul>\n<li>Prov\u00e1d\u011bjte pravideln\u00e9 kontroly, abyste zkontrolovali, zda se na v\u00e1lci ramene nevyskytuj\u00ed zn\u00e1mky opot\u0159eben\u00ed nebo po\u0161kozen\u00ed.<\/li>\n<li>Zajist\u011bte spr\u00e1vn\u00e9 maz\u00e1n\u00ed v\u00e1lce doporu\u010den\u00fdm hydraulick\u00fdm olejem.<\/li>\n<li>Zkontrolujte a vym\u011b\u0148te v\u0161echna opot\u0159ebovan\u00e1 t\u011bsn\u011bn\u00ed nebo sou\u010d\u00e1sti, abyste zachovali v\u00fdkon v\u00e1lce.<\/li>\n<li>Dodr\u017eujte pokyny v\u00fdrobce ohledn\u011b pl\u00e1n\u016f preventivn\u00ed \u00fadr\u017eby.<\/li>\n<li>Udr\u017eujte v\u00e1lec \u010dist\u00fd a bez jak\u00fdchkoli ne\u010distot nebo kontaminant\u016f.<\/li>\n<\/ul>\n<h2>Pr\u016fvodce instalac\u00ed produktu<\/h2>\n<p>Pro spr\u00e1vnou instalaci v\u00e1lce ramene postupujte podle t\u011bchto krok\u016f:<\/p>\n<ol>\n<li>P\u0159ipravte si m\u00edsto pro instalaci a ujist\u011bte se, \u017ee m\u00e1te k dispozici ve\u0161ker\u00e9 pot\u0159ebn\u00e9 n\u00e1stroje a vybaven\u00ed.<\/li>\n<li>V p\u0159\u00edpad\u011b pot\u0159eby odstra\u0148te starou v\u00e1lec a p\u0159ipravte mont\u00e1\u017en\u00ed povrch.<\/li>\n<li>Um\u00edst\u011bte nov\u00fd v\u00e1lec ramene a pevn\u011b jej upevn\u011bte pomoc\u00ed vhodn\u00fdch upev\u0148ovac\u00edch prvk\u016f.<\/li>\n<li>P\u0159ipojte hydraulick\u00e9 hadice a zajist\u011bte jejich spr\u00e1vn\u00e9 ut\u011bsn\u011bn\u00ed.<\/li>\n<li>Zkontrolujte funk\u010dnost v\u00e1lce a prove\u010fte pot\u0159ebn\u00e1 se\u0159\u00edzen\u00ed.<\/li>\n<\/ol>\n<p><img decoding=\"async\" src=\"https:\/\/www.hydraulic-cylinders.net\/wp-content\/uploads\/2025\/01\/songte-bushings-with-all-kinds-of-excavator-models.webp\" alt=\"Obr\u00e1zek pouzder v\u00e1lc\u016f ramene\"><\/p>\n<h2>Bezpe\u010dnostn\u00ed aspekty a faktory prost\u0159ed\u00ed<\/h2>\n<p>P\u0159i pou\u017e\u00edv\u00e1n\u00ed v\u00e1lce s ramenem je d\u016fle\u017eit\u00e9 up\u0159ednostnit bezpe\u010dnostn\u00ed opat\u0159en\u00ed, aby se p\u0159ede\u0161lo nehod\u00e1m a zajistila ochrana person\u00e1lu. Dodr\u017eov\u00e1n\u00ed bezpe\u010dnostn\u00edch protokol\u016f a pokyn\u016f je z\u00e1sadn\u00ed pro udr\u017een\u00ed bezpe\u010dn\u00e9ho pracovn\u00edho prost\u0159ed\u00ed.<\/p>\n<h2>Odstra\u0148ov\u00e1n\u00ed probl\u00e9m\u016f a b\u011b\u017en\u00e9 probl\u00e9my<\/h2>\n<p>Zde jsou n\u011bkter\u00e9 b\u011b\u017en\u00e9 probl\u00e9my, kter\u00e9 se mohou vyskytnout s v\u00e1lcem ramene:<\/p>\n<ul>\n<li>\u00danik hydraulick\u00e9 kapaliny<\/li>\n<li>Neobvykl\u00fd hluk b\u011bhem provozu<\/li>\n<li>Nedostate\u010dn\u00fd nebo nerovnom\u011brn\u00fd pohyb<\/li>\n<li>Neudr\u017een\u00ed z\u00e1t\u011b\u017ee<\/li>\n<li>Obt\u00ed\u017ee s ovl\u00e1d\u00e1n\u00edm pa\u017ee<\/li>\n<\/ul>\n<p>Chcete-li tyto probl\u00e9my vy\u0159e\u0161it, zva\u017ete n\u00e1sleduj\u00edc\u00ed tipy pro \u0159e\u0161en\u00ed probl\u00e9m\u016f:<\/p>\n<ul>\n<li>Zkontrolujte a vym\u011b\u0148te v\u0161echna po\u0161kozen\u00e1 t\u011bsn\u011bn\u00ed nebo sou\u010d\u00e1sti.<\/li>\n<li>Zkontrolujte hladinu hydraulick\u00e9 kapaliny a zajist\u011bte jej\u00ed spr\u00e1vn\u00e9 maz\u00e1n\u00ed.<\/li>\n<li>Zkontrolujte spr\u00e1vn\u00fd hydraulick\u00fd tlak a v p\u0159\u00edpad\u011b pot\u0159eby jej upravte.<\/li>\n<li>Ujist\u011bte se, \u017ee v\u0161echna p\u0159ipojen\u00ed jsou bezpe\u010dn\u00e1 a bez \u00fanik\u016f.<\/li>\n<\/ul>\n<p><img decoding=\"async\" src=\"https:\/\/www.hydraulic-cylinders.net\/wp-content\/uploads\/2025\/01\/songte-chushion-collar.webp\" alt=\"Obr\u00e1zek l\u00edmce v\u00e1lce pa\u017ee\"><\/p>\n<p>Nezapome\u0148te \u010dl\u00e1nek logicky uspo\u0159\u00e1dat, pou\u017e\u00edvat podnadpisy pro snadnou navigaci, za\u010dlenit relevantn\u00ed obr\u00e1zky nebo grafy pro lep\u0161\u00ed pochopen\u00ed a zajistit, aby obsah byl jasn\u00fd, stru\u010dn\u00fd a vhodn\u00fd pro \u010dten\u00e1\u0159e s r\u016fznou \u00farovn\u00ed technick\u00fdch znalost\u00ed.<\/p>\n<p><em>Autor: lyl.<\/em><\/p>\n<h2>O n\u00e1s<\/h2>\n<p>Jsme profesion\u00e1ln\u00ed v\u00fdrobce n\u00e1hradn\u00edch hydraulick\u00fdch v\u00e1lc\u016f a nab\u00edz\u00edme \u0161irokou \u0161k\u00e1lu produkt\u016f. Stali jsme se jedn\u00edm z p\u0159edn\u00edch v\u00fdrobc\u016f a velkoobchodn\u00edch distributor\u016f hydraulick\u00fdch v\u00e1lc\u016f na dom\u00e1c\u00edm i mezin\u00e1rodn\u00edm trhu. Dodr\u017eujeme princip vynikaj\u00edc\u00ed kvality a neust\u00e1le zlep\u0161ujeme na\u0161i technologickou \u00farove\u0148 a efektivitu v\u00fdroby. Zav\u00e1d\u011bn\u00edm \u0161pi\u010dkov\u00e9ho digit\u00e1ln\u00edho v\u00fdrobn\u00edho za\u0159\u00edzen\u00ed a profesion\u00e1ln\u00edch testovac\u00edch syst\u00e9m\u016f optimalizujeme na\u0161i v\u00fdrobn\u00ed platformu a zlep\u0161ujeme procesy kontroly kvality v\u00fdrobk\u016f. Na\u0161e siln\u00e1 inova\u010dn\u00ed kapacita si klade za c\u00edl uspokojovat rozmanit\u00e9 pot\u0159eby z\u00e1kazn\u00edk\u016f s efektivitou, p\u0159esnost\u00ed a vysokou kvalitou.<\/p>\n<p><img decoding=\"async\" src=\"https:\/\/www.hydraulic-cylinders.net\/wp-content\/uploads\/2025\/01\/songte-company-4.webp\" alt=\"Image spole\u010dnosti\"><br \/>\n<img decoding=\"async\" src=\"https:\/\/www.hydraulic-cylinders.net\/wp-content\/uploads\/2025\/01\/songte-company-3.webp\" alt=\"Image spole\u010dnosti\"><\/p>\n<p>Na\u0161e spole\u010dnost se vyzna\u010duje:<\/p>\n<ul>\n<li>Profesionalita<\/li>\n<li>Mezin\u00e1rodn\u00ed certifikace<\/li>\n<li>Slu\u017eby p\u0159izp\u016fsoben\u00ed<\/li>\n<li>Pokro\u010dil\u00e9 v\u00fdrobn\u00ed za\u0159\u00edzen\u00ed<\/li>\n<li>Poprodejn\u00ed slu\u017eby<\/li>\n<\/ul>\n<p>Nezapome\u0148te dodr\u017eovat pravidlo \u201eAutor: lyl.\u201c na konci \u010dl\u00e1nku.<\/p>","protected":false},"excerpt":{"rendered":"<p>Arm Cylinder For Zoomlion Middle Excavator ZE210ELC Introduction The arm cylinder is a specially designed hydraulic cylinder that provides linear motion and power to the arm of various machinery, such as excavators, cranes, and mechanical arms. It plays a crucial role in hydraulic systems, enabling the efficient movement and control of additional tools or attachments. [&hellip;]<\/p>","protected":false},"featured_media":14774,"comment_status":"open","ping_status":"closed","template":"","meta":{"_et_pb_use_builder":"","_et_pb_old_content":"","_et_gb_content_width":""},"product_brand":[],"product_cat":[1497],"product_tag":[1498,1496],"class_list":{"0":"post-16429","1":"product","2":"type-product","3":"status-publish","4":"has-post-thumbnail","6":"product_cat-arm-cylinders","7":"product_tag-arm-cylinders","8":"product_tag-hydraulic-cylinders","10":"first","11":"instock","12":"shipping-taxable","13":"product-type-simple"},"amp_enabled":true,"_links":{"self":[{"href":"https:\/\/www.hydraulic-cylinders.net\/cs\/wp-json\/wp\/v2\/product\/16429","targetHints":{"allow":["GET"]}}],"collection":[{"href":"https:\/\/www.hydraulic-cylinders.net\/cs\/wp-json\/wp\/v2\/product"}],"about":[{"href":"https:\/\/www.hydraulic-cylinders.net\/cs\/wp-json\/wp\/v2\/types\/product"}],"replies":[{"embeddable":true,"href":"https:\/\/www.hydraulic-cylinders.net\/cs\/wp-json\/wp\/v2\/comments?post=16429"}],"wp:featuredmedia":[{"embeddable":true,"href":"https:\/\/www.hydraulic-cylinders.net\/cs\/wp-json\/wp\/v2\/media\/14774"}],"wp:attachment":[{"href":"https:\/\/www.hydraulic-cylinders.net\/cs\/wp-json\/wp\/v2\/media?parent=16429"}],"wp:term":[{"taxonomy":"product_brand","embeddable":true,"href":"https:\/\/www.hydraulic-cylinders.net\/cs\/wp-json\/wp\/v2\/product_brand?post=16429"},{"taxonomy":"product_cat","embeddable":true,"href":"https:\/\/www.hydraulic-cylinders.net\/cs\/wp-json\/wp\/v2\/product_cat?post=16429"},{"taxonomy":"product_tag","embeddable":true,"href":"https:\/\/www.hydraulic-cylinders.net\/cs\/wp-json\/wp\/v2\/product_tag?post=16429"}],"curies":[{"name":"wp","href":"https:\/\/api.w.org\/{rel}","templated":true}]}}