{"id":16433,"date":"2025-01-20T09:15:13","date_gmt":"2025-01-20T09:15:13","guid":{"rendered":"https:\/\/www.hydraulic-cylinders.net\/product\/arm-cylinderfor-zoomlion-large-excavator-ze330e\/"},"modified":"2025-01-20T09:15:15","modified_gmt":"2025-01-20T09:15:15","slug":"arm-cylinderfor-zoomlion-large-excavator-ze330e","status":"publish","type":"product","link":"https:\/\/www.hydraulic-cylinders.net\/cs\/produkt\/arm-cylinderfor-zoomlion-large-excavator-ze330e\/","title":{"rendered":"V\u00e1lec ramene pro velk\u00e9 bagry Zoomlion ZE330E"},"content":{"rendered":"<p>V\u00e1lec ramene pro velk\u00e9 rypadlo Zoomlion ZE330E<\/p>\n<p>Zaveden\u00ed:<br \/>\nHydraulick\u00e9 v\u00e1lce ramen jsou speci\u00e1ln\u011b navr\u017een\u00e9 hydraulick\u00e9 v\u00e1lce, kter\u00e9 se prim\u00e1rn\u011b pou\u017e\u00edvaj\u00ed k zaji\u0161t\u011bn\u00ed line\u00e1rn\u00edho pohybu a v\u00fdkonu r\u016fzn\u00fdch typ\u016f ramen stroj\u016f, jako jsou bagry, je\u0159\u00e1by a mechanick\u00e1 ramena. V\u00e1lce ramen hraj\u00ed kl\u00ed\u010dovou roli v hydraulick\u00e9m syst\u00e9mu, proto\u017ee umo\u017e\u0148uj\u00ed efektivn\u00ed pohyb a ovl\u00e1d\u00e1n\u00ed dal\u0161\u00edho n\u00e1\u0159ad\u00ed nebo p\u0159\u00edslu\u0161enstv\u00ed. Tyto v\u00e1lce nejen\u017ee zaji\u0161\u0165uj\u00ed plynul\u00fd pohyb, ale tak\u00e9 dok\u00e1\u017e\u00ed odolat velk\u00e9mu zat\u00ed\u017een\u00ed, co\u017e zaji\u0161\u0165uje efektivn\u00ed provoz a spolehlivost za r\u016fzn\u00fdch provozn\u00edch podm\u00ednek.<\/p>\n<p>Definice:<br \/>\nHydraulick\u00fd v\u00e1lec ramene je typ hydraulick\u00e9ho v\u00e1lce speci\u00e1ln\u011b navr\u017een\u00e9ho pro zaji\u0161t\u011bn\u00ed line\u00e1rn\u00edho pohybu a v\u00fdkonu r\u016fzn\u00fdch typ\u016f ramen stroj\u016f. Je kl\u00ed\u010dovou sou\u010d\u00e1st\u00ed hydraulick\u00e9ho syst\u00e9mu, kter\u00e1 umo\u017e\u0148uje pohyb a ovl\u00e1d\u00e1n\u00ed dal\u0161\u00edch n\u00e1stroj\u016f nebo p\u0159\u00edslu\u0161enstv\u00ed. V\u00e1lce ramen jsou schopny zajistit plynul\u00fd a efektivn\u00ed pohyb a odol\u00e1vaj\u00ed t\u011b\u017ek\u00fdm z\u00e1t\u011b\u017e\u00edm, \u010d\u00edm\u017e zaji\u0161\u0165uj\u00ed spolehliv\u00fd provoz za r\u016fzn\u00fdch provozn\u00edch podm\u00ednek.<\/p>\n<p>Vlastnosti:<br \/>\n1. Vysoce \u00fa\u010dinn\u00fd p\u0159evod: V\u00e1lce ramene poskytuj\u00ed siln\u00fd line\u00e1rn\u00ed pohyb a s\u00edlu, co\u017e zaji\u0161\u0165uje vysokou \u00fa\u010dinnost mechanick\u00e9ho ramene p\u0159i r\u016fzn\u00fdch operac\u00edch.<br \/>\n2. P\u0159esn\u00e9 ovl\u00e1d\u00e1n\u00ed: Prost\u0159ednictv\u00edm hydraulick\u00e9ho syst\u00e9mu mohou v\u00e1lce ramen dos\u00e1hnout p\u0159esn\u00e9ho ovl\u00e1d\u00e1n\u00ed pohybu, co\u017e umo\u017e\u0148uje flexibiln\u011bj\u0161\u00ed a p\u0159esn\u011bj\u0161\u00ed ovl\u00e1d\u00e1n\u00ed dal\u0161\u00edch n\u00e1stroj\u016f.<br \/>\n3. Vysok\u00e1 odolnost: V\u00e1lce ramen jsou obvykle vyrobeny z vysoce pevn\u00fdch materi\u00e1l\u016f s dobrou odolnost\u00ed proti opot\u0159eben\u00ed a korozi, co\u017e je \u010din\u00ed vhodn\u00fdmi pro dlouhodob\u00e9 pou\u017e\u00edv\u00e1n\u00ed v n\u00e1ro\u010dn\u00fdch podm\u00ednk\u00e1ch.<br \/>\n4. V\u0161estrann\u00e1 p\u0159izp\u016fsobivost: Tyto v\u00e1lce lze \u0161iroce pou\u017e\u00edvat v r\u016fzn\u00fdch mechanick\u00fdch za\u0159\u00edzen\u00edch, jako jsou bagry, je\u0159\u00e1by a mechanick\u00e1 ramena, aby spl\u0148ovaly r\u016fzn\u00e9 po\u017eadavky na pr\u00e1ci.<br \/>\n5. Snadn\u00e1 \u00fadr\u017eba: Konstrukce v\u00e1lc\u016f ramene je pova\u017eov\u00e1na za snadno udr\u017eovatelnou a vym\u011bnitelnou, co\u017e usnad\u0148uje pravideln\u00e9 kontroly a \u00fadr\u017ebu a zkracuje prostoje za\u0159\u00edzen\u00ed.<\/p>\n<p>Aplikace:<br \/>\n1. Stavebn\u00ed in\u017een\u00fdrstv\u00ed: U bagr\u016f a je\u0159\u00e1b\u016f se v\u00e1lce ramen pou\u017e\u00edvaj\u00ed k ovl\u00e1d\u00e1n\u00ed pohybu l\u017e\u00edce nebo v\u00fdlo\u017en\u00edku pro zemn\u00ed pr\u00e1ce, manipulaci s materi\u00e1lem a mont\u00e1\u017e konstrukc\u00ed.<br \/>\n2. Zpracovatelsk\u00fd pr\u016fmysl: V automatizovan\u00fdch v\u00fdrobn\u00edch link\u00e1ch se v\u00e1lce ramen pou\u017e\u00edvaj\u00ed k pohybu mechanick\u00fdch ramen pro mont\u00e1\u017en\u00ed, sva\u0159ovac\u00ed a manipula\u010dn\u00ed procesy, aby se zlep\u0161ila efektivita a p\u0159esnost v\u00fdroby.<br \/>\n3. Zem\u011bd\u011blsk\u00e9 stroje: U zem\u011bd\u011blsk\u00fdch stroj\u016f, jako jsou skl\u00edzec\u00ed a s\u00e1zec\u00ed stroje, ovl\u00e1daj\u00ed v\u00e1lce ramen pohyb ovl\u00e1dac\u00edho ramene pro prov\u00e1d\u011bn\u00ed \u00fakol\u016f, jako je set\u00ed, hnojen\u00ed a sklize\u0148.<br \/>\n4. T\u011b\u017eba: V t\u011b\u017eebn\u00edch za\u0159\u00edzen\u00edch se v\u00e1lce ramen pou\u017e\u00edvaj\u00ed k ovl\u00e1d\u00e1n\u00ed pohybu ramen t\u011b\u017eebn\u00edho za\u0159\u00edzen\u00ed pro t\u011b\u017ebu a manipulaci s rudami.<br \/>\n5. Logistika a doprava: U vysokozdvi\u017en\u00fdch voz\u00edk\u016f a manipula\u010dn\u00edch robot\u016f se v\u00e1lce ramen pou\u017e\u00edvaj\u00ed k ovl\u00e1d\u00e1n\u00ed zved\u00e1n\u00ed a pohybu vidlice za \u00fa\u010delem manipulace s materi\u00e1lem a jeho stohov\u00e1n\u00ed.<\/p>\n<p>Konstruk\u010dn\u00ed aspekty a krit\u00e9ria v\u00fdb\u011bru:<br \/>\n1. Nosnost: V\u00e1lce ramen by m\u011bly b\u00fdt navr\u017eeny tak, aby spl\u0148ovaly po\u017eadavky na zat\u00ed\u017een\u00ed r\u016fzn\u00fdch mechanick\u00fdch ramen a p\u0159\u00edslu\u0161enstv\u00ed.<br \/>\n2. T\u011bsnic\u00ed v\u00fdkon: V\u00e1lce ramen by m\u011bly b\u00fdt vybaveny r\u016fzn\u00fdmi t\u011bsnic\u00edmi prvky, jako jsou t\u011bsn\u011bn\u00ed p\u00edst\u016f a p\u00edstnic, vyroben\u00fdmi z materi\u00e1l\u016f odoln\u00fdch proti opot\u0159eben\u00ed, jako je polyuretan a nitrilov\u00e1 pry\u017e, aby byl zaji\u0161t\u011bn dobr\u00fd t\u011bsnic\u00ed v\u00fdkon.<br \/>\n3. Trvanlivost: V\u00e1lce ramen by m\u011bly b\u00fdt vyrobeny z vysoce pevn\u00fdch materi\u00e1l\u016f a m\u011bly by b\u00fdt podrobeny p\u0159esn\u00e9 povrchov\u00e9 \u00faprav\u011b pro zlep\u0161en\u00ed odolnosti proti opot\u0159eben\u00ed a korozi.<br \/>\n4. Bezpe\u010dnost: V\u00e1lce ramen by m\u011bly b\u00fdt navr\u017eeny s bezpe\u010dnostn\u00edmi prvky, jako jsou p\u0159etlakov\u00e9 ventily a ochrana proti p\u0159etlaku, aby byl zaji\u0161t\u011bn bezpe\u010dn\u00fd provoz.<br \/>\n5. \u00dadr\u017eba: V\u00e1lce ramen by m\u011bly b\u00fdt navr\u017eeny tak, aby se daly snadno udr\u017eovat a vym\u011b\u0148ovat, a pro maz\u00e1n\u00ed je nutn\u00e9 pravideln\u011b dopl\u0148ovat odpov\u00eddaj\u00edc\u00ed mno\u017estv\u00ed hydraulick\u00e9ho oleje.<\/p>\n<p>T\u011bsn\u011bn\u00ed a maz\u00e1n\u00ed:<br \/>\nV\u00e1lce ramen pou\u017e\u00edvaj\u00ed r\u016fzn\u00e9 t\u011bsnic\u00ed komponenty, jako jsou t\u011bsn\u011bn\u00ed p\u00edst\u016f, t\u011bsn\u011bn\u00ed p\u00edstnic a st\u00edrac\u00ed t\u011bsn\u011bn\u00ed, aby bylo zaji\u0161t\u011bno \u00fa\u010dinn\u00e9 ut\u011bsn\u011bn\u00ed a zabr\u00e1n\u011bn\u00ed \u00fanik\u016fm. Pou\u017eit\u00e9 t\u011bsnic\u00ed materi\u00e1ly jsou obvykle polyuretan, nitrilov\u00e1 pry\u017e nebo jin\u00e9 materi\u00e1ly odoln\u00e9 proti opot\u0159eben\u00ed. Pro zaji\u0161t\u011bn\u00ed dlouh\u00e9 \u017eivotnosti v\u00e1lc\u016f ramen je nutn\u00e9 pravideln\u011b p\u0159id\u00e1vat odpov\u00eddaj\u00edc\u00ed mno\u017estv\u00ed hydraulick\u00e9ho oleje k maz\u00e1n\u00ed vnit\u0159ku v\u00e1lce.<\/p>\n<p>\u0158e\u0161en\u00ed probl\u00e9m\u016f a b\u011b\u017en\u00e9 probl\u00e9my:<br \/>\n1. Net\u011bsnost: Net\u011bsnost je jedn\u00edm z nej\u010dast\u011bj\u0161\u00edch probl\u00e9m\u016f s v\u00e1lci ramen. Chcete-li tento probl\u00e9m vy\u0159e\u0161it, zkontrolujte, zda nejsou po\u0161kozen\u00e1 nebo opot\u0159ebovan\u00e1 t\u011bsn\u011bn\u00ed, a v p\u0159\u00edpad\u011b pot\u0159eby je vym\u011b\u0148te.<br \/>\n2. Pomal\u00fd pohyb: Pokud se v\u00e1lec pohybuje pomalu, m\u016f\u017ee to b\u00fdt zp\u016fsobeno n\u00edzk\u00fdm hydraulick\u00fdm tlakem nebo nedostate\u010dn\u00fdm maz\u00e1n\u00edm. Zkontrolujte hydraulick\u00fd syst\u00e9m a dopl\u0148te p\u0159\u00edslu\u0161n\u00e9 mno\u017estv\u00ed hydraulick\u00e9ho oleje, abyste tento probl\u00e9m vy\u0159e\u0161ili.<br \/>\n3. Hluk: Pokud se p\u0159i provozu v\u00e1lce ramene objev\u00ed abnorm\u00e1ln\u00ed hluk, m\u016f\u017ee b\u00fdt zp\u016fsoben probl\u00e9my, jako je vniknut\u00ed vzduchu do syst\u00e9mu nebo po\u0161kozen\u00e1 t\u011bsn\u011bn\u00ed.<\/p>\n<p>Instala\u010dn\u00ed pr\u016fvodce:<br \/>\n1. Nainstalujte v\u00e1lec ramene do vhodn\u00e9 polohy dle konstruk\u010dn\u00edch po\u017eadavk\u016f mechanick\u00e9ho ramene.<br \/>\n2. P\u0159ipojte hydraulick\u00e9 hadice a potrub\u00ed podle pokyn\u016f k instalaci a zajist\u011bte jejich spr\u00e1vn\u00e9 ut\u011bsn\u011bn\u00ed a t\u011bsnost.<br \/>\n3. P\u0159ed prvn\u00edm pou\u017eit\u00edm zkontrolujte hydraulick\u00fd syst\u00e9m, zda v n\u011bm nen\u00ed vzduch, a odstra\u0148te jej, abyste zajistili jeho spr\u00e1vnou funkci.<\/p>\n<p>Bezpe\u010dnostn\u00ed aspekty a faktory prost\u0159ed\u00ed:<br \/>\n1. P\u0159i pr\u00e1ci s v\u00e1lci ramen by m\u011bla b\u00fdt bezpe\u010dnost nejvy\u0161\u0161\u00ed prioritou. Za\u0159\u00edzen\u00ed by m\u011blo b\u00fdt \u0159\u00e1dn\u011b udr\u017eov\u00e1no a kontrolov\u00e1no, aby se p\u0159ede\u0161lo potenci\u00e1ln\u00edm bezpe\u010dnostn\u00edm rizik\u016fm.<br \/>\n2. Faktory prost\u0159ed\u00ed, jako je teplota, vlhkost a prach, mohou ovlivnit v\u00fdkon a \u017eivotnost v\u00e1lc\u016f ramene. Doporu\u010duje se prov\u00e1d\u011bt pravidelnou \u00fadr\u017ebu a \u010di\u0161t\u011bn\u00ed, aby byla zaji\u0161t\u011bna spr\u00e1vn\u00e1 funkce v\u00e1lce.<\/p>\n<p>O n\u00e1s:<br \/>\nJsme profesion\u00e1ln\u00ed v\u00fdrobce n\u00e1hradn\u00edch hydraulick\u00fdch v\u00e1lc\u016f se \u0161irokou \u0161k\u00e1lou produkt\u016f. Stali jsme se jedn\u00edm z p\u0159edn\u00edch v\u00fdrobc\u016f a velkoobchodn\u00edch distributor\u016f hydraulick\u00fdch v\u00e1lc\u016f na dom\u00e1c\u00edm i mezin\u00e1rodn\u00edm trhu. V\u017edy se dr\u017e\u00edme z\u00e1sady vynikaj\u00edc\u00ed kvality a neust\u00e1le zlep\u0161ujeme na\u0161i technologii a efektivitu v\u00fdroby. Na\u0161\u00edm c\u00edlem je uspokojovat rozmanit\u00e9 pot\u0159eby z\u00e1kazn\u00edk\u016f s vysokou \u00fa\u010dinnost\u00ed, p\u0159esnost\u00ed a vysoce kvalitn\u00edmi produkty.<\/p>\n<p>Na\u0161e spole\u010dnost poskytuje profesion\u00e1ln\u00ed slu\u017eby, jako je mezin\u00e1rodn\u00ed certifikace, zak\u00e1zkov\u00e9 slu\u017eby, v\u00fdrobn\u00ed za\u0159\u00edzen\u00ed a poprodejn\u00ed servis. Disponujeme pokro\u010dil\u00fdm digit\u00e1ln\u00edm v\u00fdrobn\u00edm za\u0159\u00edzen\u00edm a profesion\u00e1ln\u00edm testovac\u00edm syst\u00e9mem pro optimalizaci v\u00fdrobn\u00ed platformy a zlep\u0161en\u00ed proces\u016f kontroly kvality v\u00fdrobk\u016f. M\u00e1me silnou inova\u010dn\u00ed kapacitu a neust\u00e1le vylep\u0161ujeme na\u0161i technologii, abychom splnili rozmanit\u00e9 pot\u0159eby z\u00e1kazn\u00edk\u016f.<\/p>\n<p>Autor: lyl.<\/p>","protected":false},"excerpt":{"rendered":"<p>Arm Cylinder for Zoomlion Large Excavator ZE330E Introduction: Arm cylinders are specially designed hydraulic cylinders that are primarily used for providing linear motion and power to various types of machinery arms such as excavators, cranes, and mechanical arms. Arm cylinders play a key role in the hydraulic system, enabling the effective movement and control of [&hellip;]<\/p>","protected":false},"featured_media":14763,"comment_status":"open","ping_status":"closed","template":"","meta":{"_et_pb_use_builder":"","_et_pb_old_content":"","_et_gb_content_width":""},"product_brand":[],"product_cat":[1497],"product_tag":[1498,1496],"class_list":{"0":"post-16433","1":"product","2":"type-product","3":"status-publish","4":"has-post-thumbnail","6":"product_cat-arm-cylinders","7":"product_tag-arm-cylinders","8":"product_tag-hydraulic-cylinders","10":"first","11":"instock","12":"shipping-taxable","13":"product-type-simple"},"amp_enabled":true,"_links":{"self":[{"href":"https:\/\/www.hydraulic-cylinders.net\/cs\/wp-json\/wp\/v2\/product\/16433","targetHints":{"allow":["GET"]}}],"collection":[{"href":"https:\/\/www.hydraulic-cylinders.net\/cs\/wp-json\/wp\/v2\/product"}],"about":[{"href":"https:\/\/www.hydraulic-cylinders.net\/cs\/wp-json\/wp\/v2\/types\/product"}],"replies":[{"embeddable":true,"href":"https:\/\/www.hydraulic-cylinders.net\/cs\/wp-json\/wp\/v2\/comments?post=16433"}],"wp:featuredmedia":[{"embeddable":true,"href":"https:\/\/www.hydraulic-cylinders.net\/cs\/wp-json\/wp\/v2\/media\/14763"}],"wp:attachment":[{"href":"https:\/\/www.hydraulic-cylinders.net\/cs\/wp-json\/wp\/v2\/media?parent=16433"}],"wp:term":[{"taxonomy":"product_brand","embeddable":true,"href":"https:\/\/www.hydraulic-cylinders.net\/cs\/wp-json\/wp\/v2\/product_brand?post=16433"},{"taxonomy":"product_cat","embeddable":true,"href":"https:\/\/www.hydraulic-cylinders.net\/cs\/wp-json\/wp\/v2\/product_cat?post=16433"},{"taxonomy":"product_tag","embeddable":true,"href":"https:\/\/www.hydraulic-cylinders.net\/cs\/wp-json\/wp\/v2\/product_tag?post=16433"}],"curies":[{"name":"wp","href":"https:\/\/api.w.org\/{rel}","templated":true}]}}