{"id":16436,"date":"2025-01-20T09:15:34","date_gmt":"2025-01-20T09:15:34","guid":{"rendered":"https:\/\/www.hydraulic-cylinders.net\/product\/arm-cylinderfor-zoomlion-large-excavator-ze360e\/"},"modified":"2025-01-20T09:15:36","modified_gmt":"2025-01-20T09:15:36","slug":"arm-cylinderfor-zoomlion-large-excavator-ze360e","status":"publish","type":"product","link":"https:\/\/www.hydraulic-cylinders.net\/cs\/produkt\/arm-cylinderfor-zoomlion-large-excavator-ze360e\/","title":{"rendered":"V\u00e1lec ramene pro velk\u00e9 bagry Zoomlion ZE360E"},"content":{"rendered":"<h1>V\u00e1lec ramene pro velk\u00e9 bagry Zoomlion ZE360E<\/h1>\n<h2>Zaveden\u00ed<\/h2>\n<p>Hydraulick\u00fd v\u00e1lec ramene je specializovan\u00fd hydraulick\u00fd v\u00e1lec ur\u010den\u00fd k zaji\u0161t\u011bn\u00ed line\u00e1rn\u00edho pohybu a v\u00fdkonu ramen r\u016fzn\u00fdch typ\u016f stroj\u016f, jako jsou bagry, je\u0159\u00e1by a mechanick\u00e1 ramena. V\u00e1lec ramene hraje kl\u00ed\u010dovou roli v hydraulick\u00fdch syst\u00e9mech, proto\u017ee umo\u017e\u0148uje efektivn\u00ed pohyb a ovl\u00e1d\u00e1n\u00ed dal\u0161\u00edho n\u00e1\u0159ad\u00ed nebo p\u0159\u00edslu\u0161enstv\u00ed. Tyto v\u00e1lce nejen dosahuj\u00ed plynul\u00e9ho pohybu, ale tak\u00e9 odol\u00e1vaj\u00ed t\u011b\u017ek\u00fdm z\u00e1t\u011b\u017e\u00edm, \u010d\u00edm\u017e zaji\u0161\u0165uj\u00ed efektivn\u00ed provoz a spolehlivost stroj\u016f za r\u016fzn\u00fdch provozn\u00edch podm\u00ednek.<\/p>\n<p><img decoding=\"async\" src=\"https:\/\/www.hydraulic-cylinders.net\/wp-content\/uploads\/2025\/01\/songte-company-2.webp\" \/><\/p>\n<h2>Funkce<\/h2>\n<ul>\n<li>Efektivn\u00ed p\u0159enos s\u00edly: V\u00e1lec ramene zaji\u0161\u0165uje siln\u00fd line\u00e1rn\u00ed pohyb a s\u00edlu, co\u017e zaji\u0161\u0165uje vysokou \u00fa\u010dinnost mechanick\u00e9ho ramene b\u011bhem r\u016fzn\u00fdch operac\u00ed. <\/li>\n<li>P\u0159esn\u00e9 ovl\u00e1d\u00e1n\u00ed: D\u00edky hydraulick\u00e9mu syst\u00e9mu m\u016f\u017ee v\u00e1lec ramene dos\u00e1hnout p\u0159esn\u00e9ho ovl\u00e1d\u00e1n\u00ed pohybu, co\u017e umo\u017e\u0148uje flexibiln\u011bj\u0161\u00ed a p\u0159esn\u011bj\u0161\u00ed ovl\u00e1d\u00e1n\u00ed dal\u0161\u00edch n\u00e1stroj\u016f.<\/li>\n<li>Vysok\u00e1 odolnost: V\u00e1lce ramen jsou obvykle vyrobeny z vysoce pevn\u00fdch materi\u00e1l\u016f s dobrou odolnost\u00ed proti opot\u0159eben\u00ed a korozi, vhodn\u00e9 pro dlouhodob\u00e9 pou\u017eit\u00ed v n\u00e1ro\u010dn\u00fdch podm\u00ednk\u00e1ch.<\/li>\n<li>Multifunk\u010dn\u00ed p\u0159izp\u016fsobivost: Tyto v\u00e1lce lze \u0161iroce pou\u017e\u00edvat v r\u016fzn\u00fdch mechanick\u00fdch za\u0159\u00edzen\u00edch, jako jsou bagry, je\u0159\u00e1by a mechanick\u00e1 ramena, pro p\u0159izp\u016fsoben\u00ed se r\u016fzn\u00fdm pracovn\u00edm po\u017eadavk\u016fm.<\/li>\n<li>Snadn\u00e1 \u00fadr\u017eba: Konstrukce v\u00e1lc\u016f ramene zohled\u0148uje snadnou \u00fadr\u017ebu a v\u00fdm\u011bnu, co\u017e usnad\u0148uje pravideln\u00e9 kontroly a \u00fadr\u017ebu a zkracuje prostoje za\u0159\u00edzen\u00ed.<\/li>\n<\/ul>\n<p><img decoding=\"async\" src=\"https:\/\/www.hydraulic-cylinders.net\/wp-content\/uploads\/2025\/01\/songte-oil-pipes-and-spare-parts.webp\" \/><\/p>\n<h2>Aplikace<\/h2>\n<p>V\u00e1lec ramene m\u00e1 \u0161irokou \u0161k\u00e1lu uplatn\u011bn\u00ed v r\u016fzn\u00fdch pr\u016fmyslov\u00fdch odv\u011btv\u00edch:<\/p>\n<ul>\n<li>Stavebn\u00ed in\u017een\u00fdrstv\u00ed: U bagr\u016f a je\u0159\u00e1b\u016f se v\u00e1lec ramene pou\u017e\u00edv\u00e1 k ovl\u00e1d\u00e1n\u00ed pohybu l\u017e\u00edce nebo v\u00fdlo\u017en\u00edku, prov\u00e1d\u011bn\u00ed zemn\u00edch prac\u00ed, manipulace s materi\u00e1lem a mont\u00e1\u017ee konstrukc\u00ed.<\/li>\n<li>V\u00fdroba: V automatizovan\u00fdch v\u00fdrobn\u00edch link\u00e1ch se v\u00e1lec ramene pou\u017e\u00edv\u00e1 k pohybu mechanick\u00fdch ramen, k prov\u00e1d\u011bn\u00ed mont\u00e1\u017en\u00edch, sva\u0159ovac\u00edch a manipula\u010dn\u00edch proces\u016f za \u00fa\u010delem zlep\u0161en\u00ed efektivity a p\u0159esnosti v\u00fdroby.<\/li>\n<li>Zem\u011bd\u011blsk\u00e9 stroje: U zem\u011bd\u011blsk\u00fdch stroj\u016f, jako jsou skl\u00edzec\u00ed a s\u00e1zec\u00ed stroje, v\u00e1lec ramene ovl\u00e1d\u00e1 pohyb ovl\u00e1dac\u00edho ramene a prov\u00e1d\u00ed \u00fakoly, jako je set\u00ed, hnojen\u00ed a sklize\u0148.<\/li>\n<li>T\u011b\u017eba: V t\u011b\u017eebn\u00edm za\u0159\u00edzen\u00ed se v\u00e1lec ramene pou\u017e\u00edv\u00e1 k ovl\u00e1d\u00e1n\u00ed pohybu ramene t\u011b\u017eebn\u00edho za\u0159\u00edzen\u00ed, k prov\u00e1d\u011bn\u00ed t\u011b\u017eby a p\u0159epravy rudy.<\/li>\n<li>Logistika a doprava: U vysokozdvi\u017en\u00fdch voz\u00edk\u016f a manipula\u010dn\u00edch robot\u016f se v\u00e1lec ramene pou\u017e\u00edv\u00e1 k ovl\u00e1d\u00e1n\u00ed zved\u00e1n\u00ed a pohybu vidlice, \u010d\u00edm\u017e se realizuje manipulace a stohov\u00e1n\u00ed materi\u00e1l\u016f.<\/li>\n<\/ul>\n<h2>\u00davahy o n\u00e1vrhu a standardy v\u00fdb\u011bru<\/h2>\n<p>Z konstruk\u010dn\u00edho hlediska je t\u0159eba u v\u00e1lce ramene zohlednit n\u011bkolik kl\u00ed\u010dov\u00fdch faktor\u016f:<\/p>\n<ul>\n<li>\u00danosnost: V\u00e1lec ramene mus\u00ed b\u00fdt navr\u017een tak, aby vydr\u017eel po\u017eadovan\u00e9 zat\u00ed\u017een\u00ed a zajistil bezpe\u010dn\u00fd a stabiln\u00ed provoz stroj\u016f.<\/li>\n<li>T\u011bsn\u011bn\u00ed: Ve v\u00e1lci ramene se pou\u017e\u00edvaj\u00ed r\u016fzn\u00e9 t\u011bsnic\u00ed prvky, jako jsou t\u011bsn\u011bn\u00ed p\u00edst\u016f a t\u011bsn\u011bn\u00ed p\u00edstnic, kter\u00e9 zabra\u0148uj\u00ed \u00faniku hydraulick\u00e9ho oleje a zaji\u0161\u0165uj\u00ed hladk\u00fd chod.<\/li>\n<li>Trvanlivost: V\u00e1lec ramene mus\u00ed b\u00fdt vyroben z vysoce pevn\u00fdch materi\u00e1l\u016f s dobrou odolnost\u00ed proti opot\u0159eben\u00ed a korozi, vhodn\u00fdch pro pou\u017eit\u00ed v n\u00e1ro\u010dn\u00fdch podm\u00ednk\u00e1ch.<\/li>\n<li>Bezpe\u010dnost: Hydraulick\u00fd syst\u00e9m je vybaven bezpe\u010dnostn\u00edmi prvky, jako jsou pojistn\u00e9 ventily a nouzov\u00e9 zastaven\u00ed, aby byl zaji\u0161t\u011bn bezpe\u010dn\u00fd provoz strojn\u00edho za\u0159\u00edzen\u00ed.<\/li>\n<li>\u00dadr\u017eba: V\u00e1lec ramene mus\u00ed b\u00fdt navr\u017een pro snadnou \u00fadr\u017ebu, jako je snadn\u00e1 demont\u00e1\u017e a mont\u00e1\u017e a jednoduch\u00e1 v\u00fdm\u011bna opot\u0159ebovan\u00fdch d\u00edl\u016f, co\u017e sni\u017euje dobu \u00fadr\u017eby a n\u00e1klady.<\/li>\n<\/ul>\n<p><img decoding=\"async\" src=\"https:\/\/www.hydraulic-cylinders.net\/wp-content\/uploads\/2025\/01\/songte-cylinder-head-with-all-kinds-excavator-models.webp\" \/><\/p>\n<h2>T\u011bsn\u011bn\u00ed a maz\u00e1n\u00ed<\/h2>\n<p>V\u00e1lec ramene pou\u017e\u00edv\u00e1 r\u016fzn\u00e9 t\u011bsnic\u00ed komponenty, jako jsou t\u011bsn\u011bn\u00ed p\u00edstu a t\u011bsn\u011bn\u00ed p\u00edstnice, aby se zabr\u00e1nilo \u00faniku hydraulick\u00e9ho oleje a zajistil se hladk\u00fd chod. Tato t\u011bsn\u011bn\u00ed jsou vyrobena z materi\u00e1l\u016f odoln\u00fdch proti opot\u0159eben\u00ed, jako je polyuretan a nitrilov\u00e1 pry\u017e. T\u011bleso v\u00e1lce a z\u00e1vitov\u00fd konec jsou jemn\u011b opracov\u00e1ny pro zlep\u0161en\u00ed odolnosti proti opot\u0159eben\u00ed. Pro udr\u017een\u00ed v\u00fdkonu v\u00e1lce je nutn\u00e9 pravideln\u00e9 maz\u00e1n\u00ed hydraulick\u00fdm olejem.<\/p>\n<h2>Pravideln\u00e1 kontrola a preventivn\u00ed \u00fadr\u017eba<\/h2>\n<p>Pravideln\u00e1 kontrola a preventivn\u00ed \u00fadr\u017eba jsou nezbytn\u00e9 pro zaji\u0161t\u011bn\u00ed dlouhodob\u00e9ho a spolehliv\u00e9ho provozu v\u00e1lce ramene. M\u011bla by b\u00fdt p\u0159ijata n\u00e1sleduj\u00edc\u00ed opat\u0159en\u00ed:<\/p>\n<ul>\n<li>M\u011bly by se prov\u00e1d\u011bt pravideln\u00e9 kontroly, v\u010detn\u011b kontroly \u00faniku oleje, abnorm\u00e1ln\u00edch zvuk\u016f a abnorm\u00e1ln\u00edch vibrac\u00ed.<\/li>\n<li>Pravideln\u011b kontrolujte a udr\u017eujte hydraulick\u00fd syst\u00e9m, abyste zajistili jeho stabilitu a spolehlivost.<\/li>\n<li>Opot\u0159ebovan\u00e1 t\u011bsn\u011bn\u00ed a dal\u0161\u00ed sou\u010d\u00e1sti v\u010das vym\u011b\u0148ujte.<\/li>\n<\/ul>\n<p><img decoding=\"async\" src=\"https:\/\/www.hydraulic-cylinders.net\/wp-content\/uploads\/2025\/01\/songte-chushion-collar.webp\" \/><\/p>\n<h2>Pr\u016fvodce instalac\u00ed produktu<\/h2>\n<p>P\u0159ed instalac\u00ed o\u010dist\u011bte m\u00edsto instalace a t\u011bleso v\u00e1lce a zkontrolujte, zda se p\u0159\u00edslu\u0161n\u00e9 d\u00edly spr\u00e1vn\u011b shoduj\u00ed. B\u011bhem instalace v\u011bnujte pozornost n\u00e1sleduj\u00edc\u00edmu:<\/p>\n<ul>\n<li>Spr\u00e1vn\u011b nainstalujte v\u00e1lec a ujist\u011bte se, \u017ee je bezpe\u010dn\u011b upevn\u011bn.<\/li>\n<li>P\u0159ipojte hydraulick\u00e9 potrub\u00ed a ut\u00e1hn\u011bte je p\u0159edepsan\u00fdm utahovac\u00edm momentem.<\/li>\n<li>Vym\u011b\u0148te hydraulick\u00fd olej a prove\u010fte tlakovou zkou\u0161ku, abyste se ujistili, \u017ee v\u00e1lec funguje norm\u00e1ln\u011b.<\/li>\n<\/ul>\n<h2>Bezpe\u010dnostn\u00ed a environment\u00e1ln\u00ed aspekty<\/h2>\n<p>P\u0159i pou\u017e\u00edv\u00e1n\u00ed v\u00e1lce ramene jsou nezbytn\u00e1 bezpe\u010dnostn\u00ed opat\u0159en\u00ed. V\u017edy dodr\u017eujte uveden\u00e9 bezpe\u010dnostn\u00ed pokyny a v p\u0159\u00edpad\u011b pot\u0159eby pou\u017e\u00edvejte vhodn\u00e9 ochrann\u00e9 prost\u0159edky. P\u0159i manipulaci s hydraulick\u00fdm olejem jsou d\u016fle\u017eit\u00e9 tak\u00e9 environment\u00e1ln\u00ed aspekty. Spr\u00e1vn\u00e1 likvidace pou\u017eit\u00e9ho hydraulick\u00e9ho oleje a dal\u0161\u00edho odpadu by m\u011bla prob\u00edhat v souladu s m\u00edstn\u00edmi p\u0159edpisy.<\/p>\n<h2>Odstra\u0148ov\u00e1n\u00ed probl\u00e9m\u016f a b\u011b\u017en\u00e9 probl\u00e9my<\/h2>\n<p>Mezi b\u011b\u017en\u00e9 probl\u00e9my s v\u00e1lcem ramene pat\u0159\u00ed \u00fanik oleje, nedostate\u010dn\u00fd p\u0159enos v\u00fdkonu a abnorm\u00e1ln\u00ed zvuky. Pokud se vyskytnou probl\u00e9my, je t\u0159eba p\u0159ijmout n\u00e1sleduj\u00edc\u00ed opat\u0159en\u00ed:<\/p>\n<ul>\n<li>Zkontrolujte t\u011bsnic\u00ed komponenty, zda nejsou opot\u0159ebovan\u00e9 nebo po\u0161kozen\u00e9, a v p\u0159\u00edpad\u011b pot\u0159eby je vym\u011b\u0148te.<\/li>\n<li>Zkontrolujte hladinu a viskozitu hydraulick\u00e9ho oleje a v p\u0159\u00edpad\u011b pot\u0159eby jej vym\u011b\u0148te.<\/li>\n<li>Zkontrolujte hydraulick\u00fd syst\u00e9m, zda nen\u00ed ucpan\u00fd nebo zda nefunguje spr\u00e1vn\u011b.<\/li>\n<\/ul>\n<p>Preventivn\u00ed opat\u0159en\u00ed zahrnuj\u00ed pravideln\u00e9 kontroly a \u00fadr\u017ebu, stejn\u011b jako pou\u017e\u00edv\u00e1n\u00ed vysoce kvalitn\u00edho hydraulick\u00e9ho oleje a t\u011bsnic\u00edch komponent\u016f.<\/p>\n<p><img decoding=\"async\" src=\"https:\/\/www.hydraulic-cylinders.net\/wp-content\/uploads\/2025\/01\/songte-bushings-with-all-kinds-of-excavator-models.webp\" \/><\/p>\n<h2>O n\u00e1s<\/h2>\n<p>Jsme profesion\u00e1ln\u00ed v\u00fdrobce n\u00e1hradn\u00edch hydraulick\u00fdch v\u00e1lc\u016f, nab\u00edz\u00edme \u0161irokou \u0161k\u00e1lu produkt\u016f a st\u00e1v\u00e1me se jedn\u00edm z p\u0159edn\u00edch v\u00fdrobc\u016f a velkoobchodn\u00edch distributor\u016f hydraulick\u00fdch v\u00e1lc\u016f na dom\u00e1c\u00edm i mezin\u00e1rodn\u00edm trhu. V\u017edy dodr\u017eujeme princip excelence a spol\u00e9h\u00e1me se na strategii industrializovan\u00e9ho \u0159\u00edzen\u00ed v\u00fdroby v r\u00e1mci jemn\u00fdch v\u00fdrobn\u00edch d\u00edlen, abychom neust\u00e1le zlep\u0161ovali na\u0161i technologickou \u00farove\u0148 a efektivitu v\u00fdroby. Prost\u0159ednictv\u00edm zav\u00e1d\u011bn\u00ed \u0161pi\u010dkov\u00e9ho digit\u00e1ln\u00edho v\u00fdrobn\u00edho za\u0159\u00edzen\u00ed a profesion\u00e1ln\u00edch testovac\u00edch syst\u00e9m\u016f neust\u00e1le optimalizujeme na\u0161i v\u00fdrobn\u00ed platformu, zlep\u0161ujeme proces kontroly kvality na\u0161ich v\u00fdrobk\u016f a m\u00e1me siln\u00e9 inova\u010dn\u00ed schopnosti. Na\u0161\u00edm c\u00edlem je uspokojovat rozmanit\u00e9 pot\u0159eby z\u00e1kazn\u00edk\u016f s vysokou efektivitou, p\u0159esnost\u00ed a vysokou kvalitou.<\/p>\n<ul>\n<li>Profesionalita: N\u00e1\u0161 t\u00fdm se skl\u00e1d\u00e1 ze zku\u0161en\u00fdch profesion\u00e1l\u016f, kte\u0159\u00ed se v\u011bnuj\u00ed v\u00fdrob\u011b vysoce kvalitn\u00edch hydraulick\u00fdch v\u00e1lc\u016f.<\/li>\n<li>Mezin\u00e1rodn\u00ed certifikace: Na\u0161e v\u00fdrobky pro\u0161ly r\u016fzn\u00fdmi mezin\u00e1rodn\u00edmi certifikacemi, jako jsou ISO9001, CE a SGS.<\/li>\n<li>Slu\u017eby na m\u00edru: Poskytujeme slu\u017eby na m\u00edru, abychom splnili specifick\u00e9 pot\u0159eby na\u0161ich klient\u016f.<\/li>\n<li>V\u00fdrobn\u00ed za\u0159\u00edzen\u00ed: Pou\u017e\u00edv\u00e1me \u0161pi\u010dkov\u00e9 digit\u00e1ln\u00ed v\u00fdrobn\u00ed za\u0159\u00edzen\u00ed a profesion\u00e1ln\u00ed testovac\u00ed syst\u00e9my, abychom zajistili vysoce kvalitn\u00ed produkty.<\/li>\n<li>Poprodejn\u00ed servis: Poskytujeme komplexn\u00ed poprodejn\u00ed servis pro zaji\u0161t\u011bn\u00ed spokojenosti z\u00e1kazn\u00edk\u016f.<\/li>\n<\/ul>\n<p><img decoding=\"async\" src=\"https:\/\/www.hydraulic-cylinders.net\/wp-content\/uploads\/2025\/01\/songte-company-4.webp\" \/><\/p>\n<p><img decoding=\"async\" src=\"https:\/\/www.hydraulic-cylinders.net\/wp-content\/uploads\/2025\/01\/songte-company-3.webp\" \/><\/p>\n<p>Autor: lyl<\/p>","protected":false},"excerpt":{"rendered":"<p>Arm Cylinder For Zoomlion Large Excavator ZE360E Introduction The arm cylinder is a specialized hydraulic cylinder designed to provide linear movement and power to the arms of various types of machinery, such as excavators, cranes, and mechanical arms. The arm cylinder plays a crucial role in hydraulic systems, enabling the effective movement and control of [&hellip;]<\/p>","protected":false},"featured_media":14783,"comment_status":"open","ping_status":"closed","template":"","meta":{"_et_pb_use_builder":"","_et_pb_old_content":"","_et_gb_content_width":""},"product_brand":[],"product_cat":[1497],"product_tag":[1498,1496],"class_list":{"0":"post-16436","1":"product","2":"type-product","3":"status-publish","4":"has-post-thumbnail","6":"product_cat-arm-cylinders","7":"product_tag-arm-cylinders","8":"product_tag-hydraulic-cylinders","10":"first","11":"instock","12":"shipping-taxable","13":"product-type-simple"},"amp_enabled":true,"_links":{"self":[{"href":"https:\/\/www.hydraulic-cylinders.net\/cs\/wp-json\/wp\/v2\/product\/16436","targetHints":{"allow":["GET"]}}],"collection":[{"href":"https:\/\/www.hydraulic-cylinders.net\/cs\/wp-json\/wp\/v2\/product"}],"about":[{"href":"https:\/\/www.hydraulic-cylinders.net\/cs\/wp-json\/wp\/v2\/types\/product"}],"replies":[{"embeddable":true,"href":"https:\/\/www.hydraulic-cylinders.net\/cs\/wp-json\/wp\/v2\/comments?post=16436"}],"wp:featuredmedia":[{"embeddable":true,"href":"https:\/\/www.hydraulic-cylinders.net\/cs\/wp-json\/wp\/v2\/media\/14783"}],"wp:attachment":[{"href":"https:\/\/www.hydraulic-cylinders.net\/cs\/wp-json\/wp\/v2\/media?parent=16436"}],"wp:term":[{"taxonomy":"product_brand","embeddable":true,"href":"https:\/\/www.hydraulic-cylinders.net\/cs\/wp-json\/wp\/v2\/product_brand?post=16436"},{"taxonomy":"product_cat","embeddable":true,"href":"https:\/\/www.hydraulic-cylinders.net\/cs\/wp-json\/wp\/v2\/product_cat?post=16436"},{"taxonomy":"product_tag","embeddable":true,"href":"https:\/\/www.hydraulic-cylinders.net\/cs\/wp-json\/wp\/v2\/product_tag?post=16436"}],"curies":[{"name":"wp","href":"https:\/\/api.w.org\/{rel}","templated":true}]}}