{"id":16443,"date":"2025-01-20T09:16:10","date_gmt":"2025-01-20T09:16:10","guid":{"rendered":"https:\/\/www.hydraulic-cylinders.net\/product\/arm-cylinderfor-sunward-small-excavator-swe150elr\/"},"modified":"2025-01-20T09:16:12","modified_gmt":"2025-01-20T09:16:12","slug":"arm-cylinderfor-sunward-small-excavator-swe150elr","status":"publish","type":"product","link":"https:\/\/www.hydraulic-cylinders.net\/cs\/produkt\/arm-cylinderfor-sunward-small-excavator-swe150elr\/","title":{"rendered":"V\u00e1lec ramene pro mal\u00e9 bagry Sunward SWE150ELR"},"content":{"rendered":"<h1>V\u00e1lec ramene pro mal\u00e9 bagry Sunward SWE150ELR<\/h1>\n<h2>Zaveden\u00ed<\/h2>\n<h3>Definice ramenov\u00e9ho v\u00e1lce<\/h3>\n<p>Hydraulick\u00fd v\u00e1lec ramene je speci\u00e1ln\u011b navr\u017een\u00fd hydraulick\u00fd v\u00e1lec, kter\u00fd se pou\u017e\u00edv\u00e1 hlavn\u011b k zaji\u0161t\u011bn\u00ed line\u00e1rn\u00edho pohybu a v\u00fdkonu ramen r\u016fzn\u00fdch typ\u016f stroj\u016f, jako jsou bagry, je\u0159\u00e1by a manipul\u00e1tory. V\u00e1lec ramene hraje kl\u00ed\u010dovou roli v hydraulick\u00e9m syst\u00e9mu, proto\u017ee umo\u017e\u0148uje efektivn\u00ed pohyb a ovl\u00e1d\u00e1n\u00ed p\u0159ipojen\u00e9ho n\u00e1\u0159ad\u00ed nebo p\u0159\u00edslu\u0161enstv\u00ed. Tyto v\u00e1lce nejen\u017ee zaji\u0161\u0165uj\u00ed plynul\u00fd pohyb, ale tak\u00e9 odol\u00e1vaj\u00ed t\u011b\u017ek\u00fdm z\u00e1t\u011b\u017e\u00edm, \u010d\u00edm\u017e zaji\u0161\u0165uj\u00ed efektivn\u00ed provoz a spolehlivost stroj\u016f za r\u016fzn\u00fdch pracovn\u00edch podm\u00ednek.<\/p>\n<p><img decoding=\"async\" src=\"https:\/\/www.hydraulic-cylinders.net\/wp-content\/uploads\/2025\/01\/songte-company-2.webp\"><\/p>\n<h2>Vlastnosti produktu<\/h2>\n<ul>\n<li>\n<h3>Vysoce \u00fa\u010dinn\u00fd p\u0159enos<\/h3>\n<p>V\u00e1lec ramene m\u016f\u017ee poskytovat siln\u00fd line\u00e1rn\u00ed pohyb a s\u00edlu, co\u017e zaji\u0161\u0165uje vysoce efektivn\u00ed v\u00fdkon ramene stroje v r\u016fzn\u00fdch operac\u00edch.<\/p>\n<\/li>\n<li>\n<h3>P\u0159esn\u00e9 ovl\u00e1d\u00e1n\u00ed<\/h3>\n<p>D\u00edky hydraulick\u00e9mu syst\u00e9mu m\u016f\u017ee v\u00e1lec ramene dos\u00e1hnout p\u0159esn\u00e9ho \u0159\u00edzen\u00ed pohybu, co\u017e zvy\u0161uje flexibilitu a p\u0159esnost ovl\u00e1d\u00e1n\u00ed p\u0159ipojen\u00e9ho n\u00e1\u0159ad\u00ed.<\/p>\n<\/li>\n<li>\n<h3>Vysok\u00e1 odolnost<\/h3>\n<p>V\u00e1lec ramene je obvykle vyroben z vysoce pevn\u00fdch materi\u00e1l\u016f a m\u00e1 dobrou odolnost proti opot\u0159eben\u00ed a korozi, d\u00edky \u010demu\u017e je vhodn\u00fd pro dlouhodob\u00e9 pou\u017e\u00edv\u00e1n\u00ed v n\u00e1ro\u010dn\u00fdch podm\u00ednk\u00e1ch.<\/p>\n<\/li>\n<li>\n<h3>Multifunk\u010dn\u00ed p\u0159izp\u016fsobivost<\/h3>\n<p>Tyto v\u00e1lce lze \u0161iroce pou\u017e\u00edvat v r\u016fzn\u00fdch mechanick\u00fdch za\u0159\u00edzen\u00edch, jako jsou bagry, je\u0159\u00e1by a manipul\u00e1tory, aby se p\u0159izp\u016fsobily r\u016fzn\u00fdm pracovn\u00edm po\u017eadavk\u016fm.<\/p>\n<\/li>\n<li>\n<h3>Snadn\u00e1 \u00fadr\u017eba<\/h3>\n<p>Konstrukce zohled\u0148uje snadnou \u00fadr\u017ebu a v\u00fdm\u011bnu, co\u017e usnad\u0148uje pravideln\u00e9 kontroly a \u00fadr\u017ebu a zkracuje prostoje za\u0159\u00edzen\u00ed.<\/p>\n<\/li>\n<\/ul>\n<p><img decoding=\"async\" src=\"https:\/\/www.hydraulic-cylinders.net\/wp-content\/uploads\/2025\/01\/songte-oil-pipes-and-spare-parts.webp\"><\/p>\n<h2>Aplikace<\/h2>\n<p>V\u00e1lec ramene m\u00e1 r\u016fzn\u00e1 uplatn\u011bn\u00ed v r\u016fzn\u00fdch pr\u016fmyslov\u00fdch odv\u011btv\u00edch:<\/p>\n<ul>\n<li>\n<h3>Stavebn\u00ed in\u017een\u00fdrstv\u00ed<\/h3>\n<p>U bagr\u016f a je\u0159\u00e1b\u016f se v\u00e1lec ramene pou\u017e\u00edv\u00e1 k ovl\u00e1d\u00e1n\u00ed pohybu l\u017e\u00edce nebo v\u00fdlo\u017en\u00edku pro zemn\u00ed pr\u00e1ce, manipulaci s materi\u00e1lem a mont\u00e1\u017e konstrukc\u00ed.<\/p>\n<\/li>\n<li>\n<h3>Zpracovatelsk\u00fd pr\u016fmysl<\/h3>\n<p>V automatizovan\u00fdch v\u00fdrobn\u00edch link\u00e1ch se v\u00e1lec ramene pou\u017e\u00edv\u00e1 k pohybu manipul\u00e1tor\u016f, jako je mont\u00e1\u017e, sva\u0159ov\u00e1n\u00ed a manipulace, ke zlep\u0161en\u00ed efektivity a p\u0159esnosti v\u00fdroby.<\/p>\n<\/li>\n<li>\n<h3>Zem\u011bd\u011blsk\u00e9 stroje<\/h3>\n<p>V zem\u011bd\u011blsk\u00fdch stroj\u00edch, jako jsou skl\u00edzec\u00ed a sec\u00ed stroje, \u0159\u00edd\u00ed v\u00e1lec ramene pohyb ovl\u00e1dac\u00edho ramene pro \u00fakoly, jako je set\u00ed, hnojen\u00ed a sklize\u0148.<\/p>\n<\/li>\n<li>\n<h3>Hornictv\u00ed<\/h3>\n<p>V t\u011b\u017eebn\u00edm za\u0159\u00edzen\u00ed se v\u00e1lec ramene pou\u017e\u00edv\u00e1 k ovl\u00e1d\u00e1n\u00ed pohybu ramene t\u011b\u017eebn\u00edho za\u0159\u00edzen\u00ed pro t\u011b\u017ebu a manipulaci s rudou.<\/p>\n<\/li>\n<li>\n<h3>Logistika a doprava<\/h3>\n<p>U vysokozdvi\u017en\u00fdch voz\u00edk\u016f a manipula\u010dn\u00edch robot\u016f se v\u00e1lec ramene pou\u017e\u00edv\u00e1 k ovl\u00e1d\u00e1n\u00ed zved\u00e1n\u00ed a pohybu vidlice pro manipulaci a stohov\u00e1n\u00ed materi\u00e1l\u016f.<\/p>\n<\/li>\n<\/ul>\n<h2>Konstruk\u010dn\u00ed aspekty a krit\u00e9ria v\u00fdb\u011bru<\/h2>\n<p>Konstrukce v\u00e1lce ramene by m\u011bla zohled\u0148ovat n\u00e1sleduj\u00edc\u00ed faktory:<\/p>\n<ul>\n<li>\n<h3>\u00danosnost<\/h3>\n<p>V\u00e1lec mus\u00ed b\u00fdt schopen odolat maxim\u00e1ln\u00edmu zat\u00ed\u017een\u00ed po\u017eadovan\u00e9mu v dan\u00e9 aplikaci.<\/p>\n<\/li>\n<li>\n<h3>T\u011bsn\u011bn\u00ed<\/h3>\n<p>V\u00e1lec by m\u011bl pou\u017e\u00edvat r\u016fzn\u00e1 t\u011bsn\u011bn\u00ed, jako jsou p\u00edstn\u00ed t\u011bsn\u011bn\u00ed a t\u011bsn\u011bn\u00ed p\u00edstnice vyroben\u00e1 z materi\u00e1l\u016f odoln\u00fdch proti opot\u0159eben\u00ed, jako je polyuretan a nitrilov\u00e1 pry\u017e, aby byla zaji\u0161t\u011bna t\u011bsnic\u00ed schopnost v\u00e1lce.<\/p>\n<\/li>\n<li>\n<h3>Trvanlivost<\/h3>\n<p>V\u00e1lec by m\u011bl b\u00fdt vyroben z vysoce pevn\u00fdch materi\u00e1l\u016f a m\u011bl by podstoupit p\u0159esnou povrchovou \u00fapravu, jako je povrchov\u00e1 \u00faprava t\u011blesa v\u00e1lce a z\u00e1vitov\u00e9ho konce, aby se zlep\u0161ila odolnost proti opot\u0159eben\u00ed.<\/p>\n<\/li>\n<li>\n<h3>Bezpe\u010dnost<\/h3>\n<p>L\u00e1hev mus\u00ed spl\u0148ovat p\u0159\u00edslu\u0161n\u00e9 bezpe\u010dnostn\u00ed normy, aby byla zaji\u0161t\u011bna bezpe\u010dnost person\u00e1lu a za\u0159\u00edzen\u00ed b\u011bhem pou\u017e\u00edv\u00e1n\u00ed.<\/p>\n<\/li>\n<li>\n<h3>Udr\u017eovatelnost<\/h3>\n<p>V\u00e1lec by m\u011bl b\u00fdt navr\u017een pro snadnou \u00fadr\u017ebu a v\u00fdm\u011bnu d\u00edl\u016f, jako jsou snadno odn\u00edmateln\u00e1 t\u011bsn\u011bn\u00ed, co\u017e usnadn\u00ed a zrychl\u00ed opravu a \u00fadr\u017ebu v\u00e1lce.<\/p>\n<\/li>\n<\/ul>\n<p><img decoding=\"async\" src=\"https:\/\/www.hydraulic-cylinders.net\/wp-content\/uploads\/2025\/01\/songte-cylinder-head-with-all-kinds-excavator-models.webp\"><\/p>\n<h2>T\u011bsn\u011bn\u00ed a maz\u00e1n\u00ed<\/h2>\n<p>Pro zaji\u0161t\u011bn\u00ed t\u011bsnic\u00edho v\u00fdkonu v\u00e1lce by se m\u011bla pou\u017e\u00edvat r\u016fzn\u00e1 t\u011bsn\u011bn\u00ed, jako jsou p\u00edstn\u00ed t\u011bsn\u011bn\u00ed a t\u011bsn\u011bn\u00ed p\u00edstnice. T\u011bsn\u011bn\u00ed jsou vyrobena z materi\u00e1l\u016f odoln\u00fdch proti opot\u0159eben\u00ed, jako je polyuretan a nitrilov\u00e1 pry\u017e. T\u011bleso v\u00e1lce a z\u00e1vitov\u00fd konec jsou povrchov\u011b upraveny pro zlep\u0161en\u00ed odolnosti proti opot\u0159eben\u00ed. Pro maz\u00e1n\u00ed je nutn\u00e9 pravideln\u011b p\u0159id\u00e1vat odpov\u00eddaj\u00edc\u00ed mno\u017estv\u00ed hydraulick\u00e9ho oleje.<\/p>\n<h2>Pravideln\u00e1 kontrola a preventivn\u00ed \u00fadr\u017eba<\/h2>\n<p>Pro pravideln\u00e9 kontroly a preventivn\u00ed \u00fadr\u017ebu by m\u011bla b\u00fdt p\u0159ijata n\u00e1sleduj\u00edc\u00ed opat\u0159en\u00ed:<\/p>\n<ul>\n<li>\n<h3>Zkontrolujte povrch v\u00e1lce, zda nen\u00ed po\u0161kozen\u00fd<\/h3>\n<p>Zkontrolujte povrch v\u00e1lce, zda nen\u00ed po\u0161kr\u00e1ban\u00fd, korozi nebo jinak po\u0161kozen\u00fd. Pokud zjist\u00edte jak\u00e9koli po\u0161kozen\u00ed, je t\u0159eba v\u00e1lec v\u010das vym\u011bnit.<\/p>\n<\/li>\n<li>\n<h3>Zkontrolujte p\u00edst a p\u00edstnici<\/h3>\n<p>Zkontrolujte p\u00edst a ty\u010d, zda nejsou ohnut\u00e9 nebo po\u0161kozen\u00e9. Pokud zjist\u00edte po\u0161kozen\u00ed, je t\u0159eba v\u00e1lec v\u010das vym\u011bnit.<\/p>\n<\/li>\n<li>\n<h3>Zkontrolujte t\u011bsn\u011bn\u00ed<\/h3>\n<p>Zkontrolujte t\u011bsn\u011bn\u00ed, zda nejsou opot\u0159ebovan\u00e1 nebo po\u0161kozen\u00e1. Pokud zjist\u00edte opot\u0159eben\u00ed nebo po\u0161kozen\u00ed, je t\u0159eba t\u011bsn\u011bn\u00ed v\u010das vym\u011bnit.<\/p>\n<\/li>\n<li>\n<h3>Zkontrolujte hydraulick\u00fd syst\u00e9m<\/h3>\n<p>Zkontrolujte hydraulick\u00fd syst\u00e9m, zda v n\u011bm nejsou net\u011bsnosti nebo jin\u00e9 abnormality. Pokud se v n\u011bm najdou jak\u00e9koli abnormality, je t\u0159eba jej v\u010das opravit.<\/p>\n<\/li>\n<\/ul>\n<p><img decoding=\"async\" src=\"https:\/\/www.hydraulic-cylinders.net\/wp-content\/uploads\/2025\/01\/songte-chushion-collar.webp\"><\/p>\n<h2>Pr\u016fvodce instalac\u00ed produktu<\/h2>\n<p>Pro spr\u00e1vnou instalaci v\u00e1lce ramene je t\u0159eba prov\u00e9st n\u00e1sleduj\u00edc\u00ed kroky:<\/p>\n<ol>\n<li>P\u0159ipravte m\u00edsto instalace a ujist\u011bte se, \u017ee je \u010dist\u00e9 a rovn\u00e9.<\/li>\n<li>P\u0159izp\u016fsobte v\u00e1lec spr\u00e1vn\u00e9 mont\u00e1\u017en\u00ed poloze a sm\u011bru.<\/li>\n<li>Nainstalujte v\u00e1lec a p\u0159ipojte hydraulick\u00fd syst\u00e9m.<\/li>\n<li>Otestujte v\u00e1lec, abyste se ujistili o jeho spr\u00e1vn\u00e9 funkci.<\/li>\n<\/ol>\n<p><img decoding=\"async\" src=\"https:\/\/www.hydraulic-cylinders.net\/wp-content\/uploads\/2025\/01\/songte-bushings-with-all-kinds-of-excavator-models.webp\"><\/p>\n<h2>Bezpe\u010dnostn\u00ed aspekty a faktory prost\u0159ed\u00ed<\/h2>\n<p>P\u0159i pou\u017e\u00edv\u00e1n\u00ed v\u00e1lce s ramenem je t\u0159eba dodr\u017eovat p\u0159\u00edslu\u0161n\u00e9 bezpe\u010dnostn\u00ed normy, aby byla zaji\u0161t\u011bna bezpe\u010dnost person\u00e1lu a za\u0159\u00edzen\u00ed. Pro zaji\u0161t\u011bn\u00ed stabiln\u00edho a spolehliv\u00e9ho provozu v\u00e1lce je t\u0159eba zohlednit tak\u00e9 faktory prost\u0159ed\u00ed, jako je teplota, vlhkost a prach.<\/p>\n<h2>Odstra\u0148ov\u00e1n\u00ed probl\u00e9m\u016f a b\u011b\u017en\u00e9 probl\u00e9my<\/h2>\n<p>N\u00e1sleduje n\u011bkolik b\u011b\u017en\u00fdch probl\u00e9m\u016f, kter\u00e9 se mohou vyskytnout s v\u00e1lcem ramene:<\/p>\n<ul>\n<li>\n<h3>Net\u011bsnost t\u011bsn\u011bn\u00ed<\/h3>\n<p>Pokud je t\u011bsn\u011bn\u00ed po\u0161kozen\u00e9 nebo opot\u0159ebovan\u00e9, m\u016f\u017ee doj\u00edt k \u00faniku. T\u011bsn\u011bn\u00ed by m\u011blo b\u00fdt v\u010das vym\u011bn\u011bno.<\/p>\n<\/li>\n<li>\n<h3>Zasek\u00e1v\u00e1n\u00ed p\u00edstu<\/h3>\n<p>Pokud je p\u00edst zaseknut\u00fd, m\u016f\u017ee to zp\u016fsobit selh\u00e1n\u00ed v\u00e1lce. P\u00edst by m\u011bl b\u00fdt v\u010das vy\u010di\u0161t\u011bn nebo vym\u011bn\u011bn.<\/p>\n<\/li>\n<li>\n<h3>Nedostate\u010dn\u00e1 s\u00edla<\/h3>\n<p>Pokud je s\u00edla vyv\u00edjen\u00e1 v\u00e1lcem nedostate\u010dn\u00e1, m\u016f\u017ee to b\u00fdt zp\u016fsobeno nedostate\u010dn\u00fdm tlakem nebo po\u0161kozen\u00edm v\u00e1lce. Tlak v hydraulick\u00e9m syst\u00e9mu by m\u011bl b\u00fdt v\u010das zv\u00fd\u0161en nebo by m\u011bl b\u00fdt v\u00e1lec vym\u011bn\u011bn.<\/p>\n<\/li>\n<\/ul>\n<p>Doporu\u010duje se pravideln\u011b kontrolovat a udr\u017eovat v\u00e1lec, aby se t\u011bmto probl\u00e9m\u016fm p\u0159ede\u0161lo.<\/p>\n<h2>O n\u00e1s<\/h2>\n<p>Jsme profesion\u00e1ln\u00ed v\u00fdrobce n\u00e1hradn\u00edch hydraulick\u00fdch v\u00e1lc\u016f s \u0161irokou \u0161k\u00e1lou produkt\u016f. Stali jsme se jedn\u00edm z p\u0159edn\u00edch v\u00fdrobc\u016f a velkoobchodn\u00edch distributor\u016f hydraulick\u00fdch v\u00e1lc\u016f na dom\u00e1c\u00edm i mezin\u00e1rodn\u00edm trhu. V\u017edy se dr\u017e\u00edme z\u00e1sady vynikaj\u00edc\u00ed kvality, spol\u00e9h\u00e1me na industrializovan\u00e9 strategie \u0159\u00edzen\u00ed v\u00fdroby sofistikovan\u00fdch v\u00fdrobn\u00edch d\u00edlen a neust\u00e1le zlep\u0161ujeme na\u0161i technologickou \u00farove\u0148 a efektivitu v\u00fdroby. Zav\u00e1d\u011bn\u00edm \u0161pi\u010dkov\u00e9ho digit\u00e1ln\u00edho v\u00fdrobn\u00edho za\u0159\u00edzen\u00ed a profesion\u00e1ln\u00edch testovac\u00edch syst\u00e9m\u016f optimalizujeme v\u00fdrobn\u00ed platformu, zdokonalujeme proces kontroly kvality v\u00fdrobk\u016f a m\u00e1me siln\u00e9 inova\u010dn\u00ed schopnosti. Na\u0161\u00edm c\u00edlem je uspokojovat rozmanit\u00e9 pot\u0159eby z\u00e1kazn\u00edk\u016f s vysokou efektivitou, p\u0159esnost\u00ed a vysokou kvalitou.<\/p>\n<p>Poskytujeme profesion\u00e1ln\u00ed, mezin\u00e1rodn\u011b certifikovan\u00e9 a zak\u00e1zkov\u00e9 slu\u017eby a disponujeme modern\u00edm v\u00fdrobn\u00edm za\u0159\u00edzen\u00edm a vynikaj\u00edc\u00edm poprodejn\u00edm servisem.<\/p>\n<p><img decoding=\"async\" src=\"https:\/\/www.hydraulic-cylinders.net\/wp-content\/uploads\/2025\/01\/songte-company-4.webp\"><\/p>\n<p><img decoding=\"async\" src=\"https:\/\/www.hydraulic-cylinders.net\/wp-content\/uploads\/2025\/01\/songte-company-3.webp\"><\/p>\n<p>Autor: lyl<\/p>","protected":false},"excerpt":{"rendered":"<p>Arm CylinderFor Sunward Small Excavator SWE150ELR Introduction Definition of Arm Cylinder An arm cylinder is a specially designed hydraulic cylinder that is mainly used to provide linear motion and power to the arms of various types of machinery, such as excavators, cranes, and manipulators. The arm cylinder plays a critical role in the hydraulic system, [&hellip;]<\/p>","protected":false},"featured_media":14763,"comment_status":"open","ping_status":"closed","template":"","meta":{"_et_pb_use_builder":"","_et_pb_old_content":"","_et_gb_content_width":""},"product_brand":[],"product_cat":[1497],"product_tag":[1498,1496],"class_list":{"0":"post-16443","1":"product","2":"type-product","3":"status-publish","4":"has-post-thumbnail","6":"product_cat-arm-cylinders","7":"product_tag-arm-cylinders","8":"product_tag-hydraulic-cylinders","10":"first","11":"instock","12":"shipping-taxable","13":"product-type-simple"},"amp_enabled":true,"_links":{"self":[{"href":"https:\/\/www.hydraulic-cylinders.net\/cs\/wp-json\/wp\/v2\/product\/16443","targetHints":{"allow":["GET"]}}],"collection":[{"href":"https:\/\/www.hydraulic-cylinders.net\/cs\/wp-json\/wp\/v2\/product"}],"about":[{"href":"https:\/\/www.hydraulic-cylinders.net\/cs\/wp-json\/wp\/v2\/types\/product"}],"replies":[{"embeddable":true,"href":"https:\/\/www.hydraulic-cylinders.net\/cs\/wp-json\/wp\/v2\/comments?post=16443"}],"wp:featuredmedia":[{"embeddable":true,"href":"https:\/\/www.hydraulic-cylinders.net\/cs\/wp-json\/wp\/v2\/media\/14763"}],"wp:attachment":[{"href":"https:\/\/www.hydraulic-cylinders.net\/cs\/wp-json\/wp\/v2\/media?parent=16443"}],"wp:term":[{"taxonomy":"product_brand","embeddable":true,"href":"https:\/\/www.hydraulic-cylinders.net\/cs\/wp-json\/wp\/v2\/product_brand?post=16443"},{"taxonomy":"product_cat","embeddable":true,"href":"https:\/\/www.hydraulic-cylinders.net\/cs\/wp-json\/wp\/v2\/product_cat?post=16443"},{"taxonomy":"product_tag","embeddable":true,"href":"https:\/\/www.hydraulic-cylinders.net\/cs\/wp-json\/wp\/v2\/product_tag?post=16443"}],"curies":[{"name":"wp","href":"https:\/\/api.w.org\/{rel}","templated":true}]}}