{"id":16446,"date":"2025-01-21T05:25:46","date_gmt":"2025-01-21T05:25:46","guid":{"rendered":"https:\/\/www.hydraulic-cylinders.net\/product\/arm-cylinder-for-sunward-small-excavator-swe80e\/"},"modified":"2025-01-21T05:25:57","modified_gmt":"2025-01-21T05:25:57","slug":"arm-cylinder-for-sunward-small-excavator-swe80e","status":"publish","type":"product","link":"https:\/\/www.hydraulic-cylinders.net\/cs\/produkt\/arm-cylinder-for-sunward-small-excavator-swe80e\/","title":{"rendered":"V\u00e1lec ramene pro mal\u00e9 bagry Sunward SWE80E"},"content":{"rendered":"<h1>V\u00e1lec ramene pro mal\u00e9 bagry Sunward SWE80E<\/h1>\n<h2>Zaveden\u00ed<\/h2>\n<p>Hydraulick\u00fd v\u00e1lec ramene je speci\u00e1ln\u011b navr\u017een\u00fd hydraulick\u00fd v\u00e1lec, kter\u00fd se pou\u017e\u00edv\u00e1 hlavn\u011b k zaji\u0161t\u011bn\u00ed line\u00e1rn\u00edho pohybu a v\u00fdkonu ramen r\u016fzn\u00fdch typ\u016f stroj\u016f, jako jsou bagry, je\u0159\u00e1by a robotick\u00e1 ramena. V\u00e1lec ramene hraje kl\u00ed\u010dovou roli v hydraulick\u00fdch syst\u00e9mech, proto\u017ee umo\u017e\u0148uje efektivn\u00ed pohyb a ovl\u00e1d\u00e1n\u00ed p\u0159ipojen\u00e9ho n\u00e1\u0159ad\u00ed nebo p\u0159\u00edslu\u0161enstv\u00ed. Tyto v\u00e1lce nejen zaji\u0161\u0165uj\u00ed plynul\u00fd pohyb, ale tak\u00e9 odol\u00e1vaj\u00ed t\u011b\u017ek\u00fdm z\u00e1t\u011b\u017e\u00edm, \u010d\u00edm\u017e zaji\u0161\u0165uj\u00ed efektivn\u00ed provoz a spolehlivost stroj\u016f za r\u016fzn\u00fdch pracovn\u00edch podm\u00ednek.<\/p>\n<p><img decoding=\"async\" src=\"https:\/\/www.hydraulic-cylinders.net\/wp-content\/uploads\/2025\/01\/songte-company-2.webp\"><\/p>\n<h2>Vlastnosti produktu<\/h2>\n<ul>\n<li>Efektivn\u00ed p\u0159enos s\u00edly: V\u00e1lce ramen zaji\u0161\u0165uj\u00ed siln\u00fd line\u00e1rn\u00ed pohyb a s\u00edlu, co\u017e zaji\u0161\u0165uje vysoce \u00fa\u010dinn\u00fd v\u00fdkon ramen stroje v r\u016fzn\u00fdch operac\u00edch.<\/li>\n<li>P\u0159esn\u00e9 ovl\u00e1d\u00e1n\u00ed: Prost\u0159ednictv\u00edm hydraulick\u00e9ho syst\u00e9mu mohou v\u00e1lce ramen dos\u00e1hnout p\u0159esn\u00e9ho ovl\u00e1d\u00e1n\u00ed pohybu, \u010d\u00edm\u017e se provoz p\u0159ipojen\u00e9ho n\u00e1\u0159ad\u00ed stane flexibiln\u011bj\u0161\u00edm a p\u0159esn\u011bj\u0161\u00edm.<\/li>\n<li>Vysok\u00e1 odolnost: V\u00e1lce ramen jsou obvykle vyrobeny z vysoce pevn\u00fdch materi\u00e1l\u016f s dobrou odolnost\u00ed proti opot\u0159eben\u00ed a korozi, vhodn\u00e9 pro dlouhodob\u00e9 pou\u017eit\u00ed v n\u00e1ro\u010dn\u00fdch podm\u00ednk\u00e1ch.<\/li>\n<li>Multifunk\u010dn\u00ed p\u0159izp\u016fsobivost: Tyto v\u00e1lce lze \u0161iroce pou\u017e\u00edvat v r\u016fzn\u00fdch mechanick\u00fdch za\u0159\u00edzen\u00edch, jako jsou bagry, je\u0159\u00e1by a robotick\u00e1 ramena, aby spl\u0148ovaly r\u016fzn\u00e9 pracovn\u00ed po\u017eadavky.<\/li>\n<li>Snadn\u00e1 \u00fadr\u017eba: Navr\u017eeno pro snadnou \u00fadr\u017ebu a v\u00fdm\u011bnu, co\u017e usnad\u0148uje pravideln\u00e9 kontroly a \u00fadr\u017ebu a zkracuje prostoje za\u0159\u00edzen\u00ed.<\/li>\n<\/ul>\n<p>Tento produkt dok\u00e1\u017eeme vyrobit a na\u0161e produkty mohou b\u00fdt perfektn\u00ed n\u00e1hradou za tyto hydraulick\u00e9 v\u00e1lce.<\/p>\n<p><img decoding=\"async\" src=\"https:\/\/www.hydraulic-cylinders.net\/wp-content\/uploads\/2025\/01\/songte-oil-pipes-and-spare-parts.webp\"><\/p>\n<h2>Aplikace<\/h2>\n<p>V\u00e1lec ramene m\u00e1 \u0161irokou \u0161k\u00e1lu pou\u017eit\u00ed:<\/p>\n<ul>\n<li><strong>Stavebn\u00ed in\u017een\u00fdrstv\u00ed:<\/strong> U bagr\u016f a je\u0159\u00e1b\u016f se v\u00e1lce ramen pou\u017e\u00edvaj\u00ed k ovl\u00e1d\u00e1n\u00ed pohybu l\u017e\u00edc nebo v\u00fdlo\u017en\u00edk\u016f, k prov\u00e1d\u011bn\u00ed zemn\u00edch prac\u00ed, manipulace s materi\u00e1lem a mont\u00e1\u017ee konstrukc\u00ed.<\/li>\n<li><strong>Zpracovatelsk\u00fd pr\u016fmysl:<\/strong> V automatizovan\u00fdch v\u00fdrobn\u00edch link\u00e1ch se v\u00e1lce ramen pou\u017e\u00edvaj\u00ed k pohybu robotick\u00fdch ramen, k prov\u00e1d\u011bn\u00ed mont\u00e1\u017en\u00edch, sva\u0159ovac\u00edch a manipula\u010dn\u00edch proces\u016f, \u010d\u00edm\u017e se zvy\u0161uje efektivita a p\u0159esnost v\u00fdroby.<\/li>\n<li><strong>Zem\u011bd\u011blsk\u00e9 stroje:<\/strong> V zem\u011bd\u011blsk\u00fdch stroj\u00edch, jako jsou skl\u00edzec\u00ed a s\u00e1zec\u00ed stroje, ovl\u00e1daj\u00ed v\u00e1lce ramen pohyb ovl\u00e1dac\u00edch ramen a prov\u00e1d\u011bj\u00ed \u00fakoly, jako je s\u00e1zen\u00ed, hnojen\u00ed a sklize\u0148.<\/li>\n<li><strong>Hornictv\u00ed:<\/strong> V t\u011b\u017eebn\u00edch za\u0159\u00edzen\u00edch se v\u00e1lce ramen pou\u017e\u00edvaj\u00ed k ovl\u00e1d\u00e1n\u00ed pohybu ramen t\u011b\u017eebn\u00edho za\u0159\u00edzen\u00ed, k prov\u00e1d\u011bn\u00ed t\u011b\u017eby a manipulace s rudou.<\/li>\n<li><strong>Logistika a doprava:<\/strong> U vysokozdvi\u017en\u00fdch voz\u00edk\u016f a manipula\u010dn\u00edch robot\u016f se v\u00e1lce ramen pou\u017e\u00edvaj\u00ed k ovl\u00e1d\u00e1n\u00ed zved\u00e1n\u00ed a pohybu vidlic, \u010d\u00edm\u017e se dosahuje manipulace a stohov\u00e1n\u00ed materi\u00e1l\u016f.<\/li>\n<\/ul>\n<h2>Konstruk\u010dn\u00ed aspekty a krit\u00e9ria v\u00fdb\u011bru<\/h2>\n<p>P\u0159i navrhov\u00e1n\u00ed a v\u00fdb\u011bru v\u00e1lc\u016f ramen je t\u0159eba vz\u00edt v \u00favahu n\u011bkolik kl\u00ed\u010dov\u00fdch aspekt\u016f:<\/p>\n<ul>\n<li><strong>Nosnost:<\/strong> V\u00e1lce ramen by m\u011bly b\u00fdt schopny odolat maxim\u00e1ln\u00edmu zat\u00ed\u017een\u00ed ramen stroje.<\/li>\n<li><strong>T\u011bsnic\u00ed v\u00fdkon:<\/strong> V\u00e1lce ramen by m\u011bly pou\u017e\u00edvat r\u016fzn\u00e1 t\u011bsn\u011bn\u00ed, jako jsou t\u011bsn\u011bn\u00ed p\u00edst\u016f a t\u011bsn\u011bn\u00ed p\u00edstnic, vyroben\u00e1 z materi\u00e1l\u016f odoln\u00fdch proti opot\u0159eben\u00ed, jako je polyuretan a nitrilov\u00e1 pry\u017e, aby byl zaji\u0161t\u011bn dobr\u00fd t\u011bsnic\u00ed v\u00fdkon.<\/li>\n<li><strong>Trvanlivost:<\/strong> V\u00e1lce ramen by m\u011bly b\u00fdt vyrobeny z vysoce pevn\u00fdch materi\u00e1l\u016f a podrobeny jemn\u00e9 povrchov\u00e9 \u00faprav\u011b pro zlep\u0161en\u00ed odolnosti proti opot\u0159eben\u00ed a korozi.<\/li>\n<li><strong>Bezpe\u010dnost:<\/strong> V\u00e1lce ramen by m\u011bly m\u00edt bezpe\u010dnostn\u00ed mechanismy, kter\u00e9 zabra\u0148uj\u00ed n\u00e1hodn\u00fdm pohyb\u016fm a zaji\u0161\u0165uj\u00ed bezpe\u010dnost obsluhy a stroj\u016f.<\/li>\n<li><strong>\u00dadr\u017eba:<\/strong> V\u00e1lce ramen by m\u011bly b\u00fdt navr\u017eeny pro snadnou \u00fadr\u017ebu a v\u00fdm\u011bnu, aby se zkr\u00e1tily prostoje za\u0159\u00edzen\u00ed.<\/li>\n<\/ul>\n<p><img decoding=\"async\" src=\"https:\/\/www.hydraulic-cylinders.net\/wp-content\/uploads\/2025\/01\/songte-cylinder-head-with-all-kinds-excavator-models.webp\"><\/p>\n<h2>T\u011bsn\u011bn\u00ed a maz\u00e1n\u00ed<\/h2>\n<p>V\u00e1lce ramen by m\u011bly pou\u017e\u00edvat r\u016fzn\u00e1 t\u011bsn\u011bn\u00ed, jako jsou p\u00edstn\u00ed t\u011bsn\u011bn\u00ed a t\u011bsn\u011bn\u00ed p\u00edstnice, vyroben\u00e1 z materi\u00e1l\u016f odoln\u00fdch proti opot\u0159eben\u00ed, jako je polyuretan a nitrilov\u00fd kau\u010duk, aby byl zaji\u0161t\u011bn dobr\u00fd t\u011bsnic\u00ed v\u00fdkon. T\u011bleso v\u00e1lce a povrch z\u00e1vitu by m\u011bly b\u00fdt jemn\u011b o\u0161et\u0159eny pro zlep\u0161en\u00ed odolnosti proti opot\u0159eben\u00ed. Pravideln\u00e9 p\u0159id\u00e1v\u00e1n\u00ed vhodn\u00e9ho mno\u017estv\u00ed hydraulick\u00e9ho oleje do v\u00e1lce m\u016f\u017ee zajistit maz\u00e1n\u00ed a lep\u0161\u00ed v\u00fdkon.<\/p>\n<h2>\u00dadr\u017eba a preventivn\u00ed opat\u0159en\u00ed<\/h2>\n<ul>\n<li>Pravideln\u011b kontrolujte v\u00e1lce ramen, zda nejsou po\u0161kozen\u00e9 nebo opot\u0159ebovan\u00e9.<\/li>\n<li>V\u0161echny po\u0161kozen\u00e9 nebo opot\u0159ebovan\u00e9 d\u00edly ihned vym\u011b\u0148te.<\/li>\n<li>Udr\u017eujte v\u00e1lec \u010dist\u00fd a bez ne\u010distot.<\/li>\n<li>Pravideln\u011b dopl\u0148ujte do v\u00e1lce vhodn\u00e9 mno\u017estv\u00ed hydraulick\u00e9ho oleje pro maz\u00e1n\u00ed.<\/li>\n<li>Ujist\u011bte se, \u017ee bezpe\u010dnostn\u00ed mechanismy funguj\u00ed spr\u00e1vn\u011b.<\/li>\n<\/ul>\n<p><img decoding=\"async\" src=\"https:\/\/www.hydraulic-cylinders.net\/wp-content\/uploads\/2025\/01\/songte-chushion-collar.webp\"><\/p>\n<h2>Instala\u010dn\u00ed p\u0159\u00edru\u010dka<\/h2>\n<p>Instalaci v\u00e1lc\u016f ramen by m\u011bl prov\u00e1d\u011bt kvalifikovan\u00fd person\u00e1l s vhodn\u00fdm n\u00e1\u0159ad\u00edm a vybaven\u00edm. Postupujte podle t\u011bchto krok\u016f:<\/p>\n<ol>\n<li>Nainstalujte v\u00e1lec do spr\u00e1vn\u00e9 polohy a orientace.<\/li>\n<li>Nainstalujte spojovac\u00ed d\u00edly a ujist\u011bte se, \u017ee jsou uta\u017eeny spr\u00e1vn\u00fdm utahovac\u00edm momentem.<\/li>\n<li>Dopl\u0148te hydraulick\u00fd olej do v\u00e1lce a zkontrolujte, zda nedoch\u00e1z\u00ed k \u00faniku.<\/li>\n<li>Prove\u010fte zku\u0161ebn\u00ed provoz, abyste se ujistili, \u017ee v\u00e1lec funguje spr\u00e1vn\u011b.<\/li>\n<\/ol>\n<p><img decoding=\"async\" src=\"https:\/\/www.hydraulic-cylinders.net\/wp-content\/uploads\/2025\/01\/songte-bushings-with-all-kinds-of-excavator-models.webp\"><\/p>\n<h2>Bezpe\u010dnostn\u00ed a environment\u00e1ln\u00ed aspekty<\/h2>\n<p>P\u0159i pr\u00e1ci s v\u00e1lci ramen by m\u011bla b\u00fdt p\u0159ijata n\u00e1le\u017eit\u00e1 bezpe\u010dnostn\u00ed opat\u0159en\u00ed, v\u010detn\u011b no\u0161en\u00ed osobn\u00edch ochrann\u00fdch prost\u0159edk\u016f a zaji\u0161t\u011bn\u00ed \u0159\u00e1dn\u00e9ho \u0161kolen\u00ed obsluhy. Pro sn\u00ed\u017een\u00ed dopadu na \u017eivotn\u00ed prost\u0159ed\u00ed je t\u0159eba zohlednit tak\u00e9 faktory prost\u0159ed\u00ed, jako je pou\u017eit\u00ed biologicky odbourateln\u00e9ho hydraulick\u00e9ho oleje.<\/p>\n<h2>Odstra\u0148ov\u00e1n\u00ed probl\u00e9m\u016f a b\u011b\u017en\u00e9 probl\u00e9my<\/h2>\n<p>Mezi b\u011b\u017en\u00e9 probl\u00e9my s v\u00e1lci ramen pat\u0159\u00ed net\u011bsnost, pomal\u00fd pohyb a abnorm\u00e1ln\u00ed hluk. Pokud k t\u011bmto probl\u00e9m\u016fm dojde, postupujte takto:<\/p>\n<ul>\n<li>Zkontrolujte t\u011bsn\u011bn\u00ed a vym\u011b\u0148te v\u0161echna po\u0161kozen\u00e1 nebo opot\u0159ebovan\u00e1 t\u011bsn\u011bn\u00ed.<\/li>\n<li>Zkontrolujte hladinu hydraulick\u00e9ho oleje a v p\u0159\u00edpad\u011b pot\u0159eby jej dopl\u0148te.<\/li>\n<li>Zkontrolujte, zda nen\u00ed t\u011bleso v\u00e1lce nebo p\u00edstn\u00ed ty\u010d po\u0161kozeno nebo opot\u0159ebov\u00e1no.<\/li>\n<li>Zkontrolujte bezpe\u010dnostn\u00ed mechanismy a ujist\u011bte se, \u017ee spr\u00e1vn\u011b funguj\u00ed.<\/li>\n<\/ul>\n<p>Preventivn\u00ed opat\u0159en\u00ed, jako je pravideln\u00e1 kontrola a \u00fadr\u017eba, mohou pomoci sn\u00ed\u017eit v\u00fdskyt t\u011bchto probl\u00e9m\u016f.<\/p>\n<p><img decoding=\"async\" src=\"https:\/\/www.hydraulic-cylinders.net\/wp-content\/uploads\/2025\/01\/songte-company-4.webp\"><br \/>\n<img decoding=\"async\" src=\"https:\/\/www.hydraulic-cylinders.net\/wp-content\/uploads\/2025\/01\/songte-company-3.webp\"><\/p>\n<h2>O n\u00e1s<\/h2>\n<p>Jsme profesion\u00e1ln\u00ed v\u00fdrobce n\u00e1hradn\u00edch hydraulick\u00fdch v\u00e1lc\u016f s \u0161irokou \u0161k\u00e1lou produkt\u016f, d\u00edky \u010demu\u017e jsme se stali jedn\u00edm z p\u0159edn\u00edch v\u00fdrobc\u016f a velkoobchodn\u00edch distributor\u016f hydraulick\u00fdch v\u00e1lc\u016f na dom\u00e1c\u00edm i mezin\u00e1rodn\u00edm trhu. V\u017edy se dr\u017e\u00edme principu vynikaj\u00edc\u00ed kvality a spol\u00e9h\u00e1me se na industrializovan\u00e9 strategie \u0159\u00edzen\u00ed v\u00fdroby v na\u0161ich sofistikovan\u00fdch v\u00fdrobn\u00edch d\u00edln\u00e1ch, abychom neust\u00e1le zlep\u0161ovali na\u0161i technickou \u00farove\u0148 a efektivitu v\u00fdroby. Prost\u0159ednictv\u00edm zav\u00e1d\u011bn\u00ed \u0161pi\u010dkov\u00e9ho digit\u00e1ln\u00edho v\u00fdrobn\u00edho za\u0159\u00edzen\u00ed a profesion\u00e1ln\u00edch kontroln\u00edch syst\u00e9m\u016f neust\u00e1le optimalizujeme na\u0161i v\u00fdrobn\u00ed platformu, zlep\u0161ujeme proces kontroly kvality na\u0161ich v\u00fdrobk\u016f a m\u00e1me siln\u00e9 inova\u010dn\u00ed schopnosti. Na\u0161\u00edm c\u00edlem je uspokojovat rozmanit\u00e9 pot\u0159eby na\u0161ich z\u00e1kazn\u00edk\u016f s principy efektivity, p\u0159esnosti a vysok\u00e9 kvality.<\/p>\n<h3>Profesionalita<\/h3>\n<p>M\u00e1me t\u00fdm profesion\u00e1ln\u00edch in\u017een\u00fdr\u016f a technik\u016f s dlouholet\u00fdmi zku\u0161enostmi s v\u00fdrobou a konstrukc\u00ed hydraulick\u00fdch v\u00e1lc\u016f. Disponujeme tak\u00e9 modern\u00edm v\u00fdrobn\u00edm za\u0159\u00edzen\u00edm a kontroln\u00edmi syst\u00e9my, kter\u00e9 zaji\u0161\u0165uj\u00ed kvalitu na\u0161ich produkt\u016f.<\/p>\n<h3>Mezin\u00e1rodn\u00ed certifikace<\/h3>\n<p>Na\u0161e v\u00fdrobky z\u00edskaly mezin\u00e1rodn\u00ed certifikaci syst\u00e9mu managementu jakosti ISO9001:2015 a na\u0161e hydraulick\u00e9 v\u00e1lce byly exportov\u00e1ny do mnoha zem\u00ed a region\u016f po cel\u00e9m sv\u011bt\u011b.<\/p>\n<h3>Slu\u017eba p\u0159izp\u016fsoben\u00ed<\/h3>\n<p>Poskytujeme slu\u017eby na m\u00edru dle po\u017eadavk\u016f z\u00e1kazn\u00edka, v\u010detn\u011b n\u00e1vrhu a v\u00fdroby r\u016fzn\u00fdch typ\u016f hydraulick\u00fdch v\u00e1lc\u016f.<\/p>\n<h3>V\u00fdrobn\u00ed za\u0159\u00edzen\u00ed<\/h3>\n<p>Disponujeme \u0159adou pokro\u010dil\u00fdch digit\u00e1ln\u00edch v\u00fdrobn\u00edch za\u0159\u00edzen\u00ed a kontroln\u00edch syst\u00e9m\u016f, v\u010detn\u011b CNC obr\u00e1b\u011bc\u00edch center, zku\u0161ebn\u00edch stolic pro hydraulick\u00e9 v\u00e1lce a 3D sou\u0159adnicov\u00fdch m\u011b\u0159ic\u00edch stroj\u016f.<\/p>\n<h3>Poprodejn\u00ed servis<\/h3>\n<p>Na\u0161im z\u00e1kazn\u00edk\u016fm poskytujeme komplexn\u00ed poprodejn\u00ed servis a technickou podporu, v\u010detn\u011b pokyn\u016f k instalaci produkt\u016f, \u0159e\u0161en\u00ed probl\u00e9m\u016f a \u00fadr\u017eby.<\/p>\n<p>Autor: lyl<\/p>","protected":false},"excerpt":{"rendered":"<p>Arm Cylinder For Sunward Small Excavator SWE80E Introduction An arm cylinder is a specially designed hydraulic cylinder that is mainly used to provide linear motion and power to the arms of various types of machinery, such as excavators, cranes, and robotic arms. The arm cylinder plays a crucial role in hydraulic systems, allowing attached tools [&hellip;]<\/p>","protected":false},"featured_media":14786,"comment_status":"open","ping_status":"closed","template":"","meta":{"_et_pb_use_builder":"","_et_pb_old_content":"","_et_gb_content_width":""},"product_brand":[],"product_cat":[1497],"product_tag":[1498,1496],"class_list":{"0":"post-16446","1":"product","2":"type-product","3":"status-publish","4":"has-post-thumbnail","6":"product_cat-arm-cylinders","7":"product_tag-arm-cylinders","8":"product_tag-hydraulic-cylinders","10":"first","11":"instock","12":"shipping-taxable","13":"product-type-simple"},"amp_enabled":true,"_links":{"self":[{"href":"https:\/\/www.hydraulic-cylinders.net\/cs\/wp-json\/wp\/v2\/product\/16446","targetHints":{"allow":["GET"]}}],"collection":[{"href":"https:\/\/www.hydraulic-cylinders.net\/cs\/wp-json\/wp\/v2\/product"}],"about":[{"href":"https:\/\/www.hydraulic-cylinders.net\/cs\/wp-json\/wp\/v2\/types\/product"}],"replies":[{"embeddable":true,"href":"https:\/\/www.hydraulic-cylinders.net\/cs\/wp-json\/wp\/v2\/comments?post=16446"}],"wp:featuredmedia":[{"embeddable":true,"href":"https:\/\/www.hydraulic-cylinders.net\/cs\/wp-json\/wp\/v2\/media\/14786"}],"wp:attachment":[{"href":"https:\/\/www.hydraulic-cylinders.net\/cs\/wp-json\/wp\/v2\/media?parent=16446"}],"wp:term":[{"taxonomy":"product_brand","embeddable":true,"href":"https:\/\/www.hydraulic-cylinders.net\/cs\/wp-json\/wp\/v2\/product_brand?post=16446"},{"taxonomy":"product_cat","embeddable":true,"href":"https:\/\/www.hydraulic-cylinders.net\/cs\/wp-json\/wp\/v2\/product_cat?post=16446"},{"taxonomy":"product_tag","embeddable":true,"href":"https:\/\/www.hydraulic-cylinders.net\/cs\/wp-json\/wp\/v2\/product_tag?post=16446"}],"curies":[{"name":"wp","href":"https:\/\/api.w.org\/{rel}","templated":true}]}}