{"id":16464,"date":"2025-01-21T05:27:11","date_gmt":"2025-01-21T05:27:11","guid":{"rendered":"https:\/\/www.hydraulic-cylinders.net\/product\/arm-cylinder-for-lishide-small-excavator-sc85-8\/"},"modified":"2025-01-21T05:27:13","modified_gmt":"2025-01-21T05:27:13","slug":"arm-cylinder-for-lishide-small-excavator-sc85-8","status":"publish","type":"product","link":"https:\/\/www.hydraulic-cylinders.net\/cs\/produkt\/arm-cylinder-for-lishide-small-excavator-sc85-8\/","title":{"rendered":"V\u00e1lec ramene pro mal\u00e9 rypadlo Lishide SC85.8"},"content":{"rendered":"<h1>V\u00e1lec ramene pro mal\u00e9 rypadlo Lishide SC85.8<\/h1>\n<h2>Zaveden\u00ed<\/h2>\n<p>V\u00e1lec ramene, zn\u00e1m\u00fd tak\u00e9 jako hydraulick\u00fd v\u00e1lec, je speci\u00e1ln\u011b navr\u017een\u00fd hydraulick\u00fd aktu\u00e1tor pou\u017e\u00edvan\u00fd k zaji\u0161t\u011bn\u00ed line\u00e1rn\u00edho pohybu a v\u00fdkonu ramen r\u016fzn\u00fdch stroj\u016f, jako jsou bagry, je\u0159\u00e1by a mechanick\u00e1 ramena. V\u00e1lec ramene hraje z\u00e1sadn\u00ed roli v hydraulick\u00fdch syst\u00e9mech, proto\u017ee umo\u017e\u0148uje efektivn\u00ed pohyb a ovl\u00e1d\u00e1n\u00ed dal\u0161\u00edho n\u00e1\u0159ad\u00ed nebo p\u0159\u00edslu\u0161enstv\u00ed. Tyto v\u00e1lce nejen\u017ee zaji\u0161\u0165uj\u00ed plynul\u00fd pohyb, ale tak\u00e9 odol\u00e1vaj\u00ed t\u011b\u017ek\u00fdm z\u00e1t\u011b\u017e\u00edm, \u010d\u00edm\u017e zaji\u0161\u0165uj\u00ed efektivn\u00ed provoz a spolehlivost stroj\u016f za r\u016fzn\u00fdch pracovn\u00edch podm\u00ednek.<\/p>\n<p><img decoding=\"async\" src=\"https:\/\/www.hydraulic-cylinders.net\/wp-content\/uploads\/2025\/01\/songte-company-2.webp\" alt=\"Obr\u00e1zek v\u00e1lce ramene\"><\/p>\n<h2>Funkce<\/h2>\n<ul>\n<li>\n<h3>Vysoce \u00fa\u010dinn\u00fd p\u0159enos<\/h3>\n<p>V\u00e1lec ramene zaji\u0161\u0165uje siln\u00fd line\u00e1rn\u00ed pohyb a s\u00edlu, co\u017e zaji\u0161\u0165uje vysokou \u00fa\u010dinnost p\u0159i r\u016fzn\u00fdch operac\u00edch.<\/p>\n<\/li>\n<li>\n<h3>P\u0159esn\u00e9 ovl\u00e1d\u00e1n\u00ed<\/h3>\n<p>D\u00edky hydraulick\u00e9mu syst\u00e9mu m\u016f\u017ee v\u00e1lec ramene dos\u00e1hnout p\u0159esn\u00e9ho \u0159\u00edzen\u00ed pohybu, co\u017e zvy\u0161uje flexibilitu a p\u0159esnost ovl\u00e1d\u00e1n\u00ed dal\u0161\u00edch n\u00e1stroj\u016f.<\/p>\n<\/li>\n<li>\n<h3>Vysok\u00e1 odolnost<\/h3>\n<p>V\u00e1lec ramene je obvykle vyroben z vysoce pevn\u00fdch materi\u00e1l\u016f s dobrou odolnost\u00ed proti opot\u0159eben\u00ed a korozi, vhodn\u00fdch pro dlouhodob\u00e9 pou\u017eit\u00ed v n\u00e1ro\u010dn\u00fdch podm\u00ednk\u00e1ch.<\/p>\n<\/li>\n<li>\n<h3>Multifunk\u010dn\u00ed p\u0159izp\u016fsobivost<\/h3>\n<p>Tyto v\u00e1lce lze \u0161iroce pou\u017e\u00edvat v r\u016fzn\u00fdch mechanick\u00fdch za\u0159\u00edzen\u00edch, jako jsou bagry, je\u0159\u00e1by a mechanick\u00e1 ramena, aby se p\u0159izp\u016fsobily r\u016fzn\u00fdm pracovn\u00edm pot\u0159eb\u00e1m.<\/p>\n<\/li>\n<li>\n<h3>Snadn\u00e1 \u00fadr\u017eba<\/h3>\n<p>Konstrukce zohled\u0148uje snadnou \u00fadr\u017ebu a v\u00fdm\u011bnu, co\u017e usnad\u0148uje pravideln\u00e9 kontroly a \u00fadr\u017ebu a zkracuje prostoje za\u0159\u00edzen\u00ed.<\/p>\n<\/li>\n<\/ul>\n<p>Tento produkt dok\u00e1\u017eeme vyrobit a dokonale nahrad\u00ed tyto hydraulick\u00e9 v\u00e1lce.<\/p>\n<p><img decoding=\"async\" src=\"https:\/\/www.hydraulic-cylinders.net\/wp-content\/uploads\/2025\/01\/songte-oil-pipes-and-spare-parts.webp\" alt=\"Obr\u00e1zek hydraulick\u00e9ho v\u00e1lce\"><\/p>\n<h2>Aplikace<\/h2>\n<p>V\u00e1lec ramene m\u00e1 \u0161irokou \u0161k\u00e1lu uplatn\u011bn\u00ed v r\u016fzn\u00fdch pr\u016fmyslov\u00fdch odv\u011btv\u00edch:<\/p>\n<ul>\n<li>\n<h3>Stavebn\u00ed in\u017een\u00fdrstv\u00ed<\/h3>\n<p>U bagr\u016f a je\u0159\u00e1b\u016f se v\u00e1lec ramene pou\u017e\u00edv\u00e1 k ovl\u00e1d\u00e1n\u00ed pohybu lopat nebo v\u00fdlo\u017en\u00edk\u016f pro zemn\u00ed pr\u00e1ce, manipulaci s materi\u00e1lem a mont\u00e1\u017e konstrukc\u00ed.<\/p>\n<\/li>\n<li>\n<h3>V\u00fdrobn\u00ed<\/h3>\n<p>V automatizovan\u00fdch v\u00fdrobn\u00edch link\u00e1ch se v\u00e1lec ramene pou\u017e\u00edv\u00e1 pro pohyb mechanick\u00fdch ramen, mont\u00e1\u017e, sva\u0159ov\u00e1n\u00ed a manipulaci s c\u00edlem zlep\u0161it efektivitu a p\u0159esnost v\u00fdroby.<\/p>\n<\/li>\n<li>\n<h3>Zem\u011bd\u011blsk\u00e9 stroje<\/h3>\n<p>V zem\u011bd\u011blsk\u00fdch stroj\u00edch, jako jsou skl\u00edzec\u00ed a sec\u00ed stroje, v\u00e1lec ramene ovl\u00e1d\u00e1 pohyb ovl\u00e1dac\u00edho ramene pro prov\u00e1d\u011bn\u00ed \u00fakol\u016f, jako je set\u00ed, hnojen\u00ed a sklize\u0148.<\/p>\n<\/li>\n<li>\n<h3>Hornictv\u00ed<\/h3>\n<p>V t\u011b\u017eebn\u00edm za\u0159\u00edzen\u00ed se v\u00e1lec ramene pou\u017e\u00edv\u00e1 k ovl\u00e1d\u00e1n\u00ed pohybu ramene t\u011b\u017eebn\u00edho za\u0159\u00edzen\u00ed pro t\u011b\u017ebu a p\u0159epravu nerost\u016f.<\/p>\n<\/li>\n<li>\n<h3>Logistika a doprava<\/h3>\n<p>U vysokozdvi\u017en\u00fdch voz\u00edk\u016f a manipula\u010dn\u00edch robot\u016f se v\u00e1lec ramene pou\u017e\u00edv\u00e1 k ovl\u00e1d\u00e1n\u00ed zved\u00e1n\u00ed a pohybu vidlic pro p\u0159epravu a stohov\u00e1n\u00ed materi\u00e1l\u016f.<\/p>\n<\/li>\n<\/ul>\n<h2>Konstruk\u010dn\u00ed aspekty a krit\u00e9ria v\u00fdb\u011bru<\/h2>\n<ul>\n<li>\n<h3>\u00danosnost<\/h3>\n<p>V\u00e1lec ramene mus\u00ed b\u00fdt schopen un\u00e9st t\u011b\u017ek\u00e9 zat\u00ed\u017een\u00ed strojn\u00edho za\u0159\u00edzen\u00ed, ve kter\u00e9m je instalov\u00e1n a pracuje za r\u016fzn\u00fdch pracovn\u00edch podm\u00ednek.<\/p>\n<\/li>\n<li>\n<h3>T\u011bsn\u011bn\u00ed<\/h3>\n<p>V\u00e1lec ramene pou\u017e\u00edv\u00e1 r\u016fzn\u00e9 t\u011bsnic\u00ed komponenty, jako jsou t\u011bsn\u011bn\u00ed p\u00edstu a t\u011bsn\u011bn\u00ed p\u00edstnice, vyroben\u00e9 z materi\u00e1l\u016f odoln\u00fdch proti opot\u0159eben\u00ed, jako je polyuretan a nitrilov\u00e1 pry\u017e, aby se zabr\u00e1nilo \u00faniku a zajistila se trvanlivost a spolehlivost v\u00e1lce.<\/p>\n<\/li>\n<li>\n<h3>Trvanlivost<\/h3>\n<p>V\u00e1lec ramene je vyroben z vysoce pevn\u00fdch materi\u00e1l\u016f s jemnou povrchovou \u00fapravou pro zlep\u0161en\u00ed odolnosti proti opot\u0159eben\u00ed a korozi a prodlou\u017een\u00ed \u017eivotnosti v\u00e1lce.<\/p>\n<\/li>\n<li>\n<h3>Bezpe\u010dnost<\/h3>\n<p>V\u00e1lec ramene je navr\u017een tak, aby spl\u0148oval bezpe\u010dnostn\u00ed normy a p\u0159edpisy pro zaji\u0161t\u011bn\u00ed bezpe\u010dn\u00e9ho provozu stroj\u016f.<\/p>\n<\/li>\n<li>\n<h3>\u00dadr\u017eba<\/h3>\n<p>V\u00e1lec ramene je navr\u017een tak, aby se snadno udr\u017eoval a vym\u011b\u0148oval, v\u010detn\u011b jednoduch\u00e9 demont\u00e1\u017ee, kontroly a v\u00fdm\u011bny sou\u010d\u00e1st\u00ed, co\u017e zkracuje prostoje za\u0159\u00edzen\u00ed.<\/p>\n<\/li>\n<\/ul>\n<p><img decoding=\"async\" src=\"https:\/\/www.hydraulic-cylinders.net\/wp-content\/uploads\/2025\/01\/songte-cylinder-head-with-all-kinds-excavator-models.webp\" alt=\"Obr\u00e1zek hlavy v\u00e1lc\u016f\"><\/p>\n<h2>T\u011bsn\u011bn\u00ed a maz\u00e1n\u00ed<\/h2>\n<p>V\u00e1lec ramene pou\u017e\u00edv\u00e1 r\u016fzn\u00e9 t\u011bsnic\u00ed komponenty, jako jsou t\u011bsn\u011bn\u00ed p\u00edstu a p\u00edstnice, vyroben\u00e9 z materi\u00e1l\u016f odoln\u00fdch proti opot\u0159eben\u00ed, jako je polyuretan a nitrilov\u00e1 pry\u017e, aby se zabr\u00e1nilo \u00faniku a zajistila se trvanlivost a spolehlivost v\u00e1lce. T\u011bleso v\u00e1lce a z\u00e1vitov\u00fd konec proch\u00e1zej\u00ed p\u0159esn\u00fdm o\u0161et\u0159en\u00edm pro zlep\u0161en\u00ed odolnosti proti opot\u0159eben\u00ed. Pro spr\u00e1vn\u00e9 maz\u00e1n\u00ed v\u00e1lce je nezbytn\u00e9 pravideln\u00e9 dopl\u0148ov\u00e1n\u00ed dostate\u010dn\u00e9ho mno\u017estv\u00ed hydraulick\u00e9ho oleje.<\/p>\n<p><img decoding=\"async\" src=\"https:\/\/www.hydraulic-cylinders.net\/wp-content\/uploads\/2025\/01\/songte-chushion-collar.webp\" alt=\"Obr\u00e1zek hydraulick\u00e9ho v\u00e1lce\"><\/p>\n<h2>\u00dadr\u017eba a odstra\u0148ov\u00e1n\u00ed probl\u00e9m\u016f<\/h2>\n<p>Pravideln\u00e1 kontrola a preventivn\u00ed \u00fadr\u017eba v\u00e1lce ramene m\u016f\u017ee pomoci p\u0159edej\u00edt potenci\u00e1ln\u00edm probl\u00e9m\u016fm. Pokud se probl\u00e9my vyskytnou, uv\u00e1d\u00edme n\u011bkter\u00e9 b\u011b\u017en\u00e9 probl\u00e9my:<\/p>\n<ul>\n<li>\n<h3>\u00danik<\/h3>\n<p>V\u00e1lec ramene m\u016f\u017ee m\u00edt net\u011bsnosti zp\u016fsoben\u00e9 po\u0161kozen\u00fdmi t\u011bsn\u011bn\u00edmi nebo jin\u00fdmi sou\u010d\u00e1stmi.<\/p>\n<\/li>\n<li>\n<h3>Hluk<\/h3>\n<p>V\u00e1lec ramene m\u016f\u017ee b\u011bhem provozu vyd\u00e1vat abnorm\u00e1ln\u00ed zvuky.<\/p>\n<\/li>\n<li>\n<h3>Pomal\u00fd nebo nep\u0159esn\u00fd pohyb<\/h3>\n<p>V\u00e1lec ramene se m\u016f\u017ee b\u011bhem provozu pohybovat p\u0159\u00edli\u0161 pomalu nebo nep\u0159esn\u011b.<\/p>\n<\/li>\n<\/ul>\n<p>Pro vy\u0159e\u0161en\u00ed t\u011bchto probl\u00e9m\u016f je nezbytn\u00e1 spr\u00e1vn\u00e1 diagnostika a \u0159e\u0161en\u00ed probl\u00e9m\u016f. \u00dadr\u017eb\u00e1\u0159sk\u00fd person\u00e1l by m\u011bl pravideln\u011b kontrolovat a vym\u011b\u0148ovat v\u0161echny po\u0161kozen\u00e9 sou\u010d\u00e1sti. Preventivn\u00ed \u00fadr\u017eba m\u016f\u017ee tak\u00e9 pomoci sn\u00ed\u017eit potenci\u00e1ln\u00ed probl\u00e9my.<\/p>\n<h2>Instala\u010dn\u00ed p\u0159\u00edru\u010dka<\/h2>\n<p>P\u0159ed instalac\u00ed zkontrolujte v\u00e1lec, zda nen\u00ed po\u0161kozen\u00fd nebo vadn\u00fd. Instalace by m\u011bla b\u00fdt provedena v \u010dist\u00e9m prost\u0159ed\u00ed a v\u00e1lec by m\u011bl b\u00fdt b\u011bhem instalace dr\u017een ve svisl\u00e9 poloze, aby nedo\u0161lo k po\u0161kozen\u00ed vnit\u0159n\u00edch \u010d\u00e1st\u00ed. V\u00e1lec by m\u011bl b\u00fdt pevn\u011b upevn\u011bn a rovnob\u011b\u017en\u011b s pohybliv\u00fdmi \u010d\u00e1stmi, aby nedoch\u00e1zelo k jeho kolizi s ostatn\u00edmi sou\u010d\u00e1stmi, a hydraulick\u00e9 hadice by m\u011bly b\u00fdt spr\u00e1vn\u011b p\u0159ipojeny, aby nedo\u0161lo k \u00faniku. P\u0159ed pou\u017eit\u00edm zkontrolujte v\u00fdkon v\u00e1lce a ujist\u011bte se o jeho spolehlivosti a stabilit\u011b.<\/p>\n<p><img decoding=\"async\" src=\"https:\/\/www.hydraulic-cylinders.net\/wp-content\/uploads\/2025\/01\/songte-bushings-with-all-kinds-of-excavator-models.webp\" alt=\"Obr\u00e1zek pouzder\"><\/p>\n<h2>O n\u00e1s<\/h2>\n<p>Jsme profesion\u00e1ln\u00ed v\u00fdrobce n\u00e1hradn\u00edch hydraulick\u00fdch v\u00e1lc\u016f s \u0161irokou \u0161k\u00e1lou produkt\u016f a stali jsme se jedn\u00edm z p\u0159edn\u00edch v\u00fdrobc\u016f a velkoobchodn\u00edch distributor\u016f hydraulick\u00fdch v\u00e1lc\u016f na dom\u00e1c\u00edm i mezin\u00e1rodn\u00edm trhu. V\u017edy se dr\u017e\u00edme principu excelence v kvalit\u011b a spol\u00e9h\u00e1me se na strategii \u0159\u00edzen\u00ed pr\u016fmyslov\u00e9 v\u00fdroby v jemn\u00fdch v\u00fdrobn\u00edch d\u00edln\u00e1ch, abychom neust\u00e1le zlep\u0161ovali na\u0161i technologii a efektivitu v\u00fdroby. Zav\u00e1d\u011bn\u00edm pokro\u010dil\u00e9ho digit\u00e1ln\u00edho v\u00fdrobn\u00edho za\u0159\u00edzen\u00ed a profesion\u00e1ln\u00edch testovac\u00edch syst\u00e9m\u016f optimalizujeme v\u00fdrobn\u00ed platformu a zlep\u0161ujeme proces kontroly kvality v\u00fdrobk\u016f s siln\u00fdmi inova\u010dn\u00edmi schopnostmi. Na\u0161\u00edm c\u00edlem je uspokojovat rozmanit\u00e9 pot\u0159eby z\u00e1kazn\u00edk\u016f s vysokou efektivitou, p\u0159esnost\u00ed a principy vysok\u00e9 kvality.<\/p>\n<h2>Informace o spole\u010dnosti<\/h2>\n<ul>\n<li>\n<h3>Profesionalita<\/h3>\n<p>M\u00e1me profesion\u00e1ln\u00ed t\u00fdm s bohat\u00fdmi zku\u0161enostmi v oblasti n\u00e1vrhu a v\u00fdroby hydraulick\u00fdch v\u00e1lc\u016f, abychom zajistili kvalitu v\u00fdrobk\u016f a splnili pot\u0159eby z\u00e1kazn\u00edk\u016f.<\/p>\n<\/li>\n<li>\n<h3>Mezin\u00e1rodn\u00ed certifikace<\/h3>\n<p>V\u0161echny na\u0161e produkty pro\u0161ly mezin\u00e1rodn\u00edmi certifikacemi kvality, jako jsou ISO, CE a SGS, co\u017e zaru\u010duje kvalitu a bezpe\u010dnost produkt\u016f.<\/p>\n<\/li>\n<li>\n<h3>Slu\u017eby na m\u00edru<\/h3>\n<p>Nab\u00edz\u00edme \u0159e\u0161en\u00ed na m\u00edru dle po\u017eadavk\u016f z\u00e1kazn\u00edka, v\u010detn\u011b designu produktu, materi\u00e1l\u016f a balen\u00ed.<\/p>\n<\/li>\n<li>\n<h3>V\u00fdrobn\u00ed za\u0159\u00edzen\u00ed<\/h3>\n<p>Zav\u00e1d\u00edme pokro\u010dil\u00e1 digit\u00e1ln\u00ed v\u00fdrobn\u00ed za\u0159\u00edzen\u00ed a automatizovan\u00e9 v\u00fdrobn\u00ed linky, abychom zajistili kvalitu produkt\u016f a efektivitu v\u00fdroby.<\/p>\n<\/li>\n<li>\n<h3>Poprodejn\u00ed servis<\/h3>\n<p>Z\u00e1kazn\u00edk\u016fm poskytujeme profesion\u00e1ln\u00ed poprodejn\u00ed servis a technickou podporu, abychom zajistili bezpe\u010dn\u00e9 a spolehliv\u00e9 pou\u017e\u00edv\u00e1n\u00ed produkt\u016f.<\/p>\n<\/li>\n<\/ul>\n<p><img decoding=\"async\" src=\"https:\/\/www.hydraulic-cylinders.net\/wp-content\/uploads\/2025\/01\/songte-company-4.webp\" alt=\"Image spole\u010dnosti\"><br \/>\n<img decoding=\"async\" src=\"https:\/\/www.hydraulic-cylinders.net\/wp-content\/uploads\/2025\/01\/songte-company-3.webp\" alt=\"Image spole\u010dnosti\"><\/p>\n<p>Autor: lyl.<\/p>","protected":false},"excerpt":{"rendered":"<p>Arm Cylinder For Lishide Small Excavator SC85.8 Introduction The arm cylinder, also known as hydraulic cylinder, is a specially designed hydraulic actuator used to provide linear movement and power to the arms of various machinery, such as excavators, cranes, and mechanical arms. The arm cylinder plays a vital role in hydraulic systems, enabling the effective [&hellip;]<\/p>","protected":false},"featured_media":14763,"comment_status":"open","ping_status":"closed","template":"","meta":{"_et_pb_use_builder":"","_et_pb_old_content":"","_et_gb_content_width":""},"product_brand":[],"product_cat":[1497],"product_tag":[1498,1496],"class_list":{"0":"post-16464","1":"product","2":"type-product","3":"status-publish","4":"has-post-thumbnail","6":"product_cat-arm-cylinders","7":"product_tag-arm-cylinders","8":"product_tag-hydraulic-cylinders","10":"first","11":"instock","12":"shipping-taxable","13":"product-type-simple"},"amp_enabled":true,"_links":{"self":[{"href":"https:\/\/www.hydraulic-cylinders.net\/cs\/wp-json\/wp\/v2\/product\/16464","targetHints":{"allow":["GET"]}}],"collection":[{"href":"https:\/\/www.hydraulic-cylinders.net\/cs\/wp-json\/wp\/v2\/product"}],"about":[{"href":"https:\/\/www.hydraulic-cylinders.net\/cs\/wp-json\/wp\/v2\/types\/product"}],"replies":[{"embeddable":true,"href":"https:\/\/www.hydraulic-cylinders.net\/cs\/wp-json\/wp\/v2\/comments?post=16464"}],"wp:featuredmedia":[{"embeddable":true,"href":"https:\/\/www.hydraulic-cylinders.net\/cs\/wp-json\/wp\/v2\/media\/14763"}],"wp:attachment":[{"href":"https:\/\/www.hydraulic-cylinders.net\/cs\/wp-json\/wp\/v2\/media?parent=16464"}],"wp:term":[{"taxonomy":"product_brand","embeddable":true,"href":"https:\/\/www.hydraulic-cylinders.net\/cs\/wp-json\/wp\/v2\/product_brand?post=16464"},{"taxonomy":"product_cat","embeddable":true,"href":"https:\/\/www.hydraulic-cylinders.net\/cs\/wp-json\/wp\/v2\/product_cat?post=16464"},{"taxonomy":"product_tag","embeddable":true,"href":"https:\/\/www.hydraulic-cylinders.net\/cs\/wp-json\/wp\/v2\/product_tag?post=16464"}],"curies":[{"name":"wp","href":"https:\/\/api.w.org\/{rel}","templated":true}]}}