{"id":16489,"date":"2025-01-21T05:28:51","date_gmt":"2025-01-21T05:28:51","guid":{"rendered":"https:\/\/www.hydraulic-cylinders.net\/product\/arm-cylinder-for-lovol-middle-excavator-fr225\/"},"modified":"2025-01-21T05:28:53","modified_gmt":"2025-01-21T05:28:53","slug":"arm-cylinder-for-lovol-middle-excavator-fr225","status":"publish","type":"product","link":"https:\/\/www.hydraulic-cylinders.net\/cs\/produkt\/arm-cylinder-for-lovol-middle-excavator-fr225\/","title":{"rendered":"V\u00e1lec ramene pro st\u0159edn\u00ed bagr Lovol FR225"},"content":{"rendered":"<h1>V\u00e1lec ramene pro st\u0159edn\u00ed bagr Lovol FR225<\/h1>\n<h2>Zaveden\u00ed<\/h2>\n<p>Hydraulick\u00fd v\u00e1lec ramene pro st\u0159edn\u00ed bagr Lovol FR225 je speci\u00e1ln\u011b navr\u017een\u00fd hydraulick\u00fd v\u00e1lec, kter\u00fd poskytuje line\u00e1rn\u00ed pohyb a s\u00edlu rameni r\u016fzn\u00fdch stroj\u016f, jako jsou bagry, je\u0159\u00e1by a mechanick\u00e1 ramena. V\u00e1lec ramene hraje kl\u00ed\u010dovou roli v hydraulick\u00fdch syst\u00e9mech, proto\u017ee umo\u017e\u0148uje efektivn\u00ed pohyb a ovl\u00e1d\u00e1n\u00ed p\u0159\u00eddavn\u00e9ho n\u00e1\u0159ad\u00ed nebo p\u0159\u00edslu\u0161enstv\u00ed. Tyto v\u00e1lce nejen umo\u017e\u0148uj\u00ed plynul\u00fd pohyb, ale tak\u00e9 odol\u00e1vaj\u00ed t\u011b\u017ek\u00fdm z\u00e1t\u011b\u017e\u00edm, co\u017e zaji\u0161\u0165uj\u00ed efektivn\u00ed provoz a spolehlivost stroje v r\u016fzn\u00fdch pracovn\u00edch podm\u00ednk\u00e1ch.<\/p>\n<p><img decoding=\"async\" src=\"https:\/\/www.hydraulic-cylinders.net\/wp-content\/uploads\/2025\/01\/songte-company-2.webp\" alt=\"Obr\u00e1zek v\u00e1lce ramene\"><\/p>\n<h2>Funkce<\/h2>\n<ul>\n<li><strong>Vysoce \u00fa\u010dinn\u00fd p\u0159enos:<\/strong> V\u00e1lec ramene zaji\u0161\u0165uje siln\u00fd line\u00e1rn\u00ed pohyb a s\u00edlu, co\u017e zaji\u0161\u0165uje vysok\u00fd v\u00fdkon mechanick\u00e9ho ramene v r\u016fzn\u00fdch operac\u00edch.<\/li>\n<li><strong>P\u0159esn\u00e9 ovl\u00e1d\u00e1n\u00ed:<\/strong> D\u00edky hydraulick\u00e9mu syst\u00e9mu dosahuje v\u00e1lec ramene p\u0159esn\u00e9ho \u0159\u00edzen\u00ed pohybu, co\u017e zvy\u0161uje flexibilitu a p\u0159esnost ovl\u00e1d\u00e1n\u00ed p\u0159ipojen\u00e9ho n\u00e1\u0159ad\u00ed.<\/li>\n<li><strong>Trvanlivost:<\/strong> V\u00e1lce ramen se obvykle vyr\u00e1b\u011bj\u00ed z vysoce pevn\u00fdch materi\u00e1l\u016f, kter\u00e9 nab\u00edzej\u00ed vynikaj\u00edc\u00ed odolnost proti opot\u0159eben\u00ed a korozi, d\u00edky \u010demu\u017e jsou vhodn\u00e9 pro dlouhodob\u00e9 pou\u017e\u00edv\u00e1n\u00ed v n\u00e1ro\u010dn\u00fdch podm\u00ednk\u00e1ch.<\/li>\n<li><strong>V\u0161estrann\u00e1 p\u0159izp\u016fsobivost:<\/strong> Tyto v\u00e1lce lze \u0161iroce pou\u017e\u00edt v r\u016fzn\u00fdch stroj\u00edch, jako jsou bagry, je\u0159\u00e1by a mechanick\u00e1 ramena, a vyhov\u011bt tak r\u016fzn\u00fdm pracovn\u00edm po\u017eadavk\u016fm.<\/li>\n<li><strong>Snadn\u00e1 \u00fadr\u017eba:<\/strong> D\u00edky konstrukci s ohledem na snadnou \u00fadr\u017ebu a v\u00fdm\u011bnu jsou pravideln\u00e9 kontroly a servis pohodln\u011bj\u0161\u00ed a zkracuj\u00ed se tak prostoje za\u0159\u00edzen\u00ed.<\/li>\n<\/ul>\n<p><img decoding=\"async\" src=\"https:\/\/www.hydraulic-cylinders.net\/wp-content\/uploads\/2025\/01\/songte-oil-pipes-and-spare-parts.webp\" alt=\"Obr\u00e1zek n\u00e1hradn\u00edch d\u00edl\u016f\"><\/p>\n<h2>Aplikace<\/h2>\n<p>V\u00e1lec ramene pro st\u0159edn\u00ed bagr Lovol FR225 nach\u00e1z\u00ed uplatn\u011bn\u00ed v r\u016fzn\u00fdch odv\u011btv\u00edch:<\/p>\n<ul>\n<li><strong>Stavebn\u00ed in\u017een\u00fdrstv\u00ed:<\/strong> V\u00e1lec ramene, pou\u017e\u00edvan\u00fd v bagrech a je\u0159\u00e1bech, ovl\u00e1d\u00e1 pohyb l\u017e\u00edc nebo v\u00fdlo\u017en\u00edk\u016f pro zemn\u00ed pr\u00e1ce, manipulaci s materi\u00e1lem a mont\u00e1\u017e konstrukc\u00ed.<\/li>\n<li><strong>Zpracovatelsk\u00fd pr\u016fmysl:<\/strong> V automatizovan\u00fdch v\u00fdrobn\u00edch link\u00e1ch usnad\u0148uje v\u00e1lec ramene pohyb mechanick\u00fdch ramen pro mont\u00e1\u017en\u00ed, sva\u0159ovac\u00ed a manipula\u010dn\u00ed procesy, \u010d\u00edm\u017e se zvy\u0161uje efektivita a p\u0159esnost v\u00fdroby.<\/li>\n<li><strong>Zem\u011bd\u011blsk\u00e9 stroje:<\/strong> V zem\u011bd\u011blsk\u00fdch stroj\u00edch, jako jsou skl\u00edzec\u00ed a sec\u00ed stroje, \u0159\u00edd\u00ed v\u00e1lec ramene pohyb ovl\u00e1dac\u00edch ramen pro \u00fakoly, jako je set\u00ed, hnojen\u00ed a sklize\u0148.<\/li>\n<li><strong>Hornictv\u00ed:<\/strong> V t\u011b\u017eebn\u00edm za\u0159\u00edzen\u00ed \u0159\u00edd\u00ed v\u00e1lec ramene pohyb ramene t\u011b\u017eebn\u00edho stroje pro t\u011b\u017ebu a p\u0159epravu rudy.<\/li>\n<li><strong>Logistika a doprava:<\/strong> U vysokozdvi\u017en\u00fdch voz\u00edk\u016f a manipula\u010dn\u00edch robot\u016f ovl\u00e1d\u00e1 v\u00e1lec ramene zved\u00e1n\u00ed a pohyb vidlic, co\u017e umo\u017e\u0148uje manipulaci s materi\u00e1lem a jeho stohov\u00e1n\u00ed.<\/li>\n<\/ul>\n<h2>Konstruk\u010dn\u00ed aspekty a krit\u00e9ria v\u00fdb\u011bru<\/h2>\n<p>P\u0159i zva\u017eov\u00e1n\u00ed konstrukce a v\u00fdb\u011bru v\u00e1lce ramene pro st\u0159edn\u00ed bagr Lovol FR225 vstupuje do hry n\u011bkolik faktor\u016f:<\/p>\n<ul>\n<li><strong>Nosnost:<\/strong> The arm cylinder&#8217;s ability to withstand and support heavy loads is essential for safe and efficient operation.<\/li>\n<li><strong>T\u011bsn\u011bn\u00ed:<\/strong> Pou\u017e\u00edvaj\u00ed se r\u016fzn\u00e1 t\u011bsn\u011bn\u00ed, jako jsou p\u00edstn\u00ed t\u011bsn\u011bn\u00ed a t\u011bsn\u011bn\u00ed p\u00edstnice, s vyu\u017eit\u00edm materi\u00e1l\u016f odoln\u00fdch proti opot\u0159eben\u00ed, jako je polyuretan a nitrilov\u00e1 pry\u017e. Hlava v\u00e1lc\u016f a z\u00e1vitov\u00e9 \u010deln\u00ed plochy jsou jemn\u011b opracov\u00e1ny pro zlep\u0161en\u00ed odolnosti proti opot\u0159eben\u00ed.<\/li>\n<li><strong>Trvanlivost:<\/strong> T\u011bleso v\u00e1lce je vyrobeno z vysoce kvalitn\u00edch materi\u00e1l\u016f, kter\u00e9 zaji\u0161\u0165uj\u00ed dlouhou \u017eivotnost a odolnost proti opot\u0159eben\u00ed a korozi.<\/li>\n<li><strong>Bezpe\u010dnost:<\/strong> Konstrukce zahrnuje bezpe\u010dnostn\u00ed prvky, kter\u00e9 zabra\u0148uj\u00ed nehod\u00e1m a zaji\u0161\u0165uj\u00ed pohodl\u00ed obsluhy b\u011bhem provozu.<\/li>\n<li><strong>\u00dadr\u017eba:<\/strong> V\u00e1lec ramene je navr\u017een pro snadnou \u00fadr\u017ebu a v\u00fdm\u011bnu, co\u017e sni\u017euje prostoje a zvy\u0161uje celkovou produktivitu.<\/li>\n<\/ul>\n<p><img decoding=\"async\" src=\"https:\/\/www.hydraulic-cylinders.net\/wp-content\/uploads\/2025\/01\/songte-cylinder-head-with-all-kinds-excavator-models.webp\" alt=\"Obr\u00e1zek \u010d\u00e1st\u00ed v\u00e1lce\"><\/p>\n<h2>T\u011bsn\u011bn\u00ed a maz\u00e1n\u00ed<\/h2>\n<p>V\u00e1lec ramene pro st\u0159edn\u00ed bagr Lovol FR225 vyu\u017e\u00edv\u00e1 r\u016fzn\u00e9 t\u011bsnic\u00ed komponenty, jako jsou t\u011bsn\u011bn\u00ed p\u00edst\u016f a t\u011bsn\u011bn\u00ed p\u00edstnic, vyroben\u00e9 z materi\u00e1l\u016f odoln\u00fdch proti opot\u0159eben\u00ed, jako je polyuretan a nitrilov\u00e1 pry\u017e. T\u011bleso v\u00e1lce a z\u00e1vitov\u00e9 koncov\u00e9 plochy jsou jemn\u011b o\u0161et\u0159eny pro zv\u00fd\u0161en\u00ed odolnosti proti opot\u0159eben\u00ed. Pravideln\u00e9 maz\u00e1n\u00ed vhodn\u00fdm mno\u017estv\u00edm hydraulick\u00e9ho oleje je nezbytn\u00e9 pro zaji\u0161t\u011bn\u00ed plynul\u00e9ho provozu a dlouh\u00e9 \u017eivotnosti.<\/p>\n<h2>Pravideln\u00e1 kontrola a preventivn\u00ed \u00fadr\u017eba<\/h2>\n<p>Pravideln\u00e1 kontrola a preventivn\u00ed \u00fadr\u017eba jsou z\u00e1sadn\u00ed pro optim\u00e1ln\u00ed v\u00fdkon a dlouhou \u017eivotnost v\u00e1lce ramene. M\u011bla by b\u00fdt p\u0159ijata n\u00e1sleduj\u00edc\u00ed opat\u0159en\u00ed:<\/p>\n<ul>\n<li>Zkontrolujte v\u00e1lec, zda nevykazuje zn\u00e1mky opot\u0159eben\u00ed, net\u011bsnosti nebo po\u0161kozen\u00ed.<\/li>\n<li>Pravideln\u011b \u010dist\u011bte v\u00e1lec a jeho sou\u010d\u00e1sti, abyste odstranili ne\u010distoty a \u00falomky.<\/li>\n<li>Zajist\u011bte spr\u00e1vn\u00e9 maz\u00e1n\u00ed kontrolou hladiny hydraulick\u00e9ho oleje a v p\u0159\u00edpad\u011b pot\u0159eby dopln\u011bn\u00edm p\u0159\u00edslu\u0161n\u00e9ho mno\u017estv\u00ed.<\/li>\n<li>Zkontrolujte a v p\u0159\u00edpad\u011b pot\u0159eby vym\u011b\u0148te t\u011bsn\u011bn\u00ed nebo jin\u00e9 po\u0161kozen\u00e9 sou\u010d\u00e1sti.<\/li>\n<\/ul>\n<h2>Pr\u016fvodce instalac\u00ed produktu<\/h2>\n<p>Spr\u00e1vn\u00e1 instalace v\u00e1lce ramene pro st\u0159edn\u00ed bagr Lovol FR225 je nezbytn\u00e1 pro jeho efektivn\u00ed provoz. Dodr\u017eujte tyto pokyny:<\/p>\n<ul>\n<li>Ujist\u011bte se, \u017ee je bagr \u0159\u00e1dn\u011b podep\u0159en a stabiln\u00ed.<\/li>\n<li>Odstra\u0148te v\u0161echny star\u00e9 nebo po\u0161kozen\u00e9 v\u00e1lce.<\/li>\n<li>Nov\u00fd v\u00e1lec opatrn\u011b zarovnejte s upev\u0148ovac\u00edmi body.<\/li>\n<li>Bezpe\u010dn\u011b upevn\u011bte v\u0161echna spojen\u00ed pomoc\u00ed vhodn\u00e9ho n\u00e1\u0159ad\u00ed.<\/li>\n<li>Zkontrolujte instalaci, zda nedo\u0161lo k p\u0159\u00edpadn\u00fdm probl\u00e9m\u016fm nebo nespr\u00e1vn\u00e9mu zarovn\u00e1n\u00ed.<\/li>\n<\/ul>\n<p><img decoding=\"async\" src=\"https:\/\/www.hydraulic-cylinders.net\/wp-content\/uploads\/2025\/01\/songte-bushings-with-all-kinds-of-excavator-models.webp\" alt=\"Obr\u00e1zek pouzder\"><\/p>\n<h2>Bezpe\u010dnostn\u00ed aspekty a faktory prost\u0159ed\u00ed<\/h2>\n<p>P\u0159i pou\u017eit\u00ed v\u00e1lce ramene pro st\u0159edn\u00ed bagr Lovol FR225 jsou bezpe\u010dnostn\u00ed opat\u0159en\u00ed nanejv\u00fd\u0161 d\u016fle\u017eit\u00e1. Je t\u0159eba zv\u00e1\u017eit kl\u00ed\u010dov\u00e1 slova zd\u016fraz\u0148uj\u00edc\u00ed bezpe\u010dnostn\u00ed opat\u0159en\u00ed, aby byla zaji\u0161t\u011bna pohoda obsluhy a minimalizov\u00e1ny nehody. D\u00e1le je t\u0159eba zohlednit faktory prost\u0159ed\u00ed, jako je zabr\u00e1n\u011bn\u00ed \u00faniku oleje nebo rozlit\u00ed, kter\u00e9 by mohlo po\u0161kodit \u017eivotn\u00ed prost\u0159ed\u00ed.<\/p>\n<h2>Odstra\u0148ov\u00e1n\u00ed probl\u00e9m\u016f a b\u011b\u017en\u00e9 probl\u00e9my<\/h2>\n<p>Zde je n\u011bkolik b\u011b\u017en\u00fdch tip\u016f a \u0159e\u0161en\u00ed probl\u00e9m\u016f s v\u00e1lcem ramene:<\/p>\n<ul>\n<li>Pokud se v\u00e1lec spr\u00e1vn\u011b nevysouv\u00e1 nebo nezasouv\u00e1, zkontrolujte, zda nedoch\u00e1z\u00ed k \u00faniku hydraulick\u00e9 kapaliny nebo zda nen\u00ed dostate\u010dn\u00e1 hladina kapaliny.<\/li>\n<li>Pokud je b\u011bhem provozu sly\u0161et nadm\u011brn\u00fd hluk, zkontrolujte v\u00e1lec, zda nejsou uvoln\u011bn\u00e9 sou\u010d\u00e1sti nebo po\u0161kozen\u00e1 t\u011bsn\u011bn\u00ed.<\/li>\n<li>Pokud v\u00e1lec nadm\u011brn\u011b vibruje, zkontrolujte mont\u00e1\u017en\u00ed body a spoje, zda nejsou uvoln\u011bn\u00e9 nebo \u0161patn\u011b vyrovnan\u00e9.<\/li>\n<li>Pokud v\u00e1lec nereaguje p\u0159esn\u011b na ovl\u00e1dac\u00ed povely, zkontrolujte hydraulick\u00fd syst\u00e9m, zda nedoch\u00e1z\u00ed k poru\u0161e nebo ucp\u00e1n\u00ed.<\/li>\n<\/ul>\n<p><img decoding=\"async\" src=\"https:\/\/www.hydraulic-cylinders.net\/wp-content\/uploads\/2025\/01\/songte-chushion-collar.webp\" alt=\"Obr\u00e1zek obojku\"><\/p>\n<p>Dodr\u017eov\u00e1n\u00edm t\u011bchto tip\u016f pro \u0159e\u0161en\u00ed probl\u00e9m\u016f a preventivn\u00edch opat\u0159en\u00ed mohou \u010dten\u00e1\u0159i efektivn\u011b diagnostikovat a \u0159e\u0161it probl\u00e9my a z\u00e1rove\u0148 minimalizovat potenci\u00e1ln\u00ed komplikace.<\/p>\n<h2>O n\u00e1s<\/h2>\n<p>Autor: lyl<\/p>\n<p>Jsme profesion\u00e1ln\u00ed v\u00fdrobce specializuj\u00edc\u00ed se na v\u00fdrobu n\u00e1hradn\u00edch hydraulick\u00fdch v\u00e1lc\u016f. D\u00edky \u0161irok\u00e9 \u0161k\u00e1le produkt\u016f jsme se stali jedn\u00edm z p\u0159edn\u00edch v\u00fdrobc\u016f a velkoobchodn\u00edch distributor\u016f hydraulick\u00fdch v\u00e1lc\u016f na dom\u00e1c\u00edm i mezin\u00e1rodn\u00edm trhu. Dodr\u017eujeme princip vynikaj\u00edc\u00ed kvality a neust\u00e1le zlep\u0161ujeme na\u0161i technickou odbornost a efektivitu v\u00fdroby prost\u0159ednictv\u00edm industrializovan\u00e9ho \u0159\u00edzen\u00ed v\u00fdroby. Zav\u00e1d\u011bn\u00edm \u0161pi\u010dkov\u00e9ho digit\u00e1ln\u00edho v\u00fdrobn\u00edho za\u0159\u00edzen\u00ed a profesion\u00e1ln\u00edch testovac\u00edch syst\u00e9m\u016f optimalizujeme na\u0161i v\u00fdrobn\u00ed platformu a vylep\u0161ujeme procesy kontroly kvality na\u0161ich v\u00fdrobk\u016f, \u010d\u00edm\u017e prezentujeme siln\u00e9 inovativn\u00ed schopnosti. Na\u0161\u00edm c\u00edlem je uspokojovat rozmanit\u00e9 pot\u0159eby z\u00e1kazn\u00edk\u016f s principy efektivity, p\u0159esnosti a vysok\u00e9 kvality.<\/p>\n<p><img decoding=\"async\" src=\"https:\/\/www.hydraulic-cylinders.net\/wp-content\/uploads\/2025\/01\/songte-company-4.webp\" alt=\"Obr\u00e1zek spole\u010dnosti 1\"><br \/>\n<img decoding=\"async\" src=\"https:\/\/www.hydraulic-cylinders.net\/wp-content\/uploads\/2025\/01\/songte-company-3.webp\" alt=\"Obr\u00e1zek spole\u010dnosti 2\"><\/p>\n<p>D\u00e1le jsme hrd\u00ed na n\u00e1sleduj\u00edc\u00ed:<\/p>\n<ul>\n<li>Profesionalita<\/li>\n<li>Mezin\u00e1rodn\u00ed certifikace<\/li>\n<li>Slu\u017eby p\u0159izp\u016fsoben\u00ed<\/li>\n<li>Pokro\u010dil\u00e9 v\u00fdrobn\u00ed za\u0159\u00edzen\u00ed<\/li>\n<p>  <\n<\/p>","protected":false},"excerpt":{"rendered":"<p>Arm Cylinder For Lovol Middle Excavator FR225 Introduction The Arm Cylinder for Lovol Middle Excavator FR225 is a specially designed hydraulic cylinder that provides linear motion and power to the arm of various machinery such as excavators, cranes, and mechanical arms. The arm cylinder plays a crucial role in hydraulic systems, allowing for the efficient [&hellip;]<\/p>","protected":false},"featured_media":14777,"comment_status":"open","ping_status":"closed","template":"","meta":{"_et_pb_use_builder":"","_et_pb_old_content":"","_et_gb_content_width":""},"product_brand":[],"product_cat":[1497],"product_tag":[1498,1496],"class_list":{"0":"post-16489","1":"product","2":"type-product","3":"status-publish","4":"has-post-thumbnail","6":"product_cat-arm-cylinders","7":"product_tag-arm-cylinders","8":"product_tag-hydraulic-cylinders","10":"first","11":"instock","12":"shipping-taxable","13":"product-type-simple"},"amp_enabled":true,"_links":{"self":[{"href":"https:\/\/www.hydraulic-cylinders.net\/cs\/wp-json\/wp\/v2\/product\/16489","targetHints":{"allow":["GET"]}}],"collection":[{"href":"https:\/\/www.hydraulic-cylinders.net\/cs\/wp-json\/wp\/v2\/product"}],"about":[{"href":"https:\/\/www.hydraulic-cylinders.net\/cs\/wp-json\/wp\/v2\/types\/product"}],"replies":[{"embeddable":true,"href":"https:\/\/www.hydraulic-cylinders.net\/cs\/wp-json\/wp\/v2\/comments?post=16489"}],"wp:featuredmedia":[{"embeddable":true,"href":"https:\/\/www.hydraulic-cylinders.net\/cs\/wp-json\/wp\/v2\/media\/14777"}],"wp:attachment":[{"href":"https:\/\/www.hydraulic-cylinders.net\/cs\/wp-json\/wp\/v2\/media?parent=16489"}],"wp:term":[{"taxonomy":"product_brand","embeddable":true,"href":"https:\/\/www.hydraulic-cylinders.net\/cs\/wp-json\/wp\/v2\/product_brand?post=16489"},{"taxonomy":"product_cat","embeddable":true,"href":"https:\/\/www.hydraulic-cylinders.net\/cs\/wp-json\/wp\/v2\/product_cat?post=16489"},{"taxonomy":"product_tag","embeddable":true,"href":"https:\/\/www.hydraulic-cylinders.net\/cs\/wp-json\/wp\/v2\/product_tag?post=16489"}],"curies":[{"name":"wp","href":"https:\/\/api.w.org\/{rel}","templated":true}]}}