{"id":16526,"date":"2025-01-21T05:31:38","date_gmt":"2025-01-21T05:31:38","guid":{"rendered":"https:\/\/www.hydraulic-cylinders.net\/product\/arm-cylinder-for-xgma-middle-excavator-xg822fl\/"},"modified":"2025-01-21T05:31:39","modified_gmt":"2025-01-21T05:31:39","slug":"arm-cylinder-for-xgma-middle-excavator-xg822fl","status":"publish","type":"product","link":"https:\/\/www.hydraulic-cylinders.net\/cs\/produkt\/arm-cylinder-for-xgma-middle-excavator-xg822fl\/","title":{"rendered":"V\u00e1lec ramene pro st\u0159edn\u00ed bagr XGMA XG822FL"},"content":{"rendered":"<h2>V\u00e1lec ramene pro st\u0159edn\u00ed bagr XGMA XG822FL<\/h2>\n<h3>Definice a vysv\u011btlen\u00ed<\/h3>\n<p>Hydraulick\u00fd v\u00e1lec ramene je speci\u00e1ln\u011b navr\u017een\u00fd hydraulick\u00fd v\u00e1lec pou\u017e\u00edvan\u00fd k zaji\u0161t\u011bn\u00ed line\u00e1rn\u00edho pohybu a v\u00fdkonu r\u016fzn\u00fdch typ\u016f ramen stroj\u016f, jako jsou bagry, je\u0159\u00e1by a mechanick\u00e1 ramena. V\u00e1lec ramene hraje kl\u00ed\u010dovou roli v hydraulick\u00fdch syst\u00e9mech, proto\u017ee umo\u017e\u0148uje efektivn\u00ed pohyb a ovl\u00e1d\u00e1n\u00ed p\u0159ipojen\u00e9ho n\u00e1\u0159ad\u00ed nebo p\u0159\u00edslu\u0161enstv\u00ed. Tyto v\u00e1lce nejen dosahuj\u00ed plynul\u00e9ho pohybu, ale tak\u00e9 odol\u00e1vaj\u00ed t\u011b\u017ek\u00fdm z\u00e1t\u011b\u017e\u00edm, \u010d\u00edm\u017e zaji\u0161\u0165uj\u00ed efektivn\u00ed provoz a spolehlivost stroj\u016f za r\u016fzn\u00fdch pracovn\u00edch podm\u00ednek.<\/p>\n<p><img decoding=\"async\" src=\"https:\/\/www.hydraulic-cylinders.net\/wp-content\/uploads\/2025\/01\/songte-company-2.webp\" alt=\"Obr\u00e1zek v\u00e1lce ramene\"><\/p>\n<h3>Vlastnosti produktu<\/h3>\n<ul>\n<li><b>Efektivn\u00ed p\u0159enos v\u00fdkonu:<\/b> V\u00e1lec ramene zaji\u0161\u0165uje siln\u00fd line\u00e1rn\u00ed pohyb a s\u00edlu, co\u017e zaji\u0161\u0165uje vysokou provozn\u00ed \u00fa\u010dinnost mechanick\u00e9ho ramene v r\u016fzn\u00fdch operac\u00edch.<\/li>\n<li><b>P\u0159esn\u00e9 ovl\u00e1d\u00e1n\u00ed:<\/b> D\u00edky hydraulick\u00fdm syst\u00e9m\u016fm m\u016f\u017ee v\u00e1lec ramene dos\u00e1hnout p\u0159esn\u00e9ho \u0159\u00edzen\u00ed pohybu, co\u017e zvy\u0161uje flexibilitu a p\u0159esnost ovl\u00e1d\u00e1n\u00ed p\u0159ipojen\u00fdch n\u00e1stroj\u016f.<\/li>\n<li><b>Siln\u00e1 trvanlivost:<\/b> V\u00e1lce ramen jsou obvykle vyrobeny z vysoce pevn\u00fdch materi\u00e1l\u016f s dobrou odolnost\u00ed proti opot\u0159eben\u00ed a korozi, vhodn\u00fdch pro dlouhodob\u00e9 pou\u017e\u00edv\u00e1n\u00ed v n\u00e1ro\u010dn\u00fdch podm\u00ednk\u00e1ch.<\/li>\n<li><b>Multifunk\u010dn\u00ed p\u0159izp\u016fsobivost:<\/b> Tyto v\u00e1lce lze \u0161iroce pou\u017e\u00edvat v r\u016fzn\u00fdch mechanick\u00fdch za\u0159\u00edzen\u00edch, jako jsou bagry, je\u0159\u00e1by a mechanick\u00e1 ramena, aby se p\u0159izp\u016fsobily r\u016fzn\u00fdm pracovn\u00edm pot\u0159eb\u00e1m.<\/li>\n<li><b>Snadn\u00e1 \u00fadr\u017eba:<\/b> Konstrukce zohled\u0148uje snadnou \u00fadr\u017ebu a v\u00fdm\u011bnu, co\u017e usnad\u0148uje pravideln\u00e9 kontroly a \u00fadr\u017ebu a zkracuje prostoje za\u0159\u00edzen\u00ed.<\/li>\n<\/ul>\n<p><img decoding=\"async\" src=\"https:\/\/www.hydraulic-cylinders.net\/wp-content\/uploads\/2025\/01\/songte-oil-pipes-and-spare-parts.webp\" alt=\"Obr\u00e1zek d\u00edl\u016f hydraulick\u00e9ho v\u00e1lce\"><\/p>\n<h3>Aplikace<\/h3>\n<p>V\u00e1lec ramene se \u0161iroce pou\u017e\u00edv\u00e1 v n\u011bkolika odv\u011btv\u00edch:<\/p>\n<ul>\n<li><b>Konstrukce:<\/b> U bagr\u016f a je\u0159\u00e1b\u016f se v\u00e1lec ramene pou\u017e\u00edv\u00e1 k ovl\u00e1d\u00e1n\u00ed pohybu l\u017e\u00edce nebo v\u00fdlo\u017en\u00edku pro zemn\u00ed pr\u00e1ce, manipulaci s materi\u00e1lem a mont\u00e1\u017e konstrukc\u00ed.<\/li>\n<li><b>V\u00fdrobn\u00ed:<\/b> V automatizovan\u00fdch v\u00fdrobn\u00edch link\u00e1ch se v\u00e1lec ramene pou\u017e\u00edv\u00e1 k pohybu mechanick\u00fdch ramen p\u0159i mont\u00e1\u017en\u00edch, sva\u0159ovac\u00edch a manipula\u010dn\u00edch procesech, co\u017e zvy\u0161uje efektivitu a p\u0159esnost v\u00fdroby.<\/li>\n<li><b>Zem\u011bd\u011blsk\u00e9 stroje:<\/b> V zem\u011bd\u011blsk\u00fdch stroj\u00edch, jako jsou skl\u00edzec\u00ed a s\u00e1zec\u00ed stroje, v\u00e1lec ramene ovl\u00e1d\u00e1 pohyb ovl\u00e1dac\u00edho ramene a prov\u00e1d\u00ed \u00fakoly, jako je set\u00ed, hnojen\u00ed a sklize\u0148.<\/li>\n<li><b>Hornictv\u00ed:<\/b> V t\u011b\u017eebn\u00edm za\u0159\u00edzen\u00ed se v\u00e1lec ramene pou\u017e\u00edv\u00e1 k ovl\u00e1d\u00e1n\u00ed pohybu ramene t\u011b\u017eebn\u00edho za\u0159\u00edzen\u00ed a k prov\u00e1d\u011bn\u00ed t\u011b\u017eebn\u00edch a p\u0159epravn\u00edch \u00fakol\u016f rudy.<\/li>\n<li><b>Logistika a doprava:<\/b> U vysokozdvi\u017en\u00fdch voz\u00edk\u016f a manipula\u010dn\u00edch robot\u016f se v\u00e1lec ramene pou\u017e\u00edv\u00e1 k ovl\u00e1d\u00e1n\u00ed zved\u00e1n\u00ed a pohybu vidlic, \u010d\u00edm\u017e se dosahuje manipulace s materi\u00e1lem a jeho stohov\u00e1n\u00ed.<\/li>\n<\/ul>\n<h3>Konstruk\u010dn\u00ed aspekty a krit\u00e9ria v\u00fdb\u011bru<\/h3>\n<p>P\u0159i n\u00e1vrhu a v\u00fdb\u011bru v\u00e1lc\u016f ramene je t\u0159eba zv\u00e1\u017eit n\u011bkolik faktor\u016f:<\/p>\n<h4>Nosnost<\/h4>\n<p>V\u00e1lec mus\u00ed b\u00fdt schopen odolat p\u0159edpokl\u00e1dan\u00e9 s\u00edle a hmotnosti ramene stroje a ve\u0161ker\u00e9ho p\u0159ipojen\u00e9ho n\u00e1\u0159ad\u00ed nebo p\u0159\u00edslu\u0161enstv\u00ed.<\/p>\n<h4>T\u011bsnic\u00ed schopnost<\/h4>\n<p>V\u00e1lec mus\u00ed m\u00edt spolehliv\u00e9 t\u011bsn\u011bn\u00ed, aby se zabr\u00e1nilo \u00faniku hydraulick\u00e9 kapaliny a zajistil se efektivn\u00ed provoz.<\/p>\n<h4>Trvanlivost<\/h4>\n<p>V\u00e1lec by m\u011bl b\u00fdt vyroben z vysoce pevn\u00fdch materi\u00e1l\u016f s dobrou odolnost\u00ed proti opot\u0159eben\u00ed a korozi, aby odolal n\u00e1ro\u010dn\u00e9mu pracovn\u00edmu prost\u0159ed\u00ed.<\/p>\n<h4>Bezpe\u010dnost<\/h4>\n<p>L\u00e1hev mus\u00ed spl\u0148ovat bezpe\u010dnostn\u00ed normy a m\u00edt bezpe\u010dnostn\u00ed prvky, jako jsou p\u0159etlakov\u00e9 ventily, aby se zabr\u00e1nilo nehod\u00e1m.<\/p>\n<h4>\u00dadr\u017eba<\/h4>\n<p>Konstrukce v\u00e1lce by m\u011bla zohled\u0148ovat snadnou \u00fadr\u017ebu a v\u00fdm\u011bnu d\u00edl\u016f, co\u017e by vedlo ke sn\u00ed\u017een\u00ed prostoj\u016f a n\u00e1klad\u016f.<\/p>\n<p><img decoding=\"async\" src=\"https:\/\/www.hydraulic-cylinders.net\/wp-content\/uploads\/2025\/01\/songte-cylinder-head-with-all-kinds-excavator-models.webp\" alt=\"Obr\u00e1zek hlavy v\u00e1lc\u016f\"><\/p>\n<h3>T\u011bsn\u011bn\u00ed a maz\u00e1n\u00ed<\/h3>\n<p>V ramenov\u00fdch v\u00e1lc\u00edch se pou\u017e\u00edvaj\u00ed r\u016fzn\u00e1 t\u011bsn\u011bn\u00ed, jako jsou p\u00edstn\u00ed t\u011bsn\u011bn\u00ed a t\u011bsn\u011bn\u00ed p\u00edstnice, aby se zabr\u00e1nilo \u00faniku hydraulick\u00e9 kapaliny. Tato t\u011bsn\u011bn\u00ed jsou vyrobena z materi\u00e1l\u016f odoln\u00fdch proti opot\u0159eben\u00ed, jako je polyuretan a nitrilov\u00e1 pry\u017e, aby se zajistilo dlouhodob\u00e9 pou\u017e\u00edv\u00e1n\u00ed v n\u00e1ro\u010dn\u00fdch podm\u00ednk\u00e1ch. T\u011bleso v\u00e1lce a z\u00e1vitov\u00fd konec jsou jemn\u011b opracov\u00e1ny pro zlep\u0161en\u00ed odolnosti proti opot\u0159eben\u00ed. Pro maz\u00e1n\u00ed je nutn\u00e9 pravideln\u00e9 dopl\u0148ov\u00e1n\u00ed hydraulick\u00e9ho oleje.<\/p>\n<h3>\u00dadr\u017eba a odstra\u0148ov\u00e1n\u00ed probl\u00e9m\u016f<\/h3>\n<p>Pravideln\u00e1 kontrola a preventivn\u00ed \u00fadr\u017eba jsou nezbytn\u00e9 pro zaji\u0161t\u011bn\u00ed dlouhodob\u00e9ho a efektivn\u00edho provozu v\u00e1lc\u016f ramen. Mezi b\u011b\u017en\u00e9 probl\u00e9my, kter\u00e9 se mohou vyskytnout, pat\u0159\u00ed:<\/p>\n<ul>\n<li><b>\u00danik:<\/b> \u00danik hydraulick\u00e9 kapaliny z v\u00e1lce m\u016f\u017ee b\u00fdt zp\u016fsoben opot\u0159eben\u00edm a po\u0161kozen\u00edm t\u011bsn\u011bn\u00ed. M\u016f\u017ee b\u00fdt nutn\u00e1 v\u00fdm\u011bna t\u011bsn\u011bn\u00ed nebo op\u011btovn\u00e9 obr\u00e1b\u011bn\u00ed povrchu v\u00e1lce.<\/li>\n<li><b>Zachycen\u00fd v\u00e1lec:<\/b> V\u00e1lec se m\u016f\u017ee zaseknout v d\u016fsledku nahromad\u011bn\u00fdch ne\u010distot a rzi. Vy\u010di\u0161t\u011bn\u00ed v\u00e1lce a nanesen\u00ed p\u0159\u00edpravku proti korozi m\u016f\u017ee pomoci probl\u00e9m vy\u0159e\u0161it.<\/li>\n<li><b>Abnorm\u00e1ln\u00ed hluk:<\/b> Abnorm\u00e1ln\u00ed hluk b\u011bhem provozu v\u00e1lce m\u016f\u017ee nazna\u010dovat probl\u00e9m s vnit\u0159n\u00edmi sou\u010d\u00e1stmi. M\u016f\u017ee b\u00fdt nutn\u00e1 kontrola a v\u00fdm\u011bna po\u0161kozen\u00fdch d\u00edl\u016f.<\/li>\n<\/ul>\n<p>Preventivn\u00ed opat\u0159en\u00ed zahrnuj\u00ed pravideln\u00e9 \u010di\u0161t\u011bn\u00ed, maz\u00e1n\u00ed a v\u00fdm\u011bnu po\u0161kozen\u00fdch d\u00edl\u016f. Pro zaji\u0161t\u011bn\u00ed bezpe\u010dn\u00e9ho a optim\u00e1ln\u00edho provozu v\u00e1lce je nezbytn\u00e9 dodr\u017eovat pokyny v\u00fdrobce pro \u00fadr\u017ebu a opravy.<\/p>\n<p><img decoding=\"async\" src=\"https:\/\/www.hydraulic-cylinders.net\/wp-content\/uploads\/2025\/01\/songte-chushion-collar.webp\" alt=\"Obr\u00e1zek pol\u0161t\u00e1\u0159ov\u00e9ho l\u00edmce\"><\/p>\n<h3>O na\u0161\u00ed spole\u010dnosti<\/h3>\n<p>Jsme profesion\u00e1ln\u00ed v\u00fdrobce n\u00e1hradn\u00edch hydraulick\u00fdch v\u00e1lc\u016f se \u0161irokou \u0161k\u00e1lou produkt\u016f a stali jsme se jedn\u00edm z p\u0159edn\u00edch v\u00fdrobc\u016f a velkoobchodn\u00edch distributor\u016f hydraulick\u00fdch v\u00e1lc\u016f na dom\u00e1c\u00edm i mezin\u00e1rodn\u00edm trhu. V\u017edy se dr\u017e\u00edme principu excelence a spol\u00e9h\u00e1me se na industrializovan\u00e9 strategie \u0159\u00edzen\u00ed v\u00fdroby v precizn\u011b zpracovan\u00fdch v\u00fdrobn\u00edch d\u00edln\u00e1ch, abychom neust\u00e1le zlep\u0161ovali na\u0161i technickou \u00farove\u0148 a efektivitu v\u00fdroby. Prost\u0159ednictv\u00edm zav\u00e1d\u011bn\u00ed \u0161pi\u010dkov\u00e9ho digit\u00e1ln\u00edho v\u00fdrobn\u00edho za\u0159\u00edzen\u00ed a profesion\u00e1ln\u00edch testovac\u00edch syst\u00e9m\u016f neust\u00e1le optimalizujeme na\u0161i v\u00fdrobn\u00ed platformu, zlep\u0161ujeme proces kontroly kvality na\u0161ich v\u00fdrobk\u016f a m\u00e1me siln\u00e9 inova\u010dn\u00ed schopnosti. Na\u0161\u00edm c\u00edlem je uspokojovat rozmanit\u00e9 pot\u0159eby na\u0161ich z\u00e1kazn\u00edk\u016f s vysokou efektivitou, p\u0159esnost\u00ed a principy vysok\u00e9 kvality.<\/p>\n<h3>Na\u0161e slu\u017eby<\/h3>\n<ul>\n<li><b>Profesionalita:<\/b> M\u00e1me t\u00fdm zku\u0161en\u00fdch in\u017een\u00fdr\u016f a technik\u016f, kte\u0159\u00ed v\u00e1m mohou poskytnout odborn\u00e9 poradenstv\u00ed a technickou podporu.<\/li>\n<li><b>Mezin\u00e1rodn\u00ed certifikace:<\/b> Z\u00edskali jsme \u0159adu mezin\u00e1rodn\u00edch certifikac\u00ed, jako nap\u0159\u00edklad ISO 9001, CE a SGS, abychom zajistili, \u017ee na\u0161e produkty spl\u0148uj\u00ed mezin\u00e1rodn\u00ed standardy.<\/li>\n<li><b>P\u0159izp\u016fsoben\u00ed:<\/b> Nab\u00edz\u00edme slu\u017eby na m\u00edru, abychom splnili specifick\u00e9 pot\u0159eby na\u0161ich z\u00e1kazn\u00edk\u016f.<\/li>\n<li><b>V\u00fdrobn\u00ed za\u0159\u00edzen\u00ed:<\/b> Disponujeme modern\u00edm v\u00fdrobn\u00edm vybaven\u00edm, v\u010detn\u011b CNC soustruh\u016f, vrta\u010dek a hydraulick\u00fdch zku\u0161ebn\u00edch stolic.<\/li>\n<li><b>Poprodejn\u00ed servis:<\/b> Poskytujeme vynikaj\u00edc\u00ed poprodejn\u00ed servis, v\u010detn\u011b technick\u00e9 podpory, \u00fadr\u017eby a oprav, abychom zajistili spokojenost z\u00e1kazn\u00edk\u016f.<\/li>\n<\/ul>\n<p><img decoding=\"async\" src=\"https:\/\/www.hydraulic-cylinders.net\/wp-content\/uploads\/2025\/01\/songte-company-4.webp\" alt=\"Image spole\u010dnosti\"><br \/>\n<img decoding=\"async\" src=\"https:\/\/www.hydraulic-cylinders.net\/wp-content\/uploads\/2025\/01\/songte-company-3.webp\" alt=\"Image spole\u010dnosti\"><\/p>\n<p>Autor: lyl<\/p>","protected":false},"excerpt":{"rendered":"<p>Arm Cylinder For XGMA Middle Excavator XG822FL Definition and Explanation An arm cylinder is a specially designed hydraulic cylinder used to provide linear motion and power to various types of machinery arms, such as excavators, cranes, and mechanical arms. The arm cylinder plays a critical role in hydraulic systems, enabling the effective movement and control [&hellip;]<\/p>","protected":false},"featured_media":14786,"comment_status":"open","ping_status":"closed","template":"","meta":{"_et_pb_use_builder":"","_et_pb_old_content":"","_et_gb_content_width":""},"product_brand":[],"product_cat":[1497],"product_tag":[1498,1496],"class_list":{"0":"post-16526","1":"product","2":"type-product","3":"status-publish","4":"has-post-thumbnail","6":"product_cat-arm-cylinders","7":"product_tag-arm-cylinders","8":"product_tag-hydraulic-cylinders","10":"first","11":"instock","12":"shipping-taxable","13":"product-type-simple"},"amp_enabled":true,"_links":{"self":[{"href":"https:\/\/www.hydraulic-cylinders.net\/cs\/wp-json\/wp\/v2\/product\/16526","targetHints":{"allow":["GET"]}}],"collection":[{"href":"https:\/\/www.hydraulic-cylinders.net\/cs\/wp-json\/wp\/v2\/product"}],"about":[{"href":"https:\/\/www.hydraulic-cylinders.net\/cs\/wp-json\/wp\/v2\/types\/product"}],"replies":[{"embeddable":true,"href":"https:\/\/www.hydraulic-cylinders.net\/cs\/wp-json\/wp\/v2\/comments?post=16526"}],"wp:featuredmedia":[{"embeddable":true,"href":"https:\/\/www.hydraulic-cylinders.net\/cs\/wp-json\/wp\/v2\/media\/14786"}],"wp:attachment":[{"href":"https:\/\/www.hydraulic-cylinders.net\/cs\/wp-json\/wp\/v2\/media?parent=16526"}],"wp:term":[{"taxonomy":"product_brand","embeddable":true,"href":"https:\/\/www.hydraulic-cylinders.net\/cs\/wp-json\/wp\/v2\/product_brand?post=16526"},{"taxonomy":"product_cat","embeddable":true,"href":"https:\/\/www.hydraulic-cylinders.net\/cs\/wp-json\/wp\/v2\/product_cat?post=16526"},{"taxonomy":"product_tag","embeddable":true,"href":"https:\/\/www.hydraulic-cylinders.net\/cs\/wp-json\/wp\/v2\/product_tag?post=16526"}],"curies":[{"name":"wp","href":"https:\/\/api.w.org\/{rel}","templated":true}]}}