{"id":16532,"date":"2025-01-21T05:32:00","date_gmt":"2025-01-21T05:32:00","guid":{"rendered":"https:\/\/www.hydraulic-cylinders.net\/product\/arm-cylinder-for-xgma-wheel-excavator-xg806w\/"},"modified":"2025-01-21T05:32:05","modified_gmt":"2025-01-21T05:32:05","slug":"arm-cylinder-for-xgma-wheel-excavator-xg806w","status":"publish","type":"product","link":"https:\/\/www.hydraulic-cylinders.net\/cs\/produkt\/arm-cylinder-for-xgma-wheel-excavator-xg806w\/","title":{"rendered":"V\u00e1lec ramene pro kolov\u00e9 rypadlo XGMA XG806W"},"content":{"rendered":"<h2>V\u00e1lec ramene pro kolov\u00e9 rypadlo XGMA XG806W<\/h2>\n<p>Hydraulick\u00fd v\u00e1lec ramene pro kolov\u00e9 rypadlo XGMA XG806W je specializovan\u00fd hydraulick\u00fd v\u00e1lec ur\u010den\u00fd k zaji\u0161t\u011bn\u00ed line\u00e1rn\u00edho pohybu a v\u00fdkonu ramene r\u016fzn\u00fdch stroj\u016f, jako jsou rypadla, je\u0159\u00e1by a mechanick\u00e1 ramena. V\u00e1lec ramene hraje kl\u00ed\u010dovou roli v hydraulick\u00fdch syst\u00e9mech, proto\u017ee umo\u017e\u0148uje efektivn\u00ed pohyb a ovl\u00e1d\u00e1n\u00ed p\u0159\u00eddavn\u00e9ho n\u00e1\u0159ad\u00ed nebo p\u0159\u00edslu\u0161enstv\u00ed. Tyto v\u00e1lce nejen umo\u017e\u0148uj\u00ed plynul\u00fd pohyb, ale tak\u00e9 odol\u00e1vaj\u00ed t\u011b\u017ek\u00fdm z\u00e1t\u011b\u017e\u00edm, co\u017e zaji\u0161\u0165uj\u00ed efektivn\u00ed provoz a spolehlivost stroje v r\u016fzn\u00fdch pracovn\u00edch podm\u00ednk\u00e1ch.<\/p>\n<p><img decoding=\"async\" src=\"https:\/\/www.hydraulic-cylinders.net\/wp-content\/uploads\/2025\/01\/songte-company-2.webp\" alt=\"V\u00e1lec ramene\" \/><\/p>\n<h3>Vlastnosti:<\/h3>\n<ul>\n<li>\n    <strong>Vysoce \u00fa\u010dinn\u00fd p\u0159enos:<\/strong> V\u00e1lec ramene zaji\u0161\u0165uje siln\u00fd line\u00e1rn\u00ed pohyb a s\u00edlu, co\u017e zaji\u0161\u0165uje vysok\u00fd v\u00fdkon mechanick\u00e9ho ramene v r\u016fzn\u00fdch operac\u00edch.\n  <\/li>\n<li>\n    <strong>P\u0159esn\u00e9 ovl\u00e1d\u00e1n\u00ed:<\/strong> D\u00edky hydraulick\u00e9mu syst\u00e9mu umo\u017e\u0148uje v\u00e1lec ramene p\u0159esn\u00e9 ovl\u00e1d\u00e1n\u00ed pohybu, \u010d\u00edm\u017e je ovl\u00e1d\u00e1n\u00ed p\u0159ipojen\u00e9ho n\u00e1\u0159ad\u00ed flexibiln\u011bj\u0161\u00ed a p\u0159esn\u011bj\u0161\u00ed.\n  <\/li>\n<li>\n    <strong>Siln\u00e1 trvanlivost:<\/strong> V\u00e1lce ramen jsou obvykle vyrobeny z vysoce pevn\u00fdch materi\u00e1l\u016f s dobrou odolnost\u00ed proti opot\u0159eben\u00ed a korozi, d\u00edky \u010demu\u017e jsou vhodn\u00e9 pro dlouhodob\u00e9 pou\u017e\u00edv\u00e1n\u00ed v n\u00e1ro\u010dn\u00fdch podm\u00ednk\u00e1ch.\n  <\/li>\n<li>\n    <strong>V\u0161estrann\u00e1 p\u0159izp\u016fsobivost:<\/strong> Tyto v\u00e1lce lze \u0161iroce pou\u017e\u00edt v r\u016fzn\u00fdch stroj\u00edch, jako jsou bagry, je\u0159\u00e1by a mechanick\u00e1 ramena, a p\u0159izp\u016fsobit se tak r\u016fzn\u00fdm pracovn\u00edm po\u017eadavk\u016fm.\n  <\/li>\n<li>\n    <strong>Snadn\u00e1 \u00fadr\u017eba:<\/strong> D\u00edky konstrukci s ohledem na snadnou \u00fadr\u017ebu a v\u00fdm\u011bnu je pravideln\u00e1 kontrola a servis pohodln\u011bj\u0161\u00ed a zkracuje se tak doba prostoj\u016f za\u0159\u00edzen\u00ed.\n  <\/li>\n<\/ul>\n<p><img decoding=\"async\" src=\"https:\/\/www.hydraulic-cylinders.net\/wp-content\/uploads\/2025\/01\/songte-oil-pipes-and-spare-parts.webp\" alt=\"N\u00e1hradn\u00ed d\u00edly pro hydraulick\u00e9 v\u00e1lce\" \/><\/p>\n<h3>Aplikace:<\/h3>\n<p>Rameno v\u00e1lce nach\u00e1z\u00ed uplatn\u011bn\u00ed v r\u016fzn\u00fdch oblastech:<\/p>\n<ul>\n<li>\n    <strong>Stavebn\u00ed in\u017een\u00fdrstv\u00ed:<\/strong> U bagr\u016f a je\u0159\u00e1b\u016f ovl\u00e1d\u00e1 v\u00e1lec ramene pohyb l\u017eic nebo v\u00fdlo\u017en\u00edk\u016f, prov\u00e1d\u00ed zemn\u00ed pr\u00e1ce, manipulaci s materi\u00e1lem a mont\u00e1\u017e konstrukc\u00ed.\n  <\/li>\n<li>\n    <strong>Zpracovatelsk\u00fd pr\u016fmysl:<\/strong> V automatizovan\u00fdch v\u00fdrobn\u00edch link\u00e1ch umo\u017e\u0148uje v\u00e1lec ramene pohyb mechanick\u00fdch ramen pro mont\u00e1\u017en\u00ed, sva\u0159ovac\u00ed a manipula\u010dn\u00ed procesy, \u010d\u00edm\u017e zvy\u0161uje efektivitu a p\u0159esnost v\u00fdroby.\n  <\/li>\n<li>\n    <strong>Zem\u011bd\u011blsk\u00e9 stroje:<\/strong> V zem\u011bd\u011blsk\u00fdch stroj\u00edch, jako jsou skl\u00edzec\u00ed a sec\u00ed stroje, \u0159\u00edd\u00ed v\u00e1lec ramene pohyb ovl\u00e1dac\u00edch ramen pro \u00fakoly, jako je set\u00ed, hnojen\u00ed a sklize\u0148.\n  <\/li>\n<li>\n    <strong>Hornictv\u00ed:<\/strong> V t\u011b\u017eebn\u00edm za\u0159\u00edzen\u00ed \u0159\u00edd\u00ed v\u00e1lec ramene pohyb ramene t\u011b\u017eebn\u00edho stroje, co\u017e usnad\u0148uje t\u011b\u017ebu a p\u0159epravu rudy.\n  <\/li>\n<li>\n    <strong>Logistika a doprava:<\/strong> U vysokozdvi\u017en\u00fdch voz\u00edk\u016f a manipula\u010dn\u00edch robot\u016f ovl\u00e1d\u00e1 v\u00e1lec ramene zved\u00e1n\u00ed a pohyb vidlic, co\u017e umo\u017e\u0148uje manipulaci s materi\u00e1lem a jeho stohov\u00e1n\u00ed.\n  <\/li>\n<\/ul>\n<h3>Konstruk\u010dn\u00ed aspekty a krit\u00e9ria v\u00fdb\u011bru:<\/h3>\n<p>Pokud jde o konstrukci a v\u00fdb\u011br v\u00e1lc\u016f ramene, je t\u0159eba vz\u00edt v \u00favahu n\u011bkolik d\u016fle\u017eit\u00fdch faktor\u016f:<\/p>\n<ul>\n<li>\n    <strong>Nosnost:<\/strong> V\u00e1lec ramene by m\u011bl b\u00fdt schopen odolat maxim\u00e1ln\u00edmu zat\u00ed\u017een\u00ed, kter\u00e9mu by byl vystaven b\u011bhem provozu.\n  <\/li>\n<li>\n    <strong>T\u011bsn\u011bn\u00ed:<\/strong> Pro zaji\u0161t\u011bn\u00ed spr\u00e1vn\u00e9ho ut\u011bsn\u011bn\u00ed by se m\u011bla pou\u017e\u00edvat r\u016fzn\u00e1 t\u011bsn\u011bn\u00ed, jako jsou t\u011bsn\u011bn\u00ed p\u00edst\u016f a t\u011bsn\u011bn\u00ed p\u00edstnic. Tato t\u011bsn\u011bn\u00ed jsou obvykle vyrobena z materi\u00e1l\u016f odoln\u00fdch proti opot\u0159eben\u00ed, jako je polyuretan a nitrilov\u00e1 pry\u017e.\n  <\/li>\n<li>\n    <strong>Trvanlivost:<\/strong> T\u011bleso v\u00e1lce a z\u00e1vitov\u00e9 konce by m\u011bly b\u00fdt pe\u010dliv\u011b o\u0161et\u0159eny, aby se zv\u00fd\u0161ila odolnost proti opot\u0159eben\u00ed. Pro zaji\u0161t\u011bn\u00ed hladk\u00e9ho provozu je nezbytn\u00e9 pravideln\u00e9 maz\u00e1n\u00ed hydraulick\u00fdm olejem.\n  <\/li>\n<li>\n    <strong>Bezpe\u010dnost:<\/strong> V n\u00e1vrhu by m\u011bla b\u00fdt implementov\u00e1na bezpe\u010dnostn\u00ed opat\u0159en\u00ed, aby se zabr\u00e1nilo nehod\u00e1m b\u011bhem provozu. Pat\u0159\u00ed sem funkce, jako je ochrana proti p\u0159et\u00ed\u017een\u00ed a mechanismy nouzov\u00e9ho zastaven\u00ed.\n  <\/li>\n<li>\n    <strong>\u00dadr\u017eba:<\/strong> Snadn\u00e1 dostupnost pro \u00fadr\u017ebu a dostupnost n\u00e1hradn\u00edch d\u00edl\u016f jsou kl\u00ed\u010dov\u00e9 pro minimalizaci prostoj\u016f a zaji\u0161t\u011bn\u00ed dlouh\u00e9 \u017eivotnosti v\u00e1lce ramene.\n  <\/li>\n<\/ul>\n<p><img decoding=\"async\" src=\"https:\/\/www.hydraulic-cylinders.net\/wp-content\/uploads\/2025\/01\/songte-cylinder-head-with-all-kinds-excavator-models.webp\" alt=\"Hlava v\u00e1lc\u016f\" \/><\/p>\n<p>Pravideln\u00e9 kontroly a preventivn\u00ed \u00fadr\u017eba jsou nezbytn\u00e9 pro spr\u00e1vnou funkci v\u00e1lce ramene. Dodr\u017eov\u00e1n\u00edm t\u011bchto opat\u0159en\u00ed lze minimalizovat potenci\u00e1ln\u00ed probl\u00e9my:<\/p>\n<ul>\n<li>Pravideln\u011b kontrolujte v\u00e1lec ramene, zda nevykazuje zn\u00e1mky net\u011bsnosti, opot\u0159eben\u00ed nebo po\u0161kozen\u00ed. Ve\u0161ker\u00e9 probl\u00e9my neprodlen\u011b \u0159e\u0161te, abyste p\u0159ede\u0161li dal\u0161\u00edmu po\u0161kozen\u00ed.<\/li>\n<li>Zajist\u011bte spr\u00e1vn\u00e9 maz\u00e1n\u00ed v\u00e1lce a t\u011bsn\u011bn\u00ed doporu\u010den\u00fdm hydraulick\u00fdm olejem.<\/li>\n<li>Zkontrolujte uta\u017een\u00ed mont\u00e1\u017en\u00edch \u0161roub\u016f a spoj\u016f a v p\u0159\u00edpad\u011b pot\u0159eby prove\u010fte se\u0159\u00edzen\u00ed.<\/li>\n<li>Udr\u017eujte okoln\u00ed prostor \u010dist\u00fd a bez ne\u010distot nebo kontaminant\u016f, kter\u00e9 by mohly ovlivnit funkci v\u00e1lce.<\/li>\n<li>Pro\u0161kolte obsluhu ve spr\u00e1vn\u00e9m pou\u017e\u00edv\u00e1n\u00ed a manipulaci s v\u00e1lcem ramene, aby se p\u0159ede\u0161lo nespr\u00e1vn\u00e9mu pou\u017eit\u00ed nebo nehod\u00e1m.<\/li>\n<\/ul>\n<p>Pro spr\u00e1vnou instalaci v\u00e1lce ramene dodr\u017eujte pros\u00edm tyto pokyny:<\/p>\n<ul>\n<li>Podrobn\u00e9 pokyny pro kolov\u00e9 rypadlo XGMA XG806W naleznete v instala\u010dn\u00ed p\u0159\u00edru\u010dce v\u00fdrobce.<\/li>\n<li>Ujist\u011bte se, \u017ee mont\u00e1\u017en\u00ed povrchy jsou \u010dist\u00e9 a bez jak\u00fdchkoli vad nebo nerovnost\u00ed.<\/li>\n<li>Pro instalaci pou\u017e\u00edvejte vhodn\u00e9 n\u00e1stroje a vybaven\u00ed, abyste zabr\u00e1nili po\u0161kozen\u00ed v\u00e1lce nebo okoln\u00edch sou\u010d\u00e1st\u00ed.<\/li>\n<li>Ut\u00e1hn\u011bte v\u0161echny mont\u00e1\u017en\u00ed \u0161rouby doporu\u010den\u00fdm utahovac\u00edm momentem.<\/li>\n<li>P\u0159ed dokon\u010den\u00edm instalace ov\u011b\u0159te spr\u00e1vn\u00e9 vyrovn\u00e1n\u00ed a polohu v\u00e1lce ramene.<\/li>\n<\/ul>\n<p><img decoding=\"async\" src=\"https:\/\/www.hydraulic-cylinders.net\/wp-content\/uploads\/2025\/01\/songte-bushings-with-all-kinds-of-excavator-models.webp\" alt=\"Pouzdra hydraulick\u00fdch v\u00e1lc\u016f\" \/><\/p>\n<p>P\u0159i zva\u017eov\u00e1n\u00ed bezpe\u010dnostn\u00edch aspekt\u016f a faktor\u016f \u017eivotn\u00edho prost\u0159ed\u00ed je z\u00e1sadn\u00ed up\u0159ednostnit implementaci bezpe\u010dnostn\u00edch opat\u0159en\u00ed. Tato opat\u0159en\u00ed zaji\u0161\u0165uj\u00ed blaho obsluhy a okoln\u00edho prost\u0159ed\u00ed:<\/p>\n<ul>\n<li>Zajist\u011bte obsluze \u0159\u00e1dn\u00e9 \u0161kolen\u00ed o bezpe\u010dnostn\u00edch protokolech a potenci\u00e1ln\u00edch nebezpe\u010d\u00edch spojen\u00fdch s obsluhou stroj\u016f vybaven\u00fdch v\u00e1lci ramen.<\/li>\n<li>Pro sn\u00ed\u017een\u00ed rizika nehod zave\u010fte bezpe\u010dnostn\u00ed prvky, jako jsou p\u0159etlakov\u00e9 ventily a tla\u010d\u00edtka nouzov\u00e9ho zastaven\u00ed.<\/li>\n<li>P\u0159i manipulaci s hydraulick\u00fdmi kapalinami a likvidaci odpadn\u00edch materi\u00e1l\u016f dodr\u017eujte p\u0159edpisy a sm\u011brnice na ochranu \u017eivotn\u00edho prost\u0159ed\u00ed.<\/li>\n<li>Pravideln\u011b kontrolujte v\u00e1lec ramene a hydraulick\u00fd syst\u00e9m, zda nedoch\u00e1z\u00ed k \u00fanik\u016fm, kter\u00e9 by mohly p\u0159edstavovat riziko pro \u017eivotn\u00ed prost\u0159ed\u00ed.<\/li>\n<li>Zajist\u011bte \u0159\u00e1dnou likvidaci nebo recyklaci opot\u0159ebovan\u00fdch nebo po\u0161kozen\u00fdch hydraulick\u00fdch komponent\u016f, abyste minimalizovali dopad na \u017eivotn\u00ed prost\u0159ed\u00ed.<\/li>\n<\/ul>\n<h3>\u0158e\u0161en\u00ed probl\u00e9m\u016f a b\u011b\u017en\u00e9 probl\u00e9my:<\/h3>\n<p>Zde jsou n\u011bkter\u00e9 b\u011b\u017en\u00e9 probl\u00e9my, kter\u00e9 mohou nastat s v\u00e1lcem ramene:<\/p>\n<ul>\n<li>\n    <strong>\u00danik:<\/strong> Zkontrolujte, zda kolem t\u011bsn\u011bn\u00ed a spoj\u016f nejsou viditeln\u00e9 zn\u00e1mky \u00faniku hydraulick\u00e9 kapaliny. V p\u0159\u00edpad\u011b pot\u0159eby vym\u011b\u0148te po\u0161kozen\u00e1 t\u011bsn\u011bn\u00ed nebo ut\u00e1hn\u011bte uvoln\u011bn\u00e9 spoje.\n  <\/li>\n<li>\n    <strong>Pomal\u00fd nebo nekonzistentn\u00ed pohyb:<\/strong> Nedostate\u010dn\u00fd hydraulick\u00fd tlak nebo vnit\u0159n\u00ed t\u0159en\u00ed m\u016f\u017ee zp\u016fsobit pomal\u00fd nebo nekonzistentn\u00ed pohyb. Zkontrolujte spr\u00e1vnou hladinu hydraulick\u00e9 kapaliny a p\u0159\u00edpadn\u00e9 ucp\u00e1n\u00ed nebo po\u0161kozen\u00ed uvnit\u0159 v\u00e1lce.\n  <\/li>\n<li>\n    <strong>Hluk nebo vibrace:<\/strong> Neobvykl\u00fd hluk nebo vibrace b\u011bhem provozu mohou nazna\u010dovat opot\u0159ebovan\u00e9 sou\u010d\u00e1sti nebo \u0161patn\u00e9 vyrovn\u00e1n\u00ed. Zkontrolujte v\u00e1lec, zda nevykazuje zn\u00e1mky opot\u0159eben\u00ed, a v p\u0159\u00edpad\u011b pot\u0159eby d\u00edly znovu vyrovnejte nebo vym\u011b\u0148te.\n  <\/li>\n<\/ul>\n<p>Je d\u016fle\u017eit\u00e9 tyto probl\u00e9my \u0159e\u0161it neprodlen\u011b, aby se zabr\u00e1nilo dal\u0161\u00edmu po\u0161kozen\u00ed a zajistil se optim\u00e1ln\u00ed v\u00fdkon v\u00e1lce ramene.<\/p>\n<p><img decoding=\"async\" src=\"https:\/\/www.hydraulic-cylinders.net\/wp-content\/uploads\/2025\/01\/songte-chushion-collar.webp\" alt=\"Hydraulick\u00fd v\u00e1lec s tlumi\u010dem\" \/><\/p>\n<p>Jako profesion\u00e1ln\u00ed v\u00fdrobce n\u00e1hradn\u00edch hydraulick\u00fdch v\u00e1lc\u016f nab\u00edz\u00edme \u0161irokou \u0161k\u00e1lu produkt\u016f a stali jsme se jedn\u00edm z p\u0159edn\u00edch v\u00fdrobc\u016f a velkoobchodn\u00edk\u016f s hydraulick\u00fdmi v\u00e1lci na dom\u00e1c\u00edm i mezin\u00e1rodn\u00edm trhu. Dodr\u017eujeme princip vynikaj\u00edc\u00ed kvality a neust\u00e1le zlep\u0161ujeme na\u0161i technologickou \u00farove\u0148 a efektivitu v\u00fdroby prost\u0159ednictv\u00edm industrializovan\u00fdch strategi\u00ed \u0159\u00edzen\u00ed v\u00fdroby v na\u0161\u00ed p\u0159esn\u00e9 v\u00fdrobn\u00ed d\u00edln\u011b. Zav\u00e1d\u011bn\u00edm \u0161pi\u010dkov\u00e9ho digit\u00e1ln\u00edho v\u00fdrobn\u00edho za\u0159\u00edzen\u00ed a profesion\u00e1ln\u00edch testovac\u00edch syst\u00e9m\u016f optimalizujeme na\u0161i v\u00fdrobn\u00ed platformu, zlep\u0161ujeme procesy kontroly kvality v\u00fdrobk\u016f a disponujeme siln\u00fdmi inovativn\u00edmi schopnostmi. Na\u0161\u00edm c\u00edlem je vyhov\u011bt po\u017eadavk\u016fm z\u00e1kazn\u00edk\u016f.<\/p>","protected":false},"excerpt":{"rendered":"<p>Arm Cylinder For XGMA Wheel Excavator XG806W The Arm Cylinder for XGMA Wheel Excavator XG806W is a specialized hydraulic cylinder designed to provide linear motion and power to the arm of various machinery such as excavators, cranes, and mechanical arms. The arm cylinder plays a crucial role in hydraulic systems, allowing for the efficient movement [&hellip;]<\/p>","protected":false},"featured_media":14770,"comment_status":"open","ping_status":"closed","template":"","meta":{"_et_pb_use_builder":"","_et_pb_old_content":"","_et_gb_content_width":""},"product_brand":[],"product_cat":[1497],"product_tag":[1498,1496],"class_list":{"0":"post-16532","1":"product","2":"type-product","3":"status-publish","4":"has-post-thumbnail","6":"product_cat-arm-cylinders","7":"product_tag-arm-cylinders","8":"product_tag-hydraulic-cylinders","10":"first","11":"instock","12":"shipping-taxable","13":"product-type-simple"},"amp_enabled":true,"_links":{"self":[{"href":"https:\/\/www.hydraulic-cylinders.net\/cs\/wp-json\/wp\/v2\/product\/16532","targetHints":{"allow":["GET"]}}],"collection":[{"href":"https:\/\/www.hydraulic-cylinders.net\/cs\/wp-json\/wp\/v2\/product"}],"about":[{"href":"https:\/\/www.hydraulic-cylinders.net\/cs\/wp-json\/wp\/v2\/types\/product"}],"replies":[{"embeddable":true,"href":"https:\/\/www.hydraulic-cylinders.net\/cs\/wp-json\/wp\/v2\/comments?post=16532"}],"wp:featuredmedia":[{"embeddable":true,"href":"https:\/\/www.hydraulic-cylinders.net\/cs\/wp-json\/wp\/v2\/media\/14770"}],"wp:attachment":[{"href":"https:\/\/www.hydraulic-cylinders.net\/cs\/wp-json\/wp\/v2\/media?parent=16532"}],"wp:term":[{"taxonomy":"product_brand","embeddable":true,"href":"https:\/\/www.hydraulic-cylinders.net\/cs\/wp-json\/wp\/v2\/product_brand?post=16532"},{"taxonomy":"product_cat","embeddable":true,"href":"https:\/\/www.hydraulic-cylinders.net\/cs\/wp-json\/wp\/v2\/product_cat?post=16532"},{"taxonomy":"product_tag","embeddable":true,"href":"https:\/\/www.hydraulic-cylinders.net\/cs\/wp-json\/wp\/v2\/product_tag?post=16532"}],"curies":[{"name":"wp","href":"https:\/\/api.w.org\/{rel}","templated":true}]}}