{"id":16537,"date":"2025-01-21T05:32:24","date_gmt":"2025-01-21T05:32:24","guid":{"rendered":"https:\/\/www.hydraulic-cylinders.net\/product\/arm-cylinder-for-lonking-small-excavator-lg6085\/"},"modified":"2025-01-21T05:32:26","modified_gmt":"2025-01-21T05:32:26","slug":"arm-cylinder-for-lonking-small-excavator-lg6085","status":"publish","type":"product","link":"https:\/\/www.hydraulic-cylinders.net\/cs\/produkt\/arm-cylinder-for-lonking-small-excavator-lg6085\/","title":{"rendered":"V\u00e1lec ramene pro mal\u00e9 bagry Lonking LG6085"},"content":{"rendered":"<h1>V\u00e1lec ramene pro mal\u00e9 bagry Lonking LG6085<\/h1>\n<h2>Zaveden\u00ed<\/h2>\n<p>Hydraulick\u00fd v\u00e1lec ramene pro mal\u00e1 rypadla Lonking LG6085 je specializovan\u00fd hydraulick\u00fd v\u00e1lec ur\u010den\u00fd k zaji\u0161t\u011bn\u00ed line\u00e1rn\u00edho pohybu a v\u00fdkonu ramene r\u016fzn\u00fdch stroj\u016f, jako jsou rypadla, je\u0159\u00e1by a robotick\u00e1 ramena. V\u00e1lec ramene hraje kl\u00ed\u010dovou roli v hydraulick\u00fdch syst\u00e9mech, proto\u017ee umo\u017e\u0148uje efektivn\u00ed pohyb a ovl\u00e1d\u00e1n\u00ed dal\u0161\u00edho n\u00e1\u0159ad\u00ed nebo p\u0159\u00edslu\u0161enstv\u00ed. Tyto v\u00e1lce nejen zaji\u0161\u0165uj\u00ed plynul\u00fd pohyb, ale tak\u00e9 odol\u00e1vaj\u00ed t\u011b\u017ek\u00fdm z\u00e1t\u011b\u017e\u00edm, \u010d\u00edm\u017e zaji\u0161\u0165uj\u00ed efektivn\u00ed provoz a spolehlivost stroje v r\u016fzn\u00fdch pracovn\u00edch podm\u00ednk\u00e1ch.<\/p>\n<p><img decoding=\"async\" src=\"https:\/\/www.hydraulic-cylinders.net\/wp-content\/uploads\/2025\/01\/songte-company-2.webp\"><\/p>\n<h2>Funkce<\/h2>\n<ul>\n<li>Vysoce \u00fa\u010dinn\u00fd p\u0159evod: V\u00e1lec ramene poskytuje siln\u00fd line\u00e1rn\u00ed pohyb a s\u00edlu, co\u017e zaji\u0161\u0165uje vysokou \u00fa\u010dinnost p\u0159i r\u016fzn\u00fdch operac\u00edch.<\/li>\n<li>P\u0159esn\u00e9 ovl\u00e1d\u00e1n\u00ed: D\u00edky hydraulick\u00e9mu syst\u00e9mu umo\u017e\u0148uje v\u00e1lec ramene p\u0159esn\u00e9 ovl\u00e1d\u00e1n\u00ed pohybu, \u010d\u00edm\u017e je ovl\u00e1d\u00e1n\u00ed dal\u0161\u00edch n\u00e1stroj\u016f flexibiln\u011bj\u0161\u00ed a p\u0159esn\u011bj\u0161\u00ed.<\/li>\n<li>Trvanlivost: V\u00e1lce ramen se obvykle vyr\u00e1b\u011bj\u00ed z vysoce pevn\u00fdch materi\u00e1l\u016f, kter\u00e9 nab\u00edzej\u00ed vynikaj\u00edc\u00ed odolnost proti opot\u0159eben\u00ed a korozi a jsou vhodn\u00e9 pro dlouhodob\u00e9 pou\u017e\u00edv\u00e1n\u00ed v n\u00e1ro\u010dn\u00fdch podm\u00ednk\u00e1ch.<\/li>\n<li>V\u0161estrann\u00e1 p\u0159izp\u016fsobivost: Tyto v\u00e1lce lze \u0161iroce pou\u017e\u00edt v r\u016fzn\u00fdch stroj\u00edch, jako jsou bagry, je\u0159\u00e1by a robotick\u00e1 ramena, a p\u0159izp\u016fsobit se tak r\u016fzn\u00fdm po\u017eadavk\u016fm na pr\u00e1ci.<\/li>\n<li>Snadn\u00e1 \u00fadr\u017eba: Navr\u017eeno s ohledem na snadnou \u00fadr\u017ebu a v\u00fdm\u011bnu, pravideln\u00e9 kontroly a servis jsou pohodln\u00e9 a zkracuj\u00ed prostoje za\u0159\u00edzen\u00ed.<\/li>\n<\/ul>\n<p><img decoding=\"async\" src=\"https:\/\/www.hydraulic-cylinders.net\/wp-content\/uploads\/2025\/01\/songte-oil-pipes-and-spare-parts.webp\"><\/p>\n<h2>Aplikace<\/h2>\n<p>V\u00e1lec ramene pro mal\u00e9 rypadlo Lonking LG6085 m\u00e1 rozmanit\u00e9 uplatn\u011bn\u00ed v r\u016fzn\u00fdch odv\u011btv\u00edch:<\/p>\n<ul>\n<li>Stavebn\u00ed in\u017een\u00fdrstv\u00ed: U bagr\u016f a je\u0159\u00e1b\u016f ovl\u00e1d\u00e1 v\u00e1lec ramene pohyb l\u017eic nebo v\u00fdlo\u017en\u00edk\u016f, co\u017e usnad\u0148uje zemn\u00ed pr\u00e1ce, manipulaci s materi\u00e1lem a mont\u00e1\u017e konstrukc\u00ed.<\/li>\n<li>V\u00fdroba: V automatizovan\u00fdch v\u00fdrobn\u00edch link\u00e1ch umo\u017e\u0148uje v\u00e1lec ramene pohyb robotick\u00fdch ramen, co\u017e usnad\u0148uje mont\u00e1\u017en\u00ed, sva\u0159ovac\u00ed a manipula\u010dn\u00ed procesy a zvy\u0161uje efektivitu a p\u0159esnost v\u00fdroby.<\/li>\n<li>Zem\u011bd\u011blsk\u00e9 stroje: U zem\u011bd\u011blsk\u00fdch stroj\u016f, jako jsou skl\u00edzec\u00ed a s\u00e1zec\u00ed stroje, \u0159\u00edd\u00ed v\u00e1lec ramene pohyb ovl\u00e1dac\u00edch ramen pro \u00fakoly, jako je s\u00e1zen\u00ed, hnojen\u00ed a sklize\u0148.<\/li>\n<li>T\u011b\u017eba: V t\u011b\u017eebn\u00edm za\u0159\u00edzen\u00ed \u0159\u00edd\u00ed v\u00e1lec ramene pohyb ramene pro \u00fa\u010dely t\u011b\u017eby a p\u0159epravy materi\u00e1lu.<\/li>\n<li>Logistika a doprava: U vysokozdvi\u017en\u00fdch voz\u00edk\u016f a automatizovan\u00fdch manipula\u010dn\u00edch robot\u016f ovl\u00e1d\u00e1 v\u00e1lec ramene zved\u00e1n\u00ed a pohyb n\u00e1kladn\u00edch vidl\u00ed, co\u017e umo\u017e\u0148uje manipulaci s materi\u00e1lem a jeho stohov\u00e1n\u00ed.<\/li>\n<\/ul>\n<h2>Konstruk\u010dn\u00ed aspekty a krit\u00e9ria v\u00fdb\u011bru<\/h2>\n<p>Pokud jde o konstrukci v\u00e1lce ramene pro mal\u00e9 rypadlo Lonking LG6085, je nezbytn\u00fdch n\u011bkolik kl\u00ed\u010dov\u00fdch aspekt\u016f a krit\u00e9ri\u00ed v\u00fdb\u011bru:<\/p>\n<ul>\n<li>\u00danosnost: V\u00e1lec ramene by m\u011bl b\u00fdt navr\u017een tak, aby odolal o\u010dek\u00e1van\u00e9mu zat\u00ed\u017een\u00ed a sil\u00e1m, kter\u00fdm bude b\u011bhem provozu \u010delit.<\/li>\n<li>T\u011bsn\u011bn\u00ed: M\u011bly by se pou\u017e\u00edt r\u016fzn\u00e9 t\u011bsnic\u00ed komponenty, jako jsou t\u011bsn\u011bn\u00ed p\u00edst\u016f a p\u00edstnic, s materi\u00e1ly jako polyuretan a nitrilov\u00e1 pry\u017e zvolen\u00fdmi pro jejich odolnost proti opot\u0159eben\u00ed. T\u011bleso v\u00e1lce a z\u00e1vitov\u00e9 konce by m\u011bly b\u00fdt pe\u010dliv\u011b opracov\u00e1ny pro zv\u00fd\u0161en\u00ed odolnosti proti opot\u0159eben\u00ed.<\/li>\n<li>Trvanlivost: V\u00e1lec by m\u011bl b\u00fdt vyroben z vysoce kvalitn\u00edch materi\u00e1l\u016f a v\u00fdrobn\u00edch technik, aby byla zaji\u0161t\u011bna dlouhodob\u00e1 trvanlivost a odolnost proti opot\u0159eben\u00ed a korozi.<\/li>\n<li>Bezpe\u010dnost: Do n\u00e1vrhu by m\u011bly b\u00fdt za\u010dlen\u011bny bezpe\u010dnostn\u00ed aspekty, aby se p\u0159ede\u0161lo nehod\u00e1m a zajistil bezpe\u010dn\u00fd provoz za\u0159\u00edzen\u00ed.<\/li>\n<li>\u00dadr\u017eba: Konstrukce by m\u011bla usnad\u0148ovat \u00fadr\u017ebu a opravy, minimalizovat prostoje a maximalizovat dostupnost za\u0159\u00edzen\u00ed.<\/li>\n<\/ul>\n<p><img decoding=\"async\" src=\"https:\/\/www.hydraulic-cylinders.net\/wp-content\/uploads\/2025\/01\/songte-cylinder-head-with-all-kinds-excavator-models.webp\"><\/p>\n<h2>T\u011bsn\u011bn\u00ed a maz\u00e1n\u00ed<\/h2>\n<p>V\u00e1lec ramene pro mal\u00e9 rypadlo Lonking LG6085 vyu\u017e\u00edv\u00e1 r\u016fzn\u00e9 t\u011bsnic\u00ed komponenty, jako jsou t\u011bsn\u011bn\u00ed p\u00edst\u016f a t\u011bsn\u011bn\u00ed p\u00edstnic, vyroben\u00e9 z materi\u00e1l\u016f odoln\u00fdch proti opot\u0159eben\u00ed, jako je polyuretan a nitrilov\u00e1 pry\u017e. T\u011bleso v\u00e1lce a z\u00e1vitov\u00e9 konce proch\u00e1zej\u00ed pe\u010dliv\u00fdm zpracov\u00e1n\u00edm pro zlep\u0161en\u00ed odolnosti proti opot\u0159eben\u00ed. Pravideln\u00e9 maz\u00e1n\u00ed vhodn\u00fdm mno\u017estv\u00edm hydraulick\u00e9ho oleje je nezbytn\u00e9 pro spr\u00e1vn\u00fd provoz.<\/p>\n<h2>Pravideln\u00e1 kontrola a preventivn\u00ed \u00fadr\u017eba<\/h2>\n<p>Pro zaji\u0161t\u011bn\u00ed optim\u00e1ln\u00edho v\u00fdkonu a dlouh\u00e9 \u017eivotnosti v\u00e1lce ramene by m\u011bly b\u00fdt prov\u00e1d\u011bny pravideln\u00e9 kontroly a preventivn\u00ed \u00fadr\u017eba:<\/p>\n<ul>\n<li>Zkontrolujte, zda na sou\u010d\u00e1stech v\u00e1lce nejsou patrn\u00e9 zn\u00e1mky net\u011bsnosti, po\u0161kozen\u00ed nebo opot\u0159eben\u00ed.<\/li>\n<li>Zkontrolujte a v p\u0159\u00edpad\u011b pot\u0159eby vym\u011b\u0148te opot\u0159ebovan\u00e1 t\u011bsn\u011bn\u00ed a dal\u0161\u00ed spot\u0159ebn\u00ed d\u00edly.<\/li>\n<li>Sledujte a udr\u017eujte spr\u00e1vnou hladinu hydraulick\u00e9ho oleje.<\/li>\n<li>Zkontrolujte t\u011bsnost spoj\u016f a armatur.<\/li>\n<li>Prove\u010fte ve\u0161ker\u00e9 doporu\u010den\u00e9 postupy \u00fadr\u017eby podle pokyn\u016f v\u00fdrobce.<\/li>\n<\/ul>\n<h2>Pr\u016fvodce instalac\u00ed produktu<\/h2>\n<p>Spr\u00e1vn\u00e1 instalace v\u00e1lce ramene je z\u00e1sadn\u00ed pro jeho optim\u00e1ln\u00ed v\u00fdkon a bezpe\u010dnost. Dodr\u017eujte tyto pokyny:<\/p>\n<ul>\n<li>Ujist\u011bte se, \u017ee v\u0161echna p\u0159ipojen\u00ed, armatury a mont\u00e1\u017en\u00ed body jsou \u010dist\u00e9 a bez ne\u010distot.<\/li>\n<li>Ov\u011b\u0159te, zda je v\u00e1lec spr\u00e1vn\u011b zarovn\u00e1n se za\u0159\u00edzen\u00edm a bezpe\u010dn\u011b p\u0159ipevn\u011bn.<\/li>\n<li>Ut\u00e1hn\u011bte v\u0161echna spojen\u00ed na p\u0159edepsan\u00e9 hodnoty utahovac\u00edho momentu.<\/li>\n<li>\u0158i\u010fte se pokyny v\u00fdrobce pro odvzdu\u0161n\u011bn\u00ed a testov\u00e1n\u00ed hydraulick\u00e9ho syst\u00e9mu.<\/li>\n<li>Po instalaci prove\u010fte d\u016fkladnou kontrolu, abyste zajistili spr\u00e1vnou funk\u010dnost.<\/li>\n<\/ul>\n<p><img decoding=\"async\" src=\"https:\/\/www.hydraulic-cylinders.net\/wp-content\/uploads\/2025\/01\/songte-bushings-with-all-kinds-of-excavator-models.webp\"><\/p>\n<h2>Bezpe\u010dnostn\u00ed aspekty a faktory prost\u0159ed\u00ed<\/h2>\n<p>P\u0159i pou\u017eit\u00ed v\u00e1lce ramene pro mal\u00e9 rypadlo Lonking LG6085 je nezbytn\u00e9 up\u0159ednostnit bezpe\u010dnostn\u00ed opat\u0159en\u00ed vzhledem k p\u0159\u00edtomnosti hydraulick\u00fdch komponent\u016f a potenci\u00e1ln\u00edm nebezpe\u010d\u00edm. Zaveden\u00ed vhodn\u00fdch bezpe\u010dnostn\u00edch protokol\u016f a \u0161kolen\u00ed o obsluze za\u0159\u00edzen\u00ed je z\u00e1sadn\u00ed pro prevenci nehod a zaji\u0161t\u011bn\u00ed bezpe\u010dn\u00e9ho pracovn\u00edho prost\u0159ed\u00ed.<\/p>\n<h2>Diagnostika z\u00e1vad a b\u011b\u017en\u00e9 probl\u00e9my<\/h2>\n<p>P\u0159esto\u017ee je v\u00e1lec ramene navr\u017een tak, aby byl spolehliv\u00fd, mohou se ob\u010das vyskytnout z\u00e1vady a probl\u00e9my. Zde jsou n\u011bkter\u00e9 b\u011b\u017en\u00e9 probl\u00e9my a mo\u017en\u00e1 \u0159e\u0161en\u00ed:<\/p>\n<ul>\n<li>Net\u011bsnost: Zkontrolujte, zda nejsou t\u011bsn\u011bn\u00ed nebo spoje po\u0161kozen\u00e9, a v p\u0159\u00edpad\u011b pot\u0159eby je vym\u011b\u0148te. Zajist\u011bte spr\u00e1vn\u00e9 uta\u017een\u00ed spoj\u016f.<\/li>\n<li>Pomal\u00fd nebo nepravideln\u00fd pohyb: Zkontrolujte hladinu a kvalitu hydraulick\u00e9 kapaliny. Zkontrolujte, zda v syst\u00e9mu nejsou n\u011bjak\u00e9 ucp\u00e1n\u00ed nebo omezen\u00ed. V p\u0159\u00edpad\u011b pot\u0159eby vy\u010dist\u011bte nebo vym\u011b\u0148te filtry.<\/li>\n<li>Abnorm\u00e1ln\u00ed hluk: Zkontrolujte, zda nejsou uvoln\u011bn\u00e9 spoje nebo opot\u0159ebovan\u00e9 sou\u010d\u00e1sti. Ut\u00e1hn\u011bte spoje a vym\u011b\u0148te v\u0161echny opot\u0159ebovan\u00e9 d\u00edly.<\/li>\n<li>Nadm\u011brn\u00e9 opot\u0159eben\u00ed: Pravideln\u011b sledujte stav sou\u010d\u00e1st\u00ed v\u00e1lce. Opot\u0159ebovan\u00e1 t\u011bsn\u011bn\u00ed, lo\u017eiska nebo jin\u00e9 po\u0161kozen\u00e9 d\u00edly neprodlen\u011b vym\u011b\u0148te.<\/li>\n<\/ul>\n<p>Zav\u00e1d\u011bn\u00ed preventivn\u00edch opat\u0159en\u00ed, jako je spr\u00e1vn\u00e9 maz\u00e1n\u00ed a \u00fadr\u017eba, m\u016f\u017ee minimalizovat potenci\u00e1ln\u00ed probl\u00e9my.<\/p>\n<p><img decoding=\"async\" src=\"https:\/\/www.hydraulic-cylinders.net\/wp-content\/uploads\/2025\/01\/songte-chushion-collar.webp\"><\/p>\n<h2>O n\u00e1s<\/h2>\n<p>Jsme profesion\u00e1ln\u00ed v\u00fdrobce n\u00e1hradn\u00edch hydraulick\u00fdch v\u00e1lc\u016f a nab\u00edz\u00edme \u0161irokou \u0161k\u00e1lu produkt\u016f. Stali jsme se jedn\u00edm z p\u0159edn\u00edch v\u00fdrobc\u016f a velkoobchodn\u00edch distributor\u016f hydraulick\u00fdch v\u00e1lc\u016f na dom\u00e1c\u00edm i mezin\u00e1rodn\u00edm trhu. Jsme odhodl\u00e1ni k dokonalosti a v na\u0161\u00ed sofistikovan\u00e9 v\u00fdrobn\u00ed d\u00edln\u011b se spol\u00e9h\u00e1me na industrializovan\u00e9 strategie \u0159\u00edzen\u00ed v\u00fdroby, abychom neust\u00e1le zlep\u0161ovali na\u0161e technologick\u00e9 znalosti a efektivitu v\u00fdroby. Zav\u00e1d\u011bn\u00edm \u0161pi\u010dkov\u00e9ho digit\u00e1ln\u00edho v\u00fdrobn\u00edho za\u0159\u00edzen\u00ed a profesion\u00e1ln\u00edch testovac\u00edch syst\u00e9m\u016f optimalizujeme na\u0161i v\u00fdrobn\u00ed platformu, vylep\u0161ujeme procesy kontroly kvality v\u00fdrobk\u016f a prokazujeme siln\u00e9 inova\u010dn\u00ed schopnosti. Na\u0161\u00edm c\u00edlem je uspokojovat rozmanit\u00e9 pot\u0159eby z\u00e1kazn\u00edk\u016f s efektivitou, p\u0159esnost\u00ed a vysoce kvalitn\u00edmi produkty.<\/p>\n<p><img decoding=\"async\" src=\"https:\/\/www.hydraulic-cylinders.net\/wp-content\/uploads\/2025\/01\/songte-company-4.webp\"><br \/>\n<img decoding=\"async\" src=\"https:\/\/www.hydraulic-cylinders.net\/wp-content\/uploads\/2025\/01\/songte-company-3.webp\"><\/p>\n<p>Jako spole\u010dnost jsme hrd\u00ed na:<\/p>\n<ul>\n<li>Profesionalita<\/li>\n<li>Mezin\u00e1rodn\u00ed certifikace<\/li>\n<li>Slu\u017eby p\u0159izp\u016fsoben\u00ed<\/li>\n<li>Pokro\u010dil\u00e9 v\u00fdrobn\u00ed za\u0159\u00edzen\u00ed<\/li>\n<li>Poprodejn\u00ed slu\u017eby<\/li>\n<\/ul>\n<p>Autor: lyl<\/p>","protected":false},"excerpt":{"rendered":"<p>Arm Cylinder For Lonking Small Excavator LG6085 Introduction The Arm Cylinder for Lonking Small Excavator LG6085 is a specialized hydraulic cylinder designed to provide linear motion and power to the arm of various machinery, such as excavators, cranes, and robotic arms. The arm cylinder plays a crucial role in hydraulic systems, enabling the effective movement [&hellip;]<\/p>","protected":false},"featured_media":14783,"comment_status":"open","ping_status":"closed","template":"","meta":{"_et_pb_use_builder":"","_et_pb_old_content":"","_et_gb_content_width":""},"product_brand":[],"product_cat":[1497],"product_tag":[1498,1496],"class_list":{"0":"post-16537","1":"product","2":"type-product","3":"status-publish","4":"has-post-thumbnail","6":"product_cat-arm-cylinders","7":"product_tag-arm-cylinders","8":"product_tag-hydraulic-cylinders","10":"first","11":"instock","12":"shipping-taxable","13":"product-type-simple"},"amp_enabled":true,"_links":{"self":[{"href":"https:\/\/www.hydraulic-cylinders.net\/cs\/wp-json\/wp\/v2\/product\/16537","targetHints":{"allow":["GET"]}}],"collection":[{"href":"https:\/\/www.hydraulic-cylinders.net\/cs\/wp-json\/wp\/v2\/product"}],"about":[{"href":"https:\/\/www.hydraulic-cylinders.net\/cs\/wp-json\/wp\/v2\/types\/product"}],"replies":[{"embeddable":true,"href":"https:\/\/www.hydraulic-cylinders.net\/cs\/wp-json\/wp\/v2\/comments?post=16537"}],"wp:featuredmedia":[{"embeddable":true,"href":"https:\/\/www.hydraulic-cylinders.net\/cs\/wp-json\/wp\/v2\/media\/14783"}],"wp:attachment":[{"href":"https:\/\/www.hydraulic-cylinders.net\/cs\/wp-json\/wp\/v2\/media?parent=16537"}],"wp:term":[{"taxonomy":"product_brand","embeddable":true,"href":"https:\/\/www.hydraulic-cylinders.net\/cs\/wp-json\/wp\/v2\/product_brand?post=16537"},{"taxonomy":"product_cat","embeddable":true,"href":"https:\/\/www.hydraulic-cylinders.net\/cs\/wp-json\/wp\/v2\/product_cat?post=16537"},{"taxonomy":"product_tag","embeddable":true,"href":"https:\/\/www.hydraulic-cylinders.net\/cs\/wp-json\/wp\/v2\/product_tag?post=16537"}],"curies":[{"name":"wp","href":"https:\/\/api.w.org\/{rel}","templated":true}]}}