{"id":16540,"date":"2025-01-21T05:32:35","date_gmt":"2025-01-21T05:32:35","guid":{"rendered":"https:\/\/www.hydraulic-cylinders.net\/product\/arm-cylinder-for-lonking-small-excavator-lg6150\/"},"modified":"2025-01-21T05:32:37","modified_gmt":"2025-01-21T05:32:37","slug":"arm-cylinder-for-lonking-small-excavator-lg6150","status":"publish","type":"product","link":"https:\/\/www.hydraulic-cylinders.net\/cs\/produkt\/arm-cylinder-for-lonking-small-excavator-lg6150\/","title":{"rendered":"V\u00e1lec ramene pro mal\u00e9 bagry Lonking LG6150"},"content":{"rendered":"<h1>V\u00e1lec ramene pro mal\u00e9 bagry Lonking LG6150<\/h1>\n<h2>Zaveden\u00ed<\/h2>\n<p>Hydraulick\u00fd v\u00e1lec ramene je speci\u00e1ln\u011b navr\u017een\u00fd hydraulick\u00fd v\u00e1lec, kter\u00fd poskytuje line\u00e1rn\u00ed pohyb a s\u00edlu rameni r\u016fzn\u00fdch typ\u016f stroj\u016f, jako jsou bagry, je\u0159\u00e1by a robotick\u00e1 ramena. V\u00e1lec ramene hraje kl\u00ed\u010dovou roli v hydraulick\u00fdch syst\u00e9mech, proto\u017ee umo\u017e\u0148uje efektivn\u00ed pohyb a ovl\u00e1d\u00e1n\u00ed p\u0159ipojen\u00e9ho n\u00e1\u0159ad\u00ed nebo p\u0159\u00edslu\u0161enstv\u00ed. Tyto v\u00e1lce nejen zaji\u0161\u0165uj\u00ed plynul\u00fd pohyb, ale tak\u00e9 odol\u00e1vaj\u00ed t\u011b\u017ek\u00fdm z\u00e1t\u011b\u017e\u00edm, \u010d\u00edm\u017e zaji\u0161\u0165uj\u00ed vysokou provozn\u00ed \u00fa\u010dinnost a spolehlivost v r\u016fzn\u00fdch pracovn\u00edch podm\u00ednk\u00e1ch.<\/p>\n<p><img decoding=\"async\" src=\"https:\/\/www.hydraulic-cylinders.net\/wp-content\/uploads\/2025\/01\/songte-company-2.webp\" alt=\"Obr\u00e1zek v\u00e1lce ramene\"><\/p>\n<h2>Funkce<\/h2>\n<ul>\n<li>Vysoce \u00fa\u010dinn\u00fd p\u0159evod: V\u00e1lec ramene zaji\u0161\u0165uje siln\u00fd line\u00e1rn\u00ed pohyb a s\u00edlu, co\u017e zaji\u0161\u0165uje vysok\u00fd v\u00fdkon ramene stroje.<\/li>\n<li>P\u0159esn\u00e9 ovl\u00e1d\u00e1n\u00ed: D\u00edky hydraulick\u00e9mu syst\u00e9mu dosahuje v\u00e1lec ramene p\u0159esn\u00e9ho ovl\u00e1d\u00e1n\u00ed pohybu, co\u017e zvy\u0161uje flexibilitu a p\u0159esnost operac\u00ed s p\u0159ipojen\u00fdm n\u00e1\u0159ad\u00edm.<\/li>\n<li>Vysok\u00e1 odolnost: V\u00e1lce ramen jsou obvykle vyrobeny z vysoce pevn\u00fdch materi\u00e1l\u016f, kter\u00e9 nab\u00edzej\u00ed vynikaj\u00edc\u00ed odolnost proti opot\u0159eben\u00ed a korozi, a jsou vhodn\u00e9 pro dlouhodob\u00e9 pou\u017e\u00edv\u00e1n\u00ed v n\u00e1ro\u010dn\u00fdch podm\u00ednk\u00e1ch.<\/li>\n<li>Multifunk\u010dn\u00ed p\u0159izp\u016fsobivost: Tyto v\u00e1lce nach\u00e1zej\u00ed \u0161irok\u00e9 uplatn\u011bn\u00ed v r\u016fzn\u00fdch strojn\u00edch za\u0159\u00edzen\u00edch, v\u010detn\u011b bagr\u016f, je\u0159\u00e1b\u016f a robotick\u00fdch ramen, a p\u0159izp\u016fsobuj\u00ed se r\u016fzn\u00fdm provozn\u00edm po\u017eadavk\u016fm.<\/li>\n<li>Snadn\u00e1 \u00fadr\u017eba: Konstrukce zohled\u0148uje snadnou \u00fadr\u017ebu a v\u00fdm\u011bnu, co\u017e usnad\u0148uje pravideln\u00e9 kontroly a \u00fadr\u017ebu a zkracuje prostoje za\u0159\u00edzen\u00ed.<\/li>\n<\/ul>\n<p><img decoding=\"async\" src=\"https:\/\/www.hydraulic-cylinders.net\/wp-content\/uploads\/2025\/01\/songte-oil-pipes-and-spare-parts.webp\" alt=\"Obr\u00e1zek produktu\"><\/p>\n<h2>Aplikace<\/h2>\n<ul>\n<li>Stavebn\u00ed in\u017een\u00fdrstv\u00ed: U bagr\u016f a je\u0159\u00e1b\u016f ovl\u00e1d\u00e1 v\u00e1lec ramene pohyb l\u017e\u00edce nebo v\u00fdlo\u017en\u00edku, co\u017e usnad\u0148uje zemn\u00ed pr\u00e1ce, manipulaci s materi\u00e1lem a konstruk\u010dn\u00ed instalace.<\/li>\n<li>Zpracovatelsk\u00fd pr\u016fmysl: V automatizovan\u00fdch v\u00fdrobn\u00edch link\u00e1ch umo\u017e\u0148uje v\u00e1lec ramene pohyb robotick\u00fdch ramen pro mont\u00e1\u017en\u00ed, sva\u0159ovac\u00ed a manipula\u010dn\u00ed procesy, \u010d\u00edm\u017e zvy\u0161uje efektivitu a p\u0159esnost v\u00fdroby.<\/li>\n<li>Zem\u011bd\u011blsk\u00e9 stroje: U zem\u011bd\u011blsk\u00fdch stroj\u016f, jako jsou skl\u00edzec\u00ed a sec\u00ed stroje, \u0159\u00edd\u00ed v\u00e1lec ramene pohyb ovl\u00e1dac\u00edch ramen a prov\u00e1d\u00ed \u00fakoly, jako je set\u00ed, hnojen\u00ed a sklize\u0148.<\/li>\n<li>T\u011b\u017eba: V t\u011b\u017eebn\u00edm za\u0159\u00edzen\u00ed \u0159\u00edd\u00ed v\u00e1lec ramene pohyb ramene t\u011b\u017eebn\u00edho stroje, co\u017e umo\u017e\u0148uje t\u011b\u017ebu a p\u0159epravu rud.<\/li>\n<li>Logistika a doprava: U vysokozdvi\u017en\u00fdch voz\u00edk\u016f a manipula\u010dn\u00edch robot\u016f ovl\u00e1d\u00e1 v\u00e1lec ramene zved\u00e1n\u00ed a pohyb vidlic, co\u017e usnad\u0148uje manipulaci s materi\u00e1lem a jeho stohov\u00e1n\u00ed.<\/li>\n<\/ul>\n<h2>Konstruk\u010dn\u00ed aspekty a krit\u00e9ria v\u00fdb\u011bru<\/h2>\n<ul>\n<li>\u00danosnost: Diskutujte \u00fanosnost v\u00e1lce ramene a jej\u00ed v\u00fdznam v r\u016fzn\u00fdch aplikac\u00edch.<\/li>\n<li>T\u011bsn\u011bn\u00ed: Popi\u0161te pou\u017eit\u00ed r\u016fzn\u00fdch t\u011bsnic\u00edch komponent\u016f, jako jsou t\u011bsn\u011bn\u00ed p\u00edst\u016f a p\u00edstnic, vyroben\u00fdch z materi\u00e1l\u016f odoln\u00fdch proti opot\u0159eben\u00ed, jako je polyuretan a nitrilov\u00e1 pry\u017e. Zd\u016frazn\u011bte d\u016fle\u017eitost jemn\u011b opracovan\u00e9ho t\u011blesa v\u00e1lce a z\u00e1vitov\u00fdch koncov\u00fdch ploch pro zlep\u0161en\u00ed odolnosti proti opot\u0159eben\u00ed. Zmi\u0148te tak\u00e9 pot\u0159ebu pravideln\u00e9ho maz\u00e1n\u00ed hydraulick\u00fdm olejem.<\/li>\n<li>Trvanlivost: Prodiskutujte, jak je v\u00e1lec ramene navr\u017een z hlediska trvanlivosti, s ohledem na faktory, jako je odolnost proti korozi, pevnost materi\u00e1lu a robustn\u00ed konstrukce.<\/li>\n<li>Bezpe\u010dnost: Vysv\u011btlete bezpe\u010dnostn\u00ed opat\u0159en\u00ed za\u010dlen\u011bn\u00e1 do konstrukce v\u00e1lce ramene, kter\u00e1 zaji\u0161\u0165uj\u00ed bezpe\u010dn\u00fd provoz a minimalizuj\u00ed rizika.<\/li>\n<li>\u00dadr\u017eba: Zam\u011b\u0159te se na snadnou \u00fadr\u017ebu a d\u016fle\u017eitost pravideln\u00fdch kontrol a preventivn\u00edch opat\u0159en\u00ed pro zaji\u0161t\u011bn\u00ed optim\u00e1ln\u00edho v\u00fdkonu a dlouh\u00e9 \u017eivotnosti.<\/li>\n<\/ul>\n<p><img decoding=\"async\" src=\"https:\/\/www.hydraulic-cylinders.net\/wp-content\/uploads\/2025\/01\/songte-cylinder-head-with-all-kinds-excavator-models.webp\" alt=\"Obr\u00e1zek produktu\"><\/p>\n<h2>Pr\u016fvodce instalac\u00ed produktu<\/h2>\n<p>Spr\u00e1vn\u00e1 instalace je kl\u00ed\u010dov\u00e1 pro optim\u00e1ln\u00ed v\u00fdkon a dlouhou \u017eivotnost v\u00e1lce ramene. Postupujte podle t\u011bchto krok\u016f:<\/p>\n<ol>\n<li>Ujist\u011bte se, \u017ee je bagr vypnut\u00fd a zaparkovan\u00fd na rovn\u00e9m povrchu.<\/li>\n<li>Zkontrolujte mont\u00e1\u017en\u00ed oblast, zda v n\u00ed nejsou \u017e\u00e1dn\u00e9 ne\u010distoty nebo po\u0161kozen\u00ed.<\/li>\n<li>Vyrovnejte v\u00e1lec ramene s mont\u00e1\u017en\u00edm dr\u017e\u00e1kem a p\u0159ipevn\u011bte jej pomoc\u00ed vhodn\u00fdch \u0161roub\u016f a upev\u0148ovac\u00edch prvk\u016f.<\/li>\n<li>Ut\u00e1hn\u011bte \u0161rouby na p\u0159edepsan\u00fd moment.<\/li>\n<li>P\u0159ed uveden\u00edm stroje do provozu zkontrolujte, zda nedoch\u00e1z\u00ed k \u00fanik\u016fm nebo abnorm\u00e1ln\u00edmu pohybu.<\/li>\n<\/ol>\n<p><img decoding=\"async\" src=\"https:\/\/www.hydraulic-cylinders.net\/wp-content\/uploads\/2025\/01\/songte-bushings-with-all-kinds-of-excavator-models.webp\" alt=\"Obr\u00e1zek produktu\"><\/p>\n<h2>Bezpe\u010dnostn\u00ed aspekty a faktory prost\u0159ed\u00ed<\/h2>\n<p>P\u0159i pr\u00e1ci s v\u00e1lci s rameny jsou bezpe\u010dnostn\u00ed opat\u0159en\u00ed nanejv\u00fd\u0161 d\u016fle\u017eit\u00e1. Pro prevenci nehod a zran\u011bn\u00ed je nezbytn\u00e9 odpov\u00eddaj\u00edc\u00ed \u0161kolen\u00ed a dodr\u017eov\u00e1n\u00ed bezpe\u010dnostn\u00edch protokol\u016f. Je nezbytn\u00e9 zohlednit faktory \u017eivotn\u00edho prost\u0159ed\u00ed, jako je spr\u00e1vn\u00e1 likvidace odpadu a dodr\u017eov\u00e1n\u00ed environment\u00e1ln\u00edch p\u0159edpis\u016f, aby se minimalizoval jak\u00fdkoli negativn\u00ed dopad na okol\u00ed.<\/p>\n<h2>Odstra\u0148ov\u00e1n\u00ed probl\u00e9m\u016f a b\u011b\u017en\u00e9 probl\u00e9my<\/h2>\n<p>V\u00e1lce ramen se mohou pot\u00fdkat s ur\u010dit\u00fdmi probl\u00e9my. Zde jsou n\u011bkter\u00e9 b\u011b\u017en\u00e9 probl\u00e9my a jejich mo\u017en\u00e1 \u0159e\u0161en\u00ed:<\/p>\n<ul>\n<li>Probl\u00e9m: \u00danik kolem v\u00e1lce.<\/li>\n<li>\u0158e\u0161en\u00ed: Zkontrolujte a vym\u011b\u0148te po\u0161kozen\u00e1 t\u011bsn\u011bn\u00ed nebo t\u011bsnic\u00ed krou\u017eky.<\/li>\n<li>Probl\u00e9m: Nedostate\u010dn\u00fd nebo trhav\u00fd pohyb pa\u017ee.<\/li>\n<li>\u0158e\u0161en\u00ed: Zkontrolujte hladiny hydraulick\u00e9 kapaliny a zda v hydraulick\u00e9m syst\u00e9mu nejsou n\u011bjak\u00e9 ucp\u00e1n\u00ed nebo omezen\u00ed. V p\u0159\u00edpad\u011b pot\u0159eby vy\u010dist\u011bte nebo vym\u011b\u0148te filtry.<\/li>\n<li>Probl\u00e9m: Nadm\u011brn\u00fd hluk b\u011bhem provozu.<\/li>\n<li>\u0158e\u0161en\u00ed: Zkontrolujte v\u00e1lec, zda nejsou uvoln\u011bn\u00e9 nebo po\u0161kozen\u00e9 sou\u010d\u00e1sti, a v p\u0159\u00edpad\u011b pot\u0159eby je dot\u00e1hn\u011bte nebo vym\u011b\u0148te.<\/li>\n<\/ul>\n<p><img decoding=\"async\" src=\"https:\/\/www.hydraulic-cylinders.net\/wp-content\/uploads\/2025\/01\/songte-chushion-collar.webp\" alt=\"Obr\u00e1zek produktu\"><\/p>\n<p>Nezapome\u0148te \u010dl\u00e1nek uspo\u0159\u00e1dat logicky, pou\u017e\u00edvat podnadpisy pro snaz\u0161\u00ed navigaci, za\u010dlenit relevantn\u00ed obr\u00e1zky nebo grafy pro lep\u0161\u00ed pochopen\u00ed a zajistit jasn\u00fd a stru\u010dn\u00fd obsah vhodn\u00fd pro \u010dten\u00e1\u0159e s r\u016fznou \u00farovn\u00ed technick\u00fdch znalost\u00ed.<\/p>\n<h2>O n\u00e1s<\/h2>\n<p>Jsme profesion\u00e1ln\u00ed v\u00fdrobce n\u00e1hradn\u00edch hydraulick\u00fdch v\u00e1lc\u016f a nab\u00edz\u00edme \u0161irokou \u0161k\u00e1lu produkt\u016f. Stali jsme se jedn\u00edm z p\u0159edn\u00edch v\u00fdrobc\u016f a velkoobchodn\u00edk\u016f s hydraulick\u00fdmi v\u00e1lci na dom\u00e1c\u00edm i mezin\u00e1rodn\u00edm trhu. N\u00e1\u0161 z\u00e1vazek k vynikaj\u00edc\u00ed kvalit\u011b se odr\u00e1\u017e\u00ed v na\u0161ich strategi\u00edch industrializovan\u00e9ho \u0159\u00edzen\u00ed v\u00fdroby, kter\u00e9 jsou podpo\u0159eny nejmodern\u011bj\u0161\u00edmi v\u00fdrobn\u00edmi d\u00edlnami. Zav\u00e1d\u011bn\u00edm pokro\u010dil\u00e9ho digit\u00e1ln\u00edho v\u00fdrobn\u00edho za\u0159\u00edzen\u00ed a profesion\u00e1ln\u00edch testovac\u00edch syst\u00e9m\u016f neust\u00e1le optimalizujeme na\u0161i v\u00fdrobn\u00ed platformu a zlep\u0161ujeme procesy kontroly kvality v\u00fdrobk\u016f, \u010d\u00edm\u017e prokazujeme siln\u00e9 inovativn\u00ed schopnosti. Na\u0161\u00edm c\u00edlem je uspokojovat po\u017eadavky z\u00e1kazn\u00edk\u016f s efektivitou, p\u0159esnost\u00ed a vysoce kvalitn\u00edmi produkty.<\/p>\n<p><img decoding=\"async\" src=\"https:\/\/www.hydraulic-cylinders.net\/wp-content\/uploads\/2025\/01\/songte-company-4.webp\" alt=\"Image spole\u010dnosti\"><br \/>\n<img decoding=\"async\" src=\"https:\/\/www.hydraulic-cylinders.net\/wp-content\/uploads\/2025\/01\/songte-company-3.webp\" alt=\"Image spole\u010dnosti\"><\/p>\n<p><em>Autor: lyl<\/em><\/p>","protected":false},"excerpt":{"rendered":"<p>Arm Cylinder For Lonking Small Excavator LG6150 Introduction An arm cylinder is a specially designed hydraulic cylinder that provides linear motion and power to the arm of various types of machinery, such as excavators, cranes, and robotic arms. The arm cylinder plays a crucial role in hydraulic systems, enabling the efficient movement and control of [&hellip;]<\/p>","protected":false},"featured_media":14774,"comment_status":"open","ping_status":"closed","template":"","meta":{"_et_pb_use_builder":"","_et_pb_old_content":"","_et_gb_content_width":""},"product_brand":[],"product_cat":[1497],"product_tag":[1498,1496],"class_list":{"0":"post-16540","1":"product","2":"type-product","3":"status-publish","4":"has-post-thumbnail","6":"product_cat-arm-cylinders","7":"product_tag-arm-cylinders","8":"product_tag-hydraulic-cylinders","10":"first","11":"instock","12":"shipping-taxable","13":"product-type-simple"},"amp_enabled":true,"_links":{"self":[{"href":"https:\/\/www.hydraulic-cylinders.net\/cs\/wp-json\/wp\/v2\/product\/16540","targetHints":{"allow":["GET"]}}],"collection":[{"href":"https:\/\/www.hydraulic-cylinders.net\/cs\/wp-json\/wp\/v2\/product"}],"about":[{"href":"https:\/\/www.hydraulic-cylinders.net\/cs\/wp-json\/wp\/v2\/types\/product"}],"replies":[{"embeddable":true,"href":"https:\/\/www.hydraulic-cylinders.net\/cs\/wp-json\/wp\/v2\/comments?post=16540"}],"wp:featuredmedia":[{"embeddable":true,"href":"https:\/\/www.hydraulic-cylinders.net\/cs\/wp-json\/wp\/v2\/media\/14774"}],"wp:attachment":[{"href":"https:\/\/www.hydraulic-cylinders.net\/cs\/wp-json\/wp\/v2\/media?parent=16540"}],"wp:term":[{"taxonomy":"product_brand","embeddable":true,"href":"https:\/\/www.hydraulic-cylinders.net\/cs\/wp-json\/wp\/v2\/product_brand?post=16540"},{"taxonomy":"product_cat","embeddable":true,"href":"https:\/\/www.hydraulic-cylinders.net\/cs\/wp-json\/wp\/v2\/product_cat?post=16540"},{"taxonomy":"product_tag","embeddable":true,"href":"https:\/\/www.hydraulic-cylinders.net\/cs\/wp-json\/wp\/v2\/product_tag?post=16540"}],"curies":[{"name":"wp","href":"https:\/\/api.w.org\/{rel}","templated":true}]}}