{"id":16549,"date":"2025-01-21T05:33:13","date_gmt":"2025-01-21T05:33:13","guid":{"rendered":"https:\/\/www.hydraulic-cylinders.net\/product\/arm-cylinder-for-lonking-large-excavator-lg6490\/"},"modified":"2025-01-21T05:33:16","modified_gmt":"2025-01-21T05:33:16","slug":"arm-cylinder-for-lonking-large-excavator-lg6490","status":"publish","type":"product","link":"https:\/\/www.hydraulic-cylinders.net\/cs\/produkt\/arm-cylinder-for-lonking-large-excavator-lg6490\/","title":{"rendered":"V\u00e1lec ramene pro velk\u00e9 bagry Lonking LG6490"},"content":{"rendered":"<h2>V\u00e1lec ramene pro velk\u00e9 bagry Lonking LG6490<\/h2>\n<p>V\u00e1lec ramene je speci\u00e1ln\u011b navr\u017een\u00fd hydraulick\u00fd v\u00e1lec, kter\u00fd zaji\u0161\u0165uje line\u00e1rn\u00ed pohyb a s\u00edlu ramene r\u016fzn\u00fdch typ\u016f stroj\u016f, jako jsou bagry, je\u0159\u00e1by a robotick\u00e1 ramena. Hraje kl\u00ed\u010dovou roli v hydraulick\u00fdch syst\u00e9mech, proto\u017ee umo\u017e\u0148uje efektivn\u00ed pohyb a ovl\u00e1d\u00e1n\u00ed dal\u0161\u00edch n\u00e1stroj\u016f nebo p\u0159\u00edslu\u0161enstv\u00ed. Tyto v\u00e1lce nejen zaji\u0161\u0165uj\u00ed plynul\u00fd pohyb, ale tak\u00e9 odol\u00e1vaj\u00ed t\u011b\u017ek\u00fdm z\u00e1t\u011b\u017e\u00edm, \u010d\u00edm\u017e zaji\u0161\u0165uj\u00ed efektivn\u00ed provoz a spolehlivost stroj\u016f v r\u016fzn\u00fdch pracovn\u00edch podm\u00ednk\u00e1ch.<\/p>\n<p><img decoding=\"async\" src=\"https:\/\/www.hydraulic-cylinders.net\/wp-content\/uploads\/2025\/01\/songte-company-2.webp\"><\/p>\n<h3>Funkce<\/h3>\n<ol>\n<li><strong>Vysoce \u00fa\u010dinn\u00fd p\u0159enos:<\/strong> V\u00e1lec ramene poskytuje siln\u00fd line\u00e1rn\u00ed pohyb a s\u00edlu, co\u017e zaji\u0161\u0165uje vysok\u00fd v\u00fdkon b\u011bhem r\u016fzn\u00fdch operac\u00ed.<\/li>\n<li><strong>P\u0159esn\u00e9 ovl\u00e1d\u00e1n\u00ed:<\/strong> D\u00edky hydraulick\u00e9mu syst\u00e9mu umo\u017e\u0148uje v\u00e1lec ramene p\u0159esn\u00e9 ovl\u00e1d\u00e1n\u00ed pohybu, \u010d\u00edm\u017e je ovl\u00e1d\u00e1n\u00ed dal\u0161\u00edch n\u00e1stroj\u016f flexibiln\u011bj\u0161\u00ed a p\u0159esn\u011bj\u0161\u00ed.<\/li>\n<li><strong>Trvanlivost:<\/strong> V\u00e1lce ramen se obvykle vyr\u00e1b\u011bj\u00ed z vysoce pevn\u00fdch materi\u00e1l\u016f, kter\u00e9 nab\u00edzej\u00ed vynikaj\u00edc\u00ed odolnost proti opot\u0159eben\u00ed a korozi, d\u00edky \u010demu\u017e jsou vhodn\u00e9 pro dlouhodob\u00e9 pou\u017e\u00edv\u00e1n\u00ed v n\u00e1ro\u010dn\u00fdch podm\u00ednk\u00e1ch.<\/li>\n<li><strong>Multifunk\u010dn\u00ed p\u0159izp\u016fsobivost:<\/strong> Tyto v\u00e1lce lze \u0161iroce pou\u017e\u00edt v r\u016fzn\u00fdch typech stroj\u016f, jako jsou bagry, je\u0159\u00e1by a robotick\u00e1 ramena, a p\u0159izp\u016fsobit se tak r\u016fzn\u00fdm po\u017eadavk\u016fm na pr\u00e1ci.<\/li>\n<li><strong>Snadn\u00e1 \u00fadr\u017eba:<\/strong> D\u00edky konstrukci s ohledem na snadnou \u00fadr\u017ebu a v\u00fdm\u011bnu je pravideln\u00e1 kontrola a \u00fadr\u017eba pohodln\u011bj\u0161\u00ed a zkracuje se tak doba prostoj\u016f za\u0159\u00edzen\u00ed.<\/li>\n<\/ol>\n<p><img decoding=\"async\" src=\"https:\/\/www.hydraulic-cylinders.net\/wp-content\/uploads\/2025\/01\/songte-oil-pipes-and-spare-parts.webp\"><\/p>\n<p>V\u00e1lec ramene pro velk\u00e9 rypadlo Lonking LG6490 je v\u0161estrann\u00fd komponent pou\u017e\u00edvan\u00fd v r\u016fzn\u00fdch odv\u011btv\u00edch a aplikac\u00edch:<\/p>\n<h3>Aplikace<\/h3>\n<ul>\n<li>Stavebn\u00ed in\u017een\u00fdrstv\u00ed: U bagr\u016f a je\u0159\u00e1b\u016f ovl\u00e1d\u00e1 v\u00e1lec ramene pohyb l\u017e\u00edce nebo v\u00fdlo\u017en\u00edku pro zemn\u00ed pr\u00e1ce, manipulaci s materi\u00e1lem a konstruk\u010dn\u00ed instalace.<\/li>\n<li>V\u00fdroba: V automatizovan\u00fdch v\u00fdrobn\u00edch link\u00e1ch umo\u017e\u0148uje v\u00e1lec ramene pohyb robotick\u00fdch ramen pro procesy, jako je mont\u00e1\u017e, sva\u0159ov\u00e1n\u00ed a manipulace s materi\u00e1lem, \u010d\u00edm\u017e se zvy\u0161uje efektivita a p\u0159esnost v\u00fdroby.<\/li>\n<li>Zem\u011bd\u011blsk\u00e9 stroje: U zem\u011bd\u011blsk\u00fdch stroj\u016f, jako jsou skl\u00edzec\u00ed a sec\u00ed stroje, \u0159\u00edd\u00ed v\u00e1lec ramene pohyb ovl\u00e1dac\u00edch ramen a prov\u00e1d\u00ed \u00fakoly, jako je s\u00e1zen\u00ed, hnojen\u00ed a sklize\u0148.<\/li>\n<li>T\u011b\u017eba: V t\u011b\u017eebn\u00edm za\u0159\u00edzen\u00ed \u0159\u00edd\u00ed v\u00e1lec ramene pohyb ramene t\u011b\u017eebn\u00edch stroj\u016f pro t\u011b\u017ebu a p\u0159epravu rudy.<\/li>\n<li>Logistika a doprava: U vysokozdvi\u017en\u00fdch voz\u00edk\u016f a manipula\u010dn\u00edch robot\u016f ovl\u00e1d\u00e1 v\u00e1lec ramene zved\u00e1n\u00ed a pohyb vidlic, co\u017e usnad\u0148uje manipulaci s materi\u00e1lem a jeho stohov\u00e1n\u00ed.<\/li>\n<\/ul>\n<h3>Konstruk\u010dn\u00ed aspekty a krit\u00e9ria v\u00fdb\u011bru<\/h3>\n<p>Pokud jde o konstruk\u010dn\u00ed aspekty a krit\u00e9ria v\u00fdb\u011bru pro v\u00e1lce s ramenem, je kl\u00ed\u010dov\u00fdch n\u011bkolik faktor\u016f:<\/p>\n<ul>\n<li>\u00danosnost: V\u00e1lec ramene by m\u011bl b\u00fdt schopen odolat po\u017eadovan\u00e9mu zat\u00ed\u017een\u00ed a sil\u00e1m, aby byl zaji\u0161t\u011bn bezpe\u010dn\u00fd a efektivn\u00ed provoz.<\/li>\n<li>T\u011bsn\u011bn\u00ed: Pro udr\u017een\u00ed \u00fa\u010dinn\u00e9ho t\u011bsnic\u00edho v\u00fdkonu se pou\u017e\u00edvaj\u00ed r\u016fzn\u00e9 t\u011bsnic\u00ed prvky, jako jsou t\u011bsn\u011bn\u00ed p\u00edst\u016f a p\u00edstnic vyroben\u00e1 z materi\u00e1l\u016f odoln\u00fdch proti opot\u0159eben\u00ed, jako je polyuretan a nitrilov\u00e1 pry\u017e.<\/li>\n<li>Trvanlivost: T\u011bleso v\u00e1lce a z\u00e1vitov\u00e9 koncov\u00e9 plochy proch\u00e1zej\u00ed p\u0159esn\u00fdm o\u0161et\u0159en\u00edm pro zv\u00fd\u0161en\u00ed odolnosti proti opot\u0159eben\u00ed a del\u0161\u00ed \u017eivotnosti.<\/li>\n<li>Bezpe\u010dnost: V\u00e1lce ramen by m\u011bly spl\u0148ovat bezpe\u010dnostn\u00ed normy, aby byla zaji\u0161t\u011bna ochrana obsluhy i stroj\u016f.<\/li>\n<li>\u00dadr\u017eba: Pravideln\u00e9 maz\u00e1n\u00ed vhodn\u00fdm hydraulick\u00fdm olejem a pravideln\u00e1 \u00fadr\u017eba jsou nezbytn\u00e9 pro zaji\u0161t\u011bn\u00ed optim\u00e1ln\u00edho v\u00fdkonu a prodlou\u017een\u00ed \u017eivotnosti v\u00e1lce ramene.<\/li>\n<\/ul>\n<p><img decoding=\"async\" src=\"https:\/\/www.hydraulic-cylinders.net\/wp-content\/uploads\/2025\/01\/songte-cylinder-head-with-all-kinds-excavator-models.webp\"><\/p>\n<p>Pravideln\u00e9 kontroly a preventivn\u00ed \u00fadr\u017eba hraj\u00ed v\u00fdznamnou roli v maximalizaci \u017eivotnosti a v\u00fdkonu v\u00e1lc\u016f ramen. Mezi doporu\u010den\u00e1 opat\u0159en\u00ed pat\u0159\u00ed:<\/p>\n<ul>\n<li>Kontrola p\u0159\u00edpadn\u00fdch zn\u00e1mek net\u011bsnosti, po\u0161kozen\u00ed nebo opot\u0159eben\u00ed t\u011bsnic\u00edch sou\u010d\u00e1st\u00ed a jejich v p\u0159\u00edpad\u011b pot\u0159eby v\u00fdm\u011bna.<\/li>\n<li>Kontrola t\u011blesa v\u00e1lce a z\u00e1vitov\u00fdch koncov\u00fdch ploch, zda nevykazuj\u00ed zn\u00e1mky po\u0161kozen\u00ed nebo koroze, a jejich okam\u017eit\u00e9 odstran\u011bn\u00ed.<\/li>\n<li>Zaji\u0161t\u011bn\u00ed spr\u00e1vn\u00e9ho maz\u00e1n\u00ed doporu\u010den\u00fdm hydraulick\u00fdm olejem v pravideln\u00fdch intervalech.<\/li>\n<li>Prov\u00e1d\u011bn\u00ed d\u016fkladn\u00fdch funk\u010dn\u00edch test\u016f a kontrol po \u00fadr\u017eb\u011b nebo oprav\u011b za \u00fa\u010delem ov\u011b\u0159en\u00ed spr\u00e1vn\u00e9 funkce v\u00e1lce ramene.<\/li>\n<\/ul>\n<h3>Instala\u010dn\u00ed p\u0159\u00edru\u010dka<\/h3>\n<p>Spr\u00e1vn\u00e1 instalace v\u00e1lce ramene je kl\u00ed\u010dov\u00e1 pro jeho optim\u00e1ln\u00ed v\u00fdkon a dlouhou \u017eivotnost. Postupujte podle t\u011bchto krok\u016f:<\/p>\n<ol>\n<li>P\u0159ipravte si mont\u00e1\u017en\u00ed plochu a ujist\u011bte se, \u017ee je \u010dist\u00e1 a bez jak\u00fdchkoli ne\u010distot nebo kontaminant\u016f.<\/li>\n<li>Zarovnejte v\u00e1lec ramene s mont\u00e1\u017en\u00edmi otvory nebo konzolami a pevn\u011b jej upevn\u011bte pomoc\u00ed vhodn\u00fdch \u0161roub\u016f nebo upev\u0148ovac\u00edch prvk\u016f.<\/li>\n<li>Ujist\u011bte se, \u017ee hydraulick\u00e9 spoje jsou spr\u00e1vn\u011b nainstalov\u00e1ny a uta\u017eeny podle pokyn\u016f v\u00fdrobce.<\/li>\n<li>Prove\u010fte vizu\u00e1ln\u00ed kontrolu, abyste ov\u011b\u0159ili spr\u00e1vn\u00e9 vyrovn\u00e1n\u00ed a polohu v\u00e1lce ramene.<\/li>\n<li>Prove\u010fte funk\u010dn\u00ed test, abyste ov\u011b\u0159ili hladk\u00fd chod a spr\u00e1vnou funk\u010dnost v\u00e1lce ramene.<\/li>\n<\/ol>\n<p><img decoding=\"async\" src=\"https:\/\/www.hydraulic-cylinders.net\/wp-content\/uploads\/2025\/01\/songte-bushings-with-all-kinds-of-excavator-models.webp\"><\/p>\n<p>Pokud jde o bezpe\u010dnostn\u00ed aspekty a faktory prost\u0159ed\u00ed, je nezbytn\u00e9 up\u0159ednostnit implementaci vhodn\u00fdch bezpe\u010dnostn\u00edch opat\u0159en\u00ed p\u0159i pou\u017e\u00edv\u00e1n\u00ed v\u00e1lc\u016f s rameny. Udr\u017eov\u00e1n\u00ed bezpe\u010dn\u00e9ho pracovn\u00edho prost\u0159ed\u00ed a dodr\u017eov\u00e1n\u00ed bezpe\u010dnostn\u00edch pokyn\u016f m\u016f\u017ee p\u0159edej\u00edt nehod\u00e1m a ochr\u00e1nit person\u00e1l a za\u0159\u00edzen\u00ed.<\/p>\n<p>Pokud jde o odstra\u0148ov\u00e1n\u00ed probl\u00e9m\u016f a b\u011b\u017en\u00e9 probl\u00e9my souvisej\u00edc\u00ed s v\u00e1lci ramen, mezi mo\u017en\u00e9 probl\u00e9my a jejich \u0159e\u0161en\u00ed pat\u0159\u00ed:<\/p>\n<ul>\n<li>Net\u011bsnost: Zkontrolujte t\u011bsnic\u00ed komponenty a vym\u011b\u0148te v\u0161echna opot\u0159ebovan\u00e1 nebo po\u0161kozen\u00e1 t\u011bsn\u011bn\u00ed. Zajist\u011bte spr\u00e1vnou instalaci a uta\u017een\u00ed hydraulick\u00fdch spoj\u016f.<\/li>\n<li>Pomal\u00fd nebo nepravideln\u00fd pohyb: Zkontrolujte hydraulick\u00fd syst\u00e9m, zda v n\u011bm nejsou n\u011bjak\u00e1 omezen\u00ed nebo zablokov\u00e1n\u00ed, a podle toho je odstra\u0148te. Zkontrolujte hladinu a kvalitu hydraulick\u00e9 kapaliny.<\/li>\n<li>Nadm\u011brn\u00fd hluk: Zkontrolujte, zda nejsou uvoln\u011bn\u00e9 nebo po\u0161kozen\u00e9 sou\u010d\u00e1sti, a v p\u0159\u00edpad\u011b pot\u0159eby je dot\u00e1hn\u011bte nebo vym\u011b\u0148te. Zajist\u011bte \u0159\u00e1dn\u00e9 maz\u00e1n\u00ed pohybliv\u00fdch \u010d\u00e1st\u00ed.<\/li>\n<\/ul>\n<p>Zav\u00e1d\u011bn\u00ed preventivn\u00edch opat\u0159en\u00ed, jako jsou pravideln\u00e9 kontroly a \u00fadr\u017eba, m\u016f\u017ee pomoci minimalizovat potenci\u00e1ln\u00ed probl\u00e9my a zajistit spolehliv\u00fd v\u00fdkon v\u00e1lc\u016f ramen.<\/p>\n<p><img decoding=\"async\" src=\"https:\/\/www.hydraulic-cylinders.net\/wp-content\/uploads\/2025\/01\/songte-chushion-collar.webp\"><\/p>\n<p>Jako profesion\u00e1ln\u00ed v\u00fdrobce n\u00e1hradn\u00edch hydraulick\u00fdch v\u00e1lc\u016f nab\u00edz\u00edme \u0161irokou \u0161k\u00e1lu produkt\u016f a stali jsme se jedn\u00edm z p\u0159edn\u00edch v\u00fdrobc\u016f a velkoobchodn\u00edch distributor\u016f hydraulick\u00fdch v\u00e1lc\u016f na dom\u00e1c\u00edm i mezin\u00e1rodn\u00edm trhu. Zav\u00e1zali jsme se k poskytov\u00e1n\u00ed vynikaj\u00edc\u00ed kvality, vyu\u017e\u00edv\u00e1n\u00ed modern\u00edch v\u00fdrobn\u00edch za\u0159\u00edzen\u00ed a neust\u00e1l\u00e9mu zlep\u0161ov\u00e1n\u00ed na\u0161ich technick\u00fdch znalost\u00ed a efektivity v\u00fdroby. Za\u010dlen\u011bn\u00edm \u0161pi\u010dkov\u00e9ho digit\u00e1ln\u00edho v\u00fdrobn\u00edho za\u0159\u00edzen\u00ed a profesion\u00e1ln\u00edch testovac\u00edch syst\u00e9m\u016f optimalizujeme na\u0161i v\u00fdrobn\u00ed platformu a vylep\u0161ujeme procesy kontroly kvality v\u00fdrobk\u016f, \u010d\u00edm\u017e zaji\u0161\u0165ujeme siln\u00e9 inova\u010dn\u00ed schopnosti. Na\u0161\u00edm c\u00edlem je uspokojovat rozmanit\u00e9 pot\u0159eby z\u00e1kazn\u00edk\u016f s efektivitou, p\u0159esnost\u00ed a vysoce kvalitn\u00edmi produkty.<\/p>\n<p>Krom\u011b na\u0161\u00ed profesionality a z\u00e1vazku ke kvalit\u011b nab\u00edz\u00ed na\u0161e spole\u010dnost tak\u00e9:<\/p>\n<ul>\n<li>Mezin\u00e1rodn\u00ed certifikace: Na\u0161e v\u00fdrobky spl\u0148uj\u00ed mezin\u00e1rodn\u00ed standardy kvality a bezpe\u010dnosti, co\u017e zaru\u010duje spolehlivost a v\u00fdkon.<\/li>\n<li>Slu\u017eby p\u0159izp\u016fsoben\u00ed: Nab\u00edz\u00edme \u0159e\u0161en\u00ed na m\u00edru, kter\u00e1 spl\u0148uj\u00ed specifick\u00e9 po\u017eadavky a preference z\u00e1kazn\u00edka.<\/li>\n<li>Pokro\u010dil\u00e9 v\u00fdrobn\u00ed vybaven\u00ed: Pou\u017e\u00edv\u00e1me nejmodern\u011bj\u0161\u00ed v\u00fdrobn\u00ed za\u0159\u00edzen\u00ed, abychom zajistili p\u0159esnost a efektivitu na\u0161ich v\u00fdrobn\u00edch proces\u016f.<\/li>\n<li>Poprodejn\u00ed servis: Nab\u00edz\u00edme komplexn\u00ed poprodejn\u00ed podporu, v\u010detn\u011b technick\u00e9 pomoci a rychl\u00e9ho \u0159e\u0161en\u00ed jak\u00fdchkoli dotaz\u016f nebo probl\u00e9m\u016f.<\/li>\n<\/ul>\n<p><img decoding=\"async\" src=\"https:\/\/www.hydraulic-cylinders.net\/wp-content\/uploads\/2025\/01\/songte-company-4.webp\"><br \/>\n<img decoding=\"async\" src=\"https:\/\/www.hydraulic-cylinders.net\/wp-content\/uploads\/2025\/01\/songte-company-3.webp\"><\/p>\n<p>Autor: lyl<\/p>","protected":false},"excerpt":{"rendered":"<p>Arm Cylinder For Lonking Large Excavator LG6490 The arm cylinder is a specially designed hydraulic cylinder that provides linear motion and power to the arm of various types of machinery, such as excavators, cranes, and robotic arms. It plays a crucial role in hydraulic systems, allowing for effective movement and control of additional tools or [&hellip;]<\/p>","protected":false},"featured_media":14777,"comment_status":"open","ping_status":"closed","template":"","meta":{"_et_pb_use_builder":"","_et_pb_old_content":"","_et_gb_content_width":""},"product_brand":[],"product_cat":[1497],"product_tag":[1498,1496],"class_list":{"0":"post-16549","1":"product","2":"type-product","3":"status-publish","4":"has-post-thumbnail","6":"product_cat-arm-cylinders","7":"product_tag-arm-cylinders","8":"product_tag-hydraulic-cylinders","10":"first","11":"instock","12":"shipping-taxable","13":"product-type-simple"},"amp_enabled":true,"_links":{"self":[{"href":"https:\/\/www.hydraulic-cylinders.net\/cs\/wp-json\/wp\/v2\/product\/16549","targetHints":{"allow":["GET"]}}],"collection":[{"href":"https:\/\/www.hydraulic-cylinders.net\/cs\/wp-json\/wp\/v2\/product"}],"about":[{"href":"https:\/\/www.hydraulic-cylinders.net\/cs\/wp-json\/wp\/v2\/types\/product"}],"replies":[{"embeddable":true,"href":"https:\/\/www.hydraulic-cylinders.net\/cs\/wp-json\/wp\/v2\/comments?post=16549"}],"wp:featuredmedia":[{"embeddable":true,"href":"https:\/\/www.hydraulic-cylinders.net\/cs\/wp-json\/wp\/v2\/media\/14777"}],"wp:attachment":[{"href":"https:\/\/www.hydraulic-cylinders.net\/cs\/wp-json\/wp\/v2\/media?parent=16549"}],"wp:term":[{"taxonomy":"product_brand","embeddable":true,"href":"https:\/\/www.hydraulic-cylinders.net\/cs\/wp-json\/wp\/v2\/product_brand?post=16549"},{"taxonomy":"product_cat","embeddable":true,"href":"https:\/\/www.hydraulic-cylinders.net\/cs\/wp-json\/wp\/v2\/product_cat?post=16549"},{"taxonomy":"product_tag","embeddable":true,"href":"https:\/\/www.hydraulic-cylinders.net\/cs\/wp-json\/wp\/v2\/product_tag?post=16549"}],"curies":[{"name":"wp","href":"https:\/\/api.w.org\/{rel}","templated":true}]}}