{"id":16552,"date":"2025-01-21T05:33:27","date_gmt":"2025-01-21T05:33:27","guid":{"rendered":"https:\/\/www.hydraulic-cylinders.net\/product\/arm-cylinder-for-jcm-small-excavator-jcm917s\/"},"modified":"2025-01-21T05:33:29","modified_gmt":"2025-01-21T05:33:29","slug":"arm-cylinder-for-jcm-small-excavator-jcm917s","status":"publish","type":"product","link":"https:\/\/www.hydraulic-cylinders.net\/cs\/produkt\/arm-cylinder-for-jcm-small-excavator-jcm917s\/","title":{"rendered":"V\u00e1lec ramene pro mal\u00e9 rypadlo JCM JCM917S"},"content":{"rendered":"<h1>V\u00e1lec ramene pro mal\u00e9 rypadlo JCM JCM917S<\/h1>\n<h2>Zaveden\u00ed<\/h2>\n<p>V\u00e1lec ramene je hydraulicky poh\u00e1n\u011bn\u00fd v\u00e1lec speci\u00e1ln\u011b navr\u017een\u00fd pro zaji\u0161t\u011bn\u00ed line\u00e1rn\u00edho pohybu a v\u00fdkonu ramene r\u016fzn\u00fdch typ\u016f stroj\u016f, jako jsou bagry, je\u0159\u00e1by a mechanick\u00e1 ramena. V\u00e1lec ramene hraje kl\u00ed\u010dovou roli v hydraulick\u00fdch syst\u00e9mech, proto\u017ee umo\u017e\u0148uje efektivn\u00ed pohyb a ovl\u00e1d\u00e1n\u00ed dal\u0161\u00edho n\u00e1\u0159ad\u00ed nebo p\u0159\u00edslu\u0161enstv\u00ed. Tyto v\u00e1lce nejen umo\u017e\u0148uj\u00ed plynul\u00fd pohyb, ale tak\u00e9 odol\u00e1vaj\u00ed t\u011b\u017ek\u00fdm z\u00e1t\u011b\u017e\u00edm, \u010d\u00edm\u017e zaji\u0161\u0165uj\u00ed efektivn\u00ed provoz a spolehlivost stroje v r\u016fzn\u00fdch pracovn\u00edch podm\u00ednk\u00e1ch.<\/p>\n<p><img decoding=\"async\" src=\"https:\/\/www.hydraulic-cylinders.net\/wp-content\/uploads\/2025\/01\/songte-company-2.webp\"><\/p>\n<h2>Funkce<\/h2>\n<ul>\n<li>Vysoce \u00fa\u010dinn\u00fd p\u0159evod: V\u00e1lec ramene poskytuje siln\u00fd line\u00e1rn\u00ed pohyb a s\u00edlu, co\u017e zaji\u0161\u0165uje vysok\u00fd v\u00fdkon mechanick\u00e9ho ramene v r\u016fzn\u00fdch operac\u00edch.<\/li>\n<li>P\u0159esn\u00e9 ovl\u00e1d\u00e1n\u00ed: D\u00edky hydraulick\u00e9mu syst\u00e9mu umo\u017e\u0148uje v\u00e1lec ramene p\u0159esn\u00e9 ovl\u00e1d\u00e1n\u00ed pohybu, \u010d\u00edm\u017e je ovl\u00e1d\u00e1n\u00ed p\u0159ipojen\u00e9ho n\u00e1\u0159ad\u00ed flexibiln\u011bj\u0161\u00ed a p\u0159esn\u011bj\u0161\u00ed.<\/li>\n<li>Trvanlivost: V\u00e1lce ramen jsou obvykle vyrobeny z vysoce pevn\u00fdch materi\u00e1l\u016f, kter\u00e9 nab\u00edzej\u00ed vynikaj\u00edc\u00ed odolnost proti opot\u0159eben\u00ed a korozi, a jsou vhodn\u00e9 pro dlouhodob\u00e9 pou\u017e\u00edv\u00e1n\u00ed v n\u00e1ro\u010dn\u00fdch podm\u00ednk\u00e1ch.<\/li>\n<li>Multifunk\u010dn\u00ed p\u0159izp\u016fsobivost: Tyto v\u00e1lce lze \u0161iroce pou\u017e\u00edt v r\u016fzn\u00fdch stroj\u00edch, jako jsou bagry, je\u0159\u00e1by a mechanick\u00e1 ramena, a p\u0159izp\u016fsobit se tak r\u016fzn\u00fdm po\u017eadavk\u016fm na pr\u00e1ci.<\/li>\n<li>Snadn\u00e1 \u00fadr\u017eba: Konstrukce zohled\u0148uje snadnou \u00fadr\u017ebu a v\u00fdm\u011bnu, co\u017e usnad\u0148uje pravideln\u00e9 kontroly a servis a zkracuje prostoje za\u0159\u00edzen\u00ed.<\/li>\n<\/ul>\n<p><img decoding=\"async\" src=\"https:\/\/www.hydraulic-cylinders.net\/wp-content\/uploads\/2025\/01\/songte-oil-pipes-and-spare-parts.webp\"><\/p>\n<h2>Aplikace<\/h2>\n<p>Rameno v\u00e1lce nach\u00e1z\u00ed uplatn\u011bn\u00ed v r\u016fzn\u00fdch pr\u016fmyslov\u00fdch odv\u011btv\u00edch:<\/p>\n<ul>\n<li>Stavebn\u00ed in\u017een\u00fdrstv\u00ed: U bagr\u016f a je\u0159\u00e1b\u016f ovl\u00e1d\u00e1 v\u00e1lec ramene pohyb l\u017e\u00edce nebo v\u00fdlo\u017en\u00edku, co\u017e umo\u017e\u0148uje zemn\u00ed pr\u00e1ce, manipulaci s materi\u00e1lem a mont\u00e1\u017e konstrukc\u00ed.<\/li>\n<li>V\u00fdroba: V automatizovan\u00fdch v\u00fdrobn\u00edch link\u00e1ch v\u00e1lec ramene usnad\u0148uje pohyb mechanick\u00fdch ramen, prov\u00e1d\u00ed mont\u00e1\u017en\u00ed, sva\u0159ovac\u00ed a manipula\u010dn\u00ed procesy, \u010d\u00edm\u017e zvy\u0161uje efektivitu a p\u0159esnost v\u00fdroby.<\/li>\n<li>Zem\u011bd\u011blsk\u00e9 stroje: U zem\u011bd\u011blsk\u00fdch stroj\u016f, jako jsou skl\u00edzec\u00ed a sec\u00ed stroje, \u0159\u00edd\u00ed v\u00e1lec ramene pohyb ovl\u00e1dac\u00edch ramen a prov\u00e1d\u00ed \u00fakoly, jako je set\u00ed, hnojen\u00ed a sklize\u0148.<\/li>\n<li>T\u011b\u017eba: V t\u011b\u017eebn\u00edm za\u0159\u00edzen\u00ed \u0159\u00edd\u00ed v\u00e1lec ramene pohyb ramene t\u011b\u017eebn\u00edho stroje, co\u017e umo\u017e\u0148uje t\u011b\u017ebu a p\u0159epravu rudy.<\/li>\n<li>Logistika a doprava: U vysokozdvi\u017en\u00fdch voz\u00edk\u016f a manipula\u010dn\u00edch robot\u016f ovl\u00e1d\u00e1 v\u00e1lec ramene zved\u00e1n\u00ed a pohyb vidlic, co\u017e usnad\u0148uje manipulaci s materi\u00e1lem a jeho stohov\u00e1n\u00ed.<\/li>\n<\/ul>\n<h2>Konstruk\u010dn\u00ed aspekty a krit\u00e9ria v\u00fdb\u011bru<\/h2>\n<ul>\n<li>\u00danosnost: Schopnost v\u00e1lce ramene n\u00e9st zat\u00ed\u017een\u00ed je kritick\u00fdm konstruk\u010dn\u00edm hlediskem.<\/li>\n<li>T\u011bsn\u011bn\u00ed: Pro zaji\u0161t\u011bn\u00ed \u00fa\u010dinn\u00e9ho ut\u011bsn\u011bn\u00ed se pou\u017e\u00edvaj\u00ed r\u016fzn\u00e1 t\u011bsn\u011bn\u00ed, jako jsou t\u011bsn\u011bn\u00ed p\u00edst\u016f a t\u011bsn\u011bn\u00ed p\u00edstnic, vyroben\u00e1 z materi\u00e1l\u016f odoln\u00fdch proti opot\u0159eben\u00ed, jako je polyuretan a nitrilov\u00e1 pry\u017e.<\/li>\n<li>Trvanlivost: T\u011bleso v\u00e1lce a z\u00e1vitov\u00e9 konce proch\u00e1zej\u00ed p\u0159esn\u00fdm o\u0161et\u0159en\u00edm pro zlep\u0161en\u00ed odolnosti proti opot\u0159eben\u00ed.<\/li>\n<li>Bezpe\u010dnost: Sou\u010d\u00e1st\u00ed konstrukce jsou bezpe\u010dnostn\u00ed opat\u0159en\u00ed, kter\u00e1 zabra\u0148uj\u00ed nehod\u00e1m a zaji\u0161\u0165uj\u00ed ochranu obsluhy.<\/li>\n<li>\u00dadr\u017eba: Konstrukce v\u00e1lce ramene umo\u017e\u0148uje snadnou \u00fadr\u017ebu a pravideln\u00e9 maz\u00e1n\u00ed hydraulick\u00fdm olejem.<\/li>\n<\/ul>\n<p><img decoding=\"async\" src=\"https:\/\/www.hydraulic-cylinders.net\/wp-content\/uploads\/2025\/01\/songte-cylinder-head-with-all-kinds-excavator-models.webp\"><\/p>\n<h2>T\u011bsn\u011bn\u00ed a maz\u00e1n\u00ed<\/h2>\n<p>V\u00e1lec ramene vyu\u017e\u00edv\u00e1 r\u016fzn\u00e9 t\u011bsnic\u00ed komponenty, jako jsou t\u011bsn\u011bn\u00ed p\u00edst\u016f a p\u00edstnic, vyroben\u00e9 z odoln\u00fdch materi\u00e1l\u016f, jako je polyuretan a nitrilov\u00e1 pry\u017e. T\u011bleso v\u00e1lce a z\u00e1vitov\u00e9 konce proch\u00e1zej\u00ed p\u0159esn\u00fdm o\u0161et\u0159en\u00edm pro zv\u00fd\u0161en\u00ed odolnosti proti opot\u0159eben\u00ed. Pro zaji\u0161t\u011bn\u00ed hladk\u00e9ho provozu je nezbytn\u00e9 pravideln\u00e9 maz\u00e1n\u00ed vhodn\u00fdm mno\u017estv\u00edm hydraulick\u00e9ho oleje.<\/p>\n<h2>Pravideln\u00e1 kontrola a preventivn\u00ed \u00fadr\u017eba<\/h2>\n<p>Pro udr\u017een\u00ed optim\u00e1ln\u00edho v\u00fdkonu a prodlou\u017een\u00ed \u017eivotnosti v\u00e1lce ramene jsou nezbytn\u00e9 pravideln\u00e9 kontroly a preventivn\u00ed \u00fadr\u017eba. Doporu\u010duj\u00ed se n\u00e1sleduj\u00edc\u00ed opat\u0159en\u00ed:<\/p>\n<ul>\n<li>Zkontrolujte t\u011bsn\u011bn\u00ed a vym\u011b\u0148te je, pokud jsou opot\u0159ebovan\u00e1 nebo po\u0161kozen\u00e1.<\/li>\n<li>Zkontrolujte, zda se nevyskytly zn\u00e1mky net\u011bsnosti, a v p\u0159\u00edpad\u011b pot\u0159eby prove\u010fte opravu.<\/li>\n<li>Zajist\u011bte spr\u00e1vn\u00e9 maz\u00e1n\u00ed sou\u010d\u00e1st\u00ed v\u00e1lce.<\/li>\n<li>Ut\u00e1hn\u011bte v\u0161echny spoje a armatury.<\/li>\n<li>Sledujte v\u00fdkon v\u00e1lc\u016f a neprodlen\u011b \u0159e\u0161te jak\u00e9koli abnormality.<\/li>\n<\/ul>\n<h2>Pr\u016fvodce instalac\u00ed produktu<\/h2>\n<p>Spr\u00e1vn\u00e1 instalace v\u00e1lce ramene je z\u00e1sadn\u00ed pro optim\u00e1ln\u00ed v\u00fdkon a bezpe\u010dnost. Postupujte podle t\u011bchto krok\u016f:<\/p>\n<ol>\n<li>Pe\u010dliv\u011b um\u00edst\u011bte a zarovnejte v\u00e1lec s mont\u00e1\u017en\u00edmi body na stroji.<\/li>\n<li>Bezpe\u010dn\u011b upevn\u011bte v\u00e1lec pomoc\u00ed vhodn\u00fdch \u0161roub\u016f a spojovac\u00edho materi\u00e1lu.<\/li>\n<li>P\u0159ipojte hydraulick\u00e9 hadice k v\u00e1lci a zajist\u011bte jejich spr\u00e1vn\u00e9 ut\u011bsn\u011bn\u00ed.<\/li>\n<li>Zkontrolujte v\u0161echny spoje, zda nedoch\u00e1z\u00ed k jejich t\u011bsnosti, a v p\u0159\u00edpad\u011b pot\u0159eby je dot\u00e1hn\u011bte.<\/li>\n<li>P\u0159ed uveden\u00edm stroje do provozu otestujte funk\u010dnost v\u00e1lce.<\/li>\n<\/ol>\n<p><img decoding=\"async\" src=\"https:\/\/www.hydraulic-cylinders.net\/wp-content\/uploads\/2025\/01\/songte-bushings-with-all-kinds-of-excavator-models.webp\"><\/p>\n<h2>Bezpe\u010dnostn\u00ed aspekty a faktory prost\u0159ed\u00ed<\/h2>\n<p>P\u0159i pou\u017e\u00edv\u00e1n\u00ed v\u00e1lc\u016f s rameny je nanejv\u00fd\u0161 d\u016fle\u017eit\u00e9 up\u0159ednostnit bezpe\u010dnostn\u00ed opat\u0159en\u00ed. P\u0159\u00edsn\u00e9 dodr\u017eov\u00e1n\u00ed bezpe\u010dnostn\u00edch protokol\u016f a p\u0159edpis\u016f zaji\u0161\u0165uje pohodu obsluhy a p\u0159edch\u00e1z\u00ed nehod\u00e1m. Zohledn\u011bn\u00ed faktor\u016f prost\u0159ed\u00ed nav\u00edc pom\u00e1h\u00e1 minimalizovat jak\u00fdkoli negativn\u00ed dopad na okol\u00ed a podporuje udr\u017eiteln\u00e9 postupy.<\/p>\n<h2>Odstra\u0148ov\u00e1n\u00ed probl\u00e9m\u016f a b\u011b\u017en\u00e9 probl\u00e9my<\/h2>\n<p>Navzdory sv\u00e9 spolehlivosti se mohou v\u00e1lce ramen setkat s ur\u010dit\u00fdmi probl\u00e9my. Mezi b\u011b\u017en\u00e9 probl\u00e9my pat\u0159\u00ed:<\/p>\n<ul>\n<li>\u00daniky kapalin<\/li>\n<li>Pomal\u00fd nebo neefektivn\u00ed provoz<\/li>\n<li>Nadm\u011brn\u00fd hluk nebo vibrace<\/li>\n<li>Selh\u00e1n\u00ed t\u011bsn\u011bn\u00ed<\/li>\n<\/ul>\n<p>Pro efektivn\u00ed diagnostiku a \u0159e\u0161en\u00ed t\u011bchto probl\u00e9m\u016f zva\u017ete n\u00e1sleduj\u00edc\u00ed tipy:<\/p>\n<ul>\n<li>Zkontrolujte v\u0161echny spoje a t\u011bsn\u011bn\u00ed, zda nedo\u0161lo k \u00fanik\u016fm nebo po\u0161kozen\u00ed.<\/li>\n<li>Zkontrolujte hladiny kapalin a ujist\u011bte se, \u017ee jsou v doporu\u010den\u00e9m rozmez\u00ed.<\/li>\n<li>Pravideln\u011b promaz\u00e1vejte v\u0161echny pohybliv\u00e9 \u010d\u00e1sti.<\/li>\n<li>Pokud probl\u00e9my p\u0159etrv\u00e1vaj\u00ed, obra\u0165te se na profesion\u00e1ln\u00edho technika, kter\u00fd v\u00e1m poskytne dal\u0161\u00ed pomoc.<\/li>\n<\/ul>\n<p><img decoding=\"async\" src=\"https:\/\/www.hydraulic-cylinders.net\/wp-content\/uploads\/2025\/01\/songte-chushion-collar.webp\"><\/p>\n<p><em>Autor: lyl<\/em><\/p>\n<h2>O na\u0161\u00ed spole\u010dnosti<\/h2>\n<p>Jsme profesion\u00e1ln\u00ed v\u00fdrobce n\u00e1hradn\u00edch hydraulick\u00fdch v\u00e1lc\u016f a nab\u00edz\u00edme \u0161irokou \u0161k\u00e1lu produkt\u016f. Stali jsme se jedn\u00edm z p\u0159edn\u00edch v\u00fdrobc\u016f a velkoobchodn\u00edch distributor\u016f hydraulick\u00fdch v\u00e1lc\u016f na dom\u00e1c\u00edm i mezin\u00e1rodn\u00edm trhu. Dodr\u017eujeme princip vynikaj\u00edc\u00ed kvality a neust\u00e1le se sna\u017e\u00edme zlep\u0161ovat na\u0161e technologick\u00e9 mo\u017enosti a efektivitu v\u00fdroby. Zav\u00e1d\u011bn\u00edm pokro\u010dil\u00fdch digit\u00e1ln\u00edch v\u00fdrobn\u00edch za\u0159\u00edzen\u00ed a profesion\u00e1ln\u00edch testovac\u00edch syst\u00e9m\u016f optimalizujeme na\u0161i v\u00fdrobn\u00ed platformu a vylep\u0161ujeme procesy kontroly kvality na\u0161ich v\u00fdrobk\u016f, \u010d\u00edm\u017e demonstrujeme siln\u00e9 inova\u010dn\u00ed schopnosti. Na\u0161\u00edm c\u00edlem je uspokojovat rozmanit\u00e9 pot\u0159eby na\u0161ich z\u00e1kazn\u00edk\u016f s efektivitou, p\u0159esnost\u00ed a vysoce kvalitn\u00edmi produkty.<\/p>\n<p><img decoding=\"async\" src=\"https:\/\/www.hydraulic-cylinders.net\/wp-content\/uploads\/2025\/01\/songte-company-4.webp\"><br \/>\n<img decoding=\"async\" src=\"https:\/\/www.hydraulic-cylinders.net\/wp-content\/uploads\/2025\/01\/songte-company-3.webp\"><\/p>","protected":false},"excerpt":{"rendered":"<p>Arm Cylinder For JCM Small Excavator JCM917S Introduction An arm cylinder is a hydraulically powered cylinder specifically designed to provide linear motion and power to the arm of various types of machinery, such as excavators, cranes, and mechanical arms. The arm cylinder plays a crucial role in hydraulic systems, allowing for efficient movement and control [&hellip;]<\/p>","protected":false},"featured_media":14770,"comment_status":"open","ping_status":"closed","template":"","meta":{"_et_pb_use_builder":"","_et_pb_old_content":"","_et_gb_content_width":""},"product_brand":[],"product_cat":[1497],"product_tag":[1498,1496],"class_list":{"0":"post-16552","1":"product","2":"type-product","3":"status-publish","4":"has-post-thumbnail","6":"product_cat-arm-cylinders","7":"product_tag-arm-cylinders","8":"product_tag-hydraulic-cylinders","10":"first","11":"instock","12":"shipping-taxable","13":"product-type-simple"},"amp_enabled":true,"_links":{"self":[{"href":"https:\/\/www.hydraulic-cylinders.net\/cs\/wp-json\/wp\/v2\/product\/16552","targetHints":{"allow":["GET"]}}],"collection":[{"href":"https:\/\/www.hydraulic-cylinders.net\/cs\/wp-json\/wp\/v2\/product"}],"about":[{"href":"https:\/\/www.hydraulic-cylinders.net\/cs\/wp-json\/wp\/v2\/types\/product"}],"replies":[{"embeddable":true,"href":"https:\/\/www.hydraulic-cylinders.net\/cs\/wp-json\/wp\/v2\/comments?post=16552"}],"wp:featuredmedia":[{"embeddable":true,"href":"https:\/\/www.hydraulic-cylinders.net\/cs\/wp-json\/wp\/v2\/media\/14770"}],"wp:attachment":[{"href":"https:\/\/www.hydraulic-cylinders.net\/cs\/wp-json\/wp\/v2\/media?parent=16552"}],"wp:term":[{"taxonomy":"product_brand","embeddable":true,"href":"https:\/\/www.hydraulic-cylinders.net\/cs\/wp-json\/wp\/v2\/product_brand?post=16552"},{"taxonomy":"product_cat","embeddable":true,"href":"https:\/\/www.hydraulic-cylinders.net\/cs\/wp-json\/wp\/v2\/product_cat?post=16552"},{"taxonomy":"product_tag","embeddable":true,"href":"https:\/\/www.hydraulic-cylinders.net\/cs\/wp-json\/wp\/v2\/product_tag?post=16552"}],"curies":[{"name":"wp","href":"https:\/\/api.w.org\/{rel}","templated":true}]}}