{"id":16555,"date":"2025-01-21T05:33:38","date_gmt":"2025-01-21T05:33:38","guid":{"rendered":"https:\/\/www.hydraulic-cylinders.net\/product\/arm-cylinder-for-jcm-large-excavator-jcm936f\/"},"modified":"2025-01-21T05:33:40","modified_gmt":"2025-01-21T05:33:40","slug":"arm-cylinder-for-jcm-large-excavator-jcm936f","status":"publish","type":"product","link":"https:\/\/www.hydraulic-cylinders.net\/cs\/produkt\/arm-cylinder-for-jcm-large-excavator-jcm936f\/","title":{"rendered":"V\u00e1lec ramene pro velk\u00e9 rypadlo JCM JCM936F"},"content":{"rendered":"<p>V\u00e1lec ramene pro velk\u00e9 rypadlo JCM JCM936F<\/p>\n<p>Zaveden\u00ed<br \/>\nHydraulick\u00fd v\u00e1lec ramene je speci\u00e1ln\u011b navr\u017een\u00fd hydraulick\u00fd v\u00e1lec, kter\u00fd se pou\u017e\u00edv\u00e1 hlavn\u011b k zaji\u0161t\u011bn\u00ed line\u00e1rn\u00edho pohybu a v\u00fdkonu pro r\u016fzn\u00e9 druhy strojn\u00edch ramen, jako jsou bagry, je\u0159\u00e1by a robotick\u00e1 ramena. V\u00e1lce ramen hraj\u00ed kl\u00ed\u010dovou roli v hydraulick\u00e9m syst\u00e9mu, proto\u017ee umo\u017e\u0148uj\u00ed efektivn\u00ed pohyb a ovl\u00e1d\u00e1n\u00ed p\u0159\u00edslu\u0161enstv\u00ed. Tyto v\u00e1lce nejen\u017ee zaji\u0161\u0165uj\u00ed plynul\u00fd pohyb, ale tak\u00e9 odol\u00e1vaj\u00ed t\u011b\u017ek\u00fdm z\u00e1t\u011b\u017e\u00edm, co\u017e zaji\u0161\u0165uje efektivn\u00ed provoz a spolehlivost stroj\u016f za r\u016fzn\u00fdch pracovn\u00edch podm\u00ednek. <\/p>\n<p><img loading=\"lazy\" decoding=\"async\" src=\"https:\/\/www.hydraulic-cylinders.net\/wp-content\/uploads\/2025\/01\/songte-company-2.webp\" alt=\"V\u00e1lec ramene\" width=\"500\" height=\"350\"><\/p>\n<p>Funkce<br \/>\n1. Vysoce v\u00fdkonn\u00fd p\u0159evod: V\u00e1lce ramene mohou poskytovat siln\u00fd line\u00e1rn\u00ed pohyb a s\u00edlu, co\u017e zaji\u0161\u0165uje vysokou \u00fa\u010dinnost ramene stroje v r\u016fzn\u00fdch operac\u00edch.<br \/>\n2. P\u0159esn\u00e9 ovl\u00e1d\u00e1n\u00ed: Prost\u0159ednictv\u00edm hydraulick\u00e9ho syst\u00e9mu mohou v\u00e1lce ramen dos\u00e1hnout p\u0159esn\u00e9ho ovl\u00e1d\u00e1n\u00ed pohybu, \u010d\u00edm\u017e se ovl\u00e1d\u00e1n\u00ed p\u0159\u00edslu\u0161enstv\u00ed stane flexibiln\u011bj\u0161\u00edm a p\u0159esn\u011bj\u0161\u00edm.<br \/>\n3. Vysok\u00e1 odolnost: V\u00e1lce ramen jsou obvykle vyrobeny z vysoce pevn\u00fdch materi\u00e1l\u016f, kter\u00e9 maj\u00ed dobrou odolnost proti opot\u0159eben\u00ed a korozi, vhodn\u00e9 pro dlouhodob\u00e9 pou\u017eit\u00ed v n\u00e1ro\u010dn\u00fdch podm\u00ednk\u00e1ch.<br \/>\n4. Multifunk\u010dn\u00ed p\u0159izp\u016fsobivost: Tyto v\u00e1lce lze \u0161iroce pou\u017e\u00edvat v r\u016fzn\u00fdch mechanick\u00fdch za\u0159\u00edzen\u00edch, jako jsou bagry, je\u0159\u00e1by a robotick\u00e1 ramena, pro p\u0159izp\u016fsoben\u00ed se r\u016fzn\u00fdm pracovn\u00edm po\u017eadavk\u016fm.<br \/>\n5. Snadn\u00e1 \u00fadr\u017eba: Konstrukce zohled\u0148uje snadnou \u00fadr\u017ebu a v\u00fdm\u011bnu, co\u017e usnad\u0148uje pravideln\u00e9 kontroly a \u00fadr\u017ebu a zkracuje prostoje za\u0159\u00edzen\u00ed.<\/p>\n<p><img loading=\"lazy\" decoding=\"async\" src=\"https:\/\/www.hydraulic-cylinders.net\/wp-content\/uploads\/2025\/01\/songte-oil-pipes-and-spare-parts.webp\" alt=\"N\u00e1hradn\u00ed d\u00edly pro hydraulick\u00e9 v\u00e1lce\" width=\"500\" height=\"350\"><\/p>\n<p>Aplikace<br \/>\n\u2013 Stavebn\u00ed in\u017een\u00fdrstv\u00ed: U bagr\u016f a je\u0159\u00e1b\u016f se v\u00e1lce ramen pou\u017e\u00edvaj\u00ed k ovl\u00e1d\u00e1n\u00ed pohybu l\u017e\u00edc nebo v\u00fdlo\u017en\u00edk\u016f, k prov\u00e1d\u011bn\u00ed zemn\u00edch prac\u00ed, manipulace s materi\u00e1lem a mont\u00e1\u017ee konstrukc\u00ed.<br \/>\n\u2013 Zpracovatelsk\u00fd pr\u016fmysl: V automatizovan\u00fdch v\u00fdrobn\u00edch link\u00e1ch se v\u00e1lce ramen pou\u017e\u00edvaj\u00ed k pohybu robotick\u00fdch ramen, k prov\u00e1d\u011bn\u00ed mont\u00e1\u017en\u00edch, sva\u0159ovac\u00edch a manipula\u010dn\u00edch proces\u016f, \u010d\u00edm\u017e se zvy\u0161uje efektivita a p\u0159esnost v\u00fdroby.<br \/>\n\u2013 Zem\u011bd\u011blsk\u00e9 stroje: U zem\u011bd\u011blsk\u00fdch stroj\u016f, jako jsou skl\u00edzec\u00ed a sec\u00ed stroje, ovl\u00e1daj\u00ed v\u00e1lce ramen pohyb opera\u010dn\u00edch ramen a prov\u00e1d\u011bj\u00ed \u00fakoly, jako je set\u00ed, hnojen\u00ed a sklize\u0148.<br \/>\n\u2013 T\u011b\u017eba: V t\u011b\u017eebn\u00edch za\u0159\u00edzen\u00edch se v\u00e1lce ramen pou\u017e\u00edvaj\u00ed k ovl\u00e1d\u00e1n\u00ed pohyb\u016f ramen t\u011b\u017eebn\u00edch za\u0159\u00edzen\u00ed, k prov\u00e1d\u011bn\u00ed t\u011b\u017eby a p\u0159epravy rud.<br \/>\n\u2013 Logistika a doprava: U vysokozdvi\u017en\u00fdch voz\u00edk\u016f a manipula\u010dn\u00edch robot\u016f se v\u00e1lce ramen pou\u017e\u00edvaj\u00ed k ovl\u00e1d\u00e1n\u00ed zved\u00e1n\u00ed a pohybu vidlic, \u010d\u00edm\u017e se dosahuje manipulace s materi\u00e1lem a jeho stohov\u00e1n\u00ed.<\/p>\n<p>Standardy n\u00e1vrhu a v\u00fdb\u011bru<br \/>\n\u2013 Nosnost: Nosnost v\u00e1lc\u016f ramene je kl\u00ed\u010dov\u00fdm faktorem p\u0159i konstrukci. V\u00e1lec by m\u011bl poskytovat dostate\u010dnou s\u00edlu k pohybu ramene a p\u0159\u00edpadn\u00fdch p\u0159ipojen\u00fdch b\u0159emen.<br \/>\n\u2013 T\u011bsn\u011bn\u00ed: T\u011bsnic\u00ed syst\u00e9m v\u00e1lc\u016f ramen je z\u00e1sadn\u00ed pro prevenci \u00fanik\u016f a zaji\u0161t\u011bn\u00ed efektivn\u00edho provozu. Pou\u017eit\u00ed r\u016fzn\u00fdch t\u011bsnic\u00edch komponent\u016f, jako jsou t\u011bsn\u011bn\u00ed p\u00edst\u016f a p\u00edstnic vyroben\u00fdch z materi\u00e1l\u016f odoln\u00fdch proti opot\u0159eben\u00ed, jako je polyuretan a nitrilov\u00e1 pry\u017e, m\u016f\u017ee zlep\u0161it t\u011bsnic\u00ed v\u00fdkon.<br \/>\n\u2013 Trvanlivost: V\u00e1lce ramen by m\u011bly b\u00fdt vyrobeny z vysoce pevn\u00fdch materi\u00e1l\u016f, kter\u00e9 jsou odoln\u00e9 v\u016f\u010di opot\u0159eben\u00ed a korozi, a zaji\u0161\u0165uj\u00ed tak dlouhodob\u00fd provoz v n\u00e1ro\u010dn\u00fdch podm\u00ednk\u00e1ch.<br \/>\n\u2013 Bezpe\u010dnost: V\u00e1lce ramen by m\u011bly m\u00edt bezpe\u010dnostn\u00ed prvky, jako jsou p\u0159etlakov\u00e9 ventily a bezpe\u010dnostn\u00ed z\u00e1mky, aby se zabr\u00e1nilo nehod\u00e1m.<br \/>\n\u2013 \u00dadr\u017eba: V\u00e1lce ramen by m\u011bly b\u00fdt snadno udr\u017eovateln\u00e9 a vym\u011bniteln\u00e9, co\u017e by zkracovalo prostoje za\u0159\u00edzen\u00ed.<\/p>\n<p><img loading=\"lazy\" decoding=\"async\" src=\"https:\/\/www.hydraulic-cylinders.net\/wp-content\/uploads\/2025\/01\/songte-cylinder-head-with-all-kinds-excavator-models.webp\" alt=\"Hlava v\u00e1lc\u016f\" width=\"500\" height=\"350\"><\/p>\n<p>T\u011bsn\u011bn\u00ed a maz\u00e1n\u00ed<br \/>\nT\u011bsnic\u00ed v\u00e1lce ramen pou\u017e\u00edvaj\u00ed r\u016fzn\u00e9 t\u011bsnic\u00ed komponenty, kter\u00e9 zabra\u0148uj\u00ed \u00fanik\u016fm a zaji\u0161\u0165uj\u00ed efektivn\u00ed provoz. T\u011bsn\u011bn\u00ed p\u00edstu a p\u00edstnice vyroben\u00e9 z materi\u00e1l\u016f odoln\u00fdch proti opot\u0159eben\u00ed, jako je polyuretan a nitrilov\u00e1 pry\u017e, mohou zlep\u0161it t\u011bsnic\u00ed v\u00fdkon. T\u011bleso v\u00e1lce a \u010deln\u00ed plocha z\u00e1vitu proch\u00e1zej\u00ed jemn\u00fdm opracov\u00e1n\u00edm pro zlep\u0161en\u00ed odolnosti proti opot\u0159eben\u00ed. Pro zaji\u0161t\u011bn\u00ed plynul\u00e9ho provozu je t\u0159eba v\u00e1lce ramen pravideln\u011b mazat hydraulick\u00fdm olejem.<\/p>\n<p>\u00dadr\u017eba a prevence<br \/>\nPravideln\u00e1 kontrola a preventivn\u00ed \u00fadr\u017eba mohou pomoci p\u0159edej\u00edt selh\u00e1n\u00ed za\u0159\u00edzen\u00ed. Lze p\u0159ijmout n\u00e1sleduj\u00edc\u00ed opat\u0159en\u00ed:<br \/>\n\u2013 Pravideln\u011b kontrolujte v\u00e1lec, zda nevykazuje zn\u00e1mky opot\u0159eben\u00ed, jako jsou \u0161kr\u00e1bance a prom\u00e1\u010dkliny.<br \/>\n\u2013 Zkontrolujte t\u011bsn\u011bn\u00ed a mazac\u00ed syst\u00e9m a vym\u011b\u0148te v\u0161echny po\u0161kozen\u00e9 sou\u010d\u00e1sti.<br \/>\n\u2013 Ujist\u011bte se, \u017ee je v\u00e1lec spr\u00e1vn\u011b a bezpe\u010dn\u011b nainstalov\u00e1n.<br \/>\n\u2013 Pou\u017e\u00edvejte v\u00e1lec v r\u00e1mci specifikovan\u00e9 nosnosti, abyste zabr\u00e1nili p\u0159et\u00ed\u017een\u00ed.<br \/>\n\u2013 Udr\u017eujte v\u00e1lec \u010dist\u00fd a bez ne\u010distot.<\/p>\n<p><img loading=\"lazy\" decoding=\"async\" src=\"https:\/\/www.hydraulic-cylinders.net\/wp-content\/uploads\/2025\/01\/songte-chushion-collar.webp\" alt=\"Pol\u0161t\u00e1\u0159ov\u00fd l\u00edmec\" width=\"500\" height=\"350\"><\/p>\n<p>Instala\u010dn\u00ed p\u0159\u00edru\u010dka<br \/>\n\u2013 V p\u0159\u00edpad\u011b pot\u0159eby vyjm\u011bte starou v\u00e1lec.<br \/>\n\u2013 O\u010dist\u011bte mont\u00e1\u017en\u00ed plochy nov\u00e9ho a star\u00e9ho v\u00e1lce.<br \/>\n\u2013 Zarovnejte v\u00e1lec s mont\u00e1\u017en\u00edmi otvory a p\u0159i\u0161roubujte jej.<br \/>\n\u2013 P\u0159ipojte hydraulick\u00e9 hadice a napl\u0148te syst\u00e9m hydraulick\u00fdm olejem.<br \/>\n\u2013 Zkontrolujte spr\u00e1vnou funkci v\u00e1lce.<\/p>\n<p>Bezpe\u010dnostn\u00ed aspekty a faktory prost\u0159ed\u00ed<br \/>\nK prevenci nehod by m\u011bla b\u00fdt pou\u017e\u00edv\u00e1na bezpe\u010dnostn\u00ed opat\u0159en\u00ed, jako jsou p\u0159etlakov\u00e9 ventily a bezpe\u010dnostn\u00ed z\u00e1mky. V\u00e1lce s rameny by m\u011bly b\u00fdt provozov\u00e1ny v r\u00e1mci stanoven\u00e9 nosnosti, aby se zabr\u00e1nilo p\u0159et\u00ed\u017een\u00ed. Pou\u017eit\u00ed ekologick\u00fdch materi\u00e1l\u016f p\u0159i v\u00fdrob\u011b v\u00e1lc\u016f s rameny m\u016f\u017ee sn\u00ed\u017eit dopad na \u017eivotn\u00ed prost\u0159ed\u00ed.<\/p>\n<p>Odstra\u0148ov\u00e1n\u00ed probl\u00e9m\u016f a b\u011b\u017en\u00e9 probl\u00e9my<br \/>\n\u2013 Net\u011bsnosti: Zkontrolujte t\u011bsn\u011bn\u00ed a mazac\u00ed syst\u00e9m, zda nejsou po\u0161kozen\u00e9, a vym\u011b\u0148te v\u0161echny po\u0161kozen\u00e9 sou\u010d\u00e1sti.<br \/>\n\u2013 \u0160patn\u00fd v\u00fdkon: Zkontrolujte v\u00e1lec, zda nen\u00ed opot\u0159ebovan\u00fd, nap\u0159\u00edklad \u0161kr\u00e1bance nebo prom\u00e1\u010dkliny, a vym\u011b\u0148te v\u0161echny po\u0161kozen\u00e9 sou\u010d\u00e1sti.<br \/>\n\u2013 Nadm\u011brn\u00fd hluk: Zkontrolujte v\u00e1lec, zda nejsou uvoln\u011bn\u00e9 d\u00edly, a v\u0161echny uvoln\u011bn\u00e9 komponenty dot\u00e1hn\u011bte.<\/p>\n<p><img loading=\"lazy\" decoding=\"async\" src=\"https:\/\/www.hydraulic-cylinders.net\/wp-content\/uploads\/2025\/01\/songte-bushings-with-all-kinds-of-excavator-models.webp\" alt=\"Pouzdra\" width=\"500\" height=\"350\"><\/p>\n<p>O n\u00e1s<br \/>\nJsme profesion\u00e1ln\u00ed v\u00fdrobce n\u00e1hradn\u00edch hydraulick\u00fdch v\u00e1lc\u016f s \u0161irokou \u0161k\u00e1lou produkt\u016f a stali jsme se jedn\u00edm z p\u0159edn\u00edch v\u00fdrobc\u016f a velkoobchodn\u00edch distributor\u016f hydraulick\u00fdch v\u00e1lc\u016f na dom\u00e1c\u00edm i zahrani\u010dn\u00edm trhu. V\u017edy se dr\u017e\u00edme principu vynikaj\u00edc\u00ed kvality a spol\u00e9h\u00e1me se na strategii \u0159\u00edzen\u00ed pr\u016fmyslov\u00e9 v\u00fdroby v r\u00e1mci zdokonalen\u00fdch v\u00fdrobn\u00edch d\u00edlen, abychom neust\u00e1le zlep\u0161ovali na\u0161i technickou \u00farove\u0148 a efektivitu v\u00fdroby. Zav\u00e1d\u011bn\u00edm \u0161pi\u010dkov\u00e9ho digit\u00e1ln\u00edho v\u00fdrobn\u00edho za\u0159\u00edzen\u00ed a profesion\u00e1ln\u00edch testovac\u00edch syst\u00e9m\u016f neust\u00e1le optimalizujeme v\u00fdrobn\u00ed platformu, zlep\u0161ujeme procesy kontroly kvality v\u00fdrobk\u016f a m\u00e1me silnou inova\u010dn\u00ed schopnost. Na\u0161\u00edm c\u00edlem je uspokojovat rozmanit\u00e9 pot\u0159eby z\u00e1kazn\u00edk\u016f s vysokou efektivitou, p\u0159esnost\u00ed a principy vysok\u00e9 kvality.<\/p>\n<p>Jsme profesion\u00e1ln\u00ed spole\u010dnost, kter\u00e1 poskytuje na\u0161im z\u00e1kazn\u00edk\u016fm mezin\u00e1rodn\u00ed certifikace, slu\u017eby na m\u00edru, v\u00fdrobn\u00ed za\u0159\u00edzen\u00ed a poprodejn\u00ed servis.<\/p>\n<p><img loading=\"lazy\" decoding=\"async\" src=\"https:\/\/www.hydraulic-cylinders.net\/wp-content\/uploads\/2025\/01\/songte-company-4.webp\" alt=\"P\u0159edstaven\u00ed spole\u010dnosti\" width=\"500\" height=\"350\"><\/p>\n<p><img loading=\"lazy\" decoding=\"async\" src=\"https:\/\/www.hydraulic-cylinders.net\/wp-content\/uploads\/2025\/01\/songte-company-3.webp\" alt=\"V\u00fdrobn\u00ed za\u0159\u00edzen\u00ed\" width=\"500\" height=\"350\"><\/p>\n<p>Autor: lyl<\/p>","protected":false},"excerpt":{"rendered":"<p>Arm Cylinder For JCM Large Excavator JCM936F Introduction Arm cylinder is a specially designed hydraulic cylinder mainly used to provide linear motion and power for various kinds of machinery arms, such as excavators, cranes, and robotic arms. Arm cylinders play a critical role in the hydraulic system, enabling attachments or accessories to move and be [&hellip;]<\/p>","protected":false},"featured_media":14759,"comment_status":"open","ping_status":"closed","template":"","meta":{"_et_pb_use_builder":"","_et_pb_old_content":"","_et_gb_content_width":""},"product_brand":[],"product_cat":[1497],"product_tag":[1498,1496],"class_list":{"0":"post-16555","1":"product","2":"type-product","3":"status-publish","4":"has-post-thumbnail","6":"product_cat-arm-cylinders","7":"product_tag-arm-cylinders","8":"product_tag-hydraulic-cylinders","10":"first","11":"instock","12":"shipping-taxable","13":"product-type-simple"},"amp_enabled":true,"_links":{"self":[{"href":"https:\/\/www.hydraulic-cylinders.net\/cs\/wp-json\/wp\/v2\/product\/16555","targetHints":{"allow":["GET"]}}],"collection":[{"href":"https:\/\/www.hydraulic-cylinders.net\/cs\/wp-json\/wp\/v2\/product"}],"about":[{"href":"https:\/\/www.hydraulic-cylinders.net\/cs\/wp-json\/wp\/v2\/types\/product"}],"replies":[{"embeddable":true,"href":"https:\/\/www.hydraulic-cylinders.net\/cs\/wp-json\/wp\/v2\/comments?post=16555"}],"wp:featuredmedia":[{"embeddable":true,"href":"https:\/\/www.hydraulic-cylinders.net\/cs\/wp-json\/wp\/v2\/media\/14759"}],"wp:attachment":[{"href":"https:\/\/www.hydraulic-cylinders.net\/cs\/wp-json\/wp\/v2\/media?parent=16555"}],"wp:term":[{"taxonomy":"product_brand","embeddable":true,"href":"https:\/\/www.hydraulic-cylinders.net\/cs\/wp-json\/wp\/v2\/product_brand?post=16555"},{"taxonomy":"product_cat","embeddable":true,"href":"https:\/\/www.hydraulic-cylinders.net\/cs\/wp-json\/wp\/v2\/product_cat?post=16555"},{"taxonomy":"product_tag","embeddable":true,"href":"https:\/\/www.hydraulic-cylinders.net\/cs\/wp-json\/wp\/v2\/product_tag?post=16555"}],"curies":[{"name":"wp","href":"https:\/\/api.w.org\/{rel}","templated":true}]}}