{"id":16565,"date":"2025-01-21T05:34:20","date_gmt":"2025-01-21T05:34:20","guid":{"rendered":"https:\/\/www.hydraulic-cylinders.net\/product\/arm-cylinder-for-liebherr-large-excavator-r964cl\/"},"modified":"2025-01-21T05:34:22","modified_gmt":"2025-01-21T05:34:22","slug":"arm-cylinder-for-liebherr-large-excavator-r964cl","status":"publish","type":"product","link":"https:\/\/www.hydraulic-cylinders.net\/cs\/produkt\/arm-cylinder-for-liebherr-large-excavator-r964cl\/","title":{"rendered":"V\u00e1lec ramene pro velk\u00e9 rypadlo Liebherr R964CL"},"content":{"rendered":"<h2>V\u00e1lec ramene pro velk\u00e9 rypadlo Liebherr R964CL<\/h2>\n<p>V\u00e1lec ramene je speci\u00e1ln\u011b navr\u017een\u00fd hydraulick\u00fd v\u00e1lec, kter\u00fd se pou\u017e\u00edv\u00e1 k zaji\u0161t\u011bn\u00ed line\u00e1rn\u00edho pohybu a v\u00fdkonu ramen r\u016fzn\u00fdch stroj\u016f, jako jsou bagry, je\u0159\u00e1by a mechanick\u00e1 ramena. V\u00e1lec ramene hraje kl\u00ed\u010dovou roli v hydraulick\u00fdch syst\u00e9mech, proto\u017ee umo\u017e\u0148uje efektivn\u00ed pohyb a ovl\u00e1d\u00e1n\u00ed p\u0159\u00edslu\u0161enstv\u00ed nebo p\u0159\u00edslu\u0161enstv\u00ed. Tyto v\u00e1lce nejen zaji\u0161\u0165uj\u00ed plynul\u00fd pohyb, ale tak\u00e9 odol\u00e1vaj\u00ed t\u011b\u017ek\u00fdm z\u00e1t\u011b\u017e\u00edm, \u010d\u00edm\u017e zaji\u0161\u0165uj\u00ed efektivn\u00ed provoz a spolehlivost stroj\u016f v r\u016fzn\u00fdch pracovn\u00edch podm\u00ednk\u00e1ch.<\/p>\n<p><img decoding=\"async\" src=\"https:\/\/www.hydraulic-cylinders.net\/wp-content\/uploads\/2025\/01\/songte-company-2.webp\" alt=\"V\u00e1lec ramene\"><\/p>\n<h2>Vlastnosti v\u00e1lce ramene<\/h2>\n<ul>\n<li><strong>Vysoce \u00fa\u010dinn\u00fd pohon:<\/strong> V\u00e1lec ramene zaji\u0161\u0165uje siln\u00fd line\u00e1rn\u00ed pohyb a s\u00edlu, co\u017e zaji\u0161\u0165uje vysok\u00fd v\u00fdkon mechanick\u00e9ho ramene v r\u016fzn\u00fdch operac\u00edch.<\/li>\n<li><strong>P\u0159esn\u00e9 ovl\u00e1d\u00e1n\u00ed:<\/strong> D\u00edky hydraulick\u00e9mu syst\u00e9mu umo\u017e\u0148uje v\u00e1lec ramene p\u0159esn\u00e9 ovl\u00e1d\u00e1n\u00ed pohybu, \u010d\u00edm\u017e je ovl\u00e1d\u00e1n\u00ed p\u0159ipojen\u00e9ho n\u00e1\u0159ad\u00ed flexibiln\u011bj\u0161\u00ed a p\u0159esn\u011bj\u0161\u00ed.<\/li>\n<li><strong>Trvanlivost:<\/strong> V\u00e1lce ramen jsou obvykle vyrobeny z vysoce pevn\u00fdch materi\u00e1l\u016f, kter\u00e9 nab\u00edzej\u00ed vynikaj\u00edc\u00ed odolnost proti opot\u0159eben\u00ed a korozi, d\u00edky \u010demu\u017e jsou vhodn\u00e9 pro dlouhodob\u00e9 pou\u017e\u00edv\u00e1n\u00ed v n\u00e1ro\u010dn\u00fdch podm\u00ednk\u00e1ch.<\/li>\n<li><strong>Multifunk\u010dn\u00ed p\u0159izp\u016fsobivost:<\/strong> Tyto v\u00e1lce lze \u0161iroce pou\u017e\u00edvat v r\u016fzn\u00fdch strojn\u00edch za\u0159\u00edzen\u00edch, jako jsou bagry, je\u0159\u00e1by a mechanick\u00e1 ramena, a p\u0159izp\u016fsobit se tak r\u016fzn\u00fdm pracovn\u00edm po\u017eadavk\u016fm.<\/li>\n<li><strong>Snadn\u00e1 \u00fadr\u017eba:<\/strong> V\u00e1lce ramen, navr\u017een\u00e9 s ohledem na snadnou \u00fadr\u017ebu a v\u00fdm\u011bnu, usnad\u0148uj\u00ed pravidelnou kontrolu a \u00fadr\u017ebu, \u010d\u00edm\u017e zkracuj\u00ed prostoje za\u0159\u00edzen\u00ed.<\/li>\n<\/ul>\n<p><img decoding=\"async\" src=\"https:\/\/www.hydraulic-cylinders.net\/wp-content\/uploads\/2025\/01\/songte-oil-pipes-and-spare-parts.webp\" alt=\"Hydraulick\u00e9 v\u00e1lce\"><\/p>\n<h2>Aplikace ramenov\u00e9ho v\u00e1lce<\/h2>\n<p>Rameno v\u00e1lce nach\u00e1z\u00ed uplatn\u011bn\u00ed v r\u016fzn\u00fdch pr\u016fmyslov\u00fdch odv\u011btv\u00edch:<\/p>\n<ul>\n<li><strong>Stavebn\u00ed in\u017een\u00fdrstv\u00ed:<\/strong> U bagr\u016f a je\u0159\u00e1b\u016f ovl\u00e1d\u00e1 v\u00e1lec ramene pohyb l\u017e\u00edce nebo v\u00fdlo\u017en\u00edku, co\u017e umo\u017e\u0148uje zemn\u00ed pr\u00e1ce, manipulaci s materi\u00e1lem a mont\u00e1\u017e konstrukc\u00ed.<\/li>\n<li><strong>Zpracovatelsk\u00fd pr\u016fmysl:<\/strong> V automatizovan\u00fdch v\u00fdrobn\u00edch link\u00e1ch se v\u00e1lec ramene pou\u017e\u00edv\u00e1 k pohybu mechanick\u00fdch ramen, k prov\u00e1d\u011bn\u00ed mont\u00e1\u017en\u00edch, sva\u0159ovac\u00edch a manipula\u010dn\u00edch proces\u016f, \u010d\u00edm\u017e se zvy\u0161uje efektivita a p\u0159esnost v\u00fdroby.<\/li>\n<li><strong>Zem\u011bd\u011blsk\u00e9 stroje:<\/strong> V zem\u011bd\u011blsk\u00fdch stroj\u00edch, jako jsou skl\u00edzec\u00ed a s\u00e1zec\u00ed stroje, v\u00e1lec ramene ovl\u00e1d\u00e1 pohyb ovl\u00e1dac\u00edho ramene a prov\u00e1d\u00ed \u00fakoly, jako je set\u00ed, hnojen\u00ed a sklize\u0148.<\/li>\n<li><strong>Hornictv\u00ed:<\/strong> V t\u011b\u017eebn\u00edm za\u0159\u00edzen\u00ed \u0159\u00edd\u00ed v\u00e1lec ramene pohyb ramene t\u011b\u017eebn\u00edho stroje, co\u017e umo\u017e\u0148uje t\u011b\u017ebu a p\u0159epravu rud.<\/li>\n<li><strong>Logistika a doprava:<\/strong> U vysokozdvi\u017en\u00fdch voz\u00edk\u016f a manipula\u010dn\u00edch robot\u016f se v\u00e1lec ramene pou\u017e\u00edv\u00e1 k ovl\u00e1d\u00e1n\u00ed zved\u00e1n\u00ed a pohybu vidlic, co\u017e usnad\u0148uje manipulaci s materi\u00e1lem a jeho stohov\u00e1n\u00ed.<\/li>\n<\/ul>\n<h2>Konstruk\u010dn\u00ed aspekty a krit\u00e9ria v\u00fdb\u011bru<\/h2>\n<p>P\u0159i n\u00e1vrhu a v\u00fdb\u011bru v\u00e1lc\u016f ramen se bere v \u00favahu n\u011bkolik faktor\u016f:<\/p>\n<ul>\n<li><strong>Nosnost:<\/strong> V\u00e1lec ramene by m\u011bl b\u00fdt schopen un\u00e9st po\u017eadovan\u00e9 zat\u00ed\u017een\u00ed, aby byl zaji\u0161t\u011bn bezpe\u010dn\u00fd a spolehliv\u00fd provoz.<\/li>\n<li><strong>T\u011bsn\u011bn\u00ed:<\/strong> Pou\u017e\u00edvaj\u00ed se r\u016fzn\u00e9 t\u011bsnic\u00ed prvky, jako jsou t\u011bsn\u011bn\u00ed p\u00edst\u016f a p\u00edstnic, vyroben\u00e9 z materi\u00e1l\u016f odoln\u00fdch proti opot\u0159eben\u00ed, jako je polyuretan a nitrilov\u00e1 pry\u017e. T\u011bleso v\u00e1lce a z\u00e1vitov\u00fd konec jsou jemn\u011b o\u0161et\u0159eny pro zlep\u0161en\u00ed odolnosti proti opot\u0159eben\u00ed.<\/li>\n<li><strong>Trvanlivost:<\/strong> V\u00e1lce ramen jsou navr\u017eeny tak, aby odolaly n\u00e1ro\u010dn\u00fdm provozn\u00edm podm\u00ednk\u00e1m a m\u011bly by m\u00edt vynikaj\u00edc\u00ed odolnost v\u016f\u010di opot\u0159eben\u00ed, korozi a dal\u0161\u00edm faktor\u016fm prost\u0159ed\u00ed.<\/li>\n<li><strong>Bezpe\u010dnost:<\/strong> Bezpe\u010dnostn\u00ed prvky, jako jsou p\u0159etlakov\u00e9 ventily a syst\u00e9my nouzov\u00e9ho zastaven\u00ed, jsou integrov\u00e1ny do hydraulick\u00e9ho syst\u00e9mu, aby se zabr\u00e1nilo nehod\u00e1m a byla zaji\u0161t\u011bna bezpe\u010dnost obsluhy.<\/li>\n<li><strong>\u00dadr\u017eba:<\/strong> Db\u00e1 se na snadnou \u00fadr\u017ebu a opravy s p\u0159\u00edstupn\u00fdmi sou\u010d\u00e1stmi a jasn\u00fdmi pokyny pro pravideln\u00e9 kontroly a nezbytn\u00e9 opravy.<\/li>\n<\/ul>\n<p><img decoding=\"async\" src=\"https:\/\/www.hydraulic-cylinders.net\/wp-content\/uploads\/2025\/01\/songte-cylinder-head-with-all-kinds-excavator-models.webp\" alt=\"Hlava v\u00e1lc\u016f\"><\/p>\n<p>Pro spr\u00e1vn\u00e9 ut\u011bsn\u011bn\u00ed a maz\u00e1n\u00ed se pou\u017e\u00edvaj\u00ed r\u016fzn\u00e9 t\u011bsnic\u00ed komponenty, jako jsou p\u00edstn\u00ed t\u011bsn\u011bn\u00ed a t\u011bsn\u011bn\u00ed p\u00edstnice. Tato t\u011bsn\u011bn\u00ed jsou vyrobena z materi\u00e1l\u016f odoln\u00fdch proti opot\u0159eben\u00ed, jako je polyuretan a nitrilov\u00e1 pry\u017e. T\u011bleso v\u00e1lce a z\u00e1vitov\u00fd konec proch\u00e1zej\u00ed p\u0159esn\u00fdm o\u0161et\u0159en\u00edm pro zv\u00fd\u0161en\u00ed odolnosti proti opot\u0159eben\u00ed. Pro zaji\u0161t\u011bn\u00ed hladk\u00e9ho provozu je nezbytn\u00e9 pravideln\u00e9 maz\u00e1n\u00ed hydraulick\u00fdm olejem.<\/p>\n<p>Pro zaji\u0161t\u011bn\u00ed optim\u00e1ln\u00edho v\u00fdkonu a prevenci potenci\u00e1ln\u00edch probl\u00e9m\u016f by m\u011bly b\u00fdt prov\u00e1d\u011bny pravideln\u00e9 kontroly a preventivn\u00ed \u00fadr\u017eba, v\u010detn\u011b:<\/p>\n<ul>\n<li>Kontrola p\u0159\u00edpadn\u00fdch zn\u00e1mek net\u011bsnosti nebo po\u0161kozen\u00ed t\u011bsn\u011bn\u00ed<\/li>\n<li>Kontrola p\u00edstn\u00ed ty\u010de, zda nevykazuje zn\u00e1mky opot\u0159eben\u00ed nebo r\u00fdhov\u00e1n\u00ed<\/li>\n<li>Ov\u011b\u0159en\u00ed hladiny a kvality hydraulick\u00e9 kapaliny<\/li>\n<li>Kontrola spr\u00e1vn\u00e9ho vyrovn\u00e1n\u00ed a mont\u00e1\u017ee v\u00e1lce<\/li>\n<li>Uta\u017een\u00ed v\u0161ech uvoln\u011bn\u00fdch spoj\u016f<\/li>\n<\/ul>\n<h2>Instala\u010dn\u00ed n\u00e1vod pro v\u00e1lec ramene<\/h2>\n<p>Spr\u00e1vn\u00e1 instalace v\u00e1lce ramene je nezbytn\u00e1 pro jeho optim\u00e1ln\u00ed v\u00fdkon a dlouhou \u017eivotnost. Postupujte podle t\u011bchto krok\u016f:<\/p>\n<ol>\n<li>Ujist\u011bte se, \u017ee mont\u00e1\u017en\u00ed povrchy jsou \u010dist\u00e9 a bez ne\u010distot.<\/li>\n<li>Um\u00edst\u011bte v\u00e1lec ramene na po\u017eadovan\u00e9 m\u00edsto.<\/li>\n<li>Bezpe\u010dn\u011b upevn\u011bte v\u00e1lec pomoc\u00ed vhodn\u00fdch \u0161roub\u016f nebo mont\u00e1\u017en\u00edch konzol.<\/li>\n<li>Zkontrolujte spr\u00e1vn\u00e9 vyrovn\u00e1n\u00ed a v\u016fli pohybliv\u00fdch \u010d\u00e1st\u00ed.<\/li>\n<li>P\u0159ipojte hydraulick\u00e9 potrub\u00ed a zajist\u011bte jeho spr\u00e1vn\u00e9 ut\u011bsn\u011bn\u00ed a t\u011bsnost.<\/li>\n<li>Ov\u011b\u0159te funk\u010dnost v\u00e1lce ramene pomoc\u00ed s\u00e9rie test\u016f.<\/li>\n<\/ol>\n<p><img decoding=\"async\" src=\"https:\/\/www.hydraulic-cylinders.net\/wp-content\/uploads\/2025\/01\/songte-bushings-with-all-kinds-of-excavator-models.webp\" alt=\"Pouzdra\"><\/p>\n<p>P\u0159i pr\u00e1ci s v\u00e1lci ramen jsou bezpe\u010dnostn\u00ed opat\u0159en\u00ed nanejv\u00fd\u0161 d\u016fle\u017eit\u00e1. Dodr\u017eov\u00e1n\u00ed spr\u00e1vn\u00fdch bezpe\u010dnostn\u00edch opat\u0159en\u00ed a pou\u017e\u00edv\u00e1n\u00ed ochrann\u00fdch prost\u0159edk\u016f m\u016f\u017ee p\u0159edej\u00edt nehod\u00e1m a zajistit bezpe\u010dn\u00e9 pracovn\u00ed prost\u0159ed\u00ed. Pravideln\u00e1 kontrola za\u0159\u00edzen\u00ed, zda nevykazuje zn\u00e1mky opot\u0159eben\u00ed, po\u0161kozen\u00ed nebo poruchy, je nezbytn\u00e1 pro udr\u017een\u00ed bezpe\u010dn\u00e9ho pracovn\u00edho prost\u0159ed\u00ed.<\/p>\n<h2>Odstra\u0148ov\u00e1n\u00ed probl\u00e9m\u016f a b\u011b\u017en\u00e9 probl\u00e9my<\/h2>\n<p>Mezi b\u011b\u017en\u00e9 probl\u00e9my, kter\u00e9 mohou nastat s v\u00e1lci ramen, pat\u0159\u00ed:<\/p>\n<ul>\n<li>\u00danik z v\u00e1lce<\/li>\n<li>Nedostate\u010dn\u00fd nebo trhan\u00fd pohyb<\/li>\n<li>Nadm\u011brn\u00fd hluk b\u011bhem provozu<\/li>\n<li>Selh\u00e1n\u00ed t\u011bsn\u011bn\u00ed<\/li>\n<li>P\u0159eh\u0159\u00e1t\u00ed hydraulick\u00e9 kapaliny<\/li>\n<\/ul>\n<p>Chcete-li tyto probl\u00e9my vy\u0159e\u0161it, zva\u017ete n\u00e1sleduj\u00edc\u00ed tipy pro \u0159e\u0161en\u00ed probl\u00e9m\u016f:<\/p>\n<ul>\n<li>Zkontrolujte, zda nejsou po\u0161kozen\u00e1 nebo opot\u0159ebovan\u00e1 t\u011bsn\u011bn\u00ed, a v p\u0159\u00edpad\u011b pot\u0159eby je vym\u011b\u0148te.<\/li>\n<li>Zkontrolujte hydraulick\u00e9 potrub\u00ed, zda nedoch\u00e1z\u00ed k \u00fanik\u016fm nebo ucp\u00e1n\u00ed.<\/li>\n<li>Ujist\u011bte se, \u017ee hladina a kvalita hydraulick\u00e9 kapaliny jsou spr\u00e1vn\u00e9.<\/li>\n<li>Zkontrolujte vyrovn\u00e1n\u00ed a upevn\u011bn\u00ed v\u00e1lce.<\/li>\n<li>Konkr\u00e9tn\u00ed kroky pro \u0159e\u0161en\u00ed probl\u00e9m\u016f naleznete v pokynech v\u00fdrobce.<\/li>\n<\/ul>\n<p><img decoding=\"async\" src=\"https:\/\/www.hydraulic-cylinders.net\/wp-content\/uploads\/2025\/01\/songte-chushion-collar.webp\" alt=\"Chr\u00e1ni\u010dov\u00fd obojek\"><\/p>\n<p>Jako profesion\u00e1ln\u00ed v\u00fdrobce hydraulick\u00fdch v\u00e1lc\u016f pro ramena nab\u00edz\u00edme \u0161irokou \u0161k\u00e1lu produkt\u016f a stali jsme se jedn\u00edm z p\u0159edn\u00edch v\u00fdrobc\u016f a velkoobchodn\u00edch distributor\u016f hydraulick\u00fdch v\u00e1lc\u016f na dom\u00e1c\u00edm i mezin\u00e1rodn\u00edm trhu. S d\u016frazem na vynikaj\u00edc\u00ed kvalitu neust\u00e1le zlep\u0161ujeme na\u0161i technickou odbornost a efektivitu v\u00fdroby. Zav\u00e1d\u011bn\u00edm pokro\u010dil\u00fdch digit\u00e1ln\u00edch v\u00fdrobn\u00edch za\u0159\u00edzen\u00ed a profesion\u00e1ln\u00edch testovac\u00edch syst\u00e9m\u016f optimalizujeme na\u0161i v\u00fdrobn\u00ed platformu a vylep\u0161ujeme procesy kontroly kvality v\u00fdrobk\u016f. Na\u0161\u00edm c\u00edlem je uspokojovat rozmanit\u00e9 pot\u0159eby z\u00e1kazn\u00edk\u016f s efektivitou, p\u0159esnost\u00ed a vysoce kvalitn\u00edmi produkty.<\/p>\n<p><img decoding=\"async\" src=\"https:\/\/www.hydraulic-cylinders.net\/wp-content\/uploads\/2025\/01\/songte-company-4.webp\" alt=\"Spole\u010dnost\" style=\"float: left; margin-right: 10px;\"><br \/>\n<img decoding=\"async\" src=\"https:\/\/www.hydraulic-cylinders.net\/wp-content\/uploads\/2025\/01\/songte-company-3.webp\" alt=\"Spole\u010dnost\"><\/p>\n<p>Na\u0161e spole\u010dnost je zn\u00e1m\u00e1 pro:<\/p>\n<ul>\n<li>Profesionalita a odbornost<\/li>\n<li>Mezin\u00e1rodn\u00ed certifikace<\/li>\n<li>Slu\u017eby p\u0159izp\u016fsoben\u00ed<\/li>\n<li>Nejmodern\u011bj\u0161\u00ed v\u00fdrobn\u00ed za\u0159\u00edzen\u00ed<\/li>\n<li>Komplexn\u00ed poprodejn\u00ed servis<\/li>\n<\/ul>\n<p>Autor: lyl<\/p>","protected":false},"excerpt":{"rendered":"<p>Arm Cylinder For Liebherr Large Excavator R964CL The arm cylinder is a specially designed hydraulic cylinder that is used to provide linear motion and power to the arms of various machinery such as excavators, cranes, and mechanical arms. The arm cylinder plays a crucial role in hydraulic systems, enabling the efficient movement and control of [&hellip;]<\/p>","protected":false},"featured_media":14759,"comment_status":"open","ping_status":"closed","template":"","meta":{"_et_pb_use_builder":"","_et_pb_old_content":"","_et_gb_content_width":""},"product_brand":[],"product_cat":[1497],"product_tag":[1498,1496],"class_list":{"0":"post-16565","1":"product","2":"type-product","3":"status-publish","4":"has-post-thumbnail","6":"product_cat-arm-cylinders","7":"product_tag-arm-cylinders","8":"product_tag-hydraulic-cylinders","10":"first","11":"instock","12":"shipping-taxable","13":"product-type-simple"},"amp_enabled":true,"_links":{"self":[{"href":"https:\/\/www.hydraulic-cylinders.net\/cs\/wp-json\/wp\/v2\/product\/16565","targetHints":{"allow":["GET"]}}],"collection":[{"href":"https:\/\/www.hydraulic-cylinders.net\/cs\/wp-json\/wp\/v2\/product"}],"about":[{"href":"https:\/\/www.hydraulic-cylinders.net\/cs\/wp-json\/wp\/v2\/types\/product"}],"replies":[{"embeddable":true,"href":"https:\/\/www.hydraulic-cylinders.net\/cs\/wp-json\/wp\/v2\/comments?post=16565"}],"wp:featuredmedia":[{"embeddable":true,"href":"https:\/\/www.hydraulic-cylinders.net\/cs\/wp-json\/wp\/v2\/media\/14759"}],"wp:attachment":[{"href":"https:\/\/www.hydraulic-cylinders.net\/cs\/wp-json\/wp\/v2\/media?parent=16565"}],"wp:term":[{"taxonomy":"product_brand","embeddable":true,"href":"https:\/\/www.hydraulic-cylinders.net\/cs\/wp-json\/wp\/v2\/product_brand?post=16565"},{"taxonomy":"product_cat","embeddable":true,"href":"https:\/\/www.hydraulic-cylinders.net\/cs\/wp-json\/wp\/v2\/product_cat?post=16565"},{"taxonomy":"product_tag","embeddable":true,"href":"https:\/\/www.hydraulic-cylinders.net\/cs\/wp-json\/wp\/v2\/product_tag?post=16565"}],"curies":[{"name":"wp","href":"https:\/\/api.w.org\/{rel}","templated":true}]}}