{"id":16566,"date":"2025-01-21T05:34:25","date_gmt":"2025-01-21T05:34:25","guid":{"rendered":"https:\/\/www.hydraulic-cylinders.net\/product\/arm-cylinder-for-liebherr-large-excavator-r974cl\/"},"modified":"2025-01-21T05:34:27","modified_gmt":"2025-01-21T05:34:27","slug":"arm-cylinder-for-liebherr-large-excavator-r974cl","status":"publish","type":"product","link":"https:\/\/www.hydraulic-cylinders.net\/cs\/produkt\/arm-cylinder-for-liebherr-large-excavator-r974cl\/","title":{"rendered":"V\u00e1lec ramene pro velk\u00e9 rypadlo Liebherr R974CL"},"content":{"rendered":"<h1>V\u00e1lec ramene pro velk\u00e9 rypadlo Liebherr R974CL<\/h1>\n<h2>Zaveden\u00ed<\/h2>\n<p>V\u00e1lec ramene je speci\u00e1ln\u011b navr\u017een\u00fd hydraulick\u00fd v\u00e1lec, kter\u00fd se prim\u00e1rn\u011b pou\u017e\u00edv\u00e1 k zaji\u0161t\u011bn\u00ed line\u00e1rn\u00edho pohybu a v\u00fdkonu ramene r\u016fzn\u00fdch typ\u016f stroj\u016f, jako jsou bagry, je\u0159\u00e1by a mechanick\u00e1 ramena. V\u00e1lec ramene hraje kl\u00ed\u010dovou roli v hydraulick\u00fdch syst\u00e9mech, proto\u017ee umo\u017e\u0148uje efektivn\u00ed pohyb a ovl\u00e1d\u00e1n\u00ed p\u0159\u00edslu\u0161enstv\u00ed. Tyto v\u00e1lce nejen zaji\u0161\u0165uj\u00ed plynul\u00fd pohyb, ale tak\u00e9 odol\u00e1vaj\u00ed t\u011b\u017ek\u00fdm z\u00e1t\u011b\u017e\u00edm, \u010d\u00edm\u017e zaji\u0161\u0165uj\u00ed efektivn\u00ed provoz a spolehlivost stroj\u016f za r\u016fzn\u00fdch provozn\u00edch podm\u00ednek.<\/p>\n<p><img decoding=\"async\" src=\"https:\/\/www.hydraulic-cylinders.net\/wp-content\/uploads\/2025\/01\/songte-company-2.webp\" alt=\"Obr\u00e1zek v\u00e1lce ramene\"><\/p>\n<h2>Funkce<\/h2>\n<ul>\n<li>\n<h3>Efektivn\u00ed p\u0159enos v\u00fdkonu<\/h3>\n<p>V\u00e1lec ramene zaji\u0161\u0165uje siln\u00fd line\u00e1rn\u00ed pohyb a s\u00edlu, co\u017e zaji\u0161\u0165uje vysokou \u00fa\u010dinnost mechanick\u00e9ho ramene p\u0159i r\u016fzn\u00fdch operac\u00edch.<\/p>\n<\/li>\n<li>\n<h3>P\u0159esn\u00e9 ovl\u00e1d\u00e1n\u00ed<\/h3>\n<p>D\u00edky hydraulick\u00e9mu syst\u00e9mu m\u016f\u017ee v\u00e1lec ramene dos\u00e1hnout p\u0159esn\u00e9ho \u0159\u00edzen\u00ed pohybu, co\u017e zvy\u0161uje flexibilitu a p\u0159esnost ovl\u00e1d\u00e1n\u00ed dal\u0161\u00edch n\u00e1stroj\u016f.<\/p>\n<\/li>\n<li>\n<h3>Trvanlivost<\/h3>\n<p>V\u00e1lce ramen jsou obvykle vyrobeny z vysoce pevn\u00fdch materi\u00e1l\u016f s dobrou odolnost\u00ed proti opot\u0159eben\u00ed a korozi, d\u00edky \u010demu\u017e jsou vhodn\u00e9 pro dlouhodob\u00e9 pou\u017e\u00edv\u00e1n\u00ed v n\u00e1ro\u010dn\u00fdch podm\u00ednk\u00e1ch.<\/p>\n<\/li>\n<li>\n<h3>Multifunk\u010dn\u00ed p\u0159izp\u016fsobivost<\/h3>\n<p>Tyto v\u00e1lce lze \u0161iroce pou\u017e\u00edvat v r\u016fzn\u00fdch mechanick\u00fdch za\u0159\u00edzen\u00edch, jako jsou bagry, je\u0159\u00e1by a mechanick\u00e1 ramena, a p\u0159izp\u016fsobit se tak r\u016fzn\u00fdm pracovn\u00edm pot\u0159eb\u00e1m.<\/p>\n<\/li>\n<li>\n<h3>Snadn\u00e1 \u00fadr\u017eba<\/h3>\n<p>Konstrukce zohled\u0148uje snadnou \u00fadr\u017ebu a v\u00fdm\u011bnu, co\u017e usnad\u0148uje pravideln\u00e9 kontroly a \u00fadr\u017ebu a zkracuje prostoje za\u0159\u00edzen\u00ed.<\/p>\n<\/li>\n<\/ul>\n<p><img decoding=\"async\" src=\"https:\/\/www.hydraulic-cylinders.net\/wp-content\/uploads\/2025\/01\/songte-oil-pipes-and-spare-parts.webp\" alt=\"Obr\u00e1zek d\u00edl\u016f\"><\/p>\n<h2>Aplikace<\/h2>\n<p>V\u00e1lec ramene se \u0161iroce pou\u017e\u00edv\u00e1 v r\u016fzn\u00fdch odv\u011btv\u00edch, jako je stavebnictv\u00ed, v\u00fdroba, zem\u011bd\u011blstv\u00ed, t\u011b\u017eba, logistika a doprava.<\/p>\n<ul>\n<li>\n<h3>Stavebn\u00ed in\u017een\u00fdrstv\u00ed<\/h3>\n<p>U bagr\u016f a je\u0159\u00e1b\u016f se v\u00e1lce ramen pou\u017e\u00edvaj\u00ed k ovl\u00e1d\u00e1n\u00ed pohybu l\u017eic nebo v\u00fdlo\u017en\u00edk\u016f pro zemn\u00ed pr\u00e1ce, manipulaci s materi\u00e1lem a instalaci konstrukc\u00ed.<\/p>\n<\/li>\n<li>\n<h3>Zpracovatelsk\u00fd pr\u016fmysl<\/h3>\n<p>V automatizovan\u00fdch v\u00fdrobn\u00edch link\u00e1ch se v\u00e1lce ramen pou\u017e\u00edvaj\u00ed pro mechanick\u00fd pohyb ramene p\u0159i mont\u00e1\u017en\u00edch, sva\u0159ovac\u00edch a manipula\u010dn\u00edch procesech, co\u017e zvy\u0161uje efektivitu a p\u0159esnost v\u00fdroby.<\/p>\n<\/li>\n<li>\n<h3>Zem\u011bd\u011blsk\u00e9 stroje<\/h3>\n<p>V zem\u011bd\u011blsk\u00fdch stroj\u00edch, jako jsou skl\u00edzec\u00ed a s\u00e1zec\u00ed stroje, ovl\u00e1daj\u00ed v\u00e1lce ramen pohyb ovl\u00e1dac\u00edho ramene a prov\u00e1d\u011bj\u00ed \u00fakoly, jako je set\u00ed, hnojen\u00ed a sklize\u0148.<\/p>\n<\/li>\n<li>\n<h3>Hornictv\u00ed<\/h3>\n<p>V t\u011b\u017eebn\u00edch za\u0159\u00edzen\u00edch se v\u00e1lce ramen pou\u017e\u00edvaj\u00ed k ovl\u00e1d\u00e1n\u00ed pohybu ramen t\u011b\u017eebn\u00edho za\u0159\u00edzen\u00ed pro t\u011b\u017ebu a manipulaci s rudami.<\/p>\n<\/li>\n<li>\n<h3>Logistika a doprava<\/h3>\n<p>U vysokozdvi\u017en\u00fdch voz\u00edk\u016f a manipula\u010dn\u00edch robot\u016f se v\u00e1lce ramen pou\u017e\u00edvaj\u00ed k ovl\u00e1d\u00e1n\u00ed zved\u00e1n\u00ed a pohybu n\u00e1kladu, \u010d\u00edm\u017e se realizuje manipulace s materi\u00e1lem a jeho stohov\u00e1n\u00ed.<\/p>\n<\/li>\n<\/ul>\n<h2>Konstruk\u010dn\u00ed aspekty a krit\u00e9ria v\u00fdb\u011bru<\/h2>\n<p>P\u0159i navrhov\u00e1n\u00ed a v\u00fdb\u011bru v\u00e1lc\u016f ramen je t\u0159eba zv\u00e1\u017eit n\u00e1sleduj\u00edc\u00ed faktory:<\/p>\n<ul>\n<li>\n<h3>\u00danosnost<\/h3>\n<p>V\u00e1lec by m\u011bl b\u00fdt schopen odolat maxim\u00e1ln\u00edmu zat\u00ed\u017een\u00ed, kter\u00e9 na n\u011bj bude pravd\u011bpodobn\u011b b\u011bhem provozu p\u016fsobit.<\/p>\n<\/li>\n<li>\n<h3>T\u011bsnic\u00ed v\u00fdkon<\/h3>\n<p>V\u00e1lec by m\u011bl b\u00fdt opat\u0159en \u00fa\u010dinn\u00fdm t\u011bsn\u011bn\u00edm, aby se zabr\u00e1nilo \u00faniku hydraulick\u00e9 kapaliny.<\/p>\n<\/li>\n<li>\n<h3>Trvanlivost<\/h3>\n<p>V\u00e1lec by m\u011bl b\u00fdt vyroben z materi\u00e1l\u016f odoln\u00fdch proti opot\u0159eben\u00ed a korozi.<\/p>\n<\/li>\n<li>\n<h3>Bezpe\u010dnost<\/h3>\n<p>Konstrukce by m\u011bla zajistit bezpe\u010dnost obsluhy i p\u0159ihl\u00ed\u017eej\u00edc\u00edch b\u011bhem provozu.<\/p>\n<\/li>\n<li>\n<h3>Udr\u017eovatelnost<\/h3>\n<p>Konstrukce by m\u011bla zohled\u0148ovat snadnou \u00fadr\u017ebu, kontrolu a opravy, \u010d\u00edm\u017e by se zkr\u00e1tily prostoje za\u0159\u00edzen\u00ed.<\/p>\n<\/li>\n<\/ul>\n<p><img decoding=\"async\" src=\"https:\/\/www.hydraulic-cylinders.net\/wp-content\/uploads\/2025\/01\/songte-cylinder-head-with-all-kinds-excavator-models.webp\" alt=\"Obr\u00e1zek hlavy v\u00e1lc\u016f\"><\/p>\n<h2>T\u011bsn\u011bn\u00ed a maz\u00e1n\u00ed<\/h2>\n<p>V\u00e1lec ramene pou\u017e\u00edv\u00e1 r\u016fzn\u00e9 t\u011bsnic\u00ed komponenty, jako jsou t\u011bsn\u011bn\u00ed p\u00edstu, t\u011bsn\u011bn\u00ed p\u00edstnice a st\u011bra\u010de vyroben\u00e9 z materi\u00e1l\u016f odoln\u00fdch proti opot\u0159eben\u00ed, jako je polyuretan a nitrilov\u00e1 pry\u017e. T\u011bleso v\u00e1lce a z\u00e1vitov\u00fd konec jsou jemn\u011b opracov\u00e1ny pro zlep\u0161en\u00ed odolnosti proti opot\u0159eben\u00ed. V\u00e1lec vy\u017eaduje pravideln\u00e9 maz\u00e1n\u00ed vhodn\u00fdm mno\u017estv\u00edm hydraulick\u00e9ho oleje, aby byl zaji\u0161t\u011bn hladk\u00fd chod a v\u00fdkon t\u011bsn\u011bn\u00ed.<\/p>\n<h2>\u00dadr\u017eba a opravy<\/h2>\n<p>Pravideln\u00e1 kontrola a preventivn\u00ed \u00fadr\u017eba jsou nezbytn\u00e9 pro zaji\u0161t\u011bn\u00ed spr\u00e1vn\u00e9ho provozu a dlouh\u00e9 \u017eivotnosti v\u00e1lce. M\u011bla by b\u00fdt p\u0159ijata n\u00e1sleduj\u00edc\u00ed opat\u0159en\u00ed:<\/p>\n<ul>\n<li>\n<h3>Zkontrolujte t\u011bsn\u011bn\u00ed<\/h3>\n<p>T\u011bsnic\u00ed prvky v\u00e1lce by m\u011bly b\u00fdt pravideln\u011b kontrolov\u00e1ny, zda nejsou opot\u0159ebovan\u00e9, po\u0161kozen\u00e9 a nedoch\u00e1z\u00ed k \u00faniku.<\/p>\n<\/li>\n<li>\n<h3>Zkontrolujte mont\u00e1\u017en\u00ed \u0161rouby<\/h3>\n<p>Upev\u0148ovac\u00ed \u0161rouby v\u00e1lce by m\u011bly b\u00fdt pravideln\u011b kontrolov\u00e1ny z hlediska uta\u017een\u00ed.<\/p>\n<\/li>\n<li>\n<h3>V\u00fdm\u011bna hydraulick\u00e9ho oleje<\/h3>\n<p>Hydraulick\u00fd olej by m\u011bl b\u00fdt pravideln\u011b vym\u011b\u0148ov\u00e1n, aby se zabr\u00e1nilo zne\u010di\u0161t\u011bn\u00ed a zajistilo se spr\u00e1vn\u00e9 maz\u00e1n\u00ed.<\/p>\n<\/li>\n<li>\n<h3>Oprava nebo v\u00fdm\u011bna po\u0161kozen\u00fdch d\u00edl\u016f<\/h3>\n<p>Pokud je kter\u00e1koli \u010d\u00e1st v\u00e1lce po\u0161kozena, m\u011bla by b\u00fdt v\u010das opravena nebo vym\u011bn\u011bna.<\/p>\n<\/li>\n<\/ul>\n<p><img decoding=\"async\" src=\"https:\/\/www.hydraulic-cylinders.net\/wp-content\/uploads\/2025\/01\/songte-chushion-collar.webp\" alt=\"Obr\u00e1zek pol\u0161t\u00e1\u0159ov\u00e9ho l\u00edmce\"><\/p>\n<h2>Pokyny k instalaci<\/h2>\n<p>P\u0159i instalaci v\u00e1lce ramene je t\u0159eba dodr\u017eovat n\u00e1sleduj\u00edc\u00ed pokyny:<\/p>\n<ul>\n<li>\n<h3>Zkontrolujte v\u00e1lec<\/h3>\n<p>P\u0159ed instalac\u00ed zkontrolujte v\u00e1lec, zda nevykazuje zn\u00e1mky po\u0161kozen\u00ed nebo opot\u0159eben\u00ed.<\/p>\n<\/li>\n<li>\n<h3>Vy\u010dist\u011bte instala\u010dn\u00ed povrch<\/h3>\n<p>O\u010dist\u011bte mont\u00e1\u017en\u00ed povrch, abyste se ujistili, \u017ee neobsahuje \u017e\u00e1dn\u00e9 ne\u010distoty.<\/p>\n<\/li>\n<li>\n<h3>Zarovnejte v\u00e1lec<\/h3>\n<p>Vyrovnejte v\u00e1lec s mont\u00e1\u017en\u00ed plochou a ut\u00e1hn\u011bte mont\u00e1\u017en\u00ed \u0161rouby doporu\u010den\u00fdm utahovac\u00edm momentem.<\/p>\n<\/li>\n<li>\n<h3>P\u0159ipojen\u00ed hydraulick\u00fdch hadic<\/h3>\n<p>P\u0159ipojte hydraulick\u00e9 hadice k v\u00e1lci a hydraulick\u00e9mu syst\u00e9mu.<\/p>\n<\/li>\n<li>\n<h3>Otestujte v\u00e1lec<\/h3>\n<p>Zkontrolujte v\u00e1lec, zda funguje spr\u00e1vn\u011b a zda nedoch\u00e1z\u00ed k \u017e\u00e1dn\u00fdm net\u011bsnostem.<\/p>\n<\/li>\n<\/ul>\n<h2>Bezpe\u010dnostn\u00ed aspekty a faktory prost\u0159ed\u00ed<\/h2>\n<p>P\u0159i pou\u017e\u00edv\u00e1n\u00ed v\u00e1lce ramene je d\u016fle\u017eit\u00e9 dodr\u017eovat doporu\u010den\u00e9 bezpe\u010dnostn\u00ed postupy, aby nedo\u0161lo ke zran\u011bn\u00ed obsluhy nebo p\u0159ihl\u00ed\u017eej\u00edc\u00edch. Pro minimalizaci dopadu na \u017eivotn\u00ed prost\u0159ed\u00ed je t\u0159eba db\u00e1t na spr\u00e1vnou likvidaci hydraulick\u00e9 kapaliny a sou\u010d\u00e1st\u00ed v\u00e1lce.<\/p>\n<h2>Odstra\u0148ov\u00e1n\u00ed probl\u00e9m\u016f a b\u011b\u017en\u00e9 probl\u00e9my<\/h2>\n<p>N\u00e1sleduj\u00ed b\u011b\u017en\u00e9 probl\u00e9my, kter\u00e9 mohou nastat p\u0159i pou\u017e\u00edv\u00e1n\u00ed v\u00e1lce ramene:<\/p>\n<ul>\n<li>\n<h3>\u00danik<\/h3>\n<p>V\u00e1lec m\u016f\u017ee net\u011bsnit v d\u016fsledku opot\u0159eben\u00ed nebo po\u0161kozen\u00ed t\u011bsn\u011bn\u00ed \u010di jin\u00fdch sou\u010d\u00e1st\u00ed.<\/p>\n<\/li>\n<li>\n<h3>Nedostatek energie<\/h3>\n<p>V\u00e1lec nemus\u00ed poskytovat dostate\u010dn\u00fd v\u00fdkon kv\u016fli probl\u00e9m\u016fm s hydraulick\u00fdm syst\u00e9mem nebo po\u0161kozen\u00ed v\u00e1lce.<\/p>\n<\/li>\n<li>\n<h3>Hlu\u010dn\u00fd provoz<\/h3>\n<p>V\u00e1lec m\u016f\u017ee vyd\u00e1vat nadm\u011brn\u00fd hluk v d\u016fsledku probl\u00e9m\u016f s hydraulick\u00fdm syst\u00e9mem nebo vnit\u0159n\u00edmi sou\u010d\u00e1stmi.<\/p>\n<\/li>\n<\/ul>\n<p>K \u0159e\u0161en\u00ed t\u011bchto probl\u00e9m\u016f lze p\u0159ijmout n\u00e1sleduj\u00edc\u00ed opat\u0159en\u00ed:<\/p>\n<ul>\n<li>\n<h3>Vym\u011b\u0148te t\u011bsn\u011bn\u00ed<\/h3>\n<p>Pokud v\u00e1lec net\u011bsn\u00ed, je t\u0159eba vym\u011bnit t\u011bsn\u011bn\u00ed.<\/p>\n<\/li>\n<li>\n<h3>Zkontrolujte hydraulick\u00fd syst\u00e9m<\/h3>\n<p>Pokud v\u00e1lec nem\u00e1 dostate\u010dn\u00fd v\u00fdkon, je t\u0159eba zkontrolovat hydraulick\u00fd syst\u00e9m, zda nevykazuje probl\u00e9my.<\/p>\n<\/li>\n<li>\n<h3>Vym\u011b\u0148te po\u0161kozen\u00e9 sou\u010d\u00e1sti<\/h3>\n<p>Pokud v\u00e1lec vyd\u00e1v\u00e1 nadm\u011brn\u00fd hluk, je t\u0159eba vym\u011bnit po\u0161kozen\u00e9 vnit\u0159n\u00ed sou\u010d\u00e1sti.<\/p>\n<\/li>\n<\/ul>\n<p><img decoding=\"async\" src=\"https:\/\/www.hydraulic-cylinders.net\/wp-content\/uploads\/2025\/01\/songte-bushings-with-all-kinds-of-excavator-models.webp\" alt=\"Obr\u00e1zek pouzder\"><\/p>\n<h2>O n\u00e1s<\/h2>\n<p>Jsme profesion\u00e1ln\u00ed v\u00fdrobce n\u00e1hradn\u00edch hydraulick\u00fdch v\u00e1lc\u016f se \u0161irokou \u0161k\u00e1lou typ\u016f produkt\u016f a stali jsme se jedn\u00edm z p\u0159edn\u00edch v\u00fdrobc\u016f a velkoobchodn\u00edch distributor\u016f hydraulick\u00fdch v\u00e1lc\u016f na dom\u00e1c\u00edm i mezin\u00e1rodn\u00edm trhu. V\u017edy dodr\u017eujeme princip vynikaj\u00edc\u00ed kvality a spol\u00e9h\u00e1me se na strategii \u0159\u00edzen\u00ed pr\u016fmyslov\u00e9 v\u00fdroby v jemn\u00fdch v\u00fdrobn\u00edch d\u00edln\u00e1ch, abychom neust\u00e1le zlep\u0161ovali na\u0161i technickou \u00farove\u0148 a efektivitu v\u00fdroby. Zav\u00e1d\u011bn\u00edm \u0161pi\u010dkov\u00e9ho digit\u00e1ln\u00edho v\u00fdrobn\u00edho za\u0159\u00edzen\u00ed a profesion\u00e1ln\u00edch testovac\u00edch syst\u00e9m\u016f neust\u00e1le optimalizujeme v\u00fdrobn\u00ed platformu, zlep\u0161ujeme proces kontroly kvality v\u00fdrobk\u016f a m\u00e1me siln\u00e9 inova\u010dn\u00ed schopnosti. Na\u0161\u00edm c\u00edlem je uspokojovat rozmanit\u00e9 pot\u0159eby z\u00e1kazn\u00edk\u016f s vysokou efektivitou, p\u0159esnost\u00ed a principy vysok\u00e9 kvality.<\/p>\n<p><img decoding=\"async\" src=\"https:\/\/www.hydraulic-cylinders.net\/wp-content\/uploads\/2025\/01\/songte-company-4.webp\" alt=\"Image spole\u010dnosti\"><br \/>\n<img decoding=\"async\" src=\"https:\/\/www.hydraulic-cylinders.net\/wp-content\/uploads\/2025\/01\/songte-company-3.webp\" alt=\"Image spole\u010dnosti\"><\/p>\n<p>Na\u0161e spole\u010dnost se specializuje na poskytov\u00e1n\u00ed zak\u00e1zkov\u00fdch slu\u017eeb a v\u00fdrobu hydraulick\u00fdch v\u00e1lc\u016f, kter\u00e9 tyto v\u00e1lce dokonale nahrazuj\u00ed. Z\u00edskali jsme mezin\u00e1rodn\u00ed certifikace, jako jsou ISO9001, CE a TUV, a na\u0161e v\u00fdrobky se vyv\u00e1\u017eej\u00ed do v\u00edce ne\u017e 50 zem\u00ed a region\u016f po cel\u00e9m sv\u011bt\u011b. Poskytujeme profesion\u00e1ln\u00ed a efektivn\u00ed p\u0159edprodejn\u00ed, prodejn\u00ed a poprodejn\u00ed slu\u017eby a d\u00edky vynikaj\u00edc\u00ed kvalit\u011b a perfektn\u00edmu servisu jsme si z\u00edskali d\u016fv\u011bru a podporu na\u0161ich z\u00e1kazn\u00edk\u016f.<\/p>\n<p>Autor: lyl.<\/p>","protected":false},"excerpt":{"rendered":"<p>Arm Cylinder For Liebherr Large Excavator R974CL Introduction The arm cylinder is a specially designed hydraulic cylinder that is primarily used to provide linear motion and power to the arm of various types of machinery such as excavators, cranes, and mechanical arms. The arm cylinder plays a critical role in hydraulic systems, allowing attachments or [&hellip;]<\/p>","protected":false},"featured_media":14786,"comment_status":"open","ping_status":"closed","template":"","meta":{"_et_pb_use_builder":"","_et_pb_old_content":"","_et_gb_content_width":""},"product_brand":[],"product_cat":[1497],"product_tag":[1498,1496],"class_list":{"0":"post-16566","1":"product","2":"type-product","3":"status-publish","4":"has-post-thumbnail","6":"product_cat-arm-cylinders","7":"product_tag-arm-cylinders","8":"product_tag-hydraulic-cylinders","10":"first","11":"instock","12":"shipping-taxable","13":"product-type-simple"},"amp_enabled":true,"_links":{"self":[{"href":"https:\/\/www.hydraulic-cylinders.net\/cs\/wp-json\/wp\/v2\/product\/16566","targetHints":{"allow":["GET"]}}],"collection":[{"href":"https:\/\/www.hydraulic-cylinders.net\/cs\/wp-json\/wp\/v2\/product"}],"about":[{"href":"https:\/\/www.hydraulic-cylinders.net\/cs\/wp-json\/wp\/v2\/types\/product"}],"replies":[{"embeddable":true,"href":"https:\/\/www.hydraulic-cylinders.net\/cs\/wp-json\/wp\/v2\/comments?post=16566"}],"wp:featuredmedia":[{"embeddable":true,"href":"https:\/\/www.hydraulic-cylinders.net\/cs\/wp-json\/wp\/v2\/media\/14786"}],"wp:attachment":[{"href":"https:\/\/www.hydraulic-cylinders.net\/cs\/wp-json\/wp\/v2\/media?parent=16566"}],"wp:term":[{"taxonomy":"product_brand","embeddable":true,"href":"https:\/\/www.hydraulic-cylinders.net\/cs\/wp-json\/wp\/v2\/product_brand?post=16566"},{"taxonomy":"product_cat","embeddable":true,"href":"https:\/\/www.hydraulic-cylinders.net\/cs\/wp-json\/wp\/v2\/product_cat?post=16566"},{"taxonomy":"product_tag","embeddable":true,"href":"https:\/\/www.hydraulic-cylinders.net\/cs\/wp-json\/wp\/v2\/product_tag?post=16566"}],"curies":[{"name":"wp","href":"https:\/\/api.w.org\/{rel}","templated":true}]}}