{"id":16569,"date":"2025-01-21T05:34:36","date_gmt":"2025-01-21T05:34:36","guid":{"rendered":"https:\/\/www.hydraulic-cylinders.net\/product\/arm-cylinder-for-liebherr-large-excavator-r954c\/"},"modified":"2025-01-21T05:34:38","modified_gmt":"2025-01-21T05:34:38","slug":"arm-cylinder-for-liebherr-large-excavator-r954c","status":"publish","type":"product","link":"https:\/\/www.hydraulic-cylinders.net\/cs\/produkt\/arm-cylinder-for-liebherr-large-excavator-r954c\/","title":{"rendered":"V\u00e1lec ramene pro velk\u00e9 rypadlo Liebherr R954C"},"content":{"rendered":"<h1>V\u00e1lec ramene pro velk\u00e9 rypadlo Liebherr R954C<\/h1>\n<h2>Zaveden\u00ed<\/h2>\n<p>Hydraulick\u00fd v\u00e1lec ramene je speci\u00e1ln\u011b navr\u017een\u00fd hydraulick\u00fd v\u00e1lec, kter\u00fd se prim\u00e1rn\u011b pou\u017e\u00edv\u00e1 k zaji\u0161t\u011bn\u00ed line\u00e1rn\u00edho pohybu a v\u00fdkonu ramen r\u016fzn\u00fdch typ\u016f stroj\u016f, jako jsou bagry, je\u0159\u00e1by a robotick\u00e1 ramena. V\u00e1lec ramene hraje kl\u00ed\u010dovou roli v hydraulick\u00fdch syst\u00e9mech, proto\u017ee umo\u017e\u0148uje efektivn\u00ed pohyb a ovl\u00e1d\u00e1n\u00ed p\u0159\u00edslu\u0161enstv\u00ed nebo n\u00e1stroj\u016f. Tyto v\u00e1lce nejen\u017ee zaji\u0161\u0165uj\u00ed plynul\u00fd pohyb, ale tak\u00e9 odol\u00e1vaj\u00ed t\u011b\u017ek\u00fdm z\u00e1t\u011b\u017e\u00edm, \u010d\u00edm\u017e zaji\u0161\u0165uj\u00ed efektivn\u00ed provoz a spolehlivost stroj\u016f za r\u016fzn\u00fdch pracovn\u00edch podm\u00ednek.<\/p>\n<p><img decoding=\"async\" src=\"https:\/\/www.hydraulic-cylinders.net\/wp-content\/uploads\/2025\/01\/songte-company-2.webp\"><\/p>\n<h2>Funkce<\/h2>\n<ul>\n<li>Efektivn\u00ed p\u0159enos s\u00edly: V\u00e1lce ramen zaji\u0161\u0165uj\u00ed siln\u00fd line\u00e1rn\u00ed pohyb a s\u00edlu, co\u017e zaji\u0161\u0165uje vysok\u00fd v\u00fdkon ramen stroj\u016f v r\u016fzn\u00fdch operac\u00edch.<\/li>\n<li>P\u0159esn\u00e9 ovl\u00e1d\u00e1n\u00ed: D\u00edky hydraulick\u00fdm syst\u00e9m\u016fm mohou v\u00e1lce ramen dos\u00e1hnout p\u0159esn\u00e9ho ovl\u00e1d\u00e1n\u00ed pohybu, co\u017e zvy\u0161uje flexibilitu a p\u0159esnost obsluhy n\u00e1stroje.<\/li>\n<li>Vysok\u00e1 odolnost: V\u00e1lce ramen jsou obvykle vyrobeny z vysoce pevn\u00fdch materi\u00e1l\u016f s dobrou odolnost\u00ed proti opot\u0159eben\u00ed a korozi, vhodn\u00e9 pro dlouhodob\u00e9 pou\u017eit\u00ed v n\u00e1ro\u010dn\u00fdch podm\u00ednk\u00e1ch.<\/li>\n<li>Multifunk\u010dn\u00ed p\u0159izp\u016fsobivost: Tyto v\u00e1lce lze \u0161iroce pou\u017e\u00edvat v r\u016fzn\u00fdch typech stroj\u016f, jako jsou bagry, je\u0159\u00e1by a robotick\u00e1 ramena, pro p\u0159izp\u016fsoben\u00ed se r\u016fzn\u00fdm pracovn\u00edm po\u017eadavk\u016fm.<\/li>\n<li>Snadn\u00e1 \u00fadr\u017eba: D\u00edky konstrukci je \u00fadr\u017eba a v\u00fdm\u011bna snadno provediteln\u00e1, co\u017e usnad\u0148uje pravideln\u00e9 kontroly a \u00fadr\u017ebu a zkracuje prostoje za\u0159\u00edzen\u00ed.<\/li>\n<\/ul>\n<p>Na\u0161e produkty dok\u00e1\u017e\u00ed tyto hydraulick\u00e9 v\u00e1lce dokonale nahradit.<\/p>\n<p><img decoding=\"async\" src=\"https:\/\/www.hydraulic-cylinders.net\/wp-content\/uploads\/2025\/01\/songte-oil-pipes-and-spare-parts.webp\"><\/p>\n<h2>Aplikace<\/h2>\n<p>V\u00e1lce ramen se pou\u017e\u00edvaj\u00ed v \u0161irok\u00e9 \u0161k\u00e1le pr\u016fmyslov\u00fdch odv\u011btv\u00ed a aplikac\u00ed, v\u010detn\u011b:<\/p>\n<ul>\n<li>Konstrukce: U bagr\u016f a je\u0159\u00e1b\u016f se v\u00e1lce ramen pou\u017e\u00edvaj\u00ed k ovl\u00e1d\u00e1n\u00ed pohybu l\u017e\u00edc nebo v\u00fdlo\u017en\u00edk\u016f pro zemn\u00ed pr\u00e1ce, manipulaci s materi\u00e1lem a mont\u00e1\u017e konstrukc\u00ed.<\/li>\n<li>V\u00fdroba: V automatizovan\u00fdch v\u00fdrobn\u00edch link\u00e1ch se v\u00e1lce ramen pou\u017e\u00edvaj\u00ed k pohybu robotick\u00fdch ramen v procesech, jako je mont\u00e1\u017e, sva\u0159ov\u00e1n\u00ed a manipulace s materi\u00e1lem, co\u017e zlep\u0161uje efektivitu a p\u0159esnost v\u00fdroby.<\/li>\n<li>Zem\u011bd\u011blsk\u00e9 stroje: V zem\u011bd\u011blsk\u00fdch stroj\u00edch, jako jsou skl\u00edzec\u00ed a sec\u00ed stroje, ovl\u00e1daj\u00ed v\u00e1lce ramen pohyb ovl\u00e1dac\u00edch ramen a prov\u00e1d\u011bj\u00ed \u00fakoly, jako je s\u00e1zen\u00ed, hnojen\u00ed a sklize\u0148.<\/li>\n<li>T\u011b\u017eba: V t\u011b\u017eebn\u00edch za\u0159\u00edzen\u00edch se v\u00e1lce ramen pou\u017e\u00edvaj\u00ed k ovl\u00e1d\u00e1n\u00ed pohybu ramen t\u011b\u017eebn\u00edch za\u0159\u00edzen\u00ed pro t\u011b\u017ebu a p\u0159epravu rudy.<\/li>\n<li>Logistika a doprava: U vysokozdvi\u017en\u00fdch voz\u00edk\u016f a manipula\u010dn\u00edch robot\u016f ovl\u00e1daj\u00ed v\u00e1lce ramen zved\u00e1n\u00ed a pohyb vidlic, \u010d\u00edm\u017e se zaji\u0161\u0165uje manipulace a stohov\u00e1n\u00ed materi\u00e1l\u016f.<\/li>\n<\/ul>\n<h2>Konstruk\u010dn\u00ed aspekty a krit\u00e9ria v\u00fdb\u011bru<\/h2>\n<p>P\u0159i v\u00fdb\u011bru v\u00e1lc\u016f ramen pro stroje je t\u0159eba vz\u00edt v \u00favahu n\u011bkolik konstruk\u010dn\u00edch aspekt\u016f a v\u00fdb\u011brov\u00fdch krit\u00e9ri\u00ed, v\u010detn\u011b:<\/p>\n<h3>\u00danosnost<\/h3>\n<p>V\u00e1lec by m\u011bl b\u00fdt schopen odolat maxim\u00e1ln\u00edmu zat\u00ed\u017een\u00ed, kter\u00e9mu m\u016f\u017ee b\u00fdt vystaven b\u011bhem b\u011b\u017en\u00e9ho provozu, a zajistit tak bezpe\u010dn\u00fd a stabiln\u00ed provoz strojn\u00edho za\u0159\u00edzen\u00ed.<\/p>\n<h3>T\u011bsn\u011bn\u00ed<\/h3>\n<p>V\u00e1lec ramene by m\u011bl m\u00edt spolehliv\u00e9 t\u011bsn\u011bn\u00ed, aby se zabr\u00e1nilo \u00faniku hydraulick\u00e9ho oleje, kter\u00fd by mohl zp\u016fsobit po\u0161kozen\u00ed strojn\u00edho za\u0159\u00edzen\u00ed a po\u0161kodit \u017eivotn\u00ed prost\u0159ed\u00ed. T\u011bsnic\u00ed v\u00fdkon v\u00e1lce zaji\u0161\u0165uj\u00ed r\u016fzn\u00e9 t\u011bsnic\u00ed komponenty, jako jsou t\u011bsn\u011bn\u00ed p\u00edst\u016f a p\u00edstnic, vyroben\u00e9 z materi\u00e1l\u016f odoln\u00fdch proti opot\u0159eben\u00ed, jako je polyuretan a nitrilov\u00e1 pry\u017e.<\/p>\n<h3>Trvanlivost<\/h3>\n<p>V\u00e1lec ramene by m\u011bl b\u00fdt vyroben z vysoce pevn\u00fdch materi\u00e1l\u016f s vynikaj\u00edc\u00ed odolnost\u00ed proti opot\u0159eben\u00ed, korozi a trvanlivost\u00ed, aby byl vhodn\u00fd pro dlouhodob\u00e9 pou\u017e\u00edv\u00e1n\u00ed v n\u00e1ro\u010dn\u00fdch podm\u00ednk\u00e1ch.<\/p>\n<h3>Bezpe\u010dnost<\/h3>\n<p>V\u00e1lec by m\u011bl m\u00edt bezpe\u010dnostn\u00ed mechanismus, kter\u00fd zabra\u0148uje p\u0159et\u00ed\u017een\u00ed nebo po\u0161kozen\u00ed v d\u016fsledku abnorm\u00e1ln\u00edch podm\u00ednek, \u010d\u00edm\u017e se sni\u017euje riziko zran\u011bn\u00ed obsluhy a po\u0161kozen\u00ed strojn\u00edho za\u0159\u00edzen\u00ed.<\/p>\n<h3>\u00dadr\u017eba<\/h3>\n<p>V\u00e1lec by m\u011bl b\u00fdt navr\u017een pro snadnou \u00fadr\u017ebu a v\u00fdm\u011bnu sou\u010d\u00e1st\u00ed, \u010d\u00edm\u017e se sn\u00ed\u017e\u00ed prostoje a n\u00e1klady na \u00fadr\u017ebu.<\/p>\n<p><img decoding=\"async\" src=\"https:\/\/www.hydraulic-cylinders.net\/wp-content\/uploads\/2025\/01\/songte-cylinder-head-with-all-kinds-excavator-models.webp\"><\/p>\n<h2>T\u011bsn\u011bn\u00ed a maz\u00e1n\u00ed<\/h2>\n<p>Aby byla zaji\u0161t\u011bna t\u011bsnic\u00ed schopnost v\u00e1lc\u016f ramen, pou\u017e\u00edvaj\u00ed se r\u016fzn\u00e9 t\u011bsnic\u00ed komponenty, jako jsou t\u011bsn\u011bn\u00ed p\u00edst\u016f a p\u00edstnic, vyroben\u00e9 z materi\u00e1l\u016f odoln\u00fdch proti opot\u0159eben\u00ed, jako je polyuretan a nitrilov\u00e1 pry\u017e. T\u011bleso v\u00e1lce a povrch z\u00e1vitu jsou jemn\u011b opracov\u00e1ny pro zlep\u0161en\u00ed odolnosti proti opot\u0159eben\u00ed. Pravideln\u00e9 vst\u0159ikov\u00e1n\u00ed odpov\u00eddaj\u00edc\u00edho mno\u017estv\u00ed hydraulick\u00e9ho oleje m\u016f\u017ee zajistit maz\u00e1n\u00ed a chlazen\u00ed v\u00e1lce.<\/p>\n<h2>Inspekce a preventivn\u00ed \u00fadr\u017eba<\/h2>\n<p>Pravideln\u00e1 kontrola a preventivn\u00ed \u00fadr\u017eba jsou d\u016fle\u017eit\u00e9 pro zaji\u0161t\u011bn\u00ed v\u00fdkonu a bezpe\u010dnosti v\u00e1lc\u016f ramen. M\u011bla by b\u00fdt p\u0159ijata n\u00e1sleduj\u00edc\u00ed opat\u0159en\u00ed:<\/p>\n<ul>\n<li>Pravideln\u011b kontrolujte t\u011bsnic\u00ed v\u00fdkon v\u00e1lce a v\u010das vym\u011b\u0148ujte opot\u0159ebovan\u00e1 t\u011bsn\u011bn\u00ed.<\/li>\n<li>Vy\u010dist\u011bte povrch v\u00e1lce a odstra\u0148te ne\u010distoty, abyste zabr\u00e1nili jeho po\u0161kozen\u00ed.<\/li>\n<li>Zkontrolujte nosnost v\u00e1lce a v p\u0159\u00edpad\u011b rizika p\u0159et\u00ed\u017een\u00ed jej v\u010das vym\u011b\u0148te.<\/li>\n<li>Zkontrolujte bezpe\u010dnostn\u00ed mechanismus v\u00e1lce a vym\u011b\u0148te jej, pokud je po\u0161kozen\u00fd nebo nefunk\u010dn\u00ed.<\/li>\n<\/ul>\n<p><img decoding=\"async\" src=\"https:\/\/www.hydraulic-cylinders.net\/wp-content\/uploads\/2025\/01\/songte-chushion-collar.webp\"><\/p>\n<h2>Instala\u010dn\u00ed p\u0159\u00edru\u010dka<\/h2>\n<p>Pro spr\u00e1vnou instalaci v\u00e1lc\u016f ramene je t\u0159eba dodr\u017eet n\u00e1sleduj\u00edc\u00ed kroky:<\/p>\n<ol>\n<li>Ujist\u011bte se, \u017ee povrch pro instalaci je \u010dist\u00fd a bez ne\u010distot.<\/li>\n<li>Vyrovnejte v\u00e1lec a mont\u00e1\u017en\u00ed povrch a ut\u00e1hn\u011bte mont\u00e1\u017en\u00ed \u0161rouby p\u0159edepsan\u00fdm utahovac\u00edm momentem.<\/li>\n<li>P\u0159ipojte hydraulick\u00e9 hadice a armatury k v\u00e1lci.<\/li>\n<li>Napl\u0148te hydraulick\u00fd syst\u00e9m odpov\u00eddaj\u00edc\u00edm mno\u017estv\u00edm hydraulick\u00e9ho oleje a zkontrolujte t\u011bsnost.<\/li>\n<li>Zkontrolujte funkci v\u00e1lce a v p\u0159\u00edpad\u011b pot\u0159eby jej se\u0159i\u010fte.<\/li>\n<\/ol>\n<p><img decoding=\"async\" src=\"https:\/\/www.hydraulic-cylinders.net\/wp-content\/uploads\/2025\/01\/songte-bushings-with-all-kinds-of-excavator-models.webp\"><\/p>\n<h2>Bezpe\u010dnostn\u00ed a environment\u00e1ln\u00ed faktory<\/h2>\n<p>P\u0159i pou\u017e\u00edv\u00e1n\u00ed v\u00e1lc\u016f s ramenem by m\u011bla b\u00fdt p\u0159ijata bezpe\u010dnostn\u00ed opat\u0159en\u00ed, aby se zabr\u00e1nilo nehod\u00e1m nebo zran\u011bn\u00ed obsluhy. Bezpe\u010dnostn\u00ed opat\u0159en\u00ed zahrnuj\u00ed:<\/p>\n<ul>\n<li>No\u0161en\u00ed ochrann\u00e9ho od\u011bvu a vybaven\u00ed p\u0159i obsluze stroj\u016f.<\/li>\n<li>Pou\u017e\u00edv\u00e1n\u00ed stroj\u016f v souladu s pokyny v\u00fdrobce a bezpe\u010dnostn\u00edmi pokyny.<\/li>\n<li>Udr\u017eov\u00e1n\u00ed stroj\u016f a v\u00e1lc\u016f ramen v dobr\u00e9m stavu.<\/li>\n<li>Prov\u00e1d\u011bn\u00ed pravideln\u00fdch kontrol a preventivn\u00ed \u00fadr\u017eby.<\/li>\n<\/ul>\n<p>Je t\u0159eba zohlednit i faktory prost\u0159ed\u00ed a prov\u00e9st \u0159\u00e1dnou likvidaci hydraulick\u00e9ho oleje a sou\u010d\u00e1st\u00ed v\u00e1lc\u016f, aby se zabr\u00e1nilo zne\u010di\u0161t\u011bn\u00ed \u017eivotn\u00edho prost\u0159ed\u00ed.<\/p>\n<h2>B\u011b\u017en\u00e9 probl\u00e9my a jejich \u0159e\u0161en\u00ed<\/h2>\n<p>Mezi b\u011b\u017en\u00e9 probl\u00e9my, kter\u00e9 mohou nastat s v\u00e1lci ramene, pat\u0159\u00ed:<\/p>\n<ul>\n<li>\u00danik hydraulick\u00e9ho oleje v d\u016fsledku opot\u0159ebovan\u00fdch nebo po\u0161kozen\u00fdch t\u011bsn\u011bn\u00ed.<\/li>\n<li>Sn\u00ed\u017een\u00e1 \u00fanosnost v d\u016fsledku opot\u0159eben\u00ed nebo po\u0161kozen\u00ed.<\/li>\n<li>Abnorm\u00e1ln\u00ed hluk v d\u016fsledku uvoln\u011bn\u00fdch nebo po\u0161kozen\u00fdch sou\u010d\u00e1st\u00ed.<\/li>\n<li>Selh\u00e1n\u00ed provozu z d\u016fvodu poruchy bezpe\u010dnostn\u00edho mechanismu.<\/li>\n<\/ul>\n<p>K \u0159e\u0161en\u00ed t\u011bchto probl\u00e9m\u016f byste m\u011bli pou\u017e\u00edt n\u00e1sleduj\u00edc\u00ed tipy a \u0159e\u0161en\u00ed:<\/p>\n<ul>\n<li>Vym\u011b\u0148te opot\u0159ebovan\u00e1 nebo po\u0161kozen\u00e1 t\u011bsn\u011bn\u00ed, abyste zabr\u00e1nili \u00faniku hydraulick\u00e9ho oleje.<\/li>\n<li>Vym\u011b\u0148te opot\u0159ebovan\u00e1 nebo po\u0161kozen\u00e1 lo\u017eiska, abyste obnovili \u00fanosnost v\u00e1lce.<\/li>\n<li>Ut\u00e1hn\u011bte nebo vym\u011b\u0148te uvoln\u011bn\u00e9 nebo po\u0161kozen\u00e9 sou\u010d\u00e1sti, abyste odstranili abnorm\u00e1ln\u00ed hluk.<\/li>\n<li>Vym\u011b\u0148te vadn\u00fd bezpe\u010dnostn\u00ed mechanismus, abyste zajistili bezpe\u010dn\u00fd a spolehliv\u00fd provoz.<\/li>\n<\/ul>\n<p>M\u011bla by se tak\u00e9 p\u0159ij\u00edmat preventivn\u00ed opat\u0159en\u00ed, jako je pravideln\u00e1 kontrola a \u00fadr\u017eba, aby se minimalizovaly potenci\u00e1ln\u00ed probl\u00e9my.<\/p>\n<p><img decoding=\"async\" src=\"https:\/\/www.hydraulic-cylinders.net\/wp-content\/uploads\/2025\/01\/songte-company-4.webp\"><br \/>\n<img decoding=\"async\" src=\"https:\/\/www.hydraulic-cylinders.net\/wp-content\/uploads\/2025\/01\/songte-company-3.webp\"><\/p>\n<h2>O n\u00e1s<\/h2>\n<p>Jsme profesion\u00e1ln\u00ed v\u00fdrobce n\u00e1hradn\u00edch hydraulick\u00fdch v\u00e1lc\u016f s \u0161irokou \u0161k\u00e1lou produkt\u016f a stali jsme se jedn\u00edm z p\u0159edn\u00edch v\u00fdrobc\u016f a velkoobchodn\u00edch distributor\u016f hydraulick\u00fdch v\u00e1lc\u016f na dom\u00e1c\u00edm i mezin\u00e1rodn\u00edm trhu. V\u017edy se dr\u017e\u00edme principu vynikaj\u00edc\u00ed kvality a spol\u00e9h\u00e1me se na strategii industrializovan\u00e9ho \u0159\u00edzen\u00ed v\u00fdroby v jemn\u00fdch v\u00fdrobn\u00edch d\u00edln\u00e1ch, abychom neust\u00e1le zlep\u0161ovali na\u0161i technologii a efektivitu v\u00fdroby. Zav\u00e1d\u011bn\u00edm \u0161pi\u010dkov\u00e9ho digit\u00e1ln\u00edho v\u00fdrobn\u00edho za\u0159\u00edzen\u00ed a profesion\u00e1ln\u00edch testovac\u00edch syst\u00e9m\u016f neust\u00e1le optimalizujeme na\u0161i v\u00fdrobn\u00ed platformu, zlep\u0161ujeme proces kontroly kvality na\u0161ich v\u00fdrobk\u016f a m\u00e1me siln\u00e9 inova\u010dn\u00ed schopnosti. Na\u0161\u00edm c\u00edlem je uspokojovat rozmanit\u00e9 pot\u0159eby z\u00e1kazn\u00edk\u016f s vysokou efektivitou, p\u0159esnost\u00ed a vysokou kvalitou.<\/p>\n<h3>Profesionalita<\/h3>\n<p>M\u00e1me profesion\u00e1ln\u00ed t\u00fdm s rozs\u00e1hl\u00fdmi zku\u0161enostmi v oblasti n\u00e1vrhu, v\u00fdroby a kontroly kvality hydraulick\u00fdch v\u00e1lc\u016f, co\u017e zaji\u0161\u0165uje, \u017ee na\u0161e produkty spl\u0148uj\u00ed mezin\u00e1rodn\u00ed standardy a po\u017eadavky z\u00e1kazn\u00edk\u016f.<\/p>\n<h3>Mezin\u00e1rodn\u00ed certifikace<\/h3>\n<p>Na\u0161e hydraulick\u00e9 v\u00e1lce z\u00edskaly mezin\u00e1rodn\u00ed certifikace, jako jsou ISO9001, CE a SGS, co\u017e zaru\u010duje kvalitu a bezpe\u010dnost na\u0161ich v\u00fdrobk\u016f.<\/p>\n<h3>Slu\u017eby p\u0159izp\u016fsoben\u00ed<\/h3>\n<p>Poskytujeme slu\u017eby \u00fapravy hydraulick\u00fdch v\u00e1lc\u016f dle po\u017eadavk\u016f z\u00e1kazn\u00edka a specifick\u00fdch aplikac\u00ed, abychom zajistili nejlep\u0161\u00ed v\u00fdkon a cenovou efektivitu na\u0161ich produkt\u016f.<\/p>\n<h3>V\u00fdrobn\u00ed za\u0159\u00edzen\u00ed<\/h3>\n<p>Na\u0161e sofistikovan\u00e9 v\u00fdrobn\u00ed za\u0159\u00edzen\u00ed, jako jsou CNC stroje a testovac\u00ed syst\u00e9my, n\u00e1m umo\u017e\u0148uje vyr\u00e1b\u011bt vysoce kvalitn\u00ed hydraulick\u00e9 v\u00e1lce s p\u0159esnost\u00ed a efektivitou.<\/p>\n<h3>Poprodejn\u00ed servis<\/h3>\n<p>Poskytujeme komplexn\u00ed poprodejn\u00ed servis a technickou podporu, abychom zajistili, \u017ee na\u0161i z\u00e1kazn\u00edci mohou na\u0161e produkty pou\u017e\u00edvat s d\u016fv\u011brou a \u0159e\u0161it jak\u00e9koli probl\u00e9my, s nimi\u017e se b\u011bhem jejich pou\u017e\u00edv\u00e1n\u00ed setkaj\u00ed.<\/p>\n<p><em>Autor: lyl<\/em><\/p>","protected":false},"excerpt":{"rendered":"<p>Arm Cylinder For Liebherr Large Excavator R954C Introduction An arm cylinder is a specially designed hydraulic cylinder that is primarily used to provide linear motion and power to the arms of various types of machinery, such as excavators, cranes, and robotic arms. The arm cylinder plays a key role in hydraulic systems, allowing for effective [&hellip;]<\/p>","protected":false},"featured_media":14777,"comment_status":"open","ping_status":"closed","template":"","meta":{"_et_pb_use_builder":"","_et_pb_old_content":"","_et_gb_content_width":""},"product_brand":[],"product_cat":[1497],"product_tag":[1498,1496],"class_list":{"0":"post-16569","1":"product","2":"type-product","3":"status-publish","4":"has-post-thumbnail","6":"product_cat-arm-cylinders","7":"product_tag-arm-cylinders","8":"product_tag-hydraulic-cylinders","10":"first","11":"instock","12":"shipping-taxable","13":"product-type-simple"},"amp_enabled":true,"_links":{"self":[{"href":"https:\/\/www.hydraulic-cylinders.net\/cs\/wp-json\/wp\/v2\/product\/16569","targetHints":{"allow":["GET"]}}],"collection":[{"href":"https:\/\/www.hydraulic-cylinders.net\/cs\/wp-json\/wp\/v2\/product"}],"about":[{"href":"https:\/\/www.hydraulic-cylinders.net\/cs\/wp-json\/wp\/v2\/types\/product"}],"replies":[{"embeddable":true,"href":"https:\/\/www.hydraulic-cylinders.net\/cs\/wp-json\/wp\/v2\/comments?post=16569"}],"wp:featuredmedia":[{"embeddable":true,"href":"https:\/\/www.hydraulic-cylinders.net\/cs\/wp-json\/wp\/v2\/media\/14777"}],"wp:attachment":[{"href":"https:\/\/www.hydraulic-cylinders.net\/cs\/wp-json\/wp\/v2\/media?parent=16569"}],"wp:term":[{"taxonomy":"product_brand","embeddable":true,"href":"https:\/\/www.hydraulic-cylinders.net\/cs\/wp-json\/wp\/v2\/product_brand?post=16569"},{"taxonomy":"product_cat","embeddable":true,"href":"https:\/\/www.hydraulic-cylinders.net\/cs\/wp-json\/wp\/v2\/product_cat?post=16569"},{"taxonomy":"product_tag","embeddable":true,"href":"https:\/\/www.hydraulic-cylinders.net\/cs\/wp-json\/wp\/v2\/product_tag?post=16569"}],"curies":[{"name":"wp","href":"https:\/\/api.w.org\/{rel}","templated":true}]}}