{"id":16570,"date":"2025-01-21T05:34:40","date_gmt":"2025-01-21T05:34:40","guid":{"rendered":"https:\/\/www.hydraulic-cylinders.net\/product\/arm-cylinder-for-liebherr-large-excavator-r970s\/"},"modified":"2025-01-21T05:34:42","modified_gmt":"2025-01-21T05:34:42","slug":"arm-cylinder-for-liebherr-large-excavator-r970s","status":"publish","type":"product","link":"https:\/\/www.hydraulic-cylinders.net\/cs\/produkt\/arm-cylinder-for-liebherr-large-excavator-r970s\/","title":{"rendered":"V\u00e1lec ramene pro velk\u00e9 rypadlo Liebherr R970S"},"content":{"rendered":"<h2>V\u00e1lec ramene pro velk\u00e9 rypadlo Liebherr R970S<\/h2>\n<h3>Zaveden\u00ed<\/h3>\n<p>V\u00e1lec ramene je speci\u00e1ln\u011b navr\u017een\u00fd hydraulick\u00fd v\u00e1lec pou\u017e\u00edvan\u00fd k zaji\u0161t\u011bn\u00ed line\u00e1rn\u00edho pohybu a v\u00fdkonu ramene r\u016fzn\u00fdch typ\u016f stroj\u016f, jako jsou bagry, je\u0159\u00e1by a mechanick\u00e1 ramena. V\u00e1lec ramene hraje kl\u00ed\u010dovou roli v hydraulick\u00e9m syst\u00e9mu, proto\u017ee umo\u017e\u0148uje efektivn\u00ed pohyb a ovl\u00e1d\u00e1n\u00ed dal\u0161\u00edho n\u00e1\u0159ad\u00ed nebo p\u0159\u00edslu\u0161enstv\u00ed. Tyto v\u00e1lce nejen dosahuj\u00ed plynul\u00e9ho pohybu, ale tak\u00e9 odol\u00e1vaj\u00ed t\u011b\u017ek\u00fdm z\u00e1t\u011b\u017e\u00edm, co\u017e zaji\u0161\u0165uje efektivn\u00ed provoz a spolehlivost stroj\u016f za r\u016fzn\u00fdch provozn\u00edch podm\u00ednek.<\/p>\n<figure>\n  <img decoding=\"async\" src=\"https:\/\/www.hydraulic-cylinders.net\/wp-content\/uploads\/2025\/01\/songte-company-2.webp\" alt=\"V\u00e1lec ramene\"><figcaption>V\u00e1lec ramene<\/figcaption><\/figure>\n<h3>Funkce<\/h3>\n<ul>\n<li><strong>Efektivn\u00ed p\u0159enos v\u00fdkonu:<\/strong> V\u00e1lec ramene zaji\u0161\u0165uje siln\u00fd line\u00e1rn\u00ed pohyb a s\u00edlu, co\u017e zaji\u0161\u0165uje vysok\u00fd v\u00fdkon mechanick\u00e9ho ramene v r\u016fzn\u00fdch operac\u00edch.<\/li>\n<li><strong>P\u0159esn\u00e9 ovl\u00e1d\u00e1n\u00ed:<\/strong> D\u00edky hydraulick\u00e9mu syst\u00e9mu m\u016f\u017ee v\u00e1lec ramene dos\u00e1hnout p\u0159esn\u00e9ho \u0159\u00edzen\u00ed pohybu, co\u017e zvy\u0161uje flexibilitu a p\u0159esnost ovl\u00e1d\u00e1n\u00ed dal\u0161\u00edch n\u00e1stroj\u016f.<\/li>\n<li><strong>Siln\u00e1 trvanlivost:<\/strong> V\u00e1lce ramen jsou obvykle vyrobeny z vysoce pevn\u00fdch materi\u00e1l\u016f a maj\u00ed dobrou odolnost proti opot\u0159eben\u00ed a korozi, d\u00edky \u010demu\u017e jsou vhodn\u00e9 pro dlouhodob\u00e9 pou\u017e\u00edv\u00e1n\u00ed v n\u00e1ro\u010dn\u00fdch podm\u00ednk\u00e1ch.<\/li>\n<li><strong>Multifunk\u010dn\u00ed p\u0159izp\u016fsobivost:<\/strong> Tyto v\u00e1lce lze \u0161iroce pou\u017e\u00edvat v r\u016fzn\u00fdch mechanick\u00fdch za\u0159\u00edzen\u00edch, jako jsou bagry, je\u0159\u00e1by a mechanick\u00e1 ramena, aby se p\u0159izp\u016fsobily r\u016fzn\u00fdm pracovn\u00edm po\u017eadavk\u016fm.<\/li>\n<li><strong>Snadn\u00e1 \u00fadr\u017eba:<\/strong> Navr\u017eeno pro snadnou \u00fadr\u017ebu a v\u00fdm\u011bnu, co\u017e usnad\u0148uje pravidelnou kontrolu a \u00fadr\u017ebu a zkracuje prostoje za\u0159\u00edzen\u00ed.<\/li>\n<\/ul>\n<figure>\n  <img decoding=\"async\" src=\"https:\/\/www.hydraulic-cylinders.net\/wp-content\/uploads\/2025\/01\/songte-oil-pipes-and-spare-parts.webp\" alt=\"Olejov\u00e9 trubky a n\u00e1hradn\u00ed d\u00edly\"><figcaption>Olejov\u00e9 trubky a n\u00e1hradn\u00ed d\u00edly<\/figcaption><\/figure>\n<h3>Aplikace<\/h3>\n<p>V\u00e1lec ramene lze pou\u017e\u00edt v r\u016fzn\u00fdch pr\u016fmyslov\u00fdch odv\u011btv\u00edch, jako nap\u0159\u00edklad:<\/p>\n<ul>\n<li><strong>Stavebn\u00ed in\u017een\u00fdrstv\u00ed:<\/strong> U bagr\u016f a je\u0159\u00e1b\u016f se v\u00e1lec ramene pou\u017e\u00edv\u00e1 k ovl\u00e1d\u00e1n\u00ed pohybu l\u017e\u00edce nebo v\u00fdlo\u017en\u00edku pro zemn\u00ed pr\u00e1ce, manipulaci s materi\u00e1lem a mont\u00e1\u017e konstrukc\u00ed.<\/li>\n<li><strong>V\u00fdrobn\u00ed:<\/strong> V automatizovan\u00fdch v\u00fdrobn\u00edch link\u00e1ch se v\u00e1lec ramene pou\u017e\u00edv\u00e1 k pohybu mechanick\u00fdch ramen, pro mont\u00e1\u017en\u00ed, sva\u0159ovac\u00ed a manipula\u010dn\u00ed procesy, co\u017e zvy\u0161uje efektivitu a p\u0159esnost v\u00fdroby.<\/li>\n<li><strong>Zem\u011bd\u011blsk\u00e9 stroje:<\/strong> V zem\u011bd\u011blsk\u00fdch stroj\u00edch, jako jsou skl\u00edzec\u00ed a sec\u00ed stroje, v\u00e1lec ramene ovl\u00e1d\u00e1 pohyb ovl\u00e1dac\u00edho ramene a prov\u00e1d\u00ed \u00fakoly, jako je set\u00ed, hnojen\u00ed a sklize\u0148.<\/li>\n<li><strong>Hornictv\u00ed:<\/strong> V t\u011b\u017eebn\u00edch za\u0159\u00edzen\u00edch se v\u00e1lec ramene pou\u017e\u00edv\u00e1 k ovl\u00e1d\u00e1n\u00ed pohybu ramene t\u011b\u017eebn\u00edho za\u0159\u00edzen\u00ed pro t\u011b\u017ebu a p\u0159epravu rudy.<\/li>\n<li><strong>Logistika a doprava:<\/strong> U vysokozdvi\u017en\u00fdch voz\u00edk\u016f a manipula\u010dn\u00edch robot\u016f se v\u00e1lec ramene pou\u017e\u00edv\u00e1 k ovl\u00e1d\u00e1n\u00ed zved\u00e1n\u00ed a pohybu n\u00e1kladu, \u010d\u00edm\u017e se dosahuje manipulace s materi\u00e1lem a jeho stohov\u00e1n\u00ed.<\/li>\n<\/ul>\n<h3>Zv\u00e1\u017een\u00ed n\u00e1vrhu a krit\u00e9ria v\u00fdb\u011bru<\/h3>\n<p>V\u00e1lec ramene mus\u00ed spl\u0148ovat ur\u010dit\u00e9 po\u017eadavky, pokud jde o jeho nosnost, t\u011bsn\u011bn\u00ed, trvanlivost, bezpe\u010dnost a \u00fadr\u017ebu. Mezi kl\u00ed\u010dov\u00e9 konstruk\u010dn\u00ed aspekty pat\u0159\u00ed:<\/p>\n<ul>\n<li><strong>Nosnost:<\/strong> V\u00e1lec ramene mus\u00ed b\u00fdt schopen odolat maxim\u00e1ln\u00edmu zat\u00ed\u017een\u00ed, kter\u00e9mu bude b\u011bhem provozu \u010delit, aby byl zaji\u0161t\u011bn bezpe\u010dn\u00fd a spolehliv\u00fd provoz strojn\u00edho za\u0159\u00edzen\u00ed.<\/li>\n<li><strong>T\u011bsn\u011bn\u00ed:<\/strong> Aby se zabr\u00e1nilo \u00faniku oleje a zajistil spolehliv\u00fd provoz v\u00e1lce, m\u011bly by se pou\u017e\u00edvat r\u016fzn\u00e9 t\u011bsnic\u00ed komponenty, jako jsou t\u011bsn\u011bn\u00ed p\u00edstu a t\u011bsn\u011bn\u00ed p\u00edstnice.<\/li>\n<li><strong>Trvanlivost:<\/strong> T\u011bleso v\u00e1lce je obvykle vyrobeno z vysoce pevn\u00fdch materi\u00e1l\u016f a povrch je o\u0161et\u0159en pro zlep\u0161en\u00ed odolnosti proti opot\u0159eben\u00ed a korozi, co\u017e je vhodn\u00e9 pro pou\u017eit\u00ed v n\u00e1ro\u010dn\u00fdch podm\u00ednk\u00e1ch.<\/li>\n<li><strong>Bezpe\u010dnost:<\/strong> Pro zaji\u0161t\u011bn\u00ed bezpe\u010dnosti provozu stroj\u016f by m\u011bla b\u00fdt pou\u017e\u00edv\u00e1na bezpe\u010dnostn\u00ed za\u0159\u00edzen\u00ed, jako jsou pojistn\u00e9 ventily, koncov\u00e9 sp\u00edna\u010de a brzdov\u00e9 ventily.<\/li>\n<li><strong>\u00dadr\u017eba:<\/strong> V\u00e1lec by m\u011bl b\u00fdt navr\u017een pro snadnou \u00fadr\u017ebu a v\u00fdm\u011bnu d\u00edl\u016f, aby byl zaji\u0161t\u011bn spolehliv\u00fd provoz strojn\u00edho za\u0159\u00edzen\u00ed a sn\u00ed\u017eeny n\u00e1klady na \u00fadr\u017ebu.<\/li>\n<\/ul>\n<figure>\n  <img decoding=\"async\" src=\"https:\/\/www.hydraulic-cylinders.net\/wp-content\/uploads\/2025\/01\/songte-cylinder-head-with-all-kinds-excavator-models.webp\" alt=\"Hlava v\u00e1lc\u016f s modely bagr\u016f\"><figcaption>Hlava v\u00e1lc\u016f s modely bagr\u016f<\/figcaption><\/figure>\n<h3>T\u011bsn\u011bn\u00ed a maz\u00e1n\u00ed<\/h3>\n<p>V\u00e1lec ramene pou\u017e\u00edv\u00e1 r\u016fzn\u00e9 t\u011bsnic\u00ed komponenty, jako jsou t\u011bsn\u011bn\u00ed p\u00edstu a t\u011bsn\u011bn\u00ed p\u00edstnice, vyroben\u00e9 z materi\u00e1l\u016f odoln\u00fdch proti opot\u0159eben\u00ed, jako je polyuretan a nitrilov\u00e1 pry\u017e. T\u011bleso v\u00e1lce a z\u00e1vitov\u00fd konec jsou jemn\u011b opracov\u00e1ny pro zlep\u0161en\u00ed odolnosti proti opot\u0159eben\u00ed. V\u00e1lec vy\u017eaduje pravideln\u00e9 maz\u00e1n\u00ed vhodn\u00fdm hydraulick\u00fdm olejem, aby byl zaji\u0161t\u011bn spolehliv\u00fd provoz v\u00e1lce a zabr\u00e1nilo se opot\u0159eben\u00ed.<\/p>\n<h3>Pravideln\u00e1 kontrola a preventivn\u00ed \u00fadr\u017eba<\/h3>\n<p>V\u00e1lec ramene vy\u017eaduje pravidelnou kontrolu a preventivn\u00ed \u00fadr\u017ebu, aby byl zaji\u0161t\u011bn spolehliv\u00fd provoz. M\u011bla by b\u00fdt p\u0159ijata n\u00e1sleduj\u00edc\u00ed opat\u0159en\u00ed:<\/p>\n<ul>\n<li>Pravideln\u011b kontrolujte t\u011bsnic\u00ed prvky, zda nejsou opot\u0159ebovan\u00e9 nebo po\u0161kozen\u00e9, a v\u010das je vym\u011b\u0148te.<\/li>\n<li>Pravideln\u011b \u010dist\u011bte povrch t\u011blesa v\u00e1lce a z\u00e1vitov\u00e9ho konce a nan\u00e1\u0161ejte mazac\u00ed olej, abyste zabr\u00e1nili opot\u0159eben\u00ed.<\/li>\n<li>Pravideln\u011b kontrolujte bezpe\u010dnostn\u00ed za\u0159\u00edzen\u00ed, jako jsou pojistn\u00e9 ventily a koncov\u00e9 sp\u00edna\u010de, a ujist\u011bte se, \u017ee spr\u00e1vn\u011b funguj\u00ed.<\/li>\n<li>Pravideln\u011b kontrolujte upev\u0148ovac\u00ed \u0161rouby a ujist\u011bte se, \u017ee jsou uta\u017eeny p\u0159edepsan\u00fdm utahovac\u00edm momentem.<\/li>\n<\/ul>\n<figure>\n  <img decoding=\"async\" src=\"https:\/\/www.hydraulic-cylinders.net\/wp-content\/uploads\/2025\/01\/songte-chushion-collar.webp\" alt=\"Chr\u00e1ni\u010dov\u00fd obojek\"><figcaption>Chr\u00e1ni\u010dov\u00fd obojek<\/figcaption><\/figure>\n<h3>Instala\u010dn\u00ed p\u0159\u00edru\u010dka<\/h3>\n<p>Pro spr\u00e1vnou instalaci v\u00e1lce ramene je t\u0159eba dodr\u017eet n\u00e1sleduj\u00edc\u00ed kroky:<\/p>\n<ul>\n<li>O\u010dist\u011bte mont\u00e1\u017en\u00ed povrch v\u00e1lce a ujist\u011bte se, \u017ee neobsahuje ot\u0159epy, ne\u010distoty a jin\u00e9 ne\u010distoty.<\/li>\n<li>Naneste vhodn\u00fd tmel na z\u00e1vitov\u00fd konec v\u00e1lce a za\u0161roubujte jej do mont\u00e1\u017en\u00edho otvoru.<\/li>\n<li>Pomoc\u00ed momentov\u00e9ho kl\u00ed\u010de ut\u00e1hn\u011bte mont\u00e1\u017en\u00ed \u0161rouby na p\u0159edepsan\u00fd utahovac\u00ed moment.<\/li>\n<li>P\u0159ipojte hydraulick\u00e9 hadice k v\u00e1lci a ujist\u011bte se, \u017ee jsou \u0159\u00e1dn\u011b ut\u011bsn\u011bny.<\/li>\n<li>Prove\u010fte zku\u0161ebn\u00ed provoz, abyste se ujistili, \u017ee v\u00e1lec funguje spr\u00e1vn\u011b, a zkontrolujte, zda nedoch\u00e1z\u00ed k \u00fanik\u016fm.<\/li>\n<\/ul>\n<h3>Bezpe\u010dnostn\u00ed aspekty a faktory prost\u0159ed\u00ed<\/h3>\n<p>P\u0159i pou\u017e\u00edv\u00e1n\u00ed v\u00e1lce s ramenem je d\u016fle\u017eit\u00e9 dodr\u017eovat bezpe\u010dnostn\u00ed pokyny a pou\u017e\u00edvat vhodn\u00e1 bezpe\u010dnostn\u00ed za\u0159\u00edzen\u00ed, jako jsou pojistn\u00e9 ventily a koncov\u00e9 sp\u00edna\u010de, aby se zabr\u00e1nilo nehod\u00e1m. Pro zaji\u0161t\u011bn\u00ed spolehliv\u00e9ho provozu v\u00e1lce a zabr\u00e1n\u011bn\u00ed po\u0161kozen\u00ed je t\u0159eba zohlednit tak\u00e9 faktory prost\u0159ed\u00ed, jako je teplota, vlhkost a korozivn\u00ed l\u00e1tky.<\/p>\n<h3>Odstra\u0148ov\u00e1n\u00ed probl\u00e9m\u016f a b\u011b\u017en\u00e9 probl\u00e9my<\/h3>\n<p>N\u00e1sleduj\u00ed b\u011b\u017en\u00e9 probl\u00e9my a tipy pro jejich \u0159e\u0161en\u00ed:<\/p>\n<ul>\n<li><strong>Net\u011bsnost t\u011bsn\u011bn\u00ed:<\/strong> Zkontrolujte t\u011bsnic\u00ed komponenty, zda nejsou opot\u0159ebovan\u00e9 nebo po\u0161kozen\u00e9, a v\u010das je vym\u011b\u0148te.<\/li>\n<li><strong>Opot\u0159eben\u00ed t\u011blesa v\u00e1lce:<\/strong> Zkontrolujte t\u011bleso v\u00e1lce, zda nen\u00ed opot\u0159ebovan\u00e9 nebo po\u0161kozen\u00e9, a v p\u0159\u00edpad\u011b pot\u0159eby jej vym\u011b\u0148te.<\/li>\n<li><strong>Oh\u00fdb\u00e1n\u00ed p\u00edstnice v\u00e1lce:<\/strong> Zkontrolujte p\u00edstn\u00ed ty\u010d v\u00e1lce, zda nen\u00ed ohnut\u00e1 nebo po\u0161kozen\u00e1, a v p\u0159\u00edpad\u011b pot\u0159eby ji vym\u011b\u0148te.<\/li>\n<li><strong>Abnorm\u00e1ln\u00ed hluk:<\/strong> Zkontrolujte v\u00e1lec, zda nejsou uvoln\u011bn\u00e9 mont\u00e1\u017en\u00ed \u0161rouby, po\u0161kozen\u00e9 t\u011bsnic\u00ed komponenty nebo jin\u00e9 abnormality, a v p\u0159\u00edpad\u011b pot\u0159eby prove\u010fte \u00fadr\u017ebu.<\/li>\n<li><strong>Nedostate\u010dn\u00fd v\u00fdkon:<\/strong> Zkontrolujte hydraulick\u00fd syst\u00e9m, zda v n\u011bm nejsou net\u011bsnosti nebo jin\u00e9 poruchy, a v p\u0159\u00edpad\u011b pot\u0159eby je opravte.<\/li>\n<\/ul>\n<p>Preventivn\u00ed opat\u0159en\u00ed, jako je pravideln\u00e1 kontrola a \u00fadr\u017eba, mohou sn\u00ed\u017eit v\u00fdskyt probl\u00e9m\u016f.<\/p>\n<figure>\n  <img decoding=\"async\" src=\"https:\/\/www.hydraulic-cylinders.net\/wp-content\/uploads\/2025\/01\/songte-bushings-with-all-kinds-of-excavator-models.webp\" alt=\"Pouzdra s modely bagr\u016f\"><figcaption>Pouzdra s modely bagr\u016f<\/figcaption><\/figure>\n<h3>O n\u00e1s<\/h3>\n<p>Jsme profesion\u00e1ln\u00ed v\u00fdrobce n\u00e1hradn\u00edch hydraulick\u00fdch v\u00e1lc\u016f se \u0161irokou \u0161k\u00e1lou produkt\u016f. Stali jsme se jedn\u00edm z p\u0159edn\u00edch v\u00fdrobc\u016f a velkoobchodn\u00edch distributor\u016f hydraulick\u00fdch v\u00e1lc\u016f na dom\u00e1c\u00edm i mezin\u00e1rodn\u00edm trhu. V\u017edy se dr\u017e\u00edme principu vynikaj\u00edc\u00ed kvality a spol\u00e9h\u00e1me se na industrializovan\u00e9 strategie \u0159\u00edzen\u00ed v\u00fdroby v precizn\u00edch v\u00fdrobn\u00edch d\u00edln\u00e1ch, abychom neust\u00e1le zlep\u0161ovali na\u0161i technickou \u00farove\u0148 a efektivitu v\u00fdroby. Zav\u00e1d\u011bn\u00edm \u0161pi\u010dkov\u00e9ho digit\u00e1ln\u00edho v\u00fdrobn\u00edho za\u0159\u00edzen\u00ed a profesion\u00e1ln\u00edch testovac\u00edch syst\u00e9m\u016f neust\u00e1le optimalizujeme na\u0161i v\u00fdrobn\u00ed platformu, zlep\u0161ujeme proces kontroly kvality v\u00fdrobk\u016f a m\u00e1me siln\u00e9 inova\u010dn\u00ed schopnosti. Na\u0161\u00edm c\u00edlem je uspokojovat rozmanit\u00e9 pot\u0159eby na\u0161ich z\u00e1kazn\u00edk\u016f s vysokou efektivitou, p\u0159esnost\u00ed a vysok\u00fdmi standardy kvality.<\/p>\n<h3>Profesionalita, mezin\u00e1rodn\u00ed certifikace, slu\u017eby p\u0159izp\u016fsoben\u00ed, v\u00fdrobn\u00ed za\u0159\u00edzen\u00ed a poprodejn\u00ed servis<\/h3>\n<ul>\n<li><strong>Profesionalita:<\/strong> M\u00e1me profesion\u00e1ln\u00ed t\u00fdm a kompletn\u00ed syst\u00e9m \u0159\u00edzen\u00ed kvality, abychom zajistili kvalitu a spolehlivost na\u0161ich produkt\u016f.<\/li>\n<li><strong>Mezin\u00e1rodn\u00ed certifikace:<\/strong> Na\u0161e v\u00fdrobky pro\u0161ly \u0159adou mezin\u00e1rodn\u00edch certifikac\u00ed, co\u017e zaru\u010duje, \u017ee spl\u0148uj\u00ed mezin\u00e1rodn\u00ed standardy kvality.<\/li>\n<li><strong>Slu\u017eby p\u0159izp\u016fsoben\u00ed:<\/strong> Na\u0161im z\u00e1kazn\u00edk\u016fm poskytujeme slu\u017eby na m\u00edru, abychom splnili jejich specifick\u00e9 pot\u0159eby.<\/li>\n<li><strong>V\u00fdrobn\u00ed za\u0159\u00edzen\u00ed:<\/strong> Disponujeme pokro\u010dil\u00fdm digit\u00e1ln\u00edm v\u00fdrobn\u00edm za\u0159\u00edzen\u00edm a profesion\u00e1ln\u00edmi testovac\u00edmi syst\u00e9my, abychom zajistili kvalitu na\u0161ich produkt\u016f.<\/li>\n<li><strong>Poprodejn\u00ed servis:<\/strong> Poskytujeme komplexn\u00ed poprodejn\u00ed servis a technickou podporu, abychom zajistili v\u00fdkon a spolehlivost na\u0161ich produkt\u016f.<\/li>\n<\/ul>\n<figure>\n  <img decoding=\"async\" src=\"https:\/\/www.hydraulic-cylinders.net\/wp-content\/uploads\/2025\/01\/songte-company-4.webp\" alt=\"P\u0159ehled spole\u010dnosti\"><figcaption>P\u0159ehled spole\u010dnosti<\/figcaption><\/figure>\n<figure>\n  <img decoding=\"async\" src=\"https:\/\/www.hydraulic-cylinders.net\/wp-content\/uploads\/2025\/01\/songte-company-3.webp\" alt=\"V\u00fdrobn\u00ed d\u00edlna\"><figcaption>V\u00fdrobn\u00ed d\u00edlna<\/figcaption><\/figure>\n<p>Autor: lyl.<\/p>","protected":false},"excerpt":{"rendered":"<p>Arm Cylinder For Liebherr Large Excavator R970S Introduction The arm cylinder is a specially designed hydraulic cylinder used to provide linear motion and power to the arm of various types of machinery, such as excavators, cranes, and mechanical arms. The arm cylinder plays a critical role in the hydraulic system, allowing additional tools or attachments [&hellip;]<\/p>","protected":false},"featured_media":14774,"comment_status":"open","ping_status":"closed","template":"","meta":{"_et_pb_use_builder":"","_et_pb_old_content":"","_et_gb_content_width":""},"product_brand":[],"product_cat":[1497],"product_tag":[1498,1496],"class_list":{"0":"post-16570","1":"product","2":"type-product","3":"status-publish","4":"has-post-thumbnail","6":"product_cat-arm-cylinders","7":"product_tag-arm-cylinders","8":"product_tag-hydraulic-cylinders","10":"first","11":"instock","12":"shipping-taxable","13":"product-type-simple"},"amp_enabled":true,"_links":{"self":[{"href":"https:\/\/www.hydraulic-cylinders.net\/cs\/wp-json\/wp\/v2\/product\/16570","targetHints":{"allow":["GET"]}}],"collection":[{"href":"https:\/\/www.hydraulic-cylinders.net\/cs\/wp-json\/wp\/v2\/product"}],"about":[{"href":"https:\/\/www.hydraulic-cylinders.net\/cs\/wp-json\/wp\/v2\/types\/product"}],"replies":[{"embeddable":true,"href":"https:\/\/www.hydraulic-cylinders.net\/cs\/wp-json\/wp\/v2\/comments?post=16570"}],"wp:featuredmedia":[{"embeddable":true,"href":"https:\/\/www.hydraulic-cylinders.net\/cs\/wp-json\/wp\/v2\/media\/14774"}],"wp:attachment":[{"href":"https:\/\/www.hydraulic-cylinders.net\/cs\/wp-json\/wp\/v2\/media?parent=16570"}],"wp:term":[{"taxonomy":"product_brand","embeddable":true,"href":"https:\/\/www.hydraulic-cylinders.net\/cs\/wp-json\/wp\/v2\/product_brand?post=16570"},{"taxonomy":"product_cat","embeddable":true,"href":"https:\/\/www.hydraulic-cylinders.net\/cs\/wp-json\/wp\/v2\/product_cat?post=16570"},{"taxonomy":"product_tag","embeddable":true,"href":"https:\/\/www.hydraulic-cylinders.net\/cs\/wp-json\/wp\/v2\/product_tag?post=16570"}],"curies":[{"name":"wp","href":"https:\/\/api.w.org\/{rel}","templated":true}]}}