{"id":16573,"date":"2025-01-21T05:34:51","date_gmt":"2025-01-21T05:34:51","guid":{"rendered":"https:\/\/www.hydraulic-cylinders.net\/product\/arm-cylinder-for-sdlg-small-excavator-lg665\/"},"modified":"2025-01-21T05:34:53","modified_gmt":"2025-01-21T05:34:53","slug":"arm-cylinder-for-sdlg-small-excavator-lg665","status":"publish","type":"product","link":"https:\/\/www.hydraulic-cylinders.net\/cs\/produkt\/arm-cylinder-for-sdlg-small-excavator-lg665\/","title":{"rendered":"V\u00e1lec ramene pro mal\u00e9 rypadlo SDLG LG665"},"content":{"rendered":"<h1>V\u00e1lec ramene pro mal\u00e9 rypadlo SDLG LG665<\/h1>\n<h2>Zaveden\u00ed<\/h2>\n<p>Hydraulick\u00fd v\u00e1lec ramene je speci\u00e1ln\u011b navr\u017een\u00fd hydraulick\u00fd v\u00e1lec, kter\u00fd zaji\u0161\u0165uje line\u00e1rn\u00ed pohyb a s\u00edlu ramene r\u016fzn\u00fdch typ\u016f stroj\u016f, jako jsou bagry, je\u0159\u00e1by a robotick\u00e1 ramena. V\u00e1lec ramene hraje kl\u00ed\u010dovou roli v hydraulick\u00fdch syst\u00e9mech, proto\u017ee umo\u017e\u0148uje efektivn\u00ed pohyb a ovl\u00e1d\u00e1n\u00ed dal\u0161\u00edch n\u00e1stroj\u016f nebo p\u0159\u00edslu\u0161enstv\u00ed. Tyto v\u00e1lce nejen zaji\u0161\u0165uj\u00ed plynul\u00fd pohyb, ale tak\u00e9 odol\u00e1vaj\u00ed t\u011b\u017ek\u00fdm z\u00e1t\u011b\u017e\u00edm, \u010d\u00edm\u017e zaji\u0161\u0165uj\u00ed efektivn\u00ed provoz a spolehlivost stroj\u016f za r\u016fzn\u00fdch pracovn\u00edch podm\u00ednek.<\/p>\n<p><img decoding=\"async\" src=\"https:\/\/www.hydraulic-cylinders.net\/wp-content\/uploads\/2025\/01\/songte-company-2.webp\" alt=\"Obr\u00e1zek v\u00e1lce ramene\"><\/p>\n<h2>Funkce<\/h2>\n<ul>\n<li>Vysok\u00e1 \u00fa\u010dinnost: V\u00e1lec ramene poskytuje siln\u00fd line\u00e1rn\u00ed pohyb a s\u00edlu, co\u017e zaji\u0161\u0165uje vysoce v\u00fdkonn\u00fd provoz mechanick\u00e9ho ramene v r\u016fzn\u00fdch operac\u00edch.<\/li>\n<li>P\u0159esn\u00e9 ovl\u00e1d\u00e1n\u00ed: D\u00edky hydraulick\u00e9mu syst\u00e9mu umo\u017e\u0148uje v\u00e1lec ramene p\u0159esn\u00e9 ovl\u00e1d\u00e1n\u00ed pohybu, \u010d\u00edm\u017e je ovl\u00e1d\u00e1n\u00ed dal\u0161\u00edch n\u00e1stroj\u016f flexibiln\u011bj\u0161\u00ed a p\u0159esn\u011bj\u0161\u00ed.<\/li>\n<li>Trvanlivost: V\u00e1lce ramen jsou obvykle vyrobeny z vysoce pevn\u00fdch materi\u00e1l\u016f, kter\u00e9 poskytuj\u00ed vynikaj\u00edc\u00ed odolnost proti opot\u0159eben\u00ed a korozi, d\u00edky \u010demu\u017e jsou vhodn\u00e9 pro dlouhodob\u00e9 pou\u017e\u00edv\u00e1n\u00ed v n\u00e1ro\u010dn\u00fdch podm\u00ednk\u00e1ch.<\/li>\n<li>Multifunk\u010dn\u00ed p\u0159izp\u016fsobivost: Tyto v\u00e1lce lze \u0161iroce pou\u017e\u00edvat v r\u016fzn\u00fdch stroj\u00edch, jako jsou bagry, je\u0159\u00e1by a robotick\u00e1 ramena, a p\u0159izp\u016fsobit se tak r\u016fzn\u00fdm pracovn\u00edm po\u017eadavk\u016fm.<\/li>\n<li>Snadn\u00e1 \u00fadr\u017eba: V\u00e1lce ramen jsou navr\u017eeny pro snadnou \u00fadr\u017ebu a v\u00fdm\u011bnu a usnad\u0148uj\u00ed pravideln\u00e9 kontroly a \u00fadr\u017ebu, \u010d\u00edm\u017e zkracuj\u00ed prostoje za\u0159\u00edzen\u00ed.<\/li>\n<\/ul>\n<p><img decoding=\"async\" src=\"https:\/\/www.hydraulic-cylinders.net\/wp-content\/uploads\/2025\/01\/songte-oil-pipes-and-spare-parts.webp\" alt=\"Obr\u00e1zek n\u00e1hradn\u00edch d\u00edl\u016f\"><\/p>\n<h2>Aplikace<\/h2>\n<p>V\u00e1lec ramene nach\u00e1z\u00ed uplatn\u011bn\u00ed v:<\/p>\n<h3>1. Stavebn\u00ed in\u017een\u00fdrstv\u00ed<\/h3>\n<p>U bagr\u016f a je\u0159\u00e1b\u016f se v\u00e1lec ramene pou\u017e\u00edv\u00e1 k ovl\u00e1d\u00e1n\u00ed pohybu l\u017e\u00edc nebo v\u00fdlo\u017en\u00edk\u016f pro zemn\u00ed pr\u00e1ce, manipulaci s materi\u00e1lem a mont\u00e1\u017e konstrukc\u00ed.<\/p>\n<h3>2. Zpracovatelsk\u00fd pr\u016fmysl<\/h3>\n<p>V automatizovan\u00fdch v\u00fdrobn\u00edch link\u00e1ch se v\u00e1lec ramene pou\u017e\u00edv\u00e1 k pohybu robotick\u00fdch ramen, co\u017e umo\u017e\u0148uje procesy, jako je mont\u00e1\u017e, sva\u0159ov\u00e1n\u00ed a manipulace s materi\u00e1lem, a t\u00edm zlep\u0161uje efektivitu a p\u0159esnost v\u00fdroby.<\/p>\n<h3>3. Zem\u011bd\u011blsk\u00e9 stroje<\/h3>\n<p>V zem\u011bd\u011blsk\u00fdch stroj\u00edch, jako jsou skl\u00edzec\u00ed a sec\u00ed stroje, v\u00e1lec ramene ovl\u00e1d\u00e1 pohyb ovl\u00e1dac\u00edch ramen a prov\u00e1d\u00ed \u00fakoly, jako je set\u00ed, hnojen\u00ed a sklize\u0148.<\/p>\n<h3>4. T\u011b\u017eba<\/h3>\n<p>V t\u011b\u017eebn\u00edm za\u0159\u00edzen\u00ed se v\u00e1lec ramene pou\u017e\u00edv\u00e1 k ovl\u00e1d\u00e1n\u00ed pohybu ramene t\u011b\u017eebn\u00edho za\u0159\u00edzen\u00ed pro t\u011b\u017ebu a p\u0159epravu rudy.<\/p>\n<h3>5. Logistika a doprava<\/h3>\n<p>U vysokozdvi\u017en\u00fdch voz\u00edk\u016f a manipula\u010dn\u00edch robot\u016f ovl\u00e1d\u00e1 v\u00e1lec ramene zved\u00e1n\u00ed a pohyb vidlic, co\u017e umo\u017e\u0148uje p\u0159epravu a stohov\u00e1n\u00ed materi\u00e1l\u016f.<\/p>\n<p><img decoding=\"async\" src=\"https:\/\/www.hydraulic-cylinders.net\/wp-content\/uploads\/2025\/01\/songte-cylinder-head-with-all-kinds-excavator-models.webp\" alt=\"Obr\u00e1zek hlavy v\u00e1lc\u016f\"><\/p>\n<h2>Konstruk\u010dn\u00ed aspekty a krit\u00e9ria v\u00fdb\u011bru<\/h2>\n<ul>\n<li>Nosnost: V\u00e1lec ramene by m\u011bl b\u00fdt navr\u017een tak, aby odolal o\u010dek\u00e1van\u00e9mu zat\u00ed\u017een\u00ed a poskytoval spolehliv\u00fd v\u00fdkon.<\/li>\n<li>T\u011bsn\u011bn\u00ed: V ramenov\u00e9m v\u00e1lci se pou\u017e\u00edvaj\u00ed r\u016fzn\u00e9 t\u011bsnic\u00ed prvky, jako jsou t\u011bsn\u011bn\u00ed p\u00edst\u016f a p\u00edstnic. Jsou vyrobeny z materi\u00e1l\u016f odoln\u00fdch proti opot\u0159eben\u00ed, jako je polyuretan a nitrilov\u00e1 pry\u017e, aby bylo zaji\u0161t\u011bno \u00fa\u010dinn\u00e9 ut\u011bsn\u011bn\u00ed.<\/li>\n<li>Trvanlivost: T\u011bleso v\u00e1lce a z\u00e1vitov\u00e9 konce proch\u00e1zej\u00ed p\u0159esn\u00fdm o\u0161et\u0159en\u00edm pro zv\u00fd\u0161en\u00ed odolnosti proti opot\u0159eben\u00ed a trvanlivosti.<\/li>\n<li>Bezpe\u010dnost: Konstrukce by m\u011bla zohled\u0148ovat bezpe\u010dnostn\u00ed prvky, aby se zabr\u00e1nilo nehod\u00e1m b\u011bhem provozu.<\/li>\n<li>\u00dadr\u017eba: Snadn\u00e1 \u00fadr\u017eba a pravideln\u00e9 maz\u00e1n\u00ed v\u00e1lce ramene p\u0159isp\u00edvaj\u00ed k jeho dlouh\u00e9 \u017eivotnosti a optim\u00e1ln\u00edmu v\u00fdkonu.<\/li>\n<\/ul>\n<p><img decoding=\"async\" src=\"https:\/\/www.hydraulic-cylinders.net\/wp-content\/uploads\/2025\/01\/songte-chushion-collar.webp\" alt=\"Obr\u00e1zek obojku Chushion\"><\/p>\n<h2>\u00dadr\u017eba a preventivn\u00ed opat\u0159en\u00ed<\/h2>\n<ul>\n<li>Pravideln\u011b kontrolujte v\u00e1lec ramene, zda nevykazuje zn\u00e1mky opot\u0159eben\u00ed, net\u011bsnost\u00ed nebo po\u0161kozen\u00ed.<\/li>\n<li>Udr\u017eujte v\u00e1lec \u0159\u00e1dn\u011b promazan\u00fd doporu\u010den\u00fdm hydraulick\u00fdm olejem.<\/li>\n<li>Zajist\u011bte spr\u00e1vn\u00e9 vyrovn\u00e1n\u00ed a bezpe\u010dn\u00e9 upevn\u011bn\u00ed v\u00e1lce ramene.<\/li>\n<li>Dodr\u017eujte pokyny v\u00fdrobce ohledn\u011b \u00fadr\u017eby a interval\u016f v\u00fdm\u011bny.<\/li>\n<li>Prov\u00e1d\u011bjte preventivn\u00ed opat\u0159en\u00ed, jako je \u010di\u0161t\u011bn\u00ed v\u00e1lce a jeho ochrana p\u0159ed vlivy prost\u0159ed\u00ed.<\/li>\n<\/ul>\n<h2>Instala\u010dn\u00ed p\u0159\u00edru\u010dka<\/h2>\n<p>Pro spr\u00e1vnou instalaci v\u00e1lce ramene postupujte podle t\u011bchto krok\u016f:<\/p>\n<ol>\n<li>P\u0159ipravte si mont\u00e1\u017en\u00ed plochu a ujist\u011bte se, \u017ee je \u010dist\u00e1 a bez ne\u010distot.<\/li>\n<li>Um\u00edst\u011bte v\u00e1lec ramene na po\u017eadovan\u00e9 m\u00edsto a zarovnejte jej s mont\u00e1\u017en\u00edmi body.<\/li>\n<li>Bezpe\u010dn\u011b upevn\u011bte v\u00e1lec pomoc\u00ed vhodn\u00fdch \u0161roub\u016f nebo mont\u00e1\u017en\u00edch konzol.<\/li>\n<li>P\u0159ipojte hydraulick\u00e9 hadice nebo potrub\u00ed k v\u00e1lci a zajist\u011bte jejich \u0159\u00e1dn\u00e9 ut\u011bsn\u011bn\u00ed.<\/li>\n<li>P\u0159ed pou\u017eit\u00edm zkontrolujte p\u0159\u00edpadn\u00e9 net\u011bsnosti a prove\u010fte funk\u010dn\u00ed zkou\u0161ku.<\/li>\n<\/ol>\n<p><img decoding=\"async\" src=\"https:\/\/www.hydraulic-cylinders.net\/wp-content\/uploads\/2025\/01\/songte-bushings-with-all-kinds-of-excavator-models.webp\" alt=\"Obr\u00e1zek pouzder\"><\/p>\n<h2>Bezpe\u010dnostn\u00ed aspekty a faktory prost\u0159ed\u00ed<\/h2>\n<p>P\u0159i pr\u00e1ci s v\u00e1lci s rameny jsou bezpe\u010dnostn\u00ed opat\u0159en\u00ed z\u00e1sadn\u00ed pro prevenci nehod a zaji\u0161t\u011bn\u00ed pohody obsluhy. Nezbytn\u00e9 je \u0159\u00e1dn\u00e9 \u0161kolen\u00ed, dodr\u017eov\u00e1n\u00ed bezpe\u010dnostn\u00edch pokyn\u016f a pravideln\u00e9 kontroly za\u0159\u00edzen\u00ed. Pro udr\u017een\u00ed optim\u00e1ln\u00edho v\u00fdkonu v\u00e1lce je t\u0159eba zohlednit tak\u00e9 faktory prost\u0159ed\u00ed, jako je teplota, vlhkost a prach.<\/p>\n<h2>Odstra\u0148ov\u00e1n\u00ed probl\u00e9m\u016f a b\u011b\u017en\u00e9 probl\u00e9my<\/h2>\n<p>Mezi b\u011b\u017en\u00e9 probl\u00e9my souvisej\u00edc\u00ed s v\u00e1lci ramen pat\u0159\u00ed:<\/p>\n<ul>\n<li>\u00danik hydraulick\u00e9 kapaliny<\/li>\n<li>Ztr\u00e1ta v\u00fdkonu nebo nedostate\u010dn\u00e1 s\u00edla<\/li>\n<li>Nepravideln\u00fd nebo trhan\u00fd pohyb<\/li>\n<li>Nadm\u011brn\u00fd hluk nebo vibrace<\/li>\n<li>Nekonzistentn\u00ed nebo nep\u0159esn\u00e9 um\u00edst\u011bn\u00ed<\/li>\n<\/ul>\n<p>Chcete-li tyto probl\u00e9my vy\u0159e\u0161it, zva\u017ete n\u00e1sleduj\u00edc\u00ed tipy a \u0159e\u0161en\u00ed:<\/p>\n<ul>\n<li>Zkontrolujte a vym\u011b\u0148te po\u0161kozen\u00e1 t\u011bsn\u011bn\u00ed nebo t\u011bsnic\u00ed krou\u017eky.<\/li>\n<li>Zkontrolujte hladinu hydraulick\u00e9 kapaliny a v p\u0159\u00edpad\u011b pot\u0159eby ji dopl\u0148te nebo vym\u011b\u0148te.<\/li>\n<li>Zkontrolujte hydraulick\u00e9 potrub\u00ed a spoje, zda nedoch\u00e1z\u00ed k \u00fanik\u016fm nebo ucp\u00e1n\u00ed.<\/li>\n<li>Zajist\u011bte spr\u00e1vn\u00e9 vyrovn\u00e1n\u00ed a mont\u00e1\u017e v\u00e1lce ramene.<\/li>\n<li>V p\u0159\u00edpad\u011b pot\u0159eby si p\u0159e\u010dt\u011bte n\u00e1vod k \u0159e\u0161en\u00ed probl\u00e9m\u016f od v\u00fdrobce nebo vyhledejte odbornou pomoc.<\/li>\n<\/ul>\n<p><img decoding=\"async\" src=\"https:\/\/www.hydraulic-cylinders.net\/wp-content\/uploads\/2025\/01\/songte-company-4.webp\" alt=\"Image spole\u010dnosti\"><br \/>\n<img decoding=\"async\" src=\"https:\/\/www.hydraulic-cylinders.net\/wp-content\/uploads\/2025\/01\/songte-company-3.webp\" alt=\"Image spole\u010dnosti\"><\/p>\n<h2>O na\u0161\u00ed spole\u010dnosti<\/h2>\n<p>Jsme profesion\u00e1ln\u00ed v\u00fdrobce alternativn\u00edch hydraulick\u00fdch v\u00e1lc\u016f a nab\u00edz\u00edme \u0161irokou \u0161k\u00e1lu produkt\u016f. Stali jsme se jedn\u00edm z p\u0159edn\u00edch v\u00fdrobc\u016f a velkoobchodn\u00edch distributor\u016f hydraulick\u00fdch v\u00e1lc\u016f na dom\u00e1c\u00edm i mezin\u00e1rodn\u00edm trhu. N\u00e1\u0161 z\u00e1vazek k vynikaj\u00edc\u00ed kvalit\u011b je zalo\u017een na na\u0161\u00ed strategii \u0159\u00edzen\u00ed pr\u016fmyslov\u00e9 v\u00fdroby, kterou implementujeme v na\u0161\u00ed pokro\u010dil\u00e9 v\u00fdrobn\u00ed d\u00edln\u011b, a neust\u00e1le zlep\u0161ujeme na\u0161e technick\u00e9 znalosti a efektivitu v\u00fdroby. D\u00edky nejmodern\u011bj\u0161\u00edmu digit\u00e1ln\u00edmu v\u00fdrobn\u00edmu za\u0159\u00edzen\u00ed a profesion\u00e1ln\u00edm testovac\u00edm syst\u00e9m\u016fm optimalizujeme na\u0161i v\u00fdrobn\u00ed platformu a vylep\u0161ujeme procesy kontroly kvality na\u0161ich v\u00fdrobk\u016f, \u010d\u00edm\u017e prokazujeme siln\u00e9 inovativn\u00ed schopnosti. Na\u0161\u00edm c\u00edlem je uspokojit diverzifika\u010dn\u00ed pot\u0159eby z\u00e1kazn\u00edk\u016f s vysokou efektivitou, p\u0159esnost\u00ed a vysoce kvalitn\u00edmi produkty.<\/p>\n<p>Na\u0161e spole\u010dnost vynik\u00e1 v:<\/p>\n<ul>\n<li>Profesionalita a odbornost<\/li>\n<li>Mezin\u00e1rodn\u00ed certifikace<\/li>\n<li>Slu\u017eby p\u0159izp\u016fsoben\u00ed<\/li>\n<li>Pokro\u010dil\u00e9 v\u00fdrobn\u00ed za\u0159\u00edzen\u00ed<\/li>\n<li>Poprodejn\u00ed servis<\/li>\n<\/ul>\n<p>Nezapome\u0148te \u010dl\u00e1nek logicky uspo\u0159\u00e1dat, pou\u017e\u00edvat podnadpisy pro snadnou navigaci, za\u010dlenit relevantn\u00ed obr\u00e1zky nebo grafy pro lep\u0161\u00ed pochopen\u00ed a zajistit srozumitelnost, stru\u010dnost a vhodnost obsahu pro \u010dten\u00e1\u0159e s r\u016fznou \u00farovn\u00ed technick\u00fdch znalost\u00ed.<\/p>\n<p>Autor: lyl.<\/p>","protected":false},"excerpt":{"rendered":"<p>Arm Cylinder For SDLG Small Excavator LG665 Introduction An arm cylinder is a specially designed hydraulic cylinder that provides linear motion and power to the arm of various types of machinery such as excavators, cranes, and robotic arms. The arm cylinder plays a key role in hydraulic systems, enabling the effective movement and control of [&hellip;]<\/p>","protected":false},"featured_media":14766,"comment_status":"open","ping_status":"closed","template":"","meta":{"_et_pb_use_builder":"","_et_pb_old_content":"","_et_gb_content_width":""},"product_brand":[],"product_cat":[1497],"product_tag":[1498,1496],"class_list":{"0":"post-16573","1":"product","2":"type-product","3":"status-publish","4":"has-post-thumbnail","6":"product_cat-arm-cylinders","7":"product_tag-arm-cylinders","8":"product_tag-hydraulic-cylinders","10":"first","11":"instock","12":"shipping-taxable","13":"product-type-simple"},"amp_enabled":true,"_links":{"self":[{"href":"https:\/\/www.hydraulic-cylinders.net\/cs\/wp-json\/wp\/v2\/product\/16573","targetHints":{"allow":["GET"]}}],"collection":[{"href":"https:\/\/www.hydraulic-cylinders.net\/cs\/wp-json\/wp\/v2\/product"}],"about":[{"href":"https:\/\/www.hydraulic-cylinders.net\/cs\/wp-json\/wp\/v2\/types\/product"}],"replies":[{"embeddable":true,"href":"https:\/\/www.hydraulic-cylinders.net\/cs\/wp-json\/wp\/v2\/comments?post=16573"}],"wp:featuredmedia":[{"embeddable":true,"href":"https:\/\/www.hydraulic-cylinders.net\/cs\/wp-json\/wp\/v2\/media\/14766"}],"wp:attachment":[{"href":"https:\/\/www.hydraulic-cylinders.net\/cs\/wp-json\/wp\/v2\/media?parent=16573"}],"wp:term":[{"taxonomy":"product_brand","embeddable":true,"href":"https:\/\/www.hydraulic-cylinders.net\/cs\/wp-json\/wp\/v2\/product_brand?post=16573"},{"taxonomy":"product_cat","embeddable":true,"href":"https:\/\/www.hydraulic-cylinders.net\/cs\/wp-json\/wp\/v2\/product_cat?post=16573"},{"taxonomy":"product_tag","embeddable":true,"href":"https:\/\/www.hydraulic-cylinders.net\/cs\/wp-json\/wp\/v2\/product_tag?post=16573"}],"curies":[{"name":"wp","href":"https:\/\/api.w.org\/{rel}","templated":true}]}}