{"id":16574,"date":"2025-01-21T05:34:55","date_gmt":"2025-01-21T05:34:55","guid":{"rendered":"https:\/\/www.hydraulic-cylinders.net\/product\/arm-cylinder-for-sdlg-small-excavator-lg685\/"},"modified":"2025-01-21T05:34:56","modified_gmt":"2025-01-21T05:34:56","slug":"arm-cylinder-for-sdlg-small-excavator-lg685","status":"publish","type":"product","link":"https:\/\/www.hydraulic-cylinders.net\/cs\/produkt\/arm-cylinder-for-sdlg-small-excavator-lg685\/","title":{"rendered":"V\u00e1lec ramene pro mal\u00e9 rypadlo SDLG LG685"},"content":{"rendered":"<h1>V\u00e1lec ramene pro mal\u00e9 rypadlo SDLG LG685<\/h1>\n<h2>Zaveden\u00ed<\/h2>\n<p>Hydraulick\u00fd v\u00e1lec ramene je speci\u00e1ln\u011b navr\u017een\u00fd hydraulick\u00fd v\u00e1lec, kter\u00fd se prim\u00e1rn\u011b pou\u017e\u00edv\u00e1 k zaji\u0161t\u011bn\u00ed line\u00e1rn\u00edho pohybu a v\u00fdkonu ramene r\u016fzn\u00fdch typ\u016f stroj\u016f, jako jsou bagry, je\u0159\u00e1by a mechanick\u00e1 ramena. V\u00e1lec ramene hraje kl\u00ed\u010dovou roli v hydraulick\u00e9m syst\u00e9mu, proto\u017ee umo\u017e\u0148uje efektivn\u00ed pohyb a ovl\u00e1d\u00e1n\u00ed p\u0159\u00edslu\u0161enstv\u00ed. Tyto v\u00e1lce nejen dosahuj\u00ed plynul\u00e9ho pohybu, ale tak\u00e9 odol\u00e1vaj\u00ed t\u011b\u017ek\u00fdm z\u00e1t\u011b\u017e\u00edm, co\u017e zaji\u0161\u0165uje efektivn\u00ed provoz a spolehlivost stroje za r\u016fzn\u00fdch provozn\u00edch podm\u00ednek.<\/p>\n<p><img decoding=\"async\" src=\"https:\/\/www.hydraulic-cylinders.net\/wp-content\/uploads\/2025\/01\/songte-company-2.webp\" alt=\"Obr\u00e1zek v\u00e1lce ramene\"><\/p>\n<h2>Funkce<\/h2>\n<ul>\n<li>Efektivn\u00ed p\u0159enos s\u00edly: V\u00e1lec ramene zaji\u0161\u0165uje siln\u00fd line\u00e1rn\u00ed pohyb a s\u00edlu, co\u017e zaji\u0161\u0165uje vysokou \u00fa\u010dinnost p\u0159i r\u016fzn\u00fdch operac\u00edch.<\/li>\n<li>P\u0159esn\u00e9 ovl\u00e1d\u00e1n\u00ed: Prost\u0159ednictv\u00edm hydraulick\u00e9ho syst\u00e9mu m\u016f\u017ee v\u00e1lec ramene dos\u00e1hnout p\u0159esn\u00e9ho ovl\u00e1d\u00e1n\u00ed pohybu, co\u017e zvy\u0161uje flexibilitu a p\u0159esnost ovl\u00e1d\u00e1n\u00ed n\u00e1stroje.<\/li>\n<li>Vysok\u00e1 odolnost: V\u00e1lce ramen jsou obvykle vyrobeny z vysoce pevn\u00fdch materi\u00e1l\u016f s dobrou odolnost\u00ed proti opot\u0159eben\u00ed a korozi, d\u00edky \u010demu\u017e jsou vhodn\u00e9 pro dlouhodob\u00e9 pou\u017e\u00edv\u00e1n\u00ed v n\u00e1ro\u010dn\u00fdch podm\u00ednk\u00e1ch.<\/li>\n<li>Multifunk\u010dn\u00ed p\u0159izp\u016fsobivost: Tyto v\u00e1lce lze \u0161iroce pou\u017e\u00edvat v r\u016fzn\u00fdch mechanick\u00fdch za\u0159\u00edzen\u00edch, jako jsou bagry, je\u0159\u00e1by a mechanick\u00e1 ramena, a p\u0159izp\u016fsobit se tak r\u016fzn\u00fdm pracovn\u00edm po\u017eadavk\u016fm.<\/li>\n<li>Snadn\u00e1 \u00fadr\u017eba: Konstrukce zohled\u0148uje snadnou \u00fadr\u017ebu a v\u00fdm\u011bnu, d\u00edky \u010demu\u017e jsou pravideln\u00e9 kontroly a \u00fadr\u017eba pohodln\u011bj\u0161\u00ed a zkracuj\u00ed se prostoje za\u0159\u00edzen\u00ed.<\/li>\n<\/ul>\n<p><img decoding=\"async\" src=\"https:\/\/www.hydraulic-cylinders.net\/wp-content\/uploads\/2025\/01\/songte-oil-pipes-and-spare-parts.webp\" alt=\"Obr\u00e1zek n\u00e1hradn\u00edch d\u00edl\u016f\"><\/p>\n<h2>Aplikace<\/h2>\n<p>V\u00e1lec ramene pro mal\u00e9 rypadlo SDLG LG685 lze pou\u017e\u00edt v r\u016fzn\u00fdch odv\u011btv\u00edch a aplikac\u00edch, jako nap\u0159\u00edklad:<\/p>\n<ul>\n<li>Konstrukce: U bagr\u016f a je\u0159\u00e1b\u016f se v\u00e1lec ramene pou\u017e\u00edv\u00e1 k ovl\u00e1d\u00e1n\u00ed pohybu l\u017e\u00edce nebo v\u00fdlo\u017en\u00edku, k prov\u00e1d\u011bn\u00ed zemn\u00edch prac\u00ed, manipulace s materi\u00e1lem a konstruk\u010dn\u00edch instala\u010dn\u00edch prac\u00ed.<\/li>\n<li>V\u00fdroba: V automatizovan\u00fdch v\u00fdrobn\u00edch link\u00e1ch se v\u00e1lce ramen pou\u017e\u00edvaj\u00ed k pohybu mechanick\u00fdch ramen, k prov\u00e1d\u011bn\u00ed mont\u00e1\u017en\u00edch, sva\u0159ovac\u00edch a manipula\u010dn\u00edch proces\u016f, \u010d\u00edm\u017e se zvy\u0161uje produktivita a p\u0159esnost.<\/li>\n<li>Zem\u011bd\u011blsk\u00e9 stroje: U zem\u011bd\u011blsk\u00fdch stroj\u016f, jako jsou skl\u00edze\u010de a s\u00e1zec\u00ed stroje, v\u00e1lec ramene ovl\u00e1d\u00e1 pohyb ovl\u00e1dac\u00edho ramene a prov\u00e1d\u00ed \u00fakoly, jako je s\u00e1zen\u00ed, hnojen\u00ed a sklize\u0148.<\/li>\n<li>T\u011b\u017eba: V t\u011b\u017eebn\u00edm za\u0159\u00edzen\u00ed se v\u00e1lec ramene pou\u017e\u00edv\u00e1 k ovl\u00e1d\u00e1n\u00ed pohybu ramene t\u011b\u017eebn\u00edho za\u0159\u00edzen\u00ed, k prov\u00e1d\u011bn\u00ed t\u011b\u017eby a p\u0159epravy rudy.<\/li>\n<li>Logistika a doprava: U vysokozdvi\u017en\u00fdch voz\u00edk\u016f a manipula\u010dn\u00edch robot\u016f se v\u00e1lec ramene pou\u017e\u00edv\u00e1 k ovl\u00e1d\u00e1n\u00ed zved\u00e1n\u00ed a pohybu vidlice, \u010d\u00edm\u017e se dosahuje manipulace s materi\u00e1lem a jeho stohov\u00e1n\u00ed.<\/li>\n<\/ul>\n<h2>Konstruk\u010dn\u00ed aspekty a krit\u00e9ria v\u00fdb\u011bru<\/h2>\n<p>P\u0159i navrhov\u00e1n\u00ed a v\u00fdb\u011bru v\u00e1lc\u016f ramene se bere v \u00favahu n\u011bkolik faktor\u016f, v\u010detn\u011b:<\/p>\n<ul>\n<li>\u00danosnost: V\u00e1lce ramen mus\u00ed b\u00fdt schopny odolat po\u017eadovan\u00e9mu zat\u00ed\u017een\u00ed a sil\u00e1m.<\/li>\n<li>T\u011bsn\u011bn\u00ed: Pou\u017eit\u00ed r\u016fzn\u00fdch t\u011bsn\u011bn\u00ed, jako jsou p\u00edstn\u00ed a p\u00edstn\u00ed t\u011bsn\u011bn\u00ed, a v\u00fdb\u011br materi\u00e1l\u016f odoln\u00fdch proti opot\u0159eben\u00ed, jako je polyuretan a nitrilov\u00e1 pry\u017e, zaji\u0161\u0165uj\u00ed \u00fa\u010dinn\u00e9 ut\u011bsn\u011bn\u00ed.<\/li>\n<li>Trvanlivost: T\u011bleso v\u00e1lce a povrch z\u00e1vitov\u00e9ho konce proch\u00e1zej\u00ed jemn\u00fdm opracov\u00e1n\u00edm pro zlep\u0161en\u00ed odolnosti proti opot\u0159eben\u00ed.<\/li>\n<li>Bezpe\u010dnost: Bezpe\u010dnost je nejvy\u0161\u0161\u00ed prioritou a jsou p\u0159ij\u00edm\u00e1na r\u016fzn\u00e1 bezpe\u010dnostn\u00ed opat\u0159en\u00ed, jako je p\u0159id\u00e1n\u00ed pojistn\u00fdch ventil\u016f, kter\u00e9 zabra\u0148uj\u00ed p\u0159et\u00ed\u017een\u00ed nebo p\u0159etlaku.<\/li>\n<li>\u00dadr\u017eba: Konstrukce zohled\u0148uje snadnou \u00fadr\u017ebu a v\u00fdm\u011bnu, co\u017e usnad\u0148uje pravideln\u00e9 kontroly a \u00fadr\u017ebu.<\/li>\n<\/ul>\n<p><img decoding=\"async\" src=\"https:\/\/www.hydraulic-cylinders.net\/wp-content\/uploads\/2025\/01\/songte-cylinder-head-with-all-kinds-excavator-models.webp\" alt=\"Obr\u00e1zek hlavy v\u00e1lc\u016f\"><\/p>\n<h2>T\u011bsn\u011bn\u00ed a maz\u00e1n\u00ed<\/h2>\n<p>Pro zaji\u0161t\u011bn\u00ed \u00fa\u010dinn\u00e9ho ut\u011bsn\u011bn\u00ed se pou\u017e\u00edvaj\u00ed r\u016fzn\u00e1 t\u011bsn\u011bn\u00ed, jako jsou p\u00edstn\u00ed t\u011bsn\u011bn\u00ed, p\u00edstn\u00ed t\u011bsn\u011bn\u00ed a t\u011bsnic\u00ed krou\u017eky. Pro t\u011bsn\u011bn\u00ed se pou\u017e\u00edvaj\u00ed materi\u00e1ly odoln\u00e9 proti opot\u0159eben\u00ed, jako je polyuretan a nitrilov\u00e1 pry\u017e. T\u011bleso v\u00e1lce a povrch z\u00e1vitu proch\u00e1zej\u00ed jemn\u00fdm opracov\u00e1n\u00edm pro zlep\u0161en\u00ed odolnosti proti opot\u0159eben\u00ed. Pro maz\u00e1n\u00ed je nutn\u00e9 pravideln\u011b p\u0159id\u00e1vat odpov\u00eddaj\u00edc\u00ed mno\u017estv\u00ed hydraulick\u00e9ho oleje.<\/p>\n<h2>\u00dadr\u017eba a preventivn\u00ed opat\u0159en\u00ed<\/h2>\n<p>Pravideln\u00e1 kontrola a \u00fadr\u017eba jsou nezbytn\u00e9 pro spr\u00e1vnou funkci v\u00e1lce ramene. Je d\u016fle\u017eit\u00e9 kontrolovat p\u0159\u00edpadn\u00e9 net\u011bsnosti, opot\u0159eben\u00ed a dal\u0161\u00ed po\u0161kozen\u00ed. Preventivn\u00ed opat\u0159en\u00ed, jako je pravideln\u00e1 \u00fadr\u017eba a v\u010dasn\u00e1 v\u00fdm\u011bna opot\u0159ebovan\u00fdch d\u00edl\u016f, mohou minimalizovat potenci\u00e1ln\u00ed probl\u00e9my.<\/p>\n<p><img decoding=\"async\" src=\"https:\/\/www.hydraulic-cylinders.net\/wp-content\/uploads\/2025\/01\/songte-chushion-collar.webp\" alt=\"Obr\u00e1zek obojku Chushion\"><\/p>\n<h2>Instala\u010dn\u00ed p\u0159\u00edru\u010dka<\/h2>\n<p>Instalace v\u00e1lce ramene pro mal\u00e9 rypadlo SDLG LG685 vy\u017eaduje spr\u00e1vnou mont\u00e1\u017e a vyrovn\u00e1n\u00ed v\u00e1lce. Pro spr\u00e1vnou instalaci je d\u016fle\u017eit\u00e9 dodr\u017eovat pokyny a pokyny uveden\u00e9 v manu\u00e1lu. <\/p>\n<h2>Bezpe\u010dnostn\u00ed aspekty a faktory prost\u0159ed\u00ed<\/h2>\n<p>Bezpe\u010dnost je p\u0159i provozu stroj\u016f s ramenov\u00fdmi v\u00e1lci nejvy\u0161\u0161\u00ed prioritou. Je nutn\u00e9 p\u0159ijmout odpov\u00eddaj\u00edc\u00ed bezpe\u010dnostn\u00ed opat\u0159en\u00ed, aby se p\u0159ede\u0161lo nehod\u00e1m nebo \u00faraz\u016fm. P\u0159i n\u00e1vrhu a v\u00fdb\u011bru ramenov\u00e9ho v\u00e1lce je nutn\u00e9 zohlednit tak\u00e9 faktory prost\u0159ed\u00ed, jako je teplota, vlhkost a koroze.<\/p>\n<h2>Diagnostika a odstra\u0148ov\u00e1n\u00ed z\u00e1vad<\/h2>\n<p>Mezi b\u011b\u017en\u00e9 probl\u00e9my, kter\u00e9 se mohou vyskytnout u v\u00e1lc\u016f ramen, pat\u0159\u00ed net\u011bsnosti, porucha t\u011bsn\u011bn\u00ed a po\u0161kozen\u00ed t\u011blesa nebo p\u00edstu. Je d\u016fle\u017eit\u00e9 probl\u00e9m p\u0159esn\u011b diagnostikovat a efektivn\u011b jej \u0159e\u0161it, aby se minimalizovaly prostoje. Pravideln\u00e1 \u00fadr\u017eba a kontrola mohou pomoci p\u0159edej\u00edt potenci\u00e1ln\u00edm probl\u00e9m\u016fm.<\/p>\n<h2>O n\u00e1s<\/h2>\n<p>Jsme p\u0159edn\u00edm v\u00fdrobcem a velkoobchodn\u00edm distributorem hydraulick\u00fdch v\u00e1lc\u016f a nab\u00edz\u00edme \u0161irokou \u0161k\u00e1lu produkt\u016f, kter\u00e9 spl\u0148uj\u00ed rozmanit\u00e9 pot\u0159eby dom\u00e1c\u00edho i mezin\u00e1rodn\u00edho trhu. Dodr\u017eujeme princip vynikaj\u00edc\u00ed kvality a spol\u00e9h\u00e1me se na strategii industrializa\u010dn\u00edho \u0159\u00edzen\u00ed v\u00fdroby na\u0161\u00ed sofistikovan\u00e9 v\u00fdrobn\u00ed d\u00edlny, abychom neust\u00e1le zlep\u0161ovali na\u0161e technologick\u00e9 mo\u017enosti a efektivitu v\u00fdroby. D\u00edky zav\u00e1d\u011bn\u00ed pokro\u010dil\u00e9ho digit\u00e1ln\u00edho v\u00fdrobn\u00edho za\u0159\u00edzen\u00ed a profesion\u00e1ln\u00edch testovac\u00edch syst\u00e9m\u016f neust\u00e1le optimalizujeme v\u00fdrobn\u00ed platformu, zlep\u0161ujeme proces kontroly kvality v\u00fdrobk\u016f a m\u00e1me siln\u00e9 inova\u010dn\u00ed schopnosti. Na\u0161\u00edm c\u00edlem je uspokojovat rozmanit\u00e9 pot\u0159eby na\u0161ich z\u00e1kazn\u00edk\u016f s vysokou \u00fa\u010dinnost\u00ed, p\u0159esnost\u00ed a vysoce kvalitn\u00edmi produkty.<\/p>\n<p><img decoding=\"async\" src=\"https:\/\/www.hydraulic-cylinders.net\/wp-content\/uploads\/2025\/01\/songte-company-4.webp\" alt=\"Image spole\u010dnosti\"><br \/>\n<img decoding=\"async\" src=\"https:\/\/www.hydraulic-cylinders.net\/wp-content\/uploads\/2025\/01\/songte-company-3.webp\" alt=\"Image spole\u010dnosti\"><\/p>\n<p>Na\u0161e spole\u010dnost poskytuje profesion\u00e1ln\u00ed slu\u017eby, mezin\u00e1rodn\u00ed certifikace, slu\u017eby na m\u00edru, v\u00fdrobn\u00ed za\u0159\u00edzen\u00ed a poprodejn\u00ed servis. Sna\u017e\u00edme se poskytovat nejlep\u0161\u00ed z\u00e1kaznickou zku\u0161enost a spokojenost.<\/p>\n<p>Autor: lyl<\/p>","protected":false},"excerpt":{"rendered":"<p>Arm Cylinder For SDLG Small Excavator LG685 Introduction Arm cylinder is a specially designed hydraulic cylinder that is primarily used to provide linear movement and power to the arm of various types of machinery such as excavators, cranes, and mechanical arms. The arm cylinder plays a critical role in the hydraulic system, enabling attachments or [&hellip;]<\/p>","protected":false},"featured_media":14763,"comment_status":"open","ping_status":"closed","template":"","meta":{"_et_pb_use_builder":"","_et_pb_old_content":"","_et_gb_content_width":""},"product_brand":[],"product_cat":[1497],"product_tag":[1498,1496],"class_list":{"0":"post-16574","1":"product","2":"type-product","3":"status-publish","4":"has-post-thumbnail","6":"product_cat-arm-cylinders","7":"product_tag-arm-cylinders","8":"product_tag-hydraulic-cylinders","10":"first","11":"instock","12":"shipping-taxable","13":"product-type-simple"},"amp_enabled":true,"_links":{"self":[{"href":"https:\/\/www.hydraulic-cylinders.net\/cs\/wp-json\/wp\/v2\/product\/16574","targetHints":{"allow":["GET"]}}],"collection":[{"href":"https:\/\/www.hydraulic-cylinders.net\/cs\/wp-json\/wp\/v2\/product"}],"about":[{"href":"https:\/\/www.hydraulic-cylinders.net\/cs\/wp-json\/wp\/v2\/types\/product"}],"replies":[{"embeddable":true,"href":"https:\/\/www.hydraulic-cylinders.net\/cs\/wp-json\/wp\/v2\/comments?post=16574"}],"wp:featuredmedia":[{"embeddable":true,"href":"https:\/\/www.hydraulic-cylinders.net\/cs\/wp-json\/wp\/v2\/media\/14763"}],"wp:attachment":[{"href":"https:\/\/www.hydraulic-cylinders.net\/cs\/wp-json\/wp\/v2\/media?parent=16574"}],"wp:term":[{"taxonomy":"product_brand","embeddable":true,"href":"https:\/\/www.hydraulic-cylinders.net\/cs\/wp-json\/wp\/v2\/product_brand?post=16574"},{"taxonomy":"product_cat","embeddable":true,"href":"https:\/\/www.hydraulic-cylinders.net\/cs\/wp-json\/wp\/v2\/product_cat?post=16574"},{"taxonomy":"product_tag","embeddable":true,"href":"https:\/\/www.hydraulic-cylinders.net\/cs\/wp-json\/wp\/v2\/product_tag?post=16574"}],"curies":[{"name":"wp","href":"https:\/\/api.w.org\/{rel}","templated":true}]}}